{"id":872,"date":"2020-05-26T17:36:46","date_gmt":"2020-05-26T15:36:46","guid":{"rendered":"https:\/\/maisonecodistribution.fr\/?post_type=product&#038;p=872"},"modified":"2026-01-26T13:41:07","modified_gmt":"2026-01-26T12:41:07","slug":"wood-bliss-high-c","status":"publish","type":"product","link":"https:\/\/maisonecodistribution.com\/eboutique\/produit\/wood-bliss-high-c\/","title":{"rendered":"WOOD BLISS High-C"},"content":{"rendered":"<p>L\u2019effet est imm\u00e9diat en pr\u00e9sence d\u2019une attaque du bois par les insectes nuisibles et les moisissures. Le Wood Bliss High-C <strong>ignifuge le bois de construction<\/strong> selon la norme EN 13501-1.<\/p>\n<p>De par sa forte alcalinit\u00e9, un <strong>changement de teinte plus ou moins important<\/strong> est observ\u00e9 (ch\u00eane, ch\u00e2taignier\u2026). Faites des essais pr\u00e9alables ! Pour un traitement incolore (parquets, meubles, ch\u00e2ssis\u2026), voir <a href=\"https:\/\/maisonecodistribution.fr\/produit\/hm1\/\" target=\"_blank\" rel=\"noopener noreferrer\">HM16<\/a>.<\/p>\n<p>Pr\u00e9cautions d\u2019emploi\u00a0: Portez des gants et prot\u00e9gez vos yeux. Prot\u00e9gez les surfaces m\u00e9talliques, vitr\u00e9es (fen\u00eatres, lunettes\u2026risque de taches irr\u00e9versibles), les pierres naturelles, l\u2019aluminium, les surfaces laqu\u00e9es, les sols\u2026 En cas d\u2019\u00e9claboussures, rincez imm\u00e9diatement et abondamment \u00e0 l&rsquo;eau.<\/p>\n<p><b>Les + du produit :<\/b><\/p>\n<ul>\n<li>Traitement pr\u00e9ventif et curatif pour toutes les cat\u00e9gories de bois int\u00e9rieurs et ext\u00e9rieurs : charpentes, ossatures, poutres, ma\u00e7onneries&#8230;sauf pour les parquets, les ch\u00e2ssis et le mobilier (changement de teinte \u00e0 l\u2019application)<\/li>\n<li>Action ignifuge\u00a0: protection du bois contre la propagation du feu et la formation de fum\u00e9e.<\/li>\n<li>Consolidation et renforcement de vieux bois endommag\u00e9s.<\/li>\n<li>Proc\u00e9d\u00e9 brevet\u00e9 dans le monde entier dont l\u2019action ne diminue pas dans le temps, au contraire, elle augmente.<\/li>\n<li>Ne contient ni insecticide, ni biocide.<\/li>\n<\/ul>\n<p><strong>Quel produit choisir entre le HM16, le Wood Bliss\u00ae et le Wood Bliss\u00ae High-C ?\u00a0<\/strong><\/p>\n<p>La question \u00e0 se poser est : \u00ab est-il important de conserver la teinte du bois ? \u00bb. Si oui, alors optez pour le HM16. Si non, alors optez pour le <a href=\"https:\/\/maisonecodistribution.fr\/produit\/wood-bliss\/\" target=\"_blank\" rel=\"noopener noreferrer\">Wood Bliss<\/a>. Le Wood Bliss\u00ae \u00e0 un spectre d\u2019action complet. Dans le cas de r\u00e9cidive ou d\u2019action contre le capricorne, vous terminerez par l\u2019injection du Wood Bliss\u00ae High-C dans le bois. Dans un contexte de m\u00e9rule, vous terminerez le traitement avec le <a href=\"https:\/\/maisonecodistribution.fr\/produit\/wood-bliss-high-c\/\" target=\"_blank\" rel=\"noopener noreferrer\">Wood Bliss\u00ae High-C<\/a>, par badigeonnage.<\/p>\n<div  class='tabcontainer av-w1a2s-421fcc50b6ad35202a86b6fd3e7b11b1 top_tab  avia-builder-el-0  avia-builder-el-no-sibling '>\n<section class='av_tab_section av_tab_section av-raeuc-3ca0ff038ff76ed26b9240b8bb3516e9'  itemscope=\"itemscope\" itemtype=\"https:\/\/schema.org\/CreativeWork\" ><div id='tab-id-1-tab' class='tab active_tab' role='tab' aria-selected=\"true\" tabindex=\"0\" data-fake-id='#tab-id-1' aria-controls='tab-id-1-content'  itemprop=\"headline\" ><span class='tab_icon avia-iconfont avia-font-entypo-fontello' data-av_icon='\ue84b' data-av_iconfont='entypo-fontello' ><\/span>Fiches Techniques<\/div><div id='tab-id-1-content' class='tab_content active_tab_content' role='tabpanel' aria-labelledby='tab-id-1-tab' aria-hidden=\"false\"><div class='tab_inner_content invers-color'  itemprop=\"text\" ><div  class='avia-button-wrap av-igylo-c4556c64ccf62b4ec53dd2efcc62c08a-wrap avia-button-left  avia-builder-el-1  avia-builder-el-no-sibling '><a href='https:\/\/maisonecodistribution.com\/eboutique\/wp-content\/uploads\/2020\/05\/4055-WoodBliss-high-C-Galtane-2020.pdf'  class='avia-button av-igylo-c4556c64ccf62b4ec53dd2efcc62c08a av-link-btn avia-icon_select-yes-left-icon avia-size-small avia-position-left av-icon-on-hover avia-color-theme-color'  target=\"_blank\"  rel=\"noopener noreferrer\"  aria-label=\"T\u00e9l\u00e9charger la fiche technique (PDF)\"><span class='avia_button_icon avia_button_icon_left avia-iconfont avia-font-entypo-fontello' data-av_icon='\ue82d' data-av_iconfont='entypo-fontello' ><\/span><span class='avia_iconbox_title' >T\u00e9l\u00e9charger la fiche technique (PDF)<\/span><\/a><\/div>\n<\/div><\/div><\/section>\n<section class='av_tab_section av_tab_section av-f3tho-673245044c8cd2155e38098f98d96955'  itemscope=\"itemscope\" itemtype=\"https:\/\/schema.org\/CreativeWork\" ><div id='tab-id-2-tab' class='tab' role='tab' aria-selected=\"false\" tabindex=\"0\" data-fake-id='#tab-id-2' aria-controls='tab-id-2-content'  itemprop=\"headline\" ><span class='tab_icon avia-iconfont avia-font-entypo-fontello' data-av_icon='\ue81f' data-av_iconfont='entypo-fontello' ><\/span>\u00c0 propos de la marque<\/div><div id='tab-id-2-content' class='tab_content' role='tabpanel' aria-labelledby='tab-id-2-tab' aria-hidden=\"true\"><div class='tab_inner_content invers-color'  itemprop=\"text\" ><p><img loading=\"lazy\" decoding=\"async\" class=\"wp-image-855 alignleft\" src=\"https:\/\/maisonecodistribution.fr\/wp-content\/uploads\/2020\/05\/galtane.png\" alt=\"\" width=\"141\" height=\"141\" srcset=\"https:\/\/maisonecodistribution.com\/eboutique\/wp-content\/uploads\/2020\/05\/galtane.png 300w, https:\/\/maisonecodistribution.com\/eboutique\/wp-content\/uploads\/2020\/05\/galtane-80x80.png 80w, https:\/\/maisonecodistribution.com\/eboutique\/wp-content\/uploads\/2020\/05\/galtane-36x36.png 36w, https:\/\/maisonecodistribution.com\/eboutique\/wp-content\/uploads\/2020\/05\/galtane-180x180.png 180w, https:\/\/maisonecodistribution.com\/eboutique\/wp-content\/uploads\/2020\/05\/galtane-100x100.png 100w\" sizes=\"auto, (max-width: 141px) 100vw, 141px\" \/><\/p>\n<p><a href=\"http:\/\/v\" target=\"_blank\" rel=\"noopener noreferrer\">Galtane<\/a> est engag\u00e9e depuis 2003 dans une d\u00e9marche de d\u00e9veloppement durable. La marque r\u00e9pond \u00e0 tous les projets, tant \u00e0 l\u2019int\u00e9rieur qu\u2019\u00e0 l\u2019ext\u00e9rieur, avec une gamme compl\u00e8te de produits pour les murs, pour le traitement du bois et des produits d\u2019entretien.<\/p>\n<p>Les produits Galtane r\u00e9pondent aux crit\u00e8res les plus exigeants pour garantir un environnement sain, d\u00e9pourvu de composants toxiques ou allergiques. Chacun des ingr\u00e9dients qui composent ces produits est choisi avec soin pour minimiser son impact sur l&rsquo;environnement. La transparence des ingr\u00e9dients, indiqu\u00e9s sur les \u00e9tiquettes, et la volont\u00e9 de travailler en circuit court compl\u00e8tent les caract\u00e9ristiques innovantes de Galtane.<\/p>\n<\/div><\/div><\/section>\n<section class='av_tab_section av_tab_section av-a4nn8-51255d398f2397d9e0b34ca3e4c5aa18'  itemscope=\"itemscope\" itemtype=\"https:\/\/schema.org\/CreativeWork\" ><div id='tab-id-3-tab' class='tab' role='tab' aria-selected=\"false\" tabindex=\"0\" data-fake-id='#tab-id-3' aria-controls='tab-id-3-content'  itemprop=\"headline\" ><span class='tab_icon avia-iconfont avia-font-entypo-fontello' data-av_icon='\ue817' data-av_iconfont='entypo-fontello' ><\/span>Plus d\u2019informations <\/div><div id='tab-id-3-content' class='tab_content' role='tabpanel' aria-labelledby='tab-id-3-tab' aria-hidden=\"true\"><div class='tab_inner_content invers-color'  itemprop=\"text\" ><table>\n<tbody>\n<tr>\n<td><b>PRODUIT<\/b><\/td>\n<td>\n<p style=\"text-align: center;\"><b>Prix HT<\/b><\/p>\n<\/td>\n<td>\n<p style=\"text-align: center;\"><b>Prix TTC<\/b><\/p>\n<\/td>\n<\/tr>\n<tr>\n<td>WOOD BLISS HIGH C &#8211; 1L<\/td>\n<td>\n<p style=\"text-align: center;\">44,42 \u20ac \/ unit\u00e9<\/p>\n<\/td>\n<td>\n<p style=\"text-align: center;\">53,30 \u20ac \/ unit\u00e9<\/p>\n<\/td>\n<\/tr>\n<tr>\n<td>WOOD BLISS HIGH C &#8211; 5L<\/td>\n<td>\n<p style=\"text-align: center;\">200,92 \u20ac\/ unit\u00e9<\/p>\n<\/td>\n<td>\n<p style=\"text-align: center;\">241,10 \u20ac \/ unit\u00e9<\/p>\n<\/td>\n<\/tr>\n<\/tbody>\n<\/table>\n<\/div><\/div><\/section>\n<\/div>\n","protected":false},"excerpt":{"rendered":"<p>Wood Bliss \u00ae High-C est un <strong>produit naturel de traitement du bois<\/strong>, dont l\u2019action est<strong> ignifuge, curative et pr\u00e9ventive<\/strong>. En plus du <a href=\"https:\/\/maisonecodistribution.fr\/produit\/wood-bliss\/\" target=\"_blank\" rel=\"noopener noreferrer\">Wood Bliss<\/a>, le Wood Bliss High-c s&rsquo;utilisera <strong>en cas de r\u00e9cidive<\/strong> contre le capricorne et traitement final contre la m\u00e9rule, en pr\u00e9ventif pour de nouvelles pi\u00e8ces de bois qui seront plac\u00e9es dans des ma\u00e7onneries et en curatif.<\/p>\n","protected":false},"featured_media":3661,"template":"","meta":[],"product_brand":[],"product_cat":[2582,18,38],"product_tag":[],"class_list":{"0":"post-872","1":"product","2":"type-product","3":"status-publish","4":"has-post-thumbnail","6":"product_cat-galtane","7":"product_cat-decoration-finition","8":"product_cat-protection-bois-et-autres-surfaces","10":"first","11":"instock","12":"taxable","13":"shipping-taxable","14":"purchasable","15":"product-type-variable"},"yoast_head":"<!-- This site is optimized with the Yoast SEO plugin v25.1 - https:\/\/yoast.com\/wordpress\/plugins\/seo\/ -->\n<title>WOOD BLISS High-C | Traitement naturel du bois | Maison \u00c9co Distribution<\/title>\n<meta name=\"description\" content=\"Produit naturel de traitement du bois, dont l\u2019action est ignifuge, curative et pr\u00e9ventive. Tous types de bois int\u00e9rieurs ou ext\u00e9rieurs.\" \/>\n<meta name=\"robots\" content=\"index, follow, max-snippet:-1, max-image-preview:large, max-video-preview:-1\" \/>\n<link rel=\"canonical\" href=\"https:\/\/maisonecodistribution.com\/eboutique\/produit\/wood-bliss-high-c\/\" \/>\n<meta property=\"og:locale\" content=\"fr_FR\" \/>\n<meta property=\"og:type\" content=\"article\" \/>\n<meta property=\"og:title\" content=\"WOOD BLISS High-C | Traitement naturel du bois | Maison \u00c9co Distribution\" \/>\n<meta property=\"og:description\" content=\"Produit naturel de traitement du bois, dont l\u2019action est ignifuge, curative et pr\u00e9ventive. Tous types de bois int\u00e9rieurs ou ext\u00e9rieurs.\" \/>\n<meta property=\"og:url\" content=\"https:\/\/maisonecodistribution.com\/eboutique\/produit\/wood-bliss-high-c\/\" \/>\n<meta property=\"og:site_name\" content=\"Maison \u00c9co Distribution\" \/>\n<meta property=\"article:publisher\" content=\"https:\/\/www.facebook.com\/maisonecodistribution\" \/>\n<meta property=\"article:modified_time\" content=\"2026-01-26T12:41:07+00:00\" \/>\n<meta property=\"og:image\" content=\"https:\/\/maisonecodistribution.com\/eboutique\/wp-content\/uploads\/2020\/05\/4055-Wood-Bliss-High-C-Galtane-1L.png\" \/>\n\t<meta property=\"og:image:width\" content=\"600\" \/>\n\t<meta property=\"og:image:height\" content=\"750\" \/>\n\t<meta property=\"og:image:type\" content=\"image\/png\" \/>\n<meta name=\"twitter:card\" content=\"summary_large_image\" \/>\n<meta name=\"twitter:label1\" content=\"Disponibilit\u00e9\" \/>\n\t<meta name=\"twitter:data1\" content=\"En stock\" \/>\n<script type=\"application\/ld+json\" class=\"yoast-schema-graph\">{\"@context\":\"https:\/\/schema.org\",\"@graph\":[{\"@type\":[\"WebPage\",\"ItemPage\"],\"@id\":\"https:\/\/maisonecodistribution.com\/eboutique\/produit\/wood-bliss-high-c\/\",\"url\":\"https:\/\/maisonecodistribution.com\/eboutique\/produit\/wood-bliss-high-c\/\",\"name\":\"WOOD BLISS High-C | Traitement naturel du bois | Maison \u00c9co Distribution\",\"isPartOf\":{\"@id\":\"https:\/\/maisonecodistribution.com\/eboutique\/#website\"},\"primaryImageOfPage\":{\"@id\":\"https:\/\/maisonecodistribution.com\/eboutique\/produit\/wood-bliss-high-c\/#primaryimage\"},\"image\":{\"@id\":\"https:\/\/maisonecodistribution.com\/eboutique\/produit\/wood-bliss-high-c\/#primaryimage\"},\"thumbnailUrl\":\"https:\/\/maisonecodistribution.com\/eboutique\/wp-content\/uploads\/2020\/05\/4055-Wood-Bliss-High-C-Galtane-1L.png\",\"datePublished\":\"2020-05-26T15:36:46+00:00\",\"dateModified\":\"2026-01-26T12:41:07+00:00\",\"description\":\"Produit naturel de traitement du bois, dont l\u2019action est ignifuge, curative et pr\u00e9ventive. Tous types de bois int\u00e9rieurs ou ext\u00e9rieurs.\",\"breadcrumb\":{\"@id\":\"https:\/\/maisonecodistribution.com\/eboutique\/produit\/wood-bliss-high-c\/#breadcrumb\"},\"inLanguage\":\"fr-FR\",\"potentialAction\":[{\"@type\":\"ReadAction\",\"target\":[\"https:\/\/maisonecodistribution.com\/eboutique\/produit\/wood-bliss-high-c\/\"]}]},{\"@type\":\"ImageObject\",\"inLanguage\":\"fr-FR\",\"@id\":\"https:\/\/maisonecodistribution.com\/eboutique\/produit\/wood-bliss-high-c\/#primaryimage\",\"url\":\"https:\/\/maisonecodistribution.com\/eboutique\/wp-content\/uploads\/2020\/05\/4055-Wood-Bliss-High-C-Galtane-1L.png\",\"contentUrl\":\"https:\/\/maisonecodistribution.com\/eboutique\/wp-content\/uploads\/2020\/05\/4055-Wood-Bliss-High-C-Galtane-1L.png\",\"width\":600,\"height\":750},{\"@type\":\"BreadcrumbList\",\"@id\":\"https:\/\/maisonecodistribution.com\/eboutique\/produit\/wood-bliss-high-c\/#breadcrumb\",\"itemListElement\":[{\"@type\":\"ListItem\",\"position\":1,\"name\":\"Home\",\"item\":\"https:\/\/maisonecodistribution.com\/eboutique\/\"},{\"@type\":\"ListItem\",\"position\":2,\"name\":\"CATALOGUE\",\"item\":\"https:\/\/maisonecodistribution.com\/eboutique\/catalogue\/\"},{\"@type\":\"ListItem\",\"position\":3,\"name\":\"WOOD BLISS High-C\"}]},{\"@type\":\"WebSite\",\"@id\":\"https:\/\/maisonecodistribution.com\/eboutique\/#website\",\"url\":\"https:\/\/maisonecodistribution.com\/eboutique\/\",\"name\":\"Maison \u00c9co Distribution\",\"description\":\"Tout pour un habitat sain\",\"publisher\":{\"@id\":\"https:\/\/maisonecodistribution.com\/eboutique\/#organization\"},\"potentialAction\":[{\"@type\":\"SearchAction\",\"target\":{\"@type\":\"EntryPoint\",\"urlTemplate\":\"https:\/\/maisonecodistribution.com\/eboutique\/?s={search_term_string}\"},\"query-input\":{\"@type\":\"PropertyValueSpecification\",\"valueRequired\":true,\"valueName\":\"search_term_string\"}}],\"inLanguage\":\"fr-FR\"},{\"@type\":\"Organization\",\"@id\":\"https:\/\/maisonecodistribution.com\/eboutique\/#organization\",\"name\":\"Maison \u00c9co Distribution\",\"url\":\"https:\/\/maisonecodistribution.com\/eboutique\/\",\"logo\":{\"@type\":\"ImageObject\",\"inLanguage\":\"fr-FR\",\"@id\":\"https:\/\/maisonecodistribution.com\/eboutique\/#\/schema\/logo\/image\/\",\"url\":\"https:\/\/maisonecodistribution.com\/eboutique\/wp-content\/uploads\/2024\/07\/logo-maison-eco-1.png\",\"contentUrl\":\"https:\/\/maisonecodistribution.com\/eboutique\/wp-content\/uploads\/2024\/07\/logo-maison-eco-1.png\",\"width\":300,\"height\":321,\"caption\":\"Maison \u00c9co Distribution\"},\"image\":{\"@id\":\"https:\/\/maisonecodistribution.com\/eboutique\/#\/schema\/logo\/image\/\"},\"sameAs\":[\"https:\/\/www.facebook.com\/maisonecodistribution\"]}]}<\/script>\n<meta property=\"og:availability\" content=\"instock\" \/>\n<meta property=\"product:availability\" content=\"instock\" \/>\n<meta property=\"product:condition\" content=\"new\" \/>\n<!-- \/ Yoast SEO plugin. -->","yoast_head_json":{"title":"WOOD BLISS High-C | Traitement naturel du bois | Maison \u00c9co Distribution","description":"Produit naturel de traitement du bois, dont l\u2019action est ignifuge, curative et pr\u00e9ventive. Tous types de bois int\u00e9rieurs ou ext\u00e9rieurs.","robots":{"index":"index","follow":"follow","max-snippet":"max-snippet:-1","max-image-preview":"max-image-preview:large","max-video-preview":"max-video-preview:-1"},"canonical":"https:\/\/maisonecodistribution.com\/eboutique\/produit\/wood-bliss-high-c\/","og_locale":"fr_FR","og_type":"article","og_title":"WOOD BLISS High-C | Traitement naturel du bois | Maison \u00c9co Distribution","og_description":"Produit naturel de traitement du bois, dont l\u2019action est ignifuge, curative et pr\u00e9ventive. Tous types de bois int\u00e9rieurs ou ext\u00e9rieurs.","og_url":"https:\/\/maisonecodistribution.com\/eboutique\/produit\/wood-bliss-high-c\/","og_site_name":"Maison \u00c9co Distribution","article_publisher":"https:\/\/www.facebook.com\/maisonecodistribution","article_modified_time":"2026-01-26T12:41:07+00:00","og_image":[{"width":600,"height":750,"url":"https:\/\/maisonecodistribution.com\/eboutique\/wp-content\/uploads\/2020\/05\/4055-Wood-Bliss-High-C-Galtane-1L.png","type":"image\/png"}],"twitter_card":"summary_large_image","twitter_misc":{"Disponibilit\u00e9":"En stock"},"schema":{"@context":"https:\/\/schema.org","@graph":[{"@type":["WebPage","ItemPage"],"@id":"https:\/\/maisonecodistribution.com\/eboutique\/produit\/wood-bliss-high-c\/","url":"https:\/\/maisonecodistribution.com\/eboutique\/produit\/wood-bliss-high-c\/","name":"WOOD BLISS High-C | Traitement naturel du bois | Maison \u00c9co Distribution","isPartOf":{"@id":"https:\/\/maisonecodistribution.com\/eboutique\/#website"},"primaryImageOfPage":{"@id":"https:\/\/maisonecodistribution.com\/eboutique\/produit\/wood-bliss-high-c\/#primaryimage"},"image":{"@id":"https:\/\/maisonecodistribution.com\/eboutique\/produit\/wood-bliss-high-c\/#primaryimage"},"thumbnailUrl":"https:\/\/maisonecodistribution.com\/eboutique\/wp-content\/uploads\/2020\/05\/4055-Wood-Bliss-High-C-Galtane-1L.png","datePublished":"2020-05-26T15:36:46+00:00","dateModified":"2026-01-26T12:41:07+00:00","description":"Produit naturel de traitement du bois, dont l\u2019action est ignifuge, curative et pr\u00e9ventive. Tous types de bois int\u00e9rieurs ou ext\u00e9rieurs.","breadcrumb":{"@id":"https:\/\/maisonecodistribution.com\/eboutique\/produit\/wood-bliss-high-c\/#breadcrumb"},"inLanguage":"fr-FR","potentialAction":[{"@type":"ReadAction","target":["https:\/\/maisonecodistribution.com\/eboutique\/produit\/wood-bliss-high-c\/"]}]},{"@type":"ImageObject","inLanguage":"fr-FR","@id":"https:\/\/maisonecodistribution.com\/eboutique\/produit\/wood-bliss-high-c\/#primaryimage","url":"https:\/\/maisonecodistribution.com\/eboutique\/wp-content\/uploads\/2020\/05\/4055-Wood-Bliss-High-C-Galtane-1L.png","contentUrl":"https:\/\/maisonecodistribution.com\/eboutique\/wp-content\/uploads\/2020\/05\/4055-Wood-Bliss-High-C-Galtane-1L.png","width":600,"height":750},{"@type":"BreadcrumbList","@id":"https:\/\/maisonecodistribution.com\/eboutique\/produit\/wood-bliss-high-c\/#breadcrumb","itemListElement":[{"@type":"ListItem","position":1,"name":"Home","item":"https:\/\/maisonecodistribution.com\/eboutique\/"},{"@type":"ListItem","position":2,"name":"CATALOGUE","item":"https:\/\/maisonecodistribution.com\/eboutique\/catalogue\/"},{"@type":"ListItem","position":3,"name":"WOOD BLISS High-C"}]},{"@type":"WebSite","@id":"https:\/\/maisonecodistribution.com\/eboutique\/#website","url":"https:\/\/maisonecodistribution.com\/eboutique\/","name":"Maison \u00c9co Distribution","description":"Tout pour un habitat sain","publisher":{"@id":"https:\/\/maisonecodistribution.com\/eboutique\/#organization"},"potentialAction":[{"@type":"SearchAction","target":{"@type":"EntryPoint","urlTemplate":"https:\/\/maisonecodistribution.com\/eboutique\/?s={search_term_string}"},"query-input":{"@type":"PropertyValueSpecification","valueRequired":true,"valueName":"search_term_string"}}],"inLanguage":"fr-FR"},{"@type":"Organization","@id":"https:\/\/maisonecodistribution.com\/eboutique\/#organization","name":"Maison \u00c9co Distribution","url":"https:\/\/maisonecodistribution.com\/eboutique\/","logo":{"@type":"ImageObject","inLanguage":"fr-FR","@id":"https:\/\/maisonecodistribution.com\/eboutique\/#\/schema\/logo\/image\/","url":"https:\/\/maisonecodistribution.com\/eboutique\/wp-content\/uploads\/2024\/07\/logo-maison-eco-1.png","contentUrl":"https:\/\/maisonecodistribution.com\/eboutique\/wp-content\/uploads\/2024\/07\/logo-maison-eco-1.png","width":300,"height":321,"caption":"Maison \u00c9co Distribution"},"image":{"@id":"https:\/\/maisonecodistribution.com\/eboutique\/#\/schema\/logo\/image\/"},"sameAs":["https:\/\/www.facebook.com\/maisonecodistribution"]}]},"og_availability":"instock","product_availability":"instock","product_condition":"new"},"_links":{"self":[{"href":"https:\/\/maisonecodistribution.com\/eboutique\/wp-json\/wp\/v2\/product\/872","targetHints":{"allow":["GET"]}}],"collection":[{"href":"https:\/\/maisonecodistribution.com\/eboutique\/wp-json\/wp\/v2\/product"}],"about":[{"href":"https:\/\/maisonecodistribution.com\/eboutique\/wp-json\/wp\/v2\/types\/product"}],"wp:featuredmedia":[{"embeddable":true,"href":"https:\/\/maisonecodistribution.com\/eboutique\/wp-json\/wp\/v2\/media\/3661"}],"wp:attachment":[{"href":"https:\/\/maisonecodistribution.com\/eboutique\/wp-json\/wp\/v2\/media?parent=872"}],"wp:term":[{"taxonomy":"product_brand","embeddable":true,"href":"https:\/\/maisonecodistribution.com\/eboutique\/wp-json\/wp\/v2\/product_brand?post=872"},{"taxonomy":"product_cat","embeddable":true,"href":"https:\/\/maisonecodistribution.com\/eboutique\/wp-json\/wp\/v2\/product_cat?post=872"},{"taxonomy":"product_tag","embeddable":true,"href":"https:\/\/maisonecodistribution.com\/eboutique\/wp-json\/wp\/v2\/product_tag?post=872"}],"curies":[{"name":"wp","href":"https:\/\/api.w.org\/{rel}","templated":true}]}}