{"id":817,"date":"2020-05-19T17:11:45","date_gmt":"2020-05-19T15:11:45","guid":{"rendered":"https:\/\/maisonecodistribution.fr\/?post_type=product&#038;p=817"},"modified":"2025-04-28T08:30:49","modified_gmt":"2025-04-28T06:30:49","slug":"bricolisse","status":"publish","type":"product","link":"https:\/\/maisonecodistribution.com\/eboutique\/produit\/bricolisse\/","title":{"rendered":"BRICOLISSE"},"content":{"rendered":"<p>Avec ses <strong>multiples fonctions et avantages<\/strong>, BRICOLISSE\u00ae convient aux<strong> professionnels<\/strong> (artisans, peintres, pl\u00e2triers, plaquistes), comme aux <strong>particuliers<\/strong> (b\u00e2tisseurs, r\u00e9novateurs, d\u00e9corateurs, adeptes du bricolage). Il peut \u00e9galement s\u2019employer dans les situations suivantes :<br \/>\n&#8211; Fabrication de pierres d\u00e9coratives imitation craie blanche (artisanat)<br \/>\n&#8211; Pose de cr\u00e9pis cir\u00e9s ou vernis (particuliers et professionnels)<br \/>\n&#8211; Colle pour isolants thermiques ou phoniques en plaques, ex : fibres de bois, plaques vermicelles (particuliers et professionnels)<br \/>\n&#8211; Collage de briques murales d\u00e9coratives (particuliers et professionnels)<br \/>\n&#8211; Collage de carrelages muraux ; joint ciment sur pl\u00e2tre (particuliers)<br \/>\n&#8211; Couche d&rsquo;accroche sur bon nombre de mat\u00e9riaux avant peinture, tapissage ou cr\u00e9pi d\u00e9coratif (particuliers et professionnels)<br \/>\n&#8211; Colle pour trame arm\u00e9e, d\u00e9corative ou ennoy\u00e9e avec finition lisse (particuliers et professionnels)<br \/>\n&#8211; Peinture de blanchissement \u00e9tal\u00e9 au rouleau lorsqu\u2019il est utilis\u00e9 avec un taux de g\u00e2chage sup\u00e9rieur \u00e0 75% (particuliers)<\/p>\n<p><b>Les + du produit\u00a0:\u00a0<\/b><\/p>\n<ul>\n<li>Respect de l&rsquo;environnement : BRICOLISSE est recyclable dans toute d\u00e9charge pr\u00e9vue \u00e0 cet effet au m\u00eame titre que la terre, le sable ou la pierre\u2026<\/li>\n<li>Produit naturel pour le bien \u00eatre des applicateurs et qui assure un air sain dans les lieux de vie (teneur en COV totaux qui est cent fois inf\u00e9rieure \u00e0 la classe A+)<\/li>\n<li>Produit \u00e9conomique et tr\u00e8s polyvalent<\/li>\n<li>Formule qualitative, contr\u00f4l\u00e9e r\u00e9guli\u00e8rement pour assurer la satisfaction des professionnels et des particuliers : finesse, qualit\u00e9, adh\u00e9rence, collant, temps de prise, absence de fissuration, etc\u2026<\/li>\n<\/ul>\n<div  class='tabcontainer av-w1a2s-421fcc50b6ad35202a86b6fd3e7b11b1 top_tab  avia-builder-el-0  avia-builder-el-no-sibling '>\n<section class='av_tab_section av_tab_section av-raeuc-3ca0ff038ff76ed26b9240b8bb3516e9'  itemscope=\"itemscope\" itemtype=\"https:\/\/schema.org\/CreativeWork\" ><div id='tab-id-1-tab' class='tab active_tab' role='tab' aria-selected=\"true\" tabindex=\"0\" data-fake-id='#tab-id-1' aria-controls='tab-id-1-content'  itemprop=\"headline\" ><span class='tab_icon avia-iconfont avia-font-entypo-fontello' data-av_icon='\ue84b' data-av_iconfont='entypo-fontello' ><\/span>Fiches Techniques<\/div><div id='tab-id-1-content' class='tab_content active_tab_content' role='tabpanel' aria-labelledby='tab-id-1-tab' aria-hidden=\"false\"><div class='tab_inner_content invers-color'  itemprop=\"text\" ><div  class='avia-button-wrap av-igylo-42478dc43706da667e2e737bd7027215-wrap avia-button-left  avia-builder-el-1  avia-builder-el-no-sibling '><a href='https:\/\/maisonecodistribution.com\/eboutique\/wp-content\/uploads\/2020\/05\/fiche.pdf'  class='avia-button av-igylo-42478dc43706da667e2e737bd7027215 av-link-btn avia-icon_select-yes-left-icon avia-size-small avia-position-left av-icon-on-hover avia-color-theme-color'  target=\"_blank\"  rel=\"noopener noreferrer\"  aria-label=\"T\u00e9l\u00e9charger la fiche technique (PDF)\"><span class='avia_button_icon avia_button_icon_left avia-iconfont avia-font-entypo-fontello' data-av_icon='\ue82d' data-av_iconfont='entypo-fontello' ><\/span><span class='avia_iconbox_title' >T\u00e9l\u00e9charger la fiche technique (PDF)<\/span><\/a><\/div>\n<\/div><\/div><\/section>\n<section class='av_tab_section av_tab_section av-f3tho-673245044c8cd2155e38098f98d96955'  itemscope=\"itemscope\" itemtype=\"https:\/\/schema.org\/CreativeWork\" ><div id='tab-id-2-tab' class='tab' role='tab' aria-selected=\"false\" tabindex=\"0\" data-fake-id='#tab-id-2' aria-controls='tab-id-2-content'  itemprop=\"headline\" ><span class='tab_icon avia-iconfont avia-font-entypo-fontello' data-av_icon='\ue81f' data-av_iconfont='entypo-fontello' ><\/span>\u00c0 propos de la marque<\/div><div id='tab-id-2-content' class='tab_content' role='tabpanel' aria-labelledby='tab-id-2-tab' aria-hidden=\"true\"><div class='tab_inner_content invers-color'  itemprop=\"text\" ><p><img loading=\"lazy\" decoding=\"async\" class=\"wp-image-823 alignleft\" src=\"https:\/\/maisonecodistribution.fr\/wp-content\/uploads\/2020\/05\/lisse-296x255-1-180x180.png\" alt=\"\" width=\"87\" height=\"87\" srcset=\"https:\/\/maisonecodistribution.com\/eboutique\/wp-content\/uploads\/2020\/05\/lisse-296x255-1-180x180.png 180w, https:\/\/maisonecodistribution.com\/eboutique\/wp-content\/uploads\/2020\/05\/lisse-296x255-1-80x80.png 80w, https:\/\/maisonecodistribution.com\/eboutique\/wp-content\/uploads\/2020\/05\/lisse-296x255-1-36x36.png 36w, https:\/\/maisonecodistribution.com\/eboutique\/wp-content\/uploads\/2020\/05\/lisse-296x255-1-100x100.png 100w\" sizes=\"auto, (max-width: 87px) 100vw, 87px\" \/><a href=\"https:\/\/www.bricolisse.com\/\" target=\"_blank\" rel=\"noopener noreferrer\">Lisse Eclair<\/a> est une entreprise familiale et artisanale fran\u00e7aise qui\u00a0 produit et commercialise depuis 1980 le premier multi-fonctions construction d\u00e9nomm\u00e9 BRICOLISSE\u00ae.<\/p>\n<\/div><\/div><\/section>\n<section class='av_tab_section av_tab_section av-a4nn8-51255d398f2397d9e0b34ca3e4c5aa18'  itemscope=\"itemscope\" itemtype=\"https:\/\/schema.org\/CreativeWork\" ><div id='tab-id-3-tab' class='tab' role='tab' aria-selected=\"false\" tabindex=\"0\" data-fake-id='#tab-id-3' aria-controls='tab-id-3-content'  itemprop=\"headline\" ><span class='tab_icon avia-iconfont avia-font-entypo-fontello' data-av_icon='\ue817' data-av_iconfont='entypo-fontello' ><\/span>Plus d\u2019informations <\/div><div id='tab-id-3-content' class='tab_content' role='tabpanel' aria-labelledby='tab-id-3-tab' aria-hidden=\"true\"><div class='tab_inner_content invers-color'  itemprop=\"text\" ><table>\n<tbody>\n<tr>\n<td style=\"text-align: center;\"><b>PRODUIT<\/b><\/td>\n<td>\n<p style=\"text-align: center;\"><b>Prix HT<\/b><\/p>\n<\/td>\n<td>\n<p style=\"text-align: center;\"><b>Prix TTC<\/b><\/p>\n<\/td>\n<\/tr>\n<tr>\n<td>BRICOLISSE 5 KG<\/td>\n<td>\n<p style=\"text-align: center;\">13,29 \u20ac \/ unit\u00e9<\/p>\n<\/td>\n<td>\n<p style=\"text-align: center;\">15,95 \u20ac \/ unit\u00e9<\/p>\n<\/td>\n<\/tr>\n<tr>\n<td>BRICOLISSE 10 KG<\/td>\n<td>\n<p style=\"text-align: center;\">21,08 \u20ac \/ unit\u00e9<\/p>\n<\/td>\n<td>\n<p style=\"text-align: center;\">25,29 \u20ac \/ unit\u00e9<\/p>\n<\/td>\n<\/tr>\n<tr>\n<td>BRICOLISSE 25 KG<\/td>\n<td>\n<p style=\"text-align: center;\">41,04 \u20ac \/ unit\u00e9<\/p>\n<\/td>\n<td>\n<p style=\"text-align: center;\">49,25 \u20ac \/ unit\u00e9<\/p>\n<\/td>\n<\/tr>\n<\/tbody>\n<\/table>\n<\/div><\/div><\/section>\n<\/div>\n","protected":false},"excerpt":{"rendered":"<p>Bricolisse est un <strong>enduit multifonctions, naturel et 100% \u00e9cologique<\/strong>.<\/p>\n<p>Il peut servir comme <strong>colle<\/strong> hautes performances pour tous mat\u00e9riaux absorbants, <strong>reboucheur<\/strong> tr\u00e8s \u00e9conomique, <strong>enduit extra fin<\/strong> pour toutes finitions (supports endommag\u00e9s, restaurations, fissures, lissages impeccables) et <strong>enduit d\u00e9coratif<\/strong> au rapport qualit\u00e9\/prix exceptionnel.<\/p>\n","protected":false},"featured_media":821,"template":"","meta":[],"product_brand":[],"product_cat":[2593,1654,32],"product_tag":[],"class_list":{"0":"post-817","1":"product","2":"type-product","3":"status-publish","4":"has-post-thumbnail","6":"product_cat-lisse-eclair","7":"product_cat-grosoeuvre-bois","8":"product_cat-gros-oeuvre","10":"first","11":"outofstock","12":"taxable","13":"shipping-taxable","14":"purchasable","15":"product-type-variable"},"yoast_head":"<!-- This site is optimized with the Yoast SEO plugin v25.1 - https:\/\/yoast.com\/wordpress\/plugins\/seo\/ -->\n<title>BRICOLISSE | Enduit multifonctions, naturel et 100% \u00e9cologique | Maison \u00c9co Distribution<\/title>\n<meta name=\"description\" content=\"Bricolisse est un enduit multifonctions et \u00e9conomique pour tous vos travaux. Il peut servir comme colle, reboucheur, enduit extra fin et enduit d\u00e9coratif\" \/>\n<meta name=\"robots\" content=\"index, follow, max-snippet:-1, max-image-preview:large, max-video-preview:-1\" \/>\n<link rel=\"canonical\" href=\"https:\/\/maisonecodistribution.com\/eboutique\/produit\/bricolisse\/\" \/>\n<meta property=\"og:locale\" content=\"fr_FR\" \/>\n<meta property=\"og:type\" content=\"article\" \/>\n<meta property=\"og:title\" content=\"BRICOLISSE | Enduit multifonctions, naturel et 100% \u00e9cologique | Maison \u00c9co Distribution\" \/>\n<meta property=\"og:description\" content=\"Bricolisse est un enduit multifonctions et \u00e9conomique pour tous vos travaux. Il peut servir comme colle, reboucheur, enduit extra fin et enduit d\u00e9coratif\" \/>\n<meta property=\"og:url\" content=\"https:\/\/maisonecodistribution.com\/eboutique\/produit\/bricolisse\/\" \/>\n<meta property=\"og:site_name\" content=\"Maison \u00c9co Distribution\" \/>\n<meta property=\"article:publisher\" content=\"https:\/\/www.facebook.com\/maisonecodistribution\" \/>\n<meta property=\"article:modified_time\" content=\"2025-04-28T06:30:49+00:00\" \/>\n<meta property=\"og:image\" content=\"https:\/\/maisonecodistribution.com\/eboutique\/wp-content\/uploads\/2020\/05\/bricolisse-25kg-maisoneco-1.jpg\" \/>\n\t<meta property=\"og:image:width\" content=\"500\" \/>\n\t<meta property=\"og:image:height\" content=\"500\" \/>\n\t<meta property=\"og:image:type\" content=\"image\/jpeg\" \/>\n<meta name=\"twitter:card\" content=\"summary_large_image\" \/>\n<meta name=\"twitter:label1\" content=\"Disponibilit\u00e9\" \/>\n\t<meta name=\"twitter:data1\" content=\"Rupture de stock\" \/>\n<script type=\"application\/ld+json\" class=\"yoast-schema-graph\">{\"@context\":\"https:\/\/schema.org\",\"@graph\":[{\"@type\":[\"WebPage\",\"ItemPage\"],\"@id\":\"https:\/\/maisonecodistribution.com\/eboutique\/produit\/bricolisse\/\",\"url\":\"https:\/\/maisonecodistribution.com\/eboutique\/produit\/bricolisse\/\",\"name\":\"BRICOLISSE | Enduit multifonctions, naturel et 100% \u00e9cologique | Maison \u00c9co Distribution\",\"isPartOf\":{\"@id\":\"https:\/\/maisonecodistribution.com\/eboutique\/#website\"},\"primaryImageOfPage\":{\"@id\":\"https:\/\/maisonecodistribution.com\/eboutique\/produit\/bricolisse\/#primaryimage\"},\"image\":{\"@id\":\"https:\/\/maisonecodistribution.com\/eboutique\/produit\/bricolisse\/#primaryimage\"},\"thumbnailUrl\":\"https:\/\/maisonecodistribution.com\/eboutique\/wp-content\/uploads\/2020\/05\/bricolisse-25kg-maisoneco-1.jpg\",\"datePublished\":\"2020-05-19T15:11:45+00:00\",\"dateModified\":\"2025-04-28T06:30:49+00:00\",\"description\":\"Bricolisse est un enduit multifonctions et \u00e9conomique pour tous vos travaux. Il peut servir comme colle, reboucheur, enduit extra fin et enduit d\u00e9coratif\",\"breadcrumb\":{\"@id\":\"https:\/\/maisonecodistribution.com\/eboutique\/produit\/bricolisse\/#breadcrumb\"},\"inLanguage\":\"fr-FR\",\"potentialAction\":[{\"@type\":\"ReadAction\",\"target\":[\"https:\/\/maisonecodistribution.com\/eboutique\/produit\/bricolisse\/\"]}]},{\"@type\":\"ImageObject\",\"inLanguage\":\"fr-FR\",\"@id\":\"https:\/\/maisonecodistribution.com\/eboutique\/produit\/bricolisse\/#primaryimage\",\"url\":\"https:\/\/maisonecodistribution.com\/eboutique\/wp-content\/uploads\/2020\/05\/bricolisse-25kg-maisoneco-1.jpg\",\"contentUrl\":\"https:\/\/maisonecodistribution.com\/eboutique\/wp-content\/uploads\/2020\/05\/bricolisse-25kg-maisoneco-1.jpg\",\"width\":500,\"height\":500,\"caption\":\"enduit multifonction bricolisse\"},{\"@type\":\"BreadcrumbList\",\"@id\":\"https:\/\/maisonecodistribution.com\/eboutique\/produit\/bricolisse\/#breadcrumb\",\"itemListElement\":[{\"@type\":\"ListItem\",\"position\":1,\"name\":\"Home\",\"item\":\"https:\/\/maisonecodistribution.com\/eboutique\/\"},{\"@type\":\"ListItem\",\"position\":2,\"name\":\"CATALOGUE\",\"item\":\"https:\/\/maisonecodistribution.com\/eboutique\/catalogue\/\"},{\"@type\":\"ListItem\",\"position\":3,\"name\":\"BRICOLISSE\"}]},{\"@type\":\"WebSite\",\"@id\":\"https:\/\/maisonecodistribution.com\/eboutique\/#website\",\"url\":\"https:\/\/maisonecodistribution.com\/eboutique\/\",\"name\":\"Maison \u00c9co Distribution\",\"description\":\"Tout pour un habitat sain\",\"publisher\":{\"@id\":\"https:\/\/maisonecodistribution.com\/eboutique\/#organization\"},\"potentialAction\":[{\"@type\":\"SearchAction\",\"target\":{\"@type\":\"EntryPoint\",\"urlTemplate\":\"https:\/\/maisonecodistribution.com\/eboutique\/?s={search_term_string}\"},\"query-input\":{\"@type\":\"PropertyValueSpecification\",\"valueRequired\":true,\"valueName\":\"search_term_string\"}}],\"inLanguage\":\"fr-FR\"},{\"@type\":\"Organization\",\"@id\":\"https:\/\/maisonecodistribution.com\/eboutique\/#organization\",\"name\":\"Maison \u00c9co Distribution\",\"url\":\"https:\/\/maisonecodistribution.com\/eboutique\/\",\"logo\":{\"@type\":\"ImageObject\",\"inLanguage\":\"fr-FR\",\"@id\":\"https:\/\/maisonecodistribution.com\/eboutique\/#\/schema\/logo\/image\/\",\"url\":\"https:\/\/maisonecodistribution.com\/eboutique\/wp-content\/uploads\/2024\/07\/logo-maison-eco-1.png\",\"contentUrl\":\"https:\/\/maisonecodistribution.com\/eboutique\/wp-content\/uploads\/2024\/07\/logo-maison-eco-1.png\",\"width\":300,\"height\":321,\"caption\":\"Maison \u00c9co Distribution\"},\"image\":{\"@id\":\"https:\/\/maisonecodistribution.com\/eboutique\/#\/schema\/logo\/image\/\"},\"sameAs\":[\"https:\/\/www.facebook.com\/maisonecodistribution\"]}]}<\/script>\n<meta property=\"og:availability\" content=\"out of stock\" \/>\n<meta property=\"product:availability\" content=\"out of stock\" \/>\n<meta property=\"product:condition\" content=\"new\" \/>\n<!-- \/ Yoast SEO plugin. -->","yoast_head_json":{"title":"BRICOLISSE | Enduit multifonctions, naturel et 100% \u00e9cologique | Maison \u00c9co Distribution","description":"Bricolisse est un enduit multifonctions et \u00e9conomique pour tous vos travaux. Il peut servir comme colle, reboucheur, enduit extra fin et enduit d\u00e9coratif","robots":{"index":"index","follow":"follow","max-snippet":"max-snippet:-1","max-image-preview":"max-image-preview:large","max-video-preview":"max-video-preview:-1"},"canonical":"https:\/\/maisonecodistribution.com\/eboutique\/produit\/bricolisse\/","og_locale":"fr_FR","og_type":"article","og_title":"BRICOLISSE | Enduit multifonctions, naturel et 100% \u00e9cologique | Maison \u00c9co Distribution","og_description":"Bricolisse est un enduit multifonctions et \u00e9conomique pour tous vos travaux. Il peut servir comme colle, reboucheur, enduit extra fin et enduit d\u00e9coratif","og_url":"https:\/\/maisonecodistribution.com\/eboutique\/produit\/bricolisse\/","og_site_name":"Maison \u00c9co Distribution","article_publisher":"https:\/\/www.facebook.com\/maisonecodistribution","article_modified_time":"2025-04-28T06:30:49+00:00","og_image":[{"width":500,"height":500,"url":"https:\/\/maisonecodistribution.com\/eboutique\/wp-content\/uploads\/2020\/05\/bricolisse-25kg-maisoneco-1.jpg","type":"image\/jpeg"}],"twitter_card":"summary_large_image","twitter_misc":{"Disponibilit\u00e9":"Rupture de stock"},"schema":{"@context":"https:\/\/schema.org","@graph":[{"@type":["WebPage","ItemPage"],"@id":"https:\/\/maisonecodistribution.com\/eboutique\/produit\/bricolisse\/","url":"https:\/\/maisonecodistribution.com\/eboutique\/produit\/bricolisse\/","name":"BRICOLISSE | Enduit multifonctions, naturel et 100% \u00e9cologique | Maison \u00c9co Distribution","isPartOf":{"@id":"https:\/\/maisonecodistribution.com\/eboutique\/#website"},"primaryImageOfPage":{"@id":"https:\/\/maisonecodistribution.com\/eboutique\/produit\/bricolisse\/#primaryimage"},"image":{"@id":"https:\/\/maisonecodistribution.com\/eboutique\/produit\/bricolisse\/#primaryimage"},"thumbnailUrl":"https:\/\/maisonecodistribution.com\/eboutique\/wp-content\/uploads\/2020\/05\/bricolisse-25kg-maisoneco-1.jpg","datePublished":"2020-05-19T15:11:45+00:00","dateModified":"2025-04-28T06:30:49+00:00","description":"Bricolisse est un enduit multifonctions et \u00e9conomique pour tous vos travaux. Il peut servir comme colle, reboucheur, enduit extra fin et enduit d\u00e9coratif","breadcrumb":{"@id":"https:\/\/maisonecodistribution.com\/eboutique\/produit\/bricolisse\/#breadcrumb"},"inLanguage":"fr-FR","potentialAction":[{"@type":"ReadAction","target":["https:\/\/maisonecodistribution.com\/eboutique\/produit\/bricolisse\/"]}]},{"@type":"ImageObject","inLanguage":"fr-FR","@id":"https:\/\/maisonecodistribution.com\/eboutique\/produit\/bricolisse\/#primaryimage","url":"https:\/\/maisonecodistribution.com\/eboutique\/wp-content\/uploads\/2020\/05\/bricolisse-25kg-maisoneco-1.jpg","contentUrl":"https:\/\/maisonecodistribution.com\/eboutique\/wp-content\/uploads\/2020\/05\/bricolisse-25kg-maisoneco-1.jpg","width":500,"height":500,"caption":"enduit multifonction bricolisse"},{"@type":"BreadcrumbList","@id":"https:\/\/maisonecodistribution.com\/eboutique\/produit\/bricolisse\/#breadcrumb","itemListElement":[{"@type":"ListItem","position":1,"name":"Home","item":"https:\/\/maisonecodistribution.com\/eboutique\/"},{"@type":"ListItem","position":2,"name":"CATALOGUE","item":"https:\/\/maisonecodistribution.com\/eboutique\/catalogue\/"},{"@type":"ListItem","position":3,"name":"BRICOLISSE"}]},{"@type":"WebSite","@id":"https:\/\/maisonecodistribution.com\/eboutique\/#website","url":"https:\/\/maisonecodistribution.com\/eboutique\/","name":"Maison \u00c9co Distribution","description":"Tout pour un habitat sain","publisher":{"@id":"https:\/\/maisonecodistribution.com\/eboutique\/#organization"},"potentialAction":[{"@type":"SearchAction","target":{"@type":"EntryPoint","urlTemplate":"https:\/\/maisonecodistribution.com\/eboutique\/?s={search_term_string}"},"query-input":{"@type":"PropertyValueSpecification","valueRequired":true,"valueName":"search_term_string"}}],"inLanguage":"fr-FR"},{"@type":"Organization","@id":"https:\/\/maisonecodistribution.com\/eboutique\/#organization","name":"Maison \u00c9co Distribution","url":"https:\/\/maisonecodistribution.com\/eboutique\/","logo":{"@type":"ImageObject","inLanguage":"fr-FR","@id":"https:\/\/maisonecodistribution.com\/eboutique\/#\/schema\/logo\/image\/","url":"https:\/\/maisonecodistribution.com\/eboutique\/wp-content\/uploads\/2024\/07\/logo-maison-eco-1.png","contentUrl":"https:\/\/maisonecodistribution.com\/eboutique\/wp-content\/uploads\/2024\/07\/logo-maison-eco-1.png","width":300,"height":321,"caption":"Maison \u00c9co Distribution"},"image":{"@id":"https:\/\/maisonecodistribution.com\/eboutique\/#\/schema\/logo\/image\/"},"sameAs":["https:\/\/www.facebook.com\/maisonecodistribution"]}]},"og_availability":"out of stock","product_availability":"out of stock","product_condition":"new"},"_links":{"self":[{"href":"https:\/\/maisonecodistribution.com\/eboutique\/wp-json\/wp\/v2\/product\/817","targetHints":{"allow":["GET"]}}],"collection":[{"href":"https:\/\/maisonecodistribution.com\/eboutique\/wp-json\/wp\/v2\/product"}],"about":[{"href":"https:\/\/maisonecodistribution.com\/eboutique\/wp-json\/wp\/v2\/types\/product"}],"wp:featuredmedia":[{"embeddable":true,"href":"https:\/\/maisonecodistribution.com\/eboutique\/wp-json\/wp\/v2\/media\/821"}],"wp:attachment":[{"href":"https:\/\/maisonecodistribution.com\/eboutique\/wp-json\/wp\/v2\/media?parent=817"}],"wp:term":[{"taxonomy":"product_brand","embeddable":true,"href":"https:\/\/maisonecodistribution.com\/eboutique\/wp-json\/wp\/v2\/product_brand?post=817"},{"taxonomy":"product_cat","embeddable":true,"href":"https:\/\/maisonecodistribution.com\/eboutique\/wp-json\/wp\/v2\/product_cat?post=817"},{"taxonomy":"product_tag","embeddable":true,"href":"https:\/\/maisonecodistribution.com\/eboutique\/wp-json\/wp\/v2\/product_tag?post=817"}],"curies":[{"name":"wp","href":"https:\/\/api.w.org\/{rel}","templated":true}]}}