{"id":5286,"date":"2026-02-20T10:34:45","date_gmt":"2026-02-20T09:34:45","guid":{"rendered":"https:\/\/maisonecodistribution.com\/eboutique\/?post_type=product&#038;p=5286"},"modified":"2026-02-20T16:07:52","modified_gmt":"2026-02-20T15:07:52","slug":"vyb-rocket-tf-abi","status":"publish","type":"product","link":"https:\/\/maisonecodistribution.com\/eboutique\/produit\/vyb-rocket-tf-abi\/","title":{"rendered":"VYB Rocket TF ABI"},"content":{"rendered":"<div id=\"product-description-short-40\" class=\"product-desc\">\n<h3>Une technologie de pointe qui fait la diff\u00e9rence.<\/h3>\n<p>Les caract\u00e9ristiques techniques de la vis ROCKET (entaille coupante, une pointe effil\u00e9e, les stries en fond de filet, un triple c\u00f4ne plus r\u00e9sistant\u2026) et physiques (acier de qualit\u00e9, traitement thermique, lubrification s\u00e8che\u2026) en font une grande vis de qualit\u00e9.<\/p>\n<p>La vis ROCKET assure une performance nettement sup\u00e9rieure \u00e0 une vis classique en r\u00e9pondant efficacement aux principales attentes : l\u2019amorce de vissage, la r\u00e9sistance \u00e0 la rupture, l\u2019anti-fendage et la tenue dans le temps.<\/p>\n<p>L\u2019empreinte \u00e9toile assure un meilleur maintien de l\u2019embout lors du vissage et d\u00e9vissage. Il permet \u00e9galement des vissages dans des positions de travail d\u00e9licates assurant ainsi une pression suffisante pour un vissage parfait.\u00a0\u00bb<\/p>\n<p class=\"p1\"><strong>Les + produits :\u00a0<\/strong><\/p>\n<\/div>\n<div class=\"page\" title=\"Page 1\">\n<div class=\"layoutArea\">\n<div class=\"column\">\n<ul>\n<li style=\"list-style-type: none;\">\n<ul>\n<li>4 Cavit\u00e9s sous t\u00eate = Fraisage du bois et meilleur contact avec le m\u00e9tal<\/li>\n<li>Triple c\u00f4ne = Meilleure p\u00e9n\u00e9tration et haute r\u00e9sistance \u00e0 la rupture<\/li>\n<li>Acier bichromat\u00e9 lubrifi\u00e9 = vissage facile<\/li>\n<li>6 stries en fond de filet = Meilleur couple de vissage<\/li>\n<li>Pas \u00e9largi = Vissage plus rapide<\/li>\n<li>Stries et diam\u00e8tre des filets variables = Moins de frottement et batterie \u00e9conomis\u00e9e<\/li>\n<li>Entaille coupante = Suppression du fendage bois<\/li>\n<\/ul>\n<\/li>\n<\/ul>\n<p align=\"justify\"><strong>Conditionnement :<\/strong>\u00a0 Diverses quantit\u00e9s selon la taille des vis<\/p>\n<\/div>\n<\/div>\n<\/div>\n<div  class='tabcontainer av-w1a2s-421fcc50b6ad35202a86b6fd3e7b11b1 top_tab  avia-builder-el-0  avia-builder-el-no-sibling '>\n<section class='av_tab_section av_tab_section av-f3tho-673245044c8cd2155e38098f98d96955'  itemscope=\"itemscope\" itemtype=\"https:\/\/schema.org\/CreativeWork\" ><div id='tab-id-1-tab' class='tab active_tab' role='tab' aria-selected=\"true\" tabindex=\"0\" data-fake-id='#tab-id-1' aria-controls='tab-id-1-content'  itemprop=\"headline\" ><span class='tab_icon avia-iconfont avia-font-entypo-fontello' data-av_icon='\ue81f' data-av_iconfont='entypo-fontello' ><\/span>\u00c0 propos de la marque<\/div><div id='tab-id-1-content' class='tab_content active_tab_content' role='tabpanel' aria-labelledby='tab-id-1-tab' aria-hidden=\"false\"><div class='tab_inner_content invers-color'  itemprop=\"text\" ><p><img loading=\"lazy\" decoding=\"async\" class=\"wp-image-5309 size-medium alignleft\" src=\"https:\/\/maisonecodistribution.com\/eboutique\/wp-content\/uploads\/2026\/02\/promo-vis@400x-248x300.png\" alt=\"\" width=\"248\" height=\"300\" srcset=\"https:\/\/maisonecodistribution.com\/eboutique\/wp-content\/uploads\/2026\/02\/promo-vis@400x-248x300.png 248w, https:\/\/maisonecodistribution.com\/eboutique\/wp-content\/uploads\/2026\/02\/promo-vis@400x-851x1030.png 851w, https:\/\/maisonecodistribution.com\/eboutique\/wp-content\/uploads\/2026\/02\/promo-vis@400x-768x930.png 768w, https:\/\/maisonecodistribution.com\/eboutique\/wp-content\/uploads\/2026\/02\/promo-vis@400x-1269x1536.png 1269w, https:\/\/maisonecodistribution.com\/eboutique\/wp-content\/uploads\/2026\/02\/promo-vis@400x-1239x1500.png 1239w, https:\/\/maisonecodistribution.com\/eboutique\/wp-content\/uploads\/2026\/02\/promo-vis@400x-582x705.png 582w, https:\/\/maisonecodistribution.com\/eboutique\/wp-content\/uploads\/2026\/02\/promo-vis@400x-450x545.png 450w, https:\/\/maisonecodistribution.com\/eboutique\/wp-content\/uploads\/2026\/02\/promo-vis@400x-600x726.png 600w, https:\/\/maisonecodistribution.com\/eboutique\/wp-content\/uploads\/2026\/02\/promo-vis@400x.png 1673w\" sizes=\"auto, (max-width: 248px) 100vw, 248px\" \/><\/p>\n<p><a href=\"https:\/\/www.rocket.eu\/produits\/rocket-vis-bois-agglo-tete-fraisee-empreinte-etoile-acier-bichromate-vybac\/\"><span class=\"wixui-rich-text__text\">ROCKET<\/span><\/a> Vynex est le<strong> concepteur de la vis ROCKET<\/strong>. Leader dans la distribution professionnelle, la marque est pr\u00e9sente dans les n\u00e9goces de mat\u00e9riaux, de quincaillerie et fournitures industrielles ainsi que dans des magasins de Bricolage.<\/p>\n<\/div><\/div><\/section>\n<section class='av_tab_section av_tab_section av-a4nn8-51255d398f2397d9e0b34ca3e4c5aa18'  itemscope=\"itemscope\" itemtype=\"https:\/\/schema.org\/CreativeWork\" ><div id='tab-id-2-tab' class='tab' role='tab' aria-selected=\"false\" tabindex=\"0\" data-fake-id='#tab-id-2' aria-controls='tab-id-2-content'  itemprop=\"headline\" ><span class='tab_icon avia-iconfont avia-font-entypo-fontello' data-av_icon='\ue817' data-av_iconfont='entypo-fontello' ><\/span>Plus d\u2019informations <\/div><div id='tab-id-2-content' class='tab_content' role='tabpanel' aria-labelledby='tab-id-2-tab' aria-hidden=\"true\"><div class='tab_inner_content invers-color'  itemprop=\"text\" ><table>\n<tbody>\n<tr>\n<td><b>PRODUIT<\/b><\/td>\n<td>\n<p style=\"text-align: center;\"><b>Prix HT<\/b><\/p>\n<\/td>\n<td>\n<p style=\"text-align: center;\"><b>Prix TTC<\/b><\/p>\n<\/td>\n<\/tr>\n<tr>\n<td>VYB Rocket TF ABI 3 x 16 &#8211; (250 pi\u00e8ces) &#8211; 4422102<\/td>\n<td>\n<p style=\"text-align: center;\">10,48 \u20ac \/ unit\u00e9<\/p>\n<\/td>\n<td>\n<p style=\"text-align: center;\">12,58 \u20ac \/ unit\u00e9<\/p>\n<\/td>\n<\/tr>\n<tr>\n<td>VYB Rocket TF ABI 3,5 x 25 &#8211; (230 pi\u00e8ces) &#8211; 442213<\/td>\n<td>\n<p style=\"text-align: center;\">12,86 \u20ac \/ unit\u00e9<\/p>\n<\/td>\n<td>\n<p style=\"text-align: center;\">15,43 \u20ac \/ unit\u00e9<\/p>\n<\/td>\n<\/tr>\n<tr>\n<td>VYB Rocket TF ABI 3 x 30 &#8211; (230 pi\u00e8ces) &#8211; 442214<\/td>\n<td>\n<p style=\"text-align: center;\">12,78 \u20ac \/ unit\u00e9<\/p>\n<\/td>\n<td>\n<p style=\"text-align: center;\">15,34 \u20ac \/ unit\u00e9<\/p>\n<\/td>\n<\/tr>\n<tr>\n<td>VYB Rocket TF ABI 4 x 20 &#8211; (220 pi\u00e8ces) &#8211; 442221<\/td>\n<td>\n<p style=\"text-align: center;\">13,92 \u20ac \/ unit\u00e9<\/p>\n<\/td>\n<td>\n<p style=\"text-align: center;\">16,70 \u20ac \/ unit\u00e9<\/p>\n<\/td>\n<\/tr>\n<tr>\n<td>VYB Rocket TF ABI 4 x 25 &#8211; (200 pi\u00e8ces) &#8211; 442222<\/td>\n<td>\n<p style=\"text-align: center;\">12,56 \u20ac \/ unit\u00e9<\/p>\n<\/td>\n<td>\n<p style=\"text-align: center;\">15,07 \u20ac \/ unit\u00e9<\/p>\n<\/td>\n<\/tr>\n<tr>\n<td>VYB Rocket TF ABI 4 x 30 &#8211; (160 pi\u00e8ces) &#8211; 442223<\/td>\n<td>\n<p style=\"text-align: center;\">10,54 \u20ac \/ unit\u00e9<\/p>\n<\/td>\n<td>\n<p style=\"text-align: center;\">12,65 \u20ac \/ unit\u00e9<\/p>\n<\/td>\n<\/tr>\n<tr>\n<td>VYB Rocket TF ABI 4 x 35 &#8211; (150 pi\u00e8ces) &#8211; 442224<\/td>\n<td>\n<p style=\"text-align: center;\">10,70 \u20ac \/ unit\u00e9<\/p>\n<\/td>\n<td>\n<p style=\"text-align: center;\">12,84 \u20ac \/ unit\u00e9<\/p>\n<\/td>\n<\/tr>\n<tr>\n<td>SVYB Rocket TF ABI 4 x 40 &#8211; (150 pi\u00e8ces) &#8211; 442225<\/td>\n<td>\n<p style=\"text-align: center;\">12,98 \u20ac \/ unit\u00e9<\/p>\n<\/td>\n<td>\n<p style=\"text-align: center;\">15,58 \u20ac \/ unit\u00e9<\/p>\n<\/td>\n<\/tr>\n<tr>\n<td>VYB Rocket TF ABI 4 x 45 &#8211; (150 pi\u00e8ces) &#8211; 442226<\/td>\n<td>\n<p style=\"text-align: center;\">17,66 \u20ac \/ unit\u00e9<\/p>\n<\/td>\n<td>\n<p style=\"text-align: center;\">21,19 \u20ac \/ unit\u00e9<\/p>\n<\/td>\n<\/tr>\n<tr>\n<td>VYB Rocket TF ABI 4 x 50 &#8211; (140 pi\u00e8ces) &#8211; 442227<\/td>\n<td>\n<p style=\"text-align: center;\">16,56 \u20ac \/ unit\u00e9<\/p>\n<\/td>\n<td>\n<p style=\"text-align: center;\">19,87 \u20ac \/ unit\u00e9<\/p>\n<\/td>\n<\/tr>\n<tr>\n<td>VYB Rocket TF ABI 5 x 40- (150 pi\u00e8ces) &#8211; 442246<\/td>\n<td>\n<p style=\"text-align: center;\">17,78 \u20ac \/ unit\u00e9<\/p>\n<\/td>\n<td>\n<p style=\"text-align: center;\">21,34 \u20ac \/ unit\u00e9<\/p>\n<\/td>\n<\/tr>\n<tr>\n<td>VYB Rocket TF ABI 5 x 50 &#8211; (120 pi\u00e8ces) &#8211; 442248<\/td>\n<td>\n<p style=\"text-align: center;\">18,08 \u20ac \/ unit\u00e9<\/p>\n<\/td>\n<td>\n<p style=\"text-align: center;\">21,70 \u20ac \/ unit\u00e9<\/p>\n<\/td>\n<\/tr>\n<tr>\n<td>VYB Rocket TF ABI 5 x 60 &#8211; (100 pi\u00e8ces) &#8211; 442250<\/td>\n<td>\n<p style=\"text-align: center;\">16,84 \u20ac \/ unit\u00e9<\/p>\n<\/td>\n<td>\n<p style=\"text-align: center;\">20,21 \u20ac \/ unit\u00e9<\/p>\n<\/td>\n<\/tr>\n<tr>\n<td>VYB Rocket TF ABI 5 x 70 &#8211; (100 pi\u00e8ces) &#8211; 442251<\/td>\n<td>\n<p style=\"text-align: center;\">20,58 \u20ac \/ unit\u00e9<\/p>\n<\/td>\n<td>\n<p style=\"text-align: center;\">24,70 \u20ac \/ unit\u00e9<\/p>\n<\/td>\n<\/tr>\n<tr>\n<td>VYB Rocket TF ABI 5 x 80 &#8211; (100 pi\u00e8ces) &#8211; 442252<\/td>\n<td>\n<p style=\"text-align: center;\">26,86 \u20ac \/ unit\u00e9<\/p>\n<\/td>\n<td>\n<p style=\"text-align: center;\">32,23 \u20ac \/ unit\u00e9<\/p>\n<\/td>\n<\/tr>\n<tr>\n<td>VYB Rocket TF ABI 6 x 100 &#8211; (60 pi\u00e8ces) &#8211; 442265<\/td>\n<td>\n<p style=\"text-align: center;\">23,88 \u20ac \/ unit\u00e9<\/p>\n<\/td>\n<td>\n<p style=\"text-align: center;\">28,66 \u20ac \/ unit\u00e9<\/p>\n<\/td>\n<\/tr>\n<tr>\n<td>VYB Rocket TF ABI 6 x 120 &#8211; (50 pi\u00e8ces) &#8211; 442267<\/td>\n<td>\n<p style=\"text-align: center;\">23,88 \u20ac \/ unit\u00e9<\/p>\n<\/td>\n<td>\n<p style=\"text-align: center;\">28,66 \u20ac \/ unit\u00e9<\/p>\n<\/td>\n<\/tr>\n<tr>\n<td>VYB Rocket TF ABI 6 x 140 &#8211; (50 pi\u00e8ces) &#8211; 442269<\/td>\n<td>\n<p style=\"text-align: center;\">30,82 \u20ac \/ unit\u00e9<\/p>\n<\/td>\n<td>\n<p style=\"text-align: center;\">36,98 \u20ac \/ unit\u00e9<\/p>\n<\/td>\n<\/tr>\n<tr>\n<td>VYB Rocket TF ABI 6 x 60 &#8211; (100 pi\u00e8ces) &#8211; 442248<\/td>\n<td>\n<p style=\"text-align: center;\">29,32 \u20ac \/ unit\u00e9<\/p>\n<\/td>\n<td>\n<p style=\"text-align: center;\">35,18 \u20ac \/ unit\u00e9<\/p>\n<\/td>\n<\/tr>\n<tr>\n<td>VYB Rocket TF ABI 6 x 80 &#8211; (70 pi\u00e8ces) &#8211; 442263<\/td>\n<td>\n<p style=\"text-align: center;\">22,34 \u20ac \/ unit\u00e9<\/p>\n<\/td>\n<td>\n<p style=\"text-align: center;\">26,81 \u20ac \/ unit\u00e9<\/p>\n<\/td>\n<\/tr>\n<\/tbody>\n<\/table>\n<\/div><\/div><\/section>\n<\/div>\n","protected":false},"excerpt":{"rendered":"<div class=\"page\" title=\"Page 1\">\n<div class=\"layoutArea\">\n<div class=\"column\">\n<p>La vis ROCKET assure une performance nettement sup\u00e9rieure \u00e0 une vis classique en r\u00e9pondant efficacement aux principales attentes : l\u2019amorce de vissage, la r\u00e9sistance \u00e0 la rupture, l\u2019anti-fendage et la tenue dans le temps.<\/p>\n<\/div>\n<\/div>\n<\/div>\n","protected":false},"featured_media":5309,"template":"","meta":[],"product_brand":[],"product_cat":[3077,1654,33,34,32,31,21,44,43,42],"product_tag":[],"class_list":{"0":"post-5286","1":"product","2":"type-product","3":"status-publish","4":"has-post-thumbnail","6":"product_cat-rocket","7":"product_cat-grosoeuvre-bois","8":"product_cat-contreventement-chapes-cloisons","9":"product_cat-finitions-exterieures-bois","10":"product_cat-gros-oeuvre","11":"product_cat-structure-bois","12":"product_cat-quincaillerie-outillage","13":"product_cat-entretien","14":"product_cat-outils","15":"product_cat-visserie","17":"first","18":"instock","19":"sale","20":"taxable","21":"shipping-taxable","22":"purchasable","23":"product-type-variable"},"yoast_head":"<!-- This site is optimized with the Yoast SEO plugin v25.1 - https:\/\/yoast.com\/wordpress\/plugins\/seo\/ -->\n<title>VYB Rocket TF ABI | Maison \u00c9co Distribution<\/title>\n<meta name=\"description\" content=\"La vis ROCKET assure une performance nettement sup\u00e9rieure \u00e0 une vis classique en r\u00e9pondant efficacement aux principales attentes : l\u2019amorce de vissage, la r\u00e9sistance \u00e0 la rupture, l\u2019anti-fendage et la tenue dans le temps.\" \/>\n<meta name=\"robots\" content=\"index, follow, max-snippet:-1, max-image-preview:large, max-video-preview:-1\" \/>\n<link rel=\"canonical\" href=\"https:\/\/maisonecodistribution.com\/eboutique\/produit\/vyb-rocket-tf-abi\/\" \/>\n<meta property=\"og:locale\" content=\"fr_FR\" \/>\n<meta property=\"og:type\" content=\"article\" \/>\n<meta property=\"og:title\" content=\"VYB Rocket TF ABI | Maison \u00c9co Distribution\" \/>\n<meta property=\"og:description\" content=\"La vis ROCKET assure une performance nettement sup\u00e9rieure \u00e0 une vis classique en r\u00e9pondant efficacement aux principales attentes : l\u2019amorce de vissage, la r\u00e9sistance \u00e0 la rupture, l\u2019anti-fendage et la tenue dans le temps.\" \/>\n<meta property=\"og:url\" content=\"https:\/\/maisonecodistribution.com\/eboutique\/produit\/vyb-rocket-tf-abi\/\" \/>\n<meta property=\"og:site_name\" content=\"Maison \u00c9co Distribution\" \/>\n<meta property=\"article:publisher\" content=\"https:\/\/www.facebook.com\/maisonecodistribution\" \/>\n<meta property=\"article:modified_time\" content=\"2026-02-20T15:07:52+00:00\" \/>\n<meta property=\"og:image\" content=\"https:\/\/maisonecodistribution.com\/eboutique\/wp-content\/uploads\/2026\/02\/promo-vis@400x.png\" \/>\n\t<meta property=\"og:image:width\" content=\"1673\" \/>\n\t<meta property=\"og:image:height\" content=\"2025\" \/>\n\t<meta property=\"og:image:type\" content=\"image\/png\" \/>\n<meta name=\"twitter:card\" content=\"summary_large_image\" \/>\n<meta name=\"twitter:label1\" content=\"Disponibilit\u00e9\" \/>\n\t<meta name=\"twitter:data1\" content=\"En stock\" \/>\n<script type=\"application\/ld+json\" class=\"yoast-schema-graph\">{\"@context\":\"https:\/\/schema.org\",\"@graph\":[{\"@type\":[\"WebPage\",\"ItemPage\"],\"@id\":\"https:\/\/maisonecodistribution.com\/eboutique\/produit\/vyb-rocket-tf-abi\/\",\"url\":\"https:\/\/maisonecodistribution.com\/eboutique\/produit\/vyb-rocket-tf-abi\/\",\"name\":\"VYB Rocket TF ABI | Maison \u00c9co Distribution\",\"isPartOf\":{\"@id\":\"https:\/\/maisonecodistribution.com\/eboutique\/#website\"},\"primaryImageOfPage\":{\"@id\":\"https:\/\/maisonecodistribution.com\/eboutique\/produit\/vyb-rocket-tf-abi\/#primaryimage\"},\"image\":{\"@id\":\"https:\/\/maisonecodistribution.com\/eboutique\/produit\/vyb-rocket-tf-abi\/#primaryimage\"},\"thumbnailUrl\":\"https:\/\/maisonecodistribution.com\/eboutique\/wp-content\/uploads\/2026\/02\/promo-vis@400x.png\",\"datePublished\":\"2026-02-20T09:34:45+00:00\",\"dateModified\":\"2026-02-20T15:07:52+00:00\",\"description\":\"La vis ROCKET assure une performance nettement sup\u00e9rieure \u00e0 une vis classique en r\u00e9pondant efficacement aux principales attentes : l\u2019amorce de vissage, la r\u00e9sistance \u00e0 la rupture, l\u2019anti-fendage et la tenue dans le temps.\",\"breadcrumb\":{\"@id\":\"https:\/\/maisonecodistribution.com\/eboutique\/produit\/vyb-rocket-tf-abi\/#breadcrumb\"},\"inLanguage\":\"fr-FR\",\"potentialAction\":[{\"@type\":\"ReadAction\",\"target\":[\"https:\/\/maisonecodistribution.com\/eboutique\/produit\/vyb-rocket-tf-abi\/\"]}]},{\"@type\":\"ImageObject\",\"inLanguage\":\"fr-FR\",\"@id\":\"https:\/\/maisonecodistribution.com\/eboutique\/produit\/vyb-rocket-tf-abi\/#primaryimage\",\"url\":\"https:\/\/maisonecodistribution.com\/eboutique\/wp-content\/uploads\/2026\/02\/promo-vis@400x.png\",\"contentUrl\":\"https:\/\/maisonecodistribution.com\/eboutique\/wp-content\/uploads\/2026\/02\/promo-vis@400x.png\",\"width\":1673,\"height\":2025},{\"@type\":\"BreadcrumbList\",\"@id\":\"https:\/\/maisonecodistribution.com\/eboutique\/produit\/vyb-rocket-tf-abi\/#breadcrumb\",\"itemListElement\":[{\"@type\":\"ListItem\",\"position\":1,\"name\":\"Home\",\"item\":\"https:\/\/maisonecodistribution.com\/eboutique\/\"},{\"@type\":\"ListItem\",\"position\":2,\"name\":\"CATALOGUE\",\"item\":\"https:\/\/maisonecodistribution.com\/eboutique\/catalogue\/\"},{\"@type\":\"ListItem\",\"position\":3,\"name\":\"VYB Rocket TF ABI\"}]},{\"@type\":\"WebSite\",\"@id\":\"https:\/\/maisonecodistribution.com\/eboutique\/#website\",\"url\":\"https:\/\/maisonecodistribution.com\/eboutique\/\",\"name\":\"Maison \u00c9co Distribution\",\"description\":\"Tout pour un habitat sain\",\"publisher\":{\"@id\":\"https:\/\/maisonecodistribution.com\/eboutique\/#organization\"},\"potentialAction\":[{\"@type\":\"SearchAction\",\"target\":{\"@type\":\"EntryPoint\",\"urlTemplate\":\"https:\/\/maisonecodistribution.com\/eboutique\/?s={search_term_string}\"},\"query-input\":{\"@type\":\"PropertyValueSpecification\",\"valueRequired\":true,\"valueName\":\"search_term_string\"}}],\"inLanguage\":\"fr-FR\"},{\"@type\":\"Organization\",\"@id\":\"https:\/\/maisonecodistribution.com\/eboutique\/#organization\",\"name\":\"Maison \u00c9co Distribution\",\"url\":\"https:\/\/maisonecodistribution.com\/eboutique\/\",\"logo\":{\"@type\":\"ImageObject\",\"inLanguage\":\"fr-FR\",\"@id\":\"https:\/\/maisonecodistribution.com\/eboutique\/#\/schema\/logo\/image\/\",\"url\":\"https:\/\/maisonecodistribution.com\/eboutique\/wp-content\/uploads\/2024\/07\/logo-maison-eco-1.png\",\"contentUrl\":\"https:\/\/maisonecodistribution.com\/eboutique\/wp-content\/uploads\/2024\/07\/logo-maison-eco-1.png\",\"width\":300,\"height\":321,\"caption\":\"Maison \u00c9co Distribution\"},\"image\":{\"@id\":\"https:\/\/maisonecodistribution.com\/eboutique\/#\/schema\/logo\/image\/\"},\"sameAs\":[\"https:\/\/www.facebook.com\/maisonecodistribution\"]}]}<\/script>\n<meta property=\"og:availability\" content=\"instock\" \/>\n<meta property=\"product:availability\" content=\"instock\" \/>\n<meta property=\"product:condition\" content=\"new\" \/>\n<!-- \/ Yoast SEO plugin. -->","yoast_head_json":{"title":"VYB Rocket TF ABI | Maison \u00c9co Distribution","description":"La vis ROCKET assure une performance nettement sup\u00e9rieure \u00e0 une vis classique en r\u00e9pondant efficacement aux principales attentes : l\u2019amorce de vissage, la r\u00e9sistance \u00e0 la rupture, l\u2019anti-fendage et la tenue dans le temps.","robots":{"index":"index","follow":"follow","max-snippet":"max-snippet:-1","max-image-preview":"max-image-preview:large","max-video-preview":"max-video-preview:-1"},"canonical":"https:\/\/maisonecodistribution.com\/eboutique\/produit\/vyb-rocket-tf-abi\/","og_locale":"fr_FR","og_type":"article","og_title":"VYB Rocket TF ABI | Maison \u00c9co Distribution","og_description":"La vis ROCKET assure une performance nettement sup\u00e9rieure \u00e0 une vis classique en r\u00e9pondant efficacement aux principales attentes : l\u2019amorce de vissage, la r\u00e9sistance \u00e0 la rupture, l\u2019anti-fendage et la tenue dans le temps.","og_url":"https:\/\/maisonecodistribution.com\/eboutique\/produit\/vyb-rocket-tf-abi\/","og_site_name":"Maison \u00c9co Distribution","article_publisher":"https:\/\/www.facebook.com\/maisonecodistribution","article_modified_time":"2026-02-20T15:07:52+00:00","og_image":[{"width":1673,"height":2025,"url":"https:\/\/maisonecodistribution.com\/eboutique\/wp-content\/uploads\/2026\/02\/promo-vis@400x.png","type":"image\/png"}],"twitter_card":"summary_large_image","twitter_misc":{"Disponibilit\u00e9":"En stock"},"schema":{"@context":"https:\/\/schema.org","@graph":[{"@type":["WebPage","ItemPage"],"@id":"https:\/\/maisonecodistribution.com\/eboutique\/produit\/vyb-rocket-tf-abi\/","url":"https:\/\/maisonecodistribution.com\/eboutique\/produit\/vyb-rocket-tf-abi\/","name":"VYB Rocket TF ABI | Maison \u00c9co Distribution","isPartOf":{"@id":"https:\/\/maisonecodistribution.com\/eboutique\/#website"},"primaryImageOfPage":{"@id":"https:\/\/maisonecodistribution.com\/eboutique\/produit\/vyb-rocket-tf-abi\/#primaryimage"},"image":{"@id":"https:\/\/maisonecodistribution.com\/eboutique\/produit\/vyb-rocket-tf-abi\/#primaryimage"},"thumbnailUrl":"https:\/\/maisonecodistribution.com\/eboutique\/wp-content\/uploads\/2026\/02\/promo-vis@400x.png","datePublished":"2026-02-20T09:34:45+00:00","dateModified":"2026-02-20T15:07:52+00:00","description":"La vis ROCKET assure une performance nettement sup\u00e9rieure \u00e0 une vis classique en r\u00e9pondant efficacement aux principales attentes : l\u2019amorce de vissage, la r\u00e9sistance \u00e0 la rupture, l\u2019anti-fendage et la tenue dans le temps.","breadcrumb":{"@id":"https:\/\/maisonecodistribution.com\/eboutique\/produit\/vyb-rocket-tf-abi\/#breadcrumb"},"inLanguage":"fr-FR","potentialAction":[{"@type":"ReadAction","target":["https:\/\/maisonecodistribution.com\/eboutique\/produit\/vyb-rocket-tf-abi\/"]}]},{"@type":"ImageObject","inLanguage":"fr-FR","@id":"https:\/\/maisonecodistribution.com\/eboutique\/produit\/vyb-rocket-tf-abi\/#primaryimage","url":"https:\/\/maisonecodistribution.com\/eboutique\/wp-content\/uploads\/2026\/02\/promo-vis@400x.png","contentUrl":"https:\/\/maisonecodistribution.com\/eboutique\/wp-content\/uploads\/2026\/02\/promo-vis@400x.png","width":1673,"height":2025},{"@type":"BreadcrumbList","@id":"https:\/\/maisonecodistribution.com\/eboutique\/produit\/vyb-rocket-tf-abi\/#breadcrumb","itemListElement":[{"@type":"ListItem","position":1,"name":"Home","item":"https:\/\/maisonecodistribution.com\/eboutique\/"},{"@type":"ListItem","position":2,"name":"CATALOGUE","item":"https:\/\/maisonecodistribution.com\/eboutique\/catalogue\/"},{"@type":"ListItem","position":3,"name":"VYB Rocket TF ABI"}]},{"@type":"WebSite","@id":"https:\/\/maisonecodistribution.com\/eboutique\/#website","url":"https:\/\/maisonecodistribution.com\/eboutique\/","name":"Maison \u00c9co Distribution","description":"Tout pour un habitat sain","publisher":{"@id":"https:\/\/maisonecodistribution.com\/eboutique\/#organization"},"potentialAction":[{"@type":"SearchAction","target":{"@type":"EntryPoint","urlTemplate":"https:\/\/maisonecodistribution.com\/eboutique\/?s={search_term_string}"},"query-input":{"@type":"PropertyValueSpecification","valueRequired":true,"valueName":"search_term_string"}}],"inLanguage":"fr-FR"},{"@type":"Organization","@id":"https:\/\/maisonecodistribution.com\/eboutique\/#organization","name":"Maison \u00c9co Distribution","url":"https:\/\/maisonecodistribution.com\/eboutique\/","logo":{"@type":"ImageObject","inLanguage":"fr-FR","@id":"https:\/\/maisonecodistribution.com\/eboutique\/#\/schema\/logo\/image\/","url":"https:\/\/maisonecodistribution.com\/eboutique\/wp-content\/uploads\/2024\/07\/logo-maison-eco-1.png","contentUrl":"https:\/\/maisonecodistribution.com\/eboutique\/wp-content\/uploads\/2024\/07\/logo-maison-eco-1.png","width":300,"height":321,"caption":"Maison \u00c9co Distribution"},"image":{"@id":"https:\/\/maisonecodistribution.com\/eboutique\/#\/schema\/logo\/image\/"},"sameAs":["https:\/\/www.facebook.com\/maisonecodistribution"]}]},"og_availability":"instock","product_availability":"instock","product_condition":"new"},"_links":{"self":[{"href":"https:\/\/maisonecodistribution.com\/eboutique\/wp-json\/wp\/v2\/product\/5286","targetHints":{"allow":["GET"]}}],"collection":[{"href":"https:\/\/maisonecodistribution.com\/eboutique\/wp-json\/wp\/v2\/product"}],"about":[{"href":"https:\/\/maisonecodistribution.com\/eboutique\/wp-json\/wp\/v2\/types\/product"}],"wp:featuredmedia":[{"embeddable":true,"href":"https:\/\/maisonecodistribution.com\/eboutique\/wp-json\/wp\/v2\/media\/5309"}],"wp:attachment":[{"href":"https:\/\/maisonecodistribution.com\/eboutique\/wp-json\/wp\/v2\/media?parent=5286"}],"wp:term":[{"taxonomy":"product_brand","embeddable":true,"href":"https:\/\/maisonecodistribution.com\/eboutique\/wp-json\/wp\/v2\/product_brand?post=5286"},{"taxonomy":"product_cat","embeddable":true,"href":"https:\/\/maisonecodistribution.com\/eboutique\/wp-json\/wp\/v2\/product_cat?post=5286"},{"taxonomy":"product_tag","embeddable":true,"href":"https:\/\/maisonecodistribution.com\/eboutique\/wp-json\/wp\/v2\/product_tag?post=5286"}],"curies":[{"name":"wp","href":"https:\/\/api.w.org\/{rel}","templated":true}]}}