{"id":525,"date":"2020-04-10T16:46:40","date_gmt":"2020-04-10T14:46:40","guid":{"rendered":"https:\/\/maisonecodistribution.fr\/?post_type=product&#038;p=525"},"modified":"2025-08-18T09:34:47","modified_gmt":"2025-08-18T07:34:47","slug":"duplex","status":"publish","type":"product","link":"https:\/\/maisonecodistribution.com\/eboutique\/produit\/duplex\/","title":{"rendered":"DUPLEX"},"content":{"rendered":"<p>Ruban adh\u00e9sif double face pour l\u2019int\u00e9rieur et l\u2019ext\u00e9rieur :<\/p>\n<p>&#8211; \u00e0 l\u2019<strong>ext\u00e9rieur<\/strong>, il s\u2019emploie pour le collage, \u00e0 l\u2019abri de l\u2019humidit\u00e9, des <strong>chevauchements d\u2019\u00e9crans de sous toiture, d\u2019\u00e9crans pare-pluie ainsi que de frein-vapeurs et membranes d\u2019\u00e9tanch\u00e9it\u00e9<\/strong> \u00e0 l\u2019air pour l\u2019isolation sur toiture, sur des supports rigides.<\/p>\n<p>&#8211; \u00e0 l\u2019<strong>int\u00e9rieur<\/strong>, il s\u2019utilise pour la <strong>fixation de frein-vapeurs et membranes d\u2019\u00e9tanch\u00e9it\u00e9<\/strong> \u00e0 l\u2019air sur profil\u00e9s m\u00e9talliques, exemple: raccords aux fen\u00eatres en aluminium.<\/p>\n<p><strong>Les + du produit :<\/strong><\/p>\n<ul>\n<li>Grande s\u00e9curit\u00e9 pour la paroi : collage durablement \u00e9tanche<\/li>\n<li>Respect des r\u00e9glementations : Collages \u00e9tanches \u00e0 l\u2019air selon la RT 2012 et les normes SIA 180 et DIN 4108-7<\/li>\n<li>Excellents r\u00e9sultats lors du test de nocivit\u00e9, contr\u00f4le r\u00e9alis\u00e9 selon ISO 16000<\/li>\n<\/ul>\n<div  class='tabcontainer av-w1a2s-421fcc50b6ad35202a86b6fd3e7b11b1 top_tab  avia-builder-el-0  avia-builder-el-no-sibling '>\n<section class='av_tab_section av_tab_section av-raeuc-3ca0ff038ff76ed26b9240b8bb3516e9'  itemscope=\"itemscope\" itemtype=\"https:\/\/schema.org\/CreativeWork\" ><div id='tab-id-1-tab' class='tab active_tab' role='tab' aria-selected=\"true\" tabindex=\"0\" data-fake-id='#tab-id-1' aria-controls='tab-id-1-content'  itemprop=\"headline\" ><span class='tab_icon avia-iconfont avia-font-entypo-fontello' data-av_icon='\ue84b' data-av_iconfont='entypo-fontello' ><\/span>Fiches Techniques<\/div><div id='tab-id-1-content' class='tab_content active_tab_content' role='tabpanel' aria-labelledby='tab-id-1-tab' aria-hidden=\"false\"><div class='tab_inner_content invers-color'  itemprop=\"text\" ><div  class='avia-button-wrap av-igylo-b714a694c9c5d3451b58da9db9263a95-wrap avia-button-left  avia-builder-el-1  avia-builder-el-no-sibling '><a href='https:\/\/maisonecodistribution.com\/eboutique\/wp-content\/uploads\/2020\/04\/Fiche-technique-DUPLEX.pdf'  class='avia-button av-igylo-b714a694c9c5d3451b58da9db9263a95 av-link-btn avia-icon_select-yes-left-icon avia-size-small avia-position-left av-icon-on-hover avia-color-theme-color'  target=\"_blank\"  rel=\"noopener noreferrer\"  aria-label=\"T\u00e9l\u00e9charger la fiche technique (PDF)\"><span class='avia_button_icon avia_button_icon_left avia-iconfont avia-font-entypo-fontello' data-av_icon='\ue82d' data-av_iconfont='entypo-fontello' ><\/span><span class='avia_iconbox_title' >T\u00e9l\u00e9charger la fiche technique (PDF)<\/span><\/a><\/div>\n<\/div><\/div><\/section>\n<section class='av_tab_section av_tab_section av-f3tho-673245044c8cd2155e38098f98d96955'  itemscope=\"itemscope\" itemtype=\"https:\/\/schema.org\/CreativeWork\" ><div id='tab-id-2-tab' class='tab' role='tab' aria-selected=\"false\" tabindex=\"0\" data-fake-id='#tab-id-2' aria-controls='tab-id-2-content'  itemprop=\"headline\" ><span class='tab_icon avia-iconfont avia-font-entypo-fontello' data-av_icon='\ue81f' data-av_iconfont='entypo-fontello' ><\/span>\u00c0 propos de la marque<\/div><div id='tab-id-2-content' class='tab_content' role='tabpanel' aria-labelledby='tab-id-2-tab' aria-hidden=\"true\"><div class='tab_inner_content invers-color'  itemprop=\"text\" ><p><img loading=\"lazy\" decoding=\"async\" class=\" wp-image-473 alignleft\" src=\"https:\/\/maisonecodistribution.fr\/wp-content\/uploads\/2020\/04\/Logo-pro-clima-259x300.png\" alt=\"\" width=\"98\" height=\"113\" srcset=\"https:\/\/maisonecodistribution.com\/eboutique\/wp-content\/uploads\/2020\/04\/Logo-pro-clima-259x300.png 259w, https:\/\/maisonecodistribution.com\/eboutique\/wp-content\/uploads\/2020\/04\/Logo-pro-clima-888x1030.png 888w, https:\/\/maisonecodistribution.com\/eboutique\/wp-content\/uploads\/2020\/04\/Logo-pro-clima-768x890.png 768w, https:\/\/maisonecodistribution.com\/eboutique\/wp-content\/uploads\/2020\/04\/Logo-pro-clima-1325x1536.png 1325w, https:\/\/maisonecodistribution.com\/eboutique\/wp-content\/uploads\/2020\/04\/Logo-pro-clima-1766x2048.png 1766w, https:\/\/maisonecodistribution.com\/eboutique\/wp-content\/uploads\/2020\/04\/Logo-pro-clima-1294x1500.png 1294w, https:\/\/maisonecodistribution.com\/eboutique\/wp-content\/uploads\/2020\/04\/Logo-pro-clima-608x705.png 608w, https:\/\/maisonecodistribution.com\/eboutique\/wp-content\/uploads\/2020\/04\/Logo-pro-clima-600x696.png 600w\" sizes=\"auto, (max-width: 98px) 100vw, 98px\" \/><a href=\"https:\/\/fr.proclima.com\/\" target=\"_blank\" rel=\"noopener noreferrer\">PRO CLIMA<\/a> est une marque sp\u00e9cialis\u00e9e dans la construction \u00e9cologique des b\u00e2timents depuis 1994. Elle propose des syst\u00e8mes d\u2019\u00e9tanch\u00e9it\u00e9 int\u00e9gr\u00e9s pour l\u2019int\u00e9rieur et pour l\u2019ext\u00e9rieur. Les membranes \u00ab\u00a0intelligentes\u00a0\u00bb cr\u00e9\u00e9es par PRO CLIMA sont compl\u00e9t\u00e9es par des adh\u00e9sifs et des accessoires pour la fixation et le raccord. Ils constituent des solutions compl\u00e8tes et fiables pour garantir l\u2019\u00e9tanch\u00e9it\u00e9 de votre b\u00e2timent. PRO CLIMA vous permet d\u2019isoler et de prot\u00e9ger votre construction des d\u00e9gradations climatiques et des moisissures tout en ayant une as\u00adsur\u00adance qualit\u00e9 et un ser\u00advice apr\u00e8s-vente com\u00adplet.<\/p>\n<\/div><\/div><\/section>\n<section class='av_tab_section av_tab_section av-a4nn8-51255d398f2397d9e0b34ca3e4c5aa18'  itemscope=\"itemscope\" itemtype=\"https:\/\/schema.org\/CreativeWork\" ><div id='tab-id-3-tab' class='tab' role='tab' aria-selected=\"false\" tabindex=\"0\" data-fake-id='#tab-id-3' aria-controls='tab-id-3-content'  itemprop=\"headline\" ><span class='tab_icon avia-iconfont avia-font-entypo-fontello' data-av_icon='\ue817' data-av_iconfont='entypo-fontello' ><\/span>Plus d\u2019informations <\/div><div id='tab-id-3-content' class='tab_content' role='tabpanel' aria-labelledby='tab-id-3-tab' aria-hidden=\"true\"><div class='tab_inner_content invers-color'  itemprop=\"text\" ><table>\n<tbody>\n<tr>\n<td width=\"255\"><strong>PRODUIT<\/strong><\/td>\n<td style=\"text-align: center;\" width=\"161\"><strong>Dimension<\/strong><\/td>\n<td style=\"text-align: center;\" width=\"181\"><strong>Prix HT<\/strong><\/td>\n<td style=\"text-align: center;\" width=\"181\"><strong>Prix TTC<\/strong><\/td>\n<\/tr>\n<tr>\n<td width=\"255\">DUPLEX ( grand rouleau)<\/td>\n<td width=\"161\">\n<p style=\"text-align: center;\">80 m x 2,5 cm<\/p>\n<\/td>\n<td width=\"181\">\n<p style=\"text-align: center;\"><strong>26,40\u20ac<\/strong> \/ rouleau<\/p>\n<\/td>\n<td width=\"181\">\n<p style=\"text-align: center;\"><strong>31,68 \u20ac<\/strong> \/ rouleau<\/p>\n<\/td>\n<\/tr>\n<\/tbody>\n<\/table>\n<\/div><\/div><\/section>\n<\/div>\n","protected":false},"excerpt":{"rendered":"<p>Ruban <strong>adh\u00e9sif double face<\/strong> pour l\u2019<strong>int\u00e9rieur<\/strong> et l\u2019<strong>ext\u00e9rieur<\/strong>.<\/p>\n","protected":false},"featured_media":1231,"template":"","meta":[],"product_brand":[],"product_cat":[2601,19,30],"product_tag":[],"class_list":{"0":"post-525","1":"product","2":"type-product","3":"status-publish","4":"has-post-thumbnail","6":"product_cat-proclima","7":"product_cat-isolation-etancheite","8":"product_cat-etancheite","10":"first","11":"instock","12":"taxable","13":"shipping-taxable","14":"purchasable","15":"product-type-variable"},"yoast_head":"<!-- This site is optimized with the Yoast SEO plugin v25.1 - https:\/\/yoast.com\/wordpress\/plugins\/seo\/ -->\n<title>Ruban adh\u00e9sif double face | Adh\u00e9sifs \u00e9cologiques | Maison \u00c9co Distribution<\/title>\n<meta name=\"description\" content=\"Le ruban adh\u00e9sif \u00e9cologique double face Duplex s&#039;emploie autant \u00e0 l\u2019int\u00e9rieur qu&#039;\u00e0 l\u2019ext\u00e9rieur et vous offre une qualit\u00e9 de collage et d&#039;\u00e9tanch\u00e9it\u00e9 durable.\" \/>\n<meta name=\"robots\" content=\"index, follow, max-snippet:-1, max-image-preview:large, max-video-preview:-1\" \/>\n<link rel=\"canonical\" href=\"https:\/\/maisonecodistribution.com\/eboutique\/produit\/duplex\/\" \/>\n<meta property=\"og:locale\" content=\"fr_FR\" \/>\n<meta property=\"og:type\" content=\"article\" \/>\n<meta property=\"og:title\" content=\"Ruban adh\u00e9sif double face | Adh\u00e9sifs \u00e9cologiques | Maison \u00c9co Distribution\" \/>\n<meta property=\"og:description\" content=\"Le ruban adh\u00e9sif \u00e9cologique double face Duplex s&#039;emploie autant \u00e0 l\u2019int\u00e9rieur qu&#039;\u00e0 l\u2019ext\u00e9rieur et vous offre une qualit\u00e9 de collage et d&#039;\u00e9tanch\u00e9it\u00e9 durable.\" \/>\n<meta property=\"og:url\" content=\"https:\/\/maisonecodistribution.com\/eboutique\/produit\/duplex\/\" \/>\n<meta property=\"og:site_name\" content=\"Maison \u00c9co Distribution\" \/>\n<meta property=\"article:publisher\" content=\"https:\/\/www.facebook.com\/maisonecodistribution\" \/>\n<meta property=\"article:modified_time\" content=\"2025-08-18T07:34:47+00:00\" \/>\n<meta property=\"og:image\" content=\"https:\/\/maisonecodistribution.com\/eboutique\/wp-content\/uploads\/2020\/04\/duplex-maisoneco.jpg\" \/>\n\t<meta property=\"og:image:width\" content=\"500\" \/>\n\t<meta property=\"og:image:height\" content=\"500\" \/>\n\t<meta property=\"og:image:type\" content=\"image\/jpeg\" \/>\n<meta name=\"twitter:card\" content=\"summary_large_image\" \/>\n<meta name=\"twitter:label1\" content=\"Disponibilit\u00e9\" \/>\n\t<meta name=\"twitter:data1\" content=\"En stock\" \/>\n<script type=\"application\/ld+json\" class=\"yoast-schema-graph\">{\"@context\":\"https:\/\/schema.org\",\"@graph\":[{\"@type\":[\"WebPage\",\"ItemPage\"],\"@id\":\"https:\/\/maisonecodistribution.com\/eboutique\/produit\/duplex\/\",\"url\":\"https:\/\/maisonecodistribution.com\/eboutique\/produit\/duplex\/\",\"name\":\"Ruban adh\u00e9sif double face | Adh\u00e9sifs \u00e9cologiques | Maison \u00c9co Distribution\",\"isPartOf\":{\"@id\":\"https:\/\/maisonecodistribution.com\/eboutique\/#website\"},\"primaryImageOfPage\":{\"@id\":\"https:\/\/maisonecodistribution.com\/eboutique\/produit\/duplex\/#primaryimage\"},\"image\":{\"@id\":\"https:\/\/maisonecodistribution.com\/eboutique\/produit\/duplex\/#primaryimage\"},\"thumbnailUrl\":\"https:\/\/maisonecodistribution.com\/eboutique\/wp-content\/uploads\/2020\/04\/duplex-maisoneco.jpg\",\"datePublished\":\"2020-04-10T14:46:40+00:00\",\"dateModified\":\"2025-08-18T07:34:47+00:00\",\"description\":\"Le ruban adh\u00e9sif \u00e9cologique double face Duplex s'emploie autant \u00e0 l\u2019int\u00e9rieur qu'\u00e0 l\u2019ext\u00e9rieur et vous offre une qualit\u00e9 de collage et d'\u00e9tanch\u00e9it\u00e9 durable.\",\"breadcrumb\":{\"@id\":\"https:\/\/maisonecodistribution.com\/eboutique\/produit\/duplex\/#breadcrumb\"},\"inLanguage\":\"fr-FR\",\"potentialAction\":[{\"@type\":\"ReadAction\",\"target\":[\"https:\/\/maisonecodistribution.com\/eboutique\/produit\/duplex\/\"]}]},{\"@type\":\"ImageObject\",\"inLanguage\":\"fr-FR\",\"@id\":\"https:\/\/maisonecodistribution.com\/eboutique\/produit\/duplex\/#primaryimage\",\"url\":\"https:\/\/maisonecodistribution.com\/eboutique\/wp-content\/uploads\/2020\/04\/duplex-maisoneco.jpg\",\"contentUrl\":\"https:\/\/maisonecodistribution.com\/eboutique\/wp-content\/uploads\/2020\/04\/duplex-maisoneco.jpg\",\"width\":500,\"height\":500,\"caption\":\"adh\u00e9sif double face\"},{\"@type\":\"BreadcrumbList\",\"@id\":\"https:\/\/maisonecodistribution.com\/eboutique\/produit\/duplex\/#breadcrumb\",\"itemListElement\":[{\"@type\":\"ListItem\",\"position\":1,\"name\":\"Home\",\"item\":\"https:\/\/maisonecodistribution.com\/eboutique\/\"},{\"@type\":\"ListItem\",\"position\":2,\"name\":\"CATALOGUE\",\"item\":\"https:\/\/maisonecodistribution.com\/eboutique\/catalogue\/\"},{\"@type\":\"ListItem\",\"position\":3,\"name\":\"DUPLEX\"}]},{\"@type\":\"WebSite\",\"@id\":\"https:\/\/maisonecodistribution.com\/eboutique\/#website\",\"url\":\"https:\/\/maisonecodistribution.com\/eboutique\/\",\"name\":\"Maison \u00c9co Distribution\",\"description\":\"Tout pour un habitat sain\",\"publisher\":{\"@id\":\"https:\/\/maisonecodistribution.com\/eboutique\/#organization\"},\"potentialAction\":[{\"@type\":\"SearchAction\",\"target\":{\"@type\":\"EntryPoint\",\"urlTemplate\":\"https:\/\/maisonecodistribution.com\/eboutique\/?s={search_term_string}\"},\"query-input\":{\"@type\":\"PropertyValueSpecification\",\"valueRequired\":true,\"valueName\":\"search_term_string\"}}],\"inLanguage\":\"fr-FR\"},{\"@type\":\"Organization\",\"@id\":\"https:\/\/maisonecodistribution.com\/eboutique\/#organization\",\"name\":\"Maison \u00c9co Distribution\",\"url\":\"https:\/\/maisonecodistribution.com\/eboutique\/\",\"logo\":{\"@type\":\"ImageObject\",\"inLanguage\":\"fr-FR\",\"@id\":\"https:\/\/maisonecodistribution.com\/eboutique\/#\/schema\/logo\/image\/\",\"url\":\"https:\/\/maisonecodistribution.com\/eboutique\/wp-content\/uploads\/2024\/07\/logo-maison-eco-1.png\",\"contentUrl\":\"https:\/\/maisonecodistribution.com\/eboutique\/wp-content\/uploads\/2024\/07\/logo-maison-eco-1.png\",\"width\":300,\"height\":321,\"caption\":\"Maison \u00c9co Distribution\"},\"image\":{\"@id\":\"https:\/\/maisonecodistribution.com\/eboutique\/#\/schema\/logo\/image\/\"},\"sameAs\":[\"https:\/\/www.facebook.com\/maisonecodistribution\"]}]}<\/script>\n<meta property=\"og:availability\" content=\"instock\" \/>\n<meta property=\"product:availability\" content=\"instock\" \/>\n<meta property=\"product:condition\" content=\"new\" \/>\n<!-- \/ Yoast SEO plugin. -->","yoast_head_json":{"title":"Ruban adh\u00e9sif double face | Adh\u00e9sifs \u00e9cologiques | Maison \u00c9co Distribution","description":"Le ruban adh\u00e9sif \u00e9cologique double face Duplex s'emploie autant \u00e0 l\u2019int\u00e9rieur qu'\u00e0 l\u2019ext\u00e9rieur et vous offre une qualit\u00e9 de collage et d'\u00e9tanch\u00e9it\u00e9 durable.","robots":{"index":"index","follow":"follow","max-snippet":"max-snippet:-1","max-image-preview":"max-image-preview:large","max-video-preview":"max-video-preview:-1"},"canonical":"https:\/\/maisonecodistribution.com\/eboutique\/produit\/duplex\/","og_locale":"fr_FR","og_type":"article","og_title":"Ruban adh\u00e9sif double face | Adh\u00e9sifs \u00e9cologiques | Maison \u00c9co Distribution","og_description":"Le ruban adh\u00e9sif \u00e9cologique double face Duplex s'emploie autant \u00e0 l\u2019int\u00e9rieur qu'\u00e0 l\u2019ext\u00e9rieur et vous offre une qualit\u00e9 de collage et d'\u00e9tanch\u00e9it\u00e9 durable.","og_url":"https:\/\/maisonecodistribution.com\/eboutique\/produit\/duplex\/","og_site_name":"Maison \u00c9co Distribution","article_publisher":"https:\/\/www.facebook.com\/maisonecodistribution","article_modified_time":"2025-08-18T07:34:47+00:00","og_image":[{"width":500,"height":500,"url":"https:\/\/maisonecodistribution.com\/eboutique\/wp-content\/uploads\/2020\/04\/duplex-maisoneco.jpg","type":"image\/jpeg"}],"twitter_card":"summary_large_image","twitter_misc":{"Disponibilit\u00e9":"En stock"},"schema":{"@context":"https:\/\/schema.org","@graph":[{"@type":["WebPage","ItemPage"],"@id":"https:\/\/maisonecodistribution.com\/eboutique\/produit\/duplex\/","url":"https:\/\/maisonecodistribution.com\/eboutique\/produit\/duplex\/","name":"Ruban adh\u00e9sif double face | Adh\u00e9sifs \u00e9cologiques | Maison \u00c9co Distribution","isPartOf":{"@id":"https:\/\/maisonecodistribution.com\/eboutique\/#website"},"primaryImageOfPage":{"@id":"https:\/\/maisonecodistribution.com\/eboutique\/produit\/duplex\/#primaryimage"},"image":{"@id":"https:\/\/maisonecodistribution.com\/eboutique\/produit\/duplex\/#primaryimage"},"thumbnailUrl":"https:\/\/maisonecodistribution.com\/eboutique\/wp-content\/uploads\/2020\/04\/duplex-maisoneco.jpg","datePublished":"2020-04-10T14:46:40+00:00","dateModified":"2025-08-18T07:34:47+00:00","description":"Le ruban adh\u00e9sif \u00e9cologique double face Duplex s'emploie autant \u00e0 l\u2019int\u00e9rieur qu'\u00e0 l\u2019ext\u00e9rieur et vous offre une qualit\u00e9 de collage et d'\u00e9tanch\u00e9it\u00e9 durable.","breadcrumb":{"@id":"https:\/\/maisonecodistribution.com\/eboutique\/produit\/duplex\/#breadcrumb"},"inLanguage":"fr-FR","potentialAction":[{"@type":"ReadAction","target":["https:\/\/maisonecodistribution.com\/eboutique\/produit\/duplex\/"]}]},{"@type":"ImageObject","inLanguage":"fr-FR","@id":"https:\/\/maisonecodistribution.com\/eboutique\/produit\/duplex\/#primaryimage","url":"https:\/\/maisonecodistribution.com\/eboutique\/wp-content\/uploads\/2020\/04\/duplex-maisoneco.jpg","contentUrl":"https:\/\/maisonecodistribution.com\/eboutique\/wp-content\/uploads\/2020\/04\/duplex-maisoneco.jpg","width":500,"height":500,"caption":"adh\u00e9sif double face"},{"@type":"BreadcrumbList","@id":"https:\/\/maisonecodistribution.com\/eboutique\/produit\/duplex\/#breadcrumb","itemListElement":[{"@type":"ListItem","position":1,"name":"Home","item":"https:\/\/maisonecodistribution.com\/eboutique\/"},{"@type":"ListItem","position":2,"name":"CATALOGUE","item":"https:\/\/maisonecodistribution.com\/eboutique\/catalogue\/"},{"@type":"ListItem","position":3,"name":"DUPLEX"}]},{"@type":"WebSite","@id":"https:\/\/maisonecodistribution.com\/eboutique\/#website","url":"https:\/\/maisonecodistribution.com\/eboutique\/","name":"Maison \u00c9co Distribution","description":"Tout pour un habitat sain","publisher":{"@id":"https:\/\/maisonecodistribution.com\/eboutique\/#organization"},"potentialAction":[{"@type":"SearchAction","target":{"@type":"EntryPoint","urlTemplate":"https:\/\/maisonecodistribution.com\/eboutique\/?s={search_term_string}"},"query-input":{"@type":"PropertyValueSpecification","valueRequired":true,"valueName":"search_term_string"}}],"inLanguage":"fr-FR"},{"@type":"Organization","@id":"https:\/\/maisonecodistribution.com\/eboutique\/#organization","name":"Maison \u00c9co Distribution","url":"https:\/\/maisonecodistribution.com\/eboutique\/","logo":{"@type":"ImageObject","inLanguage":"fr-FR","@id":"https:\/\/maisonecodistribution.com\/eboutique\/#\/schema\/logo\/image\/","url":"https:\/\/maisonecodistribution.com\/eboutique\/wp-content\/uploads\/2024\/07\/logo-maison-eco-1.png","contentUrl":"https:\/\/maisonecodistribution.com\/eboutique\/wp-content\/uploads\/2024\/07\/logo-maison-eco-1.png","width":300,"height":321,"caption":"Maison \u00c9co Distribution"},"image":{"@id":"https:\/\/maisonecodistribution.com\/eboutique\/#\/schema\/logo\/image\/"},"sameAs":["https:\/\/www.facebook.com\/maisonecodistribution"]}]},"og_availability":"instock","product_availability":"instock","product_condition":"new"},"_links":{"self":[{"href":"https:\/\/maisonecodistribution.com\/eboutique\/wp-json\/wp\/v2\/product\/525","targetHints":{"allow":["GET"]}}],"collection":[{"href":"https:\/\/maisonecodistribution.com\/eboutique\/wp-json\/wp\/v2\/product"}],"about":[{"href":"https:\/\/maisonecodistribution.com\/eboutique\/wp-json\/wp\/v2\/types\/product"}],"wp:featuredmedia":[{"embeddable":true,"href":"https:\/\/maisonecodistribution.com\/eboutique\/wp-json\/wp\/v2\/media\/1231"}],"wp:attachment":[{"href":"https:\/\/maisonecodistribution.com\/eboutique\/wp-json\/wp\/v2\/media?parent=525"}],"wp:term":[{"taxonomy":"product_brand","embeddable":true,"href":"https:\/\/maisonecodistribution.com\/eboutique\/wp-json\/wp\/v2\/product_brand?post=525"},{"taxonomy":"product_cat","embeddable":true,"href":"https:\/\/maisonecodistribution.com\/eboutique\/wp-json\/wp\/v2\/product_cat?post=525"},{"taxonomy":"product_tag","embeddable":true,"href":"https:\/\/maisonecodistribution.com\/eboutique\/wp-json\/wp\/v2\/product_tag?post=525"}],"curies":[{"name":"wp","href":"https:\/\/api.w.org\/{rel}","templated":true}]}}