{"id":5214,"date":"2025-11-20T13:45:20","date_gmt":"2025-11-20T12:45:20","guid":{"rendered":"https:\/\/maisonecodistribution.com\/eboutique\/?post_type=product&#038;p=5214"},"modified":"2025-11-21T15:00:42","modified_gmt":"2025-11-21T14:00:42","slug":"vis-pour-bois-et-tete-fraisee-snk-diam-5","status":"publish","type":"product","link":"https:\/\/maisonecodistribution.com\/eboutique\/produit\/vis-pour-bois-et-tete-fraisee-snk-diam-5\/","title":{"rendered":"Vis pour Bois et T\u00eate Frais\u00e9e &#8211; SNK diam. 5"},"content":{"rendered":"<div id=\"product-description-short-40\" class=\"product-desc\">\n<p class=\"p1\"><strong>Vis universelle<\/strong> homologu\u00e9e pour des applications structurelles vari\u00e9es, d<strong>e la petite charpente au b\u00e2timent en bois. <\/strong><\/p>\n<p class=\"p1\">Gr\u00e2ce \u00e0 la <strong>pointe 3 THORNS<\/strong>, les distances de pose minimales sont r\u00e9duites. Il est possible d&rsquo;utiliser plus de vis sur une surface plus petite et des vis plus grandes sur des \u00e9l\u00e9ments plus petits.<\/p>\n<p><strong>Les + produits :\u00a0<\/strong><\/p>\n<\/div>\n<div class=\"page\" title=\"Page 1\">\n<div class=\"layoutArea\">\n<div class=\"column\">\n<ul>\n<li>\n<p class=\"p1\">Excellente r\u00e9sistance \u00e0 la rupture<\/p>\n<\/li>\n<li>\n<p class=\"p1\">limite d&rsquo;\u00e9lasticit\u00e9 \u00e9lev\u00e9e de l\u2019acier<\/p>\n<\/li>\n<li>\n<p class=\"p1\">R\u00e9sistance \u00e0 la torsion tr\u00e8s \u00e9lev\u00e9e pour un vissage plus s\u00fbr<\/p>\n<\/li>\n<\/ul>\n<p align=\"justify\"><strong>Conditionnement :<\/strong>\u00a0 Des paquets de 100 pi\u00e8ces \u00e0 200 pi\u00e8ces<\/p>\n<\/div>\n<\/div>\n<\/div>\n<p><strong>Pr\u00e9caution d&#8217;emploi<\/strong> : Lire la fiche technique t\u00e9l\u00e9chargeable sur notre site.<\/p>\n<div  class='tabcontainer av-w1a2s-421fcc50b6ad35202a86b6fd3e7b11b1 top_tab  avia-builder-el-0  avia-builder-el-no-sibling '>\n<section class='av_tab_section av_tab_section av-raeuc-3ca0ff038ff76ed26b9240b8bb3516e9'  itemscope=\"itemscope\" itemtype=\"https:\/\/schema.org\/CreativeWork\" ><div id='tab-id-1-tab' class='tab active_tab' role='tab' aria-selected=\"true\" tabindex=\"0\" data-fake-id='#tab-id-1' aria-controls='tab-id-1-content'  itemprop=\"headline\" ><span class='tab_icon avia-iconfont avia-font-entypo-fontello' data-av_icon='\ue84b' data-av_iconfont='entypo-fontello' ><\/span>Fiches Techniques<\/div><div id='tab-id-1-content' class='tab_content active_tab_content' role='tabpanel' aria-labelledby='tab-id-1-tab' aria-hidden=\"false\"><div class='tab_inner_content invers-color'  itemprop=\"text\" ><p><div  class='avia-button-wrap av-igylo-019681e142670d1de90aa7e2fa535bdd-wrap avia-button-left  avia-builder-el-1  el_before_av_button  avia-builder-el-first '><a href=''  class='avia-button av-igylo-019681e142670d1de90aa7e2fa535bdd av-link-btn avia-icon_select-yes-left-icon avia-size-small avia-position-left av-icon-on-hover avia-color-theme-color'  target=\"_blank\"  rel=\"noopener noreferrer\"  aria-label=\"T\u00e9l\u00e9charger la fiche technique (PDF)\"><span class='avia_button_icon avia_button_icon_left avia-iconfont avia-font-entypo-fontello' data-av_icon='\ue82d' data-av_iconfont='entypo-fontello' ><\/span><span class='avia_iconbox_title' >T\u00e9l\u00e9charger la fiche technique (PDF)<\/span><\/a><\/div><br \/>\n<div  class='avia-button-wrap av-igylo-1-9b4fb4bd64ff8d469be7e0b7f7b99aa2-wrap avia-button-left  avia-builder-el-2  el_after_av_button  avia-builder-el-last '><a href='https:\/\/maisonecodistribution.com\/eboutique\/wp-content\/uploads\/2025\/11\/6cb522_c08f068964b64ec9b011db7774fc9588-2.pdf'  class='avia-button av-igylo-1-9b4fb4bd64ff8d469be7e0b7f7b99aa2 av-link-btn avia-icon_select-yes-left-icon avia-size-small avia-position-left av-icon-on-hover avia-color-theme-color'  target=\"_blank\"  rel=\"noopener noreferrer\"  aria-label=\"Click me\"><span class='avia_button_icon avia_button_icon_left avia-iconfont avia-font-entypo-fontello' data-av_icon='\ue82d' data-av_iconfont='entypo-fontello' ><\/span><span class='avia_iconbox_title' >Click me<\/span><\/a><\/div><\/p>\n<\/div><\/div><\/section>\n<section class='av_tab_section av_tab_section av-f3tho-673245044c8cd2155e38098f98d96955'  itemscope=\"itemscope\" itemtype=\"https:\/\/schema.org\/CreativeWork\" ><div id='tab-id-2-tab' class='tab' role='tab' aria-selected=\"false\" tabindex=\"0\" data-fake-id='#tab-id-2' aria-controls='tab-id-2-content'  itemprop=\"headline\" ><span class='tab_icon avia-iconfont avia-font-entypo-fontello' data-av_icon='\ue81f' data-av_iconfont='entypo-fontello' ><\/span>\u00c0 propos de la marque<\/div><div id='tab-id-2-content' class='tab_content' role='tabpanel' aria-labelledby='tab-id-2-tab' aria-hidden=\"true\"><div class='tab_inner_content invers-color'  itemprop=\"text\" ><p><img loading=\"lazy\" decoding=\"async\" class=\"wp-image-5215 size-full alignleft\" src=\"https:\/\/maisonecodistribution.com\/eboutique\/wp-content\/uploads\/2025\/11\/LogoHolzTechnicJPG_6565c78457954.jpeg\" alt=\"\" width=\"274\" height=\"274\" srcset=\"https:\/\/maisonecodistribution.com\/eboutique\/wp-content\/uploads\/2025\/11\/LogoHolzTechnicJPG_6565c78457954.jpeg 274w, https:\/\/maisonecodistribution.com\/eboutique\/wp-content\/uploads\/2025\/11\/LogoHolzTechnicJPG_6565c78457954-80x80.jpeg 80w, https:\/\/maisonecodistribution.com\/eboutique\/wp-content\/uploads\/2025\/11\/LogoHolzTechnicJPG_6565c78457954-36x36.jpeg 36w, https:\/\/maisonecodistribution.com\/eboutique\/wp-content\/uploads\/2025\/11\/LogoHolzTechnicJPG_6565c78457954-180x180.jpeg 180w, https:\/\/maisonecodistribution.com\/eboutique\/wp-content\/uploads\/2025\/11\/LogoHolzTechnicJPG_6565c78457954-120x120.jpeg 120w, https:\/\/maisonecodistribution.com\/eboutique\/wp-content\/uploads\/2025\/11\/LogoHolzTechnicJPG_6565c78457954-100x100.jpeg 100w\" sizes=\"auto, (max-width: 274px) 100vw, 274px\" \/><\/p>\n<p><a href=\"https:\/\/www.holztechnic.com\/\"><span class=\"wixui-rich-text__text\">HOLZ TECHNIC<\/span><\/a> est la marque de Rothoblaas qui, depuis plus de 10 ans, propose des produits pour la construction en bois au r\u00e9seau de distribution et \u00e0 ses clients.<\/p>\n<p>Gr\u00e2ce \u00e0 une exp\u00e9rience internationale et \u00e0 un r\u00e9seau de filiales strat\u00e9giquement implant\u00e9es dans le monde entier, nous sommes en mesure de garantir un support continu gr\u00e2ce \u00e0 notre vaste r\u00e9seau de vente qui propose un service o\u00f9 les produits et la ponctualit\u00e9 des livraisons sont toujours au premier plan.<\/p>\n<\/div><\/div><\/section>\n<section class='av_tab_section av_tab_section av-a4nn8-51255d398f2397d9e0b34ca3e4c5aa18'  itemscope=\"itemscope\" itemtype=\"https:\/\/schema.org\/CreativeWork\" ><div id='tab-id-3-tab' class='tab' role='tab' aria-selected=\"false\" tabindex=\"0\" data-fake-id='#tab-id-3' aria-controls='tab-id-3-content'  itemprop=\"headline\" ><span class='tab_icon avia-iconfont avia-font-entypo-fontello' data-av_icon='\ue817' data-av_iconfont='entypo-fontello' ><\/span>Plus d\u2019informations <\/div><div id='tab-id-3-content' class='tab_content' role='tabpanel' aria-labelledby='tab-id-3-tab' aria-hidden=\"true\"><div class='tab_inner_content invers-color'  itemprop=\"text\" ><table>\n<tbody>\n<tr>\n<td><b>PRODUIT<\/b><\/td>\n<td>\n<p style=\"text-align: center;\"><b>Prix HT<\/b><\/p>\n<\/td>\n<td>\n<p style=\"text-align: center;\"><b>Prix TTC<\/b><\/p>\n<\/td>\n<\/tr>\n<tr>\n<td>SNK 5&#215;50 &#8211; (200 pi\u00e8ces)<\/td>\n<td>\n<p style=\"text-align: center;\">14,25 \u20ac \/ unit\u00e9<\/p>\n<\/td>\n<td>\n<p style=\"text-align: center;\">17,10 \u20ac \/ unit\u00e9<\/p>\n<\/td>\n<\/tr>\n<tr>\n<td>SNK 5&#215;60 &#8211; (200 pi\u00e8ces)<\/td>\n<td>\n<p style=\"text-align: center;\">15,00 \u20ac \/ unit\u00e9<\/p>\n<\/td>\n<td>\n<p style=\"text-align: center;\">18,00 \u20ac \/ unit\u00e9<\/p>\n<\/td>\n<\/tr>\n<tr>\n<td>SNK 5&#215;70 &#8211; (100 pi\u00e8ces)<\/td>\n<td>\n<p style=\"text-align: center;\">9,88 \u20ac \/ unit\u00e9<\/p>\n<\/td>\n<td>\n<p style=\"text-align: center;\">11,85 \u20ac \/ unit\u00e9<\/p>\n<\/td>\n<\/tr>\n<tr>\n<td>SNK 5&#215;80 &#8211; (100 pi\u00e8ces)<\/td>\n<td>\n<p style=\"text-align: center;\">11,60 \u20ac \/ unit\u00e9<\/p>\n<\/td>\n<td>\n<p style=\"text-align: center;\">13,92 \u20ac \/ unit\u00e9<\/p>\n<\/td>\n<\/tr>\n<tr>\n<td>SNK 5&#215;90 &#8211; (100 pi\u00e8ces)<\/td>\n<td>\n<p style=\"text-align: center;\">12,73 \u20ac \/ unit\u00e9<\/p>\n<\/td>\n<td>\n<p style=\"text-align: center;\">15,27 \u20ac \/ unit\u00e9<\/p>\n<\/td>\n<\/tr>\n<tr>\n<td>SNK 5&#215;100 &#8211; (100 pi\u00e8ces)<\/td>\n<td>\n<p style=\"text-align: center;\">14,25 \u20ac \/ unit\u00e9<\/p>\n<\/td>\n<td>\n<p style=\"text-align: center;\">17,10 \u20ac \/ unit\u00e9<\/p>\n<\/td>\n<\/tr>\n<tr>\n<td>SNK 5&#215;120 &#8211; (100 pi\u00e8ces)<\/td>\n<td>\n<p style=\"text-align: center;\">18,25 \u20ac \/ unit\u00e9<\/p>\n<\/td>\n<td>\n<p style=\"text-align: center;\">21,90 \u20ac \/ unit\u00e9<\/p>\n<\/td>\n<\/tr>\n<\/tbody>\n<\/table>\n<\/div><\/div><\/section>\n<\/div>\n","protected":false},"excerpt":{"rendered":"<div class=\"page\" title=\"Page 1\">\n<div class=\"layoutArea\">\n<div class=\"column\">\n<p><strong>Vis universelle<\/strong> homologu\u00e9e pour des applications structurelles vari\u00e9es, d<strong>e la petite charpente au b\u00e2timent en bois.<\/strong><\/p>\n<\/div>\n<\/div>\n<\/div>\n","protected":false},"featured_media":5224,"template":"","meta":[],"product_brand":[],"product_cat":[1654,33,34,32,31,21,44,43,42],"product_tag":[],"class_list":{"0":"post-5214","1":"product","2":"type-product","3":"status-publish","4":"has-post-thumbnail","6":"product_cat-grosoeuvre-bois","7":"product_cat-contreventement-chapes-cloisons","8":"product_cat-finitions-exterieures-bois","9":"product_cat-gros-oeuvre","10":"product_cat-structure-bois","11":"product_cat-quincaillerie-outillage","12":"product_cat-entretien","13":"product_cat-outils","14":"product_cat-visserie","16":"first","17":"instock","18":"taxable","19":"shipping-taxable","20":"purchasable","21":"product-type-variable"},"yoast_head":"<!-- This site is optimized with the Yoast SEO plugin v25.1 - https:\/\/yoast.com\/wordpress\/plugins\/seo\/ -->\n<title>Vis pour Bois et T\u00eate Frais\u00e9e - SNK diam. 5 | Maison \u00c9co Distribution<\/title>\n<meta name=\"description\" content=\"Vis universelle homologu\u00e9e pour des applications structurelles vari\u00e9es, de la petite charpente au b\u00e2timent en bois.\" \/>\n<meta name=\"robots\" content=\"index, follow, max-snippet:-1, max-image-preview:large, max-video-preview:-1\" \/>\n<link rel=\"canonical\" href=\"https:\/\/maisonecodistribution.com\/eboutique\/produit\/vis-pour-bois-et-tete-fraisee-snk-diam-5\/\" \/>\n<meta property=\"og:locale\" content=\"fr_FR\" \/>\n<meta property=\"og:type\" content=\"article\" \/>\n<meta property=\"og:title\" content=\"Vis pour Bois et T\u00eate Frais\u00e9e - SNK diam. 5 | Maison \u00c9co Distribution\" \/>\n<meta property=\"og:description\" content=\"Vis universelle homologu\u00e9e pour des applications structurelles vari\u00e9es, de la petite charpente au b\u00e2timent en bois.\" \/>\n<meta property=\"og:url\" content=\"https:\/\/maisonecodistribution.com\/eboutique\/produit\/vis-pour-bois-et-tete-fraisee-snk-diam-5\/\" \/>\n<meta property=\"og:site_name\" content=\"Maison \u00c9co Distribution\" \/>\n<meta property=\"article:publisher\" content=\"https:\/\/www.facebook.com\/maisonecodistribution\" \/>\n<meta property=\"article:modified_time\" content=\"2025-11-21T14:00:42+00:00\" \/>\n<meta property=\"og:image\" content=\"https:\/\/maisonecodistribution.com\/eboutique\/wp-content\/uploads\/2025\/11\/IMG_8111-1030x673.jpg\" \/>\n\t<meta property=\"og:image:width\" content=\"1030\" \/>\n\t<meta property=\"og:image:height\" content=\"673\" \/>\n\t<meta property=\"og:image:type\" content=\"image\/jpeg\" \/>\n<meta name=\"twitter:card\" content=\"summary_large_image\" \/>\n<meta name=\"twitter:label1\" content=\"Disponibilit\u00e9\" \/>\n\t<meta name=\"twitter:data1\" content=\"En stock\" \/>\n<script type=\"application\/ld+json\" class=\"yoast-schema-graph\">{\"@context\":\"https:\/\/schema.org\",\"@graph\":[{\"@type\":[\"WebPage\",\"ItemPage\"],\"@id\":\"https:\/\/maisonecodistribution.com\/eboutique\/produit\/vis-pour-bois-et-tete-fraisee-snk-diam-5\/\",\"url\":\"https:\/\/maisonecodistribution.com\/eboutique\/produit\/vis-pour-bois-et-tete-fraisee-snk-diam-5\/\",\"name\":\"Vis pour Bois et T\u00eate Frais\u00e9e - SNK diam. 5 | Maison \u00c9co Distribution\",\"isPartOf\":{\"@id\":\"https:\/\/maisonecodistribution.com\/eboutique\/#website\"},\"primaryImageOfPage\":{\"@id\":\"https:\/\/maisonecodistribution.com\/eboutique\/produit\/vis-pour-bois-et-tete-fraisee-snk-diam-5\/#primaryimage\"},\"image\":{\"@id\":\"https:\/\/maisonecodistribution.com\/eboutique\/produit\/vis-pour-bois-et-tete-fraisee-snk-diam-5\/#primaryimage\"},\"thumbnailUrl\":\"https:\/\/maisonecodistribution.com\/eboutique\/wp-content\/uploads\/2025\/11\/IMG_8111-scaled.jpg\",\"datePublished\":\"2025-11-20T12:45:20+00:00\",\"dateModified\":\"2025-11-21T14:00:42+00:00\",\"description\":\"Vis universelle homologu\u00e9e pour des applications structurelles vari\u00e9es, de la petite charpente au b\u00e2timent en bois.\",\"breadcrumb\":{\"@id\":\"https:\/\/maisonecodistribution.com\/eboutique\/produit\/vis-pour-bois-et-tete-fraisee-snk-diam-5\/#breadcrumb\"},\"inLanguage\":\"fr-FR\",\"potentialAction\":[{\"@type\":\"ReadAction\",\"target\":[\"https:\/\/maisonecodistribution.com\/eboutique\/produit\/vis-pour-bois-et-tete-fraisee-snk-diam-5\/\"]}]},{\"@type\":\"ImageObject\",\"inLanguage\":\"fr-FR\",\"@id\":\"https:\/\/maisonecodistribution.com\/eboutique\/produit\/vis-pour-bois-et-tete-fraisee-snk-diam-5\/#primaryimage\",\"url\":\"https:\/\/maisonecodistribution.com\/eboutique\/wp-content\/uploads\/2025\/11\/IMG_8111-scaled.jpg\",\"contentUrl\":\"https:\/\/maisonecodistribution.com\/eboutique\/wp-content\/uploads\/2025\/11\/IMG_8111-scaled.jpg\",\"width\":2560,\"height\":1674},{\"@type\":\"BreadcrumbList\",\"@id\":\"https:\/\/maisonecodistribution.com\/eboutique\/produit\/vis-pour-bois-et-tete-fraisee-snk-diam-5\/#breadcrumb\",\"itemListElement\":[{\"@type\":\"ListItem\",\"position\":1,\"name\":\"Home\",\"item\":\"https:\/\/maisonecodistribution.com\/eboutique\/\"},{\"@type\":\"ListItem\",\"position\":2,\"name\":\"CATALOGUE\",\"item\":\"https:\/\/maisonecodistribution.com\/eboutique\/catalogue\/\"},{\"@type\":\"ListItem\",\"position\":3,\"name\":\"Vis pour Bois et T\u00eate Frais\u00e9e &#8211; SNK diam. 5\"}]},{\"@type\":\"WebSite\",\"@id\":\"https:\/\/maisonecodistribution.com\/eboutique\/#website\",\"url\":\"https:\/\/maisonecodistribution.com\/eboutique\/\",\"name\":\"Maison \u00c9co Distribution\",\"description\":\"Tout pour un habitat sain\",\"publisher\":{\"@id\":\"https:\/\/maisonecodistribution.com\/eboutique\/#organization\"},\"potentialAction\":[{\"@type\":\"SearchAction\",\"target\":{\"@type\":\"EntryPoint\",\"urlTemplate\":\"https:\/\/maisonecodistribution.com\/eboutique\/?s={search_term_string}\"},\"query-input\":{\"@type\":\"PropertyValueSpecification\",\"valueRequired\":true,\"valueName\":\"search_term_string\"}}],\"inLanguage\":\"fr-FR\"},{\"@type\":\"Organization\",\"@id\":\"https:\/\/maisonecodistribution.com\/eboutique\/#organization\",\"name\":\"Maison \u00c9co Distribution\",\"url\":\"https:\/\/maisonecodistribution.com\/eboutique\/\",\"logo\":{\"@type\":\"ImageObject\",\"inLanguage\":\"fr-FR\",\"@id\":\"https:\/\/maisonecodistribution.com\/eboutique\/#\/schema\/logo\/image\/\",\"url\":\"https:\/\/maisonecodistribution.com\/eboutique\/wp-content\/uploads\/2024\/07\/logo-maison-eco-1.png\",\"contentUrl\":\"https:\/\/maisonecodistribution.com\/eboutique\/wp-content\/uploads\/2024\/07\/logo-maison-eco-1.png\",\"width\":300,\"height\":321,\"caption\":\"Maison \u00c9co Distribution\"},\"image\":{\"@id\":\"https:\/\/maisonecodistribution.com\/eboutique\/#\/schema\/logo\/image\/\"},\"sameAs\":[\"https:\/\/www.facebook.com\/maisonecodistribution\"]}]}<\/script>\n<meta property=\"og:availability\" content=\"instock\" \/>\n<meta property=\"product:availability\" content=\"instock\" \/>\n<meta property=\"product:condition\" content=\"new\" \/>\n<!-- \/ Yoast SEO plugin. -->","yoast_head_json":{"title":"Vis pour Bois et T\u00eate Frais\u00e9e - SNK diam. 5 | Maison \u00c9co Distribution","description":"Vis universelle homologu\u00e9e pour des applications structurelles vari\u00e9es, de la petite charpente au b\u00e2timent en bois.","robots":{"index":"index","follow":"follow","max-snippet":"max-snippet:-1","max-image-preview":"max-image-preview:large","max-video-preview":"max-video-preview:-1"},"canonical":"https:\/\/maisonecodistribution.com\/eboutique\/produit\/vis-pour-bois-et-tete-fraisee-snk-diam-5\/","og_locale":"fr_FR","og_type":"article","og_title":"Vis pour Bois et T\u00eate Frais\u00e9e - SNK diam. 5 | Maison \u00c9co Distribution","og_description":"Vis universelle homologu\u00e9e pour des applications structurelles vari\u00e9es, de la petite charpente au b\u00e2timent en bois.","og_url":"https:\/\/maisonecodistribution.com\/eboutique\/produit\/vis-pour-bois-et-tete-fraisee-snk-diam-5\/","og_site_name":"Maison \u00c9co Distribution","article_publisher":"https:\/\/www.facebook.com\/maisonecodistribution","article_modified_time":"2025-11-21T14:00:42+00:00","og_image":[{"width":1030,"height":673,"url":"https:\/\/maisonecodistribution.com\/eboutique\/wp-content\/uploads\/2025\/11\/IMG_8111-1030x673.jpg","type":"image\/jpeg"}],"twitter_card":"summary_large_image","twitter_misc":{"Disponibilit\u00e9":"En stock"},"schema":{"@context":"https:\/\/schema.org","@graph":[{"@type":["WebPage","ItemPage"],"@id":"https:\/\/maisonecodistribution.com\/eboutique\/produit\/vis-pour-bois-et-tete-fraisee-snk-diam-5\/","url":"https:\/\/maisonecodistribution.com\/eboutique\/produit\/vis-pour-bois-et-tete-fraisee-snk-diam-5\/","name":"Vis pour Bois et T\u00eate Frais\u00e9e - SNK diam. 5 | Maison \u00c9co Distribution","isPartOf":{"@id":"https:\/\/maisonecodistribution.com\/eboutique\/#website"},"primaryImageOfPage":{"@id":"https:\/\/maisonecodistribution.com\/eboutique\/produit\/vis-pour-bois-et-tete-fraisee-snk-diam-5\/#primaryimage"},"image":{"@id":"https:\/\/maisonecodistribution.com\/eboutique\/produit\/vis-pour-bois-et-tete-fraisee-snk-diam-5\/#primaryimage"},"thumbnailUrl":"https:\/\/maisonecodistribution.com\/eboutique\/wp-content\/uploads\/2025\/11\/IMG_8111-scaled.jpg","datePublished":"2025-11-20T12:45:20+00:00","dateModified":"2025-11-21T14:00:42+00:00","description":"Vis universelle homologu\u00e9e pour des applications structurelles vari\u00e9es, de la petite charpente au b\u00e2timent en bois.","breadcrumb":{"@id":"https:\/\/maisonecodistribution.com\/eboutique\/produit\/vis-pour-bois-et-tete-fraisee-snk-diam-5\/#breadcrumb"},"inLanguage":"fr-FR","potentialAction":[{"@type":"ReadAction","target":["https:\/\/maisonecodistribution.com\/eboutique\/produit\/vis-pour-bois-et-tete-fraisee-snk-diam-5\/"]}]},{"@type":"ImageObject","inLanguage":"fr-FR","@id":"https:\/\/maisonecodistribution.com\/eboutique\/produit\/vis-pour-bois-et-tete-fraisee-snk-diam-5\/#primaryimage","url":"https:\/\/maisonecodistribution.com\/eboutique\/wp-content\/uploads\/2025\/11\/IMG_8111-scaled.jpg","contentUrl":"https:\/\/maisonecodistribution.com\/eboutique\/wp-content\/uploads\/2025\/11\/IMG_8111-scaled.jpg","width":2560,"height":1674},{"@type":"BreadcrumbList","@id":"https:\/\/maisonecodistribution.com\/eboutique\/produit\/vis-pour-bois-et-tete-fraisee-snk-diam-5\/#breadcrumb","itemListElement":[{"@type":"ListItem","position":1,"name":"Home","item":"https:\/\/maisonecodistribution.com\/eboutique\/"},{"@type":"ListItem","position":2,"name":"CATALOGUE","item":"https:\/\/maisonecodistribution.com\/eboutique\/catalogue\/"},{"@type":"ListItem","position":3,"name":"Vis pour Bois et T\u00eate Frais\u00e9e &#8211; SNK diam. 5"}]},{"@type":"WebSite","@id":"https:\/\/maisonecodistribution.com\/eboutique\/#website","url":"https:\/\/maisonecodistribution.com\/eboutique\/","name":"Maison \u00c9co Distribution","description":"Tout pour un habitat sain","publisher":{"@id":"https:\/\/maisonecodistribution.com\/eboutique\/#organization"},"potentialAction":[{"@type":"SearchAction","target":{"@type":"EntryPoint","urlTemplate":"https:\/\/maisonecodistribution.com\/eboutique\/?s={search_term_string}"},"query-input":{"@type":"PropertyValueSpecification","valueRequired":true,"valueName":"search_term_string"}}],"inLanguage":"fr-FR"},{"@type":"Organization","@id":"https:\/\/maisonecodistribution.com\/eboutique\/#organization","name":"Maison \u00c9co Distribution","url":"https:\/\/maisonecodistribution.com\/eboutique\/","logo":{"@type":"ImageObject","inLanguage":"fr-FR","@id":"https:\/\/maisonecodistribution.com\/eboutique\/#\/schema\/logo\/image\/","url":"https:\/\/maisonecodistribution.com\/eboutique\/wp-content\/uploads\/2024\/07\/logo-maison-eco-1.png","contentUrl":"https:\/\/maisonecodistribution.com\/eboutique\/wp-content\/uploads\/2024\/07\/logo-maison-eco-1.png","width":300,"height":321,"caption":"Maison \u00c9co Distribution"},"image":{"@id":"https:\/\/maisonecodistribution.com\/eboutique\/#\/schema\/logo\/image\/"},"sameAs":["https:\/\/www.facebook.com\/maisonecodistribution"]}]},"og_availability":"instock","product_availability":"instock","product_condition":"new"},"_links":{"self":[{"href":"https:\/\/maisonecodistribution.com\/eboutique\/wp-json\/wp\/v2\/product\/5214","targetHints":{"allow":["GET"]}}],"collection":[{"href":"https:\/\/maisonecodistribution.com\/eboutique\/wp-json\/wp\/v2\/product"}],"about":[{"href":"https:\/\/maisonecodistribution.com\/eboutique\/wp-json\/wp\/v2\/types\/product"}],"wp:featuredmedia":[{"embeddable":true,"href":"https:\/\/maisonecodistribution.com\/eboutique\/wp-json\/wp\/v2\/media\/5224"}],"wp:attachment":[{"href":"https:\/\/maisonecodistribution.com\/eboutique\/wp-json\/wp\/v2\/media?parent=5214"}],"wp:term":[{"taxonomy":"product_brand","embeddable":true,"href":"https:\/\/maisonecodistribution.com\/eboutique\/wp-json\/wp\/v2\/product_brand?post=5214"},{"taxonomy":"product_cat","embeddable":true,"href":"https:\/\/maisonecodistribution.com\/eboutique\/wp-json\/wp\/v2\/product_cat?post=5214"},{"taxonomy":"product_tag","embeddable":true,"href":"https:\/\/maisonecodistribution.com\/eboutique\/wp-json\/wp\/v2\/product_tag?post=5214"}],"curies":[{"name":"wp","href":"https:\/\/api.w.org\/{rel}","templated":true}]}}