{"id":5196,"date":"2025-11-17T15:50:01","date_gmt":"2025-11-17T14:50:01","guid":{"rendered":"https:\/\/maisonecodistribution.com\/eboutique\/?post_type=product&#038;p=5196"},"modified":"2025-11-17T16:23:53","modified_gmt":"2025-11-17T15:23:53","slug":"colle-carrelage-sol-et-mur-ecologique","status":"publish","type":"product","link":"https:\/\/maisonecodistribution.com\/eboutique\/produit\/colle-carrelage-sol-et-mur-ecologique\/","title":{"rendered":"Colle \u00e0 Carrelage Pour Sol et Mur"},"content":{"rendered":"<div id=\"product-description-short-40\" class=\"product-desc\">\n<p>La <strong>Colle Carrelage Nature et Harmonie\u00ae<\/strong> est une colle sans odeur, sans COV et sans formald\u00e9hyde. Elle permet la pose de carrelage \u00e0 l\u2019int\u00e9rieur et \u00e0 l\u2019ext\u00e9rieur, au sol ainsi qu\u2019en pose murale. Elle convient pour tous les types de carreaux : c\u00e9ramique, terre cuite, carreaux \u00e9maill\u00e9s, pierres naturelles, \u00e9maux mosa\u00efques, fa\u00efences\u2026 Cette <strong>colle carrelage<\/strong> flex convient pour la pose de carrelage grand format tel que 60 x 60 cm, 80 x 80 cm et m\u00eame 120 x 120 cm.<\/p>\n<p>Blanche, d\u2019application facile et d\u2019une excellente adh\u00e9rence, cette colle carrelage r\u00e9siste \u00e0 des temp\u00e9ratures extr\u00eames (-30\u00b0C \u00e0 +70\u00b0C) ainsi qu\u2019\u00e0 l\u2019immersion dans l\u2019eau donc le carrelage ne se d\u00e9colle pas en cas de d\u00e9g\u00e2t des eaux. De plus, elle permet au support de continuer \u00e0 respirer tout en r\u00e9gulant l\u2019humidit\u00e9. Elle est compatible avec les syst\u00e8mes de chauffage par le sol (plancher chauffant) et peut \u00eatre \u00e9galement employ\u00e9e sur chape anhydrite apr\u00e8s application d\u2019un primaire sp\u00e9cial chape anhydrite.<\/p>\n<p><b>Les + du produit :<\/b><\/p>\n<\/div>\n<div class=\"page\" title=\"Page 1\">\n<div class=\"layoutArea\">\n<div class=\"column\">\n<ul>\n<li>Colle carrelage sans odeur, sans COV, sans biocide et sans formald\u00e9hyde.<\/li>\n<li>Mortier colle en poudre soluble dans l\u2019eau.<\/li>\n<li>Pour la pose de carrelage int\u00e9rieure et ext\u00e9rieure.<\/li>\n<li>Tr\u00e8s facile d\u2019application.<\/li>\n<li>Performances exceptionnelles.<\/li>\n<li>R\u00e9siste \u00e0 un d\u00e9g\u00e2t des eaux (immersion de plus de 72h dans l\u2019eau sans d\u00e9collement)<\/li>\n<li>Compatible avec les planchers chauffants.<\/li>\n<\/ul>\n<p align=\"justify\"><strong>Conditionnement :<\/strong>\u00a0 5 Kg et 25 Kg<br \/>\n<em>Le conditionnement de 25 Kg est disponible directement en magasin.\u00a0<\/em><\/p>\n<\/div>\n<\/div>\n<\/div>\n<p><strong>Pr\u00e9caution d&#8217;emploi<\/strong> : Bien lire la fiche technique t\u00e9l\u00e9chargeable sur notre site ou disponible aupr\u00e8s de nos commerciaux.<\/p>\n<p>Calculez la quantit\u00e9 de peinture dont vous avez besoin avec le <a href=\"https:\/\/www.natureetharmonie.fr\/calculateur-de-surface\/\">simulateur de surface de Nature et Harmonie.\u00a0<\/a><\/p>\n<div  class='tabcontainer av-w1a2s-421fcc50b6ad35202a86b6fd3e7b11b1 top_tab  avia-builder-el-0  avia-builder-el-no-sibling '>\n<section class='av_tab_section av_tab_section av-raeuc-3ca0ff038ff76ed26b9240b8bb3516e9'  itemscope=\"itemscope\" itemtype=\"https:\/\/schema.org\/CreativeWork\" ><div id='tab-id-1-tab' class='tab active_tab' role='tab' aria-selected=\"true\" tabindex=\"0\" data-fake-id='#tab-id-1' aria-controls='tab-id-1-content'  itemprop=\"headline\" ><span class='tab_icon avia-iconfont avia-font-entypo-fontello' data-av_icon='\ue84b' data-av_iconfont='entypo-fontello' ><\/span>Fiches Techniques<\/div><div id='tab-id-1-content' class='tab_content active_tab_content' role='tabpanel' aria-labelledby='tab-id-1-tab' aria-hidden=\"false\"><div class='tab_inner_content invers-color'  itemprop=\"text\" ><p><div  class='avia-button-wrap av-igylo-f58450144c4affe09b7ff80c80b84136-wrap avia-button-left  avia-builder-el-1  el_before_av_button  avia-builder-el-first '><a href='https:\/\/maisonecodistribution.com\/eboutique\/wp-content\/uploads\/2025\/11\/FT-Colle-Carrelage-Nature-et-Harmonie-2.pdf'  class='avia-button av-igylo-f58450144c4affe09b7ff80c80b84136 av-link-btn avia-icon_select-yes-left-icon avia-size-small avia-position-left av-icon-on-hover avia-color-theme-color'  target=\"_blank\"  rel=\"noopener noreferrer\"  aria-label=\"T\u00e9l\u00e9charger la fiche technique (PDF)\"><span class='avia_button_icon avia_button_icon_left avia-iconfont avia-font-entypo-fontello' data-av_icon='\ue82d' data-av_iconfont='entypo-fontello' ><\/span><span class='avia_iconbox_title' >T\u00e9l\u00e9charger la fiche technique (PDF)<\/span><\/a><\/div><br \/>\n<div  class='avia-button-wrap av-igylo-1-5a3469b1d58b8a139b5e992f18801999-wrap avia-button-left  avia-builder-el-2  el_after_av_button  avia-builder-el-last '><a href='https:\/\/maisonecodistribution.com\/eboutique\/wp-content\/uploads\/2025\/11\/COLLE-CARRELAGE_25kg_220x220.pdf'  class='avia-button av-igylo-1-5a3469b1d58b8a139b5e992f18801999 av-link-btn avia-icon_select-yes-left-icon avia-size-small avia-position-left av-icon-on-hover avia-color-theme-color'  target=\"_blank\"  rel=\"noopener noreferrer\"  aria-label=\"Click me\"><span class='avia_button_icon avia_button_icon_left avia-iconfont avia-font-entypo-fontello' data-av_icon='\ue82d' data-av_iconfont='entypo-fontello' ><\/span><span class='avia_iconbox_title' >Click me<\/span><\/a><\/div><\/p>\n<\/div><\/div><\/section>\n<section class='av_tab_section av_tab_section av-f3tho-673245044c8cd2155e38098f98d96955'  itemscope=\"itemscope\" itemtype=\"https:\/\/schema.org\/CreativeWork\" ><div id='tab-id-2-tab' class='tab' role='tab' aria-selected=\"false\" tabindex=\"0\" data-fake-id='#tab-id-2' aria-controls='tab-id-2-content'  itemprop=\"headline\" ><span class='tab_icon avia-iconfont avia-font-entypo-fontello' data-av_icon='\ue81f' data-av_iconfont='entypo-fontello' ><\/span>\u00c0 propos de la marque<\/div><div id='tab-id-2-content' class='tab_content' role='tabpanel' aria-labelledby='tab-id-2-tab' aria-hidden=\"true\"><div class='tab_inner_content invers-color'  itemprop=\"text\" ><p><img loading=\"lazy\" decoding=\"async\" class=\"wp-image-5167 size-medium alignleft\" src=\"https:\/\/maisonecodistribution.com\/eboutique\/wp-content\/uploads\/2025\/11\/logo-natureharmonie-300x210.png\" alt=\"\" width=\"300\" height=\"210\" srcset=\"https:\/\/maisonecodistribution.com\/eboutique\/wp-content\/uploads\/2025\/11\/logo-natureharmonie-300x210.png 300w, https:\/\/maisonecodistribution.com\/eboutique\/wp-content\/uploads\/2025\/11\/logo-natureharmonie.png 360w\" sizes=\"auto, (max-width: 300px) 100vw, 300px\" \/><\/p>\n<p><a href=\"https:\/\/www.natureetharmonie.fr\" target=\"_blank\" rel=\"noopener noreferrer\">Nature et Harmonie <\/a>est engag\u00e9e depuis 20 ans dans une d\u00e9marche \u00e9cologique. Pr\u00e9curseurs en mati\u00e8re de d\u00e9coration naturelle en France, la marque s&#8217;emploie \u00e0 informer et \u00e0 convaincre de la n\u00e9cessit\u00e9 d\u2019utiliser des produits plus respectueux de l\u2019environnement alors que peu de gens avaient conscience de la nocivit\u00e9 de certains composants employ\u00e9s dans les <a title=\"Peinture int\u00e9rieure naturelle \u00e0 l'eau\" href=\"http:\/\/www.natureetharmonie.fr\/peintures-interieures-eau.html\">peintures<\/a>, les\u00a0<a title=\"Traitement \u00e9cologique du bois\" href=\"http:\/\/www.natureetharmonie.fr\/traitement-bois.html\">traitements du bois<\/a>\u00a0et les\u00a0<a title=\"Rev\u00eatement naturel de sol\" href=\"http:\/\/www.natureetharmonie.fr\/index.php?act=fmp&amp;id=5\">rev\u00eatements de sols<\/a>. La marque r\u00e9pond \u00e0 tous les projets, tant \u00e0 l\u2019int\u00e9rieur qu\u2019\u00e0 l\u2019ext\u00e9rieur, avec une gamme compl\u00e8te de produits pour les murs, pour le traitement du bois et des produits d\u2019entretien.<\/p>\n<p>Nature et Harmonie\u00ae cr\u00e9e des produits de qualit\u00e9, fabriqu\u00e9s exclusivement en France, \u00e0 partir d\u2019une s\u00e9lection rigoureuse de mati\u00e8res premi\u00e8res v\u00e9g\u00e9tales et min\u00e9rales, renouvelables et non-toxiques.<\/p>\n<\/div><\/div><\/section>\n<section class='av_tab_section av_tab_section av-a4nn8-51255d398f2397d9e0b34ca3e4c5aa18'  itemscope=\"itemscope\" itemtype=\"https:\/\/schema.org\/CreativeWork\" ><div id='tab-id-3-tab' class='tab' role='tab' aria-selected=\"false\" tabindex=\"0\" data-fake-id='#tab-id-3' aria-controls='tab-id-3-content'  itemprop=\"headline\" ><span class='tab_icon avia-iconfont avia-font-entypo-fontello' data-av_icon='\ue817' data-av_iconfont='entypo-fontello' ><\/span>Plus d\u2019informations <\/div><div id='tab-id-3-content' class='tab_content' role='tabpanel' aria-labelledby='tab-id-3-tab' aria-hidden=\"true\"><div class='tab_inner_content invers-color'  itemprop=\"text\" ><table>\n<tbody>\n<tr>\n<td><b>PRODUIT<\/b><\/td>\n<td>\n<p style=\"text-align: center;\"><b>Prix HT<\/b><\/p>\n<\/td>\n<td>\n<p style=\"text-align: center;\"><b>Prix TTC<\/b><\/p>\n<\/td>\n<\/tr>\n<tr>\n<td>COLLE A CARRELAGE SOL ET MUR &#8211; 5 kg<\/td>\n<td>\n<p style=\"text-align: center;\">17,92 \u20ac \/ unit\u00e9<\/p>\n<\/td>\n<td>\n<p style=\"text-align: center;\">21,50 \u20ac \/ unit\u00e9<\/p>\n<\/td>\n<\/tr>\n<\/tbody>\n<\/table>\n<\/div><\/div><\/section>\n<\/div>\n","protected":false},"excerpt":{"rendered":"<div class=\"page\" title=\"Page 1\">\n<div class=\"layoutArea\">\n<div class=\"column\">\n<p>&nbsp;<\/p>\n<p><strong>Colle Carrelage \u00e9cologique Ultra R\u00e9sistante test\u00e9e et recommand\u00e9e par le magazine \u00ab\u00a060 Millions de Consommateurs\u00a0\u00bb<\/strong>.<\/p>\n<\/div>\n<\/div>\n<\/div>\n","protected":false},"featured_media":5199,"template":"","meta":[],"product_brand":[],"product_cat":[3074,18,38,1654,32],"product_tag":[],"class_list":{"0":"post-5196","1":"product","2":"type-product","3":"status-publish","4":"has-post-thumbnail","6":"product_cat-nature-harmonie","7":"product_cat-decoration-finition","8":"product_cat-protection-bois-et-autres-surfaces","9":"product_cat-grosoeuvre-bois","10":"product_cat-gros-oeuvre","12":"first","13":"instock","14":"taxable","15":"shipping-taxable","16":"purchasable","17":"product-type-simple"},"yoast_head":"<!-- This site is optimized with the Yoast SEO plugin v25.1 - https:\/\/yoast.com\/wordpress\/plugins\/seo\/ -->\n<title>Colle \u00e0 Carrelage Pour Sol et Mur | Maison \u00c9co Distribution<\/title>\n<meta name=\"description\" content=\"Colle Carrelage \u00e9cologique Ultra R\u00e9sistante test\u00e9e et recommand\u00e9e par le magazine \u00ab\u00a060 Millions de Consommateurs\u00a0\u00bb.\" \/>\n<meta name=\"robots\" content=\"index, follow, max-snippet:-1, max-image-preview:large, max-video-preview:-1\" \/>\n<link rel=\"canonical\" href=\"https:\/\/maisonecodistribution.com\/eboutique\/produit\/colle-carrelage-sol-et-mur-ecologique\/\" \/>\n<meta property=\"og:locale\" content=\"fr_FR\" \/>\n<meta property=\"og:type\" content=\"article\" \/>\n<meta property=\"og:title\" content=\"Colle \u00e0 Carrelage Pour Sol et Mur | Maison \u00c9co Distribution\" \/>\n<meta property=\"og:description\" content=\"Colle Carrelage \u00e9cologique Ultra R\u00e9sistante test\u00e9e et recommand\u00e9e par le magazine \u00ab\u00a060 Millions de Consommateurs\u00a0\u00bb.\" \/>\n<meta property=\"og:url\" content=\"https:\/\/maisonecodistribution.com\/eboutique\/produit\/colle-carrelage-sol-et-mur-ecologique\/\" \/>\n<meta property=\"og:site_name\" content=\"Maison \u00c9co Distribution\" \/>\n<meta property=\"article:publisher\" content=\"https:\/\/www.facebook.com\/maisonecodistribution\" \/>\n<meta property=\"article:modified_time\" content=\"2025-11-17T15:23:53+00:00\" \/>\n<meta property=\"og:image\" content=\"https:\/\/maisonecodistribution.com\/eboutique\/wp-content\/uploads\/2025\/11\/Nature_Harmonie_Colle_Carrelage.jpg.webp\" \/>\n\t<meta property=\"og:image:width\" content=\"1024\" \/>\n\t<meta property=\"og:image:height\" content=\"1024\" \/>\n\t<meta property=\"og:image:type\" content=\"image\/webp\" \/>\n<meta name=\"twitter:card\" content=\"summary_large_image\" \/>\n<meta name=\"twitter:label1\" content=\"Prix\" \/>\n\t<meta name=\"twitter:data1\" content=\"21,50&nbsp;&euro; TTC\" \/>\n\t<meta name=\"twitter:label2\" content=\"Disponibilit\u00e9\" \/>\n\t<meta name=\"twitter:data2\" content=\"En stock\" \/>\n<script type=\"application\/ld+json\" class=\"yoast-schema-graph\">{\"@context\":\"https:\/\/schema.org\",\"@graph\":[{\"@type\":[\"WebPage\",\"ItemPage\"],\"@id\":\"https:\/\/maisonecodistribution.com\/eboutique\/produit\/colle-carrelage-sol-et-mur-ecologique\/\",\"url\":\"https:\/\/maisonecodistribution.com\/eboutique\/produit\/colle-carrelage-sol-et-mur-ecologique\/\",\"name\":\"Colle \u00e0 Carrelage Pour Sol et Mur | Maison \u00c9co Distribution\",\"isPartOf\":{\"@id\":\"https:\/\/maisonecodistribution.com\/eboutique\/#website\"},\"primaryImageOfPage\":{\"@id\":\"https:\/\/maisonecodistribution.com\/eboutique\/produit\/colle-carrelage-sol-et-mur-ecologique\/#primaryimage\"},\"image\":{\"@id\":\"https:\/\/maisonecodistribution.com\/eboutique\/produit\/colle-carrelage-sol-et-mur-ecologique\/#primaryimage\"},\"thumbnailUrl\":\"https:\/\/maisonecodistribution.com\/eboutique\/wp-content\/uploads\/2025\/11\/Nature_Harmonie_Colle_Carrelage.jpg.webp\",\"datePublished\":\"2025-11-17T14:50:01+00:00\",\"dateModified\":\"2025-11-17T15:23:53+00:00\",\"description\":\"Colle Carrelage \u00e9cologique Ultra R\u00e9sistante test\u00e9e et recommand\u00e9e par le magazine \u00ab\u00a060 Millions de Consommateurs\u00a0\u00bb.\",\"breadcrumb\":{\"@id\":\"https:\/\/maisonecodistribution.com\/eboutique\/produit\/colle-carrelage-sol-et-mur-ecologique\/#breadcrumb\"},\"inLanguage\":\"fr-FR\",\"potentialAction\":[{\"@type\":\"ReadAction\",\"target\":[\"https:\/\/maisonecodistribution.com\/eboutique\/produit\/colle-carrelage-sol-et-mur-ecologique\/\"]}]},{\"@type\":\"ImageObject\",\"inLanguage\":\"fr-FR\",\"@id\":\"https:\/\/maisonecodistribution.com\/eboutique\/produit\/colle-carrelage-sol-et-mur-ecologique\/#primaryimage\",\"url\":\"https:\/\/maisonecodistribution.com\/eboutique\/wp-content\/uploads\/2025\/11\/Nature_Harmonie_Colle_Carrelage.jpg.webp\",\"contentUrl\":\"https:\/\/maisonecodistribution.com\/eboutique\/wp-content\/uploads\/2025\/11\/Nature_Harmonie_Colle_Carrelage.jpg.webp\",\"width\":1024,\"height\":1024},{\"@type\":\"BreadcrumbList\",\"@id\":\"https:\/\/maisonecodistribution.com\/eboutique\/produit\/colle-carrelage-sol-et-mur-ecologique\/#breadcrumb\",\"itemListElement\":[{\"@type\":\"ListItem\",\"position\":1,\"name\":\"Home\",\"item\":\"https:\/\/maisonecodistribution.com\/eboutique\/\"},{\"@type\":\"ListItem\",\"position\":2,\"name\":\"CATALOGUE\",\"item\":\"https:\/\/maisonecodistribution.com\/eboutique\/catalogue\/\"},{\"@type\":\"ListItem\",\"position\":3,\"name\":\"Colle \u00e0 Carrelage Pour Sol et Mur\"}]},{\"@type\":\"WebSite\",\"@id\":\"https:\/\/maisonecodistribution.com\/eboutique\/#website\",\"url\":\"https:\/\/maisonecodistribution.com\/eboutique\/\",\"name\":\"Maison \u00c9co Distribution\",\"description\":\"Tout pour un habitat sain\",\"publisher\":{\"@id\":\"https:\/\/maisonecodistribution.com\/eboutique\/#organization\"},\"potentialAction\":[{\"@type\":\"SearchAction\",\"target\":{\"@type\":\"EntryPoint\",\"urlTemplate\":\"https:\/\/maisonecodistribution.com\/eboutique\/?s={search_term_string}\"},\"query-input\":{\"@type\":\"PropertyValueSpecification\",\"valueRequired\":true,\"valueName\":\"search_term_string\"}}],\"inLanguage\":\"fr-FR\"},{\"@type\":\"Organization\",\"@id\":\"https:\/\/maisonecodistribution.com\/eboutique\/#organization\",\"name\":\"Maison \u00c9co Distribution\",\"url\":\"https:\/\/maisonecodistribution.com\/eboutique\/\",\"logo\":{\"@type\":\"ImageObject\",\"inLanguage\":\"fr-FR\",\"@id\":\"https:\/\/maisonecodistribution.com\/eboutique\/#\/schema\/logo\/image\/\",\"url\":\"https:\/\/maisonecodistribution.com\/eboutique\/wp-content\/uploads\/2024\/07\/logo-maison-eco-1.png\",\"contentUrl\":\"https:\/\/maisonecodistribution.com\/eboutique\/wp-content\/uploads\/2024\/07\/logo-maison-eco-1.png\",\"width\":300,\"height\":321,\"caption\":\"Maison \u00c9co Distribution\"},\"image\":{\"@id\":\"https:\/\/maisonecodistribution.com\/eboutique\/#\/schema\/logo\/image\/\"},\"sameAs\":[\"https:\/\/www.facebook.com\/maisonecodistribution\"]}]}<\/script>\n<meta property=\"product:price:amount\" content=\"21.50\" \/>\n<meta property=\"product:price:currency\" content=\"EUR\" \/>\n<meta property=\"og:availability\" content=\"instock\" \/>\n<meta property=\"product:availability\" content=\"instock\" \/>\n<meta property=\"product:condition\" content=\"new\" \/>\n<!-- \/ Yoast SEO plugin. -->","yoast_head_json":{"title":"Colle \u00e0 Carrelage Pour Sol et Mur | Maison \u00c9co Distribution","description":"Colle Carrelage \u00e9cologique Ultra R\u00e9sistante test\u00e9e et recommand\u00e9e par le magazine \u00ab\u00a060 Millions de Consommateurs\u00a0\u00bb.","robots":{"index":"index","follow":"follow","max-snippet":"max-snippet:-1","max-image-preview":"max-image-preview:large","max-video-preview":"max-video-preview:-1"},"canonical":"https:\/\/maisonecodistribution.com\/eboutique\/produit\/colle-carrelage-sol-et-mur-ecologique\/","og_locale":"fr_FR","og_type":"article","og_title":"Colle \u00e0 Carrelage Pour Sol et Mur | Maison \u00c9co Distribution","og_description":"Colle Carrelage \u00e9cologique Ultra R\u00e9sistante test\u00e9e et recommand\u00e9e par le magazine \u00ab\u00a060 Millions de Consommateurs\u00a0\u00bb.","og_url":"https:\/\/maisonecodistribution.com\/eboutique\/produit\/colle-carrelage-sol-et-mur-ecologique\/","og_site_name":"Maison \u00c9co Distribution","article_publisher":"https:\/\/www.facebook.com\/maisonecodistribution","article_modified_time":"2025-11-17T15:23:53+00:00","og_image":[{"width":1024,"height":1024,"url":"https:\/\/maisonecodistribution.com\/eboutique\/wp-content\/uploads\/2025\/11\/Nature_Harmonie_Colle_Carrelage.jpg.webp","type":"image\/webp"}],"twitter_card":"summary_large_image","twitter_misc":{"Prix":"21,50&nbsp;&euro; TTC","Disponibilit\u00e9":"En stock"},"schema":{"@context":"https:\/\/schema.org","@graph":[{"@type":["WebPage","ItemPage"],"@id":"https:\/\/maisonecodistribution.com\/eboutique\/produit\/colle-carrelage-sol-et-mur-ecologique\/","url":"https:\/\/maisonecodistribution.com\/eboutique\/produit\/colle-carrelage-sol-et-mur-ecologique\/","name":"Colle \u00e0 Carrelage Pour Sol et Mur | Maison \u00c9co Distribution","isPartOf":{"@id":"https:\/\/maisonecodistribution.com\/eboutique\/#website"},"primaryImageOfPage":{"@id":"https:\/\/maisonecodistribution.com\/eboutique\/produit\/colle-carrelage-sol-et-mur-ecologique\/#primaryimage"},"image":{"@id":"https:\/\/maisonecodistribution.com\/eboutique\/produit\/colle-carrelage-sol-et-mur-ecologique\/#primaryimage"},"thumbnailUrl":"https:\/\/maisonecodistribution.com\/eboutique\/wp-content\/uploads\/2025\/11\/Nature_Harmonie_Colle_Carrelage.jpg.webp","datePublished":"2025-11-17T14:50:01+00:00","dateModified":"2025-11-17T15:23:53+00:00","description":"Colle Carrelage \u00e9cologique Ultra R\u00e9sistante test\u00e9e et recommand\u00e9e par le magazine \u00ab\u00a060 Millions de Consommateurs\u00a0\u00bb.","breadcrumb":{"@id":"https:\/\/maisonecodistribution.com\/eboutique\/produit\/colle-carrelage-sol-et-mur-ecologique\/#breadcrumb"},"inLanguage":"fr-FR","potentialAction":[{"@type":"ReadAction","target":["https:\/\/maisonecodistribution.com\/eboutique\/produit\/colle-carrelage-sol-et-mur-ecologique\/"]}]},{"@type":"ImageObject","inLanguage":"fr-FR","@id":"https:\/\/maisonecodistribution.com\/eboutique\/produit\/colle-carrelage-sol-et-mur-ecologique\/#primaryimage","url":"https:\/\/maisonecodistribution.com\/eboutique\/wp-content\/uploads\/2025\/11\/Nature_Harmonie_Colle_Carrelage.jpg.webp","contentUrl":"https:\/\/maisonecodistribution.com\/eboutique\/wp-content\/uploads\/2025\/11\/Nature_Harmonie_Colle_Carrelage.jpg.webp","width":1024,"height":1024},{"@type":"BreadcrumbList","@id":"https:\/\/maisonecodistribution.com\/eboutique\/produit\/colle-carrelage-sol-et-mur-ecologique\/#breadcrumb","itemListElement":[{"@type":"ListItem","position":1,"name":"Home","item":"https:\/\/maisonecodistribution.com\/eboutique\/"},{"@type":"ListItem","position":2,"name":"CATALOGUE","item":"https:\/\/maisonecodistribution.com\/eboutique\/catalogue\/"},{"@type":"ListItem","position":3,"name":"Colle \u00e0 Carrelage Pour Sol et Mur"}]},{"@type":"WebSite","@id":"https:\/\/maisonecodistribution.com\/eboutique\/#website","url":"https:\/\/maisonecodistribution.com\/eboutique\/","name":"Maison \u00c9co Distribution","description":"Tout pour un habitat sain","publisher":{"@id":"https:\/\/maisonecodistribution.com\/eboutique\/#organization"},"potentialAction":[{"@type":"SearchAction","target":{"@type":"EntryPoint","urlTemplate":"https:\/\/maisonecodistribution.com\/eboutique\/?s={search_term_string}"},"query-input":{"@type":"PropertyValueSpecification","valueRequired":true,"valueName":"search_term_string"}}],"inLanguage":"fr-FR"},{"@type":"Organization","@id":"https:\/\/maisonecodistribution.com\/eboutique\/#organization","name":"Maison \u00c9co Distribution","url":"https:\/\/maisonecodistribution.com\/eboutique\/","logo":{"@type":"ImageObject","inLanguage":"fr-FR","@id":"https:\/\/maisonecodistribution.com\/eboutique\/#\/schema\/logo\/image\/","url":"https:\/\/maisonecodistribution.com\/eboutique\/wp-content\/uploads\/2024\/07\/logo-maison-eco-1.png","contentUrl":"https:\/\/maisonecodistribution.com\/eboutique\/wp-content\/uploads\/2024\/07\/logo-maison-eco-1.png","width":300,"height":321,"caption":"Maison \u00c9co Distribution"},"image":{"@id":"https:\/\/maisonecodistribution.com\/eboutique\/#\/schema\/logo\/image\/"},"sameAs":["https:\/\/www.facebook.com\/maisonecodistribution"]}]},"product_price_amount":"21.50","product_price_currency":"EUR","og_availability":"instock","product_availability":"instock","product_condition":"new"},"_links":{"self":[{"href":"https:\/\/maisonecodistribution.com\/eboutique\/wp-json\/wp\/v2\/product\/5196","targetHints":{"allow":["GET"]}}],"collection":[{"href":"https:\/\/maisonecodistribution.com\/eboutique\/wp-json\/wp\/v2\/product"}],"about":[{"href":"https:\/\/maisonecodistribution.com\/eboutique\/wp-json\/wp\/v2\/types\/product"}],"wp:featuredmedia":[{"embeddable":true,"href":"https:\/\/maisonecodistribution.com\/eboutique\/wp-json\/wp\/v2\/media\/5199"}],"wp:attachment":[{"href":"https:\/\/maisonecodistribution.com\/eboutique\/wp-json\/wp\/v2\/media?parent=5196"}],"wp:term":[{"taxonomy":"product_brand","embeddable":true,"href":"https:\/\/maisonecodistribution.com\/eboutique\/wp-json\/wp\/v2\/product_brand?post=5196"},{"taxonomy":"product_cat","embeddable":true,"href":"https:\/\/maisonecodistribution.com\/eboutique\/wp-json\/wp\/v2\/product_cat?post=5196"},{"taxonomy":"product_tag","embeddable":true,"href":"https:\/\/maisonecodistribution.com\/eboutique\/wp-json\/wp\/v2\/product_tag?post=5196"}],"curies":[{"name":"wp","href":"https:\/\/api.w.org\/{rel}","templated":true}]}}