{"id":5184,"date":"2025-11-17T14:40:31","date_gmt":"2025-11-17T13:40:31","guid":{"rendered":"https:\/\/maisonecodistribution.com\/eboutique\/?post_type=product&#038;p=5184"},"modified":"2025-11-17T16:24:24","modified_gmt":"2025-11-17T15:24:24","slug":"mastic-ecologique-multi-usage","status":"publish","type":"product","link":"https:\/\/maisonecodistribution.com\/eboutique\/produit\/mastic-ecologique-multi-usage\/","title":{"rendered":"Mastic Ecologique Multi-usages &#8211; BLANC"},"content":{"rendered":"<div id=\"product-description-short-40\" class=\"product-desc\">\n<p>Souple, inodore, sans phtalate, sans silicone et sans solvant, le <strong>Mastic \u00c9cologique Multi-Usages<\/strong> Nature et Harmonie\u00ae\u00a0s\u2019utilise \u00e0 l\u2019int\u00e9rieur comme \u00e0 l\u2019ext\u00e9rieur pour le bouchage de cavit\u00e9s, fentes et fissures, le calfeutrement entre dormant de menuiserie et ma\u00e7onnerie, la pose coll\u00e9e de plinthes, la r\u00e9alisation de joints d\u2019\u00e9tanch\u00e9it\u00e9s contre la poussi\u00e8re et l\u2019humidit\u00e9 pour les rev\u00eatements de sol et la r\u00e9alisation de joints entre les murs et le parquet (massif ou stratifi\u00e9) ainsi qu\u2019entre le carrelage et les plinthes. Il peut \u00eatre peint ou verni, poss\u00e8de une bonne adh\u00e9rence sur la plupart des mat\u00e9riaux et peut s\u2019appliquer sur support humide.<\/p>\n<p><b>Les + du produit :<\/b><\/p>\n<\/div>\n<div class=\"page\" title=\"Page 1\">\n<div class=\"layoutArea\">\n<div class=\"column\">\n<ul>\n<li>A l&rsquo;int\u00e9rieur comme \u00e0 l&rsquo;ext\u00e9rieur<\/li>\n<li>Facile d&rsquo;utilisation<\/li>\n<li>Sans odeur.<\/li>\n<\/ul>\n<p><strong>Conditionnement :<\/strong> cartouche de 310 ml<\/p>\n<\/div>\n<\/div>\n<\/div>\n<p><strong>Pr\u00e9caution d&#8217;emploi<\/strong> : Bien lire la fiche technique t\u00e9l\u00e9chargeable sur notre site ou disponible aupr\u00e8s de nos commerciaux.<\/p>\n<p>Calculez la quantit\u00e9 de peinture dont vous avez besoin avec le <a href=\"https:\/\/www.natureetharmonie.fr\/calculateur-de-surface\/\">simulateur de surface de Nature et Harmonie.\u00a0<\/a><\/p>\n<div  class='tabcontainer av-w1a2s-421fcc50b6ad35202a86b6fd3e7b11b1 top_tab  avia-builder-el-0  avia-builder-el-no-sibling '>\n<section class='av_tab_section av_tab_section av-raeuc-3ca0ff038ff76ed26b9240b8bb3516e9'  itemscope=\"itemscope\" itemtype=\"https:\/\/schema.org\/CreativeWork\" ><div id='tab-id-1-tab' class='tab active_tab' role='tab' aria-selected=\"true\" tabindex=\"0\" data-fake-id='#tab-id-1' aria-controls='tab-id-1-content'  itemprop=\"headline\" ><span class='tab_icon avia-iconfont avia-font-entypo-fontello' data-av_icon='\ue84b' data-av_iconfont='entypo-fontello' ><\/span>Fiches Techniques<\/div><div id='tab-id-1-content' class='tab_content active_tab_content' role='tabpanel' aria-labelledby='tab-id-1-tab' aria-hidden=\"false\"><div class='tab_inner_content invers-color'  itemprop=\"text\" ><div  class='avia-button-wrap av-igylo-460f7a30e24b9815178aa71f5b6f6def-wrap avia-button-left  avia-builder-el-1  avia-builder-el-no-sibling '><a href='https:\/\/maisonecodistribution.com\/eboutique\/wp-content\/uploads\/2025\/11\/Etiquette-Mastic_HD-2.pdf'  class='avia-button av-igylo-460f7a30e24b9815178aa71f5b6f6def av-link-btn avia-icon_select-yes-left-icon avia-size-small avia-position-left av-icon-on-hover avia-color-theme-color'  target=\"_blank\"  rel=\"noopener noreferrer\"  aria-label=\"T\u00e9l\u00e9charger la fiche technique (PDF)\"><span class='avia_button_icon avia_button_icon_left avia-iconfont avia-font-entypo-fontello' data-av_icon='\ue82d' data-av_iconfont='entypo-fontello' ><\/span><span class='avia_iconbox_title' >T\u00e9l\u00e9charger la fiche technique (PDF)<\/span><\/a><\/div>\n<\/div><\/div><\/section>\n<section class='av_tab_section av_tab_section av-f3tho-673245044c8cd2155e38098f98d96955'  itemscope=\"itemscope\" itemtype=\"https:\/\/schema.org\/CreativeWork\" ><div id='tab-id-2-tab' class='tab' role='tab' aria-selected=\"false\" tabindex=\"0\" data-fake-id='#tab-id-2' aria-controls='tab-id-2-content'  itemprop=\"headline\" ><span class='tab_icon avia-iconfont avia-font-entypo-fontello' data-av_icon='\ue81f' data-av_iconfont='entypo-fontello' ><\/span>\u00c0 propos de la marque<\/div><div id='tab-id-2-content' class='tab_content' role='tabpanel' aria-labelledby='tab-id-2-tab' aria-hidden=\"true\"><div class='tab_inner_content invers-color'  itemprop=\"text\" ><p><img loading=\"lazy\" decoding=\"async\" class=\"wp-image-5167 size-medium alignleft\" src=\"https:\/\/maisonecodistribution.com\/eboutique\/wp-content\/uploads\/2025\/11\/logo-natureharmonie-300x210.png\" alt=\"\" width=\"300\" height=\"210\" srcset=\"https:\/\/maisonecodistribution.com\/eboutique\/wp-content\/uploads\/2025\/11\/logo-natureharmonie-300x210.png 300w, https:\/\/maisonecodistribution.com\/eboutique\/wp-content\/uploads\/2025\/11\/logo-natureharmonie.png 360w\" sizes=\"auto, (max-width: 300px) 100vw, 300px\" \/><\/p>\n<p><a href=\"https:\/\/www.natureetharmonie.fr\" target=\"_blank\" rel=\"noopener noreferrer\">Nature et Harmonie <\/a>est engag\u00e9e depuis 20 ans dans une d\u00e9marche \u00e9cologique. Pr\u00e9curseurs en mati\u00e8re de d\u00e9coration naturelle en France, la marque s&#8217;emploie \u00e0 informer et \u00e0 convaincre de la n\u00e9cessit\u00e9 d\u2019utiliser des produits plus respectueux de l\u2019environnement alors que peu de gens avaient conscience de la nocivit\u00e9 de certains composants employ\u00e9s dans les <a title=\"Peinture int\u00e9rieure naturelle \u00e0 l'eau\" href=\"http:\/\/www.natureetharmonie.fr\/peintures-interieures-eau.html\">peintures<\/a>, les\u00a0<a title=\"Traitement \u00e9cologique du bois\" href=\"http:\/\/www.natureetharmonie.fr\/traitement-bois.html\">traitements du bois<\/a>\u00a0et les\u00a0<a title=\"Rev\u00eatement naturel de sol\" href=\"http:\/\/www.natureetharmonie.fr\/index.php?act=fmp&amp;id=5\">rev\u00eatements de sols<\/a>. La marque r\u00e9pond \u00e0 tous les projets, tant \u00e0 l\u2019int\u00e9rieur qu\u2019\u00e0 l\u2019ext\u00e9rieur, avec une gamme compl\u00e8te de produits pour les murs, pour le traitement du bois et des produits d\u2019entretien.<\/p>\n<p>Nature et Harmonie\u00ae cr\u00e9e des produits de qualit\u00e9, fabriqu\u00e9s exclusivement en France, \u00e0 partir d\u2019une s\u00e9lection rigoureuse de mati\u00e8res premi\u00e8res v\u00e9g\u00e9tales et min\u00e9rales, renouvelables et non-toxiques.<\/p>\n<\/div><\/div><\/section>\n<section class='av_tab_section av_tab_section av-a4nn8-51255d398f2397d9e0b34ca3e4c5aa18'  itemscope=\"itemscope\" itemtype=\"https:\/\/schema.org\/CreativeWork\" ><div id='tab-id-3-tab' class='tab' role='tab' aria-selected=\"false\" tabindex=\"0\" data-fake-id='#tab-id-3' aria-controls='tab-id-3-content'  itemprop=\"headline\" ><span class='tab_icon avia-iconfont avia-font-entypo-fontello' data-av_icon='\ue817' data-av_iconfont='entypo-fontello' ><\/span>Plus d\u2019informations <\/div><div id='tab-id-3-content' class='tab_content' role='tabpanel' aria-labelledby='tab-id-3-tab' aria-hidden=\"true\"><div class='tab_inner_content invers-color'  itemprop=\"text\" ><table>\n<tbody>\n<tr>\n<td><b>PRODUIT<\/b><\/td>\n<td>\n<p style=\"text-align: center;\"><b>Prix HT<\/b><\/p>\n<\/td>\n<td>\n<p style=\"text-align: center;\"><b>Prix TTC<\/b><\/p>\n<\/td>\n<\/tr>\n<tr>\n<td>MASTIC ECOLOGIQUE MULTI-USAGE &#8211; 310 ml<\/td>\n<td>\n<p style=\"text-align: center;\">9,13 \u20ac \/ unit\u00e9<\/p>\n<\/td>\n<td>\n<p style=\"text-align: center;\">10,96 \u20ac \/ unit\u00e9<\/p>\n<\/td>\n<\/tr>\n<\/tbody>\n<\/table>\n<\/div><\/div><\/section>\n<\/div>\n","protected":false},"excerpt":{"rendered":"<div class=\"page\" title=\"Page 1\">\n<div class=\"layoutArea\">\n<div class=\"column\">\n<p><img loading=\"lazy\" decoding=\"async\" class=\"alignnone wp-image-5171 size-medium\" src=\"https:\/\/maisonecodistribution.com\/eboutique\/wp-content\/uploads\/2025\/11\/Capture-decran-2025-11-17-a-13.39.04-300x91.png\" alt=\"\" width=\"300\" height=\"91\" srcset=\"https:\/\/maisonecodistribution.com\/eboutique\/wp-content\/uploads\/2025\/11\/Capture-decran-2025-11-17-a-13.39.04-300x91.png 300w, https:\/\/maisonecodistribution.com\/eboutique\/wp-content\/uploads\/2025\/11\/Capture-decran-2025-11-17-a-13.39.04-1030x314.png 1030w, https:\/\/maisonecodistribution.com\/eboutique\/wp-content\/uploads\/2025\/11\/Capture-decran-2025-11-17-a-13.39.04-768x234.png 768w, https:\/\/maisonecodistribution.com\/eboutique\/wp-content\/uploads\/2025\/11\/Capture-decran-2025-11-17-a-13.39.04-705x215.png 705w, https:\/\/maisonecodistribution.com\/eboutique\/wp-content\/uploads\/2025\/11\/Capture-decran-2025-11-17-a-13.39.04-450x137.png 450w, https:\/\/maisonecodistribution.com\/eboutique\/wp-content\/uploads\/2025\/11\/Capture-decran-2025-11-17-a-13.39.04-600x183.png 600w, https:\/\/maisonecodistribution.com\/eboutique\/wp-content\/uploads\/2025\/11\/Capture-decran-2025-11-17-a-13.39.04.png 1168w\" sizes=\"auto, (max-width: 300px) 100vw, 300px\" \/><\/p>\n<p>Fabriqu\u00e9 \u00e0 partir de mati\u00e8res premi\u00e8res rigoureusement s\u00e9lectionn\u00e9es, le <strong>Vernis Vitrificateur d\u2019aspect mat soyeux<\/strong> se caract\u00e9rise par des performances exceptionnelles : <strong>excellente duret\u00e9, haute r\u00e9sistance \u00e0 l\u2019abrasion, \u00e0 l\u2019usure, aux taches et aux rayures, excellente tenue \u00e0 l\u2019eau, s\u00e9chage tr\u00e8s rapide.<\/strong><\/p>\n<\/div>\n<\/div>\n<\/div>\n","protected":false},"featured_media":5187,"template":"","meta":[],"product_brand":[],"product_cat":[3074,18,38],"product_tag":[],"class_list":{"0":"post-5184","1":"product","2":"type-product","3":"status-publish","4":"has-post-thumbnail","6":"product_cat-nature-harmonie","7":"product_cat-decoration-finition","8":"product_cat-protection-bois-et-autres-surfaces","10":"first","11":"instock","12":"taxable","13":"shipping-taxable","14":"purchasable","15":"product-type-simple"},"yoast_head":"<!-- This site is optimized with the Yoast SEO plugin v25.1 - https:\/\/yoast.com\/wordpress\/plugins\/seo\/ -->\n<title>Mastic Ecologique Multi-usages - BLANC | Maison \u00c9co Distribution<\/title>\n<meta name=\"description\" content=\"Souple, inodore, sans silicone et sans solvant, le Mastic \u00c9cologique Multi-Usages Nature et Harmonie\u00ae\u00a0s\u2019utilise \u00e0 l\u2019int\u00e9rieur comme \u00e0 l\u2019ext\u00e9rieur.\" \/>\n<meta name=\"robots\" content=\"index, follow, max-snippet:-1, max-image-preview:large, max-video-preview:-1\" \/>\n<link rel=\"canonical\" href=\"https:\/\/maisonecodistribution.com\/eboutique\/produit\/mastic-ecologique-multi-usage\/\" \/>\n<meta property=\"og:locale\" content=\"fr_FR\" \/>\n<meta property=\"og:type\" content=\"article\" \/>\n<meta property=\"og:title\" content=\"Mastic Ecologique Multi-usages - BLANC | Maison \u00c9co Distribution\" \/>\n<meta property=\"og:description\" content=\"Souple, inodore, sans silicone et sans solvant, le Mastic \u00c9cologique Multi-Usages Nature et Harmonie\u00ae\u00a0s\u2019utilise \u00e0 l\u2019int\u00e9rieur comme \u00e0 l\u2019ext\u00e9rieur.\" \/>\n<meta property=\"og:url\" content=\"https:\/\/maisonecodistribution.com\/eboutique\/produit\/mastic-ecologique-multi-usage\/\" \/>\n<meta property=\"og:site_name\" content=\"Maison \u00c9co Distribution\" \/>\n<meta property=\"article:publisher\" content=\"https:\/\/www.facebook.com\/maisonecodistribution\" \/>\n<meta property=\"article:modified_time\" content=\"2025-11-17T15:24:24+00:00\" \/>\n<meta property=\"og:image\" content=\"https:\/\/maisonecodistribution.com\/eboutique\/wp-content\/uploads\/2025\/11\/mastic.webp\" \/>\n\t<meta property=\"og:image:width\" content=\"1024\" \/>\n\t<meta property=\"og:image:height\" content=\"1024\" \/>\n\t<meta property=\"og:image:type\" content=\"image\/webp\" \/>\n<meta name=\"twitter:card\" content=\"summary_large_image\" \/>\n<meta name=\"twitter:label1\" content=\"Prix\" \/>\n\t<meta name=\"twitter:data1\" content=\"10,96&nbsp;&euro; TTC\" \/>\n\t<meta name=\"twitter:label2\" content=\"Disponibilit\u00e9\" \/>\n\t<meta name=\"twitter:data2\" content=\"En stock\" \/>\n<script type=\"application\/ld+json\" class=\"yoast-schema-graph\">{\"@context\":\"https:\/\/schema.org\",\"@graph\":[{\"@type\":[\"WebPage\",\"ItemPage\"],\"@id\":\"https:\/\/maisonecodistribution.com\/eboutique\/produit\/mastic-ecologique-multi-usage\/\",\"url\":\"https:\/\/maisonecodistribution.com\/eboutique\/produit\/mastic-ecologique-multi-usage\/\",\"name\":\"Mastic Ecologique Multi-usages - BLANC | Maison \u00c9co Distribution\",\"isPartOf\":{\"@id\":\"https:\/\/maisonecodistribution.com\/eboutique\/#website\"},\"primaryImageOfPage\":{\"@id\":\"https:\/\/maisonecodistribution.com\/eboutique\/produit\/mastic-ecologique-multi-usage\/#primaryimage\"},\"image\":{\"@id\":\"https:\/\/maisonecodistribution.com\/eboutique\/produit\/mastic-ecologique-multi-usage\/#primaryimage\"},\"thumbnailUrl\":\"https:\/\/maisonecodistribution.com\/eboutique\/wp-content\/uploads\/2025\/11\/mastic.webp\",\"datePublished\":\"2025-11-17T13:40:31+00:00\",\"dateModified\":\"2025-11-17T15:24:24+00:00\",\"description\":\"Souple, inodore, sans silicone et sans solvant, le Mastic \u00c9cologique Multi-Usages Nature et Harmonie\u00ae\u00a0s\u2019utilise \u00e0 l\u2019int\u00e9rieur comme \u00e0 l\u2019ext\u00e9rieur.\",\"breadcrumb\":{\"@id\":\"https:\/\/maisonecodistribution.com\/eboutique\/produit\/mastic-ecologique-multi-usage\/#breadcrumb\"},\"inLanguage\":\"fr-FR\",\"potentialAction\":[{\"@type\":\"ReadAction\",\"target\":[\"https:\/\/maisonecodistribution.com\/eboutique\/produit\/mastic-ecologique-multi-usage\/\"]}]},{\"@type\":\"ImageObject\",\"inLanguage\":\"fr-FR\",\"@id\":\"https:\/\/maisonecodistribution.com\/eboutique\/produit\/mastic-ecologique-multi-usage\/#primaryimage\",\"url\":\"https:\/\/maisonecodistribution.com\/eboutique\/wp-content\/uploads\/2025\/11\/mastic.webp\",\"contentUrl\":\"https:\/\/maisonecodistribution.com\/eboutique\/wp-content\/uploads\/2025\/11\/mastic.webp\",\"width\":1024,\"height\":1024},{\"@type\":\"BreadcrumbList\",\"@id\":\"https:\/\/maisonecodistribution.com\/eboutique\/produit\/mastic-ecologique-multi-usage\/#breadcrumb\",\"itemListElement\":[{\"@type\":\"ListItem\",\"position\":1,\"name\":\"Home\",\"item\":\"https:\/\/maisonecodistribution.com\/eboutique\/\"},{\"@type\":\"ListItem\",\"position\":2,\"name\":\"CATALOGUE\",\"item\":\"https:\/\/maisonecodistribution.com\/eboutique\/catalogue\/\"},{\"@type\":\"ListItem\",\"position\":3,\"name\":\"Mastic Ecologique Multi-usages &#8211; BLANC\"}]},{\"@type\":\"WebSite\",\"@id\":\"https:\/\/maisonecodistribution.com\/eboutique\/#website\",\"url\":\"https:\/\/maisonecodistribution.com\/eboutique\/\",\"name\":\"Maison \u00c9co Distribution\",\"description\":\"Tout pour un habitat sain\",\"publisher\":{\"@id\":\"https:\/\/maisonecodistribution.com\/eboutique\/#organization\"},\"potentialAction\":[{\"@type\":\"SearchAction\",\"target\":{\"@type\":\"EntryPoint\",\"urlTemplate\":\"https:\/\/maisonecodistribution.com\/eboutique\/?s={search_term_string}\"},\"query-input\":{\"@type\":\"PropertyValueSpecification\",\"valueRequired\":true,\"valueName\":\"search_term_string\"}}],\"inLanguage\":\"fr-FR\"},{\"@type\":\"Organization\",\"@id\":\"https:\/\/maisonecodistribution.com\/eboutique\/#organization\",\"name\":\"Maison \u00c9co Distribution\",\"url\":\"https:\/\/maisonecodistribution.com\/eboutique\/\",\"logo\":{\"@type\":\"ImageObject\",\"inLanguage\":\"fr-FR\",\"@id\":\"https:\/\/maisonecodistribution.com\/eboutique\/#\/schema\/logo\/image\/\",\"url\":\"https:\/\/maisonecodistribution.com\/eboutique\/wp-content\/uploads\/2024\/07\/logo-maison-eco-1.png\",\"contentUrl\":\"https:\/\/maisonecodistribution.com\/eboutique\/wp-content\/uploads\/2024\/07\/logo-maison-eco-1.png\",\"width\":300,\"height\":321,\"caption\":\"Maison \u00c9co Distribution\"},\"image\":{\"@id\":\"https:\/\/maisonecodistribution.com\/eboutique\/#\/schema\/logo\/image\/\"},\"sameAs\":[\"https:\/\/www.facebook.com\/maisonecodistribution\"]}]}<\/script>\n<meta property=\"product:price:amount\" content=\"10.96\" \/>\n<meta property=\"product:price:currency\" content=\"EUR\" \/>\n<meta property=\"og:availability\" content=\"instock\" \/>\n<meta property=\"product:availability\" content=\"instock\" \/>\n<meta property=\"product:condition\" content=\"new\" \/>\n<!-- \/ Yoast SEO plugin. -->","yoast_head_json":{"title":"Mastic Ecologique Multi-usages - BLANC | Maison \u00c9co Distribution","description":"Souple, inodore, sans silicone et sans solvant, le Mastic \u00c9cologique Multi-Usages Nature et Harmonie\u00ae\u00a0s\u2019utilise \u00e0 l\u2019int\u00e9rieur comme \u00e0 l\u2019ext\u00e9rieur.","robots":{"index":"index","follow":"follow","max-snippet":"max-snippet:-1","max-image-preview":"max-image-preview:large","max-video-preview":"max-video-preview:-1"},"canonical":"https:\/\/maisonecodistribution.com\/eboutique\/produit\/mastic-ecologique-multi-usage\/","og_locale":"fr_FR","og_type":"article","og_title":"Mastic Ecologique Multi-usages - BLANC | Maison \u00c9co Distribution","og_description":"Souple, inodore, sans silicone et sans solvant, le Mastic \u00c9cologique Multi-Usages Nature et Harmonie\u00ae\u00a0s\u2019utilise \u00e0 l\u2019int\u00e9rieur comme \u00e0 l\u2019ext\u00e9rieur.","og_url":"https:\/\/maisonecodistribution.com\/eboutique\/produit\/mastic-ecologique-multi-usage\/","og_site_name":"Maison \u00c9co Distribution","article_publisher":"https:\/\/www.facebook.com\/maisonecodistribution","article_modified_time":"2025-11-17T15:24:24+00:00","og_image":[{"width":1024,"height":1024,"url":"https:\/\/maisonecodistribution.com\/eboutique\/wp-content\/uploads\/2025\/11\/mastic.webp","type":"image\/webp"}],"twitter_card":"summary_large_image","twitter_misc":{"Prix":"10,96&nbsp;&euro; TTC","Disponibilit\u00e9":"En stock"},"schema":{"@context":"https:\/\/schema.org","@graph":[{"@type":["WebPage","ItemPage"],"@id":"https:\/\/maisonecodistribution.com\/eboutique\/produit\/mastic-ecologique-multi-usage\/","url":"https:\/\/maisonecodistribution.com\/eboutique\/produit\/mastic-ecologique-multi-usage\/","name":"Mastic Ecologique Multi-usages - BLANC | Maison \u00c9co Distribution","isPartOf":{"@id":"https:\/\/maisonecodistribution.com\/eboutique\/#website"},"primaryImageOfPage":{"@id":"https:\/\/maisonecodistribution.com\/eboutique\/produit\/mastic-ecologique-multi-usage\/#primaryimage"},"image":{"@id":"https:\/\/maisonecodistribution.com\/eboutique\/produit\/mastic-ecologique-multi-usage\/#primaryimage"},"thumbnailUrl":"https:\/\/maisonecodistribution.com\/eboutique\/wp-content\/uploads\/2025\/11\/mastic.webp","datePublished":"2025-11-17T13:40:31+00:00","dateModified":"2025-11-17T15:24:24+00:00","description":"Souple, inodore, sans silicone et sans solvant, le Mastic \u00c9cologique Multi-Usages Nature et Harmonie\u00ae\u00a0s\u2019utilise \u00e0 l\u2019int\u00e9rieur comme \u00e0 l\u2019ext\u00e9rieur.","breadcrumb":{"@id":"https:\/\/maisonecodistribution.com\/eboutique\/produit\/mastic-ecologique-multi-usage\/#breadcrumb"},"inLanguage":"fr-FR","potentialAction":[{"@type":"ReadAction","target":["https:\/\/maisonecodistribution.com\/eboutique\/produit\/mastic-ecologique-multi-usage\/"]}]},{"@type":"ImageObject","inLanguage":"fr-FR","@id":"https:\/\/maisonecodistribution.com\/eboutique\/produit\/mastic-ecologique-multi-usage\/#primaryimage","url":"https:\/\/maisonecodistribution.com\/eboutique\/wp-content\/uploads\/2025\/11\/mastic.webp","contentUrl":"https:\/\/maisonecodistribution.com\/eboutique\/wp-content\/uploads\/2025\/11\/mastic.webp","width":1024,"height":1024},{"@type":"BreadcrumbList","@id":"https:\/\/maisonecodistribution.com\/eboutique\/produit\/mastic-ecologique-multi-usage\/#breadcrumb","itemListElement":[{"@type":"ListItem","position":1,"name":"Home","item":"https:\/\/maisonecodistribution.com\/eboutique\/"},{"@type":"ListItem","position":2,"name":"CATALOGUE","item":"https:\/\/maisonecodistribution.com\/eboutique\/catalogue\/"},{"@type":"ListItem","position":3,"name":"Mastic Ecologique Multi-usages &#8211; BLANC"}]},{"@type":"WebSite","@id":"https:\/\/maisonecodistribution.com\/eboutique\/#website","url":"https:\/\/maisonecodistribution.com\/eboutique\/","name":"Maison \u00c9co Distribution","description":"Tout pour un habitat sain","publisher":{"@id":"https:\/\/maisonecodistribution.com\/eboutique\/#organization"},"potentialAction":[{"@type":"SearchAction","target":{"@type":"EntryPoint","urlTemplate":"https:\/\/maisonecodistribution.com\/eboutique\/?s={search_term_string}"},"query-input":{"@type":"PropertyValueSpecification","valueRequired":true,"valueName":"search_term_string"}}],"inLanguage":"fr-FR"},{"@type":"Organization","@id":"https:\/\/maisonecodistribution.com\/eboutique\/#organization","name":"Maison \u00c9co Distribution","url":"https:\/\/maisonecodistribution.com\/eboutique\/","logo":{"@type":"ImageObject","inLanguage":"fr-FR","@id":"https:\/\/maisonecodistribution.com\/eboutique\/#\/schema\/logo\/image\/","url":"https:\/\/maisonecodistribution.com\/eboutique\/wp-content\/uploads\/2024\/07\/logo-maison-eco-1.png","contentUrl":"https:\/\/maisonecodistribution.com\/eboutique\/wp-content\/uploads\/2024\/07\/logo-maison-eco-1.png","width":300,"height":321,"caption":"Maison \u00c9co Distribution"},"image":{"@id":"https:\/\/maisonecodistribution.com\/eboutique\/#\/schema\/logo\/image\/"},"sameAs":["https:\/\/www.facebook.com\/maisonecodistribution"]}]},"product_price_amount":"10.96","product_price_currency":"EUR","og_availability":"instock","product_availability":"instock","product_condition":"new"},"_links":{"self":[{"href":"https:\/\/maisonecodistribution.com\/eboutique\/wp-json\/wp\/v2\/product\/5184","targetHints":{"allow":["GET"]}}],"collection":[{"href":"https:\/\/maisonecodistribution.com\/eboutique\/wp-json\/wp\/v2\/product"}],"about":[{"href":"https:\/\/maisonecodistribution.com\/eboutique\/wp-json\/wp\/v2\/types\/product"}],"wp:featuredmedia":[{"embeddable":true,"href":"https:\/\/maisonecodistribution.com\/eboutique\/wp-json\/wp\/v2\/media\/5187"}],"wp:attachment":[{"href":"https:\/\/maisonecodistribution.com\/eboutique\/wp-json\/wp\/v2\/media?parent=5184"}],"wp:term":[{"taxonomy":"product_brand","embeddable":true,"href":"https:\/\/maisonecodistribution.com\/eboutique\/wp-json\/wp\/v2\/product_brand?post=5184"},{"taxonomy":"product_cat","embeddable":true,"href":"https:\/\/maisonecodistribution.com\/eboutique\/wp-json\/wp\/v2\/product_cat?post=5184"},{"taxonomy":"product_tag","embeddable":true,"href":"https:\/\/maisonecodistribution.com\/eboutique\/wp-json\/wp\/v2\/product_tag?post=5184"}],"curies":[{"name":"wp","href":"https:\/\/api.w.org\/{rel}","templated":true}]}}