{"id":5080,"date":"2025-07-28T16:37:03","date_gmt":"2025-07-28T14:37:03","guid":{"rendered":"https:\/\/maisonecodistribution.com\/eboutique\/?post_type=product&#038;p=5080"},"modified":"2025-07-28T16:54:04","modified_gmt":"2025-07-28T14:54:04","slug":"novoleo","status":"publish","type":"product","link":"https:\/\/maisonecodistribution.com\/eboutique\/produit\/novoleo\/","title":{"rendered":"NOVOLEO"},"content":{"rendered":"<h3 class=\"h1\">SATURATEUR NATUREL DOUGLAS &#8211; NOVOL\u00c9O SP\u00c9CIAL DOUGLAS<\/h3>\n<div class=\"product-information\">\n<div id=\"product-description-short-1075\">\n<h3>Huile \u00e0 rendu naturel\u00a0pour bois de Douglas.<\/h3>\n<p>Sp\u00e9cialement adapt\u00e9e \u00e0 la protection et l&rsquo;entretien du bois de Douglas, l&rsquo;huile dure\u00a0<strong>NOVO<\/strong>l\u00e9o<strong><em>Sp\u00e9cial bois douglas\u00a0<\/em><\/strong>contient essentiellement des compos\u00e9s d&rsquo;origine naturelle.<\/p>\n<p>Huiles v\u00e9g\u00e9tales, d\u00e9riv\u00e9s ol\u00e9agineux et adjuvants naturels ont \u00e9t\u00e9 rigoureusement s\u00e9lectionn\u00e9s et retenus pour leurs tr\u00e8s bonnes propri\u00e9t\u00e9s hydrophobe, siccative et anti-UV.<\/p>\n<\/div>\n<p><strong>NOVO<\/strong>l\u00e9o<strong>\u00a0<em>Sp\u00e9cial bois douglas\u00a0<\/em><\/strong>convient parfaitement pour les bois Douglas mise en oeuvre en ext\u00e9rieur :<\/p>\n<ul>\n<li>bardage, rev\u00eatements muraux,<\/li>\n<li>terrasses,<\/li>\n<li>brise soleil, brise-vue, claustra,<\/li>\n<li>pergolas,<\/li>\n<li>carport,<\/li>\n<li>piscines bois.<\/li>\n<\/ul>\n<h3>Caract\u00e9ristiques techniques :<\/h3>\n<ul>\n<li>aspect naturel rouge orang\u00e9e du Douglas,<\/li>\n<li>rendu mat,<\/li>\n<li>odeur bois\u00e9e s&rsquo;att\u00e9nuant rapidement,<\/li>\n<li>nourrit et prot\u00e8ge en profondeur,<\/li>\n<li>pouvoir hydrofuge anti-grisaillement,<\/li>\n<li>principe pigmentaire anti-UV,<\/li>\n<li>action longue dur\u00e9e,<\/li>\n<li>am\u00e9liore la stabilit\u00e9 dimensionnelle,<\/li>\n<li>entretien facile et \u00e9conomique,<\/li>\n<li>ne s&rsquo;\u00e9caille pas.<\/li>\n<\/ul>\n<h3>Caract\u00e9ristiques environnementales :<\/h3>\n<p>Cette huile est formul\u00e9e :<\/p>\n<ul>\n<li>avec des mati\u00e8res premi\u00e8res d&rsquo;origine renouvelable,<\/li>\n<li>sans COV (Compos\u00e9 Organique Volatil ayant un impact direct sur la sant\u00e9),<\/li>\n<li>sans solvant d&rsquo;origine p\u00e9trochimique (isoparafinique, naphta lourd, l\u00e9ger, hydrotrait\u00e9, etc.),<\/li>\n<li>sans solvant d&rsquo;origine v\u00e9g\u00e9tale \u00e0 base d&rsquo;essence de t\u00e9r\u00e9benthine, \u00e0 base de terp\u00e8ne d&rsquo;agrumes, etc.),<\/li>\n<li>sans siccatif \u00e0 base de plomb, de zirconium, etc.,<\/li>\n<li>sans anti-UV chimique.<\/li>\n<\/ul>\n<p>Cette huile est non nocive pour la sant\u00e9 humaine et l&rsquo;environnement.<\/p>\n<h3>Composition :<\/h3>\n<ul>\n<li>huile d&rsquo;abrasin (huile de bois de chine),<\/li>\n<li>huile de lin premi\u00e8re pression \u00e0 froid,<\/li>\n<li>huile de lin cuite,<\/li>\n<li>standolies,<\/li>\n<li>ester d&rsquo;huiles v\u00e9g\u00e9tales insatur\u00e9es,<\/li>\n<li>huiles essentielles,<\/li>\n<li>principe pigmentaire anti-UV.<\/li>\n<\/ul>\n<p>Un bidon de 1L couvre entre 10 et 15m\u00b2 de bois.<\/p>\n<\/div>\n<div class=\"page\" title=\"Page 2\">\n<div class=\"section\">\n<div class=\"layoutArea\">\n<div class=\"column\">\n<div  class='tabcontainer av-w1a2s-421fcc50b6ad35202a86b6fd3e7b11b1 top_tab  avia-builder-el-0  avia-builder-el-no-sibling '>\n<section class='av_tab_section av_tab_section av-raeuc-3ca0ff038ff76ed26b9240b8bb3516e9'  itemscope=\"itemscope\" itemtype=\"https:\/\/schema.org\/CreativeWork\" ><div id='tab-id-1-tab' class='tab active_tab' role='tab' aria-selected=\"true\" tabindex=\"0\" data-fake-id='#tab-id-1' aria-controls='tab-id-1-content'  itemprop=\"headline\" ><span class='tab_icon avia-iconfont avia-font-entypo-fontello' data-av_icon='\ue84b' data-av_iconfont='entypo-fontello' ><\/span>Fiches Techniques<\/div><div id='tab-id-1-content' class='tab_content active_tab_content' role='tabpanel' aria-labelledby='tab-id-1-tab' aria-hidden=\"false\"><div class='tab_inner_content invers-color'  itemprop=\"text\" ><div  class='avia-button-wrap av-igylo-e502e73a1e5b188137fd92389c0f2032-wrap avia-button-left  avia-builder-el-1  avia-builder-el-no-sibling '><a href='https:\/\/maisonecodistribution.com\/eboutique\/wp-content\/uploads\/2025\/07\/FT-NOVOleo_2017.pdf'  class='avia-button av-igylo-e502e73a1e5b188137fd92389c0f2032 av-link-btn avia-icon_select-yes-left-icon avia-size-small avia-position-left av-icon-on-hover avia-color-theme-color'  target=\"_blank\"  rel=\"noopener noreferrer\"  aria-label=\"T\u00e9l\u00e9charger la fiche technique (PDF)\"><span class='avia_button_icon avia_button_icon_left avia-iconfont avia-font-entypo-fontello' data-av_icon='\ue82d' data-av_iconfont='entypo-fontello' ><\/span><span class='avia_iconbox_title' >T\u00e9l\u00e9charger la fiche technique (PDF)<\/span><\/a><\/div>\n<\/div><\/div><\/section>\n<section class='av_tab_section av_tab_section av-f3tho-673245044c8cd2155e38098f98d96955'  itemscope=\"itemscope\" itemtype=\"https:\/\/schema.org\/CreativeWork\" ><div id='tab-id-2-tab' class='tab' role='tab' aria-selected=\"false\" tabindex=\"0\" data-fake-id='#tab-id-2' aria-controls='tab-id-2-content'  itemprop=\"headline\" ><span class='tab_icon avia-iconfont avia-font-entypo-fontello' data-av_icon='\ue81f' data-av_iconfont='entypo-fontello' ><\/span>\u00c0 propos de la marque<\/div><div id='tab-id-2-content' class='tab_content' role='tabpanel' aria-labelledby='tab-id-2-tab' aria-hidden=\"true\"><div class='tab_inner_content invers-color'  itemprop=\"text\" ><p><img loading=\"lazy\" decoding=\"async\" class=\"alignleft wp-image-2024 \" src=\"https:\/\/maisonecodistribution.fr\/wp-content\/uploads\/2020\/06\/oleobois-logo-1454411200.jpg\" alt=\"\" width=\"211\" height=\"58\" srcset=\"https:\/\/maisonecodistribution.com\/eboutique\/wp-content\/uploads\/2020\/06\/oleobois-logo-1454411200.jpg 500w, https:\/\/maisonecodistribution.com\/eboutique\/wp-content\/uploads\/2020\/06\/oleobois-logo-1454411200-300x83.jpg 300w, https:\/\/maisonecodistribution.com\/eboutique\/wp-content\/uploads\/2020\/06\/oleobois-logo-1454411200-495x138.jpg 495w\" sizes=\"auto, (max-width: 211px) 100vw, 211px\" \/><\/p>\n<div class=\"page\" title=\"Page 2\">\n<div class=\"section\">\n<div class=\"layoutArea\">\n<div class=\"column\">\n<p>Prote\u0301ger et embellir les bois dans les inte\u0301rieurs et en exte\u0301rieur en respectant la sante\u0301 et l&rsquo;environnement&#8230;C&rsquo;est le pari re\u0301ussi d&rsquo;OLEOBOIS qui, depuis 2004, de\u0301veloppe une gamme de solutions parfaitement e\u0301tudie\u0301es pour re\u0301pondre a\u0300 cette double exigence tout en garantissant des re\u0301sultats durables et esthe\u0301tiques. Chaque produit de la gamme Pro est formule\u0301 a\u0300 partir des huiles et des compose\u0301s les plus efficaces de la gamme Tradi.<\/p>\n<\/div>\n<\/div>\n<\/div>\n<\/div>\n<\/div><\/div><\/section>\n<section class='av_tab_section av_tab_section av-a4nn8-51255d398f2397d9e0b34ca3e4c5aa18'  itemscope=\"itemscope\" itemtype=\"https:\/\/schema.org\/CreativeWork\" ><div id='tab-id-3-tab' class='tab' role='tab' aria-selected=\"false\" tabindex=\"0\" data-fake-id='#tab-id-3' aria-controls='tab-id-3-content'  itemprop=\"headline\" ><span class='tab_icon avia-iconfont avia-font-entypo-fontello' data-av_icon='\ue817' data-av_iconfont='entypo-fontello' ><\/span>Plus d\u2019informations <\/div><div id='tab-id-3-content' class='tab_content' role='tabpanel' aria-labelledby='tab-id-3-tab' aria-hidden=\"true\"><div class='tab_inner_content invers-color'  itemprop=\"text\" ><table>\n<tbody>\n<tr>\n<td width=\"255\"><strong>PRODUIT<\/strong><\/td>\n<td style=\"text-align: center;\" width=\"181\"><strong>Conditionnement<\/strong><\/td>\n<td style=\"text-align: center;\" width=\"181\"><strong>Prix HT\/unit\u00e9<\/strong><\/td>\n<td style=\"text-align: center;\" width=\"181\"><strong>Prix TTC\/unit\u00e9<\/strong><\/td>\n<\/tr>\n<tr>\n<td width=\"255\">Novol\u00e9o sp\u00e9cial Douglas &#8211; 2L<\/td>\n<td style=\"text-align: center;\" width=\"181\">500 ml<\/td>\n<td style=\"text-align: center;\" width=\"181\">49,69 \u20ac<\/td>\n<td style=\"text-align: center;\" width=\"181\">59,63 \u20ac<\/td>\n<\/tr>\n<\/tbody>\n<\/table>\n<\/div><\/div><\/section>\n<\/div>\n<\/div>\n<\/div>\n<\/div>\n<\/div>\n","protected":false},"excerpt":{"rendered":"<div class=\"page\" title=\"Page 2\">\n<div class=\"section\">\n<div class=\"layoutArea\">\n<div class=\"column\">\n<p>Sp\u00e9cialement adapt\u00e9e \u00e0 la protection et l&rsquo;entretien du bois de Douglas, l&rsquo;huile dure\u00a0<strong>NOVO<\/strong>l\u00e9o<strong>\u00a0<em>Sp\u00e9cial bois douglas\u00a0<\/em><\/strong>contient essentiellement des compos\u00e9s d&rsquo;origine naturelle.<\/p>\n<\/div>\n<\/div>\n<div class=\"layoutArea\">\n<div class=\"column\">\n<p>&nbsp;<\/p>\n<\/div>\n<\/div>\n<\/div>\n<\/div>\n","protected":false},"featured_media":5083,"template":"","meta":[],"product_brand":[],"product_cat":[2597,18,38,1654,34],"product_tag":[],"class_list":{"0":"post-5080","1":"product","2":"type-product","3":"status-publish","4":"has-post-thumbnail","6":"product_cat-oleobois","7":"product_cat-decoration-finition","8":"product_cat-protection-bois-et-autres-surfaces","9":"product_cat-grosoeuvre-bois","10":"product_cat-finitions-exterieures-bois","12":"first","13":"instock","14":"taxable","15":"shipping-taxable","16":"purchasable","17":"product-type-variable"},"yoast_head":"<!-- This site is optimized with the Yoast SEO plugin v25.1 - https:\/\/yoast.com\/wordpress\/plugins\/seo\/ -->\n<title>NOVOLEO | Protection \u00e9cologique du bois | Maison \u00c9co Distribution<\/title>\n<meta name=\"description\" content=\"NOVO PRO Nature est un saturateur naturel pour les bois d&#039;ext\u00e9rieur. Il les prot\u00e8ge des intempe\u0301ries, met en valeur le veinage et apporte un ton miel.\" \/>\n<meta name=\"robots\" content=\"index, follow, max-snippet:-1, max-image-preview:large, max-video-preview:-1\" \/>\n<link rel=\"canonical\" href=\"https:\/\/maisonecodistribution.com\/eboutique\/produit\/novoleo\/\" \/>\n<meta property=\"og:locale\" content=\"fr_FR\" \/>\n<meta property=\"og:type\" content=\"article\" \/>\n<meta property=\"og:title\" content=\"NOVOLEO | Protection \u00e9cologique du bois | Maison \u00c9co Distribution\" \/>\n<meta property=\"og:description\" content=\"NOVO PRO Nature est un saturateur naturel pour les bois d&#039;ext\u00e9rieur. Il les prot\u00e8ge des intempe\u0301ries, met en valeur le veinage et apporte un ton miel.\" \/>\n<meta property=\"og:url\" content=\"https:\/\/maisonecodistribution.com\/eboutique\/produit\/novoleo\/\" \/>\n<meta property=\"og:site_name\" content=\"Maison \u00c9co Distribution\" \/>\n<meta property=\"article:publisher\" content=\"https:\/\/www.facebook.com\/maisonecodistribution\" \/>\n<meta property=\"article:modified_time\" content=\"2025-07-28T14:54:04+00:00\" \/>\n<meta property=\"og:image\" content=\"https:\/\/maisonecodistribution.com\/eboutique\/wp-content\/uploads\/2025\/07\/novoleo-special-huile-naturelle-pour-douglas.jpg\" \/>\n\t<meta property=\"og:image:width\" content=\"540\" \/>\n\t<meta property=\"og:image:height\" content=\"540\" \/>\n\t<meta property=\"og:image:type\" content=\"image\/jpeg\" \/>\n<meta name=\"twitter:card\" content=\"summary_large_image\" \/>\n<meta name=\"twitter:label1\" content=\"Disponibilit\u00e9\" \/>\n\t<meta name=\"twitter:data1\" content=\"En stock\" \/>\n<script type=\"application\/ld+json\" class=\"yoast-schema-graph\">{\"@context\":\"https:\/\/schema.org\",\"@graph\":[{\"@type\":[\"WebPage\",\"ItemPage\"],\"@id\":\"https:\/\/maisonecodistribution.com\/eboutique\/produit\/novoleo\/\",\"url\":\"https:\/\/maisonecodistribution.com\/eboutique\/produit\/novoleo\/\",\"name\":\"NOVOLEO | Protection \u00e9cologique du bois | Maison \u00c9co Distribution\",\"isPartOf\":{\"@id\":\"https:\/\/maisonecodistribution.com\/eboutique\/#website\"},\"primaryImageOfPage\":{\"@id\":\"https:\/\/maisonecodistribution.com\/eboutique\/produit\/novoleo\/#primaryimage\"},\"image\":{\"@id\":\"https:\/\/maisonecodistribution.com\/eboutique\/produit\/novoleo\/#primaryimage\"},\"thumbnailUrl\":\"https:\/\/maisonecodistribution.com\/eboutique\/wp-content\/uploads\/2025\/07\/novoleo-special-huile-naturelle-pour-douglas.jpg\",\"datePublished\":\"2025-07-28T14:37:03+00:00\",\"dateModified\":\"2025-07-28T14:54:04+00:00\",\"description\":\"NOVO PRO Nature est un saturateur naturel pour les bois d'ext\u00e9rieur. Il les prot\u00e8ge des intempe\u0301ries, met en valeur le veinage et apporte un ton miel.\",\"breadcrumb\":{\"@id\":\"https:\/\/maisonecodistribution.com\/eboutique\/produit\/novoleo\/#breadcrumb\"},\"inLanguage\":\"fr-FR\",\"potentialAction\":[{\"@type\":\"ReadAction\",\"target\":[\"https:\/\/maisonecodistribution.com\/eboutique\/produit\/novoleo\/\"]}]},{\"@type\":\"ImageObject\",\"inLanguage\":\"fr-FR\",\"@id\":\"https:\/\/maisonecodistribution.com\/eboutique\/produit\/novoleo\/#primaryimage\",\"url\":\"https:\/\/maisonecodistribution.com\/eboutique\/wp-content\/uploads\/2025\/07\/novoleo-special-huile-naturelle-pour-douglas.jpg\",\"contentUrl\":\"https:\/\/maisonecodistribution.com\/eboutique\/wp-content\/uploads\/2025\/07\/novoleo-special-huile-naturelle-pour-douglas.jpg\",\"width\":540,\"height\":540},{\"@type\":\"BreadcrumbList\",\"@id\":\"https:\/\/maisonecodistribution.com\/eboutique\/produit\/novoleo\/#breadcrumb\",\"itemListElement\":[{\"@type\":\"ListItem\",\"position\":1,\"name\":\"Home\",\"item\":\"https:\/\/maisonecodistribution.com\/eboutique\/\"},{\"@type\":\"ListItem\",\"position\":2,\"name\":\"CATALOGUE\",\"item\":\"https:\/\/maisonecodistribution.com\/eboutique\/catalogue\/\"},{\"@type\":\"ListItem\",\"position\":3,\"name\":\"NOVOLEO\"}]},{\"@type\":\"WebSite\",\"@id\":\"https:\/\/maisonecodistribution.com\/eboutique\/#website\",\"url\":\"https:\/\/maisonecodistribution.com\/eboutique\/\",\"name\":\"Maison \u00c9co Distribution\",\"description\":\"Tout pour un habitat sain\",\"publisher\":{\"@id\":\"https:\/\/maisonecodistribution.com\/eboutique\/#organization\"},\"potentialAction\":[{\"@type\":\"SearchAction\",\"target\":{\"@type\":\"EntryPoint\",\"urlTemplate\":\"https:\/\/maisonecodistribution.com\/eboutique\/?s={search_term_string}\"},\"query-input\":{\"@type\":\"PropertyValueSpecification\",\"valueRequired\":true,\"valueName\":\"search_term_string\"}}],\"inLanguage\":\"fr-FR\"},{\"@type\":\"Organization\",\"@id\":\"https:\/\/maisonecodistribution.com\/eboutique\/#organization\",\"name\":\"Maison \u00c9co Distribution\",\"url\":\"https:\/\/maisonecodistribution.com\/eboutique\/\",\"logo\":{\"@type\":\"ImageObject\",\"inLanguage\":\"fr-FR\",\"@id\":\"https:\/\/maisonecodistribution.com\/eboutique\/#\/schema\/logo\/image\/\",\"url\":\"https:\/\/maisonecodistribution.com\/eboutique\/wp-content\/uploads\/2024\/07\/logo-maison-eco-1.png\",\"contentUrl\":\"https:\/\/maisonecodistribution.com\/eboutique\/wp-content\/uploads\/2024\/07\/logo-maison-eco-1.png\",\"width\":300,\"height\":321,\"caption\":\"Maison \u00c9co Distribution\"},\"image\":{\"@id\":\"https:\/\/maisonecodistribution.com\/eboutique\/#\/schema\/logo\/image\/\"},\"sameAs\":[\"https:\/\/www.facebook.com\/maisonecodistribution\"]}]}<\/script>\n<meta property=\"og:availability\" content=\"instock\" \/>\n<meta property=\"product:availability\" content=\"instock\" \/>\n<meta property=\"product:condition\" content=\"new\" \/>\n<!-- \/ Yoast SEO plugin. -->","yoast_head_json":{"title":"NOVOLEO | Protection \u00e9cologique du bois | Maison \u00c9co Distribution","description":"NOVO PRO Nature est un saturateur naturel pour les bois d'ext\u00e9rieur. Il les prot\u00e8ge des intempe\u0301ries, met en valeur le veinage et apporte un ton miel.","robots":{"index":"index","follow":"follow","max-snippet":"max-snippet:-1","max-image-preview":"max-image-preview:large","max-video-preview":"max-video-preview:-1"},"canonical":"https:\/\/maisonecodistribution.com\/eboutique\/produit\/novoleo\/","og_locale":"fr_FR","og_type":"article","og_title":"NOVOLEO | Protection \u00e9cologique du bois | Maison \u00c9co Distribution","og_description":"NOVO PRO Nature est un saturateur naturel pour les bois d'ext\u00e9rieur. Il les prot\u00e8ge des intempe\u0301ries, met en valeur le veinage et apporte un ton miel.","og_url":"https:\/\/maisonecodistribution.com\/eboutique\/produit\/novoleo\/","og_site_name":"Maison \u00c9co Distribution","article_publisher":"https:\/\/www.facebook.com\/maisonecodistribution","article_modified_time":"2025-07-28T14:54:04+00:00","og_image":[{"width":540,"height":540,"url":"https:\/\/maisonecodistribution.com\/eboutique\/wp-content\/uploads\/2025\/07\/novoleo-special-huile-naturelle-pour-douglas.jpg","type":"image\/jpeg"}],"twitter_card":"summary_large_image","twitter_misc":{"Disponibilit\u00e9":"En stock"},"schema":{"@context":"https:\/\/schema.org","@graph":[{"@type":["WebPage","ItemPage"],"@id":"https:\/\/maisonecodistribution.com\/eboutique\/produit\/novoleo\/","url":"https:\/\/maisonecodistribution.com\/eboutique\/produit\/novoleo\/","name":"NOVOLEO | Protection \u00e9cologique du bois | Maison \u00c9co Distribution","isPartOf":{"@id":"https:\/\/maisonecodistribution.com\/eboutique\/#website"},"primaryImageOfPage":{"@id":"https:\/\/maisonecodistribution.com\/eboutique\/produit\/novoleo\/#primaryimage"},"image":{"@id":"https:\/\/maisonecodistribution.com\/eboutique\/produit\/novoleo\/#primaryimage"},"thumbnailUrl":"https:\/\/maisonecodistribution.com\/eboutique\/wp-content\/uploads\/2025\/07\/novoleo-special-huile-naturelle-pour-douglas.jpg","datePublished":"2025-07-28T14:37:03+00:00","dateModified":"2025-07-28T14:54:04+00:00","description":"NOVO PRO Nature est un saturateur naturel pour les bois d'ext\u00e9rieur. Il les prot\u00e8ge des intempe\u0301ries, met en valeur le veinage et apporte un ton miel.","breadcrumb":{"@id":"https:\/\/maisonecodistribution.com\/eboutique\/produit\/novoleo\/#breadcrumb"},"inLanguage":"fr-FR","potentialAction":[{"@type":"ReadAction","target":["https:\/\/maisonecodistribution.com\/eboutique\/produit\/novoleo\/"]}]},{"@type":"ImageObject","inLanguage":"fr-FR","@id":"https:\/\/maisonecodistribution.com\/eboutique\/produit\/novoleo\/#primaryimage","url":"https:\/\/maisonecodistribution.com\/eboutique\/wp-content\/uploads\/2025\/07\/novoleo-special-huile-naturelle-pour-douglas.jpg","contentUrl":"https:\/\/maisonecodistribution.com\/eboutique\/wp-content\/uploads\/2025\/07\/novoleo-special-huile-naturelle-pour-douglas.jpg","width":540,"height":540},{"@type":"BreadcrumbList","@id":"https:\/\/maisonecodistribution.com\/eboutique\/produit\/novoleo\/#breadcrumb","itemListElement":[{"@type":"ListItem","position":1,"name":"Home","item":"https:\/\/maisonecodistribution.com\/eboutique\/"},{"@type":"ListItem","position":2,"name":"CATALOGUE","item":"https:\/\/maisonecodistribution.com\/eboutique\/catalogue\/"},{"@type":"ListItem","position":3,"name":"NOVOLEO"}]},{"@type":"WebSite","@id":"https:\/\/maisonecodistribution.com\/eboutique\/#website","url":"https:\/\/maisonecodistribution.com\/eboutique\/","name":"Maison \u00c9co Distribution","description":"Tout pour un habitat sain","publisher":{"@id":"https:\/\/maisonecodistribution.com\/eboutique\/#organization"},"potentialAction":[{"@type":"SearchAction","target":{"@type":"EntryPoint","urlTemplate":"https:\/\/maisonecodistribution.com\/eboutique\/?s={search_term_string}"},"query-input":{"@type":"PropertyValueSpecification","valueRequired":true,"valueName":"search_term_string"}}],"inLanguage":"fr-FR"},{"@type":"Organization","@id":"https:\/\/maisonecodistribution.com\/eboutique\/#organization","name":"Maison \u00c9co Distribution","url":"https:\/\/maisonecodistribution.com\/eboutique\/","logo":{"@type":"ImageObject","inLanguage":"fr-FR","@id":"https:\/\/maisonecodistribution.com\/eboutique\/#\/schema\/logo\/image\/","url":"https:\/\/maisonecodistribution.com\/eboutique\/wp-content\/uploads\/2024\/07\/logo-maison-eco-1.png","contentUrl":"https:\/\/maisonecodistribution.com\/eboutique\/wp-content\/uploads\/2024\/07\/logo-maison-eco-1.png","width":300,"height":321,"caption":"Maison \u00c9co Distribution"},"image":{"@id":"https:\/\/maisonecodistribution.com\/eboutique\/#\/schema\/logo\/image\/"},"sameAs":["https:\/\/www.facebook.com\/maisonecodistribution"]}]},"og_availability":"instock","product_availability":"instock","product_condition":"new"},"_links":{"self":[{"href":"https:\/\/maisonecodistribution.com\/eboutique\/wp-json\/wp\/v2\/product\/5080","targetHints":{"allow":["GET"]}}],"collection":[{"href":"https:\/\/maisonecodistribution.com\/eboutique\/wp-json\/wp\/v2\/product"}],"about":[{"href":"https:\/\/maisonecodistribution.com\/eboutique\/wp-json\/wp\/v2\/types\/product"}],"wp:featuredmedia":[{"embeddable":true,"href":"https:\/\/maisonecodistribution.com\/eboutique\/wp-json\/wp\/v2\/media\/5083"}],"wp:attachment":[{"href":"https:\/\/maisonecodistribution.com\/eboutique\/wp-json\/wp\/v2\/media?parent=5080"}],"wp:term":[{"taxonomy":"product_brand","embeddable":true,"href":"https:\/\/maisonecodistribution.com\/eboutique\/wp-json\/wp\/v2\/product_brand?post=5080"},{"taxonomy":"product_cat","embeddable":true,"href":"https:\/\/maisonecodistribution.com\/eboutique\/wp-json\/wp\/v2\/product_cat?post=5080"},{"taxonomy":"product_tag","embeddable":true,"href":"https:\/\/maisonecodistribution.com\/eboutique\/wp-json\/wp\/v2\/product_tag?post=5080"}],"curies":[{"name":"wp","href":"https:\/\/api.w.org\/{rel}","templated":true}]}}