{"id":5034,"date":"2025-06-20T15:26:07","date_gmt":"2025-06-20T13:26:07","guid":{"rendered":"https:\/\/maisonecodistribution.com\/eboutique\/?post_type=product&#038;p=5034"},"modified":"2026-01-26T13:30:51","modified_gmt":"2026-01-26T12:30:51","slug":"lubrifiant-vegetal","status":"publish","type":"product","link":"https:\/\/maisonecodistribution.com\/eboutique\/produit\/lubrifiant-vegetal\/","title":{"rendered":"OL50 Lubrifiant v\u00e9g\u00e9tal"},"content":{"rendered":"<div id=\"product-description-short-40\" class=\"product-desc\">\n<div class=\"product-information\">\n<div id=\"product-description-short-52\" class=\"product-desc\">\n<p>Respectueux de l\u2019environnement, le OL-50 pr\u00e9sente d\u2019excellentes <strong>propri\u00e9t\u00e9s lubrifiantes<\/strong>,\u00a0<strong>d\u00e9grippante<\/strong> des pi\u00e8ces m\u00e9caniques coinc\u00e9es. Laisser agir pendant plusieurs\u00a0heures. <strong>Hydrophobe<\/strong>, le OL-50 offre une certaine protection contre la rouille.\u00a0Dissolution et <strong>nettoyage<\/strong> de r\u00e9sidus de <strong>colle<\/strong> : retrait ais\u00e9 d\u2019autocollants sur des surfaces non poreuses. Il permet de\u00a0<strong>nettoye<\/strong>r efficacement des surfaces, des\u00a0<strong>outils<\/strong> et des ustensiles souill\u00e9s par la <strong>calamine, le goudron<\/strong> \u2026 ou par des peintures non s\u00e8che et encres en phase huileuse. Il est \u00e9galement <strong>sans danger\u00a0dans le secteur alimentaire<\/strong>, de l\u2019agriculture (biologique) et de l\u2019horticulture. Produit gras et non irritant.<\/p>\n<p>Il a obtenu la certification <strong>NSF \u00ab\u00a0H1\u00a0\u00bb<\/strong> pour un usage dans le secteur alimentaire.<\/p>\n<\/div>\n<p><b>Conditionnement : 400ml<\/b><\/p>\n<\/div>\n<\/div>\n<p><b>Les + du produit :<\/b><\/p>\n<div class=\"page\" title=\"Page 1\">\n<div class=\"layoutArea\">\n<div class=\"column\">\n<ul>\n<li>L\u00e9g\u00e8re odeur v\u00e9g\u00e9tale, produit respectueux de la peau et du syst\u00e8me respiratoire.<\/li>\n<li>Produit biod\u00e9gradable. <strong>Sans danger pour les travailleurs<\/strong> et les espaces de travail<\/li>\n<li>R\u00e9duction de la quantit\u00e9 de d\u00e9chets dangereux \u00e0 \u00e9liminer.<\/li>\n<li>Produit non chlor\u00e9\u2009; <strong>alternative au solvant chlor\u00e9<\/strong>.<\/li>\n<li>Sans m\u00e9taux lourds.<\/li>\n<li>Sans danger pour les surfaces peintes.<\/li>\n<\/ul>\n<\/div>\n<\/div>\n<\/div>\n<div  class='tabcontainer av-w1a2s-421fcc50b6ad35202a86b6fd3e7b11b1 top_tab  avia-builder-el-0  avia-builder-el-no-sibling '>\n<section class='av_tab_section av_tab_section av-raeuc-3ca0ff038ff76ed26b9240b8bb3516e9'  itemscope=\"itemscope\" itemtype=\"https:\/\/schema.org\/CreativeWork\" ><div id='tab-id-1-tab' class='tab active_tab' role='tab' aria-selected=\"true\" tabindex=\"0\" data-fake-id='#tab-id-1' aria-controls='tab-id-1-content'  itemprop=\"headline\" ><span class='tab_icon avia-iconfont avia-font-entypo-fontello' data-av_icon='\ue84b' data-av_iconfont='entypo-fontello' ><\/span>Fiches Techniques<\/div><div id='tab-id-1-content' class='tab_content active_tab_content' role='tabpanel' aria-labelledby='tab-id-1-tab' aria-hidden=\"false\"><div class='tab_inner_content invers-color'  itemprop=\"text\" ><div  class='avia-button-wrap av-igylo-b58a5b4803c27b6210df63d019b422c5-wrap avia-button-left  avia-builder-el-1  avia-builder-el-no-sibling '><a href=''  class='avia-button av-igylo-b58a5b4803c27b6210df63d019b422c5 av-link-btn avia-icon_select-yes-left-icon avia-size-small avia-position-left av-icon-on-hover avia-color-theme-color'   aria-label=\"T\u00e9l\u00e9charger la fiche technique (PDF)\"><span class='avia_button_icon avia_button_icon_left avia-iconfont avia-font-entypo-fontello' data-av_icon='\ue82d' data-av_iconfont='entypo-fontello' ><\/span><span class='avia_iconbox_title' >T\u00e9l\u00e9charger la fiche technique (PDF)<\/span><\/a><\/div>\n<\/div><\/div><\/section>\n<section class='av_tab_section av_tab_section av-f3tho-673245044c8cd2155e38098f98d96955'  itemscope=\"itemscope\" itemtype=\"https:\/\/schema.org\/CreativeWork\" ><div id='tab-id-2-tab' class='tab' role='tab' aria-selected=\"false\" tabindex=\"0\" data-fake-id='#tab-id-2' aria-controls='tab-id-2-content'  itemprop=\"headline\" ><span class='tab_icon avia-iconfont avia-font-entypo-fontello' data-av_icon='\ue81f' data-av_iconfont='entypo-fontello' ><\/span>\u00c0 propos de la marque<\/div><div id='tab-id-2-content' class='tab_content' role='tabpanel' aria-labelledby='tab-id-2-tab' aria-hidden=\"true\"><div class='tab_inner_content invers-color'  itemprop=\"text\" ><p><img loading=\"lazy\" decoding=\"async\" class=\"wp-image-855 alignleft\" src=\"https:\/\/maisonecodistribution.fr\/wp-content\/uploads\/2020\/05\/galtane.png\" alt=\"\" width=\"141\" height=\"141\" srcset=\"https:\/\/maisonecodistribution.com\/eboutique\/wp-content\/uploads\/2020\/05\/galtane.png 300w, https:\/\/maisonecodistribution.com\/eboutique\/wp-content\/uploads\/2020\/05\/galtane-80x80.png 80w, https:\/\/maisonecodistribution.com\/eboutique\/wp-content\/uploads\/2020\/05\/galtane-36x36.png 36w, https:\/\/maisonecodistribution.com\/eboutique\/wp-content\/uploads\/2020\/05\/galtane-180x180.png 180w, https:\/\/maisonecodistribution.com\/eboutique\/wp-content\/uploads\/2020\/05\/galtane-100x100.png 100w\" sizes=\"auto, (max-width: 141px) 100vw, 141px\" \/><\/p>\n<p><a href=\"https:\/\/www.galtane.com\/fr\/\" target=\"_blank\" rel=\"noopener noreferrer\">Galtane<\/a> est engag\u00e9e depuis 2003 dans une d\u00e9marche de d\u00e9veloppement durable. La marque r\u00e9pond \u00e0 tous les projets, tant \u00e0 l\u2019int\u00e9rieur qu\u2019\u00e0 l\u2019ext\u00e9rieur, avec une gamme compl\u00e8te de produits pour les murs, pour le traitement du bois et des produits d\u2019entretien.<\/p>\n<p>Les produits Galtane r\u00e9pondent aux crit\u00e8res les plus exigeants pour garantir un environnement sain, d\u00e9pourvu de composants toxiques ou allergiques. Chacun des ingr\u00e9dients qui composent ces produits est choisi avec soin pour minimiser son impact sur l&rsquo;environnement. La transparence des ingr\u00e9dients, indiqu\u00e9s sur les \u00e9tiquettes, et la volont\u00e9 de travailler en circuit court compl\u00e8tent les caract\u00e9ristiques innovantes de Galtane.<\/p>\n<\/div><\/div><\/section>\n<section class='av_tab_section av_tab_section av-a4nn8-51255d398f2397d9e0b34ca3e4c5aa18'  itemscope=\"itemscope\" itemtype=\"https:\/\/schema.org\/CreativeWork\" ><div id='tab-id-3-tab' class='tab' role='tab' aria-selected=\"false\" tabindex=\"0\" data-fake-id='#tab-id-3' aria-controls='tab-id-3-content'  itemprop=\"headline\" ><span class='tab_icon avia-iconfont avia-font-entypo-fontello' data-av_icon='\ue817' data-av_iconfont='entypo-fontello' ><\/span>Plus d\u2019informations <\/div><div id='tab-id-3-content' class='tab_content' role='tabpanel' aria-labelledby='tab-id-3-tab' aria-hidden=\"true\"><div class='tab_inner_content invers-color'  itemprop=\"text\" ><table>\n<tbody>\n<tr>\n<td><b>PRODUIT<\/b><\/td>\n<td>\n<p style=\"text-align: center;\"><b>Prix HT<\/b><\/p>\n<\/td>\n<td>\n<p style=\"text-align: center;\"><b>Prix TTC<\/b><\/p>\n<\/td>\n<\/tr>\n<tr>\n<td>OL 50 Lubrifiant spray<\/td>\n<td>\n<p style=\"text-align: center;\">11,17 \u20ac\/ unit\u00e9<\/p>\n<\/td>\n<td>\n<p style=\"text-align: center;\">13,40 \u20ac \/ unit\u00e9<\/p>\n<\/td>\n<\/tr>\n<\/tbody>\n<\/table>\n<\/div><\/div><\/section>\n<\/div>\n","protected":false},"excerpt":{"rendered":"<p><strong>D\u00e9tartrant en spray 500ml de la marque Galtane<\/strong>, efficace et rechargeable.<\/p>\n","protected":false},"featured_media":5036,"template":"","meta":[],"product_brand":[],"product_cat":[2582,21,44],"product_tag":[],"class_list":{"0":"post-5034","1":"product","2":"type-product","3":"status-publish","4":"has-post-thumbnail","6":"product_cat-galtane","7":"product_cat-quincaillerie-outillage","8":"product_cat-entretien","10":"first","11":"instock","12":"taxable","13":"shipping-taxable","14":"purchasable","15":"product-type-simple"},"yoast_head":"<!-- This site is optimized with the Yoast SEO plugin v25.1 - https:\/\/yoast.com\/wordpress\/plugins\/seo\/ -->\n<title>OL50 Lubrifiant v\u00e9g\u00e9tal | Maison \u00c9co Distribution<\/title>\n<meta name=\"description\" content=\"Respectueux de l\u2019environnement, le OL-50 pr\u00e9sente d\u2019excellentes propri\u00e9t\u00e9s lubrifiantes, d\u00e9grippante des pi\u00e8ces m\u00e9caniques coinc\u00e9es.\" \/>\n<meta name=\"robots\" content=\"index, follow, max-snippet:-1, max-image-preview:large, max-video-preview:-1\" \/>\n<link rel=\"canonical\" href=\"https:\/\/maisonecodistribution.com\/eboutique\/produit\/lubrifiant-vegetal\/\" \/>\n<meta property=\"og:locale\" content=\"fr_FR\" \/>\n<meta property=\"og:type\" content=\"article\" \/>\n<meta property=\"og:title\" content=\"OL50 Lubrifiant v\u00e9g\u00e9tal | Maison \u00c9co Distribution\" \/>\n<meta property=\"og:description\" content=\"Respectueux de l\u2019environnement, le OL-50 pr\u00e9sente d\u2019excellentes propri\u00e9t\u00e9s lubrifiantes, d\u00e9grippante des pi\u00e8ces m\u00e9caniques coinc\u00e9es.\" \/>\n<meta property=\"og:url\" content=\"https:\/\/maisonecodistribution.com\/eboutique\/produit\/lubrifiant-vegetal\/\" \/>\n<meta property=\"og:site_name\" content=\"Maison \u00c9co Distribution\" \/>\n<meta property=\"article:publisher\" content=\"https:\/\/www.facebook.com\/maisonecodistribution\" \/>\n<meta property=\"article:modified_time\" content=\"2026-01-26T12:30:51+00:00\" \/>\n<meta property=\"og:image\" content=\"https:\/\/maisonecodistribution.com\/eboutique\/wp-content\/uploads\/2025\/06\/ol-50-spray-400ml-1.jpg\" \/>\n\t<meta property=\"og:image:width\" content=\"600\" \/>\n\t<meta property=\"og:image:height\" content=\"756\" \/>\n\t<meta property=\"og:image:type\" content=\"image\/jpeg\" \/>\n<meta name=\"twitter:card\" content=\"summary_large_image\" \/>\n<meta name=\"twitter:label1\" content=\"Prix\" \/>\n\t<meta name=\"twitter:data1\" content=\"13,40&nbsp;&euro; TTC\" \/>\n\t<meta name=\"twitter:label2\" content=\"Disponibilit\u00e9\" \/>\n\t<meta name=\"twitter:data2\" content=\"En stock\" \/>\n<script type=\"application\/ld+json\" class=\"yoast-schema-graph\">{\"@context\":\"https:\/\/schema.org\",\"@graph\":[{\"@type\":[\"WebPage\",\"ItemPage\"],\"@id\":\"https:\/\/maisonecodistribution.com\/eboutique\/produit\/lubrifiant-vegetal\/\",\"url\":\"https:\/\/maisonecodistribution.com\/eboutique\/produit\/lubrifiant-vegetal\/\",\"name\":\"OL50 Lubrifiant v\u00e9g\u00e9tal | Maison \u00c9co Distribution\",\"isPartOf\":{\"@id\":\"https:\/\/maisonecodistribution.com\/eboutique\/#website\"},\"primaryImageOfPage\":{\"@id\":\"https:\/\/maisonecodistribution.com\/eboutique\/produit\/lubrifiant-vegetal\/#primaryimage\"},\"image\":{\"@id\":\"https:\/\/maisonecodistribution.com\/eboutique\/produit\/lubrifiant-vegetal\/#primaryimage\"},\"thumbnailUrl\":\"https:\/\/maisonecodistribution.com\/eboutique\/wp-content\/uploads\/2025\/06\/ol-50-spray-400ml-1.jpg\",\"datePublished\":\"2025-06-20T13:26:07+00:00\",\"dateModified\":\"2026-01-26T12:30:51+00:00\",\"description\":\"Respectueux de l\u2019environnement, le OL-50 pr\u00e9sente d\u2019excellentes propri\u00e9t\u00e9s lubrifiantes, d\u00e9grippante des pi\u00e8ces m\u00e9caniques coinc\u00e9es.\",\"breadcrumb\":{\"@id\":\"https:\/\/maisonecodistribution.com\/eboutique\/produit\/lubrifiant-vegetal\/#breadcrumb\"},\"inLanguage\":\"fr-FR\",\"potentialAction\":[{\"@type\":\"ReadAction\",\"target\":[\"https:\/\/maisonecodistribution.com\/eboutique\/produit\/lubrifiant-vegetal\/\"]}]},{\"@type\":\"ImageObject\",\"inLanguage\":\"fr-FR\",\"@id\":\"https:\/\/maisonecodistribution.com\/eboutique\/produit\/lubrifiant-vegetal\/#primaryimage\",\"url\":\"https:\/\/maisonecodistribution.com\/eboutique\/wp-content\/uploads\/2025\/06\/ol-50-spray-400ml-1.jpg\",\"contentUrl\":\"https:\/\/maisonecodistribution.com\/eboutique\/wp-content\/uploads\/2025\/06\/ol-50-spray-400ml-1.jpg\",\"width\":600,\"height\":756},{\"@type\":\"BreadcrumbList\",\"@id\":\"https:\/\/maisonecodistribution.com\/eboutique\/produit\/lubrifiant-vegetal\/#breadcrumb\",\"itemListElement\":[{\"@type\":\"ListItem\",\"position\":1,\"name\":\"Home\",\"item\":\"https:\/\/maisonecodistribution.com\/eboutique\/\"},{\"@type\":\"ListItem\",\"position\":2,\"name\":\"CATALOGUE\",\"item\":\"https:\/\/maisonecodistribution.com\/eboutique\/catalogue\/\"},{\"@type\":\"ListItem\",\"position\":3,\"name\":\"OL50 Lubrifiant v\u00e9g\u00e9tal\"}]},{\"@type\":\"WebSite\",\"@id\":\"https:\/\/maisonecodistribution.com\/eboutique\/#website\",\"url\":\"https:\/\/maisonecodistribution.com\/eboutique\/\",\"name\":\"Maison \u00c9co Distribution\",\"description\":\"Tout pour un habitat sain\",\"publisher\":{\"@id\":\"https:\/\/maisonecodistribution.com\/eboutique\/#organization\"},\"potentialAction\":[{\"@type\":\"SearchAction\",\"target\":{\"@type\":\"EntryPoint\",\"urlTemplate\":\"https:\/\/maisonecodistribution.com\/eboutique\/?s={search_term_string}\"},\"query-input\":{\"@type\":\"PropertyValueSpecification\",\"valueRequired\":true,\"valueName\":\"search_term_string\"}}],\"inLanguage\":\"fr-FR\"},{\"@type\":\"Organization\",\"@id\":\"https:\/\/maisonecodistribution.com\/eboutique\/#organization\",\"name\":\"Maison \u00c9co Distribution\",\"url\":\"https:\/\/maisonecodistribution.com\/eboutique\/\",\"logo\":{\"@type\":\"ImageObject\",\"inLanguage\":\"fr-FR\",\"@id\":\"https:\/\/maisonecodistribution.com\/eboutique\/#\/schema\/logo\/image\/\",\"url\":\"https:\/\/maisonecodistribution.com\/eboutique\/wp-content\/uploads\/2024\/07\/logo-maison-eco-1.png\",\"contentUrl\":\"https:\/\/maisonecodistribution.com\/eboutique\/wp-content\/uploads\/2024\/07\/logo-maison-eco-1.png\",\"width\":300,\"height\":321,\"caption\":\"Maison \u00c9co Distribution\"},\"image\":{\"@id\":\"https:\/\/maisonecodistribution.com\/eboutique\/#\/schema\/logo\/image\/\"},\"sameAs\":[\"https:\/\/www.facebook.com\/maisonecodistribution\"]}]}<\/script>\n<meta property=\"product:price:amount\" content=\"13.40\" \/>\n<meta property=\"product:price:currency\" content=\"EUR\" \/>\n<meta property=\"og:availability\" content=\"instock\" \/>\n<meta property=\"product:availability\" content=\"instock\" \/>\n<meta property=\"product:condition\" content=\"new\" \/>\n<!-- \/ Yoast SEO plugin. -->","yoast_head_json":{"title":"OL50 Lubrifiant v\u00e9g\u00e9tal | Maison \u00c9co Distribution","description":"Respectueux de l\u2019environnement, le OL-50 pr\u00e9sente d\u2019excellentes propri\u00e9t\u00e9s lubrifiantes, d\u00e9grippante des pi\u00e8ces m\u00e9caniques coinc\u00e9es.","robots":{"index":"index","follow":"follow","max-snippet":"max-snippet:-1","max-image-preview":"max-image-preview:large","max-video-preview":"max-video-preview:-1"},"canonical":"https:\/\/maisonecodistribution.com\/eboutique\/produit\/lubrifiant-vegetal\/","og_locale":"fr_FR","og_type":"article","og_title":"OL50 Lubrifiant v\u00e9g\u00e9tal | Maison \u00c9co Distribution","og_description":"Respectueux de l\u2019environnement, le OL-50 pr\u00e9sente d\u2019excellentes propri\u00e9t\u00e9s lubrifiantes, d\u00e9grippante des pi\u00e8ces m\u00e9caniques coinc\u00e9es.","og_url":"https:\/\/maisonecodistribution.com\/eboutique\/produit\/lubrifiant-vegetal\/","og_site_name":"Maison \u00c9co Distribution","article_publisher":"https:\/\/www.facebook.com\/maisonecodistribution","article_modified_time":"2026-01-26T12:30:51+00:00","og_image":[{"width":600,"height":756,"url":"https:\/\/maisonecodistribution.com\/eboutique\/wp-content\/uploads\/2025\/06\/ol-50-spray-400ml-1.jpg","type":"image\/jpeg"}],"twitter_card":"summary_large_image","twitter_misc":{"Prix":"13,40&nbsp;&euro; TTC","Disponibilit\u00e9":"En stock"},"schema":{"@context":"https:\/\/schema.org","@graph":[{"@type":["WebPage","ItemPage"],"@id":"https:\/\/maisonecodistribution.com\/eboutique\/produit\/lubrifiant-vegetal\/","url":"https:\/\/maisonecodistribution.com\/eboutique\/produit\/lubrifiant-vegetal\/","name":"OL50 Lubrifiant v\u00e9g\u00e9tal | Maison \u00c9co Distribution","isPartOf":{"@id":"https:\/\/maisonecodistribution.com\/eboutique\/#website"},"primaryImageOfPage":{"@id":"https:\/\/maisonecodistribution.com\/eboutique\/produit\/lubrifiant-vegetal\/#primaryimage"},"image":{"@id":"https:\/\/maisonecodistribution.com\/eboutique\/produit\/lubrifiant-vegetal\/#primaryimage"},"thumbnailUrl":"https:\/\/maisonecodistribution.com\/eboutique\/wp-content\/uploads\/2025\/06\/ol-50-spray-400ml-1.jpg","datePublished":"2025-06-20T13:26:07+00:00","dateModified":"2026-01-26T12:30:51+00:00","description":"Respectueux de l\u2019environnement, le OL-50 pr\u00e9sente d\u2019excellentes propri\u00e9t\u00e9s lubrifiantes, d\u00e9grippante des pi\u00e8ces m\u00e9caniques coinc\u00e9es.","breadcrumb":{"@id":"https:\/\/maisonecodistribution.com\/eboutique\/produit\/lubrifiant-vegetal\/#breadcrumb"},"inLanguage":"fr-FR","potentialAction":[{"@type":"ReadAction","target":["https:\/\/maisonecodistribution.com\/eboutique\/produit\/lubrifiant-vegetal\/"]}]},{"@type":"ImageObject","inLanguage":"fr-FR","@id":"https:\/\/maisonecodistribution.com\/eboutique\/produit\/lubrifiant-vegetal\/#primaryimage","url":"https:\/\/maisonecodistribution.com\/eboutique\/wp-content\/uploads\/2025\/06\/ol-50-spray-400ml-1.jpg","contentUrl":"https:\/\/maisonecodistribution.com\/eboutique\/wp-content\/uploads\/2025\/06\/ol-50-spray-400ml-1.jpg","width":600,"height":756},{"@type":"BreadcrumbList","@id":"https:\/\/maisonecodistribution.com\/eboutique\/produit\/lubrifiant-vegetal\/#breadcrumb","itemListElement":[{"@type":"ListItem","position":1,"name":"Home","item":"https:\/\/maisonecodistribution.com\/eboutique\/"},{"@type":"ListItem","position":2,"name":"CATALOGUE","item":"https:\/\/maisonecodistribution.com\/eboutique\/catalogue\/"},{"@type":"ListItem","position":3,"name":"OL50 Lubrifiant v\u00e9g\u00e9tal"}]},{"@type":"WebSite","@id":"https:\/\/maisonecodistribution.com\/eboutique\/#website","url":"https:\/\/maisonecodistribution.com\/eboutique\/","name":"Maison \u00c9co Distribution","description":"Tout pour un habitat sain","publisher":{"@id":"https:\/\/maisonecodistribution.com\/eboutique\/#organization"},"potentialAction":[{"@type":"SearchAction","target":{"@type":"EntryPoint","urlTemplate":"https:\/\/maisonecodistribution.com\/eboutique\/?s={search_term_string}"},"query-input":{"@type":"PropertyValueSpecification","valueRequired":true,"valueName":"search_term_string"}}],"inLanguage":"fr-FR"},{"@type":"Organization","@id":"https:\/\/maisonecodistribution.com\/eboutique\/#organization","name":"Maison \u00c9co Distribution","url":"https:\/\/maisonecodistribution.com\/eboutique\/","logo":{"@type":"ImageObject","inLanguage":"fr-FR","@id":"https:\/\/maisonecodistribution.com\/eboutique\/#\/schema\/logo\/image\/","url":"https:\/\/maisonecodistribution.com\/eboutique\/wp-content\/uploads\/2024\/07\/logo-maison-eco-1.png","contentUrl":"https:\/\/maisonecodistribution.com\/eboutique\/wp-content\/uploads\/2024\/07\/logo-maison-eco-1.png","width":300,"height":321,"caption":"Maison \u00c9co Distribution"},"image":{"@id":"https:\/\/maisonecodistribution.com\/eboutique\/#\/schema\/logo\/image\/"},"sameAs":["https:\/\/www.facebook.com\/maisonecodistribution"]}]},"product_price_amount":"13.40","product_price_currency":"EUR","og_availability":"instock","product_availability":"instock","product_condition":"new"},"_links":{"self":[{"href":"https:\/\/maisonecodistribution.com\/eboutique\/wp-json\/wp\/v2\/product\/5034","targetHints":{"allow":["GET"]}}],"collection":[{"href":"https:\/\/maisonecodistribution.com\/eboutique\/wp-json\/wp\/v2\/product"}],"about":[{"href":"https:\/\/maisonecodistribution.com\/eboutique\/wp-json\/wp\/v2\/types\/product"}],"wp:featuredmedia":[{"embeddable":true,"href":"https:\/\/maisonecodistribution.com\/eboutique\/wp-json\/wp\/v2\/media\/5036"}],"wp:attachment":[{"href":"https:\/\/maisonecodistribution.com\/eboutique\/wp-json\/wp\/v2\/media?parent=5034"}],"wp:term":[{"taxonomy":"product_brand","embeddable":true,"href":"https:\/\/maisonecodistribution.com\/eboutique\/wp-json\/wp\/v2\/product_brand?post=5034"},{"taxonomy":"product_cat","embeddable":true,"href":"https:\/\/maisonecodistribution.com\/eboutique\/wp-json\/wp\/v2\/product_cat?post=5034"},{"taxonomy":"product_tag","embeddable":true,"href":"https:\/\/maisonecodistribution.com\/eboutique\/wp-json\/wp\/v2\/product_tag?post=5034"}],"curies":[{"name":"wp","href":"https:\/\/api.w.org\/{rel}","templated":true}]}}