{"id":4834,"date":"2025-04-01T14:17:27","date_gmt":"2025-04-01T12:17:27","guid":{"rendered":"https:\/\/maisonecodistribution.com\/eboutique\/?post_type=product&#038;p=4834"},"modified":"2025-04-01T16:01:18","modified_gmt":"2025-04-01T14:01:18","slug":"spring-box-bona","status":"publish","type":"product","link":"https:\/\/maisonecodistribution.com\/eboutique\/produit\/spring-box-bona\/","title":{"rendered":"Kit Spring box &#8211; Entretien des terrasses en bois"},"content":{"rendered":"<h2>Dans le kit :<\/h2>\n<h3>1 &#8211; Decking Oil Neutral : La Bona Decking oil neutral est une huile concentr\u00e9e pour la protection des terrasses et autres bois ext\u00e9rieurs, expos\u00e9s aux intemp\u00e9ries. Elle rehausse le grain du bois, tout en le prot\u00e9geant contre la p\u00e9n\u00e9tration d&rsquo;humidit\u00e9 et en r\u00e9duisant le risque de fissuration ou de d\u00e9formation.<\/h3>\n<p>Elle contient des agents <strong>protecteurs anti-UV qui inhibent l&rsquo;effet d\u00e9gradant du soleil<\/strong>. Cette huile a une tr\u00e8s faible teneur en COV (&lt;7%) et, est imperm\u00e9able.<\/p>\n<p><span style=\"font-weight: 600;\">Caract\u00e9ristiques techniques :<\/span><\/p>\n<p><strong>Pr\u00e9paration de la surface :<\/strong> Bien lire l&rsquo;\u00e9tiquette coll\u00e9e au produit. <strong>Attention : temp\u00e9rature minimale de mise en oeuvre : 13\u00b0C<\/strong><\/p>\n<p><strong>Application :<\/strong> Bien secouer le bidon.<\/p>\n<p>1- Appliquer 1-2 fines couches d&rsquo;huile de mani\u00e8re uniforme, avec une brosse large (offert dans le kit)<br \/>\n2- Lorsque le bois est satur\u00e9, retirer l&rsquo;exc\u00e9dent d&rsquo;huile avec un chiffon coton.<br \/>\n3- Laisser s\u00e9cher 24 heures au moins. Ne pas solliciter la surface trait\u00e9e. S&rsquo;il pleut avant que l&rsquo;huile n&rsquo;ait pu durcir, il pourra \u00eatre n\u00e9cessaire d&rsquo;appliquer une nouvelle fine couche d&rsquo;huile.<\/p>\n<p><strong>Entretien :<\/strong> Rincer la terrasse, \u00e0 l&rsquo;occasion \u00e0 l&rsquo;eau et au savon. Si des signes d&rsquo;usure apparaissent : coloration plus claire, bois sec, appliquer une nouvelle couche de cette m\u00eame huile afin de prot\u00e9ger \u00e0 nouveau le bois et rallonger sa dur\u00e9e de vie, avant que l&rsquo;usure ne soit trop prononc\u00e9e. Un bois gris et abim\u00e9 sera nettoy\u00e9 avec un autre syst\u00e8me ou en passant le \u00ab\u00a0raviveur de terrasse\u00a0\u00bb avant l&rsquo;application d&rsquo;une nouvelle couche d&rsquo;huile.<\/p>\n<p><strong>Attention :<\/strong> La Bona Decking Oil contient des huiles siccatives. Risque d&rsquo;auto-combustion. Les chiffons d&rsquo;application, outils devront \u00eatre plac\u00e9s dans de l&rsquo;eau ou dans un local ferm\u00e9.<\/p>\n<h5>Donn\u00e9es techniques :<\/h5>\n<ul>\n<li>Consommation : 1 litre pour 20m2 environ<\/li>\n<li>S\u00e9chage : environ 24h<\/li>\n<li>Point \u00e9clair : &gt;62\u00b0C<\/li>\n<li>Nettoyage : Les outils peuvent se nettoyer au white spirit<\/li>\n<li>Dilution : Ne pas diluer.<\/li>\n<li>Stockage : 2 ans \u00e0 compter de la date de fabrication, dans l&#8217;emballage d&rsquo;origine non ouvert. Stocker \u00e0 l&rsquo;abri du gel, dans un endroit frais et bien ventil\u00e9, \u00e0 l&rsquo;\u00e9cart des mat\u00e9riaux incompatibles et de sources d&rsquo;inflammation.<\/li>\n<\/ul>\n<h3>2 &#8211; Raviveur de terrasse : La Bona Outdoor Wood deck reviver est un raviveur pour des terrasses en bois ext\u00e9rieures. Ce raviveur sert \u00e0 nettoyer en profondeur vos bois tendres d\u00e9fraichis, ab\u00eem\u00e9s ou d\u00e9j\u00e0 huil\u00e9s, tels que le m\u00e9l\u00e8ze, l&rsquo;\u00e9pic\u00e9a et le pin impr\u00e9gn\u00e9.<\/h3>\n<p><strong>Efficace et sans danger pour le jardin<\/strong>. Elle dissout l&rsquo;ancienne huile et le bois ab\u00eem\u00e9. Contenu enti\u00e8rement biod\u00e9gradable.<\/p>\n<p><strong>Pr\u00e9paration de la surface :<\/strong> Retirez les salet\u00e9s, mousses etc&#8230; Prot\u00e9gez les surfaces sensibles telles que les plantes et l&rsquo;aluminium des taches. Evitez de travailler \u00e0 la lumi\u00e8re directe du soleil.<\/p>\n<p><strong>Application :<\/strong><\/p>\n<p>1- Appliquez g\u00e9n\u00e9reusement le produit sur une surface de 5 \u00e0 10 m2 et laissez reposer environ 5 minutes.<br \/>\n2- Frottez la surface \u00e0 l&rsquo;aide d&rsquo;une brosse \u00e0 poils durs h\u00e9riss\u00e9s ou utilisez un \u00e9quipement haute pression (\u00e9quip\u00e9 d&rsquo;une brosse rotative) avec une pression aussi faible que possible.<br \/>\n3- Rincez soigneusement \u00e0 l&rsquo;eau claire et d\u00e9marrez la surface suivante.<br \/>\n4- Laissez la terrasse s\u00e9cher compl\u00e8tement avant de traiter sa surface.<\/p>\n<h3>3 &#8211; Une brosse 120mm x 35mm OFFERTE<\/h3>\n<h4>Rendement du kit : Un kit \u00ab\u00a0Spring Box\u00a0\u00bb convient pour 40 \u00e0 50m2 de terrasse.<\/h4>\n<div class=\"page\" title=\"Page 2\">\n<div class=\"section\">\n<div class=\"layoutArea\">\n<div class=\"column\">\n<div  class='tabcontainer av-w1a2s-421fcc50b6ad35202a86b6fd3e7b11b1 top_tab  avia-builder-el-0  avia-builder-el-no-sibling '>\n<section class='av_tab_section av_tab_section av-raeuc-3ca0ff038ff76ed26b9240b8bb3516e9'  itemscope=\"itemscope\" itemtype=\"https:\/\/schema.org\/CreativeWork\" ><div id='tab-id-1-tab' class='tab active_tab' role='tab' aria-selected=\"true\" tabindex=\"0\" data-fake-id='#tab-id-1' aria-controls='tab-id-1-content'  itemprop=\"headline\" ><span class='tab_icon avia-iconfont avia-font-entypo-fontello' data-av_icon='\ue84b' data-av_iconfont='entypo-fontello' ><\/span>Fiches Techniques<\/div><div id='tab-id-1-content' class='tab_content active_tab_content' role='tabpanel' aria-labelledby='tab-id-1-tab' aria-hidden=\"false\"><div class='tab_inner_content invers-color'  itemprop=\"text\" ><div  class='avia-button-wrap av-igylo-019681e142670d1de90aa7e2fa535bdd-wrap avia-button-left  avia-builder-el-1  avia-builder-el-no-sibling '><a href=''  class='avia-button av-igylo-019681e142670d1de90aa7e2fa535bdd av-link-btn avia-icon_select-yes-left-icon avia-size-small avia-position-left av-icon-on-hover avia-color-theme-color'  target=\"_blank\"  rel=\"noopener noreferrer\"  aria-label=\"T\u00e9l\u00e9charger la fiche technique (PDF)\"><span class='avia_button_icon avia_button_icon_left avia-iconfont avia-font-entypo-fontello' data-av_icon='\ue82d' data-av_iconfont='entypo-fontello' ><\/span><span class='avia_iconbox_title' >T\u00e9l\u00e9charger la fiche technique (PDF)<\/span><\/a><\/div>\n<\/div><\/div><\/section>\n<section class='av_tab_section av_tab_section av-f3tho-673245044c8cd2155e38098f98d96955'  itemscope=\"itemscope\" itemtype=\"https:\/\/schema.org\/CreativeWork\" ><div id='tab-id-2-tab' class='tab' role='tab' aria-selected=\"false\" tabindex=\"0\" data-fake-id='#tab-id-2' aria-controls='tab-id-2-content'  itemprop=\"headline\" ><span class='tab_icon avia-iconfont avia-font-entypo-fontello' data-av_icon='\ue81f' data-av_iconfont='entypo-fontello' ><\/span>\u00c0 propos de la marque<\/div><div id='tab-id-2-content' class='tab_content' role='tabpanel' aria-labelledby='tab-id-2-tab' aria-hidden=\"true\"><div class='tab_inner_content invers-color'  itemprop=\"text\" ><p><img loading=\"lazy\" decoding=\"async\" class=\"wp-image-4837 alignleft\" src=\"https:\/\/maisonecodistribution.com\/eboutique\/wp-content\/uploads\/2025\/04\/7b7320cc-d310-4fa8-85aa-2e71e82ec75c.__CR0024002400_PT0_SX300_V1___.jpg\" alt=\"\" width=\"95\" height=\"95\" srcset=\"https:\/\/maisonecodistribution.com\/eboutique\/wp-content\/uploads\/2025\/04\/7b7320cc-d310-4fa8-85aa-2e71e82ec75c.__CR0024002400_PT0_SX300_V1___.jpg 300w, https:\/\/maisonecodistribution.com\/eboutique\/wp-content\/uploads\/2025\/04\/7b7320cc-d310-4fa8-85aa-2e71e82ec75c.__CR0024002400_PT0_SX300_V1___-80x80.jpg 80w, https:\/\/maisonecodistribution.com\/eboutique\/wp-content\/uploads\/2025\/04\/7b7320cc-d310-4fa8-85aa-2e71e82ec75c.__CR0024002400_PT0_SX300_V1___-36x36.jpg 36w, https:\/\/maisonecodistribution.com\/eboutique\/wp-content\/uploads\/2025\/04\/7b7320cc-d310-4fa8-85aa-2e71e82ec75c.__CR0024002400_PT0_SX300_V1___-180x180.jpg 180w, https:\/\/maisonecodistribution.com\/eboutique\/wp-content\/uploads\/2025\/04\/7b7320cc-d310-4fa8-85aa-2e71e82ec75c.__CR0024002400_PT0_SX300_V1___-120x120.jpg 120w, https:\/\/maisonecodistribution.com\/eboutique\/wp-content\/uploads\/2025\/04\/7b7320cc-d310-4fa8-85aa-2e71e82ec75c.__CR0024002400_PT0_SX300_V1___-100x100.jpg 100w\" sizes=\"auto, (max-width: 95px) 100vw, 95px\" \/><\/p>\n<div class=\"page\" title=\"Page 2\">\n<div class=\"section\">\n<div class=\"layoutArea\">\n<div class=\"column\">\n<p>Bona est une entreprise familiale mondiale qui fournit des produits pour l&rsquo;installation, la r\u00e9novation, l&rsquo;entretien des sols premium. Fond\u00e9e en 1919, Bona propose des produits pour les rev\u00eatements de sol premium, notamment le parquet, le carrelage, le vinyle, les sols souples, le caoutchouc et le parquet stratifi\u00e9.<\/p>\n<\/div>\n<\/div>\n<\/div>\n<\/div>\n<\/div><\/div><\/section>\n<section class='av_tab_section av_tab_section av-a4nn8-51255d398f2397d9e0b34ca3e4c5aa18'  itemscope=\"itemscope\" itemtype=\"https:\/\/schema.org\/CreativeWork\" ><div id='tab-id-3-tab' class='tab' role='tab' aria-selected=\"false\" tabindex=\"0\" data-fake-id='#tab-id-3' aria-controls='tab-id-3-content'  itemprop=\"headline\" ><span class='tab_icon avia-iconfont avia-font-entypo-fontello' data-av_icon='\ue817' data-av_iconfont='entypo-fontello' ><\/span>Plus d\u2019informations <\/div><div id='tab-id-3-content' class='tab_content' role='tabpanel' aria-labelledby='tab-id-3-tab' aria-hidden=\"true\"><div class='tab_inner_content invers-color'  itemprop=\"text\" ><table>\n<tbody>\n<tr>\n<td width=\"255\"><strong>PRODUIT<\/strong><\/td>\n<td style=\"text-align: center;\" width=\"181\"><strong>Prix HT<\/strong><\/td>\n<td style=\"text-align: center;\" width=\"181\"><strong>Prix TTC<\/strong><\/td>\n<\/tr>\n<tr>\n<td width=\"255\">Kit \u00a0\u00bb Spring Box\u00a0\u00bb<\/td>\n<td style=\"text-align: center;\" width=\"181\">109,00 \u20ac<\/td>\n<td style=\"text-align: center;\" width=\"181\">130,80 \u20ac<\/td>\n<\/tr>\n<\/tbody>\n<\/table>\n<\/div><\/div><\/section>\n<\/div>\n<\/div>\n<\/div>\n<\/div>\n<\/div>\n","protected":false},"excerpt":{"rendered":"<div class=\"page\" title=\"Page 2\">\n<div class=\"section\">\n<div class=\"layoutArea\">\n<div class=\"column\">\n<p>Sp\u00e9cialement adapt\u00e9e \u00e0 la <strong>protection des bois d&rsquo;ext\u00e9rieur<\/strong>, le kit Bona permet de <strong>nettoyer et de prot\u00e9ger sa terrasse<\/strong>.<\/p>\n<\/div>\n<\/div>\n<div class=\"layoutArea\">\n<div class=\"column\">\n<p>&nbsp;<\/p>\n<\/div>\n<\/div>\n<\/div>\n<\/div>\n","protected":false},"featured_media":4838,"template":"","meta":[],"product_brand":[],"product_cat":[3073,18,38,1654,34,44],"product_tag":[],"class_list":{"0":"post-4834","1":"product","2":"type-product","3":"status-publish","4":"has-post-thumbnail","6":"product_cat-bona","7":"product_cat-decoration-finition","8":"product_cat-protection-bois-et-autres-surfaces","9":"product_cat-grosoeuvre-bois","10":"product_cat-finitions-exterieures-bois","11":"product_cat-entretien","13":"first","14":"instock","15":"taxable","16":"shipping-taxable","17":"purchasable","18":"product-type-simple"},"yoast_head":"<!-- This site is optimized with the Yoast SEO plugin v25.1 - https:\/\/yoast.com\/wordpress\/plugins\/seo\/ -->\n<title>Kit Spring box - Entretien des terrasses en bois | Protection du bois | Maison \u00c9co Distribution<\/title>\n<meta name=\"description\" content=\"Nettoyez et prot\u00e9gez votre terrasse en bois gr\u00e2ce aux produits Bona et son kit &quot;Spring Box&quot;. Dans le kit : un raviveur, une huile et une brosse offerte.\" \/>\n<meta name=\"robots\" content=\"index, follow, max-snippet:-1, max-image-preview:large, max-video-preview:-1\" \/>\n<link rel=\"canonical\" href=\"https:\/\/maisonecodistribution.com\/eboutique\/produit\/spring-box-bona\/\" \/>\n<meta property=\"og:locale\" content=\"fr_FR\" \/>\n<meta property=\"og:type\" content=\"article\" \/>\n<meta property=\"og:title\" content=\"Kit Spring box - Entretien des terrasses en bois | Protection du bois | Maison \u00c9co Distribution\" \/>\n<meta property=\"og:description\" content=\"Nettoyez et prot\u00e9gez votre terrasse en bois gr\u00e2ce aux produits Bona et son kit &quot;Spring Box&quot;. Dans le kit : un raviveur, une huile et une brosse offerte.\" \/>\n<meta property=\"og:url\" content=\"https:\/\/maisonecodistribution.com\/eboutique\/produit\/spring-box-bona\/\" \/>\n<meta property=\"og:site_name\" content=\"Maison \u00c9co Distribution\" \/>\n<meta property=\"article:publisher\" content=\"https:\/\/www.facebook.com\/maisonecodistribution\" \/>\n<meta property=\"article:modified_time\" content=\"2025-04-01T14:01:18+00:00\" \/>\n<meta property=\"og:image\" content=\"https:\/\/maisonecodistribution.com\/eboutique\/wp-content\/uploads\/2025\/04\/KIT-SPRING-BOX-BONA0.png\" \/>\n\t<meta property=\"og:image:width\" content=\"1378\" \/>\n\t<meta property=\"og:image:height\" content=\"877\" \/>\n\t<meta property=\"og:image:type\" content=\"image\/png\" \/>\n<meta name=\"twitter:card\" content=\"summary_large_image\" \/>\n<meta name=\"twitter:label1\" content=\"Prix\" \/>\n\t<meta name=\"twitter:data1\" content=\"130,80&nbsp;&euro; TTC\" \/>\n\t<meta name=\"twitter:label2\" content=\"Disponibilit\u00e9\" \/>\n\t<meta name=\"twitter:data2\" content=\"En stock\" \/>\n<script type=\"application\/ld+json\" class=\"yoast-schema-graph\">{\"@context\":\"https:\/\/schema.org\",\"@graph\":[{\"@type\":[\"WebPage\",\"ItemPage\"],\"@id\":\"https:\/\/maisonecodistribution.com\/eboutique\/produit\/spring-box-bona\/\",\"url\":\"https:\/\/maisonecodistribution.com\/eboutique\/produit\/spring-box-bona\/\",\"name\":\"Kit Spring box - Entretien des terrasses en bois | Protection du bois | Maison \u00c9co Distribution\",\"isPartOf\":{\"@id\":\"https:\/\/maisonecodistribution.com\/eboutique\/#website\"},\"primaryImageOfPage\":{\"@id\":\"https:\/\/maisonecodistribution.com\/eboutique\/produit\/spring-box-bona\/#primaryimage\"},\"image\":{\"@id\":\"https:\/\/maisonecodistribution.com\/eboutique\/produit\/spring-box-bona\/#primaryimage\"},\"thumbnailUrl\":\"https:\/\/maisonecodistribution.com\/eboutique\/wp-content\/uploads\/2025\/04\/KIT-SPRING-BOX-BONA0.png\",\"datePublished\":\"2025-04-01T12:17:27+00:00\",\"dateModified\":\"2025-04-01T14:01:18+00:00\",\"description\":\"Nettoyez et prot\u00e9gez votre terrasse en bois gr\u00e2ce aux produits Bona et son kit \\\"Spring Box\\\". Dans le kit : un raviveur, une huile et une brosse offerte.\",\"breadcrumb\":{\"@id\":\"https:\/\/maisonecodistribution.com\/eboutique\/produit\/spring-box-bona\/#breadcrumb\"},\"inLanguage\":\"fr-FR\",\"potentialAction\":[{\"@type\":\"ReadAction\",\"target\":[\"https:\/\/maisonecodistribution.com\/eboutique\/produit\/spring-box-bona\/\"]}]},{\"@type\":\"ImageObject\",\"inLanguage\":\"fr-FR\",\"@id\":\"https:\/\/maisonecodistribution.com\/eboutique\/produit\/spring-box-bona\/#primaryimage\",\"url\":\"https:\/\/maisonecodistribution.com\/eboutique\/wp-content\/uploads\/2025\/04\/KIT-SPRING-BOX-BONA0.png\",\"contentUrl\":\"https:\/\/maisonecodistribution.com\/eboutique\/wp-content\/uploads\/2025\/04\/KIT-SPRING-BOX-BONA0.png\",\"width\":1378,\"height\":877},{\"@type\":\"BreadcrumbList\",\"@id\":\"https:\/\/maisonecodistribution.com\/eboutique\/produit\/spring-box-bona\/#breadcrumb\",\"itemListElement\":[{\"@type\":\"ListItem\",\"position\":1,\"name\":\"Home\",\"item\":\"https:\/\/maisonecodistribution.com\/eboutique\/\"},{\"@type\":\"ListItem\",\"position\":2,\"name\":\"CATALOGUE\",\"item\":\"https:\/\/maisonecodistribution.com\/eboutique\/catalogue\/\"},{\"@type\":\"ListItem\",\"position\":3,\"name\":\"Kit Spring box &#8211; Entretien des terrasses en bois\"}]},{\"@type\":\"WebSite\",\"@id\":\"https:\/\/maisonecodistribution.com\/eboutique\/#website\",\"url\":\"https:\/\/maisonecodistribution.com\/eboutique\/\",\"name\":\"Maison \u00c9co Distribution\",\"description\":\"Tout pour un habitat sain\",\"publisher\":{\"@id\":\"https:\/\/maisonecodistribution.com\/eboutique\/#organization\"},\"potentialAction\":[{\"@type\":\"SearchAction\",\"target\":{\"@type\":\"EntryPoint\",\"urlTemplate\":\"https:\/\/maisonecodistribution.com\/eboutique\/?s={search_term_string}\"},\"query-input\":{\"@type\":\"PropertyValueSpecification\",\"valueRequired\":true,\"valueName\":\"search_term_string\"}}],\"inLanguage\":\"fr-FR\"},{\"@type\":\"Organization\",\"@id\":\"https:\/\/maisonecodistribution.com\/eboutique\/#organization\",\"name\":\"Maison \u00c9co Distribution\",\"url\":\"https:\/\/maisonecodistribution.com\/eboutique\/\",\"logo\":{\"@type\":\"ImageObject\",\"inLanguage\":\"fr-FR\",\"@id\":\"https:\/\/maisonecodistribution.com\/eboutique\/#\/schema\/logo\/image\/\",\"url\":\"https:\/\/maisonecodistribution.com\/eboutique\/wp-content\/uploads\/2024\/07\/logo-maison-eco-1.png\",\"contentUrl\":\"https:\/\/maisonecodistribution.com\/eboutique\/wp-content\/uploads\/2024\/07\/logo-maison-eco-1.png\",\"width\":300,\"height\":321,\"caption\":\"Maison \u00c9co Distribution\"},\"image\":{\"@id\":\"https:\/\/maisonecodistribution.com\/eboutique\/#\/schema\/logo\/image\/\"},\"sameAs\":[\"https:\/\/www.facebook.com\/maisonecodistribution\"]}]}<\/script>\n<meta property=\"product:price:amount\" content=\"130.80\" \/>\n<meta property=\"product:price:currency\" content=\"EUR\" \/>\n<meta property=\"og:availability\" content=\"instock\" \/>\n<meta property=\"product:availability\" content=\"instock\" \/>\n<meta property=\"product:condition\" content=\"new\" \/>\n<!-- \/ Yoast SEO plugin. -->","yoast_head_json":{"title":"Kit Spring box - Entretien des terrasses en bois | Protection du bois | Maison \u00c9co Distribution","description":"Nettoyez et prot\u00e9gez votre terrasse en bois gr\u00e2ce aux produits Bona et son kit \"Spring Box\". Dans le kit : un raviveur, une huile et une brosse offerte.","robots":{"index":"index","follow":"follow","max-snippet":"max-snippet:-1","max-image-preview":"max-image-preview:large","max-video-preview":"max-video-preview:-1"},"canonical":"https:\/\/maisonecodistribution.com\/eboutique\/produit\/spring-box-bona\/","og_locale":"fr_FR","og_type":"article","og_title":"Kit Spring box - Entretien des terrasses en bois | Protection du bois | Maison \u00c9co Distribution","og_description":"Nettoyez et prot\u00e9gez votre terrasse en bois gr\u00e2ce aux produits Bona et son kit \"Spring Box\". Dans le kit : un raviveur, une huile et une brosse offerte.","og_url":"https:\/\/maisonecodistribution.com\/eboutique\/produit\/spring-box-bona\/","og_site_name":"Maison \u00c9co Distribution","article_publisher":"https:\/\/www.facebook.com\/maisonecodistribution","article_modified_time":"2025-04-01T14:01:18+00:00","og_image":[{"width":1378,"height":877,"url":"https:\/\/maisonecodistribution.com\/eboutique\/wp-content\/uploads\/2025\/04\/KIT-SPRING-BOX-BONA0.png","type":"image\/png"}],"twitter_card":"summary_large_image","twitter_misc":{"Prix":"130,80&nbsp;&euro; TTC","Disponibilit\u00e9":"En stock"},"schema":{"@context":"https:\/\/schema.org","@graph":[{"@type":["WebPage","ItemPage"],"@id":"https:\/\/maisonecodistribution.com\/eboutique\/produit\/spring-box-bona\/","url":"https:\/\/maisonecodistribution.com\/eboutique\/produit\/spring-box-bona\/","name":"Kit Spring box - Entretien des terrasses en bois | Protection du bois | Maison \u00c9co Distribution","isPartOf":{"@id":"https:\/\/maisonecodistribution.com\/eboutique\/#website"},"primaryImageOfPage":{"@id":"https:\/\/maisonecodistribution.com\/eboutique\/produit\/spring-box-bona\/#primaryimage"},"image":{"@id":"https:\/\/maisonecodistribution.com\/eboutique\/produit\/spring-box-bona\/#primaryimage"},"thumbnailUrl":"https:\/\/maisonecodistribution.com\/eboutique\/wp-content\/uploads\/2025\/04\/KIT-SPRING-BOX-BONA0.png","datePublished":"2025-04-01T12:17:27+00:00","dateModified":"2025-04-01T14:01:18+00:00","description":"Nettoyez et prot\u00e9gez votre terrasse en bois gr\u00e2ce aux produits Bona et son kit \"Spring Box\". Dans le kit : un raviveur, une huile et une brosse offerte.","breadcrumb":{"@id":"https:\/\/maisonecodistribution.com\/eboutique\/produit\/spring-box-bona\/#breadcrumb"},"inLanguage":"fr-FR","potentialAction":[{"@type":"ReadAction","target":["https:\/\/maisonecodistribution.com\/eboutique\/produit\/spring-box-bona\/"]}]},{"@type":"ImageObject","inLanguage":"fr-FR","@id":"https:\/\/maisonecodistribution.com\/eboutique\/produit\/spring-box-bona\/#primaryimage","url":"https:\/\/maisonecodistribution.com\/eboutique\/wp-content\/uploads\/2025\/04\/KIT-SPRING-BOX-BONA0.png","contentUrl":"https:\/\/maisonecodistribution.com\/eboutique\/wp-content\/uploads\/2025\/04\/KIT-SPRING-BOX-BONA0.png","width":1378,"height":877},{"@type":"BreadcrumbList","@id":"https:\/\/maisonecodistribution.com\/eboutique\/produit\/spring-box-bona\/#breadcrumb","itemListElement":[{"@type":"ListItem","position":1,"name":"Home","item":"https:\/\/maisonecodistribution.com\/eboutique\/"},{"@type":"ListItem","position":2,"name":"CATALOGUE","item":"https:\/\/maisonecodistribution.com\/eboutique\/catalogue\/"},{"@type":"ListItem","position":3,"name":"Kit Spring box &#8211; Entretien des terrasses en bois"}]},{"@type":"WebSite","@id":"https:\/\/maisonecodistribution.com\/eboutique\/#website","url":"https:\/\/maisonecodistribution.com\/eboutique\/","name":"Maison \u00c9co Distribution","description":"Tout pour un habitat sain","publisher":{"@id":"https:\/\/maisonecodistribution.com\/eboutique\/#organization"},"potentialAction":[{"@type":"SearchAction","target":{"@type":"EntryPoint","urlTemplate":"https:\/\/maisonecodistribution.com\/eboutique\/?s={search_term_string}"},"query-input":{"@type":"PropertyValueSpecification","valueRequired":true,"valueName":"search_term_string"}}],"inLanguage":"fr-FR"},{"@type":"Organization","@id":"https:\/\/maisonecodistribution.com\/eboutique\/#organization","name":"Maison \u00c9co Distribution","url":"https:\/\/maisonecodistribution.com\/eboutique\/","logo":{"@type":"ImageObject","inLanguage":"fr-FR","@id":"https:\/\/maisonecodistribution.com\/eboutique\/#\/schema\/logo\/image\/","url":"https:\/\/maisonecodistribution.com\/eboutique\/wp-content\/uploads\/2024\/07\/logo-maison-eco-1.png","contentUrl":"https:\/\/maisonecodistribution.com\/eboutique\/wp-content\/uploads\/2024\/07\/logo-maison-eco-1.png","width":300,"height":321,"caption":"Maison \u00c9co Distribution"},"image":{"@id":"https:\/\/maisonecodistribution.com\/eboutique\/#\/schema\/logo\/image\/"},"sameAs":["https:\/\/www.facebook.com\/maisonecodistribution"]}]},"product_price_amount":"130.80","product_price_currency":"EUR","og_availability":"instock","product_availability":"instock","product_condition":"new"},"_links":{"self":[{"href":"https:\/\/maisonecodistribution.com\/eboutique\/wp-json\/wp\/v2\/product\/4834","targetHints":{"allow":["GET"]}}],"collection":[{"href":"https:\/\/maisonecodistribution.com\/eboutique\/wp-json\/wp\/v2\/product"}],"about":[{"href":"https:\/\/maisonecodistribution.com\/eboutique\/wp-json\/wp\/v2\/types\/product"}],"wp:featuredmedia":[{"embeddable":true,"href":"https:\/\/maisonecodistribution.com\/eboutique\/wp-json\/wp\/v2\/media\/4838"}],"wp:attachment":[{"href":"https:\/\/maisonecodistribution.com\/eboutique\/wp-json\/wp\/v2\/media?parent=4834"}],"wp:term":[{"taxonomy":"product_brand","embeddable":true,"href":"https:\/\/maisonecodistribution.com\/eboutique\/wp-json\/wp\/v2\/product_brand?post=4834"},{"taxonomy":"product_cat","embeddable":true,"href":"https:\/\/maisonecodistribution.com\/eboutique\/wp-json\/wp\/v2\/product_cat?post=4834"},{"taxonomy":"product_tag","embeddable":true,"href":"https:\/\/maisonecodistribution.com\/eboutique\/wp-json\/wp\/v2\/product_tag?post=4834"}],"curies":[{"name":"wp","href":"https:\/\/api.w.org\/{rel}","templated":true}]}}