{"id":4583,"date":"2024-12-03T14:37:53","date_gmt":"2024-12-03T13:37:53","guid":{"rendered":"https:\/\/maisonecodistribution.com\/eboutique\/?post_type=product&#038;p=4583"},"modified":"2024-12-03T14:42:14","modified_gmt":"2024-12-03T13:42:14","slug":"carte-cadeau-maisoneco","status":"publish","type":"product","link":"https:\/\/maisonecodistribution.com\/eboutique\/produit\/carte-cadeau-maisoneco\/","title":{"rendered":"Carte cadeau"},"content":{"rendered":"<p><strong>e-Carte Cadeau<\/strong> utilisable en magasin et\/ou sur notre site de vente en ligne.<\/p>\n<p>De 20\u20ac \u00e0 300\u20ac disponible. <em>(Si vous souhaitez un montant diff\u00e9rent des montants propos\u00e9s, n&rsquo;h\u00e9sitez pas \u00e0 nous contacter : contact@maisoneco.eu)<\/em><\/p>\n<p>Carte valable 6 mois. La date de fin de validit\u00e9 sera indiqu\u00e9e sur la carte.<\/p>\n<p><strong>Merci de bien indiquer votre adresse mail afin que l&rsquo;on puisse vous envoyer la carte cadeau par mail.<\/strong><\/p>\n<p>&nbsp;<\/p>\n","protected":false},"excerpt":{"rendered":"<p>La <strong>carte cadeau Maison Eco Distribution<\/strong> permet de faire plaisir sans se tromper. Id\u00e9al pour No\u00ebl, anniversaire ou une occasion particuli\u00e8re \u00e0 f\u00eater.<\/p>\n","protected":false},"featured_media":4597,"template":"","meta":[],"product_brand":[],"product_cat":[18,40,41,37,35,39,38,36,22,47,2535,2536,45,48,46,1654,33,34,32,31,19,30,28,25,26,29,27,21,44,43,42],"product_tag":[],"class_list":{"0":"post-4583","1":"product","2":"type-product","3":"status-publish","4":"has-post-thumbnail","6":"product_cat-decoration-finition","7":"product_cat-badigeons-et-enduits-chaux","8":"product_cat-enduits-et-peintures-argile","9":"product_cat-mur-et-plafonds-bois","10":"product_cat-parquet","11":"product_cat-peintures-et-pigments","12":"product_cat-protection-bois-et-autres-surfaces","13":"product_cat-sol-liege","14":"product_cat-equipement-energie","15":"product_cat-chauffage-bois-et-granules","16":"product_cat-bois-de-chauffage-granules","17":"product_cat-accessoires-pour-poeles-et-cheminees","18":"product_cat-filtration-de-leau","19":"product_cat-solaire","20":"product_cat-toilettes-seches","21":"product_cat-grosoeuvre-bois","22":"product_cat-contreventement-chapes-cloisons","23":"product_cat-finitions-exterieures-bois","24":"product_cat-gros-oeuvre","25":"product_cat-structure-bois","26":"product_cat-isolation-etancheite","27":"product_cat-etancheite","28":"product_cat-isolation-sol","29":"product_cat-isolation-rigide","30":"product_cat-isolation-semi-rigide","31":"product_cat-ite","32":"product_cat-isolation-vrac","33":"product_cat-quincaillerie-outillage","34":"product_cat-entretien","35":"product_cat-outils","36":"product_cat-visserie","38":"first","39":"instock","40":"taxable","41":"shipping-taxable","42":"purchasable","43":"product-type-variable"},"yoast_head":"<!-- This site is optimized with the Yoast SEO plugin v25.1 - https:\/\/yoast.com\/wordpress\/plugins\/seo\/ -->\n<title>Offrez un peu de Maison Eco Distribution | Carte cadeau | Maison \u00c9co Distribution<\/title>\n<meta name=\"description\" content=\"La carte cadeau Maison Eco Distribution permet de faire plaisir sans se tromper. Id\u00e9al pour No\u00ebl, anniversaire ou une occasion particuli\u00e8re \u00e0 f\u00eater.\" \/>\n<meta name=\"robots\" content=\"index, follow, max-snippet:-1, max-image-preview:large, max-video-preview:-1\" \/>\n<link rel=\"canonical\" href=\"https:\/\/maisonecodistribution.com\/eboutique\/produit\/carte-cadeau-maisoneco\/\" \/>\n<meta property=\"og:locale\" content=\"fr_FR\" \/>\n<meta property=\"og:type\" content=\"article\" \/>\n<meta property=\"og:title\" content=\"Offrez un peu de Maison Eco Distribution | Carte cadeau | Maison \u00c9co Distribution\" \/>\n<meta property=\"og:description\" content=\"La carte cadeau Maison Eco Distribution permet de faire plaisir sans se tromper. Id\u00e9al pour No\u00ebl, anniversaire ou une occasion particuli\u00e8re \u00e0 f\u00eater.\" \/>\n<meta property=\"og:url\" content=\"https:\/\/maisonecodistribution.com\/eboutique\/produit\/carte-cadeau-maisoneco\/\" \/>\n<meta property=\"og:site_name\" content=\"Maison \u00c9co Distribution\" \/>\n<meta property=\"article:publisher\" content=\"https:\/\/www.facebook.com\/maisonecodistribution\" \/>\n<meta property=\"article:modified_time\" content=\"2024-12-03T13:42:14+00:00\" \/>\n<meta property=\"og:image\" content=\"https:\/\/maisonecodistribution.com\/eboutique\/wp-content\/uploads\/2024\/12\/kdo0.png\" \/>\n\t<meta property=\"og:image:width\" content=\"1783\" \/>\n\t<meta property=\"og:image:height\" content=\"1291\" \/>\n\t<meta property=\"og:image:type\" content=\"image\/png\" \/>\n<meta name=\"twitter:card\" content=\"summary_large_image\" \/>\n<meta name=\"twitter:label1\" content=\"Disponibilit\u00e9\" \/>\n\t<meta name=\"twitter:data1\" content=\"En stock\" \/>\n<script type=\"application\/ld+json\" class=\"yoast-schema-graph\">{\"@context\":\"https:\/\/schema.org\",\"@graph\":[{\"@type\":[\"WebPage\",\"ItemPage\"],\"@id\":\"https:\/\/maisonecodistribution.com\/eboutique\/produit\/carte-cadeau-maisoneco\/\",\"url\":\"https:\/\/maisonecodistribution.com\/eboutique\/produit\/carte-cadeau-maisoneco\/\",\"name\":\"Offrez un peu de Maison Eco Distribution | Carte cadeau | Maison \u00c9co Distribution\",\"isPartOf\":{\"@id\":\"https:\/\/maisonecodistribution.com\/eboutique\/#website\"},\"primaryImageOfPage\":{\"@id\":\"https:\/\/maisonecodistribution.com\/eboutique\/produit\/carte-cadeau-maisoneco\/#primaryimage\"},\"image\":{\"@id\":\"https:\/\/maisonecodistribution.com\/eboutique\/produit\/carte-cadeau-maisoneco\/#primaryimage\"},\"thumbnailUrl\":\"https:\/\/maisonecodistribution.com\/eboutique\/wp-content\/uploads\/2024\/12\/kdo0.png\",\"datePublished\":\"2024-12-03T13:37:53+00:00\",\"dateModified\":\"2024-12-03T13:42:14+00:00\",\"description\":\"La carte cadeau Maison Eco Distribution permet de faire plaisir sans se tromper. Id\u00e9al pour No\u00ebl, anniversaire ou une occasion particuli\u00e8re \u00e0 f\u00eater.\",\"breadcrumb\":{\"@id\":\"https:\/\/maisonecodistribution.com\/eboutique\/produit\/carte-cadeau-maisoneco\/#breadcrumb\"},\"inLanguage\":\"fr-FR\",\"potentialAction\":[{\"@type\":\"ReadAction\",\"target\":[\"https:\/\/maisonecodistribution.com\/eboutique\/produit\/carte-cadeau-maisoneco\/\"]}]},{\"@type\":\"ImageObject\",\"inLanguage\":\"fr-FR\",\"@id\":\"https:\/\/maisonecodistribution.com\/eboutique\/produit\/carte-cadeau-maisoneco\/#primaryimage\",\"url\":\"https:\/\/maisonecodistribution.com\/eboutique\/wp-content\/uploads\/2024\/12\/kdo0.png\",\"contentUrl\":\"https:\/\/maisonecodistribution.com\/eboutique\/wp-content\/uploads\/2024\/12\/kdo0.png\",\"width\":1783,\"height\":1291,\"caption\":\"carte cadeau Maison Eco Distribution\"},{\"@type\":\"BreadcrumbList\",\"@id\":\"https:\/\/maisonecodistribution.com\/eboutique\/produit\/carte-cadeau-maisoneco\/#breadcrumb\",\"itemListElement\":[{\"@type\":\"ListItem\",\"position\":1,\"name\":\"Home\",\"item\":\"https:\/\/maisonecodistribution.com\/eboutique\/\"},{\"@type\":\"ListItem\",\"position\":2,\"name\":\"CATALOGUE\",\"item\":\"https:\/\/maisonecodistribution.com\/eboutique\/catalogue\/\"},{\"@type\":\"ListItem\",\"position\":3,\"name\":\"Carte cadeau\"}]},{\"@type\":\"WebSite\",\"@id\":\"https:\/\/maisonecodistribution.com\/eboutique\/#website\",\"url\":\"https:\/\/maisonecodistribution.com\/eboutique\/\",\"name\":\"Maison \u00c9co Distribution\",\"description\":\"Tout pour un habitat sain\",\"publisher\":{\"@id\":\"https:\/\/maisonecodistribution.com\/eboutique\/#organization\"},\"potentialAction\":[{\"@type\":\"SearchAction\",\"target\":{\"@type\":\"EntryPoint\",\"urlTemplate\":\"https:\/\/maisonecodistribution.com\/eboutique\/?s={search_term_string}\"},\"query-input\":{\"@type\":\"PropertyValueSpecification\",\"valueRequired\":true,\"valueName\":\"search_term_string\"}}],\"inLanguage\":\"fr-FR\"},{\"@type\":\"Organization\",\"@id\":\"https:\/\/maisonecodistribution.com\/eboutique\/#organization\",\"name\":\"Maison \u00c9co Distribution\",\"url\":\"https:\/\/maisonecodistribution.com\/eboutique\/\",\"logo\":{\"@type\":\"ImageObject\",\"inLanguage\":\"fr-FR\",\"@id\":\"https:\/\/maisonecodistribution.com\/eboutique\/#\/schema\/logo\/image\/\",\"url\":\"https:\/\/maisonecodistribution.com\/eboutique\/wp-content\/uploads\/2024\/07\/logo-maison-eco-1.png\",\"contentUrl\":\"https:\/\/maisonecodistribution.com\/eboutique\/wp-content\/uploads\/2024\/07\/logo-maison-eco-1.png\",\"width\":300,\"height\":321,\"caption\":\"Maison \u00c9co Distribution\"},\"image\":{\"@id\":\"https:\/\/maisonecodistribution.com\/eboutique\/#\/schema\/logo\/image\/\"},\"sameAs\":[\"https:\/\/www.facebook.com\/maisonecodistribution\"]}]}<\/script>\n<meta property=\"og:availability\" content=\"instock\" \/>\n<meta property=\"product:availability\" content=\"instock\" \/>\n<meta property=\"product:condition\" content=\"new\" \/>\n<!-- \/ Yoast SEO plugin. -->","yoast_head_json":{"title":"Offrez un peu de Maison Eco Distribution | Carte cadeau | Maison \u00c9co Distribution","description":"La carte cadeau Maison Eco Distribution permet de faire plaisir sans se tromper. Id\u00e9al pour No\u00ebl, anniversaire ou une occasion particuli\u00e8re \u00e0 f\u00eater.","robots":{"index":"index","follow":"follow","max-snippet":"max-snippet:-1","max-image-preview":"max-image-preview:large","max-video-preview":"max-video-preview:-1"},"canonical":"https:\/\/maisonecodistribution.com\/eboutique\/produit\/carte-cadeau-maisoneco\/","og_locale":"fr_FR","og_type":"article","og_title":"Offrez un peu de Maison Eco Distribution | Carte cadeau | Maison \u00c9co Distribution","og_description":"La carte cadeau Maison Eco Distribution permet de faire plaisir sans se tromper. Id\u00e9al pour No\u00ebl, anniversaire ou une occasion particuli\u00e8re \u00e0 f\u00eater.","og_url":"https:\/\/maisonecodistribution.com\/eboutique\/produit\/carte-cadeau-maisoneco\/","og_site_name":"Maison \u00c9co Distribution","article_publisher":"https:\/\/www.facebook.com\/maisonecodistribution","article_modified_time":"2024-12-03T13:42:14+00:00","og_image":[{"width":1783,"height":1291,"url":"https:\/\/maisonecodistribution.com\/eboutique\/wp-content\/uploads\/2024\/12\/kdo0.png","type":"image\/png"}],"twitter_card":"summary_large_image","twitter_misc":{"Disponibilit\u00e9":"En stock"},"schema":{"@context":"https:\/\/schema.org","@graph":[{"@type":["WebPage","ItemPage"],"@id":"https:\/\/maisonecodistribution.com\/eboutique\/produit\/carte-cadeau-maisoneco\/","url":"https:\/\/maisonecodistribution.com\/eboutique\/produit\/carte-cadeau-maisoneco\/","name":"Offrez un peu de Maison Eco Distribution | Carte cadeau | Maison \u00c9co Distribution","isPartOf":{"@id":"https:\/\/maisonecodistribution.com\/eboutique\/#website"},"primaryImageOfPage":{"@id":"https:\/\/maisonecodistribution.com\/eboutique\/produit\/carte-cadeau-maisoneco\/#primaryimage"},"image":{"@id":"https:\/\/maisonecodistribution.com\/eboutique\/produit\/carte-cadeau-maisoneco\/#primaryimage"},"thumbnailUrl":"https:\/\/maisonecodistribution.com\/eboutique\/wp-content\/uploads\/2024\/12\/kdo0.png","datePublished":"2024-12-03T13:37:53+00:00","dateModified":"2024-12-03T13:42:14+00:00","description":"La carte cadeau Maison Eco Distribution permet de faire plaisir sans se tromper. Id\u00e9al pour No\u00ebl, anniversaire ou une occasion particuli\u00e8re \u00e0 f\u00eater.","breadcrumb":{"@id":"https:\/\/maisonecodistribution.com\/eboutique\/produit\/carte-cadeau-maisoneco\/#breadcrumb"},"inLanguage":"fr-FR","potentialAction":[{"@type":"ReadAction","target":["https:\/\/maisonecodistribution.com\/eboutique\/produit\/carte-cadeau-maisoneco\/"]}]},{"@type":"ImageObject","inLanguage":"fr-FR","@id":"https:\/\/maisonecodistribution.com\/eboutique\/produit\/carte-cadeau-maisoneco\/#primaryimage","url":"https:\/\/maisonecodistribution.com\/eboutique\/wp-content\/uploads\/2024\/12\/kdo0.png","contentUrl":"https:\/\/maisonecodistribution.com\/eboutique\/wp-content\/uploads\/2024\/12\/kdo0.png","width":1783,"height":1291,"caption":"carte cadeau Maison Eco Distribution"},{"@type":"BreadcrumbList","@id":"https:\/\/maisonecodistribution.com\/eboutique\/produit\/carte-cadeau-maisoneco\/#breadcrumb","itemListElement":[{"@type":"ListItem","position":1,"name":"Home","item":"https:\/\/maisonecodistribution.com\/eboutique\/"},{"@type":"ListItem","position":2,"name":"CATALOGUE","item":"https:\/\/maisonecodistribution.com\/eboutique\/catalogue\/"},{"@type":"ListItem","position":3,"name":"Carte cadeau"}]},{"@type":"WebSite","@id":"https:\/\/maisonecodistribution.com\/eboutique\/#website","url":"https:\/\/maisonecodistribution.com\/eboutique\/","name":"Maison \u00c9co Distribution","description":"Tout pour un habitat sain","publisher":{"@id":"https:\/\/maisonecodistribution.com\/eboutique\/#organization"},"potentialAction":[{"@type":"SearchAction","target":{"@type":"EntryPoint","urlTemplate":"https:\/\/maisonecodistribution.com\/eboutique\/?s={search_term_string}"},"query-input":{"@type":"PropertyValueSpecification","valueRequired":true,"valueName":"search_term_string"}}],"inLanguage":"fr-FR"},{"@type":"Organization","@id":"https:\/\/maisonecodistribution.com\/eboutique\/#organization","name":"Maison \u00c9co Distribution","url":"https:\/\/maisonecodistribution.com\/eboutique\/","logo":{"@type":"ImageObject","inLanguage":"fr-FR","@id":"https:\/\/maisonecodistribution.com\/eboutique\/#\/schema\/logo\/image\/","url":"https:\/\/maisonecodistribution.com\/eboutique\/wp-content\/uploads\/2024\/07\/logo-maison-eco-1.png","contentUrl":"https:\/\/maisonecodistribution.com\/eboutique\/wp-content\/uploads\/2024\/07\/logo-maison-eco-1.png","width":300,"height":321,"caption":"Maison \u00c9co Distribution"},"image":{"@id":"https:\/\/maisonecodistribution.com\/eboutique\/#\/schema\/logo\/image\/"},"sameAs":["https:\/\/www.facebook.com\/maisonecodistribution"]}]},"og_availability":"instock","product_availability":"instock","product_condition":"new"},"_links":{"self":[{"href":"https:\/\/maisonecodistribution.com\/eboutique\/wp-json\/wp\/v2\/product\/4583","targetHints":{"allow":["GET"]}}],"collection":[{"href":"https:\/\/maisonecodistribution.com\/eboutique\/wp-json\/wp\/v2\/product"}],"about":[{"href":"https:\/\/maisonecodistribution.com\/eboutique\/wp-json\/wp\/v2\/types\/product"}],"wp:featuredmedia":[{"embeddable":true,"href":"https:\/\/maisonecodistribution.com\/eboutique\/wp-json\/wp\/v2\/media\/4597"}],"wp:attachment":[{"href":"https:\/\/maisonecodistribution.com\/eboutique\/wp-json\/wp\/v2\/media?parent=4583"}],"wp:term":[{"taxonomy":"product_brand","embeddable":true,"href":"https:\/\/maisonecodistribution.com\/eboutique\/wp-json\/wp\/v2\/product_brand?post=4583"},{"taxonomy":"product_cat","embeddable":true,"href":"https:\/\/maisonecodistribution.com\/eboutique\/wp-json\/wp\/v2\/product_cat?post=4583"},{"taxonomy":"product_tag","embeddable":true,"href":"https:\/\/maisonecodistribution.com\/eboutique\/wp-json\/wp\/v2\/product_tag?post=4583"}],"curies":[{"name":"wp","href":"https:\/\/api.w.org\/{rel}","templated":true}]}}