{"id":4529,"date":"2024-10-28T09:26:12","date_gmt":"2024-10-28T08:26:12","guid":{"rendered":"https:\/\/maisonecodistribution.com\/eboutique\/?post_type=product&#038;p=4529"},"modified":"2026-02-16T08:52:46","modified_gmt":"2026-02-16T07:52:46","slug":"sous-couche-chanvre-2","status":"publish","type":"product","link":"https:\/\/maisonecodistribution.com\/eboutique\/produit\/sous-couche-chanvre-2\/","title":{"rendered":"Sous-couche Chanvre"},"content":{"rendered":"<div class=\"page\" title=\"Page 1\">\n<p>&nbsp;<\/p>\n<div class=\"layoutArea\">\n<div class=\"column\"><strong>Sous-couche de chanvre<\/strong> en rouleau. Cette <strong>sous-couche de chanvre<\/strong> est un <strong>isolant acoustique, recyclable et 100% naturelle<\/strong>. Pouvant servir de <strong>sous couche pour vos parquets<\/strong>.<\/div>\n<div class=\"column\">Le <strong>chanvre<\/strong> est une plante utile en agriculture dont toutes les parties sont valorisables. Il fournit l&rsquo;une des <strong>fibres v\u00e9g\u00e9tales<\/strong> les plus r\u00e9sistantes qui nous permet de fabriquer des panneaux et des rouleaux aux caract\u00e9ristiques isolantes uniques.<\/div>\n<\/div>\n<\/div>\n<p><strong>Les + du produit :<\/strong><\/p>\n<div class=\"page\" title=\"Page 1\">\n<div class=\"layoutArea\">\n<div class=\"column\">\n<ul>\n<li>excellente rupture des ponts phoniques<\/li>\n<li>absence de prot\u00e9ine : n\u2019attire pas les rongeurs et il n\u2019y a aucun d\u00e9veloppement de mites et termites<\/li>\n<li>non irritant<\/li>\n<li>recyclable<\/li>\n<li>tr\u00e8s stable dans le temps.<\/li>\n<\/ul>\n<\/div>\n<\/div>\n<\/div>\n<p>Disponible en bandes (\u00e9paisseur 5 mm &#8211; format : 0,1 x 15 m\u00e8tre lin\u00e9aire), rouleaux (\u00e9paisseur 5 mm &#8211; format : 1 x 15 m\u00e8tres lin\u00e9aires).<\/p>\n<div  class='tabcontainer av-w1a2s-421fcc50b6ad35202a86b6fd3e7b11b1 top_tab  avia-builder-el-0  avia-builder-el-no-sibling '>\n<section class='av_tab_section av_tab_section av-raeuc-3ca0ff038ff76ed26b9240b8bb3516e9'  itemscope=\"itemscope\" itemtype=\"https:\/\/schema.org\/CreativeWork\" ><div id='tab-id-1-tab' class='tab active_tab' role='tab' aria-selected=\"true\" tabindex=\"0\" data-fake-id='#tab-id-1' aria-controls='tab-id-1-content'  itemprop=\"headline\" ><span class='tab_icon avia-iconfont avia-font-entypo-fontello' data-av_icon='\ue84b' data-av_iconfont='entypo-fontello' ><\/span>Fiches Techniques<\/div><div id='tab-id-1-content' class='tab_content active_tab_content' role='tabpanel' aria-labelledby='tab-id-1-tab' aria-hidden=\"false\"><div class='tab_inner_content invers-color'  itemprop=\"text\" ><div  class='avia-button-wrap av-igylo-1a0b837e2af251b069c7ad974d32b50d-wrap avia-button-left  avia-builder-el-1  avia-builder-el-no-sibling '><a href='https:\/\/maisonecodistribution.com\/wp-content\/uploads\/2020\/06\/ftfeutrepurchanvre-121218.pdf'  class='avia-button av-igylo-1a0b837e2af251b069c7ad974d32b50d av-link-btn avia-icon_select-yes-left-icon avia-size-small avia-position-left av-icon-on-hover avia-color-theme-color'  target=\"_blank\"  rel=\"noopener noreferrer\"  aria-label=\"T\u00e9l\u00e9charger la fiche technique (PDF)\"><span class='avia_button_icon avia_button_icon_left avia-iconfont avia-font-entypo-fontello' data-av_icon='\ue82d' data-av_iconfont='entypo-fontello' ><\/span><span class='avia_iconbox_title' >T\u00e9l\u00e9charger la fiche technique (PDF)<\/span><\/a><\/div>\n<\/div><\/div><\/section>\n<section class='av_tab_section av_tab_section av-a4nn8-51255d398f2397d9e0b34ca3e4c5aa18'  itemscope=\"itemscope\" itemtype=\"https:\/\/schema.org\/CreativeWork\" ><div id='tab-id-2-tab' class='tab' role='tab' aria-selected=\"false\" tabindex=\"0\" data-fake-id='#tab-id-2' aria-controls='tab-id-2-content'  itemprop=\"headline\" ><span class='tab_icon avia-iconfont avia-font-entypo-fontello' data-av_icon='\ue817' data-av_iconfont='entypo-fontello' ><\/span>Plus d\u2019informations <\/div><div id='tab-id-2-content' class='tab_content' role='tabpanel' aria-labelledby='tab-id-2-tab' aria-hidden=\"true\"><div class='tab_inner_content invers-color'  itemprop=\"text\" ><table>\n<tbody>\n<tr>\n<td style=\"text-align: center;\" width=\"255\"><strong>PRODUIT<\/strong><\/td>\n<td width=\"181\">\n<p style=\"text-align: center;\"><strong>Prix HT<\/strong><\/p>\n<\/td>\n<td width=\"181\">\n<p style=\"text-align: center;\"><strong>Prix TTC<\/strong><\/p>\n<\/td>\n<\/tr>\n<tr>\n<td width=\"255\">BANDE CHANVRE &#8211; \u00e9paisseur 5 mm &#8211; format : 0,2 x 15 m\u00e8tres lin\u00e9aires<\/td>\n<td width=\"181\">\n<p style=\"text-align: center;\">5,83 \u20ac \/unit\u00e9<\/p>\n<\/td>\n<td width=\"181\">\n<p style=\"text-align: center;\">7,00 \u20ac\/unit\u00e9<\/p>\n<\/td>\n<\/tr>\n<tr>\n<td width=\"255\">ROULEAU CHANVRE &#8211; \u00e9paisseur 5 mm &#8211; format : 1 x 15 m\u00e8tres lin\u00e9aires<\/td>\n<td width=\"181\">\n<p style=\"text-align: center;\">3,12 \u20ac \/m2<\/p>\n<\/td>\n<td width=\"181\">\n<p style=\"text-align: center;\">3,74 \u20ac \/m2<\/p>\n<\/td>\n<\/tr>\n<\/tbody>\n<\/table>\n<div id=\"attachment_4603\" style=\"width: 310px\" class=\"wp-caption aligncenter\"><a href=\"https:\/\/maisonecodistribution.com\/eboutique\/produit\/sous-couche-chanvre-rouleau\/#tab-id-3\" target=\"_blank\" rel=\"noopener\"><img loading=\"lazy\" decoding=\"async\" aria-describedby=\"caption-attachment-4603\" class=\"wp-image-4603 size-medium\" title=\"Sous-couche chanvre\" src=\"https:\/\/maisonecodistribution.com\/eboutique\/wp-content\/uploads\/2024\/10\/feutre-pur-chanvre-1-x-15-m-5mm.jpg-e1733487990156-300x195.png\" alt=\"rouleau sous couche chanvre\" width=\"300\" height=\"195\" srcset=\"https:\/\/maisonecodistribution.com\/eboutique\/wp-content\/uploads\/2024\/10\/feutre-pur-chanvre-1-x-15-m-5mm.jpg-e1733487990156-300x195.png 300w, https:\/\/maisonecodistribution.com\/eboutique\/wp-content\/uploads\/2024\/10\/feutre-pur-chanvre-1-x-15-m-5mm.jpg-e1733487990156-450x292.png 450w, https:\/\/maisonecodistribution.com\/eboutique\/wp-content\/uploads\/2024\/10\/feutre-pur-chanvre-1-x-15-m-5mm.jpg-e1733487990156.png 493w\" sizes=\"auto, (max-width: 300px) 100vw, 300px\" \/><\/a><p id=\"caption-attachment-4603\" class=\"wp-caption-text\">rouleau de sous-couche de chanvre 100% \u00e9cologique<\/p><\/div>\n<\/div><\/div><\/section>\n<\/div>\n<p>&nbsp;<\/p>\n","protected":false},"excerpt":{"rendered":"<p>Rouleau de chanvre. <strong>Sous couche de chanvre<\/strong> isolante acoustique recyclable et 100% naturelle. Pouvant servir de sous couche pour vos parquets.<\/p>\n","protected":false},"featured_media":4530,"template":"","meta":[],"product_brand":[],"product_cat":[19,28],"product_tag":[],"class_list":{"0":"post-4529","1":"product","2":"type-product","3":"status-publish","4":"has-post-thumbnail","6":"product_cat-isolation-etancheite","7":"product_cat-isolation-sol","9":"first","10":"instock","11":"taxable","12":"shipping-taxable","13":"purchasable","14":"product-type-variable"},"yoast_head":"<!-- This site is optimized with the Yoast SEO plugin v25.1 - https:\/\/yoast.com\/wordpress\/plugins\/seo\/ -->\n<title>Sous-couche Chanvre | Sous-couche 100% naturelle | Maison \u00c9co Distribution<\/title>\n<meta name=\"description\" content=\"Sous-couche de chanvre en rouleau. Sous couche isolante acoustique recyclable et 100% naturelle. Pouvant servir de sous couche pour vos parquets.\" \/>\n<meta name=\"robots\" content=\"index, follow, max-snippet:-1, max-image-preview:large, max-video-preview:-1\" \/>\n<link rel=\"canonical\" href=\"https:\/\/maisonecodistribution.com\/eboutique\/produit\/sous-couche-chanvre-2\/\" \/>\n<meta property=\"og:locale\" content=\"fr_FR\" \/>\n<meta property=\"og:type\" content=\"article\" \/>\n<meta property=\"og:title\" content=\"Sous-couche Chanvre | Sous-couche 100% naturelle | Maison \u00c9co Distribution\" \/>\n<meta property=\"og:description\" content=\"Sous-couche de chanvre en rouleau. Sous couche isolante acoustique recyclable et 100% naturelle. Pouvant servir de sous couche pour vos parquets.\" \/>\n<meta property=\"og:url\" content=\"https:\/\/maisonecodistribution.com\/eboutique\/produit\/sous-couche-chanvre-2\/\" \/>\n<meta property=\"og:site_name\" content=\"Maison \u00c9co Distribution\" \/>\n<meta property=\"article:publisher\" content=\"https:\/\/www.facebook.com\/maisonecodistribution\" \/>\n<meta property=\"article:modified_time\" content=\"2026-02-16T07:52:46+00:00\" \/>\n<meta property=\"og:image\" content=\"https:\/\/maisonecodistribution.com\/eboutique\/wp-content\/uploads\/2024\/10\/souscouchechanvre-maisoneco.jpg\" \/>\n\t<meta property=\"og:image:width\" content=\"500\" \/>\n\t<meta property=\"og:image:height\" content=\"500\" \/>\n\t<meta property=\"og:image:type\" content=\"image\/jpeg\" \/>\n<meta name=\"twitter:card\" content=\"summary_large_image\" \/>\n<meta name=\"twitter:label1\" content=\"Disponibilit\u00e9\" \/>\n\t<meta name=\"twitter:data1\" content=\"En stock\" \/>\n<script type=\"application\/ld+json\" class=\"yoast-schema-graph\">{\"@context\":\"https:\/\/schema.org\",\"@graph\":[{\"@type\":[\"WebPage\",\"ItemPage\"],\"@id\":\"https:\/\/maisonecodistribution.com\/eboutique\/produit\/sous-couche-chanvre-2\/\",\"url\":\"https:\/\/maisonecodistribution.com\/eboutique\/produit\/sous-couche-chanvre-2\/\",\"name\":\"Sous-couche Chanvre | Sous-couche 100% naturelle | Maison \u00c9co Distribution\",\"isPartOf\":{\"@id\":\"https:\/\/maisonecodistribution.com\/eboutique\/#website\"},\"primaryImageOfPage\":{\"@id\":\"https:\/\/maisonecodistribution.com\/eboutique\/produit\/sous-couche-chanvre-2\/#primaryimage\"},\"image\":{\"@id\":\"https:\/\/maisonecodistribution.com\/eboutique\/produit\/sous-couche-chanvre-2\/#primaryimage\"},\"thumbnailUrl\":\"https:\/\/maisonecodistribution.com\/eboutique\/wp-content\/uploads\/2024\/10\/souscouchechanvre-maisoneco.jpg\",\"datePublished\":\"2024-10-28T08:26:12+00:00\",\"dateModified\":\"2026-02-16T07:52:46+00:00\",\"description\":\"Sous-couche de chanvre en rouleau. Sous couche isolante acoustique recyclable et 100% naturelle. Pouvant servir de sous couche pour vos parquets.\",\"breadcrumb\":{\"@id\":\"https:\/\/maisonecodistribution.com\/eboutique\/produit\/sous-couche-chanvre-2\/#breadcrumb\"},\"inLanguage\":\"fr-FR\",\"potentialAction\":[{\"@type\":\"ReadAction\",\"target\":[\"https:\/\/maisonecodistribution.com\/eboutique\/produit\/sous-couche-chanvre-2\/\"]}]},{\"@type\":\"ImageObject\",\"inLanguage\":\"fr-FR\",\"@id\":\"https:\/\/maisonecodistribution.com\/eboutique\/produit\/sous-couche-chanvre-2\/#primaryimage\",\"url\":\"https:\/\/maisonecodistribution.com\/eboutique\/wp-content\/uploads\/2024\/10\/souscouchechanvre-maisoneco.jpg\",\"contentUrl\":\"https:\/\/maisonecodistribution.com\/eboutique\/wp-content\/uploads\/2024\/10\/souscouchechanvre-maisoneco.jpg\",\"width\":500,\"height\":500,\"caption\":\"sous couche chanvre maison eco distribution\"},{\"@type\":\"BreadcrumbList\",\"@id\":\"https:\/\/maisonecodistribution.com\/eboutique\/produit\/sous-couche-chanvre-2\/#breadcrumb\",\"itemListElement\":[{\"@type\":\"ListItem\",\"position\":1,\"name\":\"Home\",\"item\":\"https:\/\/maisonecodistribution.com\/eboutique\/\"},{\"@type\":\"ListItem\",\"position\":2,\"name\":\"CATALOGUE\",\"item\":\"https:\/\/maisonecodistribution.com\/eboutique\/catalogue\/\"},{\"@type\":\"ListItem\",\"position\":3,\"name\":\"Sous-couche Chanvre\"}]},{\"@type\":\"WebSite\",\"@id\":\"https:\/\/maisonecodistribution.com\/eboutique\/#website\",\"url\":\"https:\/\/maisonecodistribution.com\/eboutique\/\",\"name\":\"Maison \u00c9co Distribution\",\"description\":\"Tout pour un habitat sain\",\"publisher\":{\"@id\":\"https:\/\/maisonecodistribution.com\/eboutique\/#organization\"},\"potentialAction\":[{\"@type\":\"SearchAction\",\"target\":{\"@type\":\"EntryPoint\",\"urlTemplate\":\"https:\/\/maisonecodistribution.com\/eboutique\/?s={search_term_string}\"},\"query-input\":{\"@type\":\"PropertyValueSpecification\",\"valueRequired\":true,\"valueName\":\"search_term_string\"}}],\"inLanguage\":\"fr-FR\"},{\"@type\":\"Organization\",\"@id\":\"https:\/\/maisonecodistribution.com\/eboutique\/#organization\",\"name\":\"Maison \u00c9co Distribution\",\"url\":\"https:\/\/maisonecodistribution.com\/eboutique\/\",\"logo\":{\"@type\":\"ImageObject\",\"inLanguage\":\"fr-FR\",\"@id\":\"https:\/\/maisonecodistribution.com\/eboutique\/#\/schema\/logo\/image\/\",\"url\":\"https:\/\/maisonecodistribution.com\/eboutique\/wp-content\/uploads\/2024\/07\/logo-maison-eco-1.png\",\"contentUrl\":\"https:\/\/maisonecodistribution.com\/eboutique\/wp-content\/uploads\/2024\/07\/logo-maison-eco-1.png\",\"width\":300,\"height\":321,\"caption\":\"Maison \u00c9co Distribution\"},\"image\":{\"@id\":\"https:\/\/maisonecodistribution.com\/eboutique\/#\/schema\/logo\/image\/\"},\"sameAs\":[\"https:\/\/www.facebook.com\/maisonecodistribution\"]}]}<\/script>\n<meta property=\"og:availability\" content=\"instock\" \/>\n<meta property=\"product:availability\" content=\"instock\" \/>\n<meta property=\"product:condition\" content=\"new\" \/>\n<!-- \/ Yoast SEO plugin. -->","yoast_head_json":{"title":"Sous-couche Chanvre | Sous-couche 100% naturelle | Maison \u00c9co Distribution","description":"Sous-couche de chanvre en rouleau. Sous couche isolante acoustique recyclable et 100% naturelle. Pouvant servir de sous couche pour vos parquets.","robots":{"index":"index","follow":"follow","max-snippet":"max-snippet:-1","max-image-preview":"max-image-preview:large","max-video-preview":"max-video-preview:-1"},"canonical":"https:\/\/maisonecodistribution.com\/eboutique\/produit\/sous-couche-chanvre-2\/","og_locale":"fr_FR","og_type":"article","og_title":"Sous-couche Chanvre | Sous-couche 100% naturelle | Maison \u00c9co Distribution","og_description":"Sous-couche de chanvre en rouleau. Sous couche isolante acoustique recyclable et 100% naturelle. Pouvant servir de sous couche pour vos parquets.","og_url":"https:\/\/maisonecodistribution.com\/eboutique\/produit\/sous-couche-chanvre-2\/","og_site_name":"Maison \u00c9co Distribution","article_publisher":"https:\/\/www.facebook.com\/maisonecodistribution","article_modified_time":"2026-02-16T07:52:46+00:00","og_image":[{"width":500,"height":500,"url":"https:\/\/maisonecodistribution.com\/eboutique\/wp-content\/uploads\/2024\/10\/souscouchechanvre-maisoneco.jpg","type":"image\/jpeg"}],"twitter_card":"summary_large_image","twitter_misc":{"Disponibilit\u00e9":"En stock"},"schema":{"@context":"https:\/\/schema.org","@graph":[{"@type":["WebPage","ItemPage"],"@id":"https:\/\/maisonecodistribution.com\/eboutique\/produit\/sous-couche-chanvre-2\/","url":"https:\/\/maisonecodistribution.com\/eboutique\/produit\/sous-couche-chanvre-2\/","name":"Sous-couche Chanvre | Sous-couche 100% naturelle | Maison \u00c9co Distribution","isPartOf":{"@id":"https:\/\/maisonecodistribution.com\/eboutique\/#website"},"primaryImageOfPage":{"@id":"https:\/\/maisonecodistribution.com\/eboutique\/produit\/sous-couche-chanvre-2\/#primaryimage"},"image":{"@id":"https:\/\/maisonecodistribution.com\/eboutique\/produit\/sous-couche-chanvre-2\/#primaryimage"},"thumbnailUrl":"https:\/\/maisonecodistribution.com\/eboutique\/wp-content\/uploads\/2024\/10\/souscouchechanvre-maisoneco.jpg","datePublished":"2024-10-28T08:26:12+00:00","dateModified":"2026-02-16T07:52:46+00:00","description":"Sous-couche de chanvre en rouleau. Sous couche isolante acoustique recyclable et 100% naturelle. Pouvant servir de sous couche pour vos parquets.","breadcrumb":{"@id":"https:\/\/maisonecodistribution.com\/eboutique\/produit\/sous-couche-chanvre-2\/#breadcrumb"},"inLanguage":"fr-FR","potentialAction":[{"@type":"ReadAction","target":["https:\/\/maisonecodistribution.com\/eboutique\/produit\/sous-couche-chanvre-2\/"]}]},{"@type":"ImageObject","inLanguage":"fr-FR","@id":"https:\/\/maisonecodistribution.com\/eboutique\/produit\/sous-couche-chanvre-2\/#primaryimage","url":"https:\/\/maisonecodistribution.com\/eboutique\/wp-content\/uploads\/2024\/10\/souscouchechanvre-maisoneco.jpg","contentUrl":"https:\/\/maisonecodistribution.com\/eboutique\/wp-content\/uploads\/2024\/10\/souscouchechanvre-maisoneco.jpg","width":500,"height":500,"caption":"sous couche chanvre maison eco distribution"},{"@type":"BreadcrumbList","@id":"https:\/\/maisonecodistribution.com\/eboutique\/produit\/sous-couche-chanvre-2\/#breadcrumb","itemListElement":[{"@type":"ListItem","position":1,"name":"Home","item":"https:\/\/maisonecodistribution.com\/eboutique\/"},{"@type":"ListItem","position":2,"name":"CATALOGUE","item":"https:\/\/maisonecodistribution.com\/eboutique\/catalogue\/"},{"@type":"ListItem","position":3,"name":"Sous-couche Chanvre"}]},{"@type":"WebSite","@id":"https:\/\/maisonecodistribution.com\/eboutique\/#website","url":"https:\/\/maisonecodistribution.com\/eboutique\/","name":"Maison \u00c9co Distribution","description":"Tout pour un habitat sain","publisher":{"@id":"https:\/\/maisonecodistribution.com\/eboutique\/#organization"},"potentialAction":[{"@type":"SearchAction","target":{"@type":"EntryPoint","urlTemplate":"https:\/\/maisonecodistribution.com\/eboutique\/?s={search_term_string}"},"query-input":{"@type":"PropertyValueSpecification","valueRequired":true,"valueName":"search_term_string"}}],"inLanguage":"fr-FR"},{"@type":"Organization","@id":"https:\/\/maisonecodistribution.com\/eboutique\/#organization","name":"Maison \u00c9co Distribution","url":"https:\/\/maisonecodistribution.com\/eboutique\/","logo":{"@type":"ImageObject","inLanguage":"fr-FR","@id":"https:\/\/maisonecodistribution.com\/eboutique\/#\/schema\/logo\/image\/","url":"https:\/\/maisonecodistribution.com\/eboutique\/wp-content\/uploads\/2024\/07\/logo-maison-eco-1.png","contentUrl":"https:\/\/maisonecodistribution.com\/eboutique\/wp-content\/uploads\/2024\/07\/logo-maison-eco-1.png","width":300,"height":321,"caption":"Maison \u00c9co Distribution"},"image":{"@id":"https:\/\/maisonecodistribution.com\/eboutique\/#\/schema\/logo\/image\/"},"sameAs":["https:\/\/www.facebook.com\/maisonecodistribution"]}]},"og_availability":"instock","product_availability":"instock","product_condition":"new"},"_links":{"self":[{"href":"https:\/\/maisonecodistribution.com\/eboutique\/wp-json\/wp\/v2\/product\/4529","targetHints":{"allow":["GET"]}}],"collection":[{"href":"https:\/\/maisonecodistribution.com\/eboutique\/wp-json\/wp\/v2\/product"}],"about":[{"href":"https:\/\/maisonecodistribution.com\/eboutique\/wp-json\/wp\/v2\/types\/product"}],"wp:featuredmedia":[{"embeddable":true,"href":"https:\/\/maisonecodistribution.com\/eboutique\/wp-json\/wp\/v2\/media\/4530"}],"wp:attachment":[{"href":"https:\/\/maisonecodistribution.com\/eboutique\/wp-json\/wp\/v2\/media?parent=4529"}],"wp:term":[{"taxonomy":"product_brand","embeddable":true,"href":"https:\/\/maisonecodistribution.com\/eboutique\/wp-json\/wp\/v2\/product_brand?post=4529"},{"taxonomy":"product_cat","embeddable":true,"href":"https:\/\/maisonecodistribution.com\/eboutique\/wp-json\/wp\/v2\/product_cat?post=4529"},{"taxonomy":"product_tag","embeddable":true,"href":"https:\/\/maisonecodistribution.com\/eboutique\/wp-json\/wp\/v2\/product_tag?post=4529"}],"curies":[{"name":"wp","href":"https:\/\/api.w.org\/{rel}","templated":true}]}}