{"id":4381,"date":"2024-06-03T17:06:08","date_gmt":"2024-06-03T15:06:08","guid":{"rendered":"https:\/\/maisonecodistribution.com\/eboutique\/?post_type=product&#038;p=4381"},"modified":"2025-10-17T10:48:06","modified_gmt":"2025-10-17T08:48:06","slug":"frein-vapeur-airstop-diva","status":"publish","type":"product","link":"https:\/\/maisonecodistribution.com\/eboutique\/produit\/frein-vapeur-airstop-diva\/","title":{"rendered":"Frein vapeur AIRSTOP DIVA+"},"content":{"rendered":"<p><strong>Ecran frein-vapeur hygrovariable pour l\u2019\u00e9tanch\u00e9it\u00e9 \u00e0 l\u2019air.<\/strong> La membrane fonctionnelle modifie son coefficient de r\u00e9sistance \u00e0 la diffusion en fonction de l\u2019humidit\u00e9 pr\u00e9sente dans l\u2019air. Lors des mois d\u2019hiver, l\u2019air int\u00e9rieur est en g\u00e9n\u00e9ral plus sec et la valeur sd de l\u2019\u00e9cran frein-vapeur augmente. Gr\u00e2ce \u00e0 ce processus, il n\u2019y a que peu de vapeur d\u2018eau qui s\u2019infiltre dans la construction ou l\u2019isolation.<\/p>\n<p>En \u00e9t\u00e9, en pr\u00e9sence d\u2019un rayonnement solaire suffisant, la diffusion s\u2019inverse (de l\u2019ext\u00e9rieur vers l\u2019int\u00e9rieur) et entra\u00eene une humidit\u00e9 relative de l\u2018air nettement plus \u00e9lev\u00e9e derri\u00e8re la membrane. La valeur sd diminue et laisse \u00e9chapper davantage de vapeur d\u2018eau hors de la construction vers les pi\u00e8ces int\u00e9rieures; les \u00e9l\u00e9ments de construction deviennent plus secs.<\/p>\n<p><strong>Les + du produit :<\/strong><\/p>\n<ul>\n<li class=\"flex items-start py-1\"><span class=\"w-full text-gray-600\">Translucide<\/span><\/li>\n<li class=\"flex items-start py-1\"><span class=\"w-full text-gray-600\">Hygrovariable<\/span><\/li>\n<li class=\"flex items-start py-1\"><span class=\"w-full text-gray-600\">Pr\u00e9sence d\u2019un trac\u00e9 pour faciliter le d\u00e9coupage <\/span><\/li>\n<li class=\"flex items-start py-1\"><span class=\"w-full text-gray-600\">Extr\u00eamement r\u00e9sistant \u00e0 la d\u00e9chirure<\/span><\/li>\n<\/ul>\n<div  class='tabcontainer av-w1a2s-421fcc50b6ad35202a86b6fd3e7b11b1 top_tab  avia-builder-el-0  avia-builder-el-no-sibling '>\n<section class='av_tab_section av_tab_section av-raeuc-3ca0ff038ff76ed26b9240b8bb3516e9'  itemscope=\"itemscope\" itemtype=\"https:\/\/schema.org\/CreativeWork\" ><div id='tab-id-1-tab' class='tab active_tab' role='tab' aria-selected=\"true\" tabindex=\"0\" data-fake-id='#tab-id-1' aria-controls='tab-id-1-content'  itemprop=\"headline\" ><span class='tab_icon avia-iconfont avia-font-entypo-fontello' data-av_icon='\ue84b' data-av_iconfont='entypo-fontello' ><\/span>Fiches Techniques<\/div><div id='tab-id-1-content' class='tab_content active_tab_content' role='tabpanel' aria-labelledby='tab-id-1-tab' aria-hidden=\"false\"><div class='tab_inner_content invers-color'  itemprop=\"text\" ><div  class='avia-button-wrap av-igylo-3c0bc35bd96d20a280bcd36be6eaf0c3-wrap avia-button-left  avia-builder-el-1  avia-builder-el-no-sibling '><a href='https:\/\/maisonecodistribution.com\/eboutique\/wp-content\/uploads\/2024\/06\/PDBL_MA_AIRSTOP_DIVA_PLUS_FR.pdf'  class='avia-button av-igylo-3c0bc35bd96d20a280bcd36be6eaf0c3 av-link-btn avia-icon_select-yes-left-icon avia-size-small avia-position-left av-icon-on-hover avia-color-theme-color'  target=\"_blank\"  rel=\"noopener noreferrer\"  aria-label=\"T\u00e9l\u00e9charger la fiche technique (PDF)\"><span class='avia_button_icon avia_button_icon_left avia-iconfont avia-font-entypo-fontello' data-av_icon='\ue82d' data-av_iconfont='entypo-fontello' ><\/span><span class='avia_iconbox_title' >T\u00e9l\u00e9charger la fiche technique (PDF)<\/span><\/a><\/div>\n<\/div><\/div><\/section>\n<section class='av_tab_section av_tab_section av-f3tho-673245044c8cd2155e38098f98d96955'  itemscope=\"itemscope\" itemtype=\"https:\/\/schema.org\/CreativeWork\" ><div id='tab-id-2-tab' class='tab' role='tab' aria-selected=\"false\" tabindex=\"0\" data-fake-id='#tab-id-2' aria-controls='tab-id-2-content'  itemprop=\"headline\" ><span class='tab_icon avia-iconfont avia-font-entypo-fontello' data-av_icon='\ue81f' data-av_iconfont='entypo-fontello' ><\/span>\u00c0 propos de la marque<\/div><div id='tab-id-2-content' class='tab_content' role='tabpanel' aria-labelledby='tab-id-2-tab' aria-hidden=\"true\"><div class='tab_inner_content invers-color'  itemprop=\"text\" ><p><a href=\"https:\/\/maisonecodistribution.com\/eboutique\/wp-content\/uploads\/2024\/06\/isocell.svg\"><img loading=\"lazy\" decoding=\"async\" class=\"wp-image-4383 alignleft\" src=\"https:\/\/maisonecodistribution.com\/eboutique\/wp-content\/uploads\/2024\/06\/isocell.svg\" alt=\"\" width=\"164\" height=\"40\" \/><\/a><a href=\"https:\/\/www.isocell.com\/fr\/\">Isocell<\/a> est LE sp\u00e9cialiste de l\u2019ouate de cellulose et de l\u2019\u00e9tanch\u00e9it\u00e9 \u00e0 l&rsquo;air \u2013 propose une large gamme de solutions innovantes pour l&rsquo;isolation thermique et l&rsquo;\u00e9tanch\u00e9it\u00e9 \u00e0 l&rsquo;air de vos quatre murs\u00a0!<\/p>\n<\/div><\/div><\/section>\n<section class='av_tab_section av_tab_section av-a4nn8-51255d398f2397d9e0b34ca3e4c5aa18'  itemscope=\"itemscope\" itemtype=\"https:\/\/schema.org\/CreativeWork\" ><div id='tab-id-3-tab' class='tab' role='tab' aria-selected=\"false\" tabindex=\"0\" data-fake-id='#tab-id-3' aria-controls='tab-id-3-content'  itemprop=\"headline\" ><span class='tab_icon avia-iconfont avia-font-entypo-fontello' data-av_icon='\ue817' data-av_iconfont='entypo-fontello' ><\/span>Plus d\u2019informations <\/div><div id='tab-id-3-content' class='tab_content' role='tabpanel' aria-labelledby='tab-id-3-tab' aria-hidden=\"true\"><div class='tab_inner_content invers-color'  itemprop=\"text\" ><table>\n<tbody>\n<tr>\n<td width=\"255\"><strong>PRODUIT<\/strong><\/td>\n<td style=\"text-align: center;\" width=\"161\"><strong>Dimension<\/strong><\/td>\n<td style=\"text-align: center;\" width=\"181\"><strong>Prix HT<\/strong><\/td>\n<td style=\"text-align: center;\" width=\"181\"><strong>Prix TTC<\/strong><\/td>\n<\/tr>\n<tr>\n<td width=\"255\">Frein vapeur AIRSTOP DIVA+<\/td>\n<td width=\"161\">\n<p style=\"text-align: center;\">1,5 x 50 m<\/p>\n<\/td>\n<td width=\"181\">\n<p style=\"text-align: center;\">263,43 \u20ac \/ rouleau<\/p>\n<\/td>\n<td width=\"181\">\n<p style=\"text-align: center;\">316,12 \u20ac \/ rouleau<\/p>\n<\/td>\n<\/tr>\n<\/tbody>\n<\/table>\n<\/div><\/div><\/section>\n<\/div>\n","protected":false},"excerpt":{"rendered":"<p>Ecran <strong>frein-vapeur AIRSTOP DIVA+<\/strong> hygrovariable \u00e0 trame de renfort treillis pour l\u2019\u00e9tanch\u00e9it\u00e9 \u00e0 l\u2019air. La membrane fonctionnelle modifie son coefficient de r\u00e9sistance \u00e0 la diffusion en fonction de l\u2019humidit\u00e9 de l\u2018air pr\u00e9sente.<\/p>\n","protected":false},"featured_media":4385,"template":"","meta":[],"product_brand":[],"product_cat":[2586,19,30],"product_tag":[],"class_list":{"0":"post-4381","1":"product","2":"type-product","3":"status-publish","4":"has-post-thumbnail","6":"product_cat-isocell","7":"product_cat-isolation-etancheite","8":"product_cat-etancheite","10":"first","11":"instock","12":"taxable","13":"shipping-taxable","14":"purchasable","15":"product-type-simple"},"yoast_head":"<!-- This site is optimized with the Yoast SEO plugin v25.1 - https:\/\/yoast.com\/wordpress\/plugins\/seo\/ -->\n<title>Ruban adh\u00e9sif double face | Adh\u00e9sifs \u00e9cologiques | Maison \u00c9co Distribution<\/title>\n<meta name=\"description\" content=\"Le ruban adh\u00e9sif \u00e9cologique double face Duplex s&#039;emploie autant \u00e0 l\u2019int\u00e9rieur qu&#039;\u00e0 l\u2019ext\u00e9rieur et vous offre une qualit\u00e9 de collage et d&#039;\u00e9tanch\u00e9it\u00e9 durable.\" \/>\n<meta name=\"robots\" content=\"index, follow, max-snippet:-1, max-image-preview:large, max-video-preview:-1\" \/>\n<link rel=\"canonical\" href=\"https:\/\/maisonecodistribution.com\/eboutique\/produit\/frein-vapeur-airstop-diva\/\" \/>\n<meta property=\"og:locale\" content=\"fr_FR\" \/>\n<meta property=\"og:type\" content=\"article\" \/>\n<meta property=\"og:title\" content=\"Ruban adh\u00e9sif double face | Adh\u00e9sifs \u00e9cologiques | Maison \u00c9co Distribution\" \/>\n<meta property=\"og:description\" content=\"Le ruban adh\u00e9sif \u00e9cologique double face Duplex s&#039;emploie autant \u00e0 l\u2019int\u00e9rieur qu&#039;\u00e0 l\u2019ext\u00e9rieur et vous offre une qualit\u00e9 de collage et d&#039;\u00e9tanch\u00e9it\u00e9 durable.\" \/>\n<meta property=\"og:url\" content=\"https:\/\/maisonecodistribution.com\/eboutique\/produit\/frein-vapeur-airstop-diva\/\" \/>\n<meta property=\"og:site_name\" content=\"Maison \u00c9co Distribution\" \/>\n<meta property=\"article:publisher\" content=\"https:\/\/www.facebook.com\/maisonecodistribution\" \/>\n<meta property=\"article:modified_time\" content=\"2025-10-17T08:48:06+00:00\" \/>\n<meta property=\"og:image\" content=\"https:\/\/maisonecodistribution.com\/eboutique\/wp-content\/uploads\/2024\/06\/ECRAN-FREIN-VAPEUR-AIRSTOP-DIVA-A-TRAME-DE-RENFORT.webp\" \/>\n\t<meta property=\"og:image:width\" content=\"700\" \/>\n\t<meta property=\"og:image:height\" content=\"467\" \/>\n\t<meta property=\"og:image:type\" content=\"image\/webp\" \/>\n<meta name=\"twitter:card\" content=\"summary_large_image\" \/>\n<meta name=\"twitter:label1\" content=\"Prix\" \/>\n\t<meta name=\"twitter:data1\" content=\"316,12&nbsp;&euro; TTC\" \/>\n\t<meta name=\"twitter:label2\" content=\"Disponibilit\u00e9\" \/>\n\t<meta name=\"twitter:data2\" content=\"En stock\" \/>\n<script type=\"application\/ld+json\" class=\"yoast-schema-graph\">{\"@context\":\"https:\/\/schema.org\",\"@graph\":[{\"@type\":[\"WebPage\",\"ItemPage\"],\"@id\":\"https:\/\/maisonecodistribution.com\/eboutique\/produit\/frein-vapeur-airstop-diva\/\",\"url\":\"https:\/\/maisonecodistribution.com\/eboutique\/produit\/frein-vapeur-airstop-diva\/\",\"name\":\"Ruban adh\u00e9sif double face | Adh\u00e9sifs \u00e9cologiques | Maison \u00c9co Distribution\",\"isPartOf\":{\"@id\":\"https:\/\/maisonecodistribution.com\/eboutique\/#website\"},\"primaryImageOfPage\":{\"@id\":\"https:\/\/maisonecodistribution.com\/eboutique\/produit\/frein-vapeur-airstop-diva\/#primaryimage\"},\"image\":{\"@id\":\"https:\/\/maisonecodistribution.com\/eboutique\/produit\/frein-vapeur-airstop-diva\/#primaryimage\"},\"thumbnailUrl\":\"https:\/\/maisonecodistribution.com\/eboutique\/wp-content\/uploads\/2024\/06\/ECRAN-FREIN-VAPEUR-AIRSTOP-DIVA-A-TRAME-DE-RENFORT.webp\",\"datePublished\":\"2024-06-03T15:06:08+00:00\",\"dateModified\":\"2025-10-17T08:48:06+00:00\",\"description\":\"Le ruban adh\u00e9sif \u00e9cologique double face Duplex s'emploie autant \u00e0 l\u2019int\u00e9rieur qu'\u00e0 l\u2019ext\u00e9rieur et vous offre une qualit\u00e9 de collage et d'\u00e9tanch\u00e9it\u00e9 durable.\",\"breadcrumb\":{\"@id\":\"https:\/\/maisonecodistribution.com\/eboutique\/produit\/frein-vapeur-airstop-diva\/#breadcrumb\"},\"inLanguage\":\"fr-FR\",\"potentialAction\":[{\"@type\":\"ReadAction\",\"target\":[\"https:\/\/maisonecodistribution.com\/eboutique\/produit\/frein-vapeur-airstop-diva\/\"]}]},{\"@type\":\"ImageObject\",\"inLanguage\":\"fr-FR\",\"@id\":\"https:\/\/maisonecodistribution.com\/eboutique\/produit\/frein-vapeur-airstop-diva\/#primaryimage\",\"url\":\"https:\/\/maisonecodistribution.com\/eboutique\/wp-content\/uploads\/2024\/06\/ECRAN-FREIN-VAPEUR-AIRSTOP-DIVA-A-TRAME-DE-RENFORT.webp\",\"contentUrl\":\"https:\/\/maisonecodistribution.com\/eboutique\/wp-content\/uploads\/2024\/06\/ECRAN-FREIN-VAPEUR-AIRSTOP-DIVA-A-TRAME-DE-RENFORT.webp\",\"width\":700,\"height\":467},{\"@type\":\"BreadcrumbList\",\"@id\":\"https:\/\/maisonecodistribution.com\/eboutique\/produit\/frein-vapeur-airstop-diva\/#breadcrumb\",\"itemListElement\":[{\"@type\":\"ListItem\",\"position\":1,\"name\":\"Home\",\"item\":\"https:\/\/maisonecodistribution.com\/eboutique\/\"},{\"@type\":\"ListItem\",\"position\":2,\"name\":\"CATALOGUE\",\"item\":\"https:\/\/maisonecodistribution.com\/eboutique\/catalogue\/\"},{\"@type\":\"ListItem\",\"position\":3,\"name\":\"Frein vapeur AIRSTOP DIVA+\"}]},{\"@type\":\"WebSite\",\"@id\":\"https:\/\/maisonecodistribution.com\/eboutique\/#website\",\"url\":\"https:\/\/maisonecodistribution.com\/eboutique\/\",\"name\":\"Maison \u00c9co Distribution\",\"description\":\"Tout pour un habitat sain\",\"publisher\":{\"@id\":\"https:\/\/maisonecodistribution.com\/eboutique\/#organization\"},\"potentialAction\":[{\"@type\":\"SearchAction\",\"target\":{\"@type\":\"EntryPoint\",\"urlTemplate\":\"https:\/\/maisonecodistribution.com\/eboutique\/?s={search_term_string}\"},\"query-input\":{\"@type\":\"PropertyValueSpecification\",\"valueRequired\":true,\"valueName\":\"search_term_string\"}}],\"inLanguage\":\"fr-FR\"},{\"@type\":\"Organization\",\"@id\":\"https:\/\/maisonecodistribution.com\/eboutique\/#organization\",\"name\":\"Maison \u00c9co Distribution\",\"url\":\"https:\/\/maisonecodistribution.com\/eboutique\/\",\"logo\":{\"@type\":\"ImageObject\",\"inLanguage\":\"fr-FR\",\"@id\":\"https:\/\/maisonecodistribution.com\/eboutique\/#\/schema\/logo\/image\/\",\"url\":\"https:\/\/maisonecodistribution.com\/eboutique\/wp-content\/uploads\/2024\/07\/logo-maison-eco-1.png\",\"contentUrl\":\"https:\/\/maisonecodistribution.com\/eboutique\/wp-content\/uploads\/2024\/07\/logo-maison-eco-1.png\",\"width\":300,\"height\":321,\"caption\":\"Maison \u00c9co Distribution\"},\"image\":{\"@id\":\"https:\/\/maisonecodistribution.com\/eboutique\/#\/schema\/logo\/image\/\"},\"sameAs\":[\"https:\/\/www.facebook.com\/maisonecodistribution\"]}]}<\/script>\n<meta property=\"product:price:amount\" content=\"316.12\" \/>\n<meta property=\"product:price:currency\" content=\"EUR\" \/>\n<meta property=\"og:availability\" content=\"instock\" \/>\n<meta property=\"product:availability\" content=\"instock\" \/>\n<meta property=\"product:condition\" content=\"new\" \/>\n<!-- \/ Yoast SEO plugin. -->","yoast_head_json":{"title":"Ruban adh\u00e9sif double face | Adh\u00e9sifs \u00e9cologiques | Maison \u00c9co Distribution","description":"Le ruban adh\u00e9sif \u00e9cologique double face Duplex s'emploie autant \u00e0 l\u2019int\u00e9rieur qu'\u00e0 l\u2019ext\u00e9rieur et vous offre une qualit\u00e9 de collage et d'\u00e9tanch\u00e9it\u00e9 durable.","robots":{"index":"index","follow":"follow","max-snippet":"max-snippet:-1","max-image-preview":"max-image-preview:large","max-video-preview":"max-video-preview:-1"},"canonical":"https:\/\/maisonecodistribution.com\/eboutique\/produit\/frein-vapeur-airstop-diva\/","og_locale":"fr_FR","og_type":"article","og_title":"Ruban adh\u00e9sif double face | Adh\u00e9sifs \u00e9cologiques | Maison \u00c9co Distribution","og_description":"Le ruban adh\u00e9sif \u00e9cologique double face Duplex s'emploie autant \u00e0 l\u2019int\u00e9rieur qu'\u00e0 l\u2019ext\u00e9rieur et vous offre une qualit\u00e9 de collage et d'\u00e9tanch\u00e9it\u00e9 durable.","og_url":"https:\/\/maisonecodistribution.com\/eboutique\/produit\/frein-vapeur-airstop-diva\/","og_site_name":"Maison \u00c9co Distribution","article_publisher":"https:\/\/www.facebook.com\/maisonecodistribution","article_modified_time":"2025-10-17T08:48:06+00:00","og_image":[{"width":700,"height":467,"url":"https:\/\/maisonecodistribution.com\/eboutique\/wp-content\/uploads\/2024\/06\/ECRAN-FREIN-VAPEUR-AIRSTOP-DIVA-A-TRAME-DE-RENFORT.webp","type":"image\/webp"}],"twitter_card":"summary_large_image","twitter_misc":{"Prix":"316,12&nbsp;&euro; TTC","Disponibilit\u00e9":"En stock"},"schema":{"@context":"https:\/\/schema.org","@graph":[{"@type":["WebPage","ItemPage"],"@id":"https:\/\/maisonecodistribution.com\/eboutique\/produit\/frein-vapeur-airstop-diva\/","url":"https:\/\/maisonecodistribution.com\/eboutique\/produit\/frein-vapeur-airstop-diva\/","name":"Ruban adh\u00e9sif double face | Adh\u00e9sifs \u00e9cologiques | Maison \u00c9co Distribution","isPartOf":{"@id":"https:\/\/maisonecodistribution.com\/eboutique\/#website"},"primaryImageOfPage":{"@id":"https:\/\/maisonecodistribution.com\/eboutique\/produit\/frein-vapeur-airstop-diva\/#primaryimage"},"image":{"@id":"https:\/\/maisonecodistribution.com\/eboutique\/produit\/frein-vapeur-airstop-diva\/#primaryimage"},"thumbnailUrl":"https:\/\/maisonecodistribution.com\/eboutique\/wp-content\/uploads\/2024\/06\/ECRAN-FREIN-VAPEUR-AIRSTOP-DIVA-A-TRAME-DE-RENFORT.webp","datePublished":"2024-06-03T15:06:08+00:00","dateModified":"2025-10-17T08:48:06+00:00","description":"Le ruban adh\u00e9sif \u00e9cologique double face Duplex s'emploie autant \u00e0 l\u2019int\u00e9rieur qu'\u00e0 l\u2019ext\u00e9rieur et vous offre une qualit\u00e9 de collage et d'\u00e9tanch\u00e9it\u00e9 durable.","breadcrumb":{"@id":"https:\/\/maisonecodistribution.com\/eboutique\/produit\/frein-vapeur-airstop-diva\/#breadcrumb"},"inLanguage":"fr-FR","potentialAction":[{"@type":"ReadAction","target":["https:\/\/maisonecodistribution.com\/eboutique\/produit\/frein-vapeur-airstop-diva\/"]}]},{"@type":"ImageObject","inLanguage":"fr-FR","@id":"https:\/\/maisonecodistribution.com\/eboutique\/produit\/frein-vapeur-airstop-diva\/#primaryimage","url":"https:\/\/maisonecodistribution.com\/eboutique\/wp-content\/uploads\/2024\/06\/ECRAN-FREIN-VAPEUR-AIRSTOP-DIVA-A-TRAME-DE-RENFORT.webp","contentUrl":"https:\/\/maisonecodistribution.com\/eboutique\/wp-content\/uploads\/2024\/06\/ECRAN-FREIN-VAPEUR-AIRSTOP-DIVA-A-TRAME-DE-RENFORT.webp","width":700,"height":467},{"@type":"BreadcrumbList","@id":"https:\/\/maisonecodistribution.com\/eboutique\/produit\/frein-vapeur-airstop-diva\/#breadcrumb","itemListElement":[{"@type":"ListItem","position":1,"name":"Home","item":"https:\/\/maisonecodistribution.com\/eboutique\/"},{"@type":"ListItem","position":2,"name":"CATALOGUE","item":"https:\/\/maisonecodistribution.com\/eboutique\/catalogue\/"},{"@type":"ListItem","position":3,"name":"Frein vapeur AIRSTOP DIVA+"}]},{"@type":"WebSite","@id":"https:\/\/maisonecodistribution.com\/eboutique\/#website","url":"https:\/\/maisonecodistribution.com\/eboutique\/","name":"Maison \u00c9co Distribution","description":"Tout pour un habitat sain","publisher":{"@id":"https:\/\/maisonecodistribution.com\/eboutique\/#organization"},"potentialAction":[{"@type":"SearchAction","target":{"@type":"EntryPoint","urlTemplate":"https:\/\/maisonecodistribution.com\/eboutique\/?s={search_term_string}"},"query-input":{"@type":"PropertyValueSpecification","valueRequired":true,"valueName":"search_term_string"}}],"inLanguage":"fr-FR"},{"@type":"Organization","@id":"https:\/\/maisonecodistribution.com\/eboutique\/#organization","name":"Maison \u00c9co Distribution","url":"https:\/\/maisonecodistribution.com\/eboutique\/","logo":{"@type":"ImageObject","inLanguage":"fr-FR","@id":"https:\/\/maisonecodistribution.com\/eboutique\/#\/schema\/logo\/image\/","url":"https:\/\/maisonecodistribution.com\/eboutique\/wp-content\/uploads\/2024\/07\/logo-maison-eco-1.png","contentUrl":"https:\/\/maisonecodistribution.com\/eboutique\/wp-content\/uploads\/2024\/07\/logo-maison-eco-1.png","width":300,"height":321,"caption":"Maison \u00c9co Distribution"},"image":{"@id":"https:\/\/maisonecodistribution.com\/eboutique\/#\/schema\/logo\/image\/"},"sameAs":["https:\/\/www.facebook.com\/maisonecodistribution"]}]},"product_price_amount":"316.12","product_price_currency":"EUR","og_availability":"instock","product_availability":"instock","product_condition":"new"},"_links":{"self":[{"href":"https:\/\/maisonecodistribution.com\/eboutique\/wp-json\/wp\/v2\/product\/4381","targetHints":{"allow":["GET"]}}],"collection":[{"href":"https:\/\/maisonecodistribution.com\/eboutique\/wp-json\/wp\/v2\/product"}],"about":[{"href":"https:\/\/maisonecodistribution.com\/eboutique\/wp-json\/wp\/v2\/types\/product"}],"wp:featuredmedia":[{"embeddable":true,"href":"https:\/\/maisonecodistribution.com\/eboutique\/wp-json\/wp\/v2\/media\/4385"}],"wp:attachment":[{"href":"https:\/\/maisonecodistribution.com\/eboutique\/wp-json\/wp\/v2\/media?parent=4381"}],"wp:term":[{"taxonomy":"product_brand","embeddable":true,"href":"https:\/\/maisonecodistribution.com\/eboutique\/wp-json\/wp\/v2\/product_brand?post=4381"},{"taxonomy":"product_cat","embeddable":true,"href":"https:\/\/maisonecodistribution.com\/eboutique\/wp-json\/wp\/v2\/product_cat?post=4381"},{"taxonomy":"product_tag","embeddable":true,"href":"https:\/\/maisonecodistribution.com\/eboutique\/wp-json\/wp\/v2\/product_tag?post=4381"}],"curies":[{"name":"wp","href":"https:\/\/api.w.org\/{rel}","templated":true}]}}