{"id":4318,"date":"2024-06-03T11:52:04","date_gmt":"2024-06-03T09:52:04","guid":{"rendered":"https:\/\/maisonecodistribution.com\/eboutique\/?post_type=product&#038;p=4318"},"modified":"2024-06-03T14:14:08","modified_gmt":"2024-06-03T12:14:08","slug":"joints-fibre-verre","status":"publish","type":"product","link":"https:\/\/maisonecodistribution.com\/eboutique\/produit\/joints-fibre-verre\/","title":{"rendered":"Joint fibre de verre et colle"},"content":{"rendered":"<p><strong>Joint en fibres de verres pour les po\u00eales \u00e0 bois et \u00e0 granul\u00e9s.\u00a0<\/strong><\/p>\n<ul>\n<li>Mati\u00e8re : Fibres de verre<\/li>\n<li>Disponible en : Diam\u00e8tre 6mm x 2m de longueur et 8mm x 2m de longueur<\/li>\n<li>Colle inclut<\/li>\n<\/ul>\n<div class=\"c-app-preview-facet__facet-value c-app-preview-facet__facet-value--type-imageslist\">\n<div data-facetvalue-global-counter=\"4\">\n<p><strong>Les + du produit :<\/strong><\/p>\n<ul>\n<li>Sans amiante, sans c\u00e9ramique.<\/li>\n<li>R\u00e9sistance 500\u00b0C<\/li>\n<li>S\u00e9curit\u00e9 : garantit une \u00e9tanch\u00e9it\u00e9 parfaite, pr\u00e9vient les risques d&rsquo;asphyxie au monoxyde de carbone<\/li>\n<li>Confort : Evite le refoulement de fum\u00e9e et d&rsquo;odeurs. Ralentit l&rsquo;encrassement des vitres.<\/li>\n<li>Performance : Permet un fonctionnement optimal du foyer. Economise le combustible.<\/li>\n<\/ul>\n<\/div>\n<p><strong>Mode d&#8217;emploi :\u00a0<\/strong>Retirer le joint usag\u00e9. Nettoyer et humidifier l&#8217;emplacement. Appliquer la colle r\u00e9fractaire au fond de la gorge. Poser le joint et le couper \u00e0 la longueur voulue. Joindre les extr\u00e9mit\u00e9s avec un point de colle. Maintenir l&rsquo;assemblage quelques instants. Laisser s\u00e9cher 2 heures au moins.<\/p>\n<\/div>\n<p>Tenir hors de port\u00e9e des enfants.<\/p>\n<div class=\"c-app-preview-facet__facet-value c-app-preview-facet__facet-value--type-imageslist\">\n<div data-facetvalue-global-counter=\"4\">\n<div  class='tabcontainer av-w1a2s-421fcc50b6ad35202a86b6fd3e7b11b1 top_tab  avia-builder-el-0  avia-builder-el-no-sibling '>\n<section class='av_tab_section av_tab_section av-f3tho-673245044c8cd2155e38098f98d96955'  itemscope=\"itemscope\" itemtype=\"https:\/\/schema.org\/CreativeWork\" ><div id='tab-id-1-tab' class='tab active_tab' role='tab' aria-selected=\"true\" tabindex=\"0\" data-fake-id='#tab-id-1' aria-controls='tab-id-1-content'  itemprop=\"headline\" ><span class='tab_icon avia-iconfont avia-font-entypo-fontello' data-av_icon='\ue81f' data-av_iconfont='entypo-fontello' ><\/span>\u00c0 propos de la marque<\/div><div id='tab-id-1-content' class='tab_content active_tab_content' role='tabpanel' aria-labelledby='tab-id-1-tab' aria-hidden=\"false\"><div class='tab_inner_content invers-color'  itemprop=\"text\" ><p><img loading=\"lazy\" decoding=\"async\" class=\"wp-image-4319 alignleft\" src=\"https:\/\/maisonecodistribution.com\/eboutique\/wp-content\/uploads\/2024\/06\/logo.png\" alt=\"\" width=\"117\" height=\"166\" \/><a href=\"https:\/\/www.pyrofeu.fr\"><strong>Pyrofeu<\/strong><\/a> est une soci\u00e9t\u00e9 fran\u00e7aise cr\u00e9\u00e9e en 1987. Implant\u00e9e \u00e0 Apt dans le Vaucluse, notre soci\u00e9t\u00e9 f\u00eate aujourd\u2019hui ses 35 ans.<br \/>\nSp\u00e9cialis\u00e9s dans la fabrication de <strong>produits d\u2019entretien et de montage pour po\u00eales, inserts, chemin\u00e9es et barbecues<\/strong>.<\/p>\n<\/div><\/div><\/section><section class='av_tab_section av_tab_section av-a4nn8-51255d398f2397d9e0b34ca3e4c5aa18'  itemscope=\"itemscope\" itemtype=\"https:\/\/schema.org\/CreativeWork\" ><div id='tab-id-2-tab' class='tab' role='tab' aria-selected=\"false\" tabindex=\"0\" data-fake-id='#tab-id-2' aria-controls='tab-id-2-content'  itemprop=\"headline\" ><span class='tab_icon avia-iconfont avia-font-entypo-fontello' data-av_icon='\ue817' data-av_iconfont='entypo-fontello' ><\/span>Plus d\u2019informations <\/div><div id='tab-id-2-content' class='tab_content' role='tabpanel' aria-labelledby='tab-id-2-tab' aria-hidden=\"true\"><div class='tab_inner_content invers-color'  itemprop=\"text\" ><table>\n<tbody>\n<tr>\n<td width=\"255\"><strong>PRODUIT<\/strong><\/td>\n<td style=\"text-align: center;\" width=\"181\"><strong>Prix HT\/unit\u00e9<\/strong><\/td>\n<td style=\"text-align: center;\" width=\"181\"><strong>Prix TTC\/unit\u00e9<\/strong><\/td>\n<\/tr>\n<tr>\n<td width=\"255\">Joint (06mm x 2m de long)<\/td>\n<td style=\"text-align: center;\" width=\"181\">6,99 \u20ac<\/td>\n<td style=\"text-align: center;\" width=\"181\">8,39 \u20ac<\/td>\n<\/tr>\n<tr>\n<td width=\"255\">Joint (08mm x 2m de long)<\/td>\n<td style=\"text-align: center;\" width=\"181\">7,33 \u20ac<\/td>\n<td style=\"text-align: center;\" width=\"181\">8,79 \u20ac<\/td>\n<\/tr>\n<tr>\n<td width=\"255\">Joint (10&#215;1,2mm x 2m de long)<\/td>\n<td style=\"text-align: center;\" width=\"181\">7,91 \u20ac<\/td>\n<td style=\"text-align: center;\" width=\"181\">9,49 \u20ac<\/td>\n<\/tr>\n<\/tbody>\n<\/table>\n<\/div><\/div><\/section>\n<\/div>\n<p>&nbsp;<\/p>\n<\/div>\n<\/div>\n","protected":false},"excerpt":{"rendered":"<p><span class=\"PBLongTxt\"><strong>Joint en fibres de verres pour les po\u00eales \u00e0 bois et \u00e0 granul\u00e9s.\u00a0<\/strong><\/span><\/p>\n","protected":false},"featured_media":4320,"template":"","meta":[],"product_brand":[],"product_cat":[3072,22,2536],"product_tag":[2563,2565,2566,2561,2567,2559],"class_list":{"0":"post-4318","1":"product","2":"type-product","3":"status-publish","4":"has-post-thumbnail","6":"product_cat-pyrofeu","7":"product_cat-equipement-energie","8":"product_cat-accessoires-pour-poeles-et-cheminees","9":"product_tag-accessoires-pour-poeles-et-cheminees","10":"product_tag-bois-buches","11":"product_tag-bois-de-chauffage","12":"product_tag-chauffage-au-bois","13":"product_tag-equipement-et-energie","14":"product_tag-poele-a-bois","16":"first","17":"instock","18":"taxable","19":"shipping-taxable","20":"purchasable","21":"product-type-variable"},"yoast_head":"<!-- This site is optimized with the Yoast SEO plugin v25.1 - https:\/\/yoast.com\/wordpress\/plugins\/seo\/ -->\n<title>Joint fibre de verre et colle | \u00c9quipements \u00e9cologiques | Maison \u00c9co Distribution<\/title>\n<meta name=\"description\" content=\"Allume-feux naturels en laine de bois.\u00a0Permettent de d\u00e9marrer facilement et rapidement un feu. Convient pour les po\u00eales, les chemin\u00e9es, ou les barbecues.\" \/>\n<meta name=\"robots\" content=\"index, follow, max-snippet:-1, max-image-preview:large, max-video-preview:-1\" \/>\n<link rel=\"canonical\" href=\"https:\/\/maisonecodistribution.com\/eboutique\/produit\/joints-fibre-verre\/\" \/>\n<meta property=\"og:locale\" content=\"fr_FR\" \/>\n<meta property=\"og:type\" content=\"article\" \/>\n<meta property=\"og:title\" content=\"Joint fibre de verre et colle | \u00c9quipements \u00e9cologiques | Maison \u00c9co Distribution\" \/>\n<meta property=\"og:description\" content=\"Allume-feux naturels en laine de bois.\u00a0Permettent de d\u00e9marrer facilement et rapidement un feu. Convient pour les po\u00eales, les chemin\u00e9es, ou les barbecues.\" \/>\n<meta property=\"og:url\" content=\"https:\/\/maisonecodistribution.com\/eboutique\/produit\/joints-fibre-verre\/\" \/>\n<meta property=\"og:site_name\" content=\"Maison \u00c9co Distribution\" \/>\n<meta property=\"article:publisher\" content=\"https:\/\/www.facebook.com\/maisonecodistribution\" \/>\n<meta property=\"article:modified_time\" content=\"2024-06-03T12:14:08+00:00\" \/>\n<meta name=\"twitter:card\" content=\"summary_large_image\" \/>\n<meta name=\"twitter:label1\" content=\"Disponibilit\u00e9\" \/>\n\t<meta name=\"twitter:data1\" content=\"En stock\" \/>\n<script type=\"application\/ld+json\" class=\"yoast-schema-graph\">{\"@context\":\"https:\/\/schema.org\",\"@graph\":[{\"@type\":[\"WebPage\",\"ItemPage\"],\"@id\":\"https:\/\/maisonecodistribution.com\/eboutique\/produit\/joints-fibre-verre\/\",\"url\":\"https:\/\/maisonecodistribution.com\/eboutique\/produit\/joints-fibre-verre\/\",\"name\":\"Joint fibre de verre et colle | \u00c9quipements \u00e9cologiques | Maison \u00c9co Distribution\",\"isPartOf\":{\"@id\":\"https:\/\/maisonecodistribution.com\/eboutique\/#website\"},\"primaryImageOfPage\":{\"@id\":\"https:\/\/maisonecodistribution.com\/eboutique\/produit\/joints-fibre-verre\/#primaryimage\"},\"image\":{\"@id\":\"https:\/\/maisonecodistribution.com\/eboutique\/produit\/joints-fibre-verre\/#primaryimage\"},\"thumbnailUrl\":\"https:\/\/maisonecodistribution.com\/eboutique\/wp-content\/uploads\/2024\/06\/IMG_0423.heic\",\"datePublished\":\"2024-06-03T09:52:04+00:00\",\"dateModified\":\"2024-06-03T12:14:08+00:00\",\"description\":\"Allume-feux naturels en laine de bois.\u00a0Permettent de d\u00e9marrer facilement et rapidement un feu. Convient pour les po\u00eales, les chemin\u00e9es, ou les barbecues.\",\"breadcrumb\":{\"@id\":\"https:\/\/maisonecodistribution.com\/eboutique\/produit\/joints-fibre-verre\/#breadcrumb\"},\"inLanguage\":\"fr-FR\",\"potentialAction\":[{\"@type\":\"ReadAction\",\"target\":[\"https:\/\/maisonecodistribution.com\/eboutique\/produit\/joints-fibre-verre\/\"]}]},{\"@type\":\"ImageObject\",\"inLanguage\":\"fr-FR\",\"@id\":\"https:\/\/maisonecodistribution.com\/eboutique\/produit\/joints-fibre-verre\/#primaryimage\",\"url\":\"https:\/\/maisonecodistribution.com\/eboutique\/wp-content\/uploads\/2024\/06\/IMG_0423.heic\",\"contentUrl\":\"https:\/\/maisonecodistribution.com\/eboutique\/wp-content\/uploads\/2024\/06\/IMG_0423.heic\"},{\"@type\":\"BreadcrumbList\",\"@id\":\"https:\/\/maisonecodistribution.com\/eboutique\/produit\/joints-fibre-verre\/#breadcrumb\",\"itemListElement\":[{\"@type\":\"ListItem\",\"position\":1,\"name\":\"Home\",\"item\":\"https:\/\/maisonecodistribution.com\/eboutique\/\"},{\"@type\":\"ListItem\",\"position\":2,\"name\":\"CATALOGUE\",\"item\":\"https:\/\/maisonecodistribution.com\/eboutique\/catalogue\/\"},{\"@type\":\"ListItem\",\"position\":3,\"name\":\"Joint fibre de verre et colle\"}]},{\"@type\":\"WebSite\",\"@id\":\"https:\/\/maisonecodistribution.com\/eboutique\/#website\",\"url\":\"https:\/\/maisonecodistribution.com\/eboutique\/\",\"name\":\"Maison \u00c9co Distribution\",\"description\":\"Tout pour un habitat sain\",\"publisher\":{\"@id\":\"https:\/\/maisonecodistribution.com\/eboutique\/#organization\"},\"potentialAction\":[{\"@type\":\"SearchAction\",\"target\":{\"@type\":\"EntryPoint\",\"urlTemplate\":\"https:\/\/maisonecodistribution.com\/eboutique\/?s={search_term_string}\"},\"query-input\":{\"@type\":\"PropertyValueSpecification\",\"valueRequired\":true,\"valueName\":\"search_term_string\"}}],\"inLanguage\":\"fr-FR\"},{\"@type\":\"Organization\",\"@id\":\"https:\/\/maisonecodistribution.com\/eboutique\/#organization\",\"name\":\"Maison \u00c9co Distribution\",\"url\":\"https:\/\/maisonecodistribution.com\/eboutique\/\",\"logo\":{\"@type\":\"ImageObject\",\"inLanguage\":\"fr-FR\",\"@id\":\"https:\/\/maisonecodistribution.com\/eboutique\/#\/schema\/logo\/image\/\",\"url\":\"https:\/\/maisonecodistribution.com\/eboutique\/wp-content\/uploads\/2024\/07\/logo-maison-eco-1.png\",\"contentUrl\":\"https:\/\/maisonecodistribution.com\/eboutique\/wp-content\/uploads\/2024\/07\/logo-maison-eco-1.png\",\"width\":300,\"height\":321,\"caption\":\"Maison \u00c9co Distribution\"},\"image\":{\"@id\":\"https:\/\/maisonecodistribution.com\/eboutique\/#\/schema\/logo\/image\/\"},\"sameAs\":[\"https:\/\/www.facebook.com\/maisonecodistribution\"]}]}<\/script>\n<meta property=\"og:availability\" content=\"instock\" \/>\n<meta property=\"product:availability\" content=\"instock\" \/>\n<meta property=\"product:condition\" content=\"new\" \/>\n<!-- \/ Yoast SEO plugin. -->","yoast_head_json":{"title":"Joint fibre de verre et colle | \u00c9quipements \u00e9cologiques | Maison \u00c9co Distribution","description":"Allume-feux naturels en laine de bois.\u00a0Permettent de d\u00e9marrer facilement et rapidement un feu. Convient pour les po\u00eales, les chemin\u00e9es, ou les barbecues.","robots":{"index":"index","follow":"follow","max-snippet":"max-snippet:-1","max-image-preview":"max-image-preview:large","max-video-preview":"max-video-preview:-1"},"canonical":"https:\/\/maisonecodistribution.com\/eboutique\/produit\/joints-fibre-verre\/","og_locale":"fr_FR","og_type":"article","og_title":"Joint fibre de verre et colle | \u00c9quipements \u00e9cologiques | Maison \u00c9co Distribution","og_description":"Allume-feux naturels en laine de bois.\u00a0Permettent de d\u00e9marrer facilement et rapidement un feu. Convient pour les po\u00eales, les chemin\u00e9es, ou les barbecues.","og_url":"https:\/\/maisonecodistribution.com\/eboutique\/produit\/joints-fibre-verre\/","og_site_name":"Maison \u00c9co Distribution","article_publisher":"https:\/\/www.facebook.com\/maisonecodistribution","article_modified_time":"2024-06-03T12:14:08+00:00","twitter_card":"summary_large_image","twitter_misc":{"Disponibilit\u00e9":"En stock"},"schema":{"@context":"https:\/\/schema.org","@graph":[{"@type":["WebPage","ItemPage"],"@id":"https:\/\/maisonecodistribution.com\/eboutique\/produit\/joints-fibre-verre\/","url":"https:\/\/maisonecodistribution.com\/eboutique\/produit\/joints-fibre-verre\/","name":"Joint fibre de verre et colle | \u00c9quipements \u00e9cologiques | Maison \u00c9co Distribution","isPartOf":{"@id":"https:\/\/maisonecodistribution.com\/eboutique\/#website"},"primaryImageOfPage":{"@id":"https:\/\/maisonecodistribution.com\/eboutique\/produit\/joints-fibre-verre\/#primaryimage"},"image":{"@id":"https:\/\/maisonecodistribution.com\/eboutique\/produit\/joints-fibre-verre\/#primaryimage"},"thumbnailUrl":"https:\/\/maisonecodistribution.com\/eboutique\/wp-content\/uploads\/2024\/06\/IMG_0423.heic","datePublished":"2024-06-03T09:52:04+00:00","dateModified":"2024-06-03T12:14:08+00:00","description":"Allume-feux naturels en laine de bois.\u00a0Permettent de d\u00e9marrer facilement et rapidement un feu. Convient pour les po\u00eales, les chemin\u00e9es, ou les barbecues.","breadcrumb":{"@id":"https:\/\/maisonecodistribution.com\/eboutique\/produit\/joints-fibre-verre\/#breadcrumb"},"inLanguage":"fr-FR","potentialAction":[{"@type":"ReadAction","target":["https:\/\/maisonecodistribution.com\/eboutique\/produit\/joints-fibre-verre\/"]}]},{"@type":"ImageObject","inLanguage":"fr-FR","@id":"https:\/\/maisonecodistribution.com\/eboutique\/produit\/joints-fibre-verre\/#primaryimage","url":"https:\/\/maisonecodistribution.com\/eboutique\/wp-content\/uploads\/2024\/06\/IMG_0423.heic","contentUrl":"https:\/\/maisonecodistribution.com\/eboutique\/wp-content\/uploads\/2024\/06\/IMG_0423.heic"},{"@type":"BreadcrumbList","@id":"https:\/\/maisonecodistribution.com\/eboutique\/produit\/joints-fibre-verre\/#breadcrumb","itemListElement":[{"@type":"ListItem","position":1,"name":"Home","item":"https:\/\/maisonecodistribution.com\/eboutique\/"},{"@type":"ListItem","position":2,"name":"CATALOGUE","item":"https:\/\/maisonecodistribution.com\/eboutique\/catalogue\/"},{"@type":"ListItem","position":3,"name":"Joint fibre de verre et colle"}]},{"@type":"WebSite","@id":"https:\/\/maisonecodistribution.com\/eboutique\/#website","url":"https:\/\/maisonecodistribution.com\/eboutique\/","name":"Maison \u00c9co Distribution","description":"Tout pour un habitat sain","publisher":{"@id":"https:\/\/maisonecodistribution.com\/eboutique\/#organization"},"potentialAction":[{"@type":"SearchAction","target":{"@type":"EntryPoint","urlTemplate":"https:\/\/maisonecodistribution.com\/eboutique\/?s={search_term_string}"},"query-input":{"@type":"PropertyValueSpecification","valueRequired":true,"valueName":"search_term_string"}}],"inLanguage":"fr-FR"},{"@type":"Organization","@id":"https:\/\/maisonecodistribution.com\/eboutique\/#organization","name":"Maison \u00c9co Distribution","url":"https:\/\/maisonecodistribution.com\/eboutique\/","logo":{"@type":"ImageObject","inLanguage":"fr-FR","@id":"https:\/\/maisonecodistribution.com\/eboutique\/#\/schema\/logo\/image\/","url":"https:\/\/maisonecodistribution.com\/eboutique\/wp-content\/uploads\/2024\/07\/logo-maison-eco-1.png","contentUrl":"https:\/\/maisonecodistribution.com\/eboutique\/wp-content\/uploads\/2024\/07\/logo-maison-eco-1.png","width":300,"height":321,"caption":"Maison \u00c9co Distribution"},"image":{"@id":"https:\/\/maisonecodistribution.com\/eboutique\/#\/schema\/logo\/image\/"},"sameAs":["https:\/\/www.facebook.com\/maisonecodistribution"]}]},"og_availability":"instock","product_availability":"instock","product_condition":"new"},"_links":{"self":[{"href":"https:\/\/maisonecodistribution.com\/eboutique\/wp-json\/wp\/v2\/product\/4318","targetHints":{"allow":["GET"]}}],"collection":[{"href":"https:\/\/maisonecodistribution.com\/eboutique\/wp-json\/wp\/v2\/product"}],"about":[{"href":"https:\/\/maisonecodistribution.com\/eboutique\/wp-json\/wp\/v2\/types\/product"}],"wp:featuredmedia":[{"embeddable":true,"href":"https:\/\/maisonecodistribution.com\/eboutique\/wp-json\/wp\/v2\/media\/4320"}],"wp:attachment":[{"href":"https:\/\/maisonecodistribution.com\/eboutique\/wp-json\/wp\/v2\/media?parent=4318"}],"wp:term":[{"taxonomy":"product_brand","embeddable":true,"href":"https:\/\/maisonecodistribution.com\/eboutique\/wp-json\/wp\/v2\/product_brand?post=4318"},{"taxonomy":"product_cat","embeddable":true,"href":"https:\/\/maisonecodistribution.com\/eboutique\/wp-json\/wp\/v2\/product_cat?post=4318"},{"taxonomy":"product_tag","embeddable":true,"href":"https:\/\/maisonecodistribution.com\/eboutique\/wp-json\/wp\/v2\/product_tag?post=4318"}],"curies":[{"name":"wp","href":"https:\/\/api.w.org\/{rel}","templated":true}]}}