{"id":4254,"date":"2024-06-03T09:09:42","date_gmt":"2024-06-03T07:09:42","guid":{"rendered":"https:\/\/maisonecodistribution.com\/eboutique\/?post_type=product&#038;p=4254"},"modified":"2025-12-15T14:14:37","modified_gmt":"2025-12-15T13:14:37","slug":"pigments-synthetiques","status":"publish","type":"product","link":"https:\/\/maisonecodistribution.com\/eboutique\/produit\/pigments-synthetiques\/","title":{"rendered":"Pigments synth\u00e9tiques"},"content":{"rendered":"<p>Nos <strong>pigments synth\u00e9tiques<\/strong> sont obtenus par des r\u00e9actions thermiques ou chimiques ; ils peuvent aussi \u00eatre des pigments azo\u00efques, des phtalocyanines, des quinacridones&#8230; Mais tous partagent un point commun : ils sont sans danger pour la sant\u00e9 et\/ou l\u2019environnement. En g\u00e9n\u00e9ral, les <strong>pigments synth\u00e9tiques &#8211; Ocres de France<\/strong> ont un tr\u00e8s bon pouvoir colorant mais une r\u00e9sistance moyenne aux UV, contrairement aux pigments naturels.<\/p>\n<p><strong>Le + du produit :\u00a0<\/strong><\/p>\n<div class=\"page\" title=\"Page 1\">\n<div class=\"section\">\n<div class=\"layoutArea\">\n<div class=\"column\">\n<ul>\n<li>Bon pouvoir colorant<\/li>\n<li>Sans danger pour la sant\u00e9 et l&rsquo;environnement<\/li>\n<\/ul>\n<p>Conditionnement : Pot plastique de 300 Gr, 400 Gr et 200 Gr<\/p>\n<p><br \/>\n<\/p>\n<table width=\"567\">\n<tbody>\n<tr>\n<td width=\"283\"><strong>PRODUIT<\/strong><\/td>\n<td style=\"text-align: center;\" width=\"142\"><strong>Prix HT \/ unit\u00e9<\/strong><\/td>\n<td style=\"text-align: center;\" width=\"142\"><strong>Prix TTC \/ unit\u00e9<\/strong><\/td>\n<\/tr>\n<tr>\n<td width=\"283\">Blanc tiona 400 gr<\/td>\n<td style=\"text-align: center;\" width=\"142\">10,09 \u20ac<\/td>\n<td style=\"text-align: center;\" width=\"142\">12,11 \u20ac<\/td>\n<\/tr>\n<tr>\n<td width=\"283\">Bleu ciel 400 gr<\/td>\n<td style=\"text-align: center;\" width=\"142\">4,49 \u20ac<\/td>\n<td style=\"text-align: center;\" width=\"142\">5,39 \u20ac<\/td>\n<\/tr>\n<tr>\n<td width=\"283\">Bleu canard 400 gr<\/td>\n<td style=\"text-align: center;\" width=\"142\">7,87 \u20ac<\/td>\n<td style=\"text-align: center;\" width=\"142\">9,44 \u20ac<\/td>\n<\/tr>\n<tr>\n<td width=\"283\">Bleu Indien 400 gr<\/td>\n<td style=\"text-align: center;\" width=\"142\">3,09 \u20ac<\/td>\n<td style=\"text-align: center;\" width=\"142\">3,71 \u20ac<\/td>\n<\/tr>\n<tr>\n<td width=\"283\">Bleu Kossoghol 400 gr<\/td>\n<td style=\"text-align: center;\" width=\"142\">4,96 \u20ac<\/td>\n<td style=\"text-align: center;\" width=\"142\">5,95 \u20ac<\/td>\n<\/tr>\n<tr>\n<td width=\"283\">Bleu charette 400 gr<\/td>\n<td style=\"text-align: center;\" width=\"142\">3,67 \u20ac<\/td>\n<td style=\"text-align: center;\" width=\"142\">4,40 \u20ac<\/td>\n<\/tr>\n<tr>\n<td width=\"283\">Bleu outremer 300 gr<\/td>\n<td style=\"text-align: center;\" width=\"142\">8,61 \u20ac<\/td>\n<td style=\"text-align: center;\" width=\"142\">10,33 \u20ac<\/td>\n<\/tr>\n<tr>\n<td width=\"283\">Bois de rose 400 gr<\/td>\n<td style=\"text-align: center;\" width=\"142\">4,27 \u20ac<\/td>\n<td style=\"text-align: center;\" width=\"142\">5,12 \u20ac<\/td>\n<\/tr>\n<tr>\n<td width=\"283\">Brun 610 400 gr<\/td>\n<td style=\"text-align: center;\" width=\"142\">7,00 \u20ac<\/td>\n<td style=\"text-align: center;\" width=\"142\">8,40 \u20ac<\/td>\n<\/tr>\n<tr>\n<td width=\"283\">Brun 686 400 gr<\/td>\n<td style=\"text-align: center;\" width=\"142\">6,97 \u20ac<\/td>\n<td style=\"text-align: center;\" width=\"142\">8,36 \u20ac<\/td>\n<\/tr>\n<tr>\n<td width=\"283\">Gris \u00e9tain 400 gr<\/td>\n<td style=\"text-align: center;\" width=\"142\">4,15 \u20ac<\/td>\n<td style=\"text-align: center;\" width=\"142\">4,98 \u20ac<\/td>\n<\/tr>\n<tr>\n<td width=\"283\">Jaune Tournesol 400 gr<\/td>\n<td style=\"text-align: center;\" width=\"142\">10,20 \u20ac<\/td>\n<td style=\"text-align: center;\" width=\"142\">12,24 \u20ac<\/td>\n<\/tr>\n<tr>\n<td width=\"283\">Jaune citron 400 gr<\/td>\n<td style=\"text-align: center;\" width=\"142\">7,90 \u20ac<\/td>\n<td style=\"text-align: center;\" width=\"142\">9,48 \u20ac<\/td>\n<\/tr>\n<tr>\n<td width=\"283\">Marron glaise 400 gr<\/td>\n<td style=\"text-align: center;\" width=\"142\">3,02 \u20ac<\/td>\n<td style=\"text-align: center;\" width=\"142\">3,62 \u20ac<\/td>\n<\/tr>\n<tr>\n<td width=\"283\">Noir 318 M 400 gr<\/td>\n<td style=\"text-align: center;\" width=\"142\">6,58 \u20ac<\/td>\n<td style=\"text-align: center;\" width=\"142\">7,90 \u20ac<\/td>\n<\/tr>\n<tr>\n<td width=\"283\">Orange 960 200 gr<\/td>\n<td style=\"text-align: center;\" width=\"142\">4,22 \u20ac<\/td>\n<td style=\"text-align: center;\" width=\"142\">5,06 \u20ac<\/td>\n<\/tr>\n<tr>\n<td width=\"283\">Rouge Cassis 400 gr<\/td>\n<td style=\"text-align: center;\" width=\"142\">5,46 \u20ac<\/td>\n<td style=\"text-align: center;\" width=\"142\">6,55 \u20ac<\/td>\n<\/tr>\n<tr>\n<td width=\"283\">Rouge Cinabre 400 gr<\/td>\n<td style=\"text-align: center;\" width=\"142\">7,60 \u20ac<\/td>\n<td style=\"text-align: center;\" width=\"142\">9,12 \u20ac<\/td>\n<\/tr>\n<tr>\n<td width=\"283\">Rouge Porto 400 gr<\/td>\n<td style=\"text-align: center;\" width=\"142\">6,19 \u20ac<\/td>\n<td style=\"text-align: center;\" width=\"142\">7,43 \u20ac<\/td>\n<\/tr>\n<tr>\n<td width=\"283\">Rouge 110 400 gr<\/td>\n<td style=\"text-align: center;\" width=\"142\">7,21 \u20ac<\/td>\n<td style=\"text-align: center;\" width=\"142\">8,65 \u20ac<\/td>\n<\/tr>\n<tr>\n<td width=\"283\">Rouge 130 400 gr<\/td>\n<td style=\"text-align: center;\" width=\"142\">6,28 \u20ac<\/td>\n<td style=\"text-align: center;\" width=\"142\">7,54 \u20ac<\/td>\n<\/tr>\n<tr>\n<td width=\"283\">Rouge 140 400 gr<\/td>\n<td style=\"text-align: center;\" width=\"142\">6,70 \u20ac<\/td>\n<td style=\"text-align: center;\" width=\"142\">8,04 \u20ac<\/td>\n<\/tr>\n<tr>\n<td width=\"283\">Terre verte de Nicosie reproduction 300 gr<\/td>\n<td style=\"text-align: center;\" width=\"142\">3,51 \u20ac<\/td>\n<td style=\"text-align: center;\" width=\"142\">4,21 \u20ac<\/td>\n<\/tr>\n<tr>\n<td width=\"283\">Vert \u00e0 la chaux 400 gr<\/td>\n<td style=\"text-align: center;\" width=\"142\">3,01 \u20ac<\/td>\n<td style=\"text-align: center;\" width=\"142\">3,61 \u20ac<\/td>\n<\/tr>\n<tr>\n<td width=\"283\">Vert pistache 300 gr<\/td>\n<td style=\"text-align: center;\" width=\"142\">5,68 \u20ac<\/td>\n<td style=\"text-align: center;\" width=\"142\">6,82 \u20ac<\/td>\n<\/tr>\n<tr>\n<td width=\"283\">Vert turquoise 300 gr<\/td>\n<td style=\"text-align: center;\" width=\"142\">3,86 \u20ac<\/td>\n<td style=\"text-align: center;\" width=\"142\">4,63 \u20ac<\/td>\n<\/tr>\n<tr>\n<td width=\"283\">Vert Monte-Carlo 400 gr<\/td>\n<td style=\"text-align: center;\" width=\"142\">6,60 \u20ac<\/td>\n<td style=\"text-align: center;\" width=\"142\">7,92 \u20ac<\/td>\n<\/tr>\n<tr>\n<td width=\"283\">Vert GN 400 gr<\/td>\n<td style=\"text-align: center;\" width=\"142\">7,60 \u20ac<\/td>\n<td style=\"text-align: center;\" width=\"142\">9,12 \u20ac<\/td>\n<\/tr>\n<\/tbody>\n<\/table>\n<p>[\/av_tab]<br \/>\n[\/av_tab_container]<\/p>\n<\/div>\n<\/div>\n<\/div>\n<\/div>\n","protected":false},"excerpt":{"rendered":"<p>Les <strong>pigments synth\u00e9tiques<\/strong> ont un tr\u00e8s bon pouvoir colorant mais une r\u00e9sistance moyenne aux UV, contrairement aux <strong>pigments naturels<\/strong>.<\/p>\n","protected":false},"featured_media":4251,"template":"","meta":[],"product_brand":[],"product_cat":[3070,18,39],"product_tag":[],"class_list":{"0":"post-4254","1":"product","2":"type-product","3":"status-publish","4":"has-post-thumbnail","6":"product_cat-ocres-de-france","7":"product_cat-decoration-finition","8":"product_cat-peintures-et-pigments","10":"first","11":"instock","12":"taxable","13":"shipping-taxable","14":"purchasable","15":"product-type-variable"},"yoast_head":"<!-- This site is optimized with the Yoast SEO plugin v25.1 - https:\/\/yoast.com\/wordpress\/plugins\/seo\/ -->\n<title>Pigments synth\u00e9tiques | Peinture \u00e9cologique | Maison \u00c9co Distribution<\/title>\n<meta name=\"description\" content=\"Peinture min\u00e9rale universelle et \u00e9cologique, pr\u00eate \u00e0 l\u2019emploi, \u00e0 base d\u2019un double liant sol-silicate pour l\u2019int\u00e9rieur. Aspect mat velours.\" \/>\n<meta name=\"robots\" content=\"index, follow, max-snippet:-1, max-image-preview:large, max-video-preview:-1\" \/>\n<link rel=\"canonical\" href=\"https:\/\/maisonecodistribution.com\/eboutique\/produit\/pigments-synthetiques\/\" \/>\n<meta property=\"og:locale\" content=\"fr_FR\" \/>\n<meta property=\"og:type\" content=\"article\" \/>\n<meta property=\"og:title\" content=\"Pigments synth\u00e9tiques | Peinture \u00e9cologique | Maison \u00c9co Distribution\" \/>\n<meta property=\"og:description\" content=\"Peinture min\u00e9rale universelle et \u00e9cologique, pr\u00eate \u00e0 l\u2019emploi, \u00e0 base d\u2019un double liant sol-silicate pour l\u2019int\u00e9rieur. Aspect mat velours.\" \/>\n<meta property=\"og:url\" content=\"https:\/\/maisonecodistribution.com\/eboutique\/produit\/pigments-synthetiques\/\" \/>\n<meta property=\"og:site_name\" content=\"Maison \u00c9co Distribution\" \/>\n<meta property=\"article:publisher\" content=\"https:\/\/www.facebook.com\/maisonecodistribution\" \/>\n<meta property=\"article:modified_time\" content=\"2025-12-15T13:14:37+00:00\" \/>\n<meta property=\"og:image\" content=\"https:\/\/maisonecodistribution.com\/eboutique\/wp-content\/uploads\/2024\/05\/38-fr.png\" \/>\n\t<meta property=\"og:image:width\" content=\"270\" \/>\n\t<meta property=\"og:image:height\" content=\"270\" \/>\n\t<meta property=\"og:image:type\" content=\"image\/png\" \/>\n<meta name=\"twitter:card\" content=\"summary_large_image\" \/>\n<meta name=\"twitter:label1\" content=\"Disponibilit\u00e9\" \/>\n\t<meta name=\"twitter:data1\" content=\"En stock\" \/>\n<script type=\"application\/ld+json\" class=\"yoast-schema-graph\">{\"@context\":\"https:\/\/schema.org\",\"@graph\":[{\"@type\":[\"WebPage\",\"ItemPage\"],\"@id\":\"https:\/\/maisonecodistribution.com\/eboutique\/produit\/pigments-synthetiques\/\",\"url\":\"https:\/\/maisonecodistribution.com\/eboutique\/produit\/pigments-synthetiques\/\",\"name\":\"Pigments synth\u00e9tiques | Peinture \u00e9cologique | Maison \u00c9co Distribution\",\"isPartOf\":{\"@id\":\"https:\/\/maisonecodistribution.com\/eboutique\/#website\"},\"primaryImageOfPage\":{\"@id\":\"https:\/\/maisonecodistribution.com\/eboutique\/produit\/pigments-synthetiques\/#primaryimage\"},\"image\":{\"@id\":\"https:\/\/maisonecodistribution.com\/eboutique\/produit\/pigments-synthetiques\/#primaryimage\"},\"thumbnailUrl\":\"https:\/\/maisonecodistribution.com\/eboutique\/wp-content\/uploads\/2024\/05\/38-fr.png\",\"datePublished\":\"2024-06-03T07:09:42+00:00\",\"dateModified\":\"2025-12-15T13:14:37+00:00\",\"description\":\"Peinture min\u00e9rale universelle et \u00e9cologique, pr\u00eate \u00e0 l\u2019emploi, \u00e0 base d\u2019un double liant sol-silicate pour l\u2019int\u00e9rieur. Aspect mat velours.\",\"breadcrumb\":{\"@id\":\"https:\/\/maisonecodistribution.com\/eboutique\/produit\/pigments-synthetiques\/#breadcrumb\"},\"inLanguage\":\"fr-FR\",\"potentialAction\":[{\"@type\":\"ReadAction\",\"target\":[\"https:\/\/maisonecodistribution.com\/eboutique\/produit\/pigments-synthetiques\/\"]}]},{\"@type\":\"ImageObject\",\"inLanguage\":\"fr-FR\",\"@id\":\"https:\/\/maisonecodistribution.com\/eboutique\/produit\/pigments-synthetiques\/#primaryimage\",\"url\":\"https:\/\/maisonecodistribution.com\/eboutique\/wp-content\/uploads\/2024\/05\/38-fr.png\",\"contentUrl\":\"https:\/\/maisonecodistribution.com\/eboutique\/wp-content\/uploads\/2024\/05\/38-fr.png\",\"width\":270,\"height\":270},{\"@type\":\"BreadcrumbList\",\"@id\":\"https:\/\/maisonecodistribution.com\/eboutique\/produit\/pigments-synthetiques\/#breadcrumb\",\"itemListElement\":[{\"@type\":\"ListItem\",\"position\":1,\"name\":\"Home\",\"item\":\"https:\/\/maisonecodistribution.com\/eboutique\/\"},{\"@type\":\"ListItem\",\"position\":2,\"name\":\"CATALOGUE\",\"item\":\"https:\/\/maisonecodistribution.com\/eboutique\/catalogue\/\"},{\"@type\":\"ListItem\",\"position\":3,\"name\":\"Pigments synth\u00e9tiques\"}]},{\"@type\":\"WebSite\",\"@id\":\"https:\/\/maisonecodistribution.com\/eboutique\/#website\",\"url\":\"https:\/\/maisonecodistribution.com\/eboutique\/\",\"name\":\"Maison \u00c9co Distribution\",\"description\":\"Tout pour un habitat sain\",\"publisher\":{\"@id\":\"https:\/\/maisonecodistribution.com\/eboutique\/#organization\"},\"potentialAction\":[{\"@type\":\"SearchAction\",\"target\":{\"@type\":\"EntryPoint\",\"urlTemplate\":\"https:\/\/maisonecodistribution.com\/eboutique\/?s={search_term_string}\"},\"query-input\":{\"@type\":\"PropertyValueSpecification\",\"valueRequired\":true,\"valueName\":\"search_term_string\"}}],\"inLanguage\":\"fr-FR\"},{\"@type\":\"Organization\",\"@id\":\"https:\/\/maisonecodistribution.com\/eboutique\/#organization\",\"name\":\"Maison \u00c9co Distribution\",\"url\":\"https:\/\/maisonecodistribution.com\/eboutique\/\",\"logo\":{\"@type\":\"ImageObject\",\"inLanguage\":\"fr-FR\",\"@id\":\"https:\/\/maisonecodistribution.com\/eboutique\/#\/schema\/logo\/image\/\",\"url\":\"https:\/\/maisonecodistribution.com\/eboutique\/wp-content\/uploads\/2024\/07\/logo-maison-eco-1.png\",\"contentUrl\":\"https:\/\/maisonecodistribution.com\/eboutique\/wp-content\/uploads\/2024\/07\/logo-maison-eco-1.png\",\"width\":300,\"height\":321,\"caption\":\"Maison \u00c9co Distribution\"},\"image\":{\"@id\":\"https:\/\/maisonecodistribution.com\/eboutique\/#\/schema\/logo\/image\/\"},\"sameAs\":[\"https:\/\/www.facebook.com\/maisonecodistribution\"]}]}<\/script>\n<meta property=\"og:availability\" content=\"instock\" \/>\n<meta property=\"product:availability\" content=\"instock\" \/>\n<meta property=\"product:condition\" content=\"new\" \/>\n<!-- \/ Yoast SEO plugin. -->","yoast_head_json":{"title":"Pigments synth\u00e9tiques | Peinture \u00e9cologique | Maison \u00c9co Distribution","description":"Peinture min\u00e9rale universelle et \u00e9cologique, pr\u00eate \u00e0 l\u2019emploi, \u00e0 base d\u2019un double liant sol-silicate pour l\u2019int\u00e9rieur. Aspect mat velours.","robots":{"index":"index","follow":"follow","max-snippet":"max-snippet:-1","max-image-preview":"max-image-preview:large","max-video-preview":"max-video-preview:-1"},"canonical":"https:\/\/maisonecodistribution.com\/eboutique\/produit\/pigments-synthetiques\/","og_locale":"fr_FR","og_type":"article","og_title":"Pigments synth\u00e9tiques | Peinture \u00e9cologique | Maison \u00c9co Distribution","og_description":"Peinture min\u00e9rale universelle et \u00e9cologique, pr\u00eate \u00e0 l\u2019emploi, \u00e0 base d\u2019un double liant sol-silicate pour l\u2019int\u00e9rieur. Aspect mat velours.","og_url":"https:\/\/maisonecodistribution.com\/eboutique\/produit\/pigments-synthetiques\/","og_site_name":"Maison \u00c9co Distribution","article_publisher":"https:\/\/www.facebook.com\/maisonecodistribution","article_modified_time":"2025-12-15T13:14:37+00:00","og_image":[{"width":270,"height":270,"url":"https:\/\/maisonecodistribution.com\/eboutique\/wp-content\/uploads\/2024\/05\/38-fr.png","type":"image\/png"}],"twitter_card":"summary_large_image","twitter_misc":{"Disponibilit\u00e9":"En stock"},"schema":{"@context":"https:\/\/schema.org","@graph":[{"@type":["WebPage","ItemPage"],"@id":"https:\/\/maisonecodistribution.com\/eboutique\/produit\/pigments-synthetiques\/","url":"https:\/\/maisonecodistribution.com\/eboutique\/produit\/pigments-synthetiques\/","name":"Pigments synth\u00e9tiques | Peinture \u00e9cologique | Maison \u00c9co Distribution","isPartOf":{"@id":"https:\/\/maisonecodistribution.com\/eboutique\/#website"},"primaryImageOfPage":{"@id":"https:\/\/maisonecodistribution.com\/eboutique\/produit\/pigments-synthetiques\/#primaryimage"},"image":{"@id":"https:\/\/maisonecodistribution.com\/eboutique\/produit\/pigments-synthetiques\/#primaryimage"},"thumbnailUrl":"https:\/\/maisonecodistribution.com\/eboutique\/wp-content\/uploads\/2024\/05\/38-fr.png","datePublished":"2024-06-03T07:09:42+00:00","dateModified":"2025-12-15T13:14:37+00:00","description":"Peinture min\u00e9rale universelle et \u00e9cologique, pr\u00eate \u00e0 l\u2019emploi, \u00e0 base d\u2019un double liant sol-silicate pour l\u2019int\u00e9rieur. Aspect mat velours.","breadcrumb":{"@id":"https:\/\/maisonecodistribution.com\/eboutique\/produit\/pigments-synthetiques\/#breadcrumb"},"inLanguage":"fr-FR","potentialAction":[{"@type":"ReadAction","target":["https:\/\/maisonecodistribution.com\/eboutique\/produit\/pigments-synthetiques\/"]}]},{"@type":"ImageObject","inLanguage":"fr-FR","@id":"https:\/\/maisonecodistribution.com\/eboutique\/produit\/pigments-synthetiques\/#primaryimage","url":"https:\/\/maisonecodistribution.com\/eboutique\/wp-content\/uploads\/2024\/05\/38-fr.png","contentUrl":"https:\/\/maisonecodistribution.com\/eboutique\/wp-content\/uploads\/2024\/05\/38-fr.png","width":270,"height":270},{"@type":"BreadcrumbList","@id":"https:\/\/maisonecodistribution.com\/eboutique\/produit\/pigments-synthetiques\/#breadcrumb","itemListElement":[{"@type":"ListItem","position":1,"name":"Home","item":"https:\/\/maisonecodistribution.com\/eboutique\/"},{"@type":"ListItem","position":2,"name":"CATALOGUE","item":"https:\/\/maisonecodistribution.com\/eboutique\/catalogue\/"},{"@type":"ListItem","position":3,"name":"Pigments synth\u00e9tiques"}]},{"@type":"WebSite","@id":"https:\/\/maisonecodistribution.com\/eboutique\/#website","url":"https:\/\/maisonecodistribution.com\/eboutique\/","name":"Maison \u00c9co Distribution","description":"Tout pour un habitat sain","publisher":{"@id":"https:\/\/maisonecodistribution.com\/eboutique\/#organization"},"potentialAction":[{"@type":"SearchAction","target":{"@type":"EntryPoint","urlTemplate":"https:\/\/maisonecodistribution.com\/eboutique\/?s={search_term_string}"},"query-input":{"@type":"PropertyValueSpecification","valueRequired":true,"valueName":"search_term_string"}}],"inLanguage":"fr-FR"},{"@type":"Organization","@id":"https:\/\/maisonecodistribution.com\/eboutique\/#organization","name":"Maison \u00c9co Distribution","url":"https:\/\/maisonecodistribution.com\/eboutique\/","logo":{"@type":"ImageObject","inLanguage":"fr-FR","@id":"https:\/\/maisonecodistribution.com\/eboutique\/#\/schema\/logo\/image\/","url":"https:\/\/maisonecodistribution.com\/eboutique\/wp-content\/uploads\/2024\/07\/logo-maison-eco-1.png","contentUrl":"https:\/\/maisonecodistribution.com\/eboutique\/wp-content\/uploads\/2024\/07\/logo-maison-eco-1.png","width":300,"height":321,"caption":"Maison \u00c9co Distribution"},"image":{"@id":"https:\/\/maisonecodistribution.com\/eboutique\/#\/schema\/logo\/image\/"},"sameAs":["https:\/\/www.facebook.com\/maisonecodistribution"]}]},"og_availability":"instock","product_availability":"instock","product_condition":"new"},"_links":{"self":[{"href":"https:\/\/maisonecodistribution.com\/eboutique\/wp-json\/wp\/v2\/product\/4254","targetHints":{"allow":["GET"]}}],"collection":[{"href":"https:\/\/maisonecodistribution.com\/eboutique\/wp-json\/wp\/v2\/product"}],"about":[{"href":"https:\/\/maisonecodistribution.com\/eboutique\/wp-json\/wp\/v2\/types\/product"}],"wp:featuredmedia":[{"embeddable":true,"href":"https:\/\/maisonecodistribution.com\/eboutique\/wp-json\/wp\/v2\/media\/4251"}],"wp:attachment":[{"href":"https:\/\/maisonecodistribution.com\/eboutique\/wp-json\/wp\/v2\/media?parent=4254"}],"wp:term":[{"taxonomy":"product_brand","embeddable":true,"href":"https:\/\/maisonecodistribution.com\/eboutique\/wp-json\/wp\/v2\/product_brand?post=4254"},{"taxonomy":"product_cat","embeddable":true,"href":"https:\/\/maisonecodistribution.com\/eboutique\/wp-json\/wp\/v2\/product_cat?post=4254"},{"taxonomy":"product_tag","embeddable":true,"href":"https:\/\/maisonecodistribution.com\/eboutique\/wp-json\/wp\/v2\/product_tag?post=4254"}],"curies":[{"name":"wp","href":"https:\/\/api.w.org\/{rel}","templated":true}]}}