{"id":4154,"date":"2024-05-21T09:34:37","date_gmt":"2024-05-21T07:34:37","guid":{"rendered":"https:\/\/maisonecodistribution.com\/eboutique\/?post_type=product&#038;p=4154"},"modified":"2025-12-15T14:53:41","modified_gmt":"2025-12-15T13:53:41","slug":"pigments-naturels","status":"publish","type":"product","link":"https:\/\/maisonecodistribution.com\/eboutique\/produit\/pigments-naturels\/","title":{"rendered":"Pigments naturels"},"content":{"rendered":"<p>Cette gamme de <strong>pigments naturels Ocres de France<\/strong> contient des <strong>pigments min\u00e9raux<\/strong> (ocre, terre, ombre, sienne) extraits en carri\u00e8re, qui ne subissent qu&rsquo;un proc\u00e9d\u00e9 de broyage, cuisson et m\u00e9lange. Concernant les ocres, la Soci\u00e9t\u00e9 des Ocres de France est aujourd&rsquo;hui le dernier producteur autonome d&rsquo;Europe, gr\u00e2ce \u00e0 sa carri\u00e8re situ\u00e9e \u00e0 Gargas et \u00e0 son usine d&rsquo;Apt (Vaucluse). Les <strong>pigments naturels<\/strong> ont une excellente tenue \u00e0 la lumi\u00e8re, un bon pouvoir de coloration, sont couvrants et r\u00e9sistent bien au farinage. En revanche, ils ont des couleurs moins vives que les pigments synth\u00e9tiques.<\/p>\n<p><strong>Le + du produit :\u00a0<\/strong><\/p>\n<div class=\"page\" title=\"Page 1\">\n<div class=\"section\">\n<div class=\"layoutArea\">\n<div class=\"column\">\n<ul>\n<li>Naturels<\/li>\n<\/ul>\n<p>Conditionnement : Pot plastique de 300 Gr, 400 Gr et 200 Gr<\/p>\n<p><br \/>\n<\/p>\n<table width=\"567\">\n<tbody>\n<tr>\n<td width=\"283\"><strong>PRODUIT<\/strong><\/td>\n<td style=\"text-align: center;\" width=\"142\"><strong>Prix HT \/ unit\u00e9<\/strong><\/td>\n<td style=\"text-align: center;\" width=\"142\"><strong>Prix TTC \/ unit\u00e9<\/strong><\/td>\n<\/tr>\n<tr>\n<td width=\"283\">Brun de Cassel d&rsquo;Italie 400 gr<\/td>\n<td style=\"text-align: center;\" width=\"142\">6,73 \u20ac<\/td>\n<td style=\"text-align: center;\" width=\"142\">8,08 \u20ac<\/td>\n<\/tr>\n<tr>\n<td width=\"283\">Gris Ardoise 300 gr<\/td>\n<td style=\"text-align: center;\" width=\"142\">2,74 \u20ac<\/td>\n<td style=\"text-align: center;\" width=\"142\">3,29 \u20ac<\/td>\n<\/tr>\n<tr>\n<td width=\"283\">Noir de Vigne 400 gr<\/td>\n<td style=\"text-align: center;\" width=\"142\">4,17 \u20ac<\/td>\n<td style=\"text-align: center;\" width=\"142\">5,00 \u20ac<\/td>\n<\/tr>\n<tr>\n<td width=\"283\">Noir d&rsquo;Ivoire 400 gr<\/td>\n<td style=\"text-align: center;\" width=\"142\">4,64 \u20ac<\/td>\n<td style=\"text-align: center;\" width=\"142\">5,57 \u20ac<\/td>\n<\/tr>\n<tr>\n<td width=\"283\">Noir Indien 400 gr<\/td>\n<td style=\"text-align: center;\" width=\"142\">3,20 \u20ac<\/td>\n<td style=\"text-align: center;\" width=\"142\">3,84 \u20ac<\/td>\n<\/tr>\n<tr>\n<td width=\"283\">Noir de Rome 400 gr<\/td>\n<td style=\"text-align: center;\" width=\"142\">6,76 \u20ac<\/td>\n<td style=\"text-align: center;\" width=\"142\">7,73 \u20ac<\/td>\n<\/tr>\n<tr>\n<td width=\"283\">Ocre Jaune fonc\u00e9 JFLES 300 gr<\/td>\n<td style=\"text-align: center;\" width=\"142\">2,64 \u20ac<\/td>\n<td style=\"text-align: center;\" width=\"142\">3,17 \u20ac<\/td>\n<\/tr>\n<tr>\n<td width=\"283\">Ocre rouge RFLES 300 gr<\/td>\n<td style=\"text-align: center;\" width=\"142\">2,83 \u20ac<\/td>\n<td style=\"text-align: center;\" width=\"142\">3,40 \u20ac<\/td>\n<\/tr>\n<tr>\n<td width=\"283\">Ocre Havane 300 gr<\/td>\n<td style=\"text-align: center;\" width=\"142\">4,96 \u20ac<\/td>\n<td style=\"text-align: center;\" width=\"142\">5,95 \u20ac<\/td>\n<\/tr>\n<tr>\n<td width=\"283\">Ombre Naturelle 400 gr<\/td>\n<td style=\"text-align: center;\" width=\"142\">5,52 \u20ac<\/td>\n<td style=\"text-align: center;\" width=\"142\">6,62 \u20ac<\/td>\n<\/tr>\n<tr>\n<td width=\"283\">Ombre Calcin\u00e9e 400 gr<\/td>\n<td style=\"text-align: center;\" width=\"142\">3,50 \u20ac<\/td>\n<td style=\"text-align: center;\" width=\"142\">4,20 \u20ac<\/td>\n<\/tr>\n<tr>\n<td width=\"283\">Ombre de Chypre C 300 gr<\/td>\n<td style=\"text-align: center;\" width=\"142\">6,85 \u20ac<\/td>\n<td style=\"text-align: center;\" width=\"142\">8,22 \u20ac<\/td>\n<\/tr>\n<tr>\n<td width=\"283\">Ombre de Chypre D 300 gr<\/td>\n<td style=\"text-align: center;\" width=\"142\">6,50 \u20ac<\/td>\n<td style=\"text-align: center;\" width=\"142\">7,80 \u20ac<\/td>\n<\/tr>\n<tr>\n<td width=\"283\">Ombre de Chypre FL 300 gr<\/td>\n<td style=\"text-align: center;\" width=\"142\">6,31 \u20ac<\/td>\n<td style=\"text-align: center;\" width=\"142\">7,57 \u20ac<\/td>\n<\/tr>\n<tr>\n<td width=\"283\">Ombre de Chypre HG 200 gr<\/td>\n<td style=\"text-align: center;\" width=\"142\">5,05 \u20ac<\/td>\n<td style=\"text-align: center;\" width=\"142\">6,06 \u20ac<\/td>\n<\/tr>\n<tr>\n<td width=\"283\">Oxy Apt Rouge 300 gr<\/td>\n<td style=\"text-align: center;\" width=\"142\">2,94 \u20ac<\/td>\n<td style=\"text-align: center;\" width=\"142\">3,53 \u20ac<\/td>\n<\/tr>\n<tr>\n<td width=\"283\">Rouge Ercolano 400 gr<\/td>\n<td style=\"text-align: center;\" width=\"142\">15,12 \u20ac<\/td>\n<td style=\"text-align: center;\" width=\"142\">18,14 \u20ac<\/td>\n<\/tr>\n<tr>\n<td width=\"283\">Rouge Indien 400 gr<\/td>\n<td style=\"text-align: center;\" width=\"142\">3,40 \u20ac<\/td>\n<td style=\"text-align: center;\" width=\"142\">4,08 \u20ac<\/td>\n<\/tr>\n<tr>\n<td width=\"283\">Rouge V\u00e9nitien 400 gr<\/td>\n<td style=\"text-align: center;\" width=\"142\">7,18 \u20ac<\/td>\n<td style=\"text-align: center;\" width=\"142\">8,62 \u20ac<\/td>\n<\/tr>\n<tr>\n<td width=\"283\">Terre d&rsquo;Ombre Verd\u00e2tre 400 gr<\/td>\n<td style=\"text-align: center;\" width=\"142\">7,98 \u20ac<\/td>\n<td style=\"text-align: center;\" width=\"142\">9,58 \u20ac<\/td>\n<\/tr>\n<tr>\n<td width=\"283\">Terre Verte Ancienne 400 gr<\/td>\n<td style=\"text-align: center;\" width=\"142\">7,62 \u20ac<\/td>\n<td style=\"text-align: center;\" width=\"142\">9,14 \u20ac<\/td>\n<\/tr>\n<tr>\n<td width=\"283\">Terre Verte de Brentonico 400 gr<\/td>\n<td style=\"text-align: center;\" width=\"142\">7,62 \u20ac<\/td>\n<td style=\"text-align: center;\" width=\"142\">9,14 \u20ac<\/td>\n<\/tr>\n<\/tbody>\n<\/table>\n<p>[\/av_tab]<br \/>\n[\/av_tab_container]<\/p>\n<\/div>\n<\/div>\n<\/div>\n<\/div>\n","protected":false},"excerpt":{"rendered":"<p><strong>Peinture min\u00e9rale universelle<\/strong>, pr\u00eate \u00e0 l\u2019emploi, \u00e0 base d\u2019un double liant sol-silicate <strong>pour l\u2019int\u00e9rieur<\/strong>. Aspect <strong>mat velours<\/strong>.<\/p>\n","protected":false},"featured_media":4251,"template":"","meta":[],"product_brand":[],"product_cat":[3070,18,39],"product_tag":[],"class_list":{"0":"post-4154","1":"product","2":"type-product","3":"status-publish","4":"has-post-thumbnail","6":"product_cat-ocres-de-france","7":"product_cat-decoration-finition","8":"product_cat-peintures-et-pigments","10":"first","11":"instock","12":"taxable","13":"shipping-taxable","14":"purchasable","15":"product-type-variable"},"yoast_head":"<!-- This site is optimized with the Yoast SEO plugin v25.1 - https:\/\/yoast.com\/wordpress\/plugins\/seo\/ -->\n<title>Pigments naturels | Peinture \u00e9cologique | Maison \u00c9co Distribution<\/title>\n<meta name=\"description\" content=\"Peinture min\u00e9rale universelle et \u00e9cologique, pr\u00eate \u00e0 l\u2019emploi, \u00e0 base d\u2019un double liant sol-silicate pour l\u2019int\u00e9rieur. Aspect mat velours.\" \/>\n<meta name=\"robots\" content=\"index, follow, max-snippet:-1, max-image-preview:large, max-video-preview:-1\" \/>\n<link rel=\"canonical\" href=\"https:\/\/maisonecodistribution.com\/eboutique\/produit\/pigments-naturels\/\" \/>\n<meta property=\"og:locale\" content=\"fr_FR\" \/>\n<meta property=\"og:type\" content=\"article\" \/>\n<meta property=\"og:title\" content=\"Pigments naturels | Peinture \u00e9cologique | Maison \u00c9co Distribution\" \/>\n<meta property=\"og:description\" content=\"Peinture min\u00e9rale universelle et \u00e9cologique, pr\u00eate \u00e0 l\u2019emploi, \u00e0 base d\u2019un double liant sol-silicate pour l\u2019int\u00e9rieur. Aspect mat velours.\" \/>\n<meta property=\"og:url\" content=\"https:\/\/maisonecodistribution.com\/eboutique\/produit\/pigments-naturels\/\" \/>\n<meta property=\"og:site_name\" content=\"Maison \u00c9co Distribution\" \/>\n<meta property=\"article:publisher\" content=\"https:\/\/www.facebook.com\/maisonecodistribution\" \/>\n<meta property=\"article:modified_time\" content=\"2025-12-15T13:53:41+00:00\" \/>\n<meta property=\"og:image\" content=\"https:\/\/maisonecodistribution.com\/eboutique\/wp-content\/uploads\/2024\/05\/38-fr.png\" \/>\n\t<meta property=\"og:image:width\" content=\"270\" \/>\n\t<meta property=\"og:image:height\" content=\"270\" \/>\n\t<meta property=\"og:image:type\" content=\"image\/png\" \/>\n<meta name=\"twitter:card\" content=\"summary_large_image\" \/>\n<meta name=\"twitter:label1\" content=\"Disponibilit\u00e9\" \/>\n\t<meta name=\"twitter:data1\" content=\"En stock\" \/>\n<script type=\"application\/ld+json\" class=\"yoast-schema-graph\">{\"@context\":\"https:\/\/schema.org\",\"@graph\":[{\"@type\":[\"WebPage\",\"ItemPage\"],\"@id\":\"https:\/\/maisonecodistribution.com\/eboutique\/produit\/pigments-naturels\/\",\"url\":\"https:\/\/maisonecodistribution.com\/eboutique\/produit\/pigments-naturels\/\",\"name\":\"Pigments naturels | Peinture \u00e9cologique | Maison \u00c9co Distribution\",\"isPartOf\":{\"@id\":\"https:\/\/maisonecodistribution.com\/eboutique\/#website\"},\"primaryImageOfPage\":{\"@id\":\"https:\/\/maisonecodistribution.com\/eboutique\/produit\/pigments-naturels\/#primaryimage\"},\"image\":{\"@id\":\"https:\/\/maisonecodistribution.com\/eboutique\/produit\/pigments-naturels\/#primaryimage\"},\"thumbnailUrl\":\"https:\/\/maisonecodistribution.com\/eboutique\/wp-content\/uploads\/2024\/05\/38-fr.png\",\"datePublished\":\"2024-05-21T07:34:37+00:00\",\"dateModified\":\"2025-12-15T13:53:41+00:00\",\"description\":\"Peinture min\u00e9rale universelle et \u00e9cologique, pr\u00eate \u00e0 l\u2019emploi, \u00e0 base d\u2019un double liant sol-silicate pour l\u2019int\u00e9rieur. Aspect mat velours.\",\"breadcrumb\":{\"@id\":\"https:\/\/maisonecodistribution.com\/eboutique\/produit\/pigments-naturels\/#breadcrumb\"},\"inLanguage\":\"fr-FR\",\"potentialAction\":[{\"@type\":\"ReadAction\",\"target\":[\"https:\/\/maisonecodistribution.com\/eboutique\/produit\/pigments-naturels\/\"]}]},{\"@type\":\"ImageObject\",\"inLanguage\":\"fr-FR\",\"@id\":\"https:\/\/maisonecodistribution.com\/eboutique\/produit\/pigments-naturels\/#primaryimage\",\"url\":\"https:\/\/maisonecodistribution.com\/eboutique\/wp-content\/uploads\/2024\/05\/38-fr.png\",\"contentUrl\":\"https:\/\/maisonecodistribution.com\/eboutique\/wp-content\/uploads\/2024\/05\/38-fr.png\",\"width\":270,\"height\":270},{\"@type\":\"BreadcrumbList\",\"@id\":\"https:\/\/maisonecodistribution.com\/eboutique\/produit\/pigments-naturels\/#breadcrumb\",\"itemListElement\":[{\"@type\":\"ListItem\",\"position\":1,\"name\":\"Home\",\"item\":\"https:\/\/maisonecodistribution.com\/eboutique\/\"},{\"@type\":\"ListItem\",\"position\":2,\"name\":\"CATALOGUE\",\"item\":\"https:\/\/maisonecodistribution.com\/eboutique\/catalogue\/\"},{\"@type\":\"ListItem\",\"position\":3,\"name\":\"Pigments naturels\"}]},{\"@type\":\"WebSite\",\"@id\":\"https:\/\/maisonecodistribution.com\/eboutique\/#website\",\"url\":\"https:\/\/maisonecodistribution.com\/eboutique\/\",\"name\":\"Maison \u00c9co Distribution\",\"description\":\"Tout pour un habitat sain\",\"publisher\":{\"@id\":\"https:\/\/maisonecodistribution.com\/eboutique\/#organization\"},\"potentialAction\":[{\"@type\":\"SearchAction\",\"target\":{\"@type\":\"EntryPoint\",\"urlTemplate\":\"https:\/\/maisonecodistribution.com\/eboutique\/?s={search_term_string}\"},\"query-input\":{\"@type\":\"PropertyValueSpecification\",\"valueRequired\":true,\"valueName\":\"search_term_string\"}}],\"inLanguage\":\"fr-FR\"},{\"@type\":\"Organization\",\"@id\":\"https:\/\/maisonecodistribution.com\/eboutique\/#organization\",\"name\":\"Maison \u00c9co Distribution\",\"url\":\"https:\/\/maisonecodistribution.com\/eboutique\/\",\"logo\":{\"@type\":\"ImageObject\",\"inLanguage\":\"fr-FR\",\"@id\":\"https:\/\/maisonecodistribution.com\/eboutique\/#\/schema\/logo\/image\/\",\"url\":\"https:\/\/maisonecodistribution.com\/eboutique\/wp-content\/uploads\/2024\/07\/logo-maison-eco-1.png\",\"contentUrl\":\"https:\/\/maisonecodistribution.com\/eboutique\/wp-content\/uploads\/2024\/07\/logo-maison-eco-1.png\",\"width\":300,\"height\":321,\"caption\":\"Maison \u00c9co Distribution\"},\"image\":{\"@id\":\"https:\/\/maisonecodistribution.com\/eboutique\/#\/schema\/logo\/image\/\"},\"sameAs\":[\"https:\/\/www.facebook.com\/maisonecodistribution\"]}]}<\/script>\n<meta property=\"og:availability\" content=\"instock\" \/>\n<meta property=\"product:availability\" content=\"instock\" \/>\n<meta property=\"product:condition\" content=\"new\" \/>\n<!-- \/ Yoast SEO plugin. -->","yoast_head_json":{"title":"Pigments naturels | Peinture \u00e9cologique | Maison \u00c9co Distribution","description":"Peinture min\u00e9rale universelle et \u00e9cologique, pr\u00eate \u00e0 l\u2019emploi, \u00e0 base d\u2019un double liant sol-silicate pour l\u2019int\u00e9rieur. Aspect mat velours.","robots":{"index":"index","follow":"follow","max-snippet":"max-snippet:-1","max-image-preview":"max-image-preview:large","max-video-preview":"max-video-preview:-1"},"canonical":"https:\/\/maisonecodistribution.com\/eboutique\/produit\/pigments-naturels\/","og_locale":"fr_FR","og_type":"article","og_title":"Pigments naturels | Peinture \u00e9cologique | Maison \u00c9co Distribution","og_description":"Peinture min\u00e9rale universelle et \u00e9cologique, pr\u00eate \u00e0 l\u2019emploi, \u00e0 base d\u2019un double liant sol-silicate pour l\u2019int\u00e9rieur. Aspect mat velours.","og_url":"https:\/\/maisonecodistribution.com\/eboutique\/produit\/pigments-naturels\/","og_site_name":"Maison \u00c9co Distribution","article_publisher":"https:\/\/www.facebook.com\/maisonecodistribution","article_modified_time":"2025-12-15T13:53:41+00:00","og_image":[{"width":270,"height":270,"url":"https:\/\/maisonecodistribution.com\/eboutique\/wp-content\/uploads\/2024\/05\/38-fr.png","type":"image\/png"}],"twitter_card":"summary_large_image","twitter_misc":{"Disponibilit\u00e9":"En stock"},"schema":{"@context":"https:\/\/schema.org","@graph":[{"@type":["WebPage","ItemPage"],"@id":"https:\/\/maisonecodistribution.com\/eboutique\/produit\/pigments-naturels\/","url":"https:\/\/maisonecodistribution.com\/eboutique\/produit\/pigments-naturels\/","name":"Pigments naturels | Peinture \u00e9cologique | Maison \u00c9co Distribution","isPartOf":{"@id":"https:\/\/maisonecodistribution.com\/eboutique\/#website"},"primaryImageOfPage":{"@id":"https:\/\/maisonecodistribution.com\/eboutique\/produit\/pigments-naturels\/#primaryimage"},"image":{"@id":"https:\/\/maisonecodistribution.com\/eboutique\/produit\/pigments-naturels\/#primaryimage"},"thumbnailUrl":"https:\/\/maisonecodistribution.com\/eboutique\/wp-content\/uploads\/2024\/05\/38-fr.png","datePublished":"2024-05-21T07:34:37+00:00","dateModified":"2025-12-15T13:53:41+00:00","description":"Peinture min\u00e9rale universelle et \u00e9cologique, pr\u00eate \u00e0 l\u2019emploi, \u00e0 base d\u2019un double liant sol-silicate pour l\u2019int\u00e9rieur. Aspect mat velours.","breadcrumb":{"@id":"https:\/\/maisonecodistribution.com\/eboutique\/produit\/pigments-naturels\/#breadcrumb"},"inLanguage":"fr-FR","potentialAction":[{"@type":"ReadAction","target":["https:\/\/maisonecodistribution.com\/eboutique\/produit\/pigments-naturels\/"]}]},{"@type":"ImageObject","inLanguage":"fr-FR","@id":"https:\/\/maisonecodistribution.com\/eboutique\/produit\/pigments-naturels\/#primaryimage","url":"https:\/\/maisonecodistribution.com\/eboutique\/wp-content\/uploads\/2024\/05\/38-fr.png","contentUrl":"https:\/\/maisonecodistribution.com\/eboutique\/wp-content\/uploads\/2024\/05\/38-fr.png","width":270,"height":270},{"@type":"BreadcrumbList","@id":"https:\/\/maisonecodistribution.com\/eboutique\/produit\/pigments-naturels\/#breadcrumb","itemListElement":[{"@type":"ListItem","position":1,"name":"Home","item":"https:\/\/maisonecodistribution.com\/eboutique\/"},{"@type":"ListItem","position":2,"name":"CATALOGUE","item":"https:\/\/maisonecodistribution.com\/eboutique\/catalogue\/"},{"@type":"ListItem","position":3,"name":"Pigments naturels"}]},{"@type":"WebSite","@id":"https:\/\/maisonecodistribution.com\/eboutique\/#website","url":"https:\/\/maisonecodistribution.com\/eboutique\/","name":"Maison \u00c9co Distribution","description":"Tout pour un habitat sain","publisher":{"@id":"https:\/\/maisonecodistribution.com\/eboutique\/#organization"},"potentialAction":[{"@type":"SearchAction","target":{"@type":"EntryPoint","urlTemplate":"https:\/\/maisonecodistribution.com\/eboutique\/?s={search_term_string}"},"query-input":{"@type":"PropertyValueSpecification","valueRequired":true,"valueName":"search_term_string"}}],"inLanguage":"fr-FR"},{"@type":"Organization","@id":"https:\/\/maisonecodistribution.com\/eboutique\/#organization","name":"Maison \u00c9co Distribution","url":"https:\/\/maisonecodistribution.com\/eboutique\/","logo":{"@type":"ImageObject","inLanguage":"fr-FR","@id":"https:\/\/maisonecodistribution.com\/eboutique\/#\/schema\/logo\/image\/","url":"https:\/\/maisonecodistribution.com\/eboutique\/wp-content\/uploads\/2024\/07\/logo-maison-eco-1.png","contentUrl":"https:\/\/maisonecodistribution.com\/eboutique\/wp-content\/uploads\/2024\/07\/logo-maison-eco-1.png","width":300,"height":321,"caption":"Maison \u00c9co Distribution"},"image":{"@id":"https:\/\/maisonecodistribution.com\/eboutique\/#\/schema\/logo\/image\/"},"sameAs":["https:\/\/www.facebook.com\/maisonecodistribution"]}]},"og_availability":"instock","product_availability":"instock","product_condition":"new"},"_links":{"self":[{"href":"https:\/\/maisonecodistribution.com\/eboutique\/wp-json\/wp\/v2\/product\/4154","targetHints":{"allow":["GET"]}}],"collection":[{"href":"https:\/\/maisonecodistribution.com\/eboutique\/wp-json\/wp\/v2\/product"}],"about":[{"href":"https:\/\/maisonecodistribution.com\/eboutique\/wp-json\/wp\/v2\/types\/product"}],"wp:featuredmedia":[{"embeddable":true,"href":"https:\/\/maisonecodistribution.com\/eboutique\/wp-json\/wp\/v2\/media\/4251"}],"wp:attachment":[{"href":"https:\/\/maisonecodistribution.com\/eboutique\/wp-json\/wp\/v2\/media?parent=4154"}],"wp:term":[{"taxonomy":"product_brand","embeddable":true,"href":"https:\/\/maisonecodistribution.com\/eboutique\/wp-json\/wp\/v2\/product_brand?post=4154"},{"taxonomy":"product_cat","embeddable":true,"href":"https:\/\/maisonecodistribution.com\/eboutique\/wp-json\/wp\/v2\/product_cat?post=4154"},{"taxonomy":"product_tag","embeddable":true,"href":"https:\/\/maisonecodistribution.com\/eboutique\/wp-json\/wp\/v2\/product_tag?post=4154"}],"curies":[{"name":"wp","href":"https:\/\/api.w.org\/{rel}","templated":true}]}}