{"id":4088,"date":"2024-04-16T15:44:16","date_gmt":"2024-04-16T13:44:16","guid":{"rendered":"https:\/\/maisonecodistribution.com\/eboutique\/?post_type=product&#038;p=4088"},"modified":"2025-10-17T11:10:27","modified_gmt":"2025-10-17T09:10:27","slug":"perloleo-oleobois","status":"publish","type":"product","link":"https:\/\/maisonecodistribution.com\/eboutique\/produit\/perloleo-oleobois\/","title":{"rendered":"PERLOLEO Plan de travail"},"content":{"rendered":"<h5><strong>PERLO<\/strong>l\u00e9o<strong>\u00a0<em>Plan de travail\u00a0<\/em><\/strong>convient parfaitement pour les bois d&rsquo;int\u00e9rieur tels que :<\/h5>\n<ul>\n<li>les tours de vasque de salle de bain,<\/li>\n<li>les plans de travail de cuisine,<\/li>\n<li>les tables et chaises,<\/li>\n<li>les accessoires de cuisine et de salle de bain.<\/li>\n<\/ul>\n<h5>Caract\u00e9ristiques techniques :<\/h5>\n<ul>\n<li>aspect naturel,<\/li>\n<li>rendu mat,<\/li>\n<li>hydrofuge \u00e0 effet perlant,<\/li>\n<li>protection anti-taches,<\/li>\n<li>odeur bois\u00e9e s&rsquo;att\u00e9nuant rapidement,<\/li>\n<li>nourrit et prot\u00e8ge en profondeur,<\/li>\n<li>action longue dur\u00e9e,<\/li>\n<li>am\u00e9liore la stabilit\u00e9 dimensionnelle,<\/li>\n<li>redonne l&rsquo;\u00e9clat d&rsquo;origine,<\/li>\n<li>entretien facile et \u00e9conomique,<\/li>\n<li>ne s&rsquo;\u00e9caille pas.<\/li>\n<\/ul>\n<h5>Caract\u00e9ristiques environnementales :<\/h5>\n<p>Cette huile est formul\u00e9e :<\/p>\n<ul>\n<li>avec des mati\u00e8res premi\u00e8res d&rsquo;origine renouvelable,<\/li>\n<li>sans COV (Compos\u00e9 Organique Volatil ayant un impact direct sur la sant\u00e9),<\/li>\n<li>sans solvant d&rsquo;origine p\u00e9trochimique (isoparafinique, naphta lourd, l\u00e9ger, hydrotrait\u00e9&#8230;),<\/li>\n<li>sans solvant d&rsquo;origine v\u00e9g\u00e9tale (essence de t\u00e9r\u00e9benthine, terp\u00e8nes d&rsquo;agrumes&#8230;),<\/li>\n<li>sans siccatif \u00e0 base de plomb, de zirconium,<\/li>\n<li>sans anti-UV chimique.<\/li>\n<\/ul>\n<p>Cette huile est non nocive pour la sant\u00e9 humaine et l&rsquo;environnement. Elle r\u00e9pond \u00e0 la norme jouet EN71-3.<\/p>\n<h5>Composition :<\/h5>\n<ul>\n<li>huile de lin premi\u00e8re pression \u00e0 froid,<\/li>\n<li>huile de lin cuite,<\/li>\n<li>huile d&rsquo;abrasin (huile de tung, de bois de chine),<\/li>\n<li>ester d&rsquo;huiles v\u00e9g\u00e9tales insatur\u00e9es.<\/li>\n<\/ul>\n<h5>Conseils d&rsquo;utilisation :<\/h5>\n<p>Un entretien courant de votre bois huil\u00e9 permettra de garantir dans le temps votre protection huil\u00e9e.<\/p>\n<ul>\n<li>L&rsquo;utilisation de la\u00a0<a href=\"https:\/\/www.oleobois.com\/1096-waxoleo-classic-cire-incolore-pour-bois.html\">cire v\u00e9g\u00e9tale WAXOl\u00e9o<\/a> permet de prolonger l&rsquo;efficacit\u00e9 des huiles PERLOl\u00e9o.<\/li>\n<\/ul>\n<h5>Application :<\/h5>\n<p>Pour une meilleure protection de votre bois, utiliser pr\u00e9alablement un <a href=\"https:\/\/www.oleobois.com\/65-primaires-d-accrochage-bois\/\">primaire pour bois.<\/a><\/p>\n<ul>\n<li>Bien agiter avant emploi,<\/li>\n<li>Appliquez\u00a0<strong>PERLO<\/strong>l\u00e9o\u00a0sur une surface propre, s\u00e8che et lisse (poncez au pr\u00e9alable si n\u00e9cessaire) \u00e0 l&rsquo;aide d&rsquo;un pinceau,<\/li>\n<li>Laisser p\u00e9n\u00e9trer l&rsquo;huile 20 minutes \u00e0 l&rsquo;abri du soleil,<\/li>\n<li>Essuyez le surplus avec un chiffon propre et sec,<\/li>\n<li>Mouiller les chiffons avant de les jeter,<\/li>\n<li>Appliquer une seconde passe 12 heures minimum apr\u00e8s la premi\u00e8re,<\/li>\n<li>Laisser s\u00e9cher 24h\/48h au minimum avant mise en service.<\/li>\n<\/ul>\n<h5>S\u00e9chage :<\/h5>\n<p>Sec au toucher en 24h, \u00e0 coeur en 1 semaine.<br \/>\nSur bois tanniques, le s\u00e9chage de l&rsquo;huile est retard\u00e9.<\/p>\n<h5>Rendement :<\/h5>\n<p>Un bidon de 1L couvre entre 10 et 15m\u00b2 de bois.<\/p>\n<div class=\"page\" title=\"Page 2\">\n<div class=\"section\">\n<div class=\"layoutArea\">\n<div class=\"column\">\n<div  class='tabcontainer av-w1a2s-421fcc50b6ad35202a86b6fd3e7b11b1 top_tab  avia-builder-el-0  avia-builder-el-no-sibling '>\n<section class='av_tab_section av_tab_section av-raeuc-3ca0ff038ff76ed26b9240b8bb3516e9'  itemscope=\"itemscope\" itemtype=\"https:\/\/schema.org\/CreativeWork\" ><div id='tab-id-1-tab' class='tab active_tab' role='tab' aria-selected=\"true\" tabindex=\"0\" data-fake-id='#tab-id-1' aria-controls='tab-id-1-content'  itemprop=\"headline\" ><span class='tab_icon avia-iconfont avia-font-entypo-fontello' data-av_icon='\ue84b' data-av_iconfont='entypo-fontello' ><\/span>Fiches Techniques<\/div><div id='tab-id-1-content' class='tab_content active_tab_content' role='tabpanel' aria-labelledby='tab-id-1-tab' aria-hidden=\"false\"><div class='tab_inner_content invers-color'  itemprop=\"text\" ><div  class='avia-button-wrap av-igylo-bf388c15daf584d26ef456cd250561bc-wrap avia-button-left  avia-builder-el-1  avia-builder-el-no-sibling '><a href='https:\/\/maisonecodistribution.com\/eboutique\/wp-content\/uploads\/2024\/04\/FT-PERLOleo_2017.pdf'  class='avia-button av-igylo-bf388c15daf584d26ef456cd250561bc av-link-btn avia-icon_select-yes-left-icon avia-size-small avia-position-left av-icon-on-hover avia-color-theme-color'  target=\"_blank\"  rel=\"noopener noreferrer\"  aria-label=\"T\u00e9l\u00e9charger la fiche technique (PDF)\"><span class='avia_button_icon avia_button_icon_left avia-iconfont avia-font-entypo-fontello' data-av_icon='\ue82d' data-av_iconfont='entypo-fontello' ><\/span><span class='avia_iconbox_title' >T\u00e9l\u00e9charger la fiche technique (PDF)<\/span><\/a><\/div>\n<\/div><\/div><\/section>\n<section class='av_tab_section av_tab_section av-f3tho-673245044c8cd2155e38098f98d96955'  itemscope=\"itemscope\" itemtype=\"https:\/\/schema.org\/CreativeWork\" ><div id='tab-id-2-tab' class='tab' role='tab' aria-selected=\"false\" tabindex=\"0\" data-fake-id='#tab-id-2' aria-controls='tab-id-2-content'  itemprop=\"headline\" ><span class='tab_icon avia-iconfont avia-font-entypo-fontello' data-av_icon='\ue81f' data-av_iconfont='entypo-fontello' ><\/span>\u00c0 propos de la marque<\/div><div id='tab-id-2-content' class='tab_content' role='tabpanel' aria-labelledby='tab-id-2-tab' aria-hidden=\"true\"><div class='tab_inner_content invers-color'  itemprop=\"text\" ><p><img loading=\"lazy\" decoding=\"async\" class=\"alignleft wp-image-2024 \" src=\"https:\/\/maisonecodistribution.fr\/wp-content\/uploads\/2020\/06\/oleobois-logo-1454411200.jpg\" alt=\"\" width=\"211\" height=\"58\" srcset=\"https:\/\/maisonecodistribution.com\/eboutique\/wp-content\/uploads\/2020\/06\/oleobois-logo-1454411200.jpg 500w, https:\/\/maisonecodistribution.com\/eboutique\/wp-content\/uploads\/2020\/06\/oleobois-logo-1454411200-300x83.jpg 300w, https:\/\/maisonecodistribution.com\/eboutique\/wp-content\/uploads\/2020\/06\/oleobois-logo-1454411200-495x138.jpg 495w\" sizes=\"auto, (max-width: 211px) 100vw, 211px\" \/><\/p>\n<div class=\"page\" title=\"Page 2\">\n<div class=\"section\">\n<div class=\"layoutArea\">\n<div class=\"column\">\n<p>Prote\u0301ger et embellir les bois dans les inte\u0301rieurs et en exte\u0301rieur en respectant la sante\u0301 et l&rsquo;environnement&#8230;C&rsquo;est le pari re\u0301ussi d&rsquo;OLEOBOIS qui, depuis 2004, de\u0301veloppe une gamme de solutions parfaitement e\u0301tudie\u0301es pour re\u0301pondre a\u0300 cette double exigence tout en garantissant des re\u0301sultats durables et esthe\u0301tiques. Chaque produit de la gamme Pro est formule\u0301 a\u0300 partir des huiles et des compose\u0301s les plus efficaces de la gamme Tradi.<\/p>\n<\/div>\n<\/div>\n<\/div>\n<\/div>\n<\/div><\/div><\/section>\n<section class='av_tab_section av_tab_section av-a4nn8-51255d398f2397d9e0b34ca3e4c5aa18'  itemscope=\"itemscope\" itemtype=\"https:\/\/schema.org\/CreativeWork\" ><div id='tab-id-3-tab' class='tab' role='tab' aria-selected=\"false\" tabindex=\"0\" data-fake-id='#tab-id-3' aria-controls='tab-id-3-content'  itemprop=\"headline\" ><span class='tab_icon avia-iconfont avia-font-entypo-fontello' data-av_icon='\ue817' data-av_iconfont='entypo-fontello' ><\/span>Plus d\u2019informations <\/div><div id='tab-id-3-content' class='tab_content' role='tabpanel' aria-labelledby='tab-id-3-tab' aria-hidden=\"true\"><div class='tab_inner_content invers-color'  itemprop=\"text\" ><table>\n<tbody>\n<tr>\n<td width=\"255\"><strong>PRODUIT<\/strong><\/td>\n<td style=\"text-align: center;\" width=\"181\"><strong>Conditionnement<\/strong><\/td>\n<td style=\"text-align: center;\" width=\"181\"><strong>Prix HT\/unit\u00e9<\/strong><\/td>\n<td style=\"text-align: center;\" width=\"181\"><strong>Prix TTC\/unit\u00e9<\/strong><\/td>\n<\/tr>\n<tr>\n<td width=\"255\">PERLOl\u00e9o Plan de travail<\/td>\n<td style=\"text-align: center;\" width=\"181\">500 ml<\/td>\n<td style=\"text-align: center;\" width=\"181\">20,53 \u20ac<\/td>\n<td style=\"text-align: center;\" width=\"181\">24,63 \u20ac<\/td>\n<\/tr>\n<tr>\n<td width=\"255\">PERLOl\u00e9o Plan de travail<\/td>\n<td style=\"text-align: center;\" width=\"181\">1 L<\/td>\n<td style=\"text-align: center;\" width=\"181\">29,08 \u20ac<\/td>\n<td style=\"text-align: center;\" width=\"181\">34,90 \u20ac<\/td>\n<\/tr>\n<\/tbody>\n<\/table>\n<\/div><\/div><\/section>\n<\/div>\n<\/div>\n<\/div>\n<\/div>\n<\/div>\n","protected":false},"excerpt":{"rendered":"<div class=\"page\" title=\"Page 2\">\n<div class=\"section\">\n<div class=\"layoutArea\">\n<div class=\"column\">\n<p>Sp\u00e9cialement adapt\u00e9e \u00e0 la protection des bois d&rsquo;int\u00e9rieur (salle de bain et cuisine), l&rsquo;huile de finition\u00a0<strong>PERLO<\/strong>l\u00e9o<strong><em>\u00a0Plan de travail<\/em>\u00a0<\/strong>contient essentiellement des compos\u00e9s d&rsquo;origine v\u00e9g\u00e9tale.<\/p>\n<p>Huiles v\u00e9g\u00e9tales, d\u00e9riv\u00e9s ol\u00e9agineux et adjuvants naturels ont \u00e9t\u00e9 s\u00e9lectionn\u00e9s et retenus pour leur fluidit\u00e9 et leurs propri\u00e9t\u00e9s hydrophobe et olfactive.<\/p>\n<\/div>\n<\/div>\n<div class=\"layoutArea\">\n<div class=\"column\">\n<p>&nbsp;<\/p>\n<\/div>\n<\/div>\n<\/div>\n<\/div>\n","protected":false},"featured_media":4089,"template":"","meta":[],"product_brand":[],"product_cat":[2597,18,38,1654,34],"product_tag":[],"class_list":{"0":"post-4088","1":"product","2":"type-product","3":"status-publish","4":"has-post-thumbnail","6":"product_cat-oleobois","7":"product_cat-decoration-finition","8":"product_cat-protection-bois-et-autres-surfaces","9":"product_cat-grosoeuvre-bois","10":"product_cat-finitions-exterieures-bois","12":"first","13":"instock","14":"taxable","15":"shipping-taxable","16":"purchasable","17":"product-type-variable"},"yoast_head":"<!-- This site is optimized with the Yoast SEO plugin v25.1 - https:\/\/yoast.com\/wordpress\/plugins\/seo\/ -->\n<title>PERLOLEO Plan de travail | Protection \u00e9cologique du bois | Maison \u00c9co Distribution<\/title>\n<meta name=\"description\" content=\"NOVO PRO Nature est un saturateur naturel pour les bois d&#039;ext\u00e9rieur. Il les prot\u00e8ge des intempe\u0301ries, met en valeur le veinage et apporte un ton miel.\" \/>\n<meta name=\"robots\" content=\"index, follow, max-snippet:-1, max-image-preview:large, max-video-preview:-1\" \/>\n<link rel=\"canonical\" href=\"https:\/\/maisonecodistribution.com\/eboutique\/produit\/perloleo-oleobois\/\" \/>\n<meta property=\"og:locale\" content=\"fr_FR\" \/>\n<meta property=\"og:type\" content=\"article\" \/>\n<meta property=\"og:title\" content=\"PERLOLEO Plan de travail | Protection \u00e9cologique du bois | Maison \u00c9co Distribution\" \/>\n<meta property=\"og:description\" content=\"NOVO PRO Nature est un saturateur naturel pour les bois d&#039;ext\u00e9rieur. Il les prot\u00e8ge des intempe\u0301ries, met en valeur le veinage et apporte un ton miel.\" \/>\n<meta property=\"og:url\" content=\"https:\/\/maisonecodistribution.com\/eboutique\/produit\/perloleo-oleobois\/\" \/>\n<meta property=\"og:site_name\" content=\"Maison \u00c9co Distribution\" \/>\n<meta property=\"article:publisher\" content=\"https:\/\/www.facebook.com\/maisonecodistribution\" \/>\n<meta property=\"article:modified_time\" content=\"2025-10-17T09:10:27+00:00\" \/>\n<meta property=\"og:image\" content=\"https:\/\/maisonecodistribution.com\/eboutique\/wp-content\/uploads\/2024\/04\/perloleo-plan-de-travail-huile-dure-naturelle-de-protection-du-bois.jpg\" \/>\n\t<meta property=\"og:image:width\" content=\"800\" \/>\n\t<meta property=\"og:image:height\" content=\"800\" \/>\n\t<meta property=\"og:image:type\" content=\"image\/jpeg\" \/>\n<meta name=\"twitter:card\" content=\"summary_large_image\" \/>\n<meta name=\"twitter:label1\" content=\"Disponibilit\u00e9\" \/>\n\t<meta name=\"twitter:data1\" content=\"En stock\" \/>\n<script type=\"application\/ld+json\" class=\"yoast-schema-graph\">{\"@context\":\"https:\/\/schema.org\",\"@graph\":[{\"@type\":[\"WebPage\",\"ItemPage\"],\"@id\":\"https:\/\/maisonecodistribution.com\/eboutique\/produit\/perloleo-oleobois\/\",\"url\":\"https:\/\/maisonecodistribution.com\/eboutique\/produit\/perloleo-oleobois\/\",\"name\":\"PERLOLEO Plan de travail | Protection \u00e9cologique du bois | Maison \u00c9co Distribution\",\"isPartOf\":{\"@id\":\"https:\/\/maisonecodistribution.com\/eboutique\/#website\"},\"primaryImageOfPage\":{\"@id\":\"https:\/\/maisonecodistribution.com\/eboutique\/produit\/perloleo-oleobois\/#primaryimage\"},\"image\":{\"@id\":\"https:\/\/maisonecodistribution.com\/eboutique\/produit\/perloleo-oleobois\/#primaryimage\"},\"thumbnailUrl\":\"https:\/\/maisonecodistribution.com\/eboutique\/wp-content\/uploads\/2024\/04\/perloleo-plan-de-travail-huile-dure-naturelle-de-protection-du-bois.jpg\",\"datePublished\":\"2024-04-16T13:44:16+00:00\",\"dateModified\":\"2025-10-17T09:10:27+00:00\",\"description\":\"NOVO PRO Nature est un saturateur naturel pour les bois d'ext\u00e9rieur. Il les prot\u00e8ge des intempe\u0301ries, met en valeur le veinage et apporte un ton miel.\",\"breadcrumb\":{\"@id\":\"https:\/\/maisonecodistribution.com\/eboutique\/produit\/perloleo-oleobois\/#breadcrumb\"},\"inLanguage\":\"fr-FR\",\"potentialAction\":[{\"@type\":\"ReadAction\",\"target\":[\"https:\/\/maisonecodistribution.com\/eboutique\/produit\/perloleo-oleobois\/\"]}]},{\"@type\":\"ImageObject\",\"inLanguage\":\"fr-FR\",\"@id\":\"https:\/\/maisonecodistribution.com\/eboutique\/produit\/perloleo-oleobois\/#primaryimage\",\"url\":\"https:\/\/maisonecodistribution.com\/eboutique\/wp-content\/uploads\/2024\/04\/perloleo-plan-de-travail-huile-dure-naturelle-de-protection-du-bois.jpg\",\"contentUrl\":\"https:\/\/maisonecodistribution.com\/eboutique\/wp-content\/uploads\/2024\/04\/perloleo-plan-de-travail-huile-dure-naturelle-de-protection-du-bois.jpg\",\"width\":800,\"height\":800},{\"@type\":\"BreadcrumbList\",\"@id\":\"https:\/\/maisonecodistribution.com\/eboutique\/produit\/perloleo-oleobois\/#breadcrumb\",\"itemListElement\":[{\"@type\":\"ListItem\",\"position\":1,\"name\":\"Home\",\"item\":\"https:\/\/maisonecodistribution.com\/eboutique\/\"},{\"@type\":\"ListItem\",\"position\":2,\"name\":\"CATALOGUE\",\"item\":\"https:\/\/maisonecodistribution.com\/eboutique\/catalogue\/\"},{\"@type\":\"ListItem\",\"position\":3,\"name\":\"PERLOLEO Plan de travail\"}]},{\"@type\":\"WebSite\",\"@id\":\"https:\/\/maisonecodistribution.com\/eboutique\/#website\",\"url\":\"https:\/\/maisonecodistribution.com\/eboutique\/\",\"name\":\"Maison \u00c9co Distribution\",\"description\":\"Tout pour un habitat sain\",\"publisher\":{\"@id\":\"https:\/\/maisonecodistribution.com\/eboutique\/#organization\"},\"potentialAction\":[{\"@type\":\"SearchAction\",\"target\":{\"@type\":\"EntryPoint\",\"urlTemplate\":\"https:\/\/maisonecodistribution.com\/eboutique\/?s={search_term_string}\"},\"query-input\":{\"@type\":\"PropertyValueSpecification\",\"valueRequired\":true,\"valueName\":\"search_term_string\"}}],\"inLanguage\":\"fr-FR\"},{\"@type\":\"Organization\",\"@id\":\"https:\/\/maisonecodistribution.com\/eboutique\/#organization\",\"name\":\"Maison \u00c9co Distribution\",\"url\":\"https:\/\/maisonecodistribution.com\/eboutique\/\",\"logo\":{\"@type\":\"ImageObject\",\"inLanguage\":\"fr-FR\",\"@id\":\"https:\/\/maisonecodistribution.com\/eboutique\/#\/schema\/logo\/image\/\",\"url\":\"https:\/\/maisonecodistribution.com\/eboutique\/wp-content\/uploads\/2024\/07\/logo-maison-eco-1.png\",\"contentUrl\":\"https:\/\/maisonecodistribution.com\/eboutique\/wp-content\/uploads\/2024\/07\/logo-maison-eco-1.png\",\"width\":300,\"height\":321,\"caption\":\"Maison \u00c9co Distribution\"},\"image\":{\"@id\":\"https:\/\/maisonecodistribution.com\/eboutique\/#\/schema\/logo\/image\/\"},\"sameAs\":[\"https:\/\/www.facebook.com\/maisonecodistribution\"]}]}<\/script>\n<meta property=\"og:availability\" content=\"instock\" \/>\n<meta property=\"product:availability\" content=\"instock\" \/>\n<meta property=\"product:condition\" content=\"new\" \/>\n<!-- \/ Yoast SEO plugin. -->","yoast_head_json":{"title":"PERLOLEO Plan de travail | Protection \u00e9cologique du bois | Maison \u00c9co Distribution","description":"NOVO PRO Nature est un saturateur naturel pour les bois d'ext\u00e9rieur. Il les prot\u00e8ge des intempe\u0301ries, met en valeur le veinage et apporte un ton miel.","robots":{"index":"index","follow":"follow","max-snippet":"max-snippet:-1","max-image-preview":"max-image-preview:large","max-video-preview":"max-video-preview:-1"},"canonical":"https:\/\/maisonecodistribution.com\/eboutique\/produit\/perloleo-oleobois\/","og_locale":"fr_FR","og_type":"article","og_title":"PERLOLEO Plan de travail | Protection \u00e9cologique du bois | Maison \u00c9co Distribution","og_description":"NOVO PRO Nature est un saturateur naturel pour les bois d'ext\u00e9rieur. Il les prot\u00e8ge des intempe\u0301ries, met en valeur le veinage et apporte un ton miel.","og_url":"https:\/\/maisonecodistribution.com\/eboutique\/produit\/perloleo-oleobois\/","og_site_name":"Maison \u00c9co Distribution","article_publisher":"https:\/\/www.facebook.com\/maisonecodistribution","article_modified_time":"2025-10-17T09:10:27+00:00","og_image":[{"width":800,"height":800,"url":"https:\/\/maisonecodistribution.com\/eboutique\/wp-content\/uploads\/2024\/04\/perloleo-plan-de-travail-huile-dure-naturelle-de-protection-du-bois.jpg","type":"image\/jpeg"}],"twitter_card":"summary_large_image","twitter_misc":{"Disponibilit\u00e9":"En stock"},"schema":{"@context":"https:\/\/schema.org","@graph":[{"@type":["WebPage","ItemPage"],"@id":"https:\/\/maisonecodistribution.com\/eboutique\/produit\/perloleo-oleobois\/","url":"https:\/\/maisonecodistribution.com\/eboutique\/produit\/perloleo-oleobois\/","name":"PERLOLEO Plan de travail | Protection \u00e9cologique du bois | Maison \u00c9co Distribution","isPartOf":{"@id":"https:\/\/maisonecodistribution.com\/eboutique\/#website"},"primaryImageOfPage":{"@id":"https:\/\/maisonecodistribution.com\/eboutique\/produit\/perloleo-oleobois\/#primaryimage"},"image":{"@id":"https:\/\/maisonecodistribution.com\/eboutique\/produit\/perloleo-oleobois\/#primaryimage"},"thumbnailUrl":"https:\/\/maisonecodistribution.com\/eboutique\/wp-content\/uploads\/2024\/04\/perloleo-plan-de-travail-huile-dure-naturelle-de-protection-du-bois.jpg","datePublished":"2024-04-16T13:44:16+00:00","dateModified":"2025-10-17T09:10:27+00:00","description":"NOVO PRO Nature est un saturateur naturel pour les bois d'ext\u00e9rieur. Il les prot\u00e8ge des intempe\u0301ries, met en valeur le veinage et apporte un ton miel.","breadcrumb":{"@id":"https:\/\/maisonecodistribution.com\/eboutique\/produit\/perloleo-oleobois\/#breadcrumb"},"inLanguage":"fr-FR","potentialAction":[{"@type":"ReadAction","target":["https:\/\/maisonecodistribution.com\/eboutique\/produit\/perloleo-oleobois\/"]}]},{"@type":"ImageObject","inLanguage":"fr-FR","@id":"https:\/\/maisonecodistribution.com\/eboutique\/produit\/perloleo-oleobois\/#primaryimage","url":"https:\/\/maisonecodistribution.com\/eboutique\/wp-content\/uploads\/2024\/04\/perloleo-plan-de-travail-huile-dure-naturelle-de-protection-du-bois.jpg","contentUrl":"https:\/\/maisonecodistribution.com\/eboutique\/wp-content\/uploads\/2024\/04\/perloleo-plan-de-travail-huile-dure-naturelle-de-protection-du-bois.jpg","width":800,"height":800},{"@type":"BreadcrumbList","@id":"https:\/\/maisonecodistribution.com\/eboutique\/produit\/perloleo-oleobois\/#breadcrumb","itemListElement":[{"@type":"ListItem","position":1,"name":"Home","item":"https:\/\/maisonecodistribution.com\/eboutique\/"},{"@type":"ListItem","position":2,"name":"CATALOGUE","item":"https:\/\/maisonecodistribution.com\/eboutique\/catalogue\/"},{"@type":"ListItem","position":3,"name":"PERLOLEO Plan de travail"}]},{"@type":"WebSite","@id":"https:\/\/maisonecodistribution.com\/eboutique\/#website","url":"https:\/\/maisonecodistribution.com\/eboutique\/","name":"Maison \u00c9co Distribution","description":"Tout pour un habitat sain","publisher":{"@id":"https:\/\/maisonecodistribution.com\/eboutique\/#organization"},"potentialAction":[{"@type":"SearchAction","target":{"@type":"EntryPoint","urlTemplate":"https:\/\/maisonecodistribution.com\/eboutique\/?s={search_term_string}"},"query-input":{"@type":"PropertyValueSpecification","valueRequired":true,"valueName":"search_term_string"}}],"inLanguage":"fr-FR"},{"@type":"Organization","@id":"https:\/\/maisonecodistribution.com\/eboutique\/#organization","name":"Maison \u00c9co Distribution","url":"https:\/\/maisonecodistribution.com\/eboutique\/","logo":{"@type":"ImageObject","inLanguage":"fr-FR","@id":"https:\/\/maisonecodistribution.com\/eboutique\/#\/schema\/logo\/image\/","url":"https:\/\/maisonecodistribution.com\/eboutique\/wp-content\/uploads\/2024\/07\/logo-maison-eco-1.png","contentUrl":"https:\/\/maisonecodistribution.com\/eboutique\/wp-content\/uploads\/2024\/07\/logo-maison-eco-1.png","width":300,"height":321,"caption":"Maison \u00c9co Distribution"},"image":{"@id":"https:\/\/maisonecodistribution.com\/eboutique\/#\/schema\/logo\/image\/"},"sameAs":["https:\/\/www.facebook.com\/maisonecodistribution"]}]},"og_availability":"instock","product_availability":"instock","product_condition":"new"},"_links":{"self":[{"href":"https:\/\/maisonecodistribution.com\/eboutique\/wp-json\/wp\/v2\/product\/4088","targetHints":{"allow":["GET"]}}],"collection":[{"href":"https:\/\/maisonecodistribution.com\/eboutique\/wp-json\/wp\/v2\/product"}],"about":[{"href":"https:\/\/maisonecodistribution.com\/eboutique\/wp-json\/wp\/v2\/types\/product"}],"wp:featuredmedia":[{"embeddable":true,"href":"https:\/\/maisonecodistribution.com\/eboutique\/wp-json\/wp\/v2\/media\/4089"}],"wp:attachment":[{"href":"https:\/\/maisonecodistribution.com\/eboutique\/wp-json\/wp\/v2\/media?parent=4088"}],"wp:term":[{"taxonomy":"product_brand","embeddable":true,"href":"https:\/\/maisonecodistribution.com\/eboutique\/wp-json\/wp\/v2\/product_brand?post=4088"},{"taxonomy":"product_cat","embeddable":true,"href":"https:\/\/maisonecodistribution.com\/eboutique\/wp-json\/wp\/v2\/product_cat?post=4088"},{"taxonomy":"product_tag","embeddable":true,"href":"https:\/\/maisonecodistribution.com\/eboutique\/wp-json\/wp\/v2\/product_tag?post=4088"}],"curies":[{"name":"wp","href":"https:\/\/api.w.org\/{rel}","templated":true}]}}