{"id":4086,"date":"2024-04-16T11:37:44","date_gmt":"2024-04-16T09:37:44","guid":{"rendered":"https:\/\/maisonecodistribution.com\/eboutique\/?post_type=product&#038;p=4086"},"modified":"2025-08-07T09:03:06","modified_gmt":"2025-08-07T07:03:06","slug":"waxoleo-oleobois","status":"publish","type":"product","link":"https:\/\/maisonecodistribution.com\/eboutique\/produit\/waxoleo-oleobois\/","title":{"rendered":"WAXOLEO cire"},"content":{"rendered":"<h5>WAXOl\u00e9o &#8211; Cire v\u00e9g\u00e9tale<\/h5>\n<p>WAXOl\u00e9o Classic est une cire v\u00e9g\u00e9tale destin\u00e9e aux meubles et plans de travail en bois. Elle permet d&rsquo;entretenir efficacement les bois d\u00e9j\u00e0 huil\u00e9s. Cette cire s\u00e8che tr\u00e8s vite et est tr\u00e8s simple d&rsquo;utilisation. Elle conf\u00e8re au bois un aspect satin\u00e9 et un toucher soyeux.<\/p>\n<p>Waxol\u00e9o Classic peut aussi \u00eatre utilis\u00e9e pour la protection de meubles en bois brut peu soumis aux projections d&rsquo;eau.<\/p>\n<p>Cette cire est en forme de gel et s&rsquo;applique sur toutes les essences de bois. Elle est id\u00e9ale pour les bois int\u00e9rieur, les meubles, les plans de travail etc&#8230;<\/p>\n<h5>Type de support :<\/h5>\n<ul>\n<li>bois huil\u00e9s et bois bruts,<\/li>\n<li>plan de travail, mobilier d\u2019int\u00e9rieur.<\/li>\n<\/ul>\n<h5>Composition :<\/h5>\n<ul>\n<li>cire d&rsquo;abeille,<\/li>\n<li>cire de carnauba,<\/li>\n<li>\u00e9mulsifiant aux acides gras naturels,<\/li>\n<li>eau.<\/li>\n<\/ul>\n<h5>Application :<\/h5>\n<p>Il est imp\u00e9ratif de l&rsquo;appliquer sur un support propre et sain :<\/p>\n<ul>\n<li>Agiter vigoureusement avant utilisation,<\/li>\n<li>Avec un pinceau, appliquer la cire dans le sens des fibres du bois de fa\u00e7on r\u00e9guli\u00e8re,<\/li>\n<li>Avant que la cire ne s\u00e8che, il faut obtenir un rendu homog\u00e8ne,<\/li>\n<li>S\u00e9chage pendant 30 minutes,<\/li>\n<li>D\u00e8s que la cire est s\u00e8che, terminer en lustrant avec un chiffon propre,<\/li>\n<li>Si le bois n&rsquo;est pas huil\u00e9 ou si son \u00e9tat de surface est rugueux, il peut \u00eatre n\u00e9cessaire d&rsquo;appliquer plusieurs couches.<\/li>\n<\/ul>\n<h5>Avantages :<\/h5>\n<ul>\n<li>imperm\u00e9abilise,<\/li>\n<li>prot\u00e8ge des t\u00e2ches,<\/li>\n<li>rendu mat \u00e0 satin\u00e9,<\/li>\n<li>gel applicable au pinceau ou avec un chiffon,<\/li>\n<li>s\u00e8che tr\u00e8s vite,<\/li>\n<li>entretien\u00a0express,<\/li>\n<li>produit naturel,<\/li>\n<li>bonne odeur.<\/li>\n<\/ul>\n<h5>Entretien :<\/h5>\n<h5>Selon le support et ses sollicitations, la fr\u00e9quence d&rsquo;entretien peut varier de 3 \u00e0 6 mois.<\/h5>\n<p><strong>Rendement :<\/strong> Il faut 0,5 litre de cire pour 2 \u00e0 4 m\u00b2 de plan de travail.<\/p>\n<p>&nbsp;<\/p>\n<div class=\"page\" title=\"Page 2\">\n<div class=\"section\">\n<div class=\"layoutArea\">\n<div class=\"column\">\n<div  class='tabcontainer av-w1a2s-421fcc50b6ad35202a86b6fd3e7b11b1 top_tab  avia-builder-el-0  avia-builder-el-no-sibling '>\n<section class='av_tab_section av_tab_section av-f3tho-673245044c8cd2155e38098f98d96955'  itemscope=\"itemscope\" itemtype=\"https:\/\/schema.org\/CreativeWork\" ><div id='tab-id-1-tab' class='tab active_tab' role='tab' aria-selected=\"true\" tabindex=\"0\" data-fake-id='#tab-id-1' aria-controls='tab-id-1-content'  itemprop=\"headline\" ><span class='tab_icon avia-iconfont avia-font-entypo-fontello' data-av_icon='\ue81f' data-av_iconfont='entypo-fontello' ><\/span>\u00c0 propos de la marque<\/div><div id='tab-id-1-content' class='tab_content active_tab_content' role='tabpanel' aria-labelledby='tab-id-1-tab' aria-hidden=\"false\"><div class='tab_inner_content invers-color'  itemprop=\"text\" ><p><img loading=\"lazy\" decoding=\"async\" class=\"alignleft wp-image-2024 \" src=\"https:\/\/maisonecodistribution.fr\/wp-content\/uploads\/2020\/06\/oleobois-logo-1454411200.jpg\" alt=\"\" width=\"211\" height=\"58\" srcset=\"https:\/\/maisonecodistribution.com\/eboutique\/wp-content\/uploads\/2020\/06\/oleobois-logo-1454411200.jpg 500w, https:\/\/maisonecodistribution.com\/eboutique\/wp-content\/uploads\/2020\/06\/oleobois-logo-1454411200-300x83.jpg 300w, https:\/\/maisonecodistribution.com\/eboutique\/wp-content\/uploads\/2020\/06\/oleobois-logo-1454411200-495x138.jpg 495w\" sizes=\"auto, (max-width: 211px) 100vw, 211px\" \/><\/p>\n<div class=\"page\" title=\"Page 2\">\n<div class=\"section\">\n<div class=\"layoutArea\">\n<div class=\"column\">\n<p>Prote\u0301ger et embellir les bois dans les inte\u0301rieurs et en exte\u0301rieur en respectant la sante\u0301 et l&rsquo;environnement&#8230;C&rsquo;est le pari re\u0301ussi d&rsquo;OLEOBOIS qui, depuis 2004, de\u0301veloppe une gamme de solutions parfaitement e\u0301tudie\u0301es pour re\u0301pondre a\u0300 cette double exigence tout en garantissant des re\u0301sultats durables et esthe\u0301tiques. Chaque produit de la gamme Pro est formule\u0301 a\u0300 partir des huiles et des compose\u0301s les plus efficaces de la gamme Tradi.<\/p>\n<\/div>\n<\/div>\n<\/div>\n<\/div>\n<\/div><\/div><\/section>\n<section class='av_tab_section av_tab_section av-a4nn8-51255d398f2397d9e0b34ca3e4c5aa18'  itemscope=\"itemscope\" itemtype=\"https:\/\/schema.org\/CreativeWork\" ><div id='tab-id-2-tab' class='tab' role='tab' aria-selected=\"false\" tabindex=\"0\" data-fake-id='#tab-id-2' aria-controls='tab-id-2-content'  itemprop=\"headline\" ><span class='tab_icon avia-iconfont avia-font-entypo-fontello' data-av_icon='\ue817' data-av_iconfont='entypo-fontello' ><\/span>Plus d\u2019informations <\/div><div id='tab-id-2-content' class='tab_content' role='tabpanel' aria-labelledby='tab-id-2-tab' aria-hidden=\"true\"><div class='tab_inner_content invers-color'  itemprop=\"text\" ><table>\n<tbody>\n<tr>\n<td width=\"255\"><strong>PRODUIT<\/strong><\/td>\n<td style=\"text-align: center;\" width=\"181\"><strong>Conditionnement<\/strong><\/td>\n<td style=\"text-align: center;\" width=\"181\"><strong>Prix HT\/unit\u00e9<\/strong><\/td>\n<td style=\"text-align: center;\" width=\"181\"><strong>Prix TTC\/unit\u00e9<\/strong><\/td>\n<\/tr>\n<tr>\n<td width=\"255\">WAXOl\u00e9o<\/td>\n<td style=\"text-align: center;\" width=\"181\">500 ml<\/td>\n<td style=\"text-align: center;\" width=\"181\">16,59 \u20ac<\/td>\n<td style=\"text-align: center;\" width=\"181\">19,90 \u20ac<\/td>\n<\/tr>\n<\/tbody>\n<\/table>\n<\/div><\/div><\/section>\n<\/div>\n<\/div>\n<\/div>\n<\/div>\n<\/div>\n","protected":false},"excerpt":{"rendered":"<div class=\"page\" title=\"Page 2\">\n<div class=\"section\">\n<div class=\"layoutArea\">\n<div class=\"column\">\n<p><strong>Cire incolore v\u00e9g\u00e9tale pour bois huil\u00e9.<\/strong> Assure la protection des bois bruts et l&rsquo;entretien des bois huil\u00e9 sans modifier leur teinte.<\/p>\n<\/div>\n<\/div>\n<div class=\"layoutArea\">\n<div class=\"column\">\n<p>&nbsp;<\/p>\n<\/div>\n<\/div>\n<\/div>\n<\/div>\n","protected":false},"featured_media":4939,"template":"","meta":[],"product_brand":[],"product_cat":[2597,18,38,1654,34],"product_tag":[],"class_list":{"0":"post-4086","1":"product","2":"type-product","3":"status-publish","4":"has-post-thumbnail","6":"product_cat-oleobois","7":"product_cat-decoration-finition","8":"product_cat-protection-bois-et-autres-surfaces","9":"product_cat-grosoeuvre-bois","10":"product_cat-finitions-exterieures-bois","12":"first","13":"instock","14":"taxable","15":"shipping-taxable","16":"purchasable","17":"product-type-simple"},"yoast_head":"<!-- This site is optimized with the Yoast SEO plugin v25.1 - https:\/\/yoast.com\/wordpress\/plugins\/seo\/ -->\n<title>WAXOLEO cire | Protection \u00e9cologique du bois | Maison \u00c9co Distribution<\/title>\n<meta name=\"description\" content=\"NOVO PRO Nature est un saturateur naturel pour les bois d&#039;ext\u00e9rieur. Il les prot\u00e8ge des intempe\u0301ries, met en valeur le veinage et apporte un ton miel.\" \/>\n<meta name=\"robots\" content=\"index, follow, max-snippet:-1, max-image-preview:large, max-video-preview:-1\" \/>\n<link rel=\"canonical\" href=\"https:\/\/maisonecodistribution.com\/eboutique\/produit\/waxoleo-oleobois\/\" \/>\n<meta property=\"og:locale\" content=\"fr_FR\" \/>\n<meta property=\"og:type\" content=\"article\" \/>\n<meta property=\"og:title\" content=\"WAXOLEO cire | Protection \u00e9cologique du bois | Maison \u00c9co Distribution\" \/>\n<meta property=\"og:description\" content=\"NOVO PRO Nature est un saturateur naturel pour les bois d&#039;ext\u00e9rieur. Il les prot\u00e8ge des intempe\u0301ries, met en valeur le veinage et apporte un ton miel.\" \/>\n<meta property=\"og:url\" content=\"https:\/\/maisonecodistribution.com\/eboutique\/produit\/waxoleo-oleobois\/\" \/>\n<meta property=\"og:site_name\" content=\"Maison \u00c9co Distribution\" \/>\n<meta property=\"article:publisher\" content=\"https:\/\/www.facebook.com\/maisonecodistribution\" \/>\n<meta property=\"article:modified_time\" content=\"2025-08-07T07:03:06+00:00\" \/>\n<meta property=\"og:image\" content=\"https:\/\/maisonecodistribution.com\/eboutique\/wp-content\/uploads\/2024\/04\/image.jpeg\" \/>\n\t<meta property=\"og:image:width\" content=\"800\" \/>\n\t<meta property=\"og:image:height\" content=\"800\" \/>\n\t<meta property=\"og:image:type\" content=\"image\/jpeg\" \/>\n<meta name=\"twitter:card\" content=\"summary_large_image\" \/>\n<meta name=\"twitter:label1\" content=\"Prix\" \/>\n\t<meta name=\"twitter:data1\" content=\"19,90&nbsp;&euro; TTC\" \/>\n\t<meta name=\"twitter:label2\" content=\"Disponibilit\u00e9\" \/>\n\t<meta name=\"twitter:data2\" content=\"En stock\" \/>\n<script type=\"application\/ld+json\" class=\"yoast-schema-graph\">{\"@context\":\"https:\/\/schema.org\",\"@graph\":[{\"@type\":[\"WebPage\",\"ItemPage\"],\"@id\":\"https:\/\/maisonecodistribution.com\/eboutique\/produit\/waxoleo-oleobois\/\",\"url\":\"https:\/\/maisonecodistribution.com\/eboutique\/produit\/waxoleo-oleobois\/\",\"name\":\"WAXOLEO cire | Protection \u00e9cologique du bois | Maison \u00c9co Distribution\",\"isPartOf\":{\"@id\":\"https:\/\/maisonecodistribution.com\/eboutique\/#website\"},\"primaryImageOfPage\":{\"@id\":\"https:\/\/maisonecodistribution.com\/eboutique\/produit\/waxoleo-oleobois\/#primaryimage\"},\"image\":{\"@id\":\"https:\/\/maisonecodistribution.com\/eboutique\/produit\/waxoleo-oleobois\/#primaryimage\"},\"thumbnailUrl\":\"https:\/\/maisonecodistribution.com\/eboutique\/wp-content\/uploads\/2024\/04\/image.jpeg\",\"datePublished\":\"2024-04-16T09:37:44+00:00\",\"dateModified\":\"2025-08-07T07:03:06+00:00\",\"description\":\"NOVO PRO Nature est un saturateur naturel pour les bois d'ext\u00e9rieur. Il les prot\u00e8ge des intempe\u0301ries, met en valeur le veinage et apporte un ton miel.\",\"breadcrumb\":{\"@id\":\"https:\/\/maisonecodistribution.com\/eboutique\/produit\/waxoleo-oleobois\/#breadcrumb\"},\"inLanguage\":\"fr-FR\",\"potentialAction\":[{\"@type\":\"ReadAction\",\"target\":[\"https:\/\/maisonecodistribution.com\/eboutique\/produit\/waxoleo-oleobois\/\"]}]},{\"@type\":\"ImageObject\",\"inLanguage\":\"fr-FR\",\"@id\":\"https:\/\/maisonecodistribution.com\/eboutique\/produit\/waxoleo-oleobois\/#primaryimage\",\"url\":\"https:\/\/maisonecodistribution.com\/eboutique\/wp-content\/uploads\/2024\/04\/image.jpeg\",\"contentUrl\":\"https:\/\/maisonecodistribution.com\/eboutique\/wp-content\/uploads\/2024\/04\/image.jpeg\",\"width\":800,\"height\":800},{\"@type\":\"BreadcrumbList\",\"@id\":\"https:\/\/maisonecodistribution.com\/eboutique\/produit\/waxoleo-oleobois\/#breadcrumb\",\"itemListElement\":[{\"@type\":\"ListItem\",\"position\":1,\"name\":\"Home\",\"item\":\"https:\/\/maisonecodistribution.com\/eboutique\/\"},{\"@type\":\"ListItem\",\"position\":2,\"name\":\"CATALOGUE\",\"item\":\"https:\/\/maisonecodistribution.com\/eboutique\/catalogue\/\"},{\"@type\":\"ListItem\",\"position\":3,\"name\":\"WAXOLEO cire\"}]},{\"@type\":\"WebSite\",\"@id\":\"https:\/\/maisonecodistribution.com\/eboutique\/#website\",\"url\":\"https:\/\/maisonecodistribution.com\/eboutique\/\",\"name\":\"Maison \u00c9co Distribution\",\"description\":\"Tout pour un habitat sain\",\"publisher\":{\"@id\":\"https:\/\/maisonecodistribution.com\/eboutique\/#organization\"},\"potentialAction\":[{\"@type\":\"SearchAction\",\"target\":{\"@type\":\"EntryPoint\",\"urlTemplate\":\"https:\/\/maisonecodistribution.com\/eboutique\/?s={search_term_string}\"},\"query-input\":{\"@type\":\"PropertyValueSpecification\",\"valueRequired\":true,\"valueName\":\"search_term_string\"}}],\"inLanguage\":\"fr-FR\"},{\"@type\":\"Organization\",\"@id\":\"https:\/\/maisonecodistribution.com\/eboutique\/#organization\",\"name\":\"Maison \u00c9co Distribution\",\"url\":\"https:\/\/maisonecodistribution.com\/eboutique\/\",\"logo\":{\"@type\":\"ImageObject\",\"inLanguage\":\"fr-FR\",\"@id\":\"https:\/\/maisonecodistribution.com\/eboutique\/#\/schema\/logo\/image\/\",\"url\":\"https:\/\/maisonecodistribution.com\/eboutique\/wp-content\/uploads\/2024\/07\/logo-maison-eco-1.png\",\"contentUrl\":\"https:\/\/maisonecodistribution.com\/eboutique\/wp-content\/uploads\/2024\/07\/logo-maison-eco-1.png\",\"width\":300,\"height\":321,\"caption\":\"Maison \u00c9co Distribution\"},\"image\":{\"@id\":\"https:\/\/maisonecodistribution.com\/eboutique\/#\/schema\/logo\/image\/\"},\"sameAs\":[\"https:\/\/www.facebook.com\/maisonecodistribution\"]}]}<\/script>\n<meta property=\"product:price:amount\" content=\"19.90\" \/>\n<meta property=\"product:price:currency\" content=\"EUR\" \/>\n<meta property=\"og:availability\" content=\"instock\" \/>\n<meta property=\"product:availability\" content=\"instock\" \/>\n<meta property=\"product:condition\" content=\"new\" \/>\n<!-- \/ Yoast SEO plugin. -->","yoast_head_json":{"title":"WAXOLEO cire | Protection \u00e9cologique du bois | Maison \u00c9co Distribution","description":"NOVO PRO Nature est un saturateur naturel pour les bois d'ext\u00e9rieur. Il les prot\u00e8ge des intempe\u0301ries, met en valeur le veinage et apporte un ton miel.","robots":{"index":"index","follow":"follow","max-snippet":"max-snippet:-1","max-image-preview":"max-image-preview:large","max-video-preview":"max-video-preview:-1"},"canonical":"https:\/\/maisonecodistribution.com\/eboutique\/produit\/waxoleo-oleobois\/","og_locale":"fr_FR","og_type":"article","og_title":"WAXOLEO cire | Protection \u00e9cologique du bois | Maison \u00c9co Distribution","og_description":"NOVO PRO Nature est un saturateur naturel pour les bois d'ext\u00e9rieur. Il les prot\u00e8ge des intempe\u0301ries, met en valeur le veinage et apporte un ton miel.","og_url":"https:\/\/maisonecodistribution.com\/eboutique\/produit\/waxoleo-oleobois\/","og_site_name":"Maison \u00c9co Distribution","article_publisher":"https:\/\/www.facebook.com\/maisonecodistribution","article_modified_time":"2025-08-07T07:03:06+00:00","og_image":[{"width":800,"height":800,"url":"https:\/\/maisonecodistribution.com\/eboutique\/wp-content\/uploads\/2024\/04\/image.jpeg","type":"image\/jpeg"}],"twitter_card":"summary_large_image","twitter_misc":{"Prix":"19,90&nbsp;&euro; TTC","Disponibilit\u00e9":"En stock"},"schema":{"@context":"https:\/\/schema.org","@graph":[{"@type":["WebPage","ItemPage"],"@id":"https:\/\/maisonecodistribution.com\/eboutique\/produit\/waxoleo-oleobois\/","url":"https:\/\/maisonecodistribution.com\/eboutique\/produit\/waxoleo-oleobois\/","name":"WAXOLEO cire | Protection \u00e9cologique du bois | Maison \u00c9co Distribution","isPartOf":{"@id":"https:\/\/maisonecodistribution.com\/eboutique\/#website"},"primaryImageOfPage":{"@id":"https:\/\/maisonecodistribution.com\/eboutique\/produit\/waxoleo-oleobois\/#primaryimage"},"image":{"@id":"https:\/\/maisonecodistribution.com\/eboutique\/produit\/waxoleo-oleobois\/#primaryimage"},"thumbnailUrl":"https:\/\/maisonecodistribution.com\/eboutique\/wp-content\/uploads\/2024\/04\/image.jpeg","datePublished":"2024-04-16T09:37:44+00:00","dateModified":"2025-08-07T07:03:06+00:00","description":"NOVO PRO Nature est un saturateur naturel pour les bois d'ext\u00e9rieur. Il les prot\u00e8ge des intempe\u0301ries, met en valeur le veinage et apporte un ton miel.","breadcrumb":{"@id":"https:\/\/maisonecodistribution.com\/eboutique\/produit\/waxoleo-oleobois\/#breadcrumb"},"inLanguage":"fr-FR","potentialAction":[{"@type":"ReadAction","target":["https:\/\/maisonecodistribution.com\/eboutique\/produit\/waxoleo-oleobois\/"]}]},{"@type":"ImageObject","inLanguage":"fr-FR","@id":"https:\/\/maisonecodistribution.com\/eboutique\/produit\/waxoleo-oleobois\/#primaryimage","url":"https:\/\/maisonecodistribution.com\/eboutique\/wp-content\/uploads\/2024\/04\/image.jpeg","contentUrl":"https:\/\/maisonecodistribution.com\/eboutique\/wp-content\/uploads\/2024\/04\/image.jpeg","width":800,"height":800},{"@type":"BreadcrumbList","@id":"https:\/\/maisonecodistribution.com\/eboutique\/produit\/waxoleo-oleobois\/#breadcrumb","itemListElement":[{"@type":"ListItem","position":1,"name":"Home","item":"https:\/\/maisonecodistribution.com\/eboutique\/"},{"@type":"ListItem","position":2,"name":"CATALOGUE","item":"https:\/\/maisonecodistribution.com\/eboutique\/catalogue\/"},{"@type":"ListItem","position":3,"name":"WAXOLEO cire"}]},{"@type":"WebSite","@id":"https:\/\/maisonecodistribution.com\/eboutique\/#website","url":"https:\/\/maisonecodistribution.com\/eboutique\/","name":"Maison \u00c9co Distribution","description":"Tout pour un habitat sain","publisher":{"@id":"https:\/\/maisonecodistribution.com\/eboutique\/#organization"},"potentialAction":[{"@type":"SearchAction","target":{"@type":"EntryPoint","urlTemplate":"https:\/\/maisonecodistribution.com\/eboutique\/?s={search_term_string}"},"query-input":{"@type":"PropertyValueSpecification","valueRequired":true,"valueName":"search_term_string"}}],"inLanguage":"fr-FR"},{"@type":"Organization","@id":"https:\/\/maisonecodistribution.com\/eboutique\/#organization","name":"Maison \u00c9co Distribution","url":"https:\/\/maisonecodistribution.com\/eboutique\/","logo":{"@type":"ImageObject","inLanguage":"fr-FR","@id":"https:\/\/maisonecodistribution.com\/eboutique\/#\/schema\/logo\/image\/","url":"https:\/\/maisonecodistribution.com\/eboutique\/wp-content\/uploads\/2024\/07\/logo-maison-eco-1.png","contentUrl":"https:\/\/maisonecodistribution.com\/eboutique\/wp-content\/uploads\/2024\/07\/logo-maison-eco-1.png","width":300,"height":321,"caption":"Maison \u00c9co Distribution"},"image":{"@id":"https:\/\/maisonecodistribution.com\/eboutique\/#\/schema\/logo\/image\/"},"sameAs":["https:\/\/www.facebook.com\/maisonecodistribution"]}]},"product_price_amount":"19.90","product_price_currency":"EUR","og_availability":"instock","product_availability":"instock","product_condition":"new"},"_links":{"self":[{"href":"https:\/\/maisonecodistribution.com\/eboutique\/wp-json\/wp\/v2\/product\/4086","targetHints":{"allow":["GET"]}}],"collection":[{"href":"https:\/\/maisonecodistribution.com\/eboutique\/wp-json\/wp\/v2\/product"}],"about":[{"href":"https:\/\/maisonecodistribution.com\/eboutique\/wp-json\/wp\/v2\/types\/product"}],"wp:featuredmedia":[{"embeddable":true,"href":"https:\/\/maisonecodistribution.com\/eboutique\/wp-json\/wp\/v2\/media\/4939"}],"wp:attachment":[{"href":"https:\/\/maisonecodistribution.com\/eboutique\/wp-json\/wp\/v2\/media?parent=4086"}],"wp:term":[{"taxonomy":"product_brand","embeddable":true,"href":"https:\/\/maisonecodistribution.com\/eboutique\/wp-json\/wp\/v2\/product_brand?post=4086"},{"taxonomy":"product_cat","embeddable":true,"href":"https:\/\/maisonecodistribution.com\/eboutique\/wp-json\/wp\/v2\/product_cat?post=4086"},{"taxonomy":"product_tag","embeddable":true,"href":"https:\/\/maisonecodistribution.com\/eboutique\/wp-json\/wp\/v2\/product_tag?post=4086"}],"curies":[{"name":"wp","href":"https:\/\/api.w.org\/{rel}","templated":true}]}}