{"id":4009,"date":"2024-04-09T15:55:11","date_gmt":"2024-04-09T13:55:11","guid":{"rendered":"https:\/\/maisonecodistribution.com\/eboutique\/?post_type=product&#038;p=4009"},"modified":"2025-06-20T11:22:11","modified_gmt":"2025-06-20T09:22:11","slug":"nettoie-tout","status":"publish","type":"product","link":"https:\/\/maisonecodistribution.com\/eboutique\/produit\/nettoie-tout\/","title":{"rendered":"NETTOIE-TOUT"},"content":{"rendered":"<div id=\"product-description-short-40\" class=\"product-desc\">\n<div class=\"product-information\">\n<div id=\"product-description-short-52\" class=\"product-desc\">\n<p>Le nettoie-tout est un nettoyant multi-usage naturel et concentr\u00e9 pour le <strong>nettoyage des sols<\/strong>, vitres, carrelages, cuisines, vaisselle, salles de bains, toilettes. Pour les outils de jardin, les autres outils, les surfaces industrielles&#8230; Une tache r\u00e9sistante ? Utilisez-le pur et laissez agir.<\/p>\n<p>Vous pourrez le diluer \u00e0 50% d&rsquo;eau et vous y trouverez encore une efficacit\u00e9.<\/p>\n<\/div>\n<\/div>\n<\/div>\n<p><b>Les + du produit :<\/b><\/p>\n<div class=\"page\" title=\"Page 1\">\n<div class=\"layoutArea\">\n<div class=\"column\">\n<ul>\n<li>Dermoprotecteurs<\/li>\n<li>Tr\u00e8s concentr\u00e9 et \u00e9conomique<\/li>\n<\/ul>\n<\/div>\n<\/div>\n<\/div>\n<p><strong>Propri\u00e9t\u00e9s du nettoyant multi-usage naturel : <\/strong>Le <strong>nettoyant multi-usage naturel<\/strong> Galtane est tr\u00e8s efficace et \u00e9conomique pour l\u2019entretien de toute votre maison et pour de multiples fonctions industrielles. Il est tr\u00e8s utile dans de nombreuses fonctions d\u2019entretien :<\/p>\n<ul>\n<li>Nettoyage de parquets huil\u00e9s\/vitrifi\u00e9s, carrelages et vitres (r\u00e9sultat extraordinaire)<\/li>\n<li>Pour nettoyer votre salle de bain &amp; WC : lavabo, baignoire, douche&#8230;<\/li>\n<li>Pour le nettoyage et l&rsquo;entretien de la cuisine : \u00e9viers, plans de travail, friteuse, hotte, vaisselle (r\u00e9sultat impeccable avec les verres \u00e0 vin d\u00e9licats), &#8230;<\/li>\n<li>Pour laver les rouleaux et brosses de peinture, aquariums, bois verdis au jardin, voiture, machine outils, \u2026<\/li>\n<li>et aussi pour se laver les mains&#8230;<\/li>\n<\/ul>\n<p><strong>Composition : <\/strong>Le nettoyant multi-usage naturel Galtane est <strong>compos\u00e9 de mati\u00e8res premi\u00e8res v\u00e9g\u00e9tales renouvelable<\/strong>s, eau, tensioactifs issu d\u2019huile de coco (cocamidopropyl betaine), sulfate laureth de sodium naturel, glycerine, acide lactique, hydroxyde de sodium. pH 6 dermoprotecteur ; exempt de parfum, enzyme, acides agressifs, terp\u00e8nes d\u2019agrumes et conservateur, produit fini non test\u00e9 sur les animaux. <strong>Fabriqu\u00e9 en Belgique<\/strong>.<\/p>\n<p>&nbsp;<\/p>\n<p><strong>Comment utiliser le nettoyant multi-usage naturel : <\/strong>1 capuchon par 5 litres d\u2019eau, \u00e9ventuellement, ajouter quelques gouttes d\u2019huiles essentielles biologiques de lavande, menthe, citron\u2026 Pour des taches r\u00e9sistantes, utiliser pur et laisser agir.<\/p>\n<div  class='tabcontainer av-w1a2s-421fcc50b6ad35202a86b6fd3e7b11b1 top_tab  avia-builder-el-0  avia-builder-el-no-sibling '>\n<section class='av_tab_section av_tab_section av-raeuc-3ca0ff038ff76ed26b9240b8bb3516e9'  itemscope=\"itemscope\" itemtype=\"https:\/\/schema.org\/CreativeWork\" ><div id='tab-id-1-tab' class='tab active_tab' role='tab' aria-selected=\"true\" tabindex=\"0\" data-fake-id='#tab-id-1' aria-controls='tab-id-1-content'  itemprop=\"headline\" ><span class='tab_icon avia-iconfont avia-font-entypo-fontello' data-av_icon='\ue84b' data-av_iconfont='entypo-fontello' ><\/span>Fiches Techniques<\/div><div id='tab-id-1-content' class='tab_content active_tab_content' role='tabpanel' aria-labelledby='tab-id-1-tab' aria-hidden=\"false\"><div class='tab_inner_content invers-color'  itemprop=\"text\" ><div  class='avia-button-wrap av-igylo-88482e0a437c2403c73d6f14c7cbb187-wrap avia-button-left  avia-builder-el-1  avia-builder-el-no-sibling '><a href=''  class='avia-button av-igylo-88482e0a437c2403c73d6f14c7cbb187 av-link-btn avia-icon_select-yes-left-icon avia-size-small avia-position-left av-icon-on-hover avia-color-theme-color'   aria-label=\"T\u00e9l\u00e9charger la fiche technique (PDF)\"><span class='avia_button_icon avia_button_icon_left avia-iconfont avia-font-entypo-fontello' data-av_icon='\ue82d' data-av_iconfont='entypo-fontello' ><\/span><span class='avia_iconbox_title' >T\u00e9l\u00e9charger la fiche technique (PDF)<\/span><\/a><\/div>\n<\/div><\/div><\/section>\n<section class='av_tab_section av_tab_section av-f3tho-673245044c8cd2155e38098f98d96955'  itemscope=\"itemscope\" itemtype=\"https:\/\/schema.org\/CreativeWork\" ><div id='tab-id-2-tab' class='tab' role='tab' aria-selected=\"false\" tabindex=\"0\" data-fake-id='#tab-id-2' aria-controls='tab-id-2-content'  itemprop=\"headline\" ><span class='tab_icon avia-iconfont avia-font-entypo-fontello' data-av_icon='\ue81f' data-av_iconfont='entypo-fontello' ><\/span>\u00c0 propos de la marque<\/div><div id='tab-id-2-content' class='tab_content' role='tabpanel' aria-labelledby='tab-id-2-tab' aria-hidden=\"true\"><div class='tab_inner_content invers-color'  itemprop=\"text\" ><p><img loading=\"lazy\" decoding=\"async\" class=\"wp-image-855 alignleft\" src=\"https:\/\/maisonecodistribution.fr\/wp-content\/uploads\/2020\/05\/galtane.png\" alt=\"\" width=\"141\" height=\"141\" srcset=\"https:\/\/maisonecodistribution.com\/eboutique\/wp-content\/uploads\/2020\/05\/galtane.png 300w, https:\/\/maisonecodistribution.com\/eboutique\/wp-content\/uploads\/2020\/05\/galtane-80x80.png 80w, https:\/\/maisonecodistribution.com\/eboutique\/wp-content\/uploads\/2020\/05\/galtane-36x36.png 36w, https:\/\/maisonecodistribution.com\/eboutique\/wp-content\/uploads\/2020\/05\/galtane-180x180.png 180w, https:\/\/maisonecodistribution.com\/eboutique\/wp-content\/uploads\/2020\/05\/galtane-100x100.png 100w\" sizes=\"auto, (max-width: 141px) 100vw, 141px\" \/><\/p>\n<p><a href=\"https:\/\/www.galtane.com\/fr\/\" target=\"_blank\" rel=\"noopener noreferrer\">Galtane<\/a> est engag\u00e9e depuis 2003 dans une d\u00e9marche de d\u00e9veloppement durable. La marque r\u00e9pond \u00e0 tous les projets, tant \u00e0 l\u2019int\u00e9rieur qu\u2019\u00e0 l\u2019ext\u00e9rieur, avec une gamme compl\u00e8te de produits pour les murs, pour le traitement du bois et des produits d\u2019entretien.<\/p>\n<p>Les produits Galtane r\u00e9pondent aux crit\u00e8res les plus exigeants pour garantir un environnement sain, d\u00e9pourvu de composants toxiques ou allergiques. Chacun des ingr\u00e9dients qui composent ces produits est choisi avec soin pour minimiser son impact sur l&rsquo;environnement. La transparence des ingr\u00e9dients, indiqu\u00e9s sur les \u00e9tiquettes, et la volont\u00e9 de travailler en circuit court compl\u00e8tent les caract\u00e9ristiques innovantes de Galtane.<\/p>\n<\/div><\/div><\/section>\n<section class='av_tab_section av_tab_section av-a4nn8-51255d398f2397d9e0b34ca3e4c5aa18'  itemscope=\"itemscope\" itemtype=\"https:\/\/schema.org\/CreativeWork\" ><div id='tab-id-3-tab' class='tab' role='tab' aria-selected=\"false\" tabindex=\"0\" data-fake-id='#tab-id-3' aria-controls='tab-id-3-content'  itemprop=\"headline\" ><span class='tab_icon avia-iconfont avia-font-entypo-fontello' data-av_icon='\ue817' data-av_iconfont='entypo-fontello' ><\/span>Plus d\u2019informations <\/div><div id='tab-id-3-content' class='tab_content' role='tabpanel' aria-labelledby='tab-id-3-tab' aria-hidden=\"true\"><div class='tab_inner_content invers-color'  itemprop=\"text\" ><table>\n<tbody>\n<tr>\n<td><b>PRODUIT<\/b><\/td>\n<td>\n<p style=\"text-align: center;\"><b>Prix HT<\/b><\/p>\n<\/td>\n<td>\n<p style=\"text-align: center;\"><b>Prix TTC<\/b><\/p>\n<\/td>\n<\/tr>\n<tr>\n<td>NETTOIE- TOUT 1L<\/td>\n<td>\n<p style=\"text-align: center;\">10,08 \u20ac\/ unit\u00e9<\/p>\n<\/td>\n<td>\n<p style=\"text-align: center;\">12,60\u20ac \/ unit\u00e9<\/p>\n<\/td>\n<\/tr>\n<\/tbody>\n<\/table>\n<\/div><\/div><\/section>\n<\/div>\n","protected":false},"excerpt":{"rendered":"<p>Le nettoie-tout est un nettoyant multi-usage naturel et concentr\u00e9 pour le <strong>nettoyage des sols<\/strong>, vitres, carrelages, cuisines, vaisselle, salles de bains, toilettes. Pour les outils de jardin, les autres outils, les surfaces industrielles&#8230; Une tache r\u00e9sistante ? Utilisez-le pur et laissez agir.<\/p>\n","protected":false},"featured_media":4013,"template":"","meta":[],"product_brand":[],"product_cat":[2582,38],"product_tag":[],"class_list":{"0":"post-4009","1":"product","2":"type-product","3":"status-publish","4":"has-post-thumbnail","6":"product_cat-galtane","7":"product_cat-protection-bois-et-autres-surfaces","9":"first","10":"instock","11":"taxable","12":"shipping-taxable","13":"purchasable","14":"product-type-variable"},"yoast_head":"<!-- This site is optimized with the Yoast SEO plugin v25.1 - https:\/\/yoast.com\/wordpress\/plugins\/seo\/ -->\n<title>NETTOIE-TOUT | Maison \u00c9co Distribution<\/title>\n<meta name=\"robots\" content=\"index, follow, max-snippet:-1, max-image-preview:large, max-video-preview:-1\" \/>\n<link rel=\"canonical\" href=\"https:\/\/maisonecodistribution.com\/eboutique\/produit\/nettoie-tout\/\" \/>\n<meta property=\"og:locale\" content=\"fr_FR\" \/>\n<meta property=\"og:type\" content=\"article\" \/>\n<meta property=\"og:title\" content=\"NETTOIE-TOUT | Maison \u00c9co Distribution\" \/>\n<meta property=\"og:description\" content=\"Le nettoie-tout est un nettoyant multi-usage naturel et concentr\u00e9 pour le nettoyage des sols, vitres, carrelages, cuisines, vaisselle, salles de bains, toilettes. Pour les outils de jardin, les autres outils, les surfaces industrielles... Une tache r\u00e9sistante ? Utilisez-le pur et laissez agir.\" \/>\n<meta property=\"og:url\" content=\"https:\/\/maisonecodistribution.com\/eboutique\/produit\/nettoie-tout\/\" \/>\n<meta property=\"og:site_name\" content=\"Maison \u00c9co Distribution\" \/>\n<meta property=\"article:publisher\" content=\"https:\/\/www.facebook.com\/maisonecodistribution\" \/>\n<meta property=\"article:modified_time\" content=\"2025-06-20T09:22:11+00:00\" \/>\n<meta property=\"og:image\" content=\"https:\/\/maisonecodistribution.com\/eboutique\/wp-content\/uploads\/2024\/04\/nettoie-tout-multi-usage-naturel-et-concentre.jpg.png\" \/>\n\t<meta property=\"og:image:width\" content=\"600\" \/>\n\t<meta property=\"og:image:height\" content=\"756\" \/>\n\t<meta property=\"og:image:type\" content=\"image\/png\" \/>\n<meta name=\"twitter:card\" content=\"summary_large_image\" \/>\n<meta name=\"twitter:label1\" content=\"Disponibilit\u00e9\" \/>\n\t<meta name=\"twitter:data1\" content=\"En stock\" \/>\n<script type=\"application\/ld+json\" class=\"yoast-schema-graph\">{\"@context\":\"https:\/\/schema.org\",\"@graph\":[{\"@type\":[\"WebPage\",\"ItemPage\"],\"@id\":\"https:\/\/maisonecodistribution.com\/eboutique\/produit\/nettoie-tout\/\",\"url\":\"https:\/\/maisonecodistribution.com\/eboutique\/produit\/nettoie-tout\/\",\"name\":\"NETTOIE-TOUT | Maison \u00c9co Distribution\",\"isPartOf\":{\"@id\":\"https:\/\/maisonecodistribution.com\/eboutique\/#website\"},\"primaryImageOfPage\":{\"@id\":\"https:\/\/maisonecodistribution.com\/eboutique\/produit\/nettoie-tout\/#primaryimage\"},\"image\":{\"@id\":\"https:\/\/maisonecodistribution.com\/eboutique\/produit\/nettoie-tout\/#primaryimage\"},\"thumbnailUrl\":\"https:\/\/maisonecodistribution.com\/eboutique\/wp-content\/uploads\/2024\/04\/nettoie-tout-multi-usage-naturel-et-concentre.jpg.png\",\"datePublished\":\"2024-04-09T13:55:11+00:00\",\"dateModified\":\"2025-06-20T09:22:11+00:00\",\"breadcrumb\":{\"@id\":\"https:\/\/maisonecodistribution.com\/eboutique\/produit\/nettoie-tout\/#breadcrumb\"},\"inLanguage\":\"fr-FR\",\"potentialAction\":[{\"@type\":\"ReadAction\",\"target\":[\"https:\/\/maisonecodistribution.com\/eboutique\/produit\/nettoie-tout\/\"]}]},{\"@type\":\"ImageObject\",\"inLanguage\":\"fr-FR\",\"@id\":\"https:\/\/maisonecodistribution.com\/eboutique\/produit\/nettoie-tout\/#primaryimage\",\"url\":\"https:\/\/maisonecodistribution.com\/eboutique\/wp-content\/uploads\/2024\/04\/nettoie-tout-multi-usage-naturel-et-concentre.jpg.png\",\"contentUrl\":\"https:\/\/maisonecodistribution.com\/eboutique\/wp-content\/uploads\/2024\/04\/nettoie-tout-multi-usage-naturel-et-concentre.jpg.png\",\"width\":600,\"height\":756},{\"@type\":\"BreadcrumbList\",\"@id\":\"https:\/\/maisonecodistribution.com\/eboutique\/produit\/nettoie-tout\/#breadcrumb\",\"itemListElement\":[{\"@type\":\"ListItem\",\"position\":1,\"name\":\"Home\",\"item\":\"https:\/\/maisonecodistribution.com\/eboutique\/\"},{\"@type\":\"ListItem\",\"position\":2,\"name\":\"CATALOGUE\",\"item\":\"https:\/\/maisonecodistribution.com\/eboutique\/catalogue\/\"},{\"@type\":\"ListItem\",\"position\":3,\"name\":\"NETTOIE-TOUT\"}]},{\"@type\":\"WebSite\",\"@id\":\"https:\/\/maisonecodistribution.com\/eboutique\/#website\",\"url\":\"https:\/\/maisonecodistribution.com\/eboutique\/\",\"name\":\"Maison \u00c9co Distribution\",\"description\":\"Tout pour un habitat sain\",\"publisher\":{\"@id\":\"https:\/\/maisonecodistribution.com\/eboutique\/#organization\"},\"potentialAction\":[{\"@type\":\"SearchAction\",\"target\":{\"@type\":\"EntryPoint\",\"urlTemplate\":\"https:\/\/maisonecodistribution.com\/eboutique\/?s={search_term_string}\"},\"query-input\":{\"@type\":\"PropertyValueSpecification\",\"valueRequired\":true,\"valueName\":\"search_term_string\"}}],\"inLanguage\":\"fr-FR\"},{\"@type\":\"Organization\",\"@id\":\"https:\/\/maisonecodistribution.com\/eboutique\/#organization\",\"name\":\"Maison \u00c9co Distribution\",\"url\":\"https:\/\/maisonecodistribution.com\/eboutique\/\",\"logo\":{\"@type\":\"ImageObject\",\"inLanguage\":\"fr-FR\",\"@id\":\"https:\/\/maisonecodistribution.com\/eboutique\/#\/schema\/logo\/image\/\",\"url\":\"https:\/\/maisonecodistribution.com\/eboutique\/wp-content\/uploads\/2024\/07\/logo-maison-eco-1.png\",\"contentUrl\":\"https:\/\/maisonecodistribution.com\/eboutique\/wp-content\/uploads\/2024\/07\/logo-maison-eco-1.png\",\"width\":300,\"height\":321,\"caption\":\"Maison \u00c9co Distribution\"},\"image\":{\"@id\":\"https:\/\/maisonecodistribution.com\/eboutique\/#\/schema\/logo\/image\/\"},\"sameAs\":[\"https:\/\/www.facebook.com\/maisonecodistribution\"]}]}<\/script>\n<meta property=\"og:availability\" content=\"instock\" \/>\n<meta property=\"product:availability\" content=\"instock\" \/>\n<meta property=\"product:condition\" content=\"new\" \/>\n<!-- \/ Yoast SEO plugin. -->","yoast_head_json":{"title":"NETTOIE-TOUT | Maison \u00c9co Distribution","robots":{"index":"index","follow":"follow","max-snippet":"max-snippet:-1","max-image-preview":"max-image-preview:large","max-video-preview":"max-video-preview:-1"},"canonical":"https:\/\/maisonecodistribution.com\/eboutique\/produit\/nettoie-tout\/","og_locale":"fr_FR","og_type":"article","og_title":"NETTOIE-TOUT | Maison \u00c9co Distribution","og_description":"Le nettoie-tout est un nettoyant multi-usage naturel et concentr\u00e9 pour le nettoyage des sols, vitres, carrelages, cuisines, vaisselle, salles de bains, toilettes. Pour les outils de jardin, les autres outils, les surfaces industrielles... Une tache r\u00e9sistante ? Utilisez-le pur et laissez agir.","og_url":"https:\/\/maisonecodistribution.com\/eboutique\/produit\/nettoie-tout\/","og_site_name":"Maison \u00c9co Distribution","article_publisher":"https:\/\/www.facebook.com\/maisonecodistribution","article_modified_time":"2025-06-20T09:22:11+00:00","og_image":[{"width":600,"height":756,"url":"https:\/\/maisonecodistribution.com\/eboutique\/wp-content\/uploads\/2024\/04\/nettoie-tout-multi-usage-naturel-et-concentre.jpg.png","type":"image\/png"}],"twitter_card":"summary_large_image","twitter_misc":{"Disponibilit\u00e9":"En stock"},"schema":{"@context":"https:\/\/schema.org","@graph":[{"@type":["WebPage","ItemPage"],"@id":"https:\/\/maisonecodistribution.com\/eboutique\/produit\/nettoie-tout\/","url":"https:\/\/maisonecodistribution.com\/eboutique\/produit\/nettoie-tout\/","name":"NETTOIE-TOUT | Maison \u00c9co Distribution","isPartOf":{"@id":"https:\/\/maisonecodistribution.com\/eboutique\/#website"},"primaryImageOfPage":{"@id":"https:\/\/maisonecodistribution.com\/eboutique\/produit\/nettoie-tout\/#primaryimage"},"image":{"@id":"https:\/\/maisonecodistribution.com\/eboutique\/produit\/nettoie-tout\/#primaryimage"},"thumbnailUrl":"https:\/\/maisonecodistribution.com\/eboutique\/wp-content\/uploads\/2024\/04\/nettoie-tout-multi-usage-naturel-et-concentre.jpg.png","datePublished":"2024-04-09T13:55:11+00:00","dateModified":"2025-06-20T09:22:11+00:00","breadcrumb":{"@id":"https:\/\/maisonecodistribution.com\/eboutique\/produit\/nettoie-tout\/#breadcrumb"},"inLanguage":"fr-FR","potentialAction":[{"@type":"ReadAction","target":["https:\/\/maisonecodistribution.com\/eboutique\/produit\/nettoie-tout\/"]}]},{"@type":"ImageObject","inLanguage":"fr-FR","@id":"https:\/\/maisonecodistribution.com\/eboutique\/produit\/nettoie-tout\/#primaryimage","url":"https:\/\/maisonecodistribution.com\/eboutique\/wp-content\/uploads\/2024\/04\/nettoie-tout-multi-usage-naturel-et-concentre.jpg.png","contentUrl":"https:\/\/maisonecodistribution.com\/eboutique\/wp-content\/uploads\/2024\/04\/nettoie-tout-multi-usage-naturel-et-concentre.jpg.png","width":600,"height":756},{"@type":"BreadcrumbList","@id":"https:\/\/maisonecodistribution.com\/eboutique\/produit\/nettoie-tout\/#breadcrumb","itemListElement":[{"@type":"ListItem","position":1,"name":"Home","item":"https:\/\/maisonecodistribution.com\/eboutique\/"},{"@type":"ListItem","position":2,"name":"CATALOGUE","item":"https:\/\/maisonecodistribution.com\/eboutique\/catalogue\/"},{"@type":"ListItem","position":3,"name":"NETTOIE-TOUT"}]},{"@type":"WebSite","@id":"https:\/\/maisonecodistribution.com\/eboutique\/#website","url":"https:\/\/maisonecodistribution.com\/eboutique\/","name":"Maison \u00c9co Distribution","description":"Tout pour un habitat sain","publisher":{"@id":"https:\/\/maisonecodistribution.com\/eboutique\/#organization"},"potentialAction":[{"@type":"SearchAction","target":{"@type":"EntryPoint","urlTemplate":"https:\/\/maisonecodistribution.com\/eboutique\/?s={search_term_string}"},"query-input":{"@type":"PropertyValueSpecification","valueRequired":true,"valueName":"search_term_string"}}],"inLanguage":"fr-FR"},{"@type":"Organization","@id":"https:\/\/maisonecodistribution.com\/eboutique\/#organization","name":"Maison \u00c9co Distribution","url":"https:\/\/maisonecodistribution.com\/eboutique\/","logo":{"@type":"ImageObject","inLanguage":"fr-FR","@id":"https:\/\/maisonecodistribution.com\/eboutique\/#\/schema\/logo\/image\/","url":"https:\/\/maisonecodistribution.com\/eboutique\/wp-content\/uploads\/2024\/07\/logo-maison-eco-1.png","contentUrl":"https:\/\/maisonecodistribution.com\/eboutique\/wp-content\/uploads\/2024\/07\/logo-maison-eco-1.png","width":300,"height":321,"caption":"Maison \u00c9co Distribution"},"image":{"@id":"https:\/\/maisonecodistribution.com\/eboutique\/#\/schema\/logo\/image\/"},"sameAs":["https:\/\/www.facebook.com\/maisonecodistribution"]}]},"og_availability":"instock","product_availability":"instock","product_condition":"new"},"_links":{"self":[{"href":"https:\/\/maisonecodistribution.com\/eboutique\/wp-json\/wp\/v2\/product\/4009","targetHints":{"allow":["GET"]}}],"collection":[{"href":"https:\/\/maisonecodistribution.com\/eboutique\/wp-json\/wp\/v2\/product"}],"about":[{"href":"https:\/\/maisonecodistribution.com\/eboutique\/wp-json\/wp\/v2\/types\/product"}],"wp:featuredmedia":[{"embeddable":true,"href":"https:\/\/maisonecodistribution.com\/eboutique\/wp-json\/wp\/v2\/media\/4013"}],"wp:attachment":[{"href":"https:\/\/maisonecodistribution.com\/eboutique\/wp-json\/wp\/v2\/media?parent=4009"}],"wp:term":[{"taxonomy":"product_brand","embeddable":true,"href":"https:\/\/maisonecodistribution.com\/eboutique\/wp-json\/wp\/v2\/product_brand?post=4009"},{"taxonomy":"product_cat","embeddable":true,"href":"https:\/\/maisonecodistribution.com\/eboutique\/wp-json\/wp\/v2\/product_cat?post=4009"},{"taxonomy":"product_tag","embeddable":true,"href":"https:\/\/maisonecodistribution.com\/eboutique\/wp-json\/wp\/v2\/product_tag?post=4009"}],"curies":[{"name":"wp","href":"https:\/\/api.w.org\/{rel}","templated":true}]}}