{"id":3999,"date":"2024-04-09T15:18:06","date_gmt":"2024-04-09T13:18:06","guid":{"rendered":"https:\/\/maisonecodistribution.com\/eboutique\/?post_type=product&#038;p=3999"},"modified":"2025-09-12T09:57:20","modified_gmt":"2025-09-12T07:57:20","slug":"solvant-vegetal","status":"publish","type":"product","link":"https:\/\/maisonecodistribution.com\/eboutique\/produit\/solvant-vegetal\/","title":{"rendered":"SOLVANT VEGETAL"},"content":{"rendered":"<div id=\"product-description-short-40\" class=\"product-desc\">\n<p>L\u2019alternative v\u00e9g\u00e9tale au White spirit.\u00a0Excellentes propri\u00e9t\u00e9s <strong>lubrifiantes<\/strong>.<\/p>\n<p>Excellent <strong>d\u00e9grippant<\/strong> pour les pi\u00e8ces m\u00e9caniques coinc\u00e9es (pinces, boulons, etc.). Laisser agir pendant plusieurs heures.<\/p>\n<p>Pouvoir de p\u00e9n\u00e9tration accru gr\u00e2ce \u00e0 la fluidit\u00e9 du produit.<\/p>\n<p><strong>Nettoyage<\/strong> et protection des <strong>pi\u00e8ces m\u00e9caniques<\/strong>.<\/p>\n<p>Produit gras et non irritant.<\/p>\n<p>Hydrophobe, le solvant v\u00e9g\u00e9tal offre une certaine protection contre la rouille et la corrosion, en formant une couche protectrice sur les <strong>maillons d\u2019une cha\u00eene<\/strong> (p. ex. v\u00e9lo). Une propri\u00e9t\u00e9 particuli\u00e8rement utile dans des conditions humides ou salines.<\/p>\n<p><strong>Composition<\/strong> : mati\u00e8res d\u2019origine v\u00e9g\u00e9tale issue du <strong>colza<\/strong> europ\u00e9en (98,5 %), alcool (1,5 %). Ne contient ni terp\u00e8nes d\u2019agrumes, ni t\u00e9r\u00e9benthine, ni hydrocarbures.<\/p>\n<\/div>\n<p><b>Les + du produit :<\/b><\/p>\n<div class=\"page\" title=\"Page 1\">\n<div class=\"layoutArea\">\n<div class=\"column\">\n<ul>\n<li>Protection<\/li>\n<li>R\u00e9duction de la quantit\u00e9 de d\u00e9chets dangereux \u00e0 \u00e9liminer.<\/li>\n<li>Produit non chlor\u00e9\u2009; alternative au solvant chlor\u00e9.<\/li>\n<li>Point \u00e9clair \u00e9lev\u00e9 et point d\u2019\u00e9bullition \u00e9lev\u00e9.<\/li>\n<li>Sans m\u00e9taux lourds.<\/li>\n<li>Sans m\u00e9taux lourds.<\/li>\n<li>Sans danger pour les surfaces peintes.<\/li>\n<li>Produit biod\u00e9gradable et non inflammable (except\u00e9 pour la version spray \u00ab\u2009OL-50\u2009\u00bb). Sans danger pour les travailleurs et les espaces de travail gr\u00e2ce \u00e0 son point d\u2019\u00e9bullition \u00e9lev\u00e9.<\/li>\n<li>L\u00e9g\u00e8re odeur v\u00e9g\u00e9tale, produit respectueux de la peau et du syst\u00e8me respiratoire.<\/li>\n<li>Produit biod\u00e9gradable et non inflammable (except\u00e9 pour la version spray \u00ab\u2009OL-50\u2009\u00bb). Sans danger pour les travailleurs et les espaces de travail gr\u00e2ce \u00e0 son point d\u2019\u00e9bullition \u00e9lev\u00e9.<\/li>\n<\/ul>\n<\/div>\n<\/div>\n<\/div>\n<p class=\"title\"><strong>Propri\u00e9t\u00e9s :<\/strong><\/p>\n<div class=\"product-description\">\n<ul>\n<li>Respectueux de l\u2019environnement, le solvant v\u00e9g\u00e9tal pr\u00e9sente un bon pouvoir solvant et est une alternative v\u00e9g\u00e9tale aux solvants p\u00e9troliers. Le solvant v\u00e9g\u00e9tal est un produit fluide, gras, peu volatil et class\u00e9 non dangereux et facilement biod\u00e9gradable. Il permet d\u2019accro\u00eetre la dur\u00e9e de vie de votre mat\u00e9riel.<\/li>\n<li>Le solvant v\u00e9g\u00e9tal peut \u00eatre utilis\u00e9 comme lubrifiant ou comme nettoyant dans l\u2019industrie m\u00e9canique, l\u2019industrie alimentaire ou l\u2019industrie pharmaceutique.<\/li>\n<li>Il permet de nettoyer efficacement des surfaces, des outils et des ustensiles souill\u00e9s par la calamine, par le goudron ou par des peintures et encres en phase huileuse. Il offre dans de nombreux cas un r\u00e9sultat sup\u00e9rieur \u00e0 celui obtenu avec des nettoyants conventionnels \u00e0 base d\u2019huile min\u00e9rale. C\u2019est une excellente alternative \u00e0 la t\u00e9r\u00e9benthine et les terp\u00e8nes d\u2019agrumes pour le nettoyage des outils. Il est \u00e9galement sans danger dans le secteur de l\u2019agriculture (biologique) et de l\u2019horticulture.<\/li>\n<li>De nombreux solvants organiques sont dangereux pour le sol et l\u2019eau. Le solvant v\u00e9g\u00e9tal de colza est biod\u00e9gradable et hautement performant. Il peut \u00eatre utilis\u00e9 sur des sites \u00e9cologiques sensibles. Le solvant v\u00e9g\u00e9tal offre une multitude de possibilit\u00e9s gr\u00e2ce \u00e0 l\u2019absence de risque pour la peau, \u00e0 son odeur douce et \u00e0 sa protection temporaire suppl\u00e9mentaire contre la corrosion.<\/li>\n<\/ul>\n<\/div>\n<p><strong>Pr\u00e9caution d&#8217;emploi<\/strong> : Galtane consid\u00e8re que vous \u00eates capable d\u2019utiliser le produit d\u00e8s le moment o\u00f9 vous en faites l\u2019acquisition. Assurez-vous que le produit est adapt\u00e9 au support sur lequel vous l\u2019appliquez. Appliquez le produit \u00e0 l\u2019aide d\u2019un pinceau, d\u2019une brosse ou d\u2019un chiffon ou utilisez la formule spray \u00ab OL-50 \u00bb. Attention : la formule spray est inflammable, car elle contient du gaz propulseur. Pour d\u00e9gripper, dissoudre de la colle, de l\u2019asphalte, etc., laissez agir le produit entre 2 et 24 heures. Le produit est non soluble dans l\u2019eau. Pour nettoyer les outils que vous avez utilis\u00e9s pour appliquer le solvant v\u00e9g\u00e9tal, utilisez le \u00ab Nettoie tout \u00bb Galtane (r\u00e9f. 2010). Pour d\u00e9graisser les surfaces rendues grasses par le solvant v\u00e9g\u00e9tal, utilisez le \u00ab Nettoie tout \u00bb Galtane (r\u00e9f. 2010) et de l\u2019eau. Pour \u00e9viter le nettoyage \u00e0 l\u2019eau, vous pouvez \u00e9galement utiliser l\u2019Alcool technique Galtane (r\u00e9f. 2050). D\u00e9canter le solvant v\u00e9g\u00e9tal : il peut \u00eatre r\u00e9utilis\u00e9 apr\u00e8s usage. L\u2019utilisation du produit n\u2019est pas indiqu\u00e9e pour diluer les peintures.<\/p>\n<div  class='tabcontainer av-w1a2s-421fcc50b6ad35202a86b6fd3e7b11b1 top_tab  avia-builder-el-0  avia-builder-el-no-sibling '>\n<section class='av_tab_section av_tab_section av-raeuc-3ca0ff038ff76ed26b9240b8bb3516e9'  itemscope=\"itemscope\" itemtype=\"https:\/\/schema.org\/CreativeWork\" ><div id='tab-id-1-tab' class='tab active_tab' role='tab' aria-selected=\"true\" tabindex=\"0\" data-fake-id='#tab-id-1' aria-controls='tab-id-1-content'  itemprop=\"headline\" ><span class='tab_icon avia-iconfont avia-font-entypo-fontello' data-av_icon='\ue84b' data-av_iconfont='entypo-fontello' ><\/span>Fiches Techniques<\/div><div id='tab-id-1-content' class='tab_content active_tab_content' role='tabpanel' aria-labelledby='tab-id-1-tab' aria-hidden=\"false\"><div class='tab_inner_content invers-color'  itemprop=\"text\" ><div  class='avia-button-wrap av-igylo-5ef455ac0c115a69f4f64ee8b8c47a5d-wrap avia-button-left  avia-builder-el-1  avia-builder-el-no-sibling '><a href=''  class='avia-button av-igylo-5ef455ac0c115a69f4f64ee8b8c47a5d av-link-btn avia-icon_select-yes-left-icon avia-size-small avia-position-left av-icon-on-hover avia-color-theme-color'   aria-label=\"T\u00e9l\u00e9charger la fiche technique (PDF)\"><span class='avia_button_icon avia_button_icon_left avia-iconfont avia-font-entypo-fontello' data-av_icon='\ue82d' data-av_iconfont='entypo-fontello' ><\/span><span class='avia_iconbox_title' >T\u00e9l\u00e9charger la fiche technique (PDF)<\/span><\/a><\/div>\n<\/div><\/div><\/section>\n<section class='av_tab_section av_tab_section av-f3tho-673245044c8cd2155e38098f98d96955'  itemscope=\"itemscope\" itemtype=\"https:\/\/schema.org\/CreativeWork\" ><div id='tab-id-2-tab' class='tab' role='tab' aria-selected=\"false\" tabindex=\"0\" data-fake-id='#tab-id-2' aria-controls='tab-id-2-content'  itemprop=\"headline\" ><span class='tab_icon avia-iconfont avia-font-entypo-fontello' data-av_icon='\ue81f' data-av_iconfont='entypo-fontello' ><\/span>\u00c0 propos de la marque<\/div><div id='tab-id-2-content' class='tab_content' role='tabpanel' aria-labelledby='tab-id-2-tab' aria-hidden=\"true\"><div class='tab_inner_content invers-color'  itemprop=\"text\" ><p><img loading=\"lazy\" decoding=\"async\" class=\"wp-image-855 alignleft\" src=\"https:\/\/maisonecodistribution.fr\/wp-content\/uploads\/2020\/05\/galtane.png\" alt=\"\" width=\"141\" height=\"141\" srcset=\"https:\/\/maisonecodistribution.com\/eboutique\/wp-content\/uploads\/2020\/05\/galtane.png 300w, https:\/\/maisonecodistribution.com\/eboutique\/wp-content\/uploads\/2020\/05\/galtane-80x80.png 80w, https:\/\/maisonecodistribution.com\/eboutique\/wp-content\/uploads\/2020\/05\/galtane-36x36.png 36w, https:\/\/maisonecodistribution.com\/eboutique\/wp-content\/uploads\/2020\/05\/galtane-180x180.png 180w, https:\/\/maisonecodistribution.com\/eboutique\/wp-content\/uploads\/2020\/05\/galtane-100x100.png 100w\" sizes=\"auto, (max-width: 141px) 100vw, 141px\" \/><\/p>\n<p><a href=\"https:\/\/www.galtane.com\/fr\/\" target=\"_blank\" rel=\"noopener noreferrer\">Galtane<\/a> est engag\u00e9e depuis 2003 dans une d\u00e9marche de d\u00e9veloppement durable. La marque r\u00e9pond \u00e0 tous les projets, tant \u00e0 l\u2019int\u00e9rieur qu\u2019\u00e0 l\u2019ext\u00e9rieur, avec une gamme compl\u00e8te de produits pour les murs, pour le traitement du bois et des produits d\u2019entretien.<\/p>\n<p>Les produits Galtane r\u00e9pondent aux crit\u00e8res les plus exigeants pour garantir un environnement sain, d\u00e9pourvu de composants toxiques ou allergiques. Chacun des ingr\u00e9dients qui composent ces produits est choisi avec soin pour minimiser son impact sur l&rsquo;environnement. La transparence des ingr\u00e9dients, indiqu\u00e9s sur les \u00e9tiquettes, et la volont\u00e9 de travailler en circuit court compl\u00e8tent les caract\u00e9ristiques innovantes de Galtane.<\/p>\n<\/div><\/div><\/section>\n<section class='av_tab_section av_tab_section av-a4nn8-51255d398f2397d9e0b34ca3e4c5aa18'  itemscope=\"itemscope\" itemtype=\"https:\/\/schema.org\/CreativeWork\" ><div id='tab-id-3-tab' class='tab' role='tab' aria-selected=\"false\" tabindex=\"0\" data-fake-id='#tab-id-3' aria-controls='tab-id-3-content'  itemprop=\"headline\" ><span class='tab_icon avia-iconfont avia-font-entypo-fontello' data-av_icon='\ue817' data-av_iconfont='entypo-fontello' ><\/span>Plus d\u2019informations <\/div><div id='tab-id-3-content' class='tab_content' role='tabpanel' aria-labelledby='tab-id-3-tab' aria-hidden=\"true\"><div class='tab_inner_content invers-color'  itemprop=\"text\" ><table>\n<tbody>\n<tr>\n<td><b>PRODUIT<\/b><\/td>\n<td>\n<p style=\"text-align: center;\"><b>Prix HT<\/b><\/p>\n<\/td>\n<td>\n<p style=\"text-align: center;\"><b>Prix TTC<\/b><\/p>\n<\/td>\n<\/tr>\n<tr>\n<td>SOLVANT VEGETAL 500ml<\/td>\n<td>\n<p style=\"text-align: center;\">8,72 \u20ac\/ unit\u00e9<\/p>\n<\/td>\n<td>\n<p style=\"text-align: center;\">10,90 \u20ac \/ unit\u00e9<\/p>\n<\/td>\n<\/tr>\n<tr>\n<td>SOLVANT VEGETAL 1L<\/td>\n<td>\n<p style=\"text-align: center;\">13,36 \u20ac \/ unit\u00e9<\/p>\n<\/td>\n<td>\n<p style=\"text-align: center;\">16,70 \u20ac \/ unit\u00e9<\/p>\n<\/td>\n<\/tr>\n<\/tbody>\n<\/table>\n<\/div><\/div><\/section>\n<\/div>\n","protected":false},"excerpt":{"rendered":"<p>Excellent <strong>d\u00e9grippant<\/strong> pour les pi\u00e8ces m\u00e9caniques coinc\u00e9es (pinces, boulons, etc.). Laisser agir pendant plusieurs heures.<\/p>\n<p>Pouvoir de p\u00e9n\u00e9tration accru gr\u00e2ce \u00e0 la fluidit\u00e9 du produit.<\/p>\n<p><strong>Nettoyage<\/strong> et protection des <strong>pi\u00e8ces m\u00e9caniques<\/strong>.<\/p>\n","protected":false},"featured_media":4005,"template":"","meta":[],"product_brand":[],"product_cat":[2582,38],"product_tag":[],"class_list":{"0":"post-3999","1":"product","2":"type-product","3":"status-publish","4":"has-post-thumbnail","6":"product_cat-galtane","7":"product_cat-protection-bois-et-autres-surfaces","9":"first","10":"instock","11":"taxable","12":"shipping-taxable","13":"purchasable","14":"product-type-variable"},"yoast_head":"<!-- This site is optimized with the Yoast SEO plugin v25.1 - https:\/\/yoast.com\/wordpress\/plugins\/seo\/ -->\n<title>SOLVANT VEGETAL | Maison \u00c9co Distribution<\/title>\n<meta name=\"robots\" content=\"index, follow, max-snippet:-1, max-image-preview:large, max-video-preview:-1\" \/>\n<link rel=\"canonical\" href=\"https:\/\/maisonecodistribution.com\/eboutique\/produit\/solvant-vegetal\/\" \/>\n<meta property=\"og:locale\" content=\"fr_FR\" \/>\n<meta property=\"og:type\" content=\"article\" \/>\n<meta property=\"og:title\" content=\"SOLVANT VEGETAL | Maison \u00c9co Distribution\" \/>\n<meta property=\"og:description\" content=\"Excellent d\u00e9grippant pour les pi\u00e8ces m\u00e9caniques coinc\u00e9es (pinces, boulons, etc.). Laisser agir pendant plusieurs heures.  Pouvoir de p\u00e9n\u00e9tration accru gr\u00e2ce \u00e0 la fluidit\u00e9 du produit.  Nettoyage et protection des pi\u00e8ces m\u00e9caniques.\" \/>\n<meta property=\"og:url\" content=\"https:\/\/maisonecodistribution.com\/eboutique\/produit\/solvant-vegetal\/\" \/>\n<meta property=\"og:site_name\" content=\"Maison \u00c9co Distribution\" \/>\n<meta property=\"article:publisher\" content=\"https:\/\/www.facebook.com\/maisonecodistribution\" \/>\n<meta property=\"article:modified_time\" content=\"2025-09-12T07:57:20+00:00\" \/>\n<meta property=\"og:image\" content=\"https:\/\/maisonecodistribution.com\/eboutique\/wp-content\/uploads\/2024\/04\/solvant-vegetal.jpg.png\" \/>\n\t<meta property=\"og:image:width\" content=\"600\" \/>\n\t<meta property=\"og:image:height\" content=\"756\" \/>\n\t<meta property=\"og:image:type\" content=\"image\/png\" \/>\n<meta name=\"twitter:card\" content=\"summary_large_image\" \/>\n<meta name=\"twitter:label1\" content=\"Disponibilit\u00e9\" \/>\n\t<meta name=\"twitter:data1\" content=\"En stock\" \/>\n<script type=\"application\/ld+json\" class=\"yoast-schema-graph\">{\"@context\":\"https:\/\/schema.org\",\"@graph\":[{\"@type\":[\"WebPage\",\"ItemPage\"],\"@id\":\"https:\/\/maisonecodistribution.com\/eboutique\/produit\/solvant-vegetal\/\",\"url\":\"https:\/\/maisonecodistribution.com\/eboutique\/produit\/solvant-vegetal\/\",\"name\":\"SOLVANT VEGETAL | Maison \u00c9co Distribution\",\"isPartOf\":{\"@id\":\"https:\/\/maisonecodistribution.com\/eboutique\/#website\"},\"primaryImageOfPage\":{\"@id\":\"https:\/\/maisonecodistribution.com\/eboutique\/produit\/solvant-vegetal\/#primaryimage\"},\"image\":{\"@id\":\"https:\/\/maisonecodistribution.com\/eboutique\/produit\/solvant-vegetal\/#primaryimage\"},\"thumbnailUrl\":\"https:\/\/maisonecodistribution.com\/eboutique\/wp-content\/uploads\/2024\/04\/solvant-vegetal.jpg.png\",\"datePublished\":\"2024-04-09T13:18:06+00:00\",\"dateModified\":\"2025-09-12T07:57:20+00:00\",\"breadcrumb\":{\"@id\":\"https:\/\/maisonecodistribution.com\/eboutique\/produit\/solvant-vegetal\/#breadcrumb\"},\"inLanguage\":\"fr-FR\",\"potentialAction\":[{\"@type\":\"ReadAction\",\"target\":[\"https:\/\/maisonecodistribution.com\/eboutique\/produit\/solvant-vegetal\/\"]}]},{\"@type\":\"ImageObject\",\"inLanguage\":\"fr-FR\",\"@id\":\"https:\/\/maisonecodistribution.com\/eboutique\/produit\/solvant-vegetal\/#primaryimage\",\"url\":\"https:\/\/maisonecodistribution.com\/eboutique\/wp-content\/uploads\/2024\/04\/solvant-vegetal.jpg.png\",\"contentUrl\":\"https:\/\/maisonecodistribution.com\/eboutique\/wp-content\/uploads\/2024\/04\/solvant-vegetal.jpg.png\",\"width\":600,\"height\":756},{\"@type\":\"BreadcrumbList\",\"@id\":\"https:\/\/maisonecodistribution.com\/eboutique\/produit\/solvant-vegetal\/#breadcrumb\",\"itemListElement\":[{\"@type\":\"ListItem\",\"position\":1,\"name\":\"Home\",\"item\":\"https:\/\/maisonecodistribution.com\/eboutique\/\"},{\"@type\":\"ListItem\",\"position\":2,\"name\":\"CATALOGUE\",\"item\":\"https:\/\/maisonecodistribution.com\/eboutique\/catalogue\/\"},{\"@type\":\"ListItem\",\"position\":3,\"name\":\"SOLVANT VEGETAL\"}]},{\"@type\":\"WebSite\",\"@id\":\"https:\/\/maisonecodistribution.com\/eboutique\/#website\",\"url\":\"https:\/\/maisonecodistribution.com\/eboutique\/\",\"name\":\"Maison \u00c9co Distribution\",\"description\":\"Tout pour un habitat sain\",\"publisher\":{\"@id\":\"https:\/\/maisonecodistribution.com\/eboutique\/#organization\"},\"potentialAction\":[{\"@type\":\"SearchAction\",\"target\":{\"@type\":\"EntryPoint\",\"urlTemplate\":\"https:\/\/maisonecodistribution.com\/eboutique\/?s={search_term_string}\"},\"query-input\":{\"@type\":\"PropertyValueSpecification\",\"valueRequired\":true,\"valueName\":\"search_term_string\"}}],\"inLanguage\":\"fr-FR\"},{\"@type\":\"Organization\",\"@id\":\"https:\/\/maisonecodistribution.com\/eboutique\/#organization\",\"name\":\"Maison \u00c9co Distribution\",\"url\":\"https:\/\/maisonecodistribution.com\/eboutique\/\",\"logo\":{\"@type\":\"ImageObject\",\"inLanguage\":\"fr-FR\",\"@id\":\"https:\/\/maisonecodistribution.com\/eboutique\/#\/schema\/logo\/image\/\",\"url\":\"https:\/\/maisonecodistribution.com\/eboutique\/wp-content\/uploads\/2024\/07\/logo-maison-eco-1.png\",\"contentUrl\":\"https:\/\/maisonecodistribution.com\/eboutique\/wp-content\/uploads\/2024\/07\/logo-maison-eco-1.png\",\"width\":300,\"height\":321,\"caption\":\"Maison \u00c9co Distribution\"},\"image\":{\"@id\":\"https:\/\/maisonecodistribution.com\/eboutique\/#\/schema\/logo\/image\/\"},\"sameAs\":[\"https:\/\/www.facebook.com\/maisonecodistribution\"]}]}<\/script>\n<meta property=\"og:availability\" content=\"instock\" \/>\n<meta property=\"product:availability\" content=\"instock\" \/>\n<meta property=\"product:condition\" content=\"new\" \/>\n<!-- \/ Yoast SEO plugin. -->","yoast_head_json":{"title":"SOLVANT VEGETAL | Maison \u00c9co Distribution","robots":{"index":"index","follow":"follow","max-snippet":"max-snippet:-1","max-image-preview":"max-image-preview:large","max-video-preview":"max-video-preview:-1"},"canonical":"https:\/\/maisonecodistribution.com\/eboutique\/produit\/solvant-vegetal\/","og_locale":"fr_FR","og_type":"article","og_title":"SOLVANT VEGETAL | Maison \u00c9co Distribution","og_description":"Excellent d\u00e9grippant pour les pi\u00e8ces m\u00e9caniques coinc\u00e9es (pinces, boulons, etc.). Laisser agir pendant plusieurs heures.  Pouvoir de p\u00e9n\u00e9tration accru gr\u00e2ce \u00e0 la fluidit\u00e9 du produit.  Nettoyage et protection des pi\u00e8ces m\u00e9caniques.","og_url":"https:\/\/maisonecodistribution.com\/eboutique\/produit\/solvant-vegetal\/","og_site_name":"Maison \u00c9co Distribution","article_publisher":"https:\/\/www.facebook.com\/maisonecodistribution","article_modified_time":"2025-09-12T07:57:20+00:00","og_image":[{"width":600,"height":756,"url":"https:\/\/maisonecodistribution.com\/eboutique\/wp-content\/uploads\/2024\/04\/solvant-vegetal.jpg.png","type":"image\/png"}],"twitter_card":"summary_large_image","twitter_misc":{"Disponibilit\u00e9":"En stock"},"schema":{"@context":"https:\/\/schema.org","@graph":[{"@type":["WebPage","ItemPage"],"@id":"https:\/\/maisonecodistribution.com\/eboutique\/produit\/solvant-vegetal\/","url":"https:\/\/maisonecodistribution.com\/eboutique\/produit\/solvant-vegetal\/","name":"SOLVANT VEGETAL | Maison \u00c9co Distribution","isPartOf":{"@id":"https:\/\/maisonecodistribution.com\/eboutique\/#website"},"primaryImageOfPage":{"@id":"https:\/\/maisonecodistribution.com\/eboutique\/produit\/solvant-vegetal\/#primaryimage"},"image":{"@id":"https:\/\/maisonecodistribution.com\/eboutique\/produit\/solvant-vegetal\/#primaryimage"},"thumbnailUrl":"https:\/\/maisonecodistribution.com\/eboutique\/wp-content\/uploads\/2024\/04\/solvant-vegetal.jpg.png","datePublished":"2024-04-09T13:18:06+00:00","dateModified":"2025-09-12T07:57:20+00:00","breadcrumb":{"@id":"https:\/\/maisonecodistribution.com\/eboutique\/produit\/solvant-vegetal\/#breadcrumb"},"inLanguage":"fr-FR","potentialAction":[{"@type":"ReadAction","target":["https:\/\/maisonecodistribution.com\/eboutique\/produit\/solvant-vegetal\/"]}]},{"@type":"ImageObject","inLanguage":"fr-FR","@id":"https:\/\/maisonecodistribution.com\/eboutique\/produit\/solvant-vegetal\/#primaryimage","url":"https:\/\/maisonecodistribution.com\/eboutique\/wp-content\/uploads\/2024\/04\/solvant-vegetal.jpg.png","contentUrl":"https:\/\/maisonecodistribution.com\/eboutique\/wp-content\/uploads\/2024\/04\/solvant-vegetal.jpg.png","width":600,"height":756},{"@type":"BreadcrumbList","@id":"https:\/\/maisonecodistribution.com\/eboutique\/produit\/solvant-vegetal\/#breadcrumb","itemListElement":[{"@type":"ListItem","position":1,"name":"Home","item":"https:\/\/maisonecodistribution.com\/eboutique\/"},{"@type":"ListItem","position":2,"name":"CATALOGUE","item":"https:\/\/maisonecodistribution.com\/eboutique\/catalogue\/"},{"@type":"ListItem","position":3,"name":"SOLVANT VEGETAL"}]},{"@type":"WebSite","@id":"https:\/\/maisonecodistribution.com\/eboutique\/#website","url":"https:\/\/maisonecodistribution.com\/eboutique\/","name":"Maison \u00c9co Distribution","description":"Tout pour un habitat sain","publisher":{"@id":"https:\/\/maisonecodistribution.com\/eboutique\/#organization"},"potentialAction":[{"@type":"SearchAction","target":{"@type":"EntryPoint","urlTemplate":"https:\/\/maisonecodistribution.com\/eboutique\/?s={search_term_string}"},"query-input":{"@type":"PropertyValueSpecification","valueRequired":true,"valueName":"search_term_string"}}],"inLanguage":"fr-FR"},{"@type":"Organization","@id":"https:\/\/maisonecodistribution.com\/eboutique\/#organization","name":"Maison \u00c9co Distribution","url":"https:\/\/maisonecodistribution.com\/eboutique\/","logo":{"@type":"ImageObject","inLanguage":"fr-FR","@id":"https:\/\/maisonecodistribution.com\/eboutique\/#\/schema\/logo\/image\/","url":"https:\/\/maisonecodistribution.com\/eboutique\/wp-content\/uploads\/2024\/07\/logo-maison-eco-1.png","contentUrl":"https:\/\/maisonecodistribution.com\/eboutique\/wp-content\/uploads\/2024\/07\/logo-maison-eco-1.png","width":300,"height":321,"caption":"Maison \u00c9co Distribution"},"image":{"@id":"https:\/\/maisonecodistribution.com\/eboutique\/#\/schema\/logo\/image\/"},"sameAs":["https:\/\/www.facebook.com\/maisonecodistribution"]}]},"og_availability":"instock","product_availability":"instock","product_condition":"new"},"_links":{"self":[{"href":"https:\/\/maisonecodistribution.com\/eboutique\/wp-json\/wp\/v2\/product\/3999","targetHints":{"allow":["GET"]}}],"collection":[{"href":"https:\/\/maisonecodistribution.com\/eboutique\/wp-json\/wp\/v2\/product"}],"about":[{"href":"https:\/\/maisonecodistribution.com\/eboutique\/wp-json\/wp\/v2\/types\/product"}],"wp:featuredmedia":[{"embeddable":true,"href":"https:\/\/maisonecodistribution.com\/eboutique\/wp-json\/wp\/v2\/media\/4005"}],"wp:attachment":[{"href":"https:\/\/maisonecodistribution.com\/eboutique\/wp-json\/wp\/v2\/media?parent=3999"}],"wp:term":[{"taxonomy":"product_brand","embeddable":true,"href":"https:\/\/maisonecodistribution.com\/eboutique\/wp-json\/wp\/v2\/product_brand?post=3999"},{"taxonomy":"product_cat","embeddable":true,"href":"https:\/\/maisonecodistribution.com\/eboutique\/wp-json\/wp\/v2\/product_cat?post=3999"},{"taxonomy":"product_tag","embeddable":true,"href":"https:\/\/maisonecodistribution.com\/eboutique\/wp-json\/wp\/v2\/product_tag?post=3999"}],"curies":[{"name":"wp","href":"https:\/\/api.w.org\/{rel}","templated":true}]}}