{"id":3829,"date":"2023-11-07T14:51:01","date_gmt":"2023-11-07T13:51:01","guid":{"rendered":"https:\/\/maisonecodistribution.com\/?post_type=product&#038;p=3829"},"modified":"2025-10-17T10:00:42","modified_gmt":"2025-10-17T08:00:42","slug":"kindlingcracker","status":"publish","type":"product","link":"https:\/\/maisonecodistribution.com\/eboutique\/produit\/kindlingcracker\/","title":{"rendered":"Kindling Cracker"},"content":{"rendered":"<p>Avec une fendeuse \u00e0 bois de chauffage Kindling Cracker\u2122, vous n&rsquo;aurez besoin que d&rsquo;un autre morceau de bois ou d&rsquo;un marteau pour frapper le bois, les deux sont des instruments \u00e9mouss\u00e9s et c&rsquo;est beaucoup plus s\u00fbr pour vos doigts.<\/p>\n<p>Ce qui en fait le moyen le plus s\u00fbr au monde pour vous de couper l&rsquo;a\u00e9ration, vous serez impressionn\u00e9 par la facilit\u00e9 avec laquelle il est \u00e9galement de couper l&rsquo;a\u00e9ration-a\u00e9ration.<\/p>\n<p>La fendeuse \u00e0 bois de chauffage Kindling Cracker\u2122 est en fonte solide en Australie, le coin de division est fix\u00e9 \u00e0 l&rsquo;int\u00e9rieur de la bague de s\u00e9curit\u00e9 brevet\u00e9e (170 mm de diam\u00e8tre int\u00e9rieur), ne laissant jamais vos doigts s&rsquo;approcher de la lame. Pour fendre un morceau de bois, placez-le \u00e0 l&rsquo;int\u00e9rieur du cadre et frappez-le avec un 3-4 lb. Mallet (ou un autre morceau de bois) c&rsquo;est le moyen id\u00e9al de faire le meilleur allume-feu pour votre feu de bois, four \u00e0 pizza, brasier ou chauffage \u00e0 copeaux, ils sont brillants \u00e0 avoir sur n&rsquo;importe quel site de camping ou cabine pour allumer ces feux ext\u00e9rieurs aussi.<\/p>\n<p>Le seul entretien dont il a besoin est un peu de brossage et peut-\u00eatre une touche de peinture de temps en temps pour avoir l&rsquo;air neuf pour des g\u00e9n\u00e9rations.<\/p>\n<div class=\"page\" title=\"Page 1\">\n<div class=\"layoutArea\">\n<div class=\"column\">\n<div class=\"page\" title=\"Page 1\">\n<div class=\"layoutArea\">\n<div class=\"column\">\n<div class=\"page\" title=\"Page 2\">\n<div class=\"layoutArea\">\n<p><strong>Les + du produit : <\/strong><\/p>\n<div class=\"fbox-body\">\n<ul>\n<li><em><strong>Qualit\u00e9, construction haut de gamme<\/strong><\/em><\/li>\n<\/ul>\n<\/div>\n<p class=\"description\">Il se compose d&rsquo;une pi\u00e8ce solide de fonte de haute qualit\u00e9, c&rsquo;est donc quelque chose que les petits-enfants de vos petits-enfants utiliseront pour diviser leur propre Kindleling, s&rsquo;ils sont entretenus et utilis\u00e9s correctement.<\/p>\n<ul>\n<li><strong><em>S\u00fbr et facile \u00e0 utiliser\u00a0<\/em><\/strong><\/li>\n<\/ul>\n<p>Il n&rsquo;est pas n\u00e9cessaire de balancer une lame de hache tranchante dangereusement pr\u00e8s de vos mains. C&rsquo;est le compagnon id\u00e9al pour votre pile de bois de chauffage dans votre cour, cr\u00e9ant un allume-feu parfait pour votre chemin\u00e9e, votre foyer, votre four \u00e0 pizza, votre sauna, votre barbecue ou votre fumeur.<\/p>\n<ul>\n<li><em><strong>Nouvelle-Z\u00e9lande et fabrication australienne<\/strong><\/em><\/li>\n<\/ul>\n<p>Nous sommes fiers de dire que la fendeuse de bois de chauffage Kindling Cracker a \u00e9t\u00e9 invent\u00e9e en Nouvelle-Z\u00e9lande et est fabriqu\u00e9e en Australie avec la plus haute qualit\u00e9 possible.<\/p>\n<div  class='tabcontainer av-w1a2s-421fcc50b6ad35202a86b6fd3e7b11b1 top_tab  avia-builder-el-0  avia-builder-el-no-sibling '>\n<section class='av_tab_section av_tab_section av-raeuc-3ca0ff038ff76ed26b9240b8bb3516e9'  itemscope=\"itemscope\" itemtype=\"https:\/\/schema.org\/CreativeWork\" ><div id='tab-id-1-tab' class='tab active_tab' role='tab' aria-selected=\"true\" tabindex=\"0\" data-fake-id='#tab-id-1' aria-controls='tab-id-1-content'  itemprop=\"headline\" ><span class='tab_icon avia-iconfont avia-font-entypo-fontello' data-av_icon='\ue84b' data-av_iconfont='entypo-fontello' ><\/span>Fiches Techniques<\/div><div id='tab-id-1-content' class='tab_content active_tab_content' role='tabpanel' aria-labelledby='tab-id-1-tab' aria-hidden=\"false\"><div class='tab_inner_content invers-color'  itemprop=\"text\" ><div  class='avia-button-wrap av-igylo-ae14909c000d0f6a3ea03770f17cb339-wrap avia-button-left  avia-builder-el-1  avia-builder-el-no-sibling '><a href='https:\/\/maisonecodistribution.com\/eboutique\/wp-content\/uploads\/2023\/11\/Depliant-Kindling-Cracker-2023_compressed.pdf'  class='avia-button av-igylo-ae14909c000d0f6a3ea03770f17cb339 av-link-btn avia-icon_select-yes-left-icon avia-size-small avia-position-left av-icon-on-hover avia-color-theme-color'  target=\"_blank\"  rel=\"noopener noreferrer\"  aria-label=\"T\u00e9l\u00e9charger la fiche technique (PDF)\"><span class='avia_button_icon avia_button_icon_left avia-iconfont avia-font-entypo-fontello' data-av_icon='\ue82d' data-av_iconfont='entypo-fontello' ><\/span><span class='avia_iconbox_title' >T\u00e9l\u00e9charger la fiche technique (PDF)<\/span><\/a><\/div>\n<\/div><\/div><\/section>\n<table width=\"567\">\n<tbody>\n<tr>\n<td style=\"text-align: center;\" width=\"283\"><strong>PRODUIT<\/strong><\/td>\n<td style=\"text-align: center;\" width=\"142\"><strong>Prix HT \/ unit\u00e9<\/strong><\/td>\n<td style=\"text-align: center;\" width=\"142\"><strong>Prix TTC \/ unit\u00e9<\/strong><\/td>\n<\/tr>\n<tr>\n<td width=\"283\">Kindling Cracker Original<\/td>\n<td style=\"text-align: center;\" width=\"142\">124,17 \u20ac<\/td>\n<td style=\"text-align: center;\" width=\"142\">149,00 \u20ac<\/td>\n<\/tr>\n<tr>\n<td width=\"283\">Kindling Cracker King<\/td>\n<td style=\"text-align: center;\" width=\"142\">190,83 \u20ac<\/td>\n<td style=\"text-align: center;\" width=\"142\">229,00 \u20ac<\/td>\n<\/tr>\n<tr>\n<td width=\"283\">Accessoire : Marteau Picard<\/td>\n<td style=\"text-align: center;\" width=\"142\">29,13 \u20ac<\/td>\n<td style=\"text-align: center;\" width=\"142\">34,95 \u20ac<\/td>\n<\/tr>\n<\/tbody>\n<\/table>\n[\/av_tab]\n<\/div>\n<\/div>\n<\/div>\n<\/div>\n<\/div>\n<\/div>\n<\/div>\n<\/div>\n<\/div>\n","protected":false},"excerpt":{"rendered":"<p>La <strong>fendeuse \u00e0 bois de chauffage<\/strong> <strong>Kindling Cracker\u2122 <\/strong> est fabriqu\u00e9e dans une fonderie australienne. Il se compose d&rsquo;une pi\u00e8ce solide de fonte de haute qualit\u00e9, c&rsquo;est donc quelque chose que les petits-enfants de vos petits-enfants utiliseront pour diviser leur propre Kindleling, s&rsquo;ils sont entretenus et utilis\u00e9s correctement.<\/p>\n","protected":false},"featured_media":3831,"template":"","meta":[],"product_brand":[],"product_cat":[3066,22,47,2535,2536],"product_tag":[3029,3034,2567,2692],"class_list":{"0":"post-3829","1":"product","2":"type-product","3":"status-publish","4":"has-post-thumbnail","6":"product_cat-kindling-cracker","7":"product_cat-equipement-energie","8":"product_cat-chauffage-bois-et-granules","9":"product_cat-bois-de-chauffage-granules","10":"product_cat-accessoires-pour-poeles-et-cheminees","11":"product_tag-autonomie","12":"product_tag-energie-renouvelable","13":"product_tag-equipement-et-energie","14":"product_tag-equipements-de-la-maison","16":"first","17":"instock","18":"taxable","19":"shipping-taxable","20":"purchasable","21":"product-type-variable"},"yoast_head":"<!-- This site is optimized with the Yoast SEO plugin v25.1 - https:\/\/yoast.com\/wordpress\/plugins\/seo\/ -->\n<title>Kindling Cracker | Fendeuse \u00e0 bois | Maison \u00c9co Distribution<\/title>\n<meta name=\"description\" content=\"La fendeuse \u00e0 bois de chauffage Kindling Cracker\u2122 est fabriqu\u00e9e dans une fonderie australienne.\" \/>\n<meta name=\"robots\" content=\"index, follow, max-snippet:-1, max-image-preview:large, max-video-preview:-1\" \/>\n<link rel=\"canonical\" href=\"https:\/\/maisonecodistribution.com\/eboutique\/produit\/kindlingcracker\/\" \/>\n<meta property=\"og:locale\" content=\"fr_FR\" \/>\n<meta property=\"og:type\" content=\"article\" \/>\n<meta property=\"og:title\" content=\"Kindling Cracker | Fendeuse \u00e0 bois | Maison \u00c9co Distribution\" \/>\n<meta property=\"og:description\" content=\"La fendeuse \u00e0 bois de chauffage Kindling Cracker\u2122 est fabriqu\u00e9e dans une fonderie australienne.\" \/>\n<meta property=\"og:url\" content=\"https:\/\/maisonecodistribution.com\/eboutique\/produit\/kindlingcracker\/\" \/>\n<meta property=\"og:site_name\" content=\"Maison \u00c9co Distribution\" \/>\n<meta property=\"article:publisher\" content=\"https:\/\/www.facebook.com\/maisonecodistribution\" \/>\n<meta property=\"article:modified_time\" content=\"2025-10-17T08:00:42+00:00\" \/>\n<meta property=\"og:image\" content=\"https:\/\/maisonecodistribution.com\/eboutique\/wp-content\/uploads\/2023\/11\/featuredProduct_2x.jpg.webp\" \/>\n\t<meta property=\"og:image:width\" content=\"370\" \/>\n\t<meta property=\"og:image:height\" content=\"480\" \/>\n\t<meta property=\"og:image:type\" content=\"image\/webp\" \/>\n<meta name=\"twitter:card\" content=\"summary_large_image\" \/>\n<meta name=\"twitter:label1\" content=\"Disponibilit\u00e9\" \/>\n\t<meta name=\"twitter:data1\" content=\"En stock\" \/>\n<script type=\"application\/ld+json\" class=\"yoast-schema-graph\">{\"@context\":\"https:\/\/schema.org\",\"@graph\":[{\"@type\":[\"WebPage\",\"ItemPage\"],\"@id\":\"https:\/\/maisonecodistribution.com\/eboutique\/produit\/kindlingcracker\/\",\"url\":\"https:\/\/maisonecodistribution.com\/eboutique\/produit\/kindlingcracker\/\",\"name\":\"Kindling Cracker | Fendeuse \u00e0 bois | Maison \u00c9co Distribution\",\"isPartOf\":{\"@id\":\"https:\/\/maisonecodistribution.com\/eboutique\/#website\"},\"primaryImageOfPage\":{\"@id\":\"https:\/\/maisonecodistribution.com\/eboutique\/produit\/kindlingcracker\/#primaryimage\"},\"image\":{\"@id\":\"https:\/\/maisonecodistribution.com\/eboutique\/produit\/kindlingcracker\/#primaryimage\"},\"thumbnailUrl\":\"https:\/\/maisonecodistribution.com\/eboutique\/wp-content\/uploads\/2023\/11\/featuredProduct_2x.jpg.webp\",\"datePublished\":\"2023-11-07T13:51:01+00:00\",\"dateModified\":\"2025-10-17T08:00:42+00:00\",\"description\":\"La fendeuse \u00e0 bois de chauffage Kindling Cracker\u2122 est fabriqu\u00e9e dans une fonderie australienne.\",\"breadcrumb\":{\"@id\":\"https:\/\/maisonecodistribution.com\/eboutique\/produit\/kindlingcracker\/#breadcrumb\"},\"inLanguage\":\"fr-FR\",\"potentialAction\":[{\"@type\":\"ReadAction\",\"target\":[\"https:\/\/maisonecodistribution.com\/eboutique\/produit\/kindlingcracker\/\"]}]},{\"@type\":\"ImageObject\",\"inLanguage\":\"fr-FR\",\"@id\":\"https:\/\/maisonecodistribution.com\/eboutique\/produit\/kindlingcracker\/#primaryimage\",\"url\":\"https:\/\/maisonecodistribution.com\/eboutique\/wp-content\/uploads\/2023\/11\/featuredProduct_2x.jpg.webp\",\"contentUrl\":\"https:\/\/maisonecodistribution.com\/eboutique\/wp-content\/uploads\/2023\/11\/featuredProduct_2x.jpg.webp\",\"width\":370,\"height\":480},{\"@type\":\"BreadcrumbList\",\"@id\":\"https:\/\/maisonecodistribution.com\/eboutique\/produit\/kindlingcracker\/#breadcrumb\",\"itemListElement\":[{\"@type\":\"ListItem\",\"position\":1,\"name\":\"Home\",\"item\":\"https:\/\/maisonecodistribution.com\/eboutique\/\"},{\"@type\":\"ListItem\",\"position\":2,\"name\":\"CATALOGUE\",\"item\":\"https:\/\/maisonecodistribution.com\/eboutique\/catalogue\/\"},{\"@type\":\"ListItem\",\"position\":3,\"name\":\"Kindling Cracker\"}]},{\"@type\":\"WebSite\",\"@id\":\"https:\/\/maisonecodistribution.com\/eboutique\/#website\",\"url\":\"https:\/\/maisonecodistribution.com\/eboutique\/\",\"name\":\"Maison \u00c9co Distribution\",\"description\":\"Tout pour un habitat sain\",\"publisher\":{\"@id\":\"https:\/\/maisonecodistribution.com\/eboutique\/#organization\"},\"potentialAction\":[{\"@type\":\"SearchAction\",\"target\":{\"@type\":\"EntryPoint\",\"urlTemplate\":\"https:\/\/maisonecodistribution.com\/eboutique\/?s={search_term_string}\"},\"query-input\":{\"@type\":\"PropertyValueSpecification\",\"valueRequired\":true,\"valueName\":\"search_term_string\"}}],\"inLanguage\":\"fr-FR\"},{\"@type\":\"Organization\",\"@id\":\"https:\/\/maisonecodistribution.com\/eboutique\/#organization\",\"name\":\"Maison \u00c9co Distribution\",\"url\":\"https:\/\/maisonecodistribution.com\/eboutique\/\",\"logo\":{\"@type\":\"ImageObject\",\"inLanguage\":\"fr-FR\",\"@id\":\"https:\/\/maisonecodistribution.com\/eboutique\/#\/schema\/logo\/image\/\",\"url\":\"https:\/\/maisonecodistribution.com\/eboutique\/wp-content\/uploads\/2024\/07\/logo-maison-eco-1.png\",\"contentUrl\":\"https:\/\/maisonecodistribution.com\/eboutique\/wp-content\/uploads\/2024\/07\/logo-maison-eco-1.png\",\"width\":300,\"height\":321,\"caption\":\"Maison \u00c9co Distribution\"},\"image\":{\"@id\":\"https:\/\/maisonecodistribution.com\/eboutique\/#\/schema\/logo\/image\/\"},\"sameAs\":[\"https:\/\/www.facebook.com\/maisonecodistribution\"]}]}<\/script>\n<meta property=\"og:availability\" content=\"instock\" \/>\n<meta property=\"product:availability\" content=\"instock\" \/>\n<meta property=\"product:retailer_item_id\" content=\"1-1-2\" \/>\n<meta property=\"product:condition\" content=\"new\" \/>\n<!-- \/ Yoast SEO plugin. -->","yoast_head_json":{"title":"Kindling Cracker | Fendeuse \u00e0 bois | Maison \u00c9co Distribution","description":"La fendeuse \u00e0 bois de chauffage Kindling Cracker\u2122 est fabriqu\u00e9e dans une fonderie australienne.","robots":{"index":"index","follow":"follow","max-snippet":"max-snippet:-1","max-image-preview":"max-image-preview:large","max-video-preview":"max-video-preview:-1"},"canonical":"https:\/\/maisonecodistribution.com\/eboutique\/produit\/kindlingcracker\/","og_locale":"fr_FR","og_type":"article","og_title":"Kindling Cracker | Fendeuse \u00e0 bois | Maison \u00c9co Distribution","og_description":"La fendeuse \u00e0 bois de chauffage Kindling Cracker\u2122 est fabriqu\u00e9e dans une fonderie australienne.","og_url":"https:\/\/maisonecodistribution.com\/eboutique\/produit\/kindlingcracker\/","og_site_name":"Maison \u00c9co Distribution","article_publisher":"https:\/\/www.facebook.com\/maisonecodistribution","article_modified_time":"2025-10-17T08:00:42+00:00","og_image":[{"width":370,"height":480,"url":"https:\/\/maisonecodistribution.com\/eboutique\/wp-content\/uploads\/2023\/11\/featuredProduct_2x.jpg.webp","type":"image\/webp"}],"twitter_card":"summary_large_image","twitter_misc":{"Disponibilit\u00e9":"En stock"},"schema":{"@context":"https:\/\/schema.org","@graph":[{"@type":["WebPage","ItemPage"],"@id":"https:\/\/maisonecodistribution.com\/eboutique\/produit\/kindlingcracker\/","url":"https:\/\/maisonecodistribution.com\/eboutique\/produit\/kindlingcracker\/","name":"Kindling Cracker | Fendeuse \u00e0 bois | Maison \u00c9co Distribution","isPartOf":{"@id":"https:\/\/maisonecodistribution.com\/eboutique\/#website"},"primaryImageOfPage":{"@id":"https:\/\/maisonecodistribution.com\/eboutique\/produit\/kindlingcracker\/#primaryimage"},"image":{"@id":"https:\/\/maisonecodistribution.com\/eboutique\/produit\/kindlingcracker\/#primaryimage"},"thumbnailUrl":"https:\/\/maisonecodistribution.com\/eboutique\/wp-content\/uploads\/2023\/11\/featuredProduct_2x.jpg.webp","datePublished":"2023-11-07T13:51:01+00:00","dateModified":"2025-10-17T08:00:42+00:00","description":"La fendeuse \u00e0 bois de chauffage Kindling Cracker\u2122 est fabriqu\u00e9e dans une fonderie australienne.","breadcrumb":{"@id":"https:\/\/maisonecodistribution.com\/eboutique\/produit\/kindlingcracker\/#breadcrumb"},"inLanguage":"fr-FR","potentialAction":[{"@type":"ReadAction","target":["https:\/\/maisonecodistribution.com\/eboutique\/produit\/kindlingcracker\/"]}]},{"@type":"ImageObject","inLanguage":"fr-FR","@id":"https:\/\/maisonecodistribution.com\/eboutique\/produit\/kindlingcracker\/#primaryimage","url":"https:\/\/maisonecodistribution.com\/eboutique\/wp-content\/uploads\/2023\/11\/featuredProduct_2x.jpg.webp","contentUrl":"https:\/\/maisonecodistribution.com\/eboutique\/wp-content\/uploads\/2023\/11\/featuredProduct_2x.jpg.webp","width":370,"height":480},{"@type":"BreadcrumbList","@id":"https:\/\/maisonecodistribution.com\/eboutique\/produit\/kindlingcracker\/#breadcrumb","itemListElement":[{"@type":"ListItem","position":1,"name":"Home","item":"https:\/\/maisonecodistribution.com\/eboutique\/"},{"@type":"ListItem","position":2,"name":"CATALOGUE","item":"https:\/\/maisonecodistribution.com\/eboutique\/catalogue\/"},{"@type":"ListItem","position":3,"name":"Kindling Cracker"}]},{"@type":"WebSite","@id":"https:\/\/maisonecodistribution.com\/eboutique\/#website","url":"https:\/\/maisonecodistribution.com\/eboutique\/","name":"Maison \u00c9co Distribution","description":"Tout pour un habitat sain","publisher":{"@id":"https:\/\/maisonecodistribution.com\/eboutique\/#organization"},"potentialAction":[{"@type":"SearchAction","target":{"@type":"EntryPoint","urlTemplate":"https:\/\/maisonecodistribution.com\/eboutique\/?s={search_term_string}"},"query-input":{"@type":"PropertyValueSpecification","valueRequired":true,"valueName":"search_term_string"}}],"inLanguage":"fr-FR"},{"@type":"Organization","@id":"https:\/\/maisonecodistribution.com\/eboutique\/#organization","name":"Maison \u00c9co Distribution","url":"https:\/\/maisonecodistribution.com\/eboutique\/","logo":{"@type":"ImageObject","inLanguage":"fr-FR","@id":"https:\/\/maisonecodistribution.com\/eboutique\/#\/schema\/logo\/image\/","url":"https:\/\/maisonecodistribution.com\/eboutique\/wp-content\/uploads\/2024\/07\/logo-maison-eco-1.png","contentUrl":"https:\/\/maisonecodistribution.com\/eboutique\/wp-content\/uploads\/2024\/07\/logo-maison-eco-1.png","width":300,"height":321,"caption":"Maison \u00c9co Distribution"},"image":{"@id":"https:\/\/maisonecodistribution.com\/eboutique\/#\/schema\/logo\/image\/"},"sameAs":["https:\/\/www.facebook.com\/maisonecodistribution"]}]},"og_availability":"instock","product_availability":"instock","product_retailer_item_id":"1-1-2","product_condition":"new"},"_links":{"self":[{"href":"https:\/\/maisonecodistribution.com\/eboutique\/wp-json\/wp\/v2\/product\/3829","targetHints":{"allow":["GET"]}}],"collection":[{"href":"https:\/\/maisonecodistribution.com\/eboutique\/wp-json\/wp\/v2\/product"}],"about":[{"href":"https:\/\/maisonecodistribution.com\/eboutique\/wp-json\/wp\/v2\/types\/product"}],"wp:featuredmedia":[{"embeddable":true,"href":"https:\/\/maisonecodistribution.com\/eboutique\/wp-json\/wp\/v2\/media\/3831"}],"wp:attachment":[{"href":"https:\/\/maisonecodistribution.com\/eboutique\/wp-json\/wp\/v2\/media?parent=3829"}],"wp:term":[{"taxonomy":"product_brand","embeddable":true,"href":"https:\/\/maisonecodistribution.com\/eboutique\/wp-json\/wp\/v2\/product_brand?post=3829"},{"taxonomy":"product_cat","embeddable":true,"href":"https:\/\/maisonecodistribution.com\/eboutique\/wp-json\/wp\/v2\/product_cat?post=3829"},{"taxonomy":"product_tag","embeddable":true,"href":"https:\/\/maisonecodistribution.com\/eboutique\/wp-json\/wp\/v2\/product_tag?post=3829"}],"curies":[{"name":"wp","href":"https:\/\/api.w.org\/{rel}","templated":true}]}}