{"id":3714,"date":"2023-01-23T15:27:33","date_gmt":"2023-01-23T14:27:33","guid":{"rendered":"https:\/\/maisonecodistribution.com\/?post_type=product&#038;p=3714"},"modified":"2026-01-05T22:32:43","modified_gmt":"2026-01-05T21:32:43","slug":"corbeille-en-corde-cabestan","status":"publish","type":"product","link":"https:\/\/maisonecodistribution.com\/eboutique\/produit\/corbeille-en-corde-cabestan\/","title":{"rendered":"Corbeille en corde CABESTAN"},"content":{"rendered":"<ul>\n<li>Mati\u00e8re : Corde en coton enroul\u00e9 cousu<\/li>\n<li>Couleur : Gris \/ blanc<\/li>\n<li>Dimensions : <span class=\"filter_current_values\">L. 40 cm \/ P. 40 cm \/ H. 40 cm<\/span><\/li>\n<li>Contenance : Jusqu&rsquo;\u00e0 12 b\u00fbches de 30 \u00e0 40 cm<\/li>\n<\/ul>\n<p>Assur\u00e9ment graphique, Cabestan puise son inspiration des noeuds de marins. Elle trouvera aussi bien sa place dans des int\u00e9rieurs classiques que modernes.<\/p>\n<div class=\"c-app-preview-facet__facet-value c-app-preview-facet__facet-value--type-imageslist\">\n<div data-facetvalue-global-counter=\"4\">\n<p><strong>Les + du produit :<\/strong><\/p>\n<ul>\n<li>R\u00e9sistant : anse inarrachable<\/li>\n<li>Pratique : transport et stockage<\/li>\n<li>Joli coloris<\/li>\n<\/ul>\n<div  class='tabcontainer av-w1a2s-421fcc50b6ad35202a86b6fd3e7b11b1 top_tab  avia-builder-el-0  avia-builder-el-no-sibling '>\n<section class='av_tab_section av_tab_section av-f3tho-673245044c8cd2155e38098f98d96955'  itemscope=\"itemscope\" itemtype=\"https:\/\/schema.org\/CreativeWork\" ><div id='tab-id-1-tab' class='tab active_tab' role='tab' aria-selected=\"true\" tabindex=\"0\" data-fake-id='#tab-id-1' aria-controls='tab-id-1-content'  itemprop=\"headline\" ><span class='tab_icon avia-iconfont avia-font-entypo-fontello' data-av_icon='\ue81f' data-av_iconfont='entypo-fontello' ><\/span>\u00c0 propos de la marque<\/div><div id='tab-id-1-content' class='tab_content active_tab_content' role='tabpanel' aria-labelledby='tab-id-1-tab' aria-hidden=\"false\"><div class='tab_inner_content invers-color'  itemprop=\"text\" ><p><img loading=\"lazy\" decoding=\"async\" class=\"alignleft wp-image-2815 \" src=\"https:\/\/maisonecodistribution.com\/eboutique\/wp-content\/uploads\/2021\/02\/index1.png\" alt=\"\" width=\"194\" height=\"45\" srcset=\"https:\/\/maisonecodistribution.com\/eboutique\/wp-content\/uploads\/2021\/02\/index1.png 466w, https:\/\/maisonecodistribution.com\/eboutique\/wp-content\/uploads\/2021\/02\/index1-300x70.png 300w\" sizes=\"auto, (max-width: 194px) 100vw, 194px\" \/>Ancr\u00e9e depuis son origine dans les Pays de la Loire, la soci\u00e9t\u00e9 industrielle et familiale <a href=\"https:\/\/www.dixneuf.com\/\" target=\"_blank\" rel=\"noopener noreferrer\">Dixneuf<\/a> imagine et con\u00e7oit toutes les solutions pour vivre confortablement et intens\u00e9ment la chaleur bois. L&rsquo;entreprise Dixneuf vient de f\u00eater ses cent ans.<\/p>\n<\/div><\/div><\/section><section class='av_tab_section av_tab_section av-a4nn8-51255d398f2397d9e0b34ca3e4c5aa18'  itemscope=\"itemscope\" itemtype=\"https:\/\/schema.org\/CreativeWork\" ><div id='tab-id-2-tab' class='tab' role='tab' aria-selected=\"false\" tabindex=\"0\" data-fake-id='#tab-id-2' aria-controls='tab-id-2-content'  itemprop=\"headline\" ><span class='tab_icon avia-iconfont avia-font-entypo-fontello' data-av_icon='\ue817' data-av_iconfont='entypo-fontello' ><\/span>Plus d\u2019informations <\/div><div id='tab-id-2-content' class='tab_content' role='tabpanel' aria-labelledby='tab-id-2-tab' aria-hidden=\"true\"><div class='tab_inner_content invers-color'  itemprop=\"text\" ><table>\n<tbody>\n<tr>\n<td width=\"255\"><strong>PRODUIT<\/strong><\/td>\n<td style=\"text-align: center;\" width=\"181\"><strong>Prix HT\/unit\u00e9<\/strong><\/td>\n<td style=\"text-align: center;\" width=\"181\"><strong>Prix TTC\/unit\u00e9<\/strong><\/td>\n<\/tr>\n<tr>\n<td width=\"255\">CORBEILLE CABESTAN<\/td>\n<td style=\"text-align: center;\" width=\"181\">45 \u20ac<\/td>\n<td style=\"text-align: center;\" width=\"181\">54,00 \u20ac<\/td>\n<\/tr>\n<\/tbody>\n<\/table>\n<\/div><\/div><\/section>\n<\/div>\n<p>&nbsp;<\/p>\n<\/div>\n<\/div>\n","protected":false},"excerpt":{"rendered":"<p><span class=\"PBLongTxt\"><strong>Panier range-b\u00fbches en corde<\/strong>. Id\u00e9al pour transporter votre bois et pour le stocker \u00e9l\u00e9gamment pr\u00e8s de <a href=\"https:\/\/maisonecodistribution.com\/eboutique\/chauffage-bois-granules\/\" target=\"_blank\" rel=\"noopener\">votre po\u00eale ou de votre chemin\u00e9e<\/a>.<\/span><\/p>\n","protected":false},"featured_media":3715,"template":"","meta":[],"product_brand":[],"product_cat":[2690,22,2536],"product_tag":[2563,2565,2566,2561,2567,2559],"class_list":{"0":"post-3714","1":"product","2":"type-product","3":"status-publish","4":"has-post-thumbnail","6":"product_cat-dix-neuf","7":"product_cat-equipement-energie","8":"product_cat-accessoires-pour-poeles-et-cheminees","9":"product_tag-accessoires-pour-poeles-et-cheminees","10":"product_tag-bois-buches","11":"product_tag-bois-de-chauffage","12":"product_tag-chauffage-au-bois","13":"product_tag-equipement-et-energie","14":"product_tag-poele-a-bois","16":"first","17":"outofstock","18":"taxable","19":"shipping-taxable","20":"purchasable","21":"product-type-simple"},"yoast_head":"<!-- This site is optimized with the Yoast SEO plugin v25.1 - https:\/\/yoast.com\/wordpress\/plugins\/seo\/ -->\n<title>Corbeille en corde CABESTAN | \u00c9quipements \u00e9cologiques | Maison \u00c9co Distribution<\/title>\n<meta name=\"description\" content=\"Panier range-b\u00fbches en osier. Forme berceau.\u00a0 Id\u00e9al pour transporter votre bois et pour le stocker \u00e9l\u00e9gamment pr\u00e8s de votre po\u00eale ou de votre chemin\u00e9e.\" \/>\n<meta name=\"robots\" content=\"index, follow, max-snippet:-1, max-image-preview:large, max-video-preview:-1\" \/>\n<link rel=\"canonical\" href=\"https:\/\/maisonecodistribution.com\/eboutique\/produit\/corbeille-en-corde-cabestan\/\" \/>\n<meta property=\"og:locale\" content=\"fr_FR\" \/>\n<meta property=\"og:type\" content=\"article\" \/>\n<meta property=\"og:title\" content=\"Corbeille en corde CABESTAN | \u00c9quipements \u00e9cologiques | Maison \u00c9co Distribution\" \/>\n<meta property=\"og:description\" content=\"Panier range-b\u00fbches en osier. Forme berceau.\u00a0 Id\u00e9al pour transporter votre bois et pour le stocker \u00e9l\u00e9gamment pr\u00e8s de votre po\u00eale ou de votre chemin\u00e9e.\" \/>\n<meta property=\"og:url\" content=\"https:\/\/maisonecodistribution.com\/eboutique\/produit\/corbeille-en-corde-cabestan\/\" \/>\n<meta property=\"og:site_name\" content=\"Maison \u00c9co Distribution\" \/>\n<meta property=\"article:publisher\" content=\"https:\/\/www.facebook.com\/maisonecodistribution\" \/>\n<meta property=\"article:modified_time\" content=\"2026-01-05T21:32:43+00:00\" \/>\n<meta property=\"og:image\" content=\"https:\/\/maisonecodistribution.com\/eboutique\/wp-content\/uploads\/2023\/01\/005.c1000-cabestan-rangebuches-noirblanc.png\" \/>\n\t<meta property=\"og:image:width\" content=\"760\" \/>\n\t<meta property=\"og:image:height\" content=\"760\" \/>\n\t<meta property=\"og:image:type\" content=\"image\/png\" \/>\n<meta name=\"twitter:card\" content=\"summary_large_image\" \/>\n<meta name=\"twitter:label1\" content=\"Prix\" \/>\n\t<meta name=\"twitter:data1\" content=\"54,00&nbsp;&euro; TTC\" \/>\n\t<meta name=\"twitter:label2\" content=\"Disponibilit\u00e9\" \/>\n\t<meta name=\"twitter:data2\" content=\"Rupture de stock\" \/>\n<script type=\"application\/ld+json\" class=\"yoast-schema-graph\">{\"@context\":\"https:\/\/schema.org\",\"@graph\":[{\"@type\":[\"WebPage\",\"ItemPage\"],\"@id\":\"https:\/\/maisonecodistribution.com\/eboutique\/produit\/corbeille-en-corde-cabestan\/\",\"url\":\"https:\/\/maisonecodistribution.com\/eboutique\/produit\/corbeille-en-corde-cabestan\/\",\"name\":\"Corbeille en corde CABESTAN | \u00c9quipements \u00e9cologiques | Maison \u00c9co Distribution\",\"isPartOf\":{\"@id\":\"https:\/\/maisonecodistribution.com\/eboutique\/#website\"},\"primaryImageOfPage\":{\"@id\":\"https:\/\/maisonecodistribution.com\/eboutique\/produit\/corbeille-en-corde-cabestan\/#primaryimage\"},\"image\":{\"@id\":\"https:\/\/maisonecodistribution.com\/eboutique\/produit\/corbeille-en-corde-cabestan\/#primaryimage\"},\"thumbnailUrl\":\"https:\/\/maisonecodistribution.com\/eboutique\/wp-content\/uploads\/2023\/01\/005.c1000-cabestan-rangebuches-noirblanc.png\",\"datePublished\":\"2023-01-23T14:27:33+00:00\",\"dateModified\":\"2026-01-05T21:32:43+00:00\",\"description\":\"Panier range-b\u00fbches en osier. Forme berceau.\u00a0 Id\u00e9al pour transporter votre bois et pour le stocker \u00e9l\u00e9gamment pr\u00e8s de votre po\u00eale ou de votre chemin\u00e9e.\",\"breadcrumb\":{\"@id\":\"https:\/\/maisonecodistribution.com\/eboutique\/produit\/corbeille-en-corde-cabestan\/#breadcrumb\"},\"inLanguage\":\"fr-FR\",\"potentialAction\":[{\"@type\":\"ReadAction\",\"target\":[\"https:\/\/maisonecodistribution.com\/eboutique\/produit\/corbeille-en-corde-cabestan\/\"]}]},{\"@type\":\"ImageObject\",\"inLanguage\":\"fr-FR\",\"@id\":\"https:\/\/maisonecodistribution.com\/eboutique\/produit\/corbeille-en-corde-cabestan\/#primaryimage\",\"url\":\"https:\/\/maisonecodistribution.com\/eboutique\/wp-content\/uploads\/2023\/01\/005.c1000-cabestan-rangebuches-noirblanc.png\",\"contentUrl\":\"https:\/\/maisonecodistribution.com\/eboutique\/wp-content\/uploads\/2023\/01\/005.c1000-cabestan-rangebuches-noirblanc.png\",\"width\":760,\"height\":760},{\"@type\":\"BreadcrumbList\",\"@id\":\"https:\/\/maisonecodistribution.com\/eboutique\/produit\/corbeille-en-corde-cabestan\/#breadcrumb\",\"itemListElement\":[{\"@type\":\"ListItem\",\"position\":1,\"name\":\"Home\",\"item\":\"https:\/\/maisonecodistribution.com\/eboutique\/\"},{\"@type\":\"ListItem\",\"position\":2,\"name\":\"CATALOGUE\",\"item\":\"https:\/\/maisonecodistribution.com\/eboutique\/catalogue\/\"},{\"@type\":\"ListItem\",\"position\":3,\"name\":\"Corbeille en corde CABESTAN\"}]},{\"@type\":\"WebSite\",\"@id\":\"https:\/\/maisonecodistribution.com\/eboutique\/#website\",\"url\":\"https:\/\/maisonecodistribution.com\/eboutique\/\",\"name\":\"Maison \u00c9co Distribution\",\"description\":\"Tout pour un habitat sain\",\"publisher\":{\"@id\":\"https:\/\/maisonecodistribution.com\/eboutique\/#organization\"},\"potentialAction\":[{\"@type\":\"SearchAction\",\"target\":{\"@type\":\"EntryPoint\",\"urlTemplate\":\"https:\/\/maisonecodistribution.com\/eboutique\/?s={search_term_string}\"},\"query-input\":{\"@type\":\"PropertyValueSpecification\",\"valueRequired\":true,\"valueName\":\"search_term_string\"}}],\"inLanguage\":\"fr-FR\"},{\"@type\":\"Organization\",\"@id\":\"https:\/\/maisonecodistribution.com\/eboutique\/#organization\",\"name\":\"Maison \u00c9co Distribution\",\"url\":\"https:\/\/maisonecodistribution.com\/eboutique\/\",\"logo\":{\"@type\":\"ImageObject\",\"inLanguage\":\"fr-FR\",\"@id\":\"https:\/\/maisonecodistribution.com\/eboutique\/#\/schema\/logo\/image\/\",\"url\":\"https:\/\/maisonecodistribution.com\/eboutique\/wp-content\/uploads\/2024\/07\/logo-maison-eco-1.png\",\"contentUrl\":\"https:\/\/maisonecodistribution.com\/eboutique\/wp-content\/uploads\/2024\/07\/logo-maison-eco-1.png\",\"width\":300,\"height\":321,\"caption\":\"Maison \u00c9co Distribution\"},\"image\":{\"@id\":\"https:\/\/maisonecodistribution.com\/eboutique\/#\/schema\/logo\/image\/\"},\"sameAs\":[\"https:\/\/www.facebook.com\/maisonecodistribution\"]}]}<\/script>\n<meta property=\"product:price:amount\" content=\"54.00\" \/>\n<meta property=\"product:price:currency\" content=\"EUR\" \/>\n<meta property=\"og:availability\" content=\"out of stock\" \/>\n<meta property=\"product:availability\" content=\"out of stock\" \/>\n<meta property=\"product:condition\" content=\"new\" \/>\n<!-- \/ Yoast SEO plugin. -->","yoast_head_json":{"title":"Corbeille en corde CABESTAN | \u00c9quipements \u00e9cologiques | Maison \u00c9co Distribution","description":"Panier range-b\u00fbches en osier. Forme berceau.\u00a0 Id\u00e9al pour transporter votre bois et pour le stocker \u00e9l\u00e9gamment pr\u00e8s de votre po\u00eale ou de votre chemin\u00e9e.","robots":{"index":"index","follow":"follow","max-snippet":"max-snippet:-1","max-image-preview":"max-image-preview:large","max-video-preview":"max-video-preview:-1"},"canonical":"https:\/\/maisonecodistribution.com\/eboutique\/produit\/corbeille-en-corde-cabestan\/","og_locale":"fr_FR","og_type":"article","og_title":"Corbeille en corde CABESTAN | \u00c9quipements \u00e9cologiques | Maison \u00c9co Distribution","og_description":"Panier range-b\u00fbches en osier. Forme berceau.\u00a0 Id\u00e9al pour transporter votre bois et pour le stocker \u00e9l\u00e9gamment pr\u00e8s de votre po\u00eale ou de votre chemin\u00e9e.","og_url":"https:\/\/maisonecodistribution.com\/eboutique\/produit\/corbeille-en-corde-cabestan\/","og_site_name":"Maison \u00c9co Distribution","article_publisher":"https:\/\/www.facebook.com\/maisonecodistribution","article_modified_time":"2026-01-05T21:32:43+00:00","og_image":[{"width":760,"height":760,"url":"https:\/\/maisonecodistribution.com\/eboutique\/wp-content\/uploads\/2023\/01\/005.c1000-cabestan-rangebuches-noirblanc.png","type":"image\/png"}],"twitter_card":"summary_large_image","twitter_misc":{"Prix":"54,00&nbsp;&euro; TTC","Disponibilit\u00e9":"Rupture de stock"},"schema":{"@context":"https:\/\/schema.org","@graph":[{"@type":["WebPage","ItemPage"],"@id":"https:\/\/maisonecodistribution.com\/eboutique\/produit\/corbeille-en-corde-cabestan\/","url":"https:\/\/maisonecodistribution.com\/eboutique\/produit\/corbeille-en-corde-cabestan\/","name":"Corbeille en corde CABESTAN | \u00c9quipements \u00e9cologiques | Maison \u00c9co Distribution","isPartOf":{"@id":"https:\/\/maisonecodistribution.com\/eboutique\/#website"},"primaryImageOfPage":{"@id":"https:\/\/maisonecodistribution.com\/eboutique\/produit\/corbeille-en-corde-cabestan\/#primaryimage"},"image":{"@id":"https:\/\/maisonecodistribution.com\/eboutique\/produit\/corbeille-en-corde-cabestan\/#primaryimage"},"thumbnailUrl":"https:\/\/maisonecodistribution.com\/eboutique\/wp-content\/uploads\/2023\/01\/005.c1000-cabestan-rangebuches-noirblanc.png","datePublished":"2023-01-23T14:27:33+00:00","dateModified":"2026-01-05T21:32:43+00:00","description":"Panier range-b\u00fbches en osier. Forme berceau.\u00a0 Id\u00e9al pour transporter votre bois et pour le stocker \u00e9l\u00e9gamment pr\u00e8s de votre po\u00eale ou de votre chemin\u00e9e.","breadcrumb":{"@id":"https:\/\/maisonecodistribution.com\/eboutique\/produit\/corbeille-en-corde-cabestan\/#breadcrumb"},"inLanguage":"fr-FR","potentialAction":[{"@type":"ReadAction","target":["https:\/\/maisonecodistribution.com\/eboutique\/produit\/corbeille-en-corde-cabestan\/"]}]},{"@type":"ImageObject","inLanguage":"fr-FR","@id":"https:\/\/maisonecodistribution.com\/eboutique\/produit\/corbeille-en-corde-cabestan\/#primaryimage","url":"https:\/\/maisonecodistribution.com\/eboutique\/wp-content\/uploads\/2023\/01\/005.c1000-cabestan-rangebuches-noirblanc.png","contentUrl":"https:\/\/maisonecodistribution.com\/eboutique\/wp-content\/uploads\/2023\/01\/005.c1000-cabestan-rangebuches-noirblanc.png","width":760,"height":760},{"@type":"BreadcrumbList","@id":"https:\/\/maisonecodistribution.com\/eboutique\/produit\/corbeille-en-corde-cabestan\/#breadcrumb","itemListElement":[{"@type":"ListItem","position":1,"name":"Home","item":"https:\/\/maisonecodistribution.com\/eboutique\/"},{"@type":"ListItem","position":2,"name":"CATALOGUE","item":"https:\/\/maisonecodistribution.com\/eboutique\/catalogue\/"},{"@type":"ListItem","position":3,"name":"Corbeille en corde CABESTAN"}]},{"@type":"WebSite","@id":"https:\/\/maisonecodistribution.com\/eboutique\/#website","url":"https:\/\/maisonecodistribution.com\/eboutique\/","name":"Maison \u00c9co Distribution","description":"Tout pour un habitat sain","publisher":{"@id":"https:\/\/maisonecodistribution.com\/eboutique\/#organization"},"potentialAction":[{"@type":"SearchAction","target":{"@type":"EntryPoint","urlTemplate":"https:\/\/maisonecodistribution.com\/eboutique\/?s={search_term_string}"},"query-input":{"@type":"PropertyValueSpecification","valueRequired":true,"valueName":"search_term_string"}}],"inLanguage":"fr-FR"},{"@type":"Organization","@id":"https:\/\/maisonecodistribution.com\/eboutique\/#organization","name":"Maison \u00c9co Distribution","url":"https:\/\/maisonecodistribution.com\/eboutique\/","logo":{"@type":"ImageObject","inLanguage":"fr-FR","@id":"https:\/\/maisonecodistribution.com\/eboutique\/#\/schema\/logo\/image\/","url":"https:\/\/maisonecodistribution.com\/eboutique\/wp-content\/uploads\/2024\/07\/logo-maison-eco-1.png","contentUrl":"https:\/\/maisonecodistribution.com\/eboutique\/wp-content\/uploads\/2024\/07\/logo-maison-eco-1.png","width":300,"height":321,"caption":"Maison \u00c9co Distribution"},"image":{"@id":"https:\/\/maisonecodistribution.com\/eboutique\/#\/schema\/logo\/image\/"},"sameAs":["https:\/\/www.facebook.com\/maisonecodistribution"]}]},"product_price_amount":"54.00","product_price_currency":"EUR","og_availability":"out of stock","product_availability":"out of stock","product_condition":"new"},"_links":{"self":[{"href":"https:\/\/maisonecodistribution.com\/eboutique\/wp-json\/wp\/v2\/product\/3714","targetHints":{"allow":["GET"]}}],"collection":[{"href":"https:\/\/maisonecodistribution.com\/eboutique\/wp-json\/wp\/v2\/product"}],"about":[{"href":"https:\/\/maisonecodistribution.com\/eboutique\/wp-json\/wp\/v2\/types\/product"}],"wp:featuredmedia":[{"embeddable":true,"href":"https:\/\/maisonecodistribution.com\/eboutique\/wp-json\/wp\/v2\/media\/3715"}],"wp:attachment":[{"href":"https:\/\/maisonecodistribution.com\/eboutique\/wp-json\/wp\/v2\/media?parent=3714"}],"wp:term":[{"taxonomy":"product_brand","embeddable":true,"href":"https:\/\/maisonecodistribution.com\/eboutique\/wp-json\/wp\/v2\/product_brand?post=3714"},{"taxonomy":"product_cat","embeddable":true,"href":"https:\/\/maisonecodistribution.com\/eboutique\/wp-json\/wp\/v2\/product_cat?post=3714"},{"taxonomy":"product_tag","embeddable":true,"href":"https:\/\/maisonecodistribution.com\/eboutique\/wp-json\/wp\/v2\/product_tag?post=3714"}],"curies":[{"name":"wp","href":"https:\/\/api.w.org\/{rel}","templated":true}]}}