{"id":3351,"date":"2022-04-15T09:51:03","date_gmt":"2022-04-15T07:51:03","guid":{"rendered":"https:\/\/maisonecodistribution.com\/?post_type=product&#038;p=3351"},"modified":"2024-05-14T10:48:49","modified_gmt":"2024-05-14T08:48:49","slug":"purificateur-deau-royal-doulton-elite","status":"publish","type":"product","link":"https:\/\/maisonecodistribution.com\/eboutique\/produit\/purificateur-deau-royal-doulton-elite\/","title":{"rendered":"ROYAL DOULTON ELITE"},"content":{"rendered":"<div class=\"page\" title=\"Page 1\">\n<div class=\"layoutArea\">\n<div class=\"column\">\n<p class=\"ng-scope\"><strong>Tout savoir sur le produit Purificateur d&rsquo;eau \u00a0Royal Doulton Elite\u00a0\u00a0sous \u00e9vier avec cartouche\u00a0Royal Elite\u00a0\u00a0 + Robinet et accessoires<\/strong><\/p>\n<p class=\"ng-scope\">Filtre eau pure Royal Doulton Elite , purificateur d&rsquo;eau alimentaire de cuisine sous\u00a0evier<\/p>\n<p><span class=\"ng-scope\">Le filtre <strong>Doulton \u00a0Royal Doulton Elite\u00a0<\/strong>sous \u00e9vier permet de disposer en <strong>continu d&rsquo;une eau pure et s\u00fbre<\/strong> pour tout usage alimentaire : boisson, cuisson, rin\u00e7age des fruits et l\u00e9gumes \u00e0 partir de n&rsquo;importe quelle source d&rsquo;eau (r\u00e9seau, forage, de pluie ou de puits&#8230;).<\/span><\/p>\n<p class=\"ng-scope\">A la cuisine directement sous \u00e9vier, le mod\u00e8le\u00a0Royal Doulton Elite\u00a0\u00a0se branche tr\u00e8s facilement sur le r\u00e9seau d\u2019eau froide. Avec son <strong>robinet eau pure<\/strong> positionn\u00e9 sur \u00e9vier ou plan de travail l\u2019eau distribu\u00e9e sera instantan\u00e9ment filtr\u00e9e en traversant la cartouche \u00a0Royal Doulton Elite.<\/p>\n<\/div>\n<\/div>\n<\/div>\n<div class=\"c-app-preview-facet__facet-value c-app-preview-facet__facet-value--type-imageslist\">\n<div data-facetvalue-global-counter=\"4\">\n<p><strong>Les + du produit :<\/strong><\/p>\n<ul>\n<li>Design compact novateur<\/li>\n<li>Nouvelle cartouche de chez \u00a0Royal Doulton Elite<\/li>\n<li>Installation simplifi\u00e9e via sont \u00e9querre int\u00e9gr\u00e9e<\/li>\n<li>Simplicit\u00e9 et confort d&rsquo;utilisation<\/li>\n<li>Rapidit\u00e9 d&rsquo;entretien avec sa vanne d&rsquo;arr\u00eat automatique<\/li>\n<li>Fonctionne sans rejet d\u2019eau et sans \u00e9nergie<\/li>\n<li>Se d\u00e9connecte en 1\/4 de tour<\/li>\n<li>Robinet\u00a0Royal Doulton Elite \u00e0 Led\u00a0certifi\u00e9 NSF<\/li>\n<\/ul>\n<div  class='tabcontainer av-w1a2s-421fcc50b6ad35202a86b6fd3e7b11b1 top_tab  avia-builder-el-0  avia-builder-el-no-sibling '>\n<section class='av_tab_section av_tab_section av-f3tho-673245044c8cd2155e38098f98d96955'  itemscope=\"itemscope\" itemtype=\"https:\/\/schema.org\/CreativeWork\" ><div id='tab-id-1-tab' class='tab active_tab' role='tab' aria-selected=\"true\" tabindex=\"0\" data-fake-id='#tab-id-1' aria-controls='tab-id-1-content'  itemprop=\"headline\" ><span class='tab_icon avia-iconfont avia-font-entypo-fontello' data-av_icon='\ue81f' data-av_iconfont='entypo-fontello' ><\/span>\u00c0 propos de la marque<\/div><div id='tab-id-1-content' class='tab_content active_tab_content' role='tabpanel' aria-labelledby='tab-id-1-tab' aria-hidden=\"false\"><div class='tab_inner_content invers-color'  itemprop=\"text\" ><p><img loading=\"lazy\" decoding=\"async\" class=\"alignleft wp-image-1822\" src=\"https:\/\/maisonecodistribution.fr\/wp-content\/uploads\/2020\/06\/logoDOULTON-maisoneco.jpg\" alt=\"\" width=\"123\" height=\"123\" srcset=\"https:\/\/maisonecodistribution.com\/eboutique\/wp-content\/uploads\/2020\/06\/logoDOULTON-maisoneco.jpg 500w, https:\/\/maisonecodistribution.com\/eboutique\/wp-content\/uploads\/2020\/06\/logoDOULTON-maisoneco-300x300.jpg 300w, https:\/\/maisonecodistribution.com\/eboutique\/wp-content\/uploads\/2020\/06\/logoDOULTON-maisoneco-80x80.jpg 80w, https:\/\/maisonecodistribution.com\/eboutique\/wp-content\/uploads\/2020\/06\/logoDOULTON-maisoneco-36x36.jpg 36w, https:\/\/maisonecodistribution.com\/eboutique\/wp-content\/uploads\/2020\/06\/logoDOULTON-maisoneco-180x180.jpg 180w, https:\/\/maisonecodistribution.com\/eboutique\/wp-content\/uploads\/2020\/06\/logoDOULTON-maisoneco-100x100.jpg 100w\" sizes=\"auto, (max-width: 123px) 100vw, 123px\" \/><\/p>\n<div class=\"page\" title=\"Page 2\">\n<div class=\"section\">\n<div class=\"layoutArea\">\n<div class=\"column\">\n<p>Fabriqu\u00e9 au Royaume Uni depuis pr\u00e8s de deux si\u00e8cles&#8230; Les filtres eau pure Doulton permettent de disposer en continu d\u2019une eau pure, s\u00fbre, agr\u00e9able \u00e0 boire en toute circonstance et \u00e0 partir de n\u2019importe quelle source d\u2019eau. Appr\u00e9ciez la finesse de filtration d&rsquo;eau naturelle Doulton dans votre cuisine, ou en ext\u00e9rieur. La technologie de microfiltration de l\u2019eau Doulton est de qualit\u00e9, agr\u00e9\u00e9 et in\u00e9gal\u00e9e depuis plus de 185 ans.<\/p>\n<\/div>\n<\/div>\n<\/div>\n<\/div>\n<\/div><\/div><\/section>\n<section class='av_tab_section av_tab_section av-a4nn8-51255d398f2397d9e0b34ca3e4c5aa18'  itemscope=\"itemscope\" itemtype=\"https:\/\/schema.org\/CreativeWork\" ><div id='tab-id-2-tab' class='tab' role='tab' aria-selected=\"false\" tabindex=\"0\" data-fake-id='#tab-id-2' aria-controls='tab-id-2-content'  itemprop=\"headline\" ><span class='tab_icon avia-iconfont avia-font-entypo-fontello' data-av_icon='\ue817' data-av_iconfont='entypo-fontello' ><\/span>Plus d\u2019informations <\/div><div id='tab-id-2-content' class='tab_content' role='tabpanel' aria-labelledby='tab-id-2-tab' aria-hidden=\"true\"><div class='tab_inner_content invers-color'  itemprop=\"text\" ><table>\n<tbody>\n<tr>\n<td width=\"255\"><strong>PRODUIT<\/strong><\/td>\n<td style=\"text-align: center;\" width=\"181\"><strong>Prix TTC\/unit\u00e9<\/strong><\/td>\n<\/tr>\n<tr>\n<td width=\"255\">PURIFICATEUR D&rsquo;EAU BB2 DOULTON<\/td>\n<td style=\"text-align: center;\" width=\"181\">389,90 \u20ac<\/td>\n<\/tr>\n<\/tbody>\n<\/table>\n<\/div><\/div><\/section>\n<\/div>\n<p>&nbsp;<\/p>\n<\/div>\n<\/div>\n","protected":false},"excerpt":{"rendered":"<p class=\"cs2654AE3A\">Filtre eau pure <strong>Royal Doulton Elite<\/strong> , <strong>purificateur d&rsquo;eau alimentaire<\/strong> de cuisine sous\u00a0\u00e9vier.<\/p>\n<p>&nbsp;<\/p>\n","protected":false},"featured_media":3352,"template":"","meta":[],"product_brand":[],"product_cat":[2576,22,45],"product_tag":[],"class_list":{"0":"post-3351","1":"product","2":"type-product","3":"status-publish","4":"has-post-thumbnail","6":"product_cat-doulton","7":"product_cat-equipement-energie","8":"product_cat-filtration-de-leau","10":"first","11":"instock","12":"taxable","13":"shipping-taxable","14":"purchasable","15":"product-type-simple"},"yoast_head":"<!-- This site is optimized with the Yoast SEO plugin v25.1 - https:\/\/yoast.com\/wordpress\/plugins\/seo\/ -->\n<title>ROYAL DOULTON ELITE | \u00c9quipements \u00e9cologiques | Maison \u00c9co Distribution<\/title>\n<meta name=\"description\" content=\"Filtre eau pure Royal Doulton Elite , purificateur d&#039;eau alimentaire de cuisine sous \u00e9vier.\" \/>\n<meta name=\"robots\" content=\"index, follow, max-snippet:-1, max-image-preview:large, max-video-preview:-1\" \/>\n<link rel=\"canonical\" href=\"https:\/\/maisonecodistribution.com\/eboutique\/produit\/purificateur-deau-royal-doulton-elite\/\" \/>\n<meta property=\"og:locale\" content=\"fr_FR\" \/>\n<meta property=\"og:type\" content=\"article\" \/>\n<meta property=\"og:title\" content=\"ROYAL DOULTON ELITE | \u00c9quipements \u00e9cologiques | Maison \u00c9co Distribution\" \/>\n<meta property=\"og:description\" content=\"Filtre eau pure Royal Doulton Elite , purificateur d&#039;eau alimentaire de cuisine sous \u00e9vier.\" \/>\n<meta property=\"og:url\" content=\"https:\/\/maisonecodistribution.com\/eboutique\/produit\/purificateur-deau-royal-doulton-elite\/\" \/>\n<meta property=\"og:site_name\" content=\"Maison \u00c9co Distribution\" \/>\n<meta property=\"article:publisher\" content=\"https:\/\/www.facebook.com\/maisonecodistribution\" \/>\n<meta property=\"article:modified_time\" content=\"2024-05-14T08:48:49+00:00\" \/>\n<meta property=\"og:image\" content=\"https:\/\/maisonecodistribution.com\/eboutique\/wp-content\/uploads\/2022\/04\/Royal-Doulton-Elite-robinet-eau-pure-zoom.jpeg\" \/>\n\t<meta property=\"og:image:width\" content=\"801\" \/>\n\t<meta property=\"og:image:height\" content=\"1200\" \/>\n\t<meta property=\"og:image:type\" content=\"image\/jpeg\" \/>\n<meta name=\"twitter:card\" content=\"summary_large_image\" \/>\n<meta name=\"twitter:label1\" content=\"Prix\" \/>\n\t<meta name=\"twitter:data1\" content=\"389,90&nbsp;&euro; TTC\" \/>\n\t<meta name=\"twitter:label2\" content=\"Disponibilit\u00e9\" \/>\n\t<meta name=\"twitter:data2\" content=\"En stock\" \/>\n<script type=\"application\/ld+json\" class=\"yoast-schema-graph\">{\"@context\":\"https:\/\/schema.org\",\"@graph\":[{\"@type\":[\"WebPage\",\"ItemPage\"],\"@id\":\"https:\/\/maisonecodistribution.com\/eboutique\/produit\/purificateur-deau-royal-doulton-elite\/\",\"url\":\"https:\/\/maisonecodistribution.com\/eboutique\/produit\/purificateur-deau-royal-doulton-elite\/\",\"name\":\"ROYAL DOULTON ELITE | \u00c9quipements \u00e9cologiques | Maison \u00c9co Distribution\",\"isPartOf\":{\"@id\":\"https:\/\/maisonecodistribution.com\/eboutique\/#website\"},\"primaryImageOfPage\":{\"@id\":\"https:\/\/maisonecodistribution.com\/eboutique\/produit\/purificateur-deau-royal-doulton-elite\/#primaryimage\"},\"image\":{\"@id\":\"https:\/\/maisonecodistribution.com\/eboutique\/produit\/purificateur-deau-royal-doulton-elite\/#primaryimage\"},\"thumbnailUrl\":\"https:\/\/maisonecodistribution.com\/eboutique\/wp-content\/uploads\/2022\/04\/Royal-Doulton-Elite-robinet-eau-pure-zoom.jpeg\",\"datePublished\":\"2022-04-15T07:51:03+00:00\",\"dateModified\":\"2024-05-14T08:48:49+00:00\",\"description\":\"Filtre eau pure Royal Doulton Elite , purificateur d'eau alimentaire de cuisine sous \u00e9vier.\",\"breadcrumb\":{\"@id\":\"https:\/\/maisonecodistribution.com\/eboutique\/produit\/purificateur-deau-royal-doulton-elite\/#breadcrumb\"},\"inLanguage\":\"fr-FR\",\"potentialAction\":[{\"@type\":\"ReadAction\",\"target\":[\"https:\/\/maisonecodistribution.com\/eboutique\/produit\/purificateur-deau-royal-doulton-elite\/\"]}]},{\"@type\":\"ImageObject\",\"inLanguage\":\"fr-FR\",\"@id\":\"https:\/\/maisonecodistribution.com\/eboutique\/produit\/purificateur-deau-royal-doulton-elite\/#primaryimage\",\"url\":\"https:\/\/maisonecodistribution.com\/eboutique\/wp-content\/uploads\/2022\/04\/Royal-Doulton-Elite-robinet-eau-pure-zoom.jpeg\",\"contentUrl\":\"https:\/\/maisonecodistribution.com\/eboutique\/wp-content\/uploads\/2022\/04\/Royal-Doulton-Elite-robinet-eau-pure-zoom.jpeg\",\"width\":801,\"height\":1200},{\"@type\":\"BreadcrumbList\",\"@id\":\"https:\/\/maisonecodistribution.com\/eboutique\/produit\/purificateur-deau-royal-doulton-elite\/#breadcrumb\",\"itemListElement\":[{\"@type\":\"ListItem\",\"position\":1,\"name\":\"Home\",\"item\":\"https:\/\/maisonecodistribution.com\/eboutique\/\"},{\"@type\":\"ListItem\",\"position\":2,\"name\":\"CATALOGUE\",\"item\":\"https:\/\/maisonecodistribution.com\/eboutique\/catalogue\/\"},{\"@type\":\"ListItem\",\"position\":3,\"name\":\"ROYAL DOULTON ELITE\"}]},{\"@type\":\"WebSite\",\"@id\":\"https:\/\/maisonecodistribution.com\/eboutique\/#website\",\"url\":\"https:\/\/maisonecodistribution.com\/eboutique\/\",\"name\":\"Maison \u00c9co Distribution\",\"description\":\"Tout pour un habitat sain\",\"publisher\":{\"@id\":\"https:\/\/maisonecodistribution.com\/eboutique\/#organization\"},\"potentialAction\":[{\"@type\":\"SearchAction\",\"target\":{\"@type\":\"EntryPoint\",\"urlTemplate\":\"https:\/\/maisonecodistribution.com\/eboutique\/?s={search_term_string}\"},\"query-input\":{\"@type\":\"PropertyValueSpecification\",\"valueRequired\":true,\"valueName\":\"search_term_string\"}}],\"inLanguage\":\"fr-FR\"},{\"@type\":\"Organization\",\"@id\":\"https:\/\/maisonecodistribution.com\/eboutique\/#organization\",\"name\":\"Maison \u00c9co Distribution\",\"url\":\"https:\/\/maisonecodistribution.com\/eboutique\/\",\"logo\":{\"@type\":\"ImageObject\",\"inLanguage\":\"fr-FR\",\"@id\":\"https:\/\/maisonecodistribution.com\/eboutique\/#\/schema\/logo\/image\/\",\"url\":\"https:\/\/maisonecodistribution.com\/eboutique\/wp-content\/uploads\/2024\/07\/logo-maison-eco-1.png\",\"contentUrl\":\"https:\/\/maisonecodistribution.com\/eboutique\/wp-content\/uploads\/2024\/07\/logo-maison-eco-1.png\",\"width\":300,\"height\":321,\"caption\":\"Maison \u00c9co Distribution\"},\"image\":{\"@id\":\"https:\/\/maisonecodistribution.com\/eboutique\/#\/schema\/logo\/image\/\"},\"sameAs\":[\"https:\/\/www.facebook.com\/maisonecodistribution\"]}]}<\/script>\n<meta property=\"product:price:amount\" content=\"389.90\" \/>\n<meta property=\"product:price:currency\" content=\"EUR\" \/>\n<meta property=\"og:availability\" content=\"instock\" \/>\n<meta property=\"product:availability\" content=\"instock\" \/>\n<meta property=\"product:condition\" content=\"new\" \/>\n<!-- \/ Yoast SEO plugin. -->","yoast_head_json":{"title":"ROYAL DOULTON ELITE | \u00c9quipements \u00e9cologiques | Maison \u00c9co Distribution","description":"Filtre eau pure Royal Doulton Elite , purificateur d'eau alimentaire de cuisine sous \u00e9vier.","robots":{"index":"index","follow":"follow","max-snippet":"max-snippet:-1","max-image-preview":"max-image-preview:large","max-video-preview":"max-video-preview:-1"},"canonical":"https:\/\/maisonecodistribution.com\/eboutique\/produit\/purificateur-deau-royal-doulton-elite\/","og_locale":"fr_FR","og_type":"article","og_title":"ROYAL DOULTON ELITE | \u00c9quipements \u00e9cologiques | Maison \u00c9co Distribution","og_description":"Filtre eau pure Royal Doulton Elite , purificateur d'eau alimentaire de cuisine sous \u00e9vier.","og_url":"https:\/\/maisonecodistribution.com\/eboutique\/produit\/purificateur-deau-royal-doulton-elite\/","og_site_name":"Maison \u00c9co Distribution","article_publisher":"https:\/\/www.facebook.com\/maisonecodistribution","article_modified_time":"2024-05-14T08:48:49+00:00","og_image":[{"width":801,"height":1200,"url":"https:\/\/maisonecodistribution.com\/eboutique\/wp-content\/uploads\/2022\/04\/Royal-Doulton-Elite-robinet-eau-pure-zoom.jpeg","type":"image\/jpeg"}],"twitter_card":"summary_large_image","twitter_misc":{"Prix":"389,90&nbsp;&euro; TTC","Disponibilit\u00e9":"En stock"},"schema":{"@context":"https:\/\/schema.org","@graph":[{"@type":["WebPage","ItemPage"],"@id":"https:\/\/maisonecodistribution.com\/eboutique\/produit\/purificateur-deau-royal-doulton-elite\/","url":"https:\/\/maisonecodistribution.com\/eboutique\/produit\/purificateur-deau-royal-doulton-elite\/","name":"ROYAL DOULTON ELITE | \u00c9quipements \u00e9cologiques | Maison \u00c9co Distribution","isPartOf":{"@id":"https:\/\/maisonecodistribution.com\/eboutique\/#website"},"primaryImageOfPage":{"@id":"https:\/\/maisonecodistribution.com\/eboutique\/produit\/purificateur-deau-royal-doulton-elite\/#primaryimage"},"image":{"@id":"https:\/\/maisonecodistribution.com\/eboutique\/produit\/purificateur-deau-royal-doulton-elite\/#primaryimage"},"thumbnailUrl":"https:\/\/maisonecodistribution.com\/eboutique\/wp-content\/uploads\/2022\/04\/Royal-Doulton-Elite-robinet-eau-pure-zoom.jpeg","datePublished":"2022-04-15T07:51:03+00:00","dateModified":"2024-05-14T08:48:49+00:00","description":"Filtre eau pure Royal Doulton Elite , purificateur d'eau alimentaire de cuisine sous \u00e9vier.","breadcrumb":{"@id":"https:\/\/maisonecodistribution.com\/eboutique\/produit\/purificateur-deau-royal-doulton-elite\/#breadcrumb"},"inLanguage":"fr-FR","potentialAction":[{"@type":"ReadAction","target":["https:\/\/maisonecodistribution.com\/eboutique\/produit\/purificateur-deau-royal-doulton-elite\/"]}]},{"@type":"ImageObject","inLanguage":"fr-FR","@id":"https:\/\/maisonecodistribution.com\/eboutique\/produit\/purificateur-deau-royal-doulton-elite\/#primaryimage","url":"https:\/\/maisonecodistribution.com\/eboutique\/wp-content\/uploads\/2022\/04\/Royal-Doulton-Elite-robinet-eau-pure-zoom.jpeg","contentUrl":"https:\/\/maisonecodistribution.com\/eboutique\/wp-content\/uploads\/2022\/04\/Royal-Doulton-Elite-robinet-eau-pure-zoom.jpeg","width":801,"height":1200},{"@type":"BreadcrumbList","@id":"https:\/\/maisonecodistribution.com\/eboutique\/produit\/purificateur-deau-royal-doulton-elite\/#breadcrumb","itemListElement":[{"@type":"ListItem","position":1,"name":"Home","item":"https:\/\/maisonecodistribution.com\/eboutique\/"},{"@type":"ListItem","position":2,"name":"CATALOGUE","item":"https:\/\/maisonecodistribution.com\/eboutique\/catalogue\/"},{"@type":"ListItem","position":3,"name":"ROYAL DOULTON ELITE"}]},{"@type":"WebSite","@id":"https:\/\/maisonecodistribution.com\/eboutique\/#website","url":"https:\/\/maisonecodistribution.com\/eboutique\/","name":"Maison \u00c9co Distribution","description":"Tout pour un habitat sain","publisher":{"@id":"https:\/\/maisonecodistribution.com\/eboutique\/#organization"},"potentialAction":[{"@type":"SearchAction","target":{"@type":"EntryPoint","urlTemplate":"https:\/\/maisonecodistribution.com\/eboutique\/?s={search_term_string}"},"query-input":{"@type":"PropertyValueSpecification","valueRequired":true,"valueName":"search_term_string"}}],"inLanguage":"fr-FR"},{"@type":"Organization","@id":"https:\/\/maisonecodistribution.com\/eboutique\/#organization","name":"Maison \u00c9co Distribution","url":"https:\/\/maisonecodistribution.com\/eboutique\/","logo":{"@type":"ImageObject","inLanguage":"fr-FR","@id":"https:\/\/maisonecodistribution.com\/eboutique\/#\/schema\/logo\/image\/","url":"https:\/\/maisonecodistribution.com\/eboutique\/wp-content\/uploads\/2024\/07\/logo-maison-eco-1.png","contentUrl":"https:\/\/maisonecodistribution.com\/eboutique\/wp-content\/uploads\/2024\/07\/logo-maison-eco-1.png","width":300,"height":321,"caption":"Maison \u00c9co Distribution"},"image":{"@id":"https:\/\/maisonecodistribution.com\/eboutique\/#\/schema\/logo\/image\/"},"sameAs":["https:\/\/www.facebook.com\/maisonecodistribution"]}]},"product_price_amount":"389.90","product_price_currency":"EUR","og_availability":"instock","product_availability":"instock","product_condition":"new"},"_links":{"self":[{"href":"https:\/\/maisonecodistribution.com\/eboutique\/wp-json\/wp\/v2\/product\/3351","targetHints":{"allow":["GET"]}}],"collection":[{"href":"https:\/\/maisonecodistribution.com\/eboutique\/wp-json\/wp\/v2\/product"}],"about":[{"href":"https:\/\/maisonecodistribution.com\/eboutique\/wp-json\/wp\/v2\/types\/product"}],"wp:featuredmedia":[{"embeddable":true,"href":"https:\/\/maisonecodistribution.com\/eboutique\/wp-json\/wp\/v2\/media\/3352"}],"wp:attachment":[{"href":"https:\/\/maisonecodistribution.com\/eboutique\/wp-json\/wp\/v2\/media?parent=3351"}],"wp:term":[{"taxonomy":"product_brand","embeddable":true,"href":"https:\/\/maisonecodistribution.com\/eboutique\/wp-json\/wp\/v2\/product_brand?post=3351"},{"taxonomy":"product_cat","embeddable":true,"href":"https:\/\/maisonecodistribution.com\/eboutique\/wp-json\/wp\/v2\/product_cat?post=3351"},{"taxonomy":"product_tag","embeddable":true,"href":"https:\/\/maisonecodistribution.com\/eboutique\/wp-json\/wp\/v2\/product_tag?post=3351"}],"curies":[{"name":"wp","href":"https:\/\/api.w.org\/{rel}","templated":true}]}}