{"id":3225,"date":"2022-04-05T14:27:18","date_gmt":"2022-04-05T12:27:18","guid":{"rendered":"https:\/\/maisonecodistribution.com\/?post_type=product&#038;p=3225"},"modified":"2024-05-14T11:09:55","modified_gmt":"2024-05-14T09:09:55","slug":"sungood","status":"publish","type":"product","link":"https:\/\/maisonecodistribution.com\/eboutique\/produit\/sungood\/","title":{"rendered":"SUNGOOD"},"content":{"rendered":"<div id=\"product-description-short-40\" class=\"product-desc\">\n<p>Le <strong>cuiseur solaire<\/strong> SUNGOOD est compact et ultra-l\u00e9ger (950 gr) il s&#8217;emporte partout ! Plage, pique-nique, randonn\u00e9e en montage&#8230; <strong>Sans feu, cuisinez en toute s\u00e9curit\u00e9<\/strong>.<\/p>\n<p>La cuisson est une cuisson douce de 120\u00b0C \u00e0 150\u00b0C.<\/p>\n<\/div>\n<p><b>Les + du produit :<\/b><\/p>\n<div class=\"page\" title=\"Page 1\">\n<div class=\"layoutArea\">\n<div class=\"column\">\n<ul>\n<li>Sans feu, utilisable partout<\/li>\n<li>Prim\u00e9 au concours de L\u00e9pine en 2018<\/li>\n<li>Energie gratuite \u00e0 vie<\/li>\n<li>Fabriqu\u00e9 en France<\/li>\n<\/ul>\n<\/div>\n<\/div>\n<\/div>\n<p><strong>Pr\u00e9caution d&#8217;emploi<\/strong> : D\u00e9plier le cuiseur solaire, clipper la partie haute et la partie basse afin d&rsquo;obtenir une forme parabolique. Assembler le repose plat et le placer sous le Sungood afin qu&rsquo;il soit \u00e0 plat.<\/p>\n<div  class='tabcontainer av-w1a2s-421fcc50b6ad35202a86b6fd3e7b11b1 top_tab  avia-builder-el-0  avia-builder-el-no-sibling '>\n<section class='av_tab_section av_tab_section av-f3tho-673245044c8cd2155e38098f98d96955'  itemscope=\"itemscope\" itemtype=\"https:\/\/schema.org\/CreativeWork\" ><div id='tab-id-1-tab' class='tab active_tab' role='tab' aria-selected=\"true\" tabindex=\"0\" data-fake-id='#tab-id-1' aria-controls='tab-id-1-content'  itemprop=\"headline\" ><span class='tab_icon avia-iconfont avia-font-entypo-fontello' data-av_icon='\ue81f' data-av_iconfont='entypo-fontello' ><\/span>\u00c0 propos de la marque<\/div><div id='tab-id-1-content' class='tab_content active_tab_content' role='tabpanel' aria-labelledby='tab-id-1-tab' aria-hidden=\"false\"><div class='tab_inner_content invers-color'  itemprop=\"text\" ><p><img loading=\"lazy\" decoding=\"async\" class=\"wp-image-3230 alignleft\" src=\"https:\/\/maisonecodistribution.com\/eboutique\/wp-content\/uploads\/2022\/04\/LOGO-SOLAR-BROTHER-300x300.png\" alt=\"\" width=\"148\" height=\"148\" srcset=\"https:\/\/maisonecodistribution.com\/eboutique\/wp-content\/uploads\/2022\/04\/LOGO-SOLAR-BROTHER-300x300.png 300w, https:\/\/maisonecodistribution.com\/eboutique\/wp-content\/uploads\/2022\/04\/LOGO-SOLAR-BROTHER-80x80.png 80w, https:\/\/maisonecodistribution.com\/eboutique\/wp-content\/uploads\/2022\/04\/LOGO-SOLAR-BROTHER-36x36.png 36w, https:\/\/maisonecodistribution.com\/eboutique\/wp-content\/uploads\/2022\/04\/LOGO-SOLAR-BROTHER-180x180.png 180w, https:\/\/maisonecodistribution.com\/eboutique\/wp-content\/uploads\/2022\/04\/LOGO-SOLAR-BROTHER-100x100.png 100w, https:\/\/maisonecodistribution.com\/eboutique\/wp-content\/uploads\/2022\/04\/LOGO-SOLAR-BROTHER-600x600.png 600w, https:\/\/maisonecodistribution.com\/eboutique\/wp-content\/uploads\/2022\/04\/LOGO-SOLAR-BROTHER.png 679w\" sizes=\"auto, (max-width: 148px) 100vw, 148px\" \/><\/p>\n<p class=\"thin-font\"><em><a href=\"https:\/\/www.solarbrother.com\">Solar Brother<\/a> s\u2019engage \u00e0 r\u00e9duire son propre impact environnemental<\/em><\/p>\n<p class=\"thin-font\">Solar Brother s\u2019engage que ce soit par le lieu de fabrication ou par la conception elle-m\u00eame de ses produits \u00e0 r\u00e9duire au maximum son impact environnemental. Notre dernier produit, le Sunlab (laboratoire de cuisson solaire) prim\u00e9 au concours L\u00e9pine 2019, a \u00e9t\u00e9 travaill\u00e9 pour une utilisation et fabrication z\u00e9ro d\u00e9chet. Nous utilisons pour nos diff\u00e9rents produits des mat\u00e9riaux recycl\u00e9s et\/ou recyclables. La grande majorit\u00e9 de la fabrication se fait en France pour optimiser notre impact \u00e9cologique et soci\u00e9tal.<\/p>\n<p class=\"thin-font\">Forts de 20 ans d\u2019exp\u00e9rience, nous diffusons la connaissance et l\u2019utilisation du solaire concentr\u00e9 \u00e0 tous ceux dont l\u2019envie est de partager un mode de vie durable et solidaire. Dans cet objectif nous concevons des produits originaux accessibles \u00e0 tous et intervenons en parall\u00e8le aupr\u00e8s de diverses associations et collaborateurs afin de partager notre exp\u00e9rience.<\/p>\n<p class=\"column thin-font\"><em>Un savoir-faire disponible pour tous\u00a0<\/em><\/p>\n<p class=\"thin-font\">Nous diffusons en open source les plans ne\u0301cessaires a\u0300 l\u2019auto-construction de produits solaires. Te\u0301le\u0301chargeable sur notre site, nous encourageons l\u2019ensemble de notre communaute\u0301 a\u0300 partager ses re\u0301alisations afin de cre\u0301er une ve\u0301ritable pe\u0301pinie\u0300re d\u2019applications solaires cre\u0301atives, concre\u0300tes et disponible pour tous. Nous participons e\u0301galement a\u0300 cette plateforme d\u2019\u00e9change en proposant des nouveaux produits Do It Yourself (DIY) ainsi que nos conseils d\u2019experts \u00bb.<\/p>\n<\/div><\/div><\/section>\n<\/div>\n","protected":false},"excerpt":{"rendered":"<div class=\"page\" title=\"Page 1\">\n<div class=\"layoutArea\">\n<div class=\"column\">\n<p>Compact et Ultra-l\u00e9ger, avec un poids record de 950gr, le <strong>SUNGOOD<\/strong><sup>\u00ae<\/sup> est le <strong>cuiseur des voyageurs<\/strong>. Il se plie et s\u2019emporte partout, de votre jardin aux excursions lointaines, d\u00e9couvrez le go\u00fbt du soleil !<\/p>\n<\/div>\n<\/div>\n<\/div>\n","protected":false},"featured_media":3231,"template":"","meta":[],"product_brand":[],"product_cat":[3050,22,48],"product_tag":[3051,3032,2567,3031],"class_list":{"0":"post-3225","1":"product","2":"type-product","3":"status-publish","4":"has-post-thumbnail","6":"product_cat-solarbrother","7":"product_cat-equipement-energie","8":"product_cat-solaire","9":"product_tag-cuiseur","10":"product_tag-energie-solaire","11":"product_tag-equipement-et-energie","12":"product_tag-solaire","14":"first","15":"instock","16":"taxable","17":"shipping-taxable","18":"purchasable","19":"product-type-simple"},"yoast_head":"<!-- This site is optimized with the Yoast SEO plugin v25.1 - https:\/\/yoast.com\/wordpress\/plugins\/seo\/ -->\n<title>SUNGOOD | Le cuiseur solaire compact | Maison \u00c9co Distribution<\/title>\n<meta name=\"description\" content=\"Compact et Ultra-l\u00e9ger, avec un poids record de 950gr, le SUNGOOD\u00ae est le cuiseur des voyageurs. Il se plie et s\u2019emporte partout, de votre jardin aux excursions lointaines, d\u00e9couvrez le go\u00fbt du soleil !\" \/>\n<meta name=\"robots\" content=\"index, follow, max-snippet:-1, max-image-preview:large, max-video-preview:-1\" \/>\n<link rel=\"canonical\" href=\"https:\/\/maisonecodistribution.com\/eboutique\/produit\/sungood\/\" \/>\n<meta property=\"og:locale\" content=\"fr_FR\" \/>\n<meta property=\"og:type\" content=\"article\" \/>\n<meta property=\"og:title\" content=\"SUNGOOD | Le cuiseur solaire compact | Maison \u00c9co Distribution\" \/>\n<meta property=\"og:description\" content=\"Compact et Ultra-l\u00e9ger, avec un poids record de 950gr, le SUNGOOD\u00ae est le cuiseur des voyageurs. Il se plie et s\u2019emporte partout, de votre jardin aux excursions lointaines, d\u00e9couvrez le go\u00fbt du soleil !\" \/>\n<meta property=\"og:url\" content=\"https:\/\/maisonecodistribution.com\/eboutique\/produit\/sungood\/\" \/>\n<meta property=\"og:site_name\" content=\"Maison \u00c9co Distribution\" \/>\n<meta property=\"article:publisher\" content=\"https:\/\/www.facebook.com\/maisonecodistribution\" \/>\n<meta property=\"article:modified_time\" content=\"2024-05-14T09:09:55+00:00\" \/>\n<meta property=\"og:image\" content=\"https:\/\/maisonecodistribution.com\/eboutique\/wp-content\/uploads\/2022\/04\/SUNGOOD.jpg.webp\" \/>\n\t<meta property=\"og:image:width\" content=\"600\" \/>\n\t<meta property=\"og:image:height\" content=\"600\" \/>\n\t<meta property=\"og:image:type\" content=\"image\/webp\" \/>\n<meta name=\"twitter:card\" content=\"summary_large_image\" \/>\n<meta name=\"twitter:label1\" content=\"Prix\" \/>\n\t<meta name=\"twitter:data1\" content=\"89,95&nbsp;&euro; TTC\" \/>\n\t<meta name=\"twitter:label2\" content=\"Disponibilit\u00e9\" \/>\n\t<meta name=\"twitter:data2\" content=\"En stock\" \/>\n<script type=\"application\/ld+json\" class=\"yoast-schema-graph\">{\"@context\":\"https:\/\/schema.org\",\"@graph\":[{\"@type\":[\"WebPage\",\"ItemPage\"],\"@id\":\"https:\/\/maisonecodistribution.com\/eboutique\/produit\/sungood\/\",\"url\":\"https:\/\/maisonecodistribution.com\/eboutique\/produit\/sungood\/\",\"name\":\"SUNGOOD | Le cuiseur solaire compact | Maison \u00c9co Distribution\",\"isPartOf\":{\"@id\":\"https:\/\/maisonecodistribution.com\/eboutique\/#website\"},\"primaryImageOfPage\":{\"@id\":\"https:\/\/maisonecodistribution.com\/eboutique\/produit\/sungood\/#primaryimage\"},\"image\":{\"@id\":\"https:\/\/maisonecodistribution.com\/eboutique\/produit\/sungood\/#primaryimage\"},\"thumbnailUrl\":\"https:\/\/maisonecodistribution.com\/eboutique\/wp-content\/uploads\/2022\/04\/SUNGOOD.jpg.webp\",\"datePublished\":\"2022-04-05T12:27:18+00:00\",\"dateModified\":\"2024-05-14T09:09:55+00:00\",\"description\":\"Compact et Ultra-l\u00e9ger, avec un poids record de 950gr, le SUNGOOD\u00ae est le cuiseur des voyageurs. Il se plie et s\u2019emporte partout, de votre jardin aux excursions lointaines, d\u00e9couvrez le go\u00fbt du soleil !\",\"breadcrumb\":{\"@id\":\"https:\/\/maisonecodistribution.com\/eboutique\/produit\/sungood\/#breadcrumb\"},\"inLanguage\":\"fr-FR\",\"potentialAction\":[{\"@type\":\"ReadAction\",\"target\":[\"https:\/\/maisonecodistribution.com\/eboutique\/produit\/sungood\/\"]}]},{\"@type\":\"ImageObject\",\"inLanguage\":\"fr-FR\",\"@id\":\"https:\/\/maisonecodistribution.com\/eboutique\/produit\/sungood\/#primaryimage\",\"url\":\"https:\/\/maisonecodistribution.com\/eboutique\/wp-content\/uploads\/2022\/04\/SUNGOOD.jpg.webp\",\"contentUrl\":\"https:\/\/maisonecodistribution.com\/eboutique\/wp-content\/uploads\/2022\/04\/SUNGOOD.jpg.webp\",\"width\":600,\"height\":600},{\"@type\":\"BreadcrumbList\",\"@id\":\"https:\/\/maisonecodistribution.com\/eboutique\/produit\/sungood\/#breadcrumb\",\"itemListElement\":[{\"@type\":\"ListItem\",\"position\":1,\"name\":\"Home\",\"item\":\"https:\/\/maisonecodistribution.com\/eboutique\/\"},{\"@type\":\"ListItem\",\"position\":2,\"name\":\"CATALOGUE\",\"item\":\"https:\/\/maisonecodistribution.com\/eboutique\/catalogue\/\"},{\"@type\":\"ListItem\",\"position\":3,\"name\":\"SUNGOOD\"}]},{\"@type\":\"WebSite\",\"@id\":\"https:\/\/maisonecodistribution.com\/eboutique\/#website\",\"url\":\"https:\/\/maisonecodistribution.com\/eboutique\/\",\"name\":\"Maison \u00c9co Distribution\",\"description\":\"Tout pour un habitat sain\",\"publisher\":{\"@id\":\"https:\/\/maisonecodistribution.com\/eboutique\/#organization\"},\"potentialAction\":[{\"@type\":\"SearchAction\",\"target\":{\"@type\":\"EntryPoint\",\"urlTemplate\":\"https:\/\/maisonecodistribution.com\/eboutique\/?s={search_term_string}\"},\"query-input\":{\"@type\":\"PropertyValueSpecification\",\"valueRequired\":true,\"valueName\":\"search_term_string\"}}],\"inLanguage\":\"fr-FR\"},{\"@type\":\"Organization\",\"@id\":\"https:\/\/maisonecodistribution.com\/eboutique\/#organization\",\"name\":\"Maison \u00c9co Distribution\",\"url\":\"https:\/\/maisonecodistribution.com\/eboutique\/\",\"logo\":{\"@type\":\"ImageObject\",\"inLanguage\":\"fr-FR\",\"@id\":\"https:\/\/maisonecodistribution.com\/eboutique\/#\/schema\/logo\/image\/\",\"url\":\"https:\/\/maisonecodistribution.com\/eboutique\/wp-content\/uploads\/2024\/07\/logo-maison-eco-1.png\",\"contentUrl\":\"https:\/\/maisonecodistribution.com\/eboutique\/wp-content\/uploads\/2024\/07\/logo-maison-eco-1.png\",\"width\":300,\"height\":321,\"caption\":\"Maison \u00c9co Distribution\"},\"image\":{\"@id\":\"https:\/\/maisonecodistribution.com\/eboutique\/#\/schema\/logo\/image\/\"},\"sameAs\":[\"https:\/\/www.facebook.com\/maisonecodistribution\"]}]}<\/script>\n<meta property=\"product:price:amount\" content=\"89.95\" \/>\n<meta property=\"product:price:currency\" content=\"EUR\" \/>\n<meta property=\"og:availability\" content=\"instock\" \/>\n<meta property=\"product:availability\" content=\"instock\" \/>\n<meta property=\"product:condition\" content=\"new\" \/>\n<!-- \/ Yoast SEO plugin. -->","yoast_head_json":{"title":"SUNGOOD | Le cuiseur solaire compact | Maison \u00c9co Distribution","description":"Compact et Ultra-l\u00e9ger, avec un poids record de 950gr, le SUNGOOD\u00ae est le cuiseur des voyageurs. Il se plie et s\u2019emporte partout, de votre jardin aux excursions lointaines, d\u00e9couvrez le go\u00fbt du soleil !","robots":{"index":"index","follow":"follow","max-snippet":"max-snippet:-1","max-image-preview":"max-image-preview:large","max-video-preview":"max-video-preview:-1"},"canonical":"https:\/\/maisonecodistribution.com\/eboutique\/produit\/sungood\/","og_locale":"fr_FR","og_type":"article","og_title":"SUNGOOD | Le cuiseur solaire compact | Maison \u00c9co Distribution","og_description":"Compact et Ultra-l\u00e9ger, avec un poids record de 950gr, le SUNGOOD\u00ae est le cuiseur des voyageurs. Il se plie et s\u2019emporte partout, de votre jardin aux excursions lointaines, d\u00e9couvrez le go\u00fbt du soleil !","og_url":"https:\/\/maisonecodistribution.com\/eboutique\/produit\/sungood\/","og_site_name":"Maison \u00c9co Distribution","article_publisher":"https:\/\/www.facebook.com\/maisonecodistribution","article_modified_time":"2024-05-14T09:09:55+00:00","og_image":[{"width":600,"height":600,"url":"https:\/\/maisonecodistribution.com\/eboutique\/wp-content\/uploads\/2022\/04\/SUNGOOD.jpg.webp","type":"image\/webp"}],"twitter_card":"summary_large_image","twitter_misc":{"Prix":"89,95&nbsp;&euro; TTC","Disponibilit\u00e9":"En stock"},"schema":{"@context":"https:\/\/schema.org","@graph":[{"@type":["WebPage","ItemPage"],"@id":"https:\/\/maisonecodistribution.com\/eboutique\/produit\/sungood\/","url":"https:\/\/maisonecodistribution.com\/eboutique\/produit\/sungood\/","name":"SUNGOOD | Le cuiseur solaire compact | Maison \u00c9co Distribution","isPartOf":{"@id":"https:\/\/maisonecodistribution.com\/eboutique\/#website"},"primaryImageOfPage":{"@id":"https:\/\/maisonecodistribution.com\/eboutique\/produit\/sungood\/#primaryimage"},"image":{"@id":"https:\/\/maisonecodistribution.com\/eboutique\/produit\/sungood\/#primaryimage"},"thumbnailUrl":"https:\/\/maisonecodistribution.com\/eboutique\/wp-content\/uploads\/2022\/04\/SUNGOOD.jpg.webp","datePublished":"2022-04-05T12:27:18+00:00","dateModified":"2024-05-14T09:09:55+00:00","description":"Compact et Ultra-l\u00e9ger, avec un poids record de 950gr, le SUNGOOD\u00ae est le cuiseur des voyageurs. Il se plie et s\u2019emporte partout, de votre jardin aux excursions lointaines, d\u00e9couvrez le go\u00fbt du soleil !","breadcrumb":{"@id":"https:\/\/maisonecodistribution.com\/eboutique\/produit\/sungood\/#breadcrumb"},"inLanguage":"fr-FR","potentialAction":[{"@type":"ReadAction","target":["https:\/\/maisonecodistribution.com\/eboutique\/produit\/sungood\/"]}]},{"@type":"ImageObject","inLanguage":"fr-FR","@id":"https:\/\/maisonecodistribution.com\/eboutique\/produit\/sungood\/#primaryimage","url":"https:\/\/maisonecodistribution.com\/eboutique\/wp-content\/uploads\/2022\/04\/SUNGOOD.jpg.webp","contentUrl":"https:\/\/maisonecodistribution.com\/eboutique\/wp-content\/uploads\/2022\/04\/SUNGOOD.jpg.webp","width":600,"height":600},{"@type":"BreadcrumbList","@id":"https:\/\/maisonecodistribution.com\/eboutique\/produit\/sungood\/#breadcrumb","itemListElement":[{"@type":"ListItem","position":1,"name":"Home","item":"https:\/\/maisonecodistribution.com\/eboutique\/"},{"@type":"ListItem","position":2,"name":"CATALOGUE","item":"https:\/\/maisonecodistribution.com\/eboutique\/catalogue\/"},{"@type":"ListItem","position":3,"name":"SUNGOOD"}]},{"@type":"WebSite","@id":"https:\/\/maisonecodistribution.com\/eboutique\/#website","url":"https:\/\/maisonecodistribution.com\/eboutique\/","name":"Maison \u00c9co Distribution","description":"Tout pour un habitat sain","publisher":{"@id":"https:\/\/maisonecodistribution.com\/eboutique\/#organization"},"potentialAction":[{"@type":"SearchAction","target":{"@type":"EntryPoint","urlTemplate":"https:\/\/maisonecodistribution.com\/eboutique\/?s={search_term_string}"},"query-input":{"@type":"PropertyValueSpecification","valueRequired":true,"valueName":"search_term_string"}}],"inLanguage":"fr-FR"},{"@type":"Organization","@id":"https:\/\/maisonecodistribution.com\/eboutique\/#organization","name":"Maison \u00c9co Distribution","url":"https:\/\/maisonecodistribution.com\/eboutique\/","logo":{"@type":"ImageObject","inLanguage":"fr-FR","@id":"https:\/\/maisonecodistribution.com\/eboutique\/#\/schema\/logo\/image\/","url":"https:\/\/maisonecodistribution.com\/eboutique\/wp-content\/uploads\/2024\/07\/logo-maison-eco-1.png","contentUrl":"https:\/\/maisonecodistribution.com\/eboutique\/wp-content\/uploads\/2024\/07\/logo-maison-eco-1.png","width":300,"height":321,"caption":"Maison \u00c9co Distribution"},"image":{"@id":"https:\/\/maisonecodistribution.com\/eboutique\/#\/schema\/logo\/image\/"},"sameAs":["https:\/\/www.facebook.com\/maisonecodistribution"]}]},"product_price_amount":"89.95","product_price_currency":"EUR","og_availability":"instock","product_availability":"instock","product_condition":"new"},"_links":{"self":[{"href":"https:\/\/maisonecodistribution.com\/eboutique\/wp-json\/wp\/v2\/product\/3225","targetHints":{"allow":["GET"]}}],"collection":[{"href":"https:\/\/maisonecodistribution.com\/eboutique\/wp-json\/wp\/v2\/product"}],"about":[{"href":"https:\/\/maisonecodistribution.com\/eboutique\/wp-json\/wp\/v2\/types\/product"}],"wp:featuredmedia":[{"embeddable":true,"href":"https:\/\/maisonecodistribution.com\/eboutique\/wp-json\/wp\/v2\/media\/3231"}],"wp:attachment":[{"href":"https:\/\/maisonecodistribution.com\/eboutique\/wp-json\/wp\/v2\/media?parent=3225"}],"wp:term":[{"taxonomy":"product_brand","embeddable":true,"href":"https:\/\/maisonecodistribution.com\/eboutique\/wp-json\/wp\/v2\/product_brand?post=3225"},{"taxonomy":"product_cat","embeddable":true,"href":"https:\/\/maisonecodistribution.com\/eboutique\/wp-json\/wp\/v2\/product_cat?post=3225"},{"taxonomy":"product_tag","embeddable":true,"href":"https:\/\/maisonecodistribution.com\/eboutique\/wp-json\/wp\/v2\/product_tag?post=3225"}],"curies":[{"name":"wp","href":"https:\/\/api.w.org\/{rel}","templated":true}]}}