{"id":3219,"date":"2022-04-04T17:48:16","date_gmt":"2022-04-04T15:48:16","guid":{"rendered":"https:\/\/maisonecodistribution.com\/?post_type=product&#038;p=3219"},"modified":"2025-07-21T10:57:31","modified_gmt":"2025-07-21T08:57:31","slug":"lasuretullo","status":"publish","type":"product","link":"https:\/\/maisonecodistribution.com\/eboutique\/produit\/lasuretullo\/","title":{"rendered":"LASURE Tull\u00f3"},"content":{"rendered":"<div id=\"product-description-short-40\" class=\"product-desc\">\n<p>La <strong>lasure Tull\u00f3<\/strong> est une alternative au solvant. Elle mise sur une v\u00e9ritable politique de d\u00e9veloppement durable. Le diluant r\u00e9actif ? L&rsquo;eau. Elle se composent aussi d&rsquo;<strong>extraits secs d&rsquo;origine v\u00e9g\u00e9tale et min\u00e9rale<\/strong>.<br \/>\nComme elle ne contient pas d&rsquo;isocyanate <em>(Acc\u00e9l\u00e9rateur de s\u00e9chage des produits en phase aqueuse)<\/em>, le temps de s\u00e9chage peut \u00eatre allong\u00e9. Pour cette m\u00eame raison, elle ne convient actuellement pas au bois tannique <em>(ch\u00eane, ch\u00e2taignier&#8230;)<\/em><\/p>\n<\/div>\n<p><b>Les + du produit :<\/b><\/p>\n<div class=\"page\" title=\"Page 1\">\n<div class=\"layoutArea\">\n<div class=\"column\">\n<ul>\n<li>Prot\u00e8ge et embelli votre int\u00e9rieur et votre ext\u00e9rieur<\/li>\n<li>Faible impact environnemental<\/li>\n<li>Diff\u00e9rentes teintes disponibles<\/li>\n<li>R\u00e9siste aux chocs thermique<\/li>\n<\/ul>\n<\/div>\n<\/div>\n<\/div>\n<p>Base incolore pouvant \u00eatre teint\u00e9.<\/p>\n<p>Disponible en 250ml, 750 ml, 2,5 L et 9 L.<\/p>\n<p><strong>Pr\u00e9caution d&#8217;emploi<\/strong> : Le support doit \u00eatre absorbant (&lt;12 d&rsquo;humidit\u00e9), propre, d\u00e9poussi\u00e8re, non gras et neutre de tout traitement chimique. Bien agiter avant application afin de disperser les pigments.<\/p>\n<div  class='tabcontainer av-w1a2s-421fcc50b6ad35202a86b6fd3e7b11b1 top_tab  avia-builder-el-0  avia-builder-el-no-sibling '>\n<section class='av_tab_section av_tab_section av-raeuc-3ca0ff038ff76ed26b9240b8bb3516e9'  itemscope=\"itemscope\" itemtype=\"https:\/\/schema.org\/CreativeWork\" ><div id='tab-id-1-tab' class='tab active_tab' role='tab' aria-selected=\"true\" tabindex=\"0\" data-fake-id='#tab-id-1' aria-controls='tab-id-1-content'  itemprop=\"headline\" ><span class='tab_icon avia-iconfont avia-font-entypo-fontello' data-av_icon='\ue84b' data-av_iconfont='entypo-fontello' ><\/span>Fiches Techniques<\/div><div id='tab-id-1-content' class='tab_content active_tab_content' role='tabpanel' aria-labelledby='tab-id-1-tab' aria-hidden=\"false\"><div class='tab_inner_content invers-color'  itemprop=\"text\" ><div  class='avia-button-wrap av-igylo-47176d7d73d697f802cb2f7f2c1a676b-wrap avia-button-left  avia-builder-el-1  avia-builder-el-no-sibling '><a href='https:\/\/maisonecodistribution.com\/eboutique\/wp-content\/uploads\/2022\/04\/7810-Lasure-Tullo-2021-galtane.pdf'  class='avia-button av-igylo-47176d7d73d697f802cb2f7f2c1a676b av-link-btn avia-icon_select-yes-left-icon avia-size-small avia-position-left av-icon-on-hover avia-color-theme-color'  target=\"_blank\"  rel=\"noopener noreferrer\"  aria-label=\"T\u00e9l\u00e9charger la fiche technique (PDF)\"><span class='avia_button_icon avia_button_icon_left avia-iconfont avia-font-entypo-fontello' data-av_icon='\ue82d' data-av_iconfont='entypo-fontello' ><\/span><span class='avia_iconbox_title' >T\u00e9l\u00e9charger la fiche technique (PDF)<\/span><\/a><\/div>\n<\/div><\/div><\/section>\n<section class='av_tab_section av_tab_section av-f3tho-673245044c8cd2155e38098f98d96955'  itemscope=\"itemscope\" itemtype=\"https:\/\/schema.org\/CreativeWork\" ><div id='tab-id-2-tab' class='tab' role='tab' aria-selected=\"false\" tabindex=\"0\" data-fake-id='#tab-id-2' aria-controls='tab-id-2-content'  itemprop=\"headline\" ><span class='tab_icon avia-iconfont avia-font-entypo-fontello' data-av_icon='\ue81f' data-av_iconfont='entypo-fontello' ><\/span>\u00c0 propos de la marque<\/div><div id='tab-id-2-content' class='tab_content' role='tabpanel' aria-labelledby='tab-id-2-tab' aria-hidden=\"true\"><div class='tab_inner_content invers-color'  itemprop=\"text\" ><p><img loading=\"lazy\" decoding=\"async\" class=\"wp-image-855 alignleft\" src=\"https:\/\/maisonecodistribution.fr\/wp-content\/uploads\/2020\/05\/galtane.png\" alt=\"\" width=\"141\" height=\"141\" srcset=\"https:\/\/maisonecodistribution.com\/eboutique\/wp-content\/uploads\/2020\/05\/galtane.png 300w, https:\/\/maisonecodistribution.com\/eboutique\/wp-content\/uploads\/2020\/05\/galtane-80x80.png 80w, https:\/\/maisonecodistribution.com\/eboutique\/wp-content\/uploads\/2020\/05\/galtane-36x36.png 36w, https:\/\/maisonecodistribution.com\/eboutique\/wp-content\/uploads\/2020\/05\/galtane-180x180.png 180w, https:\/\/maisonecodistribution.com\/eboutique\/wp-content\/uploads\/2020\/05\/galtane-100x100.png 100w\" sizes=\"auto, (max-width: 141px) 100vw, 141px\" \/><\/p>\n<p><a href=\"https:\/\/www.galtane.com\/fr\/\" target=\"_blank\" rel=\"noopener noreferrer\">Galtane<\/a> est engag\u00e9e depuis 2003 dans une d\u00e9marche de d\u00e9veloppement durable. La marque r\u00e9pond \u00e0 tous les projets, tant \u00e0 l\u2019int\u00e9rieur qu\u2019\u00e0 l\u2019ext\u00e9rieur, avec une gamme compl\u00e8te de produits pour les murs, pour le traitement du bois et des produits d\u2019entretien.<\/p>\n<p>Les produits Galtane r\u00e9pondent aux crit\u00e8res les plus exigeants pour garantir un environnement sain, d\u00e9pourvu de composants toxiques ou allergiques. Chacun des ingr\u00e9dients qui composent ces produits est choisi avec soin pour minimiser son impact sur l&rsquo;environnement. La transparence des ingr\u00e9dients, indiqu\u00e9s sur les \u00e9tiquettes, et la volont\u00e9 de travailler en circuit court compl\u00e8tent les caract\u00e9ristiques innovantes de Galtane.<\/p>\n<\/div><\/div><\/section>\n<section class='av_tab_section av_tab_section av-a4nn8-51255d398f2397d9e0b34ca3e4c5aa18'  itemscope=\"itemscope\" itemtype=\"https:\/\/schema.org\/CreativeWork\" ><div id='tab-id-3-tab' class='tab' role='tab' aria-selected=\"false\" tabindex=\"0\" data-fake-id='#tab-id-3' aria-controls='tab-id-3-content'  itemprop=\"headline\" ><span class='tab_icon avia-iconfont avia-font-entypo-fontello' data-av_icon='\ue817' data-av_iconfont='entypo-fontello' ><\/span>Plus d\u2019informations <\/div><div id='tab-id-3-content' class='tab_content' role='tabpanel' aria-labelledby='tab-id-3-tab' aria-hidden=\"true\"><div class='tab_inner_content invers-color'  itemprop=\"text\" ><table>\n<tbody>\n<tr>\n<td><b>PRODUIT<\/b><\/td>\n<td>\n<p style=\"text-align: center;\"><b>Prix HT<\/b><\/p>\n<\/td>\n<td>\n<p style=\"text-align: center;\"><b>Prix TTC<\/b><\/p>\n<\/td>\n<\/tr>\n<tr>\n<td>LASURE TULL\u00d3 750 ml<\/td>\n<td>\n<p style=\"text-align: center;\">24,00 \u20ac \/ unit\u00e9<\/p>\n<\/td>\n<td>\n<p style=\"text-align: center;\">28,80 \u20ac \/ unit\u00e9<\/p>\n<\/td>\n<\/tr>\n<tr>\n<td>LASURE TULL\u00d3 2,5 L<\/td>\n<td>\n<p style=\"text-align: center;\">58,02 \u20ac\/ unit\u00e9<\/p>\n<\/td>\n<td>\n<p style=\"text-align: center;\">70,20 \u20ac \/ unit\u00e9<\/p>\n<\/td>\n<\/tr>\n<tr>\n<td>LASURE TULL\u00d3 9 L<\/td>\n<td>\n<p style=\"text-align: center;\">190,00 \u20ac \/ unit\u00e9<\/p>\n<\/td>\n<td>\n<p style=\"text-align: center;\">229,90 \u20ac \/ unit\u00e9<\/p>\n<\/td>\n<\/tr>\n<\/tbody>\n<\/table>\n<\/div><\/div><\/section>\n<\/div>\n","protected":false},"excerpt":{"rendered":"<div class=\"page\" title=\"Page 1\">\n<div class=\"layoutArea\">\n<div class=\"column\">\n<p>La <strong>lasure Galtane<\/strong> est un saturateur aux huiles v\u00e9g\u00e9tales, sans isocyanate. Elle laisse transpara\u00eetre la <strong>structure de bois<\/strong>.<\/p>\n<\/div>\n<\/div>\n<\/div>\n","protected":false},"featured_media":3279,"template":"","meta":[],"product_brand":[],"product_cat":[2582,18,38],"product_tag":[],"class_list":{"0":"post-3219","1":"product","2":"type-product","3":"status-publish","4":"has-post-thumbnail","6":"product_cat-galtane","7":"product_cat-decoration-finition","8":"product_cat-protection-bois-et-autres-surfaces","10":"first","11":"outofstock","12":"taxable","13":"shipping-taxable","14":"purchasable","15":"product-type-variable"},"yoast_head":"<!-- This site is optimized with the Yoast SEO plugin v25.1 - https:\/\/yoast.com\/wordpress\/plugins\/seo\/ -->\n<title>LASURE Tull\u00f3 | Protection et finition des surfaces | Maison \u00c9co Distribution<\/title>\n<meta name=\"description\" content=\"L\u2019Huile-cire monocouche de dernie\u0300re ge\u0301ne\u0301ration est un produit naturel et \u00e9cologique pour la protection et la finition des parquets et du mobilier.\" \/>\n<meta name=\"robots\" content=\"index, follow, max-snippet:-1, max-image-preview:large, max-video-preview:-1\" \/>\n<link rel=\"canonical\" href=\"https:\/\/maisonecodistribution.com\/eboutique\/produit\/lasuretullo\/\" \/>\n<meta property=\"og:locale\" content=\"fr_FR\" \/>\n<meta property=\"og:type\" content=\"article\" \/>\n<meta property=\"og:title\" content=\"LASURE Tull\u00f3 | Protection et finition des surfaces | Maison \u00c9co Distribution\" \/>\n<meta property=\"og:description\" content=\"L\u2019Huile-cire monocouche de dernie\u0300re ge\u0301ne\u0301ration est un produit naturel et \u00e9cologique pour la protection et la finition des parquets et du mobilier.\" \/>\n<meta property=\"og:url\" content=\"https:\/\/maisonecodistribution.com\/eboutique\/produit\/lasuretullo\/\" \/>\n<meta property=\"og:site_name\" content=\"Maison \u00c9co Distribution\" \/>\n<meta property=\"article:publisher\" content=\"https:\/\/www.facebook.com\/maisonecodistribution\" \/>\n<meta property=\"article:modified_time\" content=\"2025-07-21T08:57:31+00:00\" \/>\n<meta property=\"og:image\" content=\"https:\/\/maisonecodistribution.com\/eboutique\/wp-content\/uploads\/2022\/04\/galtanetullo-scaled.jpg\" \/>\n\t<meta property=\"og:image:width\" content=\"1920\" \/>\n\t<meta property=\"og:image:height\" content=\"2560\" \/>\n\t<meta property=\"og:image:type\" content=\"image\/jpeg\" \/>\n<meta name=\"twitter:card\" content=\"summary_large_image\" \/>\n<meta name=\"twitter:label1\" content=\"Disponibilit\u00e9\" \/>\n\t<meta name=\"twitter:data1\" content=\"Rupture de stock\" \/>\n<script type=\"application\/ld+json\" class=\"yoast-schema-graph\">{\"@context\":\"https:\/\/schema.org\",\"@graph\":[{\"@type\":[\"WebPage\",\"ItemPage\"],\"@id\":\"https:\/\/maisonecodistribution.com\/eboutique\/produit\/lasuretullo\/\",\"url\":\"https:\/\/maisonecodistribution.com\/eboutique\/produit\/lasuretullo\/\",\"name\":\"LASURE Tull\u00f3 | Protection et finition des surfaces | Maison \u00c9co Distribution\",\"isPartOf\":{\"@id\":\"https:\/\/maisonecodistribution.com\/eboutique\/#website\"},\"primaryImageOfPage\":{\"@id\":\"https:\/\/maisonecodistribution.com\/eboutique\/produit\/lasuretullo\/#primaryimage\"},\"image\":{\"@id\":\"https:\/\/maisonecodistribution.com\/eboutique\/produit\/lasuretullo\/#primaryimage\"},\"thumbnailUrl\":\"https:\/\/maisonecodistribution.com\/eboutique\/wp-content\/uploads\/2022\/04\/galtanetullo-scaled.jpg\",\"datePublished\":\"2022-04-04T15:48:16+00:00\",\"dateModified\":\"2025-07-21T08:57:31+00:00\",\"description\":\"L\u2019Huile-cire monocouche de dernie\u0300re ge\u0301ne\u0301ration est un produit naturel et \u00e9cologique pour la protection et la finition des parquets et du mobilier.\",\"breadcrumb\":{\"@id\":\"https:\/\/maisonecodistribution.com\/eboutique\/produit\/lasuretullo\/#breadcrumb\"},\"inLanguage\":\"fr-FR\",\"potentialAction\":[{\"@type\":\"ReadAction\",\"target\":[\"https:\/\/maisonecodistribution.com\/eboutique\/produit\/lasuretullo\/\"]}]},{\"@type\":\"ImageObject\",\"inLanguage\":\"fr-FR\",\"@id\":\"https:\/\/maisonecodistribution.com\/eboutique\/produit\/lasuretullo\/#primaryimage\",\"url\":\"https:\/\/maisonecodistribution.com\/eboutique\/wp-content\/uploads\/2022\/04\/galtanetullo-scaled.jpg\",\"contentUrl\":\"https:\/\/maisonecodistribution.com\/eboutique\/wp-content\/uploads\/2022\/04\/galtanetullo-scaled.jpg\",\"width\":1920,\"height\":2560},{\"@type\":\"BreadcrumbList\",\"@id\":\"https:\/\/maisonecodistribution.com\/eboutique\/produit\/lasuretullo\/#breadcrumb\",\"itemListElement\":[{\"@type\":\"ListItem\",\"position\":1,\"name\":\"Home\",\"item\":\"https:\/\/maisonecodistribution.com\/eboutique\/\"},{\"@type\":\"ListItem\",\"position\":2,\"name\":\"CATALOGUE\",\"item\":\"https:\/\/maisonecodistribution.com\/eboutique\/catalogue\/\"},{\"@type\":\"ListItem\",\"position\":3,\"name\":\"LASURE Tull\u00f3\"}]},{\"@type\":\"WebSite\",\"@id\":\"https:\/\/maisonecodistribution.com\/eboutique\/#website\",\"url\":\"https:\/\/maisonecodistribution.com\/eboutique\/\",\"name\":\"Maison \u00c9co Distribution\",\"description\":\"Tout pour un habitat sain\",\"publisher\":{\"@id\":\"https:\/\/maisonecodistribution.com\/eboutique\/#organization\"},\"potentialAction\":[{\"@type\":\"SearchAction\",\"target\":{\"@type\":\"EntryPoint\",\"urlTemplate\":\"https:\/\/maisonecodistribution.com\/eboutique\/?s={search_term_string}\"},\"query-input\":{\"@type\":\"PropertyValueSpecification\",\"valueRequired\":true,\"valueName\":\"search_term_string\"}}],\"inLanguage\":\"fr-FR\"},{\"@type\":\"Organization\",\"@id\":\"https:\/\/maisonecodistribution.com\/eboutique\/#organization\",\"name\":\"Maison \u00c9co Distribution\",\"url\":\"https:\/\/maisonecodistribution.com\/eboutique\/\",\"logo\":{\"@type\":\"ImageObject\",\"inLanguage\":\"fr-FR\",\"@id\":\"https:\/\/maisonecodistribution.com\/eboutique\/#\/schema\/logo\/image\/\",\"url\":\"https:\/\/maisonecodistribution.com\/eboutique\/wp-content\/uploads\/2024\/07\/logo-maison-eco-1.png\",\"contentUrl\":\"https:\/\/maisonecodistribution.com\/eboutique\/wp-content\/uploads\/2024\/07\/logo-maison-eco-1.png\",\"width\":300,\"height\":321,\"caption\":\"Maison \u00c9co Distribution\"},\"image\":{\"@id\":\"https:\/\/maisonecodistribution.com\/eboutique\/#\/schema\/logo\/image\/\"},\"sameAs\":[\"https:\/\/www.facebook.com\/maisonecodistribution\"]}]}<\/script>\n<meta property=\"og:availability\" content=\"out of stock\" \/>\n<meta property=\"product:availability\" content=\"out of stock\" \/>\n<meta property=\"product:condition\" content=\"new\" \/>\n<!-- \/ Yoast SEO plugin. -->","yoast_head_json":{"title":"LASURE Tull\u00f3 | Protection et finition des surfaces | Maison \u00c9co Distribution","description":"L\u2019Huile-cire monocouche de dernie\u0300re ge\u0301ne\u0301ration est un produit naturel et \u00e9cologique pour la protection et la finition des parquets et du mobilier.","robots":{"index":"index","follow":"follow","max-snippet":"max-snippet:-1","max-image-preview":"max-image-preview:large","max-video-preview":"max-video-preview:-1"},"canonical":"https:\/\/maisonecodistribution.com\/eboutique\/produit\/lasuretullo\/","og_locale":"fr_FR","og_type":"article","og_title":"LASURE Tull\u00f3 | Protection et finition des surfaces | Maison \u00c9co Distribution","og_description":"L\u2019Huile-cire monocouche de dernie\u0300re ge\u0301ne\u0301ration est un produit naturel et \u00e9cologique pour la protection et la finition des parquets et du mobilier.","og_url":"https:\/\/maisonecodistribution.com\/eboutique\/produit\/lasuretullo\/","og_site_name":"Maison \u00c9co Distribution","article_publisher":"https:\/\/www.facebook.com\/maisonecodistribution","article_modified_time":"2025-07-21T08:57:31+00:00","og_image":[{"width":1920,"height":2560,"url":"https:\/\/maisonecodistribution.com\/eboutique\/wp-content\/uploads\/2022\/04\/galtanetullo-scaled.jpg","type":"image\/jpeg"}],"twitter_card":"summary_large_image","twitter_misc":{"Disponibilit\u00e9":"Rupture de stock"},"schema":{"@context":"https:\/\/schema.org","@graph":[{"@type":["WebPage","ItemPage"],"@id":"https:\/\/maisonecodistribution.com\/eboutique\/produit\/lasuretullo\/","url":"https:\/\/maisonecodistribution.com\/eboutique\/produit\/lasuretullo\/","name":"LASURE Tull\u00f3 | Protection et finition des surfaces | Maison \u00c9co Distribution","isPartOf":{"@id":"https:\/\/maisonecodistribution.com\/eboutique\/#website"},"primaryImageOfPage":{"@id":"https:\/\/maisonecodistribution.com\/eboutique\/produit\/lasuretullo\/#primaryimage"},"image":{"@id":"https:\/\/maisonecodistribution.com\/eboutique\/produit\/lasuretullo\/#primaryimage"},"thumbnailUrl":"https:\/\/maisonecodistribution.com\/eboutique\/wp-content\/uploads\/2022\/04\/galtanetullo-scaled.jpg","datePublished":"2022-04-04T15:48:16+00:00","dateModified":"2025-07-21T08:57:31+00:00","description":"L\u2019Huile-cire monocouche de dernie\u0300re ge\u0301ne\u0301ration est un produit naturel et \u00e9cologique pour la protection et la finition des parquets et du mobilier.","breadcrumb":{"@id":"https:\/\/maisonecodistribution.com\/eboutique\/produit\/lasuretullo\/#breadcrumb"},"inLanguage":"fr-FR","potentialAction":[{"@type":"ReadAction","target":["https:\/\/maisonecodistribution.com\/eboutique\/produit\/lasuretullo\/"]}]},{"@type":"ImageObject","inLanguage":"fr-FR","@id":"https:\/\/maisonecodistribution.com\/eboutique\/produit\/lasuretullo\/#primaryimage","url":"https:\/\/maisonecodistribution.com\/eboutique\/wp-content\/uploads\/2022\/04\/galtanetullo-scaled.jpg","contentUrl":"https:\/\/maisonecodistribution.com\/eboutique\/wp-content\/uploads\/2022\/04\/galtanetullo-scaled.jpg","width":1920,"height":2560},{"@type":"BreadcrumbList","@id":"https:\/\/maisonecodistribution.com\/eboutique\/produit\/lasuretullo\/#breadcrumb","itemListElement":[{"@type":"ListItem","position":1,"name":"Home","item":"https:\/\/maisonecodistribution.com\/eboutique\/"},{"@type":"ListItem","position":2,"name":"CATALOGUE","item":"https:\/\/maisonecodistribution.com\/eboutique\/catalogue\/"},{"@type":"ListItem","position":3,"name":"LASURE Tull\u00f3"}]},{"@type":"WebSite","@id":"https:\/\/maisonecodistribution.com\/eboutique\/#website","url":"https:\/\/maisonecodistribution.com\/eboutique\/","name":"Maison \u00c9co Distribution","description":"Tout pour un habitat sain","publisher":{"@id":"https:\/\/maisonecodistribution.com\/eboutique\/#organization"},"potentialAction":[{"@type":"SearchAction","target":{"@type":"EntryPoint","urlTemplate":"https:\/\/maisonecodistribution.com\/eboutique\/?s={search_term_string}"},"query-input":{"@type":"PropertyValueSpecification","valueRequired":true,"valueName":"search_term_string"}}],"inLanguage":"fr-FR"},{"@type":"Organization","@id":"https:\/\/maisonecodistribution.com\/eboutique\/#organization","name":"Maison \u00c9co Distribution","url":"https:\/\/maisonecodistribution.com\/eboutique\/","logo":{"@type":"ImageObject","inLanguage":"fr-FR","@id":"https:\/\/maisonecodistribution.com\/eboutique\/#\/schema\/logo\/image\/","url":"https:\/\/maisonecodistribution.com\/eboutique\/wp-content\/uploads\/2024\/07\/logo-maison-eco-1.png","contentUrl":"https:\/\/maisonecodistribution.com\/eboutique\/wp-content\/uploads\/2024\/07\/logo-maison-eco-1.png","width":300,"height":321,"caption":"Maison \u00c9co Distribution"},"image":{"@id":"https:\/\/maisonecodistribution.com\/eboutique\/#\/schema\/logo\/image\/"},"sameAs":["https:\/\/www.facebook.com\/maisonecodistribution"]}]},"og_availability":"out of stock","product_availability":"out of stock","product_condition":"new"},"_links":{"self":[{"href":"https:\/\/maisonecodistribution.com\/eboutique\/wp-json\/wp\/v2\/product\/3219","targetHints":{"allow":["GET"]}}],"collection":[{"href":"https:\/\/maisonecodistribution.com\/eboutique\/wp-json\/wp\/v2\/product"}],"about":[{"href":"https:\/\/maisonecodistribution.com\/eboutique\/wp-json\/wp\/v2\/types\/product"}],"wp:featuredmedia":[{"embeddable":true,"href":"https:\/\/maisonecodistribution.com\/eboutique\/wp-json\/wp\/v2\/media\/3279"}],"wp:attachment":[{"href":"https:\/\/maisonecodistribution.com\/eboutique\/wp-json\/wp\/v2\/media?parent=3219"}],"wp:term":[{"taxonomy":"product_brand","embeddable":true,"href":"https:\/\/maisonecodistribution.com\/eboutique\/wp-json\/wp\/v2\/product_brand?post=3219"},{"taxonomy":"product_cat","embeddable":true,"href":"https:\/\/maisonecodistribution.com\/eboutique\/wp-json\/wp\/v2\/product_cat?post=3219"},{"taxonomy":"product_tag","embeddable":true,"href":"https:\/\/maisonecodistribution.com\/eboutique\/wp-json\/wp\/v2\/product_tag?post=3219"}],"curies":[{"name":"wp","href":"https:\/\/api.w.org\/{rel}","templated":true}]}}