{"id":3192,"date":"2022-04-04T16:10:27","date_gmt":"2022-04-04T14:10:27","guid":{"rendered":"https:\/\/maisonecodistribution.com\/?post_type=product&#038;p=3192"},"modified":"2025-11-03T13:00:37","modified_gmt":"2025-11-03T12:00:37","slug":"huile-durcissante","status":"publish","type":"product","link":"https:\/\/maisonecodistribution.com\/eboutique\/produit\/huile-durcissante\/","title":{"rendered":"HUILE DURCISSANTE"},"content":{"rendered":"<div id=\"product-description-short-40\" class=\"product-desc\">\n<p>L&rsquo;<strong>huile durcissante<\/strong> GALTANE est une huile naturelle pour parquet et pour la protection et la finition des surfaces int\u00e9rieures en bois tr\u00e8s sollicit\u00e9es (planchers, parquets, escaliers, plans de travail de cuisine, tables, mobiliers,&#8230;) mais aussi le li\u00e8ge, le linol\u00e9um, la terre cuite, les pierres naturelles, le ciment et le b\u00e9ton poreux.<\/p>\n<p>Cette huile conf\u00e8re au bois une surface agr\u00e9able et naturelle. Elle ravive les <strong>fibres de bois<\/strong>. L&rsquo;huile p\u00e9n\u00e8tre dans le bois, celui-ci n&rsquo;est pas couvert. Elle est antistatique et d&rsquo;odeur agr\u00e9able.<\/p>\n\n<style type=\"text\/css\" data-created_by=\"avia_inline_auto\" id=\"style-css-av-bv0pe-f270fa7b935d3c6bace25b226a9b61f2\">\n.av_font_icon.av-bv0pe-f270fa7b935d3c6bace25b226a9b61f2 .av-icon-char{\nfont-size:20px;\nline-height:20px;\n}\n<\/style>\n<span  class='av_font_icon av-bv0pe-f270fa7b935d3c6bace25b226a9b61f2 avia_animate_when_visible av-icon-style- avia-icon-pos-left avia-iconfont avia-font-entypo-fontello av-no-color avia-icon-animate'><span class='av-icon-char' data-av_icon='\ue83e' data-av_iconfont='entypo-fontello' aria-hidden=\"true\" ><\/span><\/span>\n<\/div>\n<p><b>Les + du produit :<\/b><\/p>\n<div class=\"page\" title=\"Page 1\">\n<div class=\"layoutArea\">\n<div class=\"column\">\n<ul>\n<li>Conserve la couleur naturelle des bois clairs<\/li>\n<li>Ravive les fibres du bois<\/li>\n<li>Produit sain et naturel, conforme a\u0300 la norme EN 71\/3 (convient pour jouets d\u2019enfants)<\/li>\n<\/ul>\n<\/div>\n<\/div>\n<\/div>\n<p><strong>Pr\u00e9caution d&#8217;emploi<\/strong> : Faire s\u00e9cher \u00e0 plat et \u00e0 l\u2019air frais les chiffons, poussi\u00e8res des sacs des ponceuses et v\u00eatements de travail impr\u00e9gn\u00e9s d\u2019huile : risque d\u2019auto-combustion.<\/p>\n<div  class='tabcontainer av-w1a2s-421fcc50b6ad35202a86b6fd3e7b11b1 top_tab  avia-builder-el-1  el_after_av_font_icon  avia-builder-el-last '>\n<section class='av_tab_section av_tab_section av-raeuc-3ca0ff038ff76ed26b9240b8bb3516e9'  itemscope=\"itemscope\" itemtype=\"https:\/\/schema.org\/CreativeWork\" ><div id='tab-id-1-tab' class='tab active_tab' role='tab' aria-selected=\"true\" tabindex=\"0\" data-fake-id='#tab-id-1' aria-controls='tab-id-1-content'  itemprop=\"headline\" ><span class='tab_icon avia-iconfont avia-font-entypo-fontello' data-av_icon='\ue84b' data-av_iconfont='entypo-fontello' ><\/span>Fiches Techniques<\/div><div id='tab-id-1-content' class='tab_content active_tab_content' role='tabpanel' aria-labelledby='tab-id-1-tab' aria-hidden=\"false\"><div class='tab_inner_content invers-color'  itemprop=\"text\" ><div  class='avia-button-wrap av-igylo-13de16fe551c1d277222cec413515e8d-wrap avia-button-left  avia-builder-el-2  avia-builder-el-no-sibling '><a href='https:\/\/maisonecodistribution.com\/eboutique\/wp-content\/uploads\/2022\/04\/G3qirw-5050-Huile-durcissante-2021galtane.pdf'  class='avia-button av-igylo-13de16fe551c1d277222cec413515e8d av-link-btn avia-icon_select-yes-left-icon avia-size-small avia-position-left av-icon-on-hover avia-color-theme-color'  target=\"_blank\"  rel=\"noopener noreferrer\"  aria-label=\"T\u00e9l\u00e9charger la fiche technique (PDF)\"><span class='avia_button_icon avia_button_icon_left avia-iconfont avia-font-entypo-fontello' data-av_icon='\ue82d' data-av_iconfont='entypo-fontello' ><\/span><span class='avia_iconbox_title' >T\u00e9l\u00e9charger la fiche technique (PDF)<\/span><\/a><\/div>\n<\/div><\/div><\/section>\n<section class='av_tab_section av_tab_section av-f3tho-673245044c8cd2155e38098f98d96955'  itemscope=\"itemscope\" itemtype=\"https:\/\/schema.org\/CreativeWork\" ><div id='tab-id-2-tab' class='tab' role='tab' aria-selected=\"false\" tabindex=\"0\" data-fake-id='#tab-id-2' aria-controls='tab-id-2-content'  itemprop=\"headline\" ><span class='tab_icon avia-iconfont avia-font-entypo-fontello' data-av_icon='\ue81f' data-av_iconfont='entypo-fontello' ><\/span>\u00c0 propos de la marque<\/div><div id='tab-id-2-content' class='tab_content' role='tabpanel' aria-labelledby='tab-id-2-tab' aria-hidden=\"true\"><div class='tab_inner_content invers-color'  itemprop=\"text\" ><p><img loading=\"lazy\" decoding=\"async\" class=\"wp-image-855 alignleft\" src=\"https:\/\/maisonecodistribution.fr\/wp-content\/uploads\/2020\/05\/galtane.png\" alt=\"\" width=\"141\" height=\"141\" srcset=\"https:\/\/maisonecodistribution.com\/eboutique\/wp-content\/uploads\/2020\/05\/galtane.png 300w, https:\/\/maisonecodistribution.com\/eboutique\/wp-content\/uploads\/2020\/05\/galtane-80x80.png 80w, https:\/\/maisonecodistribution.com\/eboutique\/wp-content\/uploads\/2020\/05\/galtane-36x36.png 36w, https:\/\/maisonecodistribution.com\/eboutique\/wp-content\/uploads\/2020\/05\/galtane-180x180.png 180w, https:\/\/maisonecodistribution.com\/eboutique\/wp-content\/uploads\/2020\/05\/galtane-100x100.png 100w\" sizes=\"auto, (max-width: 141px) 100vw, 141px\" \/><\/p>\n<p><a href=\"https:\/\/www.galtane.com\/fr\/\" target=\"_blank\" rel=\"noopener noreferrer\">Galtane<\/a> est engag\u00e9e depuis 2003 dans une d\u00e9marche de d\u00e9veloppement durable. La marque r\u00e9pond \u00e0 tous les projets, tant \u00e0 l\u2019int\u00e9rieur qu\u2019\u00e0 l\u2019ext\u00e9rieur, avec une gamme compl\u00e8te de produits pour les murs, pour le traitement du bois et des produits d\u2019entretien.<\/p>\n<p>Les produits Galtane r\u00e9pondent aux crit\u00e8res les plus exigeants pour garantir un environnement sain, d\u00e9pourvu de composants toxiques ou allergiques. Chacun des ingr\u00e9dients qui composent ces produits est choisi avec soin pour minimiser son impact sur l&rsquo;environnement. La transparence des ingr\u00e9dients, indiqu\u00e9s sur les \u00e9tiquettes, et la volont\u00e9 de travailler en circuit court compl\u00e8tent les caract\u00e9ristiques innovantes de Galtane.<\/p>\n<\/div><\/div><\/section>\n<section class='av_tab_section av_tab_section av-a4nn8-51255d398f2397d9e0b34ca3e4c5aa18'  itemscope=\"itemscope\" itemtype=\"https:\/\/schema.org\/CreativeWork\" ><div id='tab-id-3-tab' class='tab' role='tab' aria-selected=\"false\" tabindex=\"0\" data-fake-id='#tab-id-3' aria-controls='tab-id-3-content'  itemprop=\"headline\" ><span class='tab_icon avia-iconfont avia-font-entypo-fontello' data-av_icon='\ue817' data-av_iconfont='entypo-fontello' ><\/span>Plus d\u2019informations <\/div><div id='tab-id-3-content' class='tab_content' role='tabpanel' aria-labelledby='tab-id-3-tab' aria-hidden=\"true\"><div class='tab_inner_content invers-color'  itemprop=\"text\" ><table>\n<tbody>\n<tr>\n<td><b>PRODUIT<\/b><\/td>\n<td>\n<p style=\"text-align: center;\"><b>Prix HT<\/b><\/p>\n<\/td>\n<td>\n<p style=\"text-align: center;\"><b>Prix TTC<\/b><\/p>\n<\/td>\n<\/tr>\n<tr>\n<td>HUILE DURCISSANTE 250 ML<\/td>\n<td>\n<p style=\"text-align: center;\">12,00 \u20ac \/ unit\u00e9<\/p>\n<\/td>\n<td>\n<p style=\"text-align: center;\">15,00 \u20ac \/ unit\u00e9<\/p>\n<\/td>\n<\/tr>\n<tr>\n<td>HUILE DURCISSANTE 750 ML<\/td>\n<td>\n<p style=\"text-align: center;\">27,92 \u20ac\/ unit\u00e9<\/p>\n<\/td>\n<td>\n<p style=\"text-align: center;\">34,90 \u20ac \/ unit\u00e9<\/p>\n<\/td>\n<\/tr>\n<tr>\n<td>HUILE DURCISSANTE 2,5 L<\/td>\n<td>\n<p style=\"text-align: center;\">63,36 \u20ac \/ unit\u00e9<\/p>\n<\/td>\n<td>\n<p style=\"text-align: center;\">79,20 \u20ac \/ unit\u00e9<\/p>\n<\/td>\n<\/tr>\n<tr>\n<td>HUILE DURCISSANTE 10 L<\/td>\n<td>\n<p style=\"text-align: center;\">222,40 \u20ac \/ unit\u00e9<\/p>\n<\/td>\n<td>\n<p style=\"text-align: center;\">278,00 \u20ac \/ unit\u00e9<\/p>\n<\/td>\n<\/tr>\n<\/tbody>\n<\/table>\n<\/div><\/div><\/section>\n<\/div>\n","protected":false},"excerpt":{"rendered":"<div class=\"page\" title=\"Page 1\">\n<div class=\"layoutArea\">\n<div class=\"column\">\n<p>L\u2019Huile durcissante est un produit con\u00e7u pour la <strong>protection et la finition des parquets et du mobilier. <\/strong>L&rsquo;huile \u00e9claircissante conserve la couleur naturelle des bois clairs et met en valeur le support en ravivant les fibres naturelles du bois.<\/p>\n<\/div>\n<\/div>\n<\/div>\n","protected":false},"featured_media":3281,"template":"","meta":[],"product_brand":[],"product_cat":[2582,18,38],"product_tag":[3047,3036,3038,3040,3037,3043,3042,3041,3045,3044,3039,3046],"class_list":{"0":"post-3192","1":"product","2":"type-product","3":"status-publish","4":"has-post-thumbnail","6":"product_cat-galtane","7":"product_cat-decoration-finition","8":"product_cat-protection-bois-et-autres-surfaces","9":"product_tag-bois-clairs","10":"product_tag-decoration-finition","11":"product_tag-finitions-bois","12":"product_tag-huiles-bois","13":"product_tag-huiles-naturelles","14":"product_tag-mobilier","15":"product_tag-parquet","16":"product_tag-plan-de-travail","17":"product_tag-protection-des-surfaces","18":"product_tag-protection-du-bois","19":"product_tag-traitement-du-bois","20":"product_tag-traitement-naturel","22":"first","23":"instock","24":"taxable","25":"shipping-taxable","26":"purchasable","27":"product-type-variable"},"yoast_head":"<!-- This site is optimized with the Yoast SEO plugin v25.1 - https:\/\/yoast.com\/wordpress\/plugins\/seo\/ -->\n<title>HUILE DURCISSANTE | Protection et finition des surfaces | Maison \u00c9co Distribution<\/title>\n<meta name=\"description\" content=\"L\u2019huile durcissante est un produit pour la protection et la finition des parquets et du mobilier qui conserve la couleur naturelle des bois clairs\" \/>\n<meta name=\"robots\" content=\"index, follow, max-snippet:-1, max-image-preview:large, max-video-preview:-1\" \/>\n<link rel=\"canonical\" href=\"https:\/\/maisonecodistribution.com\/eboutique\/produit\/huile-durcissante\/\" \/>\n<meta property=\"og:locale\" content=\"fr_FR\" \/>\n<meta property=\"og:type\" content=\"article\" \/>\n<meta property=\"og:title\" content=\"HUILE DURCISSANTE | Protection et finition des surfaces | Maison \u00c9co Distribution\" \/>\n<meta property=\"og:description\" content=\"L\u2019huile durcissante est un produit pour la protection et la finition des parquets et du mobilier qui conserve la couleur naturelle des bois clairs\" \/>\n<meta property=\"og:url\" content=\"https:\/\/maisonecodistribution.com\/eboutique\/produit\/huile-durcissante\/\" \/>\n<meta property=\"og:site_name\" content=\"Maison \u00c9co Distribution\" \/>\n<meta property=\"article:publisher\" content=\"https:\/\/www.facebook.com\/maisonecodistribution\" \/>\n<meta property=\"article:modified_time\" content=\"2025-11-03T12:00:37+00:00\" \/>\n<meta property=\"og:image\" content=\"https:\/\/maisonecodistribution.com\/eboutique\/wp-content\/uploads\/2022\/04\/huile-de-lin-durcissante.png\" \/>\n\t<meta property=\"og:image:width\" content=\"600\" \/>\n\t<meta property=\"og:image:height\" content=\"756\" \/>\n\t<meta property=\"og:image:type\" content=\"image\/png\" \/>\n<meta name=\"twitter:card\" content=\"summary_large_image\" \/>\n<meta name=\"twitter:label1\" content=\"Disponibilit\u00e9\" \/>\n\t<meta name=\"twitter:data1\" content=\"En stock\" \/>\n<script type=\"application\/ld+json\" class=\"yoast-schema-graph\">{\"@context\":\"https:\/\/schema.org\",\"@graph\":[{\"@type\":[\"WebPage\",\"ItemPage\"],\"@id\":\"https:\/\/maisonecodistribution.com\/eboutique\/produit\/huile-durcissante\/\",\"url\":\"https:\/\/maisonecodistribution.com\/eboutique\/produit\/huile-durcissante\/\",\"name\":\"HUILE DURCISSANTE | Protection et finition des surfaces | Maison \u00c9co Distribution\",\"isPartOf\":{\"@id\":\"https:\/\/maisonecodistribution.com\/eboutique\/#website\"},\"primaryImageOfPage\":{\"@id\":\"https:\/\/maisonecodistribution.com\/eboutique\/produit\/huile-durcissante\/#primaryimage\"},\"image\":{\"@id\":\"https:\/\/maisonecodistribution.com\/eboutique\/produit\/huile-durcissante\/#primaryimage\"},\"thumbnailUrl\":\"https:\/\/maisonecodistribution.com\/eboutique\/wp-content\/uploads\/2022\/04\/huile-de-lin-durcissante.png\",\"datePublished\":\"2022-04-04T14:10:27+00:00\",\"dateModified\":\"2025-11-03T12:00:37+00:00\",\"description\":\"L\u2019huile durcissante est un produit pour la protection et la finition des parquets et du mobilier qui conserve la couleur naturelle des bois clairs\",\"breadcrumb\":{\"@id\":\"https:\/\/maisonecodistribution.com\/eboutique\/produit\/huile-durcissante\/#breadcrumb\"},\"inLanguage\":\"fr-FR\",\"potentialAction\":[{\"@type\":\"ReadAction\",\"target\":[\"https:\/\/maisonecodistribution.com\/eboutique\/produit\/huile-durcissante\/\"]}]},{\"@type\":\"ImageObject\",\"inLanguage\":\"fr-FR\",\"@id\":\"https:\/\/maisonecodistribution.com\/eboutique\/produit\/huile-durcissante\/#primaryimage\",\"url\":\"https:\/\/maisonecodistribution.com\/eboutique\/wp-content\/uploads\/2022\/04\/huile-de-lin-durcissante.png\",\"contentUrl\":\"https:\/\/maisonecodistribution.com\/eboutique\/wp-content\/uploads\/2022\/04\/huile-de-lin-durcissante.png\",\"width\":600,\"height\":756},{\"@type\":\"BreadcrumbList\",\"@id\":\"https:\/\/maisonecodistribution.com\/eboutique\/produit\/huile-durcissante\/#breadcrumb\",\"itemListElement\":[{\"@type\":\"ListItem\",\"position\":1,\"name\":\"Home\",\"item\":\"https:\/\/maisonecodistribution.com\/eboutique\/\"},{\"@type\":\"ListItem\",\"position\":2,\"name\":\"CATALOGUE\",\"item\":\"https:\/\/maisonecodistribution.com\/eboutique\/catalogue\/\"},{\"@type\":\"ListItem\",\"position\":3,\"name\":\"HUILE DURCISSANTE\"}]},{\"@type\":\"WebSite\",\"@id\":\"https:\/\/maisonecodistribution.com\/eboutique\/#website\",\"url\":\"https:\/\/maisonecodistribution.com\/eboutique\/\",\"name\":\"Maison \u00c9co Distribution\",\"description\":\"Tout pour un habitat sain\",\"publisher\":{\"@id\":\"https:\/\/maisonecodistribution.com\/eboutique\/#organization\"},\"potentialAction\":[{\"@type\":\"SearchAction\",\"target\":{\"@type\":\"EntryPoint\",\"urlTemplate\":\"https:\/\/maisonecodistribution.com\/eboutique\/?s={search_term_string}\"},\"query-input\":{\"@type\":\"PropertyValueSpecification\",\"valueRequired\":true,\"valueName\":\"search_term_string\"}}],\"inLanguage\":\"fr-FR\"},{\"@type\":\"Organization\",\"@id\":\"https:\/\/maisonecodistribution.com\/eboutique\/#organization\",\"name\":\"Maison \u00c9co Distribution\",\"url\":\"https:\/\/maisonecodistribution.com\/eboutique\/\",\"logo\":{\"@type\":\"ImageObject\",\"inLanguage\":\"fr-FR\",\"@id\":\"https:\/\/maisonecodistribution.com\/eboutique\/#\/schema\/logo\/image\/\",\"url\":\"https:\/\/maisonecodistribution.com\/eboutique\/wp-content\/uploads\/2024\/07\/logo-maison-eco-1.png\",\"contentUrl\":\"https:\/\/maisonecodistribution.com\/eboutique\/wp-content\/uploads\/2024\/07\/logo-maison-eco-1.png\",\"width\":300,\"height\":321,\"caption\":\"Maison \u00c9co Distribution\"},\"image\":{\"@id\":\"https:\/\/maisonecodistribution.com\/eboutique\/#\/schema\/logo\/image\/\"},\"sameAs\":[\"https:\/\/www.facebook.com\/maisonecodistribution\"]}]}<\/script>\n<meta property=\"og:availability\" content=\"instock\" \/>\n<meta property=\"product:availability\" content=\"instock\" \/>\n<meta property=\"product:condition\" content=\"new\" \/>\n<!-- \/ Yoast SEO plugin. -->","yoast_head_json":{"title":"HUILE DURCISSANTE | Protection et finition des surfaces | Maison \u00c9co Distribution","description":"L\u2019huile durcissante est un produit pour la protection et la finition des parquets et du mobilier qui conserve la couleur naturelle des bois clairs","robots":{"index":"index","follow":"follow","max-snippet":"max-snippet:-1","max-image-preview":"max-image-preview:large","max-video-preview":"max-video-preview:-1"},"canonical":"https:\/\/maisonecodistribution.com\/eboutique\/produit\/huile-durcissante\/","og_locale":"fr_FR","og_type":"article","og_title":"HUILE DURCISSANTE | Protection et finition des surfaces | Maison \u00c9co Distribution","og_description":"L\u2019huile durcissante est un produit pour la protection et la finition des parquets et du mobilier qui conserve la couleur naturelle des bois clairs","og_url":"https:\/\/maisonecodistribution.com\/eboutique\/produit\/huile-durcissante\/","og_site_name":"Maison \u00c9co Distribution","article_publisher":"https:\/\/www.facebook.com\/maisonecodistribution","article_modified_time":"2025-11-03T12:00:37+00:00","og_image":[{"width":600,"height":756,"url":"https:\/\/maisonecodistribution.com\/eboutique\/wp-content\/uploads\/2022\/04\/huile-de-lin-durcissante.png","type":"image\/png"}],"twitter_card":"summary_large_image","twitter_misc":{"Disponibilit\u00e9":"En stock"},"schema":{"@context":"https:\/\/schema.org","@graph":[{"@type":["WebPage","ItemPage"],"@id":"https:\/\/maisonecodistribution.com\/eboutique\/produit\/huile-durcissante\/","url":"https:\/\/maisonecodistribution.com\/eboutique\/produit\/huile-durcissante\/","name":"HUILE DURCISSANTE | Protection et finition des surfaces | Maison \u00c9co Distribution","isPartOf":{"@id":"https:\/\/maisonecodistribution.com\/eboutique\/#website"},"primaryImageOfPage":{"@id":"https:\/\/maisonecodistribution.com\/eboutique\/produit\/huile-durcissante\/#primaryimage"},"image":{"@id":"https:\/\/maisonecodistribution.com\/eboutique\/produit\/huile-durcissante\/#primaryimage"},"thumbnailUrl":"https:\/\/maisonecodistribution.com\/eboutique\/wp-content\/uploads\/2022\/04\/huile-de-lin-durcissante.png","datePublished":"2022-04-04T14:10:27+00:00","dateModified":"2025-11-03T12:00:37+00:00","description":"L\u2019huile durcissante est un produit pour la protection et la finition des parquets et du mobilier qui conserve la couleur naturelle des bois clairs","breadcrumb":{"@id":"https:\/\/maisonecodistribution.com\/eboutique\/produit\/huile-durcissante\/#breadcrumb"},"inLanguage":"fr-FR","potentialAction":[{"@type":"ReadAction","target":["https:\/\/maisonecodistribution.com\/eboutique\/produit\/huile-durcissante\/"]}]},{"@type":"ImageObject","inLanguage":"fr-FR","@id":"https:\/\/maisonecodistribution.com\/eboutique\/produit\/huile-durcissante\/#primaryimage","url":"https:\/\/maisonecodistribution.com\/eboutique\/wp-content\/uploads\/2022\/04\/huile-de-lin-durcissante.png","contentUrl":"https:\/\/maisonecodistribution.com\/eboutique\/wp-content\/uploads\/2022\/04\/huile-de-lin-durcissante.png","width":600,"height":756},{"@type":"BreadcrumbList","@id":"https:\/\/maisonecodistribution.com\/eboutique\/produit\/huile-durcissante\/#breadcrumb","itemListElement":[{"@type":"ListItem","position":1,"name":"Home","item":"https:\/\/maisonecodistribution.com\/eboutique\/"},{"@type":"ListItem","position":2,"name":"CATALOGUE","item":"https:\/\/maisonecodistribution.com\/eboutique\/catalogue\/"},{"@type":"ListItem","position":3,"name":"HUILE DURCISSANTE"}]},{"@type":"WebSite","@id":"https:\/\/maisonecodistribution.com\/eboutique\/#website","url":"https:\/\/maisonecodistribution.com\/eboutique\/","name":"Maison \u00c9co Distribution","description":"Tout pour un habitat sain","publisher":{"@id":"https:\/\/maisonecodistribution.com\/eboutique\/#organization"},"potentialAction":[{"@type":"SearchAction","target":{"@type":"EntryPoint","urlTemplate":"https:\/\/maisonecodistribution.com\/eboutique\/?s={search_term_string}"},"query-input":{"@type":"PropertyValueSpecification","valueRequired":true,"valueName":"search_term_string"}}],"inLanguage":"fr-FR"},{"@type":"Organization","@id":"https:\/\/maisonecodistribution.com\/eboutique\/#organization","name":"Maison \u00c9co Distribution","url":"https:\/\/maisonecodistribution.com\/eboutique\/","logo":{"@type":"ImageObject","inLanguage":"fr-FR","@id":"https:\/\/maisonecodistribution.com\/eboutique\/#\/schema\/logo\/image\/","url":"https:\/\/maisonecodistribution.com\/eboutique\/wp-content\/uploads\/2024\/07\/logo-maison-eco-1.png","contentUrl":"https:\/\/maisonecodistribution.com\/eboutique\/wp-content\/uploads\/2024\/07\/logo-maison-eco-1.png","width":300,"height":321,"caption":"Maison \u00c9co Distribution"},"image":{"@id":"https:\/\/maisonecodistribution.com\/eboutique\/#\/schema\/logo\/image\/"},"sameAs":["https:\/\/www.facebook.com\/maisonecodistribution"]}]},"og_availability":"instock","product_availability":"instock","product_condition":"new"},"_links":{"self":[{"href":"https:\/\/maisonecodistribution.com\/eboutique\/wp-json\/wp\/v2\/product\/3192","targetHints":{"allow":["GET"]}}],"collection":[{"href":"https:\/\/maisonecodistribution.com\/eboutique\/wp-json\/wp\/v2\/product"}],"about":[{"href":"https:\/\/maisonecodistribution.com\/eboutique\/wp-json\/wp\/v2\/types\/product"}],"wp:featuredmedia":[{"embeddable":true,"href":"https:\/\/maisonecodistribution.com\/eboutique\/wp-json\/wp\/v2\/media\/3281"}],"wp:attachment":[{"href":"https:\/\/maisonecodistribution.com\/eboutique\/wp-json\/wp\/v2\/media?parent=3192"}],"wp:term":[{"taxonomy":"product_brand","embeddable":true,"href":"https:\/\/maisonecodistribution.com\/eboutique\/wp-json\/wp\/v2\/product_brand?post=3192"},{"taxonomy":"product_cat","embeddable":true,"href":"https:\/\/maisonecodistribution.com\/eboutique\/wp-json\/wp\/v2\/product_cat?post=3192"},{"taxonomy":"product_tag","embeddable":true,"href":"https:\/\/maisonecodistribution.com\/eboutique\/wp-json\/wp\/v2\/product_tag?post=3192"}],"curies":[{"name":"wp","href":"https:\/\/api.w.org\/{rel}","templated":true}]}}