{"id":2555,"date":"2020-11-04T15:43:16","date_gmt":"2020-11-04T14:43:16","guid":{"rendered":"https:\/\/maisonecodistribution.com\/?post_type=product&#038;p=2555"},"modified":"2026-01-14T09:11:57","modified_gmt":"2026-01-14T08:11:57","slug":"cendrexpress-1200","status":"publish","type":"product","link":"https:\/\/maisonecodistribution.com\/eboutique\/produit\/cendrexpress-1200\/","title":{"rendered":"CENDR&rsquo;EXPRESS 800"},"content":{"rendered":"<ul>\n<li>Couleur : noir<\/li>\n<li>Contenance : 15 L<\/li>\n<li>Puissance 800 W<\/li>\n<li>Filtre HEPA + pr\u00e9filtre antistatique inclus<\/li>\n<li>Flexible int\u00e9rieur en m\u00e9tal (1m10) et exterieur en PVC<\/li>\n<\/ul>\n<div class=\"c-app-preview-facet__facet-value c-app-preview-facet__facet-value--type-imageslist\">\n<div data-facetvalue-global-counter=\"4\">\n<p><strong>Les + du produit :<\/strong><\/p>\n<ul>\n<li>Tr\u00e8s haute filtration gr\u00e2ce \u00e0 son filtre HEPA<\/li>\n<li>Aspiration forte : d\u00e9pression de 17 kPa<\/li>\n<li>Ne colmate pas : pr\u00e9filtre antistatique inclus<\/li>\n<li>Filtre et pr\u00e9filtre r\u00e9utilisables et lavables \u00e0 l\u2019eau froide (rempla\u00e7ables apr\u00e8s plusieurs lavages)<\/li>\n<li>Fonction soufflerie incluse<\/li>\n<li>Sur roulettes<\/li>\n<li>Anse de transport<\/li>\n<li>Flexible d\u20191m30<\/li>\n<\/ul>\n<p><strong>Attention : ne pas aspirer de cendres chaudes.<\/strong><\/p>\n<p>Garantie : 2 ans<\/p>\n<div  class='tabcontainer av-w1a2s-421fcc50b6ad35202a86b6fd3e7b11b1 top_tab  avia-builder-el-0  avia-builder-el-no-sibling '><section class='av_tab_section av_tab_section av-f3tho-673245044c8cd2155e38098f98d96955'  itemscope=\"itemscope\" itemtype=\"https:\/\/schema.org\/CreativeWork\" ><div id='tab-id-1-tab' class='tab active_tab' role='tab' aria-selected=\"true\" tabindex=\"0\" data-fake-id='#tab-id-1' aria-controls='tab-id-1-content'  itemprop=\"headline\" ><span class='tab_icon avia-iconfont avia-font-entypo-fontello' data-av_icon='\ue81f' data-av_iconfont='entypo-fontello' ><\/span>\u00c0 propos de la marque<\/div><div id='tab-id-1-content' class='tab_content active_tab_content' role='tabpanel' aria-labelledby='tab-id-1-tab' aria-hidden=\"false\"><div class='tab_inner_content invers-color'  itemprop=\"text\" ><p><img loading=\"lazy\" decoding=\"async\" class=\"alignleft wp-image-2815 \" src=\"https:\/\/maisonecodistribution.com\/eboutique\/wp-content\/uploads\/2021\/02\/index1.png\" alt=\"\" width=\"194\" height=\"45\" srcset=\"https:\/\/maisonecodistribution.com\/eboutique\/wp-content\/uploads\/2021\/02\/index1.png 466w, https:\/\/maisonecodistribution.com\/eboutique\/wp-content\/uploads\/2021\/02\/index1-300x70.png 300w\" sizes=\"auto, (max-width: 194px) 100vw, 194px\" \/>Ancr\u00e9e depuis son origine dans les Pays de la Loire, la soci\u00e9t\u00e9 industrielle et familiale <a href=\"https:\/\/www.dixneuf.com\/\" target=\"_blank\" rel=\"noopener noreferrer\">Dixneuf<\/a> imagine et con\u00e7oit toutes les solutions pour vivre confortablement et intens\u00e9ment la chaleur bois. L&rsquo;entreprise Dixneuf vient de f\u00eater ses cent ans.<\/p>\n<\/div><\/div><\/section><section class='av_tab_section av_tab_section av-a4nn8-51255d398f2397d9e0b34ca3e4c5aa18'  itemscope=\"itemscope\" itemtype=\"https:\/\/schema.org\/CreativeWork\" ><div id='tab-id-2-tab' class='tab' role='tab' aria-selected=\"false\" tabindex=\"0\" data-fake-id='#tab-id-2' aria-controls='tab-id-2-content'  itemprop=\"headline\" ><span class='tab_icon avia-iconfont avia-font-entypo-fontello' data-av_icon='\ue817' data-av_iconfont='entypo-fontello' ><\/span>Plus d\u2019informations <\/div><div id='tab-id-2-content' class='tab_content' role='tabpanel' aria-labelledby='tab-id-2-tab' aria-hidden=\"true\"><div class='tab_inner_content invers-color'  itemprop=\"text\" ><table>\n<tbody>\n<tr>\n<td width=\"255\"><strong>PRODUIT<\/strong><\/td>\n<td style=\"text-align: center;\" width=\"181\"><strong>Prix HT\/unit\u00e9<\/strong><\/td>\n<td style=\"text-align: center;\" width=\"181\"><strong>Prix TTC\/unit\u00e9<\/strong><\/td>\n<\/tr>\n<tr>\n<td width=\"255\">ASPIRATEUR \u00c0 CENDRES &#8211; CENDR&rsquo;EXPRESS 1200<\/td>\n<td style=\"text-align: center;\" width=\"181\">89 \u20ac<\/td>\n<td style=\"text-align: center;\" width=\"181\">100,00 \u20ac<\/td>\n<\/tr>\n<\/tbody>\n<\/table>\n<\/div><\/div><\/section>\n<\/div>\n<p>&nbsp;<\/p>\n<\/div>\n<\/div>\n","protected":false},"excerpt":{"rendered":"<p><span class=\"PBLongTxt\">Cendr&rsquo;Express 1200 est un l&rsquo;alli\u00e9 indispensable\u00a0pour l&rsquo;entretien de <a href=\"https:\/\/maisonecodistribution.com\/eboutique\/chauffage-bois-granules\/\" target=\"_blank\" rel=\"noopener\">votre po\u00eale ou de votre chemin\u00e9e<\/a>. Cet <strong>aspirateur \u00e0 cendres sur roulettes<\/strong> est pratique et facile \u00e0 entretenir. Il <strong>aspire rapidement et efficacement les cendres froides<\/strong> dans tous types d\u2019appareils.<\/span><\/p>\n","protected":false},"featured_media":2556,"template":"","meta":[],"product_brand":[],"product_cat":[2690,22,2536],"product_tag":[2563,2565,2566,2561,2562,2567,2564,2559,2560],"class_list":{"0":"post-2555","1":"product","2":"type-product","3":"status-publish","4":"has-post-thumbnail","6":"product_cat-dix-neuf","7":"product_cat-equipement-energie","8":"product_cat-accessoires-pour-poeles-et-cheminees","9":"product_tag-accessoires-pour-poeles-et-cheminees","10":"product_tag-bois-buches","11":"product_tag-bois-de-chauffage","12":"product_tag-chauffage-au-bois","13":"product_tag-chauffage-aux-granules","14":"product_tag-equipement-et-energie","15":"product_tag-granules-de-bois","16":"product_tag-poele-a-bois","17":"product_tag-poele-a-granules","19":"first","20":"instock","21":"taxable","22":"shipping-taxable","23":"purchasable","24":"product-type-simple"},"yoast_head":"<!-- This site is optimized with the Yoast SEO plugin v25.1 - https:\/\/yoast.com\/wordpress\/plugins\/seo\/ -->\n<title>CENDR&#039;EXPRESS 800 | \u00c9quipements \u00e9cologiques | Maison \u00c9co Distribution<\/title>\n<meta name=\"description\" content=\"Aspirateur \u00e0 cendres. Alli\u00e9 indispensable de votre po\u00eale ou de votre chemin\u00e9e, il aspire rapidement et efficacement les cendres froides dans tous types d\u2019appareils.\" \/>\n<meta name=\"robots\" content=\"index, follow, max-snippet:-1, max-image-preview:large, max-video-preview:-1\" \/>\n<link rel=\"canonical\" href=\"https:\/\/maisonecodistribution.com\/eboutique\/produit\/cendrexpress-1200\/\" \/>\n<meta property=\"og:locale\" content=\"fr_FR\" \/>\n<meta property=\"og:type\" content=\"article\" \/>\n<meta property=\"og:title\" content=\"CENDR&#039;EXPRESS 800 | \u00c9quipements \u00e9cologiques | Maison \u00c9co Distribution\" \/>\n<meta property=\"og:description\" content=\"Aspirateur \u00e0 cendres. Alli\u00e9 indispensable de votre po\u00eale ou de votre chemin\u00e9e, il aspire rapidement et efficacement les cendres froides dans tous types d\u2019appareils.\" \/>\n<meta property=\"og:url\" content=\"https:\/\/maisonecodistribution.com\/eboutique\/produit\/cendrexpress-1200\/\" \/>\n<meta property=\"og:site_name\" content=\"Maison \u00c9co Distribution\" \/>\n<meta property=\"article:publisher\" content=\"https:\/\/www.facebook.com\/maisonecodistribution\" \/>\n<meta property=\"article:modified_time\" content=\"2026-01-14T08:11:57+00:00\" \/>\n<meta property=\"og:image\" content=\"https:\/\/maisonecodistribution.com\/eboutique\/wp-content\/uploads\/2020\/11\/cendrexpress-maisoneco.jpg\" \/>\n\t<meta property=\"og:image:width\" content=\"500\" \/>\n\t<meta property=\"og:image:height\" content=\"500\" \/>\n\t<meta property=\"og:image:type\" content=\"image\/jpeg\" \/>\n<meta name=\"twitter:card\" content=\"summary_large_image\" \/>\n<meta name=\"twitter:label1\" content=\"Prix\" \/>\n\t<meta name=\"twitter:data1\" content=\"100,00&nbsp;&euro; TTC\" \/>\n\t<meta name=\"twitter:label2\" content=\"Disponibilit\u00e9\" \/>\n\t<meta name=\"twitter:data2\" content=\"En stock\" \/>\n<script type=\"application\/ld+json\" class=\"yoast-schema-graph\">{\"@context\":\"https:\/\/schema.org\",\"@graph\":[{\"@type\":[\"WebPage\",\"ItemPage\"],\"@id\":\"https:\/\/maisonecodistribution.com\/eboutique\/produit\/cendrexpress-1200\/\",\"url\":\"https:\/\/maisonecodistribution.com\/eboutique\/produit\/cendrexpress-1200\/\",\"name\":\"CENDR'EXPRESS 800 | \u00c9quipements \u00e9cologiques | Maison \u00c9co Distribution\",\"isPartOf\":{\"@id\":\"https:\/\/maisonecodistribution.com\/eboutique\/#website\"},\"primaryImageOfPage\":{\"@id\":\"https:\/\/maisonecodistribution.com\/eboutique\/produit\/cendrexpress-1200\/#primaryimage\"},\"image\":{\"@id\":\"https:\/\/maisonecodistribution.com\/eboutique\/produit\/cendrexpress-1200\/#primaryimage\"},\"thumbnailUrl\":\"https:\/\/maisonecodistribution.com\/eboutique\/wp-content\/uploads\/2020\/11\/cendrexpress-maisoneco.jpg\",\"datePublished\":\"2020-11-04T14:43:16+00:00\",\"dateModified\":\"2026-01-14T08:11:57+00:00\",\"description\":\"Aspirateur \u00e0 cendres. Alli\u00e9 indispensable de votre po\u00eale ou de votre chemin\u00e9e, il aspire rapidement et efficacement les cendres froides dans tous types d\u2019appareils.\",\"breadcrumb\":{\"@id\":\"https:\/\/maisonecodistribution.com\/eboutique\/produit\/cendrexpress-1200\/#breadcrumb\"},\"inLanguage\":\"fr-FR\",\"potentialAction\":[{\"@type\":\"ReadAction\",\"target\":[\"https:\/\/maisonecodistribution.com\/eboutique\/produit\/cendrexpress-1200\/\"]}]},{\"@type\":\"ImageObject\",\"inLanguage\":\"fr-FR\",\"@id\":\"https:\/\/maisonecodistribution.com\/eboutique\/produit\/cendrexpress-1200\/#primaryimage\",\"url\":\"https:\/\/maisonecodistribution.com\/eboutique\/wp-content\/uploads\/2020\/11\/cendrexpress-maisoneco.jpg\",\"contentUrl\":\"https:\/\/maisonecodistribution.com\/eboutique\/wp-content\/uploads\/2020\/11\/cendrexpress-maisoneco.jpg\",\"width\":500,\"height\":500,\"caption\":\"Aspirateur \u00e0 cendres pour po\u00eale \u00e0 bois, po\u00eale \u00e0 granul\u00e9s et chemin\u00e9e\"},{\"@type\":\"BreadcrumbList\",\"@id\":\"https:\/\/maisonecodistribution.com\/eboutique\/produit\/cendrexpress-1200\/#breadcrumb\",\"itemListElement\":[{\"@type\":\"ListItem\",\"position\":1,\"name\":\"Home\",\"item\":\"https:\/\/maisonecodistribution.com\/eboutique\/\"},{\"@type\":\"ListItem\",\"position\":2,\"name\":\"CATALOGUE\",\"item\":\"https:\/\/maisonecodistribution.com\/eboutique\/catalogue\/\"},{\"@type\":\"ListItem\",\"position\":3,\"name\":\"CENDR&rsquo;EXPRESS 800\"}]},{\"@type\":\"WebSite\",\"@id\":\"https:\/\/maisonecodistribution.com\/eboutique\/#website\",\"url\":\"https:\/\/maisonecodistribution.com\/eboutique\/\",\"name\":\"Maison \u00c9co Distribution\",\"description\":\"Tout pour un habitat sain\",\"publisher\":{\"@id\":\"https:\/\/maisonecodistribution.com\/eboutique\/#organization\"},\"potentialAction\":[{\"@type\":\"SearchAction\",\"target\":{\"@type\":\"EntryPoint\",\"urlTemplate\":\"https:\/\/maisonecodistribution.com\/eboutique\/?s={search_term_string}\"},\"query-input\":{\"@type\":\"PropertyValueSpecification\",\"valueRequired\":true,\"valueName\":\"search_term_string\"}}],\"inLanguage\":\"fr-FR\"},{\"@type\":\"Organization\",\"@id\":\"https:\/\/maisonecodistribution.com\/eboutique\/#organization\",\"name\":\"Maison \u00c9co Distribution\",\"url\":\"https:\/\/maisonecodistribution.com\/eboutique\/\",\"logo\":{\"@type\":\"ImageObject\",\"inLanguage\":\"fr-FR\",\"@id\":\"https:\/\/maisonecodistribution.com\/eboutique\/#\/schema\/logo\/image\/\",\"url\":\"https:\/\/maisonecodistribution.com\/eboutique\/wp-content\/uploads\/2024\/07\/logo-maison-eco-1.png\",\"contentUrl\":\"https:\/\/maisonecodistribution.com\/eboutique\/wp-content\/uploads\/2024\/07\/logo-maison-eco-1.png\",\"width\":300,\"height\":321,\"caption\":\"Maison \u00c9co Distribution\"},\"image\":{\"@id\":\"https:\/\/maisonecodistribution.com\/eboutique\/#\/schema\/logo\/image\/\"},\"sameAs\":[\"https:\/\/www.facebook.com\/maisonecodistribution\"]}]}<\/script>\n<meta property=\"product:price:amount\" content=\"100.00\" \/>\n<meta property=\"product:price:currency\" content=\"EUR\" \/>\n<meta property=\"og:availability\" content=\"instock\" \/>\n<meta property=\"product:availability\" content=\"instock\" \/>\n<meta property=\"product:condition\" content=\"new\" \/>\n<!-- \/ Yoast SEO plugin. -->","yoast_head_json":{"title":"CENDR'EXPRESS 800 | \u00c9quipements \u00e9cologiques | Maison \u00c9co Distribution","description":"Aspirateur \u00e0 cendres. Alli\u00e9 indispensable de votre po\u00eale ou de votre chemin\u00e9e, il aspire rapidement et efficacement les cendres froides dans tous types d\u2019appareils.","robots":{"index":"index","follow":"follow","max-snippet":"max-snippet:-1","max-image-preview":"max-image-preview:large","max-video-preview":"max-video-preview:-1"},"canonical":"https:\/\/maisonecodistribution.com\/eboutique\/produit\/cendrexpress-1200\/","og_locale":"fr_FR","og_type":"article","og_title":"CENDR'EXPRESS 800 | \u00c9quipements \u00e9cologiques | Maison \u00c9co Distribution","og_description":"Aspirateur \u00e0 cendres. Alli\u00e9 indispensable de votre po\u00eale ou de votre chemin\u00e9e, il aspire rapidement et efficacement les cendres froides dans tous types d\u2019appareils.","og_url":"https:\/\/maisonecodistribution.com\/eboutique\/produit\/cendrexpress-1200\/","og_site_name":"Maison \u00c9co Distribution","article_publisher":"https:\/\/www.facebook.com\/maisonecodistribution","article_modified_time":"2026-01-14T08:11:57+00:00","og_image":[{"width":500,"height":500,"url":"https:\/\/maisonecodistribution.com\/eboutique\/wp-content\/uploads\/2020\/11\/cendrexpress-maisoneco.jpg","type":"image\/jpeg"}],"twitter_card":"summary_large_image","twitter_misc":{"Prix":"100,00&nbsp;&euro; TTC","Disponibilit\u00e9":"En stock"},"schema":{"@context":"https:\/\/schema.org","@graph":[{"@type":["WebPage","ItemPage"],"@id":"https:\/\/maisonecodistribution.com\/eboutique\/produit\/cendrexpress-1200\/","url":"https:\/\/maisonecodistribution.com\/eboutique\/produit\/cendrexpress-1200\/","name":"CENDR'EXPRESS 800 | \u00c9quipements \u00e9cologiques | Maison \u00c9co Distribution","isPartOf":{"@id":"https:\/\/maisonecodistribution.com\/eboutique\/#website"},"primaryImageOfPage":{"@id":"https:\/\/maisonecodistribution.com\/eboutique\/produit\/cendrexpress-1200\/#primaryimage"},"image":{"@id":"https:\/\/maisonecodistribution.com\/eboutique\/produit\/cendrexpress-1200\/#primaryimage"},"thumbnailUrl":"https:\/\/maisonecodistribution.com\/eboutique\/wp-content\/uploads\/2020\/11\/cendrexpress-maisoneco.jpg","datePublished":"2020-11-04T14:43:16+00:00","dateModified":"2026-01-14T08:11:57+00:00","description":"Aspirateur \u00e0 cendres. Alli\u00e9 indispensable de votre po\u00eale ou de votre chemin\u00e9e, il aspire rapidement et efficacement les cendres froides dans tous types d\u2019appareils.","breadcrumb":{"@id":"https:\/\/maisonecodistribution.com\/eboutique\/produit\/cendrexpress-1200\/#breadcrumb"},"inLanguage":"fr-FR","potentialAction":[{"@type":"ReadAction","target":["https:\/\/maisonecodistribution.com\/eboutique\/produit\/cendrexpress-1200\/"]}]},{"@type":"ImageObject","inLanguage":"fr-FR","@id":"https:\/\/maisonecodistribution.com\/eboutique\/produit\/cendrexpress-1200\/#primaryimage","url":"https:\/\/maisonecodistribution.com\/eboutique\/wp-content\/uploads\/2020\/11\/cendrexpress-maisoneco.jpg","contentUrl":"https:\/\/maisonecodistribution.com\/eboutique\/wp-content\/uploads\/2020\/11\/cendrexpress-maisoneco.jpg","width":500,"height":500,"caption":"Aspirateur \u00e0 cendres pour po\u00eale \u00e0 bois, po\u00eale \u00e0 granul\u00e9s et chemin\u00e9e"},{"@type":"BreadcrumbList","@id":"https:\/\/maisonecodistribution.com\/eboutique\/produit\/cendrexpress-1200\/#breadcrumb","itemListElement":[{"@type":"ListItem","position":1,"name":"Home","item":"https:\/\/maisonecodistribution.com\/eboutique\/"},{"@type":"ListItem","position":2,"name":"CATALOGUE","item":"https:\/\/maisonecodistribution.com\/eboutique\/catalogue\/"},{"@type":"ListItem","position":3,"name":"CENDR&rsquo;EXPRESS 800"}]},{"@type":"WebSite","@id":"https:\/\/maisonecodistribution.com\/eboutique\/#website","url":"https:\/\/maisonecodistribution.com\/eboutique\/","name":"Maison \u00c9co Distribution","description":"Tout pour un habitat sain","publisher":{"@id":"https:\/\/maisonecodistribution.com\/eboutique\/#organization"},"potentialAction":[{"@type":"SearchAction","target":{"@type":"EntryPoint","urlTemplate":"https:\/\/maisonecodistribution.com\/eboutique\/?s={search_term_string}"},"query-input":{"@type":"PropertyValueSpecification","valueRequired":true,"valueName":"search_term_string"}}],"inLanguage":"fr-FR"},{"@type":"Organization","@id":"https:\/\/maisonecodistribution.com\/eboutique\/#organization","name":"Maison \u00c9co Distribution","url":"https:\/\/maisonecodistribution.com\/eboutique\/","logo":{"@type":"ImageObject","inLanguage":"fr-FR","@id":"https:\/\/maisonecodistribution.com\/eboutique\/#\/schema\/logo\/image\/","url":"https:\/\/maisonecodistribution.com\/eboutique\/wp-content\/uploads\/2024\/07\/logo-maison-eco-1.png","contentUrl":"https:\/\/maisonecodistribution.com\/eboutique\/wp-content\/uploads\/2024\/07\/logo-maison-eco-1.png","width":300,"height":321,"caption":"Maison \u00c9co Distribution"},"image":{"@id":"https:\/\/maisonecodistribution.com\/eboutique\/#\/schema\/logo\/image\/"},"sameAs":["https:\/\/www.facebook.com\/maisonecodistribution"]}]},"product_price_amount":"100.00","product_price_currency":"EUR","og_availability":"instock","product_availability":"instock","product_condition":"new"},"_links":{"self":[{"href":"https:\/\/maisonecodistribution.com\/eboutique\/wp-json\/wp\/v2\/product\/2555","targetHints":{"allow":["GET"]}}],"collection":[{"href":"https:\/\/maisonecodistribution.com\/eboutique\/wp-json\/wp\/v2\/product"}],"about":[{"href":"https:\/\/maisonecodistribution.com\/eboutique\/wp-json\/wp\/v2\/types\/product"}],"wp:featuredmedia":[{"embeddable":true,"href":"https:\/\/maisonecodistribution.com\/eboutique\/wp-json\/wp\/v2\/media\/2556"}],"wp:attachment":[{"href":"https:\/\/maisonecodistribution.com\/eboutique\/wp-json\/wp\/v2\/media?parent=2555"}],"wp:term":[{"taxonomy":"product_brand","embeddable":true,"href":"https:\/\/maisonecodistribution.com\/eboutique\/wp-json\/wp\/v2\/product_brand?post=2555"},{"taxonomy":"product_cat","embeddable":true,"href":"https:\/\/maisonecodistribution.com\/eboutique\/wp-json\/wp\/v2\/product_cat?post=2555"},{"taxonomy":"product_tag","embeddable":true,"href":"https:\/\/maisonecodistribution.com\/eboutique\/wp-json\/wp\/v2\/product_tag?post=2555"}],"curies":[{"name":"wp","href":"https:\/\/api.w.org\/{rel}","templated":true}]}}