{"id":2143,"date":"2020-06-24T10:11:02","date_gmt":"2020-06-24T08:11:02","guid":{"rendered":"https:\/\/maisonecodistribution.fr\/?post_type=product&#038;p=2143"},"modified":"2024-06-21T17:18:16","modified_gmt":"2024-06-21T15:18:16","slug":"pomme-de-douche-economique-blanche","status":"publish","type":"product","link":"https:\/\/maisonecodistribution.com\/eboutique\/produit\/pomme-de-douche-economique-blanche\/","title":{"rendered":"POMME DE DOUCHE \u00c9CONOMIQUE BLANCHE"},"content":{"rendered":"<p><span class=\"PBLongTxt\">Une personne reste par jour environ 5 minutes sous la douche et consomme environ 100 litres d\u2019eau, ce qui correspond \u00e0 une consommation annuelle de 33 m3.\u00a0 Pour chauffer 1m3 d\u2019eau \u00e0 37\u00b0C, on consomme environ 30 KWh, soit 930 KW pour 33 m3.<\/span><\/p>\n<p>La pomme de douche \u00e9conomique\u00a0est con\u00e7ue dans le but d\u2019<strong>\u00e9conomiser l\u2019eau de la douche.<\/strong> Elle fonctionne ainsi selon un <strong>principe totalement nouveau et brevet\u00e9<\/strong>.<\/p>\n<p>L\u2019eau est comprim\u00e9e dans la t\u00eate de la douchette \u00e9conomique avant d&rsquo;\u00eatre inject\u00e9e au travers de la buse calibr\u00e9e (deux buses et 4 grilles pour un choix de 5 jets et de d\u00e9bits diff\u00e9rents) puis \u00e9clat\u00e9e sous pression en fines gouttelettes donnant un jet tonique qui en <strong>augmente le pouvoir mouillant et le confort<\/strong>.<\/p>\n<div class=\"c-app-product-tabs__description ng-scope\">\n<p class=\"ng-scope\"><span class=\"PBLongTxt\">La douchette \u00e9conomique <strong>s\u2019adapte \u00e0 tous les flexibles<\/strong> (filetage 15\/21 correspond \u00e0 1\/2 pouce) est livr\u00e9e avec <strong>5 possibilit\u00e9s de d\u00e9bit<\/strong> allant de 13 \u00e0 6 L\/minute.<\/span><\/p>\n<\/div>\n<div class=\"c-app-preview-facet__facet-value c-app-preview-facet__facet-value--type-imageslist\">\n<div data-facetvalue-global-counter=\"4\">\n<p><strong>Les + du produit :<\/strong><\/p>\n<ul>\n<li><span class=\"PBLongTxt\">consommation d\u2019eau r\u00e9duite de 40% \u00e0 70% <\/span><\/li>\n<li><span class=\"PBLongTxt\">\u00e9limine aussi le risque d&rsquo;entartrage<\/span><\/li>\n<\/ul>\n<p>Garantie 2 ans<\/p>\n<p><span class=\"PBLongTxt PBItemDesc ng-scope ng-isolate-scope c-app-product-tabs c-app-product-tabs--tabs c-app-product-tabs--horizontal c-app-product-tabs--left\">D\u00e9bit maximum en utilisation<\/span> : <span class=\"c-app-preview-facet__value-text\">10 litres \/ min, <\/span><span class=\"c-app-preview-facet__value-text\">12 litres \/ min, <\/span><span class=\"c-app-preview-facet__value-text\">13 litres \/ min, <\/span><span class=\"c-app-preview-facet__value-text\">6 litres \/ min, <\/span><span class=\"c-app-preview-facet__value-text\">8 litres \/ min<\/span><\/p>\n<div  class='tabcontainer av-w1a2s-421fcc50b6ad35202a86b6fd3e7b11b1 top_tab  avia-builder-el-0  avia-builder-el-no-sibling '>\n<section class='av_tab_section av_tab_section av-a4nn8-51255d398f2397d9e0b34ca3e4c5aa18'  itemscope=\"itemscope\" itemtype=\"https:\/\/schema.org\/CreativeWork\" ><div id='tab-id-1-tab' class='tab active_tab' role='tab' aria-selected=\"true\" tabindex=\"0\" data-fake-id='#tab-id-1' aria-controls='tab-id-1-content'  itemprop=\"headline\" ><span class='tab_icon avia-iconfont avia-font-entypo-fontello' data-av_icon='\ue817' data-av_iconfont='entypo-fontello' ><\/span>Plus d\u2019informations <\/div><div id='tab-id-1-content' class='tab_content active_tab_content' role='tabpanel' aria-labelledby='tab-id-1-tab' aria-hidden=\"false\"><div class='tab_inner_content invers-color'  itemprop=\"text\" ><table>\n<tbody>\n<tr>\n<td width=\"255\"><strong>PRODUIT<\/strong><\/td>\n<td style=\"text-align: center;\" width=\"181\"><strong>Prix HT\/unit\u00e9<\/strong><\/td>\n<td style=\"text-align: center;\" width=\"181\"><strong>Prix TTC\/unit\u00e9<\/strong><\/td>\n<\/tr>\n<tr>\n<td width=\"255\">POMME DE DOUCHE \u00c9CONOMIQUE BLANCHE<\/td>\n<td style=\"text-align: center;\" width=\"181\">16,58 \u20ac<\/td>\n<td style=\"text-align: center;\" width=\"181\">19,90 \u20ac<\/td>\n<\/tr>\n<\/tbody>\n<\/table>\n<\/div><\/div><\/section>\n<\/div>\n<p>&nbsp;<\/p>\n<\/div>\n<\/div>\n","protected":false},"excerpt":{"rendered":"<p><span class=\"PBLongTxt\"><strong>Pomme de douche \u00e9conomique<\/strong> blanche con\u00e7ue dans le but d&rsquo;<strong>\u00e9conomiser l&rsquo;eau de la douche<\/strong> (40 \u00e0 70% d&rsquo;\u00e9conomies).<br \/>\n<\/span><\/p>\n<h2><span class=\"PBLongTxt\">\u00a0<\/span><\/h2>\n<p>&nbsp;<\/p>\n","protected":false},"featured_media":2144,"template":"","meta":[],"product_brand":[],"product_cat":[22,45],"product_tag":[],"class_list":{"0":"post-2143","1":"product","2":"type-product","3":"status-publish","4":"has-post-thumbnail","6":"product_cat-equipement-energie","7":"product_cat-filtration-de-leau","9":"first","10":"outofstock","11":"taxable","12":"shipping-taxable","13":"purchasable","14":"product-type-simple"},"yoast_head":"<!-- This site is optimized with the Yoast SEO plugin v25.1 - https:\/\/yoast.com\/wordpress\/plugins\/seo\/ -->\n<title>POMME DE DOUCHE \u00c9CONOMIQUE BLANCHE | \u00c9quipements \u00e9cologiques | Maison \u00c9co Distribution<\/title>\n<meta name=\"description\" content=\"Pomme de douche \u00e9conomique blanche con\u00e7ue dans le but d&#039;\u00e9conomiser l&#039;eau de la douche (40 \u00e0 70% d&#039;\u00e9conomies). S\u2019adapte \u00e0 tous les flexibles.\" \/>\n<meta name=\"robots\" content=\"index, follow, max-snippet:-1, max-image-preview:large, max-video-preview:-1\" \/>\n<link rel=\"canonical\" href=\"https:\/\/maisonecodistribution.com\/eboutique\/produit\/pomme-de-douche-economique-blanche\/\" \/>\n<meta property=\"og:locale\" content=\"fr_FR\" \/>\n<meta property=\"og:type\" content=\"article\" \/>\n<meta property=\"og:title\" content=\"POMME DE DOUCHE \u00c9CONOMIQUE BLANCHE | \u00c9quipements \u00e9cologiques | Maison \u00c9co Distribution\" \/>\n<meta property=\"og:description\" content=\"Pomme de douche \u00e9conomique blanche con\u00e7ue dans le but d&#039;\u00e9conomiser l&#039;eau de la douche (40 \u00e0 70% d&#039;\u00e9conomies). S\u2019adapte \u00e0 tous les flexibles.\" \/>\n<meta property=\"og:url\" content=\"https:\/\/maisonecodistribution.com\/eboutique\/produit\/pomme-de-douche-economique-blanche\/\" \/>\n<meta property=\"og:site_name\" content=\"Maison \u00c9co Distribution\" \/>\n<meta property=\"article:publisher\" content=\"https:\/\/www.facebook.com\/maisonecodistribution\" \/>\n<meta property=\"article:modified_time\" content=\"2024-06-21T15:18:16+00:00\" \/>\n<meta property=\"og:image\" content=\"https:\/\/maisonecodistribution.com\/eboutique\/wp-content\/uploads\/2020\/06\/douchetteeconome-maisoneco.jpg\" \/>\n\t<meta property=\"og:image:width\" content=\"500\" \/>\n\t<meta property=\"og:image:height\" content=\"500\" \/>\n\t<meta property=\"og:image:type\" content=\"image\/jpeg\" \/>\n<meta name=\"twitter:card\" content=\"summary_large_image\" \/>\n<meta name=\"twitter:label1\" content=\"Prix\" \/>\n\t<meta name=\"twitter:data1\" content=\"19,90&nbsp;&euro; TTC\" \/>\n\t<meta name=\"twitter:label2\" content=\"Disponibilit\u00e9\" \/>\n\t<meta name=\"twitter:data2\" content=\"Rupture de stock\" \/>\n<script type=\"application\/ld+json\" class=\"yoast-schema-graph\">{\"@context\":\"https:\/\/schema.org\",\"@graph\":[{\"@type\":[\"WebPage\",\"ItemPage\"],\"@id\":\"https:\/\/maisonecodistribution.com\/eboutique\/produit\/pomme-de-douche-economique-blanche\/\",\"url\":\"https:\/\/maisonecodistribution.com\/eboutique\/produit\/pomme-de-douche-economique-blanche\/\",\"name\":\"POMME DE DOUCHE \u00c9CONOMIQUE BLANCHE | \u00c9quipements \u00e9cologiques | Maison \u00c9co Distribution\",\"isPartOf\":{\"@id\":\"https:\/\/maisonecodistribution.com\/eboutique\/#website\"},\"primaryImageOfPage\":{\"@id\":\"https:\/\/maisonecodistribution.com\/eboutique\/produit\/pomme-de-douche-economique-blanche\/#primaryimage\"},\"image\":{\"@id\":\"https:\/\/maisonecodistribution.com\/eboutique\/produit\/pomme-de-douche-economique-blanche\/#primaryimage\"},\"thumbnailUrl\":\"https:\/\/maisonecodistribution.com\/eboutique\/wp-content\/uploads\/2020\/06\/douchetteeconome-maisoneco.jpg\",\"datePublished\":\"2020-06-24T08:11:02+00:00\",\"dateModified\":\"2024-06-21T15:18:16+00:00\",\"description\":\"Pomme de douche \u00e9conomique blanche con\u00e7ue dans le but d'\u00e9conomiser l'eau de la douche (40 \u00e0 70% d'\u00e9conomies). S\u2019adapte \u00e0 tous les flexibles.\",\"breadcrumb\":{\"@id\":\"https:\/\/maisonecodistribution.com\/eboutique\/produit\/pomme-de-douche-economique-blanche\/#breadcrumb\"},\"inLanguage\":\"fr-FR\",\"potentialAction\":[{\"@type\":\"ReadAction\",\"target\":[\"https:\/\/maisonecodistribution.com\/eboutique\/produit\/pomme-de-douche-economique-blanche\/\"]}]},{\"@type\":\"ImageObject\",\"inLanguage\":\"fr-FR\",\"@id\":\"https:\/\/maisonecodistribution.com\/eboutique\/produit\/pomme-de-douche-economique-blanche\/#primaryimage\",\"url\":\"https:\/\/maisonecodistribution.com\/eboutique\/wp-content\/uploads\/2020\/06\/douchetteeconome-maisoneco.jpg\",\"contentUrl\":\"https:\/\/maisonecodistribution.com\/eboutique\/wp-content\/uploads\/2020\/06\/douchetteeconome-maisoneco.jpg\",\"width\":500,\"height\":500,\"caption\":\"pomme de douche \u00e9conome douchette economie d'eau\"},{\"@type\":\"BreadcrumbList\",\"@id\":\"https:\/\/maisonecodistribution.com\/eboutique\/produit\/pomme-de-douche-economique-blanche\/#breadcrumb\",\"itemListElement\":[{\"@type\":\"ListItem\",\"position\":1,\"name\":\"Home\",\"item\":\"https:\/\/maisonecodistribution.com\/eboutique\/\"},{\"@type\":\"ListItem\",\"position\":2,\"name\":\"CATALOGUE\",\"item\":\"https:\/\/maisonecodistribution.com\/eboutique\/catalogue\/\"},{\"@type\":\"ListItem\",\"position\":3,\"name\":\"POMME DE DOUCHE \u00c9CONOMIQUE BLANCHE\"}]},{\"@type\":\"WebSite\",\"@id\":\"https:\/\/maisonecodistribution.com\/eboutique\/#website\",\"url\":\"https:\/\/maisonecodistribution.com\/eboutique\/\",\"name\":\"Maison \u00c9co Distribution\",\"description\":\"Tout pour un habitat sain\",\"publisher\":{\"@id\":\"https:\/\/maisonecodistribution.com\/eboutique\/#organization\"},\"potentialAction\":[{\"@type\":\"SearchAction\",\"target\":{\"@type\":\"EntryPoint\",\"urlTemplate\":\"https:\/\/maisonecodistribution.com\/eboutique\/?s={search_term_string}\"},\"query-input\":{\"@type\":\"PropertyValueSpecification\",\"valueRequired\":true,\"valueName\":\"search_term_string\"}}],\"inLanguage\":\"fr-FR\"},{\"@type\":\"Organization\",\"@id\":\"https:\/\/maisonecodistribution.com\/eboutique\/#organization\",\"name\":\"Maison \u00c9co Distribution\",\"url\":\"https:\/\/maisonecodistribution.com\/eboutique\/\",\"logo\":{\"@type\":\"ImageObject\",\"inLanguage\":\"fr-FR\",\"@id\":\"https:\/\/maisonecodistribution.com\/eboutique\/#\/schema\/logo\/image\/\",\"url\":\"https:\/\/maisonecodistribution.com\/eboutique\/wp-content\/uploads\/2024\/07\/logo-maison-eco-1.png\",\"contentUrl\":\"https:\/\/maisonecodistribution.com\/eboutique\/wp-content\/uploads\/2024\/07\/logo-maison-eco-1.png\",\"width\":300,\"height\":321,\"caption\":\"Maison \u00c9co Distribution\"},\"image\":{\"@id\":\"https:\/\/maisonecodistribution.com\/eboutique\/#\/schema\/logo\/image\/\"},\"sameAs\":[\"https:\/\/www.facebook.com\/maisonecodistribution\"]}]}<\/script>\n<meta property=\"product:price:amount\" content=\"19.90\" \/>\n<meta property=\"product:price:currency\" content=\"EUR\" \/>\n<meta property=\"og:availability\" content=\"out of stock\" \/>\n<meta property=\"product:availability\" content=\"out of stock\" \/>\n<meta property=\"product:condition\" content=\"new\" \/>\n<!-- \/ Yoast SEO plugin. -->","yoast_head_json":{"title":"POMME DE DOUCHE \u00c9CONOMIQUE BLANCHE | \u00c9quipements \u00e9cologiques | Maison \u00c9co Distribution","description":"Pomme de douche \u00e9conomique blanche con\u00e7ue dans le but d'\u00e9conomiser l'eau de la douche (40 \u00e0 70% d'\u00e9conomies). S\u2019adapte \u00e0 tous les flexibles.","robots":{"index":"index","follow":"follow","max-snippet":"max-snippet:-1","max-image-preview":"max-image-preview:large","max-video-preview":"max-video-preview:-1"},"canonical":"https:\/\/maisonecodistribution.com\/eboutique\/produit\/pomme-de-douche-economique-blanche\/","og_locale":"fr_FR","og_type":"article","og_title":"POMME DE DOUCHE \u00c9CONOMIQUE BLANCHE | \u00c9quipements \u00e9cologiques | Maison \u00c9co Distribution","og_description":"Pomme de douche \u00e9conomique blanche con\u00e7ue dans le but d'\u00e9conomiser l'eau de la douche (40 \u00e0 70% d'\u00e9conomies). S\u2019adapte \u00e0 tous les flexibles.","og_url":"https:\/\/maisonecodistribution.com\/eboutique\/produit\/pomme-de-douche-economique-blanche\/","og_site_name":"Maison \u00c9co Distribution","article_publisher":"https:\/\/www.facebook.com\/maisonecodistribution","article_modified_time":"2024-06-21T15:18:16+00:00","og_image":[{"width":500,"height":500,"url":"https:\/\/maisonecodistribution.com\/eboutique\/wp-content\/uploads\/2020\/06\/douchetteeconome-maisoneco.jpg","type":"image\/jpeg"}],"twitter_card":"summary_large_image","twitter_misc":{"Prix":"19,90&nbsp;&euro; TTC","Disponibilit\u00e9":"Rupture de stock"},"schema":{"@context":"https:\/\/schema.org","@graph":[{"@type":["WebPage","ItemPage"],"@id":"https:\/\/maisonecodistribution.com\/eboutique\/produit\/pomme-de-douche-economique-blanche\/","url":"https:\/\/maisonecodistribution.com\/eboutique\/produit\/pomme-de-douche-economique-blanche\/","name":"POMME DE DOUCHE \u00c9CONOMIQUE BLANCHE | \u00c9quipements \u00e9cologiques | Maison \u00c9co Distribution","isPartOf":{"@id":"https:\/\/maisonecodistribution.com\/eboutique\/#website"},"primaryImageOfPage":{"@id":"https:\/\/maisonecodistribution.com\/eboutique\/produit\/pomme-de-douche-economique-blanche\/#primaryimage"},"image":{"@id":"https:\/\/maisonecodistribution.com\/eboutique\/produit\/pomme-de-douche-economique-blanche\/#primaryimage"},"thumbnailUrl":"https:\/\/maisonecodistribution.com\/eboutique\/wp-content\/uploads\/2020\/06\/douchetteeconome-maisoneco.jpg","datePublished":"2020-06-24T08:11:02+00:00","dateModified":"2024-06-21T15:18:16+00:00","description":"Pomme de douche \u00e9conomique blanche con\u00e7ue dans le but d'\u00e9conomiser l'eau de la douche (40 \u00e0 70% d'\u00e9conomies). S\u2019adapte \u00e0 tous les flexibles.","breadcrumb":{"@id":"https:\/\/maisonecodistribution.com\/eboutique\/produit\/pomme-de-douche-economique-blanche\/#breadcrumb"},"inLanguage":"fr-FR","potentialAction":[{"@type":"ReadAction","target":["https:\/\/maisonecodistribution.com\/eboutique\/produit\/pomme-de-douche-economique-blanche\/"]}]},{"@type":"ImageObject","inLanguage":"fr-FR","@id":"https:\/\/maisonecodistribution.com\/eboutique\/produit\/pomme-de-douche-economique-blanche\/#primaryimage","url":"https:\/\/maisonecodistribution.com\/eboutique\/wp-content\/uploads\/2020\/06\/douchetteeconome-maisoneco.jpg","contentUrl":"https:\/\/maisonecodistribution.com\/eboutique\/wp-content\/uploads\/2020\/06\/douchetteeconome-maisoneco.jpg","width":500,"height":500,"caption":"pomme de douche \u00e9conome douchette economie d'eau"},{"@type":"BreadcrumbList","@id":"https:\/\/maisonecodistribution.com\/eboutique\/produit\/pomme-de-douche-economique-blanche\/#breadcrumb","itemListElement":[{"@type":"ListItem","position":1,"name":"Home","item":"https:\/\/maisonecodistribution.com\/eboutique\/"},{"@type":"ListItem","position":2,"name":"CATALOGUE","item":"https:\/\/maisonecodistribution.com\/eboutique\/catalogue\/"},{"@type":"ListItem","position":3,"name":"POMME DE DOUCHE \u00c9CONOMIQUE BLANCHE"}]},{"@type":"WebSite","@id":"https:\/\/maisonecodistribution.com\/eboutique\/#website","url":"https:\/\/maisonecodistribution.com\/eboutique\/","name":"Maison \u00c9co Distribution","description":"Tout pour un habitat sain","publisher":{"@id":"https:\/\/maisonecodistribution.com\/eboutique\/#organization"},"potentialAction":[{"@type":"SearchAction","target":{"@type":"EntryPoint","urlTemplate":"https:\/\/maisonecodistribution.com\/eboutique\/?s={search_term_string}"},"query-input":{"@type":"PropertyValueSpecification","valueRequired":true,"valueName":"search_term_string"}}],"inLanguage":"fr-FR"},{"@type":"Organization","@id":"https:\/\/maisonecodistribution.com\/eboutique\/#organization","name":"Maison \u00c9co Distribution","url":"https:\/\/maisonecodistribution.com\/eboutique\/","logo":{"@type":"ImageObject","inLanguage":"fr-FR","@id":"https:\/\/maisonecodistribution.com\/eboutique\/#\/schema\/logo\/image\/","url":"https:\/\/maisonecodistribution.com\/eboutique\/wp-content\/uploads\/2024\/07\/logo-maison-eco-1.png","contentUrl":"https:\/\/maisonecodistribution.com\/eboutique\/wp-content\/uploads\/2024\/07\/logo-maison-eco-1.png","width":300,"height":321,"caption":"Maison \u00c9co Distribution"},"image":{"@id":"https:\/\/maisonecodistribution.com\/eboutique\/#\/schema\/logo\/image\/"},"sameAs":["https:\/\/www.facebook.com\/maisonecodistribution"]}]},"product_price_amount":"19.90","product_price_currency":"EUR","og_availability":"out of stock","product_availability":"out of stock","product_condition":"new"},"_links":{"self":[{"href":"https:\/\/maisonecodistribution.com\/eboutique\/wp-json\/wp\/v2\/product\/2143","targetHints":{"allow":["GET"]}}],"collection":[{"href":"https:\/\/maisonecodistribution.com\/eboutique\/wp-json\/wp\/v2\/product"}],"about":[{"href":"https:\/\/maisonecodistribution.com\/eboutique\/wp-json\/wp\/v2\/types\/product"}],"wp:featuredmedia":[{"embeddable":true,"href":"https:\/\/maisonecodistribution.com\/eboutique\/wp-json\/wp\/v2\/media\/2144"}],"wp:attachment":[{"href":"https:\/\/maisonecodistribution.com\/eboutique\/wp-json\/wp\/v2\/media?parent=2143"}],"wp:term":[{"taxonomy":"product_brand","embeddable":true,"href":"https:\/\/maisonecodistribution.com\/eboutique\/wp-json\/wp\/v2\/product_brand?post=2143"},{"taxonomy":"product_cat","embeddable":true,"href":"https:\/\/maisonecodistribution.com\/eboutique\/wp-json\/wp\/v2\/product_cat?post=2143"},{"taxonomy":"product_tag","embeddable":true,"href":"https:\/\/maisonecodistribution.com\/eboutique\/wp-json\/wp\/v2\/product_tag?post=2143"}],"curies":[{"name":"wp","href":"https:\/\/api.w.org\/{rel}","templated":true}]}}