{"id":2130,"date":"2020-06-23T17:32:48","date_gmt":"2020-06-23T15:32:48","guid":{"rendered":"https:\/\/maisonecodistribution.fr\/?post_type=product&#038;p=2130"},"modified":"2024-09-26T14:17:57","modified_gmt":"2024-09-26T12:17:57","slug":"purificateur-deau-sur-evier-hcs","status":"publish","type":"product","link":"https:\/\/maisonecodistribution.com\/eboutique\/produit\/purificateur-deau-sur-evier-hcs\/","title":{"rendered":"PURIFICATEUR D&rsquo;EAU SUR \u00c9VIER HCS"},"content":{"rendered":"<div class=\"page\" title=\"Page 1\">\n<div class=\"layoutArea\">\n<div class=\"column\">\n<p>Plac\u00e9 <strong>sur le comptoir \/ plan de travail<\/strong> de la cuisine, le purificateur d\u2019eau Doulton sur e\u0301vier offre un acce\u0300s facile a\u0300 l\u2019eau filtre\u0301e via son col de cygne orientable. Le purificateur est conc\u0327u pour se brancher sur la <strong>majorite\u0301 des robinets de cuisine<\/strong> via son embout de de\u0301rivation. En position non filtre\u0301e, l&rsquo;eau ressort directement. En position eau filtre\u0301e, elle est de\u0301vie\u0301e et <span class=\"PBLongTxt PBItemDesc ng-scope ng-isolate-scope c-app-product-tabs c-app-product-tabs--tabs c-app-product-tabs--horizontal c-app-product-tabs--left\"><span class=\"ng-scope\">instantan\u00e9ment filtr\u00e9e en traversant la cartouche Ultracarb compos\u00e9e de c\u00e9ramique et charbon actif compact\u00e9.<\/span><\/span><\/p>\n<\/div>\n<\/div>\n<\/div>\n<div class=\"c-app-preview-facet__facet-value c-app-preview-facet__facet-value--type-imageslist\">\n<div class=\"c-app-preview-facet__value elimine-produits-chimiques-insecticides-herbicides ng-scope\" data-facetvalue-global-counter=\"4\"><span class=\"c-app-preview-facet__value-text\">Ce purificateur filtre les particules<\/span> et \u00e9<span class=\"c-app-preview-facet__value-text\">limine les bact\u00e9ries et les kystes, le chlore et les d\u00e9riv\u00e9s chlor\u00e9s, les m\u00e9taux lourds (plomb et aluminium&#8230;), les r\u00e9sidus de m\u00e9dicaments et les hormones, les produits chimiques, insecticides, herbicides.<br \/>\n<\/span><\/div>\n<div data-facetvalue-global-counter=\"4\">\n<p><strong>Les + du produit :<\/strong><\/p>\n<ul>\n<li>installation rapide et facile (appareil nomade)<\/li>\n<li>fonctionne sans \u00e9nergie et sans rejet d&rsquo;eau<\/li>\n<li>rapidit\u00e9 d&rsquo;entretien<\/li>\n<li>tout INOX : look sympa et design compact<\/li>\n<li>produit et performances de filtration certifi\u00e9s NSF<\/li>\n<\/ul>\n<p>Garantie 2 ans<\/p>\n<p><span class=\"PBLongTxt PBItemDesc ng-scope ng-isolate-scope c-app-product-tabs c-app-product-tabs--tabs c-app-product-tabs--horizontal c-app-product-tabs--left\">Co\u00fbt d&rsquo;utilisation (eau et entretien)<\/span> : <span class=\"PBLongTxt PBItemDesc ng-scope ng-isolate-scope c-app-product-tabs c-app-product-tabs--tabs c-app-product-tabs--horizontal c-app-product-tabs--left\"><span class=\"c-app-preview-facet__value-text\">0,024 \u20ac \/ litre<\/span><\/span><\/p>\n<p><span class=\"PBLongTxt PBItemDesc ng-scope ng-isolate-scope c-app-product-tabs c-app-product-tabs--tabs c-app-product-tabs--horizontal c-app-product-tabs--left\">D\u00e9bit maximum en utilisation<\/span> : <span class=\"PBLongTxt PBItemDesc ng-scope ng-isolate-scope c-app-product-tabs c-app-product-tabs--tabs c-app-product-tabs--horizontal c-app-product-tabs--left\"><span class=\"c-app-preview-facet__value-text\">3 litres \/ min<\/span><\/span><\/p>\n<p><span class=\"PBLongTxt PBItemDesc ng-scope ng-isolate-scope c-app-product-tabs c-app-product-tabs--tabs c-app-product-tabs--horizontal c-app-product-tabs--left\">Dur\u00e9e de vie de l&rsquo;\u00e9l\u00e9ment filtrant<\/span> : 12 mois<\/p>\n<div  class='tabcontainer av-w1a2s-421fcc50b6ad35202a86b6fd3e7b11b1 top_tab  avia-builder-el-0  avia-builder-el-no-sibling '>\n<section class='av_tab_section av_tab_section av-raeuc-3ca0ff038ff76ed26b9240b8bb3516e9'  itemscope=\"itemscope\" itemtype=\"https:\/\/schema.org\/CreativeWork\" ><div id='tab-id-1-tab' class='tab active_tab' role='tab' aria-selected=\"true\" tabindex=\"0\" data-fake-id='#tab-id-1' aria-controls='tab-id-1-content'  itemprop=\"headline\" ><span class='tab_icon avia-iconfont avia-font-entypo-fontello' data-av_icon='\ue84b' data-av_iconfont='entypo-fontello' ><\/span>Fiches Techniques<\/div><div id='tab-id-1-content' class='tab_content active_tab_content' role='tabpanel' aria-labelledby='tab-id-1-tab' aria-hidden=\"false\"><div class='tab_inner_content invers-color'  itemprop=\"text\" ><div  class='avia-button-wrap av-igylo-38e4e1af2e2283d3ea929dd3c190449b-wrap avia-button-left  avia-builder-el-1  avia-builder-el-no-sibling '><a href='https:\/\/maisonecodistribution.com\/eboutique\/wp-content\/uploads\/2020\/06\/Purificateur-d-eau-robinet-de-cuisine-Doulton-sur-evier-hcp-hcs.pdf'  class='avia-button av-igylo-38e4e1af2e2283d3ea929dd3c190449b av-link-btn avia-icon_select-yes-left-icon avia-size-small avia-position-left av-icon-on-hover avia-color-theme-color'  target=\"_blank\"  rel=\"noopener noreferrer\"  aria-label=\"T\u00e9l\u00e9charger la fiche technique (PDF)\"><span class='avia_button_icon avia_button_icon_left avia-iconfont avia-font-entypo-fontello' data-av_icon='\ue82d' data-av_iconfont='entypo-fontello' ><\/span><span class='avia_iconbox_title' >T\u00e9l\u00e9charger la fiche technique (PDF)<\/span><\/a><\/div>\n<\/div><\/div><\/section>\n<section class='av_tab_section av_tab_section av-f3tho-673245044c8cd2155e38098f98d96955'  itemscope=\"itemscope\" itemtype=\"https:\/\/schema.org\/CreativeWork\" ><div id='tab-id-2-tab' class='tab' role='tab' aria-selected=\"false\" tabindex=\"0\" data-fake-id='#tab-id-2' aria-controls='tab-id-2-content'  itemprop=\"headline\" ><span class='tab_icon avia-iconfont avia-font-entypo-fontello' data-av_icon='\ue81f' data-av_iconfont='entypo-fontello' ><\/span>\u00c0 propos de la marque<\/div><div id='tab-id-2-content' class='tab_content' role='tabpanel' aria-labelledby='tab-id-2-tab' aria-hidden=\"true\"><div class='tab_inner_content invers-color'  itemprop=\"text\" ><p><img loading=\"lazy\" decoding=\"async\" class=\"alignleft wp-image-1822\" src=\"https:\/\/maisonecodistribution.fr\/wp-content\/uploads\/2020\/06\/logoDOULTON-maisoneco.jpg\" alt=\"\" width=\"123\" height=\"123\" srcset=\"https:\/\/maisonecodistribution.com\/eboutique\/wp-content\/uploads\/2020\/06\/logoDOULTON-maisoneco.jpg 500w, https:\/\/maisonecodistribution.com\/eboutique\/wp-content\/uploads\/2020\/06\/logoDOULTON-maisoneco-300x300.jpg 300w, https:\/\/maisonecodistribution.com\/eboutique\/wp-content\/uploads\/2020\/06\/logoDOULTON-maisoneco-80x80.jpg 80w, https:\/\/maisonecodistribution.com\/eboutique\/wp-content\/uploads\/2020\/06\/logoDOULTON-maisoneco-36x36.jpg 36w, https:\/\/maisonecodistribution.com\/eboutique\/wp-content\/uploads\/2020\/06\/logoDOULTON-maisoneco-180x180.jpg 180w, https:\/\/maisonecodistribution.com\/eboutique\/wp-content\/uploads\/2020\/06\/logoDOULTON-maisoneco-100x100.jpg 100w\" sizes=\"auto, (max-width: 123px) 100vw, 123px\" \/><\/p>\n<div class=\"page\" title=\"Page 2\">\n<div class=\"section\">\n<div class=\"layoutArea\">\n<div class=\"column\">\n<p>Fabriqu\u00e9 au Royaume Uni depuis pr\u00e8s de deux si\u00e8cles&#8230; Les filtres eau pure Doulton permettent de disposer en continu d\u2019une eau pure, s\u00fbre, agr\u00e9able \u00e0 boire en toute circonstance et \u00e0 partir de n\u2019importe quelle source d\u2019eau. Appr\u00e9ciez la finesse de filtration d&rsquo;eau naturelle Doulton dans votre cuisine, ou en ext\u00e9rieur. La technologie de microfiltration de l\u2019eau Doulton est de qualit\u00e9, agr\u00e9\u00e9 et in\u00e9gal\u00e9e depuis plus de 185 ans.<\/p>\n<\/div>\n<\/div>\n<\/div>\n<\/div>\n<\/div><\/div><\/section>\n<section class='av_tab_section av_tab_section av-a4nn8-51255d398f2397d9e0b34ca3e4c5aa18'  itemscope=\"itemscope\" itemtype=\"https:\/\/schema.org\/CreativeWork\" ><div id='tab-id-3-tab' class='tab' role='tab' aria-selected=\"false\" tabindex=\"0\" data-fake-id='#tab-id-3' aria-controls='tab-id-3-content'  itemprop=\"headline\" ><span class='tab_icon avia-iconfont avia-font-entypo-fontello' data-av_icon='\ue817' data-av_iconfont='entypo-fontello' ><\/span>Plus d\u2019informations <\/div><div id='tab-id-3-content' class='tab_content' role='tabpanel' aria-labelledby='tab-id-3-tab' aria-hidden=\"true\"><div class='tab_inner_content invers-color'  itemprop=\"text\" ><table>\n<tbody>\n<tr>\n<td width=\"255\"><strong>PRODUIT<\/strong><\/td>\n<td style=\"text-align: center;\" width=\"181\"><strong>Prix HT\/unit\u00e9<\/strong><\/td>\n<td style=\"text-align: center;\" width=\"181\"><strong>Prix TTC\/unit\u00e9<\/strong><\/td>\n<\/tr>\n<tr>\n<td width=\"255\">PURIFICATEUR D&rsquo;EAU SUR \u00c9VIER DOULTON HCS + cartouche ultracarb<\/td>\n<td style=\"text-align: center;\" width=\"181\">233,25 \u20ac<\/td>\n<td style=\"text-align: center;\" width=\"181\">279,90\u20ac<\/td>\n<\/tr>\n<\/tbody>\n<\/table>\n<\/div><\/div><\/section>\n<\/div>\n<p>&nbsp;<\/p>\n<\/div>\n<\/div>\n","protected":false},"excerpt":{"rendered":"<p class=\"cs2654AE3A\"><strong>\u00a0Purificateur d&rsquo;eau Doulton sur \u00e9vier de cuisine<\/strong> mod\u00e8le HCS en Inox avec cartouche Ultracarb. <span class=\"PBLongTxt PBItemDesc ng-scope ng-isolate-scope c-app-product-tabs c-app-product-tabs--tabs c-app-product-tabs--horizontal c-app-product-tabs--left\">Il permet de disposer en continu d&rsquo;une <strong>eau pure et s\u00fbre<\/strong> pour tout <strong>usage alimentaire<\/strong> : boisson, cuisson, rin\u00e7age des fruits et l\u00e9gumes \u00e0 partir de n&rsquo;importe quelle source d&rsquo;eau (r\u00e9seau, forage, de pluie ou de puits&#8230;).<\/span><\/p>\n<p>&nbsp;<\/p>\n","protected":false},"featured_media":2132,"template":"","meta":[],"product_brand":[],"product_cat":[2576,22,45],"product_tag":[],"class_list":{"0":"post-2130","1":"product","2":"type-product","3":"status-publish","4":"has-post-thumbnail","6":"product_cat-doulton","7":"product_cat-equipement-energie","8":"product_cat-filtration-de-leau","10":"first","11":"outofstock","12":"taxable","13":"shipping-taxable","14":"purchasable","15":"product-type-simple"},"yoast_head":"<!-- This site is optimized with the Yoast SEO plugin v25.1 - https:\/\/yoast.com\/wordpress\/plugins\/seo\/ -->\n<title>PURIFICATEUR D&#039;EAU SUR \u00c9VIER HCS | \u00c9quipements \u00e9cologiques | Maison \u00c9co Distribution<\/title>\n<meta name=\"description\" content=\"Filtre \u00e0 eau Doulton sur \u00e9vier de cuisine mod\u00e8le HCS en Inox avec cartouche Ultracarb. Il permet de disposer en continu d&#039;une eau pure et s\u00fbre.\" \/>\n<meta name=\"robots\" content=\"index, follow, max-snippet:-1, max-image-preview:large, max-video-preview:-1\" \/>\n<link rel=\"canonical\" href=\"https:\/\/maisonecodistribution.com\/eboutique\/produit\/purificateur-deau-sur-evier-hcs\/\" \/>\n<meta property=\"og:locale\" content=\"fr_FR\" \/>\n<meta property=\"og:type\" content=\"article\" \/>\n<meta property=\"og:title\" content=\"PURIFICATEUR D&#039;EAU SUR \u00c9VIER HCS | \u00c9quipements \u00e9cologiques | Maison \u00c9co Distribution\" \/>\n<meta property=\"og:description\" content=\"Filtre \u00e0 eau Doulton sur \u00e9vier de cuisine mod\u00e8le HCS en Inox avec cartouche Ultracarb. Il permet de disposer en continu d&#039;une eau pure et s\u00fbre.\" \/>\n<meta property=\"og:url\" content=\"https:\/\/maisonecodistribution.com\/eboutique\/produit\/purificateur-deau-sur-evier-hcs\/\" \/>\n<meta property=\"og:site_name\" content=\"Maison \u00c9co Distribution\" \/>\n<meta property=\"article:publisher\" content=\"https:\/\/www.facebook.com\/maisonecodistribution\" \/>\n<meta property=\"article:modified_time\" content=\"2024-09-26T12:17:57+00:00\" \/>\n<meta property=\"og:image\" content=\"https:\/\/maisonecodistribution.com\/eboutique\/wp-content\/uploads\/2020\/06\/filtrehcsdoulton-maisoneco.jpg\" \/>\n\t<meta property=\"og:image:width\" content=\"500\" \/>\n\t<meta property=\"og:image:height\" content=\"500\" \/>\n\t<meta property=\"og:image:type\" content=\"image\/jpeg\" \/>\n<meta name=\"twitter:card\" content=\"summary_large_image\" \/>\n<meta name=\"twitter:label1\" content=\"Prix\" \/>\n\t<meta name=\"twitter:data1\" content=\"279,90&nbsp;&euro; TTC\" \/>\n\t<meta name=\"twitter:label2\" content=\"Disponibilit\u00e9\" \/>\n\t<meta name=\"twitter:data2\" content=\"Rupture de stock\" \/>\n<script type=\"application\/ld+json\" class=\"yoast-schema-graph\">{\"@context\":\"https:\/\/schema.org\",\"@graph\":[{\"@type\":[\"WebPage\",\"ItemPage\"],\"@id\":\"https:\/\/maisonecodistribution.com\/eboutique\/produit\/purificateur-deau-sur-evier-hcs\/\",\"url\":\"https:\/\/maisonecodistribution.com\/eboutique\/produit\/purificateur-deau-sur-evier-hcs\/\",\"name\":\"PURIFICATEUR D'EAU SUR \u00c9VIER HCS | \u00c9quipements \u00e9cologiques | Maison \u00c9co Distribution\",\"isPartOf\":{\"@id\":\"https:\/\/maisonecodistribution.com\/eboutique\/#website\"},\"primaryImageOfPage\":{\"@id\":\"https:\/\/maisonecodistribution.com\/eboutique\/produit\/purificateur-deau-sur-evier-hcs\/#primaryimage\"},\"image\":{\"@id\":\"https:\/\/maisonecodistribution.com\/eboutique\/produit\/purificateur-deau-sur-evier-hcs\/#primaryimage\"},\"thumbnailUrl\":\"https:\/\/maisonecodistribution.com\/eboutique\/wp-content\/uploads\/2020\/06\/filtrehcsdoulton-maisoneco.jpg\",\"datePublished\":\"2020-06-23T15:32:48+00:00\",\"dateModified\":\"2024-09-26T12:17:57+00:00\",\"description\":\"Filtre \u00e0 eau Doulton sur \u00e9vier de cuisine mod\u00e8le HCS en Inox avec cartouche Ultracarb. Il permet de disposer en continu d'une eau pure et s\u00fbre.\",\"breadcrumb\":{\"@id\":\"https:\/\/maisonecodistribution.com\/eboutique\/produit\/purificateur-deau-sur-evier-hcs\/#breadcrumb\"},\"inLanguage\":\"fr-FR\",\"potentialAction\":[{\"@type\":\"ReadAction\",\"target\":[\"https:\/\/maisonecodistribution.com\/eboutique\/produit\/purificateur-deau-sur-evier-hcs\/\"]}]},{\"@type\":\"ImageObject\",\"inLanguage\":\"fr-FR\",\"@id\":\"https:\/\/maisonecodistribution.com\/eboutique\/produit\/purificateur-deau-sur-evier-hcs\/#primaryimage\",\"url\":\"https:\/\/maisonecodistribution.com\/eboutique\/wp-content\/uploads\/2020\/06\/filtrehcsdoulton-maisoneco.jpg\",\"contentUrl\":\"https:\/\/maisonecodistribution.com\/eboutique\/wp-content\/uploads\/2020\/06\/filtrehcsdoulton-maisoneco.jpg\",\"width\":500,\"height\":500},{\"@type\":\"BreadcrumbList\",\"@id\":\"https:\/\/maisonecodistribution.com\/eboutique\/produit\/purificateur-deau-sur-evier-hcs\/#breadcrumb\",\"itemListElement\":[{\"@type\":\"ListItem\",\"position\":1,\"name\":\"Home\",\"item\":\"https:\/\/maisonecodistribution.com\/eboutique\/\"},{\"@type\":\"ListItem\",\"position\":2,\"name\":\"CATALOGUE\",\"item\":\"https:\/\/maisonecodistribution.com\/eboutique\/catalogue\/\"},{\"@type\":\"ListItem\",\"position\":3,\"name\":\"PURIFICATEUR D&rsquo;EAU SUR \u00c9VIER HCS\"}]},{\"@type\":\"WebSite\",\"@id\":\"https:\/\/maisonecodistribution.com\/eboutique\/#website\",\"url\":\"https:\/\/maisonecodistribution.com\/eboutique\/\",\"name\":\"Maison \u00c9co Distribution\",\"description\":\"Tout pour un habitat sain\",\"publisher\":{\"@id\":\"https:\/\/maisonecodistribution.com\/eboutique\/#organization\"},\"potentialAction\":[{\"@type\":\"SearchAction\",\"target\":{\"@type\":\"EntryPoint\",\"urlTemplate\":\"https:\/\/maisonecodistribution.com\/eboutique\/?s={search_term_string}\"},\"query-input\":{\"@type\":\"PropertyValueSpecification\",\"valueRequired\":true,\"valueName\":\"search_term_string\"}}],\"inLanguage\":\"fr-FR\"},{\"@type\":\"Organization\",\"@id\":\"https:\/\/maisonecodistribution.com\/eboutique\/#organization\",\"name\":\"Maison \u00c9co Distribution\",\"url\":\"https:\/\/maisonecodistribution.com\/eboutique\/\",\"logo\":{\"@type\":\"ImageObject\",\"inLanguage\":\"fr-FR\",\"@id\":\"https:\/\/maisonecodistribution.com\/eboutique\/#\/schema\/logo\/image\/\",\"url\":\"https:\/\/maisonecodistribution.com\/eboutique\/wp-content\/uploads\/2024\/07\/logo-maison-eco-1.png\",\"contentUrl\":\"https:\/\/maisonecodistribution.com\/eboutique\/wp-content\/uploads\/2024\/07\/logo-maison-eco-1.png\",\"width\":300,\"height\":321,\"caption\":\"Maison \u00c9co Distribution\"},\"image\":{\"@id\":\"https:\/\/maisonecodistribution.com\/eboutique\/#\/schema\/logo\/image\/\"},\"sameAs\":[\"https:\/\/www.facebook.com\/maisonecodistribution\"]}]}<\/script>\n<meta property=\"product:price:amount\" content=\"279.90\" \/>\n<meta property=\"product:price:currency\" content=\"EUR\" \/>\n<meta property=\"og:availability\" content=\"out of stock\" \/>\n<meta property=\"product:availability\" content=\"out of stock\" \/>\n<meta property=\"product:condition\" content=\"new\" \/>\n<!-- \/ Yoast SEO plugin. -->","yoast_head_json":{"title":"PURIFICATEUR D'EAU SUR \u00c9VIER HCS | \u00c9quipements \u00e9cologiques | Maison \u00c9co Distribution","description":"Filtre \u00e0 eau Doulton sur \u00e9vier de cuisine mod\u00e8le HCS en Inox avec cartouche Ultracarb. Il permet de disposer en continu d'une eau pure et s\u00fbre.","robots":{"index":"index","follow":"follow","max-snippet":"max-snippet:-1","max-image-preview":"max-image-preview:large","max-video-preview":"max-video-preview:-1"},"canonical":"https:\/\/maisonecodistribution.com\/eboutique\/produit\/purificateur-deau-sur-evier-hcs\/","og_locale":"fr_FR","og_type":"article","og_title":"PURIFICATEUR D'EAU SUR \u00c9VIER HCS | \u00c9quipements \u00e9cologiques | Maison \u00c9co Distribution","og_description":"Filtre \u00e0 eau Doulton sur \u00e9vier de cuisine mod\u00e8le HCS en Inox avec cartouche Ultracarb. Il permet de disposer en continu d'une eau pure et s\u00fbre.","og_url":"https:\/\/maisonecodistribution.com\/eboutique\/produit\/purificateur-deau-sur-evier-hcs\/","og_site_name":"Maison \u00c9co Distribution","article_publisher":"https:\/\/www.facebook.com\/maisonecodistribution","article_modified_time":"2024-09-26T12:17:57+00:00","og_image":[{"width":500,"height":500,"url":"https:\/\/maisonecodistribution.com\/eboutique\/wp-content\/uploads\/2020\/06\/filtrehcsdoulton-maisoneco.jpg","type":"image\/jpeg"}],"twitter_card":"summary_large_image","twitter_misc":{"Prix":"279,90&nbsp;&euro; TTC","Disponibilit\u00e9":"Rupture de stock"},"schema":{"@context":"https:\/\/schema.org","@graph":[{"@type":["WebPage","ItemPage"],"@id":"https:\/\/maisonecodistribution.com\/eboutique\/produit\/purificateur-deau-sur-evier-hcs\/","url":"https:\/\/maisonecodistribution.com\/eboutique\/produit\/purificateur-deau-sur-evier-hcs\/","name":"PURIFICATEUR D'EAU SUR \u00c9VIER HCS | \u00c9quipements \u00e9cologiques | Maison \u00c9co Distribution","isPartOf":{"@id":"https:\/\/maisonecodistribution.com\/eboutique\/#website"},"primaryImageOfPage":{"@id":"https:\/\/maisonecodistribution.com\/eboutique\/produit\/purificateur-deau-sur-evier-hcs\/#primaryimage"},"image":{"@id":"https:\/\/maisonecodistribution.com\/eboutique\/produit\/purificateur-deau-sur-evier-hcs\/#primaryimage"},"thumbnailUrl":"https:\/\/maisonecodistribution.com\/eboutique\/wp-content\/uploads\/2020\/06\/filtrehcsdoulton-maisoneco.jpg","datePublished":"2020-06-23T15:32:48+00:00","dateModified":"2024-09-26T12:17:57+00:00","description":"Filtre \u00e0 eau Doulton sur \u00e9vier de cuisine mod\u00e8le HCS en Inox avec cartouche Ultracarb. Il permet de disposer en continu d'une eau pure et s\u00fbre.","breadcrumb":{"@id":"https:\/\/maisonecodistribution.com\/eboutique\/produit\/purificateur-deau-sur-evier-hcs\/#breadcrumb"},"inLanguage":"fr-FR","potentialAction":[{"@type":"ReadAction","target":["https:\/\/maisonecodistribution.com\/eboutique\/produit\/purificateur-deau-sur-evier-hcs\/"]}]},{"@type":"ImageObject","inLanguage":"fr-FR","@id":"https:\/\/maisonecodistribution.com\/eboutique\/produit\/purificateur-deau-sur-evier-hcs\/#primaryimage","url":"https:\/\/maisonecodistribution.com\/eboutique\/wp-content\/uploads\/2020\/06\/filtrehcsdoulton-maisoneco.jpg","contentUrl":"https:\/\/maisonecodistribution.com\/eboutique\/wp-content\/uploads\/2020\/06\/filtrehcsdoulton-maisoneco.jpg","width":500,"height":500},{"@type":"BreadcrumbList","@id":"https:\/\/maisonecodistribution.com\/eboutique\/produit\/purificateur-deau-sur-evier-hcs\/#breadcrumb","itemListElement":[{"@type":"ListItem","position":1,"name":"Home","item":"https:\/\/maisonecodistribution.com\/eboutique\/"},{"@type":"ListItem","position":2,"name":"CATALOGUE","item":"https:\/\/maisonecodistribution.com\/eboutique\/catalogue\/"},{"@type":"ListItem","position":3,"name":"PURIFICATEUR D&rsquo;EAU SUR \u00c9VIER HCS"}]},{"@type":"WebSite","@id":"https:\/\/maisonecodistribution.com\/eboutique\/#website","url":"https:\/\/maisonecodistribution.com\/eboutique\/","name":"Maison \u00c9co Distribution","description":"Tout pour un habitat sain","publisher":{"@id":"https:\/\/maisonecodistribution.com\/eboutique\/#organization"},"potentialAction":[{"@type":"SearchAction","target":{"@type":"EntryPoint","urlTemplate":"https:\/\/maisonecodistribution.com\/eboutique\/?s={search_term_string}"},"query-input":{"@type":"PropertyValueSpecification","valueRequired":true,"valueName":"search_term_string"}}],"inLanguage":"fr-FR"},{"@type":"Organization","@id":"https:\/\/maisonecodistribution.com\/eboutique\/#organization","name":"Maison \u00c9co Distribution","url":"https:\/\/maisonecodistribution.com\/eboutique\/","logo":{"@type":"ImageObject","inLanguage":"fr-FR","@id":"https:\/\/maisonecodistribution.com\/eboutique\/#\/schema\/logo\/image\/","url":"https:\/\/maisonecodistribution.com\/eboutique\/wp-content\/uploads\/2024\/07\/logo-maison-eco-1.png","contentUrl":"https:\/\/maisonecodistribution.com\/eboutique\/wp-content\/uploads\/2024\/07\/logo-maison-eco-1.png","width":300,"height":321,"caption":"Maison \u00c9co Distribution"},"image":{"@id":"https:\/\/maisonecodistribution.com\/eboutique\/#\/schema\/logo\/image\/"},"sameAs":["https:\/\/www.facebook.com\/maisonecodistribution"]}]},"product_price_amount":"279.90","product_price_currency":"EUR","og_availability":"out of stock","product_availability":"out of stock","product_condition":"new"},"_links":{"self":[{"href":"https:\/\/maisonecodistribution.com\/eboutique\/wp-json\/wp\/v2\/product\/2130","targetHints":{"allow":["GET"]}}],"collection":[{"href":"https:\/\/maisonecodistribution.com\/eboutique\/wp-json\/wp\/v2\/product"}],"about":[{"href":"https:\/\/maisonecodistribution.com\/eboutique\/wp-json\/wp\/v2\/types\/product"}],"wp:featuredmedia":[{"embeddable":true,"href":"https:\/\/maisonecodistribution.com\/eboutique\/wp-json\/wp\/v2\/media\/2132"}],"wp:attachment":[{"href":"https:\/\/maisonecodistribution.com\/eboutique\/wp-json\/wp\/v2\/media?parent=2130"}],"wp:term":[{"taxonomy":"product_brand","embeddable":true,"href":"https:\/\/maisonecodistribution.com\/eboutique\/wp-json\/wp\/v2\/product_brand?post=2130"},{"taxonomy":"product_cat","embeddable":true,"href":"https:\/\/maisonecodistribution.com\/eboutique\/wp-json\/wp\/v2\/product_cat?post=2130"},{"taxonomy":"product_tag","embeddable":true,"href":"https:\/\/maisonecodistribution.com\/eboutique\/wp-json\/wp\/v2\/product_tag?post=2130"}],"curies":[{"name":"wp","href":"https:\/\/api.w.org\/{rel}","templated":true}]}}