{"id":2042,"date":"2020-06-22T10:56:32","date_gmt":"2020-06-22T08:56:32","guid":{"rendered":"https:\/\/maisonecodistribution.fr\/?post_type=product&#038;p=2042"},"modified":"2025-08-11T16:44:06","modified_gmt":"2025-08-11T14:44:06","slug":"huile-dure-naturelle-perlo-pro-nature","status":"publish","type":"product","link":"https:\/\/maisonecodistribution.com\/eboutique\/produit\/huile-dure-naturelle-perlo-pro-nature\/","title":{"rendered":"HUILE DURE NATURELLE PERLO PRO &#8211; Nature"},"content":{"rendered":"<p>L&rsquo;huile dure naturelle PERLO PRO nature d&rsquo;Ol\u00e9obois peut s&rsquo;appliquer sur les <a href=\"https:\/\/maisonecodistribution.fr\/categorie-produit\/decoration-finition\/parquet\/\" target=\"_blank\" rel=\"noopener noreferrer\">parquets<\/a>, les plans de travail, les <a href=\"https:\/\/maisonecodistribution.fr\/categorie-produit\/decoration-finition\/mur-et-plafonds-bois\/\" target=\"_blank\" rel=\"noopener noreferrer\">lambris<\/a>, les <a href=\"https:\/\/maisonecodistribution.fr\/categorie-produit\/grosoeuvre-bois\/structure-bois\/\" target=\"_blank\" rel=\"noopener noreferrer\">poutres<\/a>, les escaliers, le mobilier d&rsquo;int\u00e9rieur, les tours de vasques et les menuiseries.<\/p>\n<div class=\"page\" title=\"Page 2\">\n<div class=\"section\">\n<div class=\"layoutArea\">\n<div class=\"column\">\n<p>Toutes les huiles Ol\u00e9obois sont formule\u0301es 100% extrait sec : sans e\u0301vaporation, tout le produit applique\u0301 participe a\u0300 la <strong>protection du bois<\/strong> et garantit une <strong>longe\u0301vite\u0301 accrue<\/strong>.<\/p>\n<div class=\"page\" title=\"Page 2\">\n<div class=\"section\">\n<div class=\"layoutArea\">\n<div class=\"column\">\n<p>Rendu : mat \/ Aspect : nature.<\/p>\n<\/div>\n<\/div>\n<\/div>\n<\/div>\n<p>Application : pinceau, spalter, rouleau.<\/p>\n<p>Nettoyage au savon liquide et \u00e0 l&rsquo;eau chaude.<\/p>\n<div class=\"page\" title=\"Page 1\">\n<div class=\"section\">\n<div class=\"layoutArea\">\n<div class=\"column\">\n<div class=\"page\" title=\"Page 1\">\n<div class=\"section\">\n<div class=\"layoutArea\">\n<div class=\"column\">\n<div class=\"page\" title=\"Page 1\">\n<div class=\"section\">\n<div class=\"layoutArea\">\n<div class=\"column\">\n<div class=\"page\" title=\"Page 1\">\n<div class=\"section\">\n<div class=\"layoutArea\">\n<div class=\"column\">\n<p><strong>Les + du produit :<\/strong><\/p>\n<div class=\"page\" title=\"Page 2\">\n<div class=\"section\">\n<div class=\"layoutArea\">\n<div class=\"column\">\n<ul>\n<li>id\u00e9al pour le traitement des bois int\u00e9rieurs<\/li>\n<li>ne s&rsquo;e\u0301caille pas<\/li>\n<li>action en profondeur<\/li>\n<li>performance longue dure\u0301e<\/li>\n<li>stabilite\u0301 dimensionnelle ame\u0301liore\u0301e<\/li>\n<li>protection anti-UV<\/li>\n<li>effet perlant renforce\u0301<\/li>\n<li>sans remonte\u0301e de tannin<\/li>\n<li>entretien facile et e\u0301conomique\n<div class=\"section\">\n<div class=\"layoutArea\"><\/div>\n<\/div>\n<\/li>\n<\/ul>\n<\/div>\n<\/div>\n<\/div>\n<\/div>\n<p>Dur\u00e9e de s\u00e9chage : 48h minimum<\/p>\n<p>Consommation : 8-10 m2\/L (2 couches comprises)<\/p>\n<\/div>\n<\/div>\n<\/div>\n<\/div>\n<\/div>\n<\/div>\n<\/div>\n<\/div>\n<\/div>\n<\/div>\n<\/div>\n<\/div>\n<\/div>\n<\/div>\n<\/div>\n<\/div>\n<div class=\"page\" title=\"Page 1\">\n<div class=\"section\">\n<div class=\"layoutArea\">\n<div class=\"column\">\n<p>Conditionnement :\u00a0 bidons de 2L, 5L ou 10L<\/p>\n<\/div>\n<\/div>\n<\/div>\n<\/div>\n<div  class='tabcontainer av-w1a2s-421fcc50b6ad35202a86b6fd3e7b11b1 top_tab  avia-builder-el-0  avia-builder-el-no-sibling '>\n<section class='av_tab_section av_tab_section av-raeuc-3ca0ff038ff76ed26b9240b8bb3516e9'  itemscope=\"itemscope\" itemtype=\"https:\/\/schema.org\/CreativeWork\" ><div id='tab-id-1-tab' class='tab active_tab' role='tab' aria-selected=\"true\" tabindex=\"0\" data-fake-id='#tab-id-1' aria-controls='tab-id-1-content'  itemprop=\"headline\" ><span class='tab_icon avia-iconfont avia-font-entypo-fontello' data-av_icon='\ue84b' data-av_iconfont='entypo-fontello' ><\/span>Fiches Techniques<\/div><div id='tab-id-1-content' class='tab_content active_tab_content' role='tabpanel' aria-labelledby='tab-id-1-tab' aria-hidden=\"false\"><div class='tab_inner_content invers-color'  itemprop=\"text\" ><div  class='avia-button-wrap av-igylo-ae12e8913ee6b174fcafc17575b21d23-wrap avia-button-left  avia-builder-el-1  avia-builder-el-no-sibling '><a href='https:\/\/maisonecodistribution.com\/eboutique\/wp-content\/uploads\/2020\/06\/FT-PROLEOBOIS.pdf'  class='avia-button av-igylo-ae12e8913ee6b174fcafc17575b21d23 av-link-btn avia-icon_select-yes-left-icon avia-size-small avia-position-left av-icon-on-hover avia-color-theme-color'  target=\"_blank\"  rel=\"noopener noreferrer\"  aria-label=\"T\u00e9l\u00e9charger la fiche technique (PDF)\"><span class='avia_button_icon avia_button_icon_left avia-iconfont avia-font-entypo-fontello' data-av_icon='\ue82d' data-av_iconfont='entypo-fontello' ><\/span><span class='avia_iconbox_title' >T\u00e9l\u00e9charger la fiche technique (PDF)<\/span><\/a><\/div>\n<\/div><\/div><\/section>\n<section class='av_tab_section av_tab_section av-f3tho-673245044c8cd2155e38098f98d96955'  itemscope=\"itemscope\" itemtype=\"https:\/\/schema.org\/CreativeWork\" ><div id='tab-id-2-tab' class='tab' role='tab' aria-selected=\"false\" tabindex=\"0\" data-fake-id='#tab-id-2' aria-controls='tab-id-2-content'  itemprop=\"headline\" ><span class='tab_icon avia-iconfont avia-font-entypo-fontello' data-av_icon='\ue81f' data-av_iconfont='entypo-fontello' ><\/span>\u00c0 propos de la marque<\/div><div id='tab-id-2-content' class='tab_content' role='tabpanel' aria-labelledby='tab-id-2-tab' aria-hidden=\"true\"><div class='tab_inner_content invers-color'  itemprop=\"text\" ><p><img loading=\"lazy\" decoding=\"async\" class=\"alignleft wp-image-2024 \" src=\"https:\/\/maisonecodistribution.fr\/wp-content\/uploads\/2020\/06\/oleobois-logo-1454411200.jpg\" alt=\"\" width=\"211\" height=\"58\" srcset=\"https:\/\/maisonecodistribution.com\/eboutique\/wp-content\/uploads\/2020\/06\/oleobois-logo-1454411200.jpg 500w, https:\/\/maisonecodistribution.com\/eboutique\/wp-content\/uploads\/2020\/06\/oleobois-logo-1454411200-300x83.jpg 300w, https:\/\/maisonecodistribution.com\/eboutique\/wp-content\/uploads\/2020\/06\/oleobois-logo-1454411200-495x138.jpg 495w\" sizes=\"auto, (max-width: 211px) 100vw, 211px\" \/><\/p>\n<div class=\"page\" title=\"Page 2\">\n<div class=\"section\">\n<div class=\"layoutArea\">\n<div class=\"column\">\n<p>Prote\u0301ger et embellir les bois dans les inte\u0301rieurs et en exte\u0301rieur en respectant la sante\u0301 et l&rsquo;environnement&#8230;C&rsquo;est le pari re\u0301ussi d&rsquo;OLEOBOIS qui, depuis 2004, de\u0301veloppe une gamme de solutions parfaitement e\u0301tudie\u0301es pour re\u0301pondre a\u0300 cette double exigence tout en garantissant des re\u0301sultats durables et esthe\u0301tiques. Chaque produit de la gamme Pro est formule\u0301 a\u0300 partir des huiles et des compose\u0301s les plus efficaces de la gamme Tradi.<\/p>\n<\/div>\n<\/div>\n<\/div>\n<\/div>\n<\/div><\/div><\/section>\n<section class='av_tab_section av_tab_section av-a4nn8-51255d398f2397d9e0b34ca3e4c5aa18'  itemscope=\"itemscope\" itemtype=\"https:\/\/schema.org\/CreativeWork\" ><div id='tab-id-3-tab' class='tab' role='tab' aria-selected=\"false\" tabindex=\"0\" data-fake-id='#tab-id-3' aria-controls='tab-id-3-content'  itemprop=\"headline\" ><span class='tab_icon avia-iconfont avia-font-entypo-fontello' data-av_icon='\ue817' data-av_iconfont='entypo-fontello' ><\/span>Plus d\u2019informations <\/div><div id='tab-id-3-content' class='tab_content' role='tabpanel' aria-labelledby='tab-id-3-tab' aria-hidden=\"true\"><div class='tab_inner_content invers-color'  itemprop=\"text\" ><table>\n<tbody>\n<tr>\n<td width=\"255\"><strong>PRODUIT<\/strong><\/td>\n<td style=\"text-align: center;\" width=\"181\"><strong>Conditionnement<\/strong><\/td>\n<td style=\"text-align: center;\" width=\"181\"><strong>Prix HT\/unit\u00e9<\/strong><\/td>\n<td style=\"text-align: center;\" width=\"181\"><strong>Prix TTC\/unit\u00e9<\/strong><\/td>\n<\/tr>\n<tr>\n<td width=\"255\">HUILE DURE PERLO PRO &#8211; Nature &#8211; 2L<\/td>\n<td style=\"text-align: center;\" width=\"181\">2L<\/td>\n<td style=\"text-align: center;\" width=\"181\">51,26 \u20ac<\/td>\n<td style=\"text-align: center;\" width=\"181\">61,51 \u20ac<\/td>\n<\/tr>\n<tr>\n<td width=\"255\">HUILE DURE PERLO PRO &#8211; Nature &#8211; 5L<\/td>\n<td style=\"text-align: center;\" width=\"181\">5L<\/td>\n<td style=\"text-align: center;\" width=\"181\">90,91 \u20ac<\/td>\n<td style=\"text-align: center;\" width=\"181\">109,10 \u20ac<\/td>\n<\/tr>\n<tr>\n<td width=\"255\">HUILE DURE PERLO PRO &#8211; Nature &#8211; 10L<\/td>\n<td style=\"text-align: center;\" width=\"181\">10L<\/td>\n<td style=\"text-align: center;\" width=\"181\">161,83 \u20ac<\/td>\n<td style=\"text-align: center;\" width=\"181\">194,19 \u20ac<\/td>\n<\/tr>\n<\/tbody>\n<\/table>\n<\/div><\/div><\/section>\n<\/div>\n<\/div>\n<\/div>\n<\/div>\n<\/div>\n","protected":false},"excerpt":{"rendered":"<div class=\"page\" title=\"Page 2\">\n<div class=\"section\">\n<div class=\"layoutArea\">\n<div class=\"column\">\n<p>PERLO PRO Nature est une <strong>huile dure naturelle<\/strong> <strong>pour les bois d&rsquo;int\u00e9rieur<\/strong>. Elle met en valeur le <strong>veinage du bois<\/strong> et donne un <strong>ton miel chaleureux<\/strong>.<\/p>\n<\/div>\n<\/div>\n<div class=\"layoutArea\">\n<div class=\"column\">\n<p>&nbsp;<\/p>\n<\/div>\n<\/div>\n<\/div>\n<\/div>\n","protected":false},"featured_media":2040,"template":"","meta":[],"product_brand":[],"product_cat":[2597,18,38],"product_tag":[],"class_list":{"0":"post-2042","1":"product","2":"type-product","3":"status-publish","4":"has-post-thumbnail","6":"product_cat-oleobois","7":"product_cat-decoration-finition","8":"product_cat-protection-bois-et-autres-surfaces","10":"first","11":"instock","12":"taxable","13":"shipping-taxable","14":"purchasable","15":"product-type-variable"},"yoast_head":"<!-- This site is optimized with the Yoast SEO plugin v25.1 - https:\/\/yoast.com\/wordpress\/plugins\/seo\/ -->\n<title>HUILE DURE NATURELLE PERLO PRO - Nature | Protection \u00e9cologique du bois | Maison \u00c9co Distribution<\/title>\n<meta name=\"description\" content=\"PERLO PRO Nature est une huile dure naturelle pour les bois d&#039;int\u00e9rieur. Elle met en valeur le veinage du bois et donne un ton miel chaleureux.\" \/>\n<meta name=\"robots\" content=\"index, follow, max-snippet:-1, max-image-preview:large, max-video-preview:-1\" \/>\n<link rel=\"canonical\" href=\"https:\/\/maisonecodistribution.com\/eboutique\/produit\/huile-dure-naturelle-perlo-pro-nature\/\" \/>\n<meta property=\"og:locale\" content=\"fr_FR\" \/>\n<meta property=\"og:type\" content=\"article\" \/>\n<meta property=\"og:title\" content=\"HUILE DURE NATURELLE PERLO PRO - Nature | Protection \u00e9cologique du bois | Maison \u00c9co Distribution\" \/>\n<meta property=\"og:description\" content=\"PERLO PRO Nature est une huile dure naturelle pour les bois d&#039;int\u00e9rieur. Elle met en valeur le veinage du bois et donne un ton miel chaleureux.\" \/>\n<meta property=\"og:url\" content=\"https:\/\/maisonecodistribution.com\/eboutique\/produit\/huile-dure-naturelle-perlo-pro-nature\/\" \/>\n<meta property=\"og:site_name\" content=\"Maison \u00c9co Distribution\" \/>\n<meta property=\"article:publisher\" content=\"https:\/\/www.facebook.com\/maisonecodistribution\" \/>\n<meta property=\"article:modified_time\" content=\"2025-08-11T14:44:06+00:00\" \/>\n<meta property=\"og:image\" content=\"https:\/\/maisonecodistribution.com\/eboutique\/wp-content\/uploads\/2020\/06\/huiledureperlopro-maisoneco.jpg\" \/>\n\t<meta property=\"og:image:width\" content=\"500\" \/>\n\t<meta property=\"og:image:height\" content=\"500\" \/>\n\t<meta property=\"og:image:type\" content=\"image\/jpeg\" \/>\n<meta name=\"twitter:card\" content=\"summary_large_image\" \/>\n<meta name=\"twitter:label1\" content=\"Disponibilit\u00e9\" \/>\n\t<meta name=\"twitter:data1\" content=\"En stock\" \/>\n<script type=\"application\/ld+json\" class=\"yoast-schema-graph\">{\"@context\":\"https:\/\/schema.org\",\"@graph\":[{\"@type\":[\"WebPage\",\"ItemPage\"],\"@id\":\"https:\/\/maisonecodistribution.com\/eboutique\/produit\/huile-dure-naturelle-perlo-pro-nature\/\",\"url\":\"https:\/\/maisonecodistribution.com\/eboutique\/produit\/huile-dure-naturelle-perlo-pro-nature\/\",\"name\":\"HUILE DURE NATURELLE PERLO PRO - Nature | Protection \u00e9cologique du bois | Maison \u00c9co Distribution\",\"isPartOf\":{\"@id\":\"https:\/\/maisonecodistribution.com\/eboutique\/#website\"},\"primaryImageOfPage\":{\"@id\":\"https:\/\/maisonecodistribution.com\/eboutique\/produit\/huile-dure-naturelle-perlo-pro-nature\/#primaryimage\"},\"image\":{\"@id\":\"https:\/\/maisonecodistribution.com\/eboutique\/produit\/huile-dure-naturelle-perlo-pro-nature\/#primaryimage\"},\"thumbnailUrl\":\"https:\/\/maisonecodistribution.com\/eboutique\/wp-content\/uploads\/2020\/06\/huiledureperlopro-maisoneco.jpg\",\"datePublished\":\"2020-06-22T08:56:32+00:00\",\"dateModified\":\"2025-08-11T14:44:06+00:00\",\"description\":\"PERLO PRO Nature est une huile dure naturelle pour les bois d'int\u00e9rieur. Elle met en valeur le veinage du bois et donne un ton miel chaleureux.\",\"breadcrumb\":{\"@id\":\"https:\/\/maisonecodistribution.com\/eboutique\/produit\/huile-dure-naturelle-perlo-pro-nature\/#breadcrumb\"},\"inLanguage\":\"fr-FR\",\"potentialAction\":[{\"@type\":\"ReadAction\",\"target\":[\"https:\/\/maisonecodistribution.com\/eboutique\/produit\/huile-dure-naturelle-perlo-pro-nature\/\"]}]},{\"@type\":\"ImageObject\",\"inLanguage\":\"fr-FR\",\"@id\":\"https:\/\/maisonecodistribution.com\/eboutique\/produit\/huile-dure-naturelle-perlo-pro-nature\/#primaryimage\",\"url\":\"https:\/\/maisonecodistribution.com\/eboutique\/wp-content\/uploads\/2020\/06\/huiledureperlopro-maisoneco.jpg\",\"contentUrl\":\"https:\/\/maisonecodistribution.com\/eboutique\/wp-content\/uploads\/2020\/06\/huiledureperlopro-maisoneco.jpg\",\"width\":500,\"height\":500,\"caption\":\"huile dure naturelle bois interieur plan de travail parquet\"},{\"@type\":\"BreadcrumbList\",\"@id\":\"https:\/\/maisonecodistribution.com\/eboutique\/produit\/huile-dure-naturelle-perlo-pro-nature\/#breadcrumb\",\"itemListElement\":[{\"@type\":\"ListItem\",\"position\":1,\"name\":\"Home\",\"item\":\"https:\/\/maisonecodistribution.com\/eboutique\/\"},{\"@type\":\"ListItem\",\"position\":2,\"name\":\"CATALOGUE\",\"item\":\"https:\/\/maisonecodistribution.com\/eboutique\/catalogue\/\"},{\"@type\":\"ListItem\",\"position\":3,\"name\":\"HUILE DURE NATURELLE PERLO PRO &#8211; Nature\"}]},{\"@type\":\"WebSite\",\"@id\":\"https:\/\/maisonecodistribution.com\/eboutique\/#website\",\"url\":\"https:\/\/maisonecodistribution.com\/eboutique\/\",\"name\":\"Maison \u00c9co Distribution\",\"description\":\"Tout pour un habitat sain\",\"publisher\":{\"@id\":\"https:\/\/maisonecodistribution.com\/eboutique\/#organization\"},\"potentialAction\":[{\"@type\":\"SearchAction\",\"target\":{\"@type\":\"EntryPoint\",\"urlTemplate\":\"https:\/\/maisonecodistribution.com\/eboutique\/?s={search_term_string}\"},\"query-input\":{\"@type\":\"PropertyValueSpecification\",\"valueRequired\":true,\"valueName\":\"search_term_string\"}}],\"inLanguage\":\"fr-FR\"},{\"@type\":\"Organization\",\"@id\":\"https:\/\/maisonecodistribution.com\/eboutique\/#organization\",\"name\":\"Maison \u00c9co Distribution\",\"url\":\"https:\/\/maisonecodistribution.com\/eboutique\/\",\"logo\":{\"@type\":\"ImageObject\",\"inLanguage\":\"fr-FR\",\"@id\":\"https:\/\/maisonecodistribution.com\/eboutique\/#\/schema\/logo\/image\/\",\"url\":\"https:\/\/maisonecodistribution.com\/eboutique\/wp-content\/uploads\/2024\/07\/logo-maison-eco-1.png\",\"contentUrl\":\"https:\/\/maisonecodistribution.com\/eboutique\/wp-content\/uploads\/2024\/07\/logo-maison-eco-1.png\",\"width\":300,\"height\":321,\"caption\":\"Maison \u00c9co Distribution\"},\"image\":{\"@id\":\"https:\/\/maisonecodistribution.com\/eboutique\/#\/schema\/logo\/image\/\"},\"sameAs\":[\"https:\/\/www.facebook.com\/maisonecodistribution\"]}]}<\/script>\n<meta property=\"og:availability\" content=\"instock\" \/>\n<meta property=\"product:availability\" content=\"instock\" \/>\n<meta property=\"product:condition\" content=\"new\" \/>\n<!-- \/ Yoast SEO plugin. -->","yoast_head_json":{"title":"HUILE DURE NATURELLE PERLO PRO - Nature | Protection \u00e9cologique du bois | Maison \u00c9co Distribution","description":"PERLO PRO Nature est une huile dure naturelle pour les bois d'int\u00e9rieur. Elle met en valeur le veinage du bois et donne un ton miel chaleureux.","robots":{"index":"index","follow":"follow","max-snippet":"max-snippet:-1","max-image-preview":"max-image-preview:large","max-video-preview":"max-video-preview:-1"},"canonical":"https:\/\/maisonecodistribution.com\/eboutique\/produit\/huile-dure-naturelle-perlo-pro-nature\/","og_locale":"fr_FR","og_type":"article","og_title":"HUILE DURE NATURELLE PERLO PRO - Nature | Protection \u00e9cologique du bois | Maison \u00c9co Distribution","og_description":"PERLO PRO Nature est une huile dure naturelle pour les bois d'int\u00e9rieur. Elle met en valeur le veinage du bois et donne un ton miel chaleureux.","og_url":"https:\/\/maisonecodistribution.com\/eboutique\/produit\/huile-dure-naturelle-perlo-pro-nature\/","og_site_name":"Maison \u00c9co Distribution","article_publisher":"https:\/\/www.facebook.com\/maisonecodistribution","article_modified_time":"2025-08-11T14:44:06+00:00","og_image":[{"width":500,"height":500,"url":"https:\/\/maisonecodistribution.com\/eboutique\/wp-content\/uploads\/2020\/06\/huiledureperlopro-maisoneco.jpg","type":"image\/jpeg"}],"twitter_card":"summary_large_image","twitter_misc":{"Disponibilit\u00e9":"En stock"},"schema":{"@context":"https:\/\/schema.org","@graph":[{"@type":["WebPage","ItemPage"],"@id":"https:\/\/maisonecodistribution.com\/eboutique\/produit\/huile-dure-naturelle-perlo-pro-nature\/","url":"https:\/\/maisonecodistribution.com\/eboutique\/produit\/huile-dure-naturelle-perlo-pro-nature\/","name":"HUILE DURE NATURELLE PERLO PRO - Nature | Protection \u00e9cologique du bois | Maison \u00c9co Distribution","isPartOf":{"@id":"https:\/\/maisonecodistribution.com\/eboutique\/#website"},"primaryImageOfPage":{"@id":"https:\/\/maisonecodistribution.com\/eboutique\/produit\/huile-dure-naturelle-perlo-pro-nature\/#primaryimage"},"image":{"@id":"https:\/\/maisonecodistribution.com\/eboutique\/produit\/huile-dure-naturelle-perlo-pro-nature\/#primaryimage"},"thumbnailUrl":"https:\/\/maisonecodistribution.com\/eboutique\/wp-content\/uploads\/2020\/06\/huiledureperlopro-maisoneco.jpg","datePublished":"2020-06-22T08:56:32+00:00","dateModified":"2025-08-11T14:44:06+00:00","description":"PERLO PRO Nature est une huile dure naturelle pour les bois d'int\u00e9rieur. Elle met en valeur le veinage du bois et donne un ton miel chaleureux.","breadcrumb":{"@id":"https:\/\/maisonecodistribution.com\/eboutique\/produit\/huile-dure-naturelle-perlo-pro-nature\/#breadcrumb"},"inLanguage":"fr-FR","potentialAction":[{"@type":"ReadAction","target":["https:\/\/maisonecodistribution.com\/eboutique\/produit\/huile-dure-naturelle-perlo-pro-nature\/"]}]},{"@type":"ImageObject","inLanguage":"fr-FR","@id":"https:\/\/maisonecodistribution.com\/eboutique\/produit\/huile-dure-naturelle-perlo-pro-nature\/#primaryimage","url":"https:\/\/maisonecodistribution.com\/eboutique\/wp-content\/uploads\/2020\/06\/huiledureperlopro-maisoneco.jpg","contentUrl":"https:\/\/maisonecodistribution.com\/eboutique\/wp-content\/uploads\/2020\/06\/huiledureperlopro-maisoneco.jpg","width":500,"height":500,"caption":"huile dure naturelle bois interieur plan de travail parquet"},{"@type":"BreadcrumbList","@id":"https:\/\/maisonecodistribution.com\/eboutique\/produit\/huile-dure-naturelle-perlo-pro-nature\/#breadcrumb","itemListElement":[{"@type":"ListItem","position":1,"name":"Home","item":"https:\/\/maisonecodistribution.com\/eboutique\/"},{"@type":"ListItem","position":2,"name":"CATALOGUE","item":"https:\/\/maisonecodistribution.com\/eboutique\/catalogue\/"},{"@type":"ListItem","position":3,"name":"HUILE DURE NATURELLE PERLO PRO &#8211; Nature"}]},{"@type":"WebSite","@id":"https:\/\/maisonecodistribution.com\/eboutique\/#website","url":"https:\/\/maisonecodistribution.com\/eboutique\/","name":"Maison \u00c9co Distribution","description":"Tout pour un habitat sain","publisher":{"@id":"https:\/\/maisonecodistribution.com\/eboutique\/#organization"},"potentialAction":[{"@type":"SearchAction","target":{"@type":"EntryPoint","urlTemplate":"https:\/\/maisonecodistribution.com\/eboutique\/?s={search_term_string}"},"query-input":{"@type":"PropertyValueSpecification","valueRequired":true,"valueName":"search_term_string"}}],"inLanguage":"fr-FR"},{"@type":"Organization","@id":"https:\/\/maisonecodistribution.com\/eboutique\/#organization","name":"Maison \u00c9co Distribution","url":"https:\/\/maisonecodistribution.com\/eboutique\/","logo":{"@type":"ImageObject","inLanguage":"fr-FR","@id":"https:\/\/maisonecodistribution.com\/eboutique\/#\/schema\/logo\/image\/","url":"https:\/\/maisonecodistribution.com\/eboutique\/wp-content\/uploads\/2024\/07\/logo-maison-eco-1.png","contentUrl":"https:\/\/maisonecodistribution.com\/eboutique\/wp-content\/uploads\/2024\/07\/logo-maison-eco-1.png","width":300,"height":321,"caption":"Maison \u00c9co Distribution"},"image":{"@id":"https:\/\/maisonecodistribution.com\/eboutique\/#\/schema\/logo\/image\/"},"sameAs":["https:\/\/www.facebook.com\/maisonecodistribution"]}]},"og_availability":"instock","product_availability":"instock","product_condition":"new"},"_links":{"self":[{"href":"https:\/\/maisonecodistribution.com\/eboutique\/wp-json\/wp\/v2\/product\/2042","targetHints":{"allow":["GET"]}}],"collection":[{"href":"https:\/\/maisonecodistribution.com\/eboutique\/wp-json\/wp\/v2\/product"}],"about":[{"href":"https:\/\/maisonecodistribution.com\/eboutique\/wp-json\/wp\/v2\/types\/product"}],"wp:featuredmedia":[{"embeddable":true,"href":"https:\/\/maisonecodistribution.com\/eboutique\/wp-json\/wp\/v2\/media\/2040"}],"wp:attachment":[{"href":"https:\/\/maisonecodistribution.com\/eboutique\/wp-json\/wp\/v2\/media?parent=2042"}],"wp:term":[{"taxonomy":"product_brand","embeddable":true,"href":"https:\/\/maisonecodistribution.com\/eboutique\/wp-json\/wp\/v2\/product_brand?post=2042"},{"taxonomy":"product_cat","embeddable":true,"href":"https:\/\/maisonecodistribution.com\/eboutique\/wp-json\/wp\/v2\/product_cat?post=2042"},{"taxonomy":"product_tag","embeddable":true,"href":"https:\/\/maisonecodistribution.com\/eboutique\/wp-json\/wp\/v2\/product_tag?post=2042"}],"curies":[{"name":"wp","href":"https:\/\/api.w.org\/{rel}","templated":true}]}}