{"id":1964,"date":"2020-06-17T17:25:17","date_gmt":"2020-06-17T15:25:17","guid":{"rendered":"https:\/\/maisonecodistribution.fr\/?post_type=product&#038;p=1964"},"modified":"2026-01-26T16:29:49","modified_gmt":"2026-01-26T15:29:49","slug":"bande-papier-renforcee-fermacell","status":"publish","type":"product","link":"https:\/\/maisonecodistribution.com\/eboutique\/produit\/bande-papier-renforcee-fermacell\/","title":{"rendered":"BANDE PAPIER RENFORC\u00c9E FERMACELL"},"content":{"rendered":"<div class=\"page\" title=\"Page 1\">\n<div class=\"section\">\n<div class=\"layoutArea\">\n<div class=\"column\">\n<div class=\"page\" title=\"Page 1\">\n<div class=\"section\">\n<div class=\"layoutArea\">\n<div class=\"column\">\n<div class=\"page\" title=\"Page 1\">\n<div class=\"section\">\n<div class=\"layoutArea\">\n<div class=\"column\">\n<p>La bande papier renforce\u0301e FERMACELL est une bande utilise\u0301e pour le traitement des joints entre plaques FERMACELL a\u0300 bords amincis ou pour un renforcement des angles. La bande papier renforce\u0301e a une re\u0301sistance a\u0300 la traction e\u0301leve\u0301e et s\u2019associe parfaitement a\u0300 l\u2019enduit pour joint FERMACELL.<\/p>\n<div class=\"col-sm-6\">\n<p>Application\u00a0: Poser la bande dans le lit de rebouchage lors du premier passage d&rsquo;enduit. Apr\u00e8s s\u00e9chage complet de l&rsquo;enduit, lisser le joint en appliquant une deuxi\u00e8me couche d&rsquo;enduit.<\/p>\n<\/div>\n<\/div>\n<\/div>\n<\/div>\n<\/div>\n<\/div>\n<\/div>\n<\/div>\n<\/div>\n<\/div>\n<\/div>\n<\/div>\n<\/div>\n<p><strong>Les + du produit :<\/strong><\/p>\n<div class=\"page\" title=\"Page 1\">\n<div class=\"section\">\n<div class=\"layoutArea\">\n<div class=\"column\">\n<ul>\n<li>r\u00e9sistance \u00e0 la traction \u00e9lev\u00e9e<\/li>\n<li>pli en son centre pour une application facile en angle<\/li>\n<li>compatible avec l\u2019enduit pour joint fermacell<\/li>\n<li>bande tr\u00e8s fine pour faciliter la mise en oeuvre du joint<\/li>\n<\/ul>\n<\/div>\n<\/div>\n<\/div>\n<\/div>\n<div class=\"page\" title=\"Page 1\">\n<div class=\"section\">\n<div class=\"layoutArea\">\n<div class=\"column\">\n<p>Conditionnement :\u00a0 Rouleau de 75 m &#8211; Largeur 53 mm<\/p>\n<\/div>\n<\/div>\n<\/div>\n<\/div>\n<div  class='tabcontainer av-w1a2s-421fcc50b6ad35202a86b6fd3e7b11b1 top_tab  avia-builder-el-0  avia-builder-el-no-sibling '>\n<section class='av_tab_section av_tab_section av-raeuc-3ca0ff038ff76ed26b9240b8bb3516e9'  itemscope=\"itemscope\" itemtype=\"https:\/\/schema.org\/CreativeWork\" ><div id='tab-id-1-tab' class='tab active_tab' role='tab' aria-selected=\"true\" tabindex=\"0\" data-fake-id='#tab-id-1' aria-controls='tab-id-1-content'  itemprop=\"headline\" ><span class='tab_icon avia-iconfont avia-font-entypo-fontello' data-av_icon='\ue84b' data-av_iconfont='entypo-fontello' ><\/span>Fiches Techniques<\/div><div id='tab-id-1-content' class='tab_content active_tab_content' role='tabpanel' aria-labelledby='tab-id-1-tab' aria-hidden=\"false\"><div class='tab_inner_content invers-color'  itemprop=\"text\" ><div  class='avia-button-wrap av-igylo-96e7187616708e1945a9bb7363f496fa-wrap avia-button-left  avia-builder-el-1  avia-builder-el-no-sibling '><a href='https:\/\/maisonecodistribution.com\/eboutique\/wp-content\/uploads\/2020\/06\/Fiche-Technique-de-papier-renforcee-FERMACELL.pdf'  class='avia-button av-igylo-96e7187616708e1945a9bb7363f496fa av-link-btn avia-icon_select-yes-left-icon avia-size-small avia-position-left av-icon-on-hover avia-color-theme-color'  target=\"_blank\"  rel=\"noopener noreferrer\"  aria-label=\"T\u00e9l\u00e9charger la fiche technique (PDF)\"><span class='avia_button_icon avia_button_icon_left avia-iconfont avia-font-entypo-fontello' data-av_icon='\ue82d' data-av_iconfont='entypo-fontello' ><\/span><span class='avia_iconbox_title' >T\u00e9l\u00e9charger la fiche technique (PDF)<\/span><\/a><\/div>\n<\/div><\/div><\/section>\n<section class='av_tab_section av_tab_section av-f3tho-673245044c8cd2155e38098f98d96955'  itemscope=\"itemscope\" itemtype=\"https:\/\/schema.org\/CreativeWork\" ><div id='tab-id-2-tab' class='tab' role='tab' aria-selected=\"false\" tabindex=\"0\" data-fake-id='#tab-id-2' aria-controls='tab-id-2-content'  itemprop=\"headline\" ><span class='tab_icon avia-iconfont avia-font-entypo-fontello' data-av_icon='\ue81f' data-av_iconfont='entypo-fontello' ><\/span>\u00c0 propos de la marque<\/div><div id='tab-id-2-content' class='tab_content' role='tabpanel' aria-labelledby='tab-id-2-tab' aria-hidden=\"true\"><div class='tab_inner_content invers-color'  itemprop=\"text\" ><p><img loading=\"lazy\" decoding=\"async\" class=\"alignleft wp-image-1924\" src=\"https:\/\/maisonecodistribution.fr\/wp-content\/uploads\/2020\/06\/logo-fermacell-700x700-square.jpg\" alt=\"\" width=\"86\" height=\"86\" srcset=\"https:\/\/maisonecodistribution.com\/eboutique\/wp-content\/uploads\/2020\/06\/logo-fermacell-700x700-square.jpg 700w, https:\/\/maisonecodistribution.com\/eboutique\/wp-content\/uploads\/2020\/06\/logo-fermacell-700x700-square-300x300.jpg 300w, https:\/\/maisonecodistribution.com\/eboutique\/wp-content\/uploads\/2020\/06\/logo-fermacell-700x700-square-80x80.jpg 80w, https:\/\/maisonecodistribution.com\/eboutique\/wp-content\/uploads\/2020\/06\/logo-fermacell-700x700-square-36x36.jpg 36w, https:\/\/maisonecodistribution.com\/eboutique\/wp-content\/uploads\/2020\/06\/logo-fermacell-700x700-square-180x180.jpg 180w, https:\/\/maisonecodistribution.com\/eboutique\/wp-content\/uploads\/2020\/06\/logo-fermacell-700x700-square-100x100.jpg 100w, https:\/\/maisonecodistribution.com\/eboutique\/wp-content\/uploads\/2020\/06\/logo-fermacell-700x700-square-600x600.jpg 600w\" sizes=\"auto, (max-width: 86px) 100vw, 86px\" \/>Le premier panneau de fibres-gypse est sorti de la cha\u00eene de production de l&rsquo;usine <a href=\"https:\/\/www.fermacell.fr\/fr\" target=\"_blank\" rel=\"noopener noreferrer\">fermacell<\/a><sup>\u00ae<\/sup> \u00e0 M\u00fcnchehof pr\u00e8s de Goslar au d\u00e9but des ann\u00e9es 70. C\u2019est le d\u00e9but du succ\u00e8s de la marque fermacell<sup>\u00ae<\/sup>. Les innovations pionni\u00e8res ont fait de fermacell<sup>\u00ae<\/sup> l&rsquo;une des marques de mat\u00e9riaux de construction les plus connues de l&rsquo;industrie et le leader du march\u00e9 europ\u00e9en des panneaux de fibres-gypse et de ciment de haute qualit\u00e9.<\/p>\n<\/div><\/div><\/section>\n<section class='av_tab_section av_tab_section av-a4nn8-51255d398f2397d9e0b34ca3e4c5aa18'  itemscope=\"itemscope\" itemtype=\"https:\/\/schema.org\/CreativeWork\" ><div id='tab-id-3-tab' class='tab' role='tab' aria-selected=\"false\" tabindex=\"0\" data-fake-id='#tab-id-3' aria-controls='tab-id-3-content'  itemprop=\"headline\" ><span class='tab_icon avia-iconfont avia-font-entypo-fontello' data-av_icon='\ue817' data-av_iconfont='entypo-fontello' ><\/span>Plus d\u2019informations <\/div><div id='tab-id-3-content' class='tab_content' role='tabpanel' aria-labelledby='tab-id-3-tab' aria-hidden=\"true\"><div class='tab_inner_content invers-color'  itemprop=\"text\" ><table>\n<tbody>\n<tr>\n<td width=\"255\"><strong>PRODUIT<\/strong><\/td>\n<td style=\"text-align: center;\" width=\"181\"><strong>Largeur<\/strong><\/td>\n<td style=\"text-align: center;\" width=\"181\"><strong>Prix HT\/unit\u00e9<\/strong><\/td>\n<td style=\"text-align: center;\" width=\"181\"><strong>Prix TTC\/unit\u00e9<\/strong><\/td>\n<\/tr>\n<tr>\n<td width=\"255\">BANDE PAPIER RENFORC\u00c9E FERMACELL &#8211; 75 m<\/td>\n<td style=\"text-align: center;\" width=\"181\">53 mm<\/td>\n<td style=\"text-align: center;\" width=\"181\">8,52 \u20ac<\/td>\n<td style=\"text-align: center;\" width=\"181\">10,22 \u20ac<\/td>\n<\/tr>\n<\/tbody>\n<\/table>\n<\/div><\/div><\/section>\n<\/div>\n","protected":false},"excerpt":{"rendered":"<div class=\"page\" title=\"Page 1\">\n<div class=\"section\">\n<div class=\"layoutArea\">\n<div class=\"column\">\n<div class=\"page\" title=\"Page 1\">\n<div class=\"section\">\n<div class=\"layoutArea\">\n<div class=\"column\">\n<div class=\"page\" title=\"Page 1\">\n<div class=\"section\">\n<div class=\"layoutArea\">\n<div class=\"column\"><strong>Bande papier renforc\u00e9e <\/strong>fermacell pour le traitement des <strong>plaques fermacell fibres-gypse<\/strong>.<\/div>\n<\/div>\n<\/div>\n<\/div>\n<p>&nbsp;<\/p>\n<\/div>\n<\/div>\n<\/div>\n<\/div>\n<\/div>\n<\/div>\n<\/div>\n<\/div>\n<p>&nbsp;<\/p>\n","protected":false},"featured_media":1966,"template":"","meta":[],"product_brand":[],"product_cat":[2580,1654,33],"product_tag":[],"class_list":{"0":"post-1964","1":"product","2":"type-product","3":"status-publish","4":"has-post-thumbnail","6":"product_cat-fermacell","7":"product_cat-grosoeuvre-bois","8":"product_cat-contreventement-chapes-cloisons","10":"first","11":"instock","12":"taxable","13":"shipping-taxable","14":"purchasable","15":"product-type-simple"},"yoast_head":"<!-- This site is optimized with the Yoast SEO plugin v25.1 - https:\/\/yoast.com\/wordpress\/plugins\/seo\/ -->\n<title>BANDE PAPIER RENFORC\u00c9E FERMACELL | Construction \u00e9cologique | Maison \u00c9co Distribution<\/title>\n<meta name=\"description\" content=\"Bande papier renforc\u00e9e fermacell pour le traitement des plaques fermacell fibres-gypse.\" \/>\n<meta name=\"robots\" content=\"index, follow, max-snippet:-1, max-image-preview:large, max-video-preview:-1\" \/>\n<link rel=\"canonical\" href=\"https:\/\/maisonecodistribution.com\/eboutique\/produit\/bande-papier-renforcee-fermacell\/\" \/>\n<meta property=\"og:locale\" content=\"fr_FR\" \/>\n<meta property=\"og:type\" content=\"article\" \/>\n<meta property=\"og:title\" content=\"BANDE PAPIER RENFORC\u00c9E FERMACELL | Construction \u00e9cologique | Maison \u00c9co Distribution\" \/>\n<meta property=\"og:description\" content=\"Bande papier renforc\u00e9e fermacell pour le traitement des plaques fermacell fibres-gypse.\" \/>\n<meta property=\"og:url\" content=\"https:\/\/maisonecodistribution.com\/eboutique\/produit\/bande-papier-renforcee-fermacell\/\" \/>\n<meta property=\"og:site_name\" content=\"Maison \u00c9co Distribution\" \/>\n<meta property=\"article:publisher\" content=\"https:\/\/www.facebook.com\/maisonecodistribution\" \/>\n<meta property=\"article:modified_time\" content=\"2026-01-26T15:29:49+00:00\" \/>\n<meta property=\"og:image\" content=\"https:\/\/maisonecodistribution.com\/eboutique\/wp-content\/uploads\/2020\/06\/bandepapierrenforceefermacell-maisoneco.jpg\" \/>\n\t<meta property=\"og:image:width\" content=\"500\" \/>\n\t<meta property=\"og:image:height\" content=\"500\" \/>\n\t<meta property=\"og:image:type\" content=\"image\/jpeg\" \/>\n<meta name=\"twitter:card\" content=\"summary_large_image\" \/>\n<meta name=\"twitter:label1\" content=\"Prix\" \/>\n\t<meta name=\"twitter:data1\" content=\"10,22&nbsp;&euro; TTC\" \/>\n\t<meta name=\"twitter:label2\" content=\"Disponibilit\u00e9\" \/>\n\t<meta name=\"twitter:data2\" content=\"En stock\" \/>\n<script type=\"application\/ld+json\" class=\"yoast-schema-graph\">{\"@context\":\"https:\/\/schema.org\",\"@graph\":[{\"@type\":[\"WebPage\",\"ItemPage\"],\"@id\":\"https:\/\/maisonecodistribution.com\/eboutique\/produit\/bande-papier-renforcee-fermacell\/\",\"url\":\"https:\/\/maisonecodistribution.com\/eboutique\/produit\/bande-papier-renforcee-fermacell\/\",\"name\":\"BANDE PAPIER RENFORC\u00c9E FERMACELL | Construction \u00e9cologique | Maison \u00c9co Distribution\",\"isPartOf\":{\"@id\":\"https:\/\/maisonecodistribution.com\/eboutique\/#website\"},\"primaryImageOfPage\":{\"@id\":\"https:\/\/maisonecodistribution.com\/eboutique\/produit\/bande-papier-renforcee-fermacell\/#primaryimage\"},\"image\":{\"@id\":\"https:\/\/maisonecodistribution.com\/eboutique\/produit\/bande-papier-renforcee-fermacell\/#primaryimage\"},\"thumbnailUrl\":\"https:\/\/maisonecodistribution.com\/eboutique\/wp-content\/uploads\/2020\/06\/bandepapierrenforceefermacell-maisoneco.jpg\",\"datePublished\":\"2020-06-17T15:25:17+00:00\",\"dateModified\":\"2026-01-26T15:29:49+00:00\",\"description\":\"Bande papier renforc\u00e9e fermacell pour le traitement des plaques fermacell fibres-gypse.\",\"breadcrumb\":{\"@id\":\"https:\/\/maisonecodistribution.com\/eboutique\/produit\/bande-papier-renforcee-fermacell\/#breadcrumb\"},\"inLanguage\":\"fr-FR\",\"potentialAction\":[{\"@type\":\"ReadAction\",\"target\":[\"https:\/\/maisonecodistribution.com\/eboutique\/produit\/bande-papier-renforcee-fermacell\/\"]}]},{\"@type\":\"ImageObject\",\"inLanguage\":\"fr-FR\",\"@id\":\"https:\/\/maisonecodistribution.com\/eboutique\/produit\/bande-papier-renforcee-fermacell\/#primaryimage\",\"url\":\"https:\/\/maisonecodistribution.com\/eboutique\/wp-content\/uploads\/2020\/06\/bandepapierrenforceefermacell-maisoneco.jpg\",\"contentUrl\":\"https:\/\/maisonecodistribution.com\/eboutique\/wp-content\/uploads\/2020\/06\/bandepapierrenforceefermacell-maisoneco.jpg\",\"width\":500,\"height\":500,\"caption\":\"bande papier renforc\u00e9e Fermacell\"},{\"@type\":\"BreadcrumbList\",\"@id\":\"https:\/\/maisonecodistribution.com\/eboutique\/produit\/bande-papier-renforcee-fermacell\/#breadcrumb\",\"itemListElement\":[{\"@type\":\"ListItem\",\"position\":1,\"name\":\"Home\",\"item\":\"https:\/\/maisonecodistribution.com\/eboutique\/\"},{\"@type\":\"ListItem\",\"position\":2,\"name\":\"CATALOGUE\",\"item\":\"https:\/\/maisonecodistribution.com\/eboutique\/catalogue\/\"},{\"@type\":\"ListItem\",\"position\":3,\"name\":\"BANDE PAPIER RENFORC\u00c9E FERMACELL\"}]},{\"@type\":\"WebSite\",\"@id\":\"https:\/\/maisonecodistribution.com\/eboutique\/#website\",\"url\":\"https:\/\/maisonecodistribution.com\/eboutique\/\",\"name\":\"Maison \u00c9co Distribution\",\"description\":\"Tout pour un habitat sain\",\"publisher\":{\"@id\":\"https:\/\/maisonecodistribution.com\/eboutique\/#organization\"},\"potentialAction\":[{\"@type\":\"SearchAction\",\"target\":{\"@type\":\"EntryPoint\",\"urlTemplate\":\"https:\/\/maisonecodistribution.com\/eboutique\/?s={search_term_string}\"},\"query-input\":{\"@type\":\"PropertyValueSpecification\",\"valueRequired\":true,\"valueName\":\"search_term_string\"}}],\"inLanguage\":\"fr-FR\"},{\"@type\":\"Organization\",\"@id\":\"https:\/\/maisonecodistribution.com\/eboutique\/#organization\",\"name\":\"Maison \u00c9co Distribution\",\"url\":\"https:\/\/maisonecodistribution.com\/eboutique\/\",\"logo\":{\"@type\":\"ImageObject\",\"inLanguage\":\"fr-FR\",\"@id\":\"https:\/\/maisonecodistribution.com\/eboutique\/#\/schema\/logo\/image\/\",\"url\":\"https:\/\/maisonecodistribution.com\/eboutique\/wp-content\/uploads\/2024\/07\/logo-maison-eco-1.png\",\"contentUrl\":\"https:\/\/maisonecodistribution.com\/eboutique\/wp-content\/uploads\/2024\/07\/logo-maison-eco-1.png\",\"width\":300,\"height\":321,\"caption\":\"Maison \u00c9co Distribution\"},\"image\":{\"@id\":\"https:\/\/maisonecodistribution.com\/eboutique\/#\/schema\/logo\/image\/\"},\"sameAs\":[\"https:\/\/www.facebook.com\/maisonecodistribution\"]}]}<\/script>\n<meta property=\"product:price:amount\" content=\"10.22\" \/>\n<meta property=\"product:price:currency\" content=\"EUR\" \/>\n<meta property=\"og:availability\" content=\"instock\" \/>\n<meta property=\"product:availability\" content=\"instock\" \/>\n<meta property=\"product:condition\" content=\"new\" \/>\n<!-- \/ Yoast SEO plugin. -->","yoast_head_json":{"title":"BANDE PAPIER RENFORC\u00c9E FERMACELL | Construction \u00e9cologique | Maison \u00c9co Distribution","description":"Bande papier renforc\u00e9e fermacell pour le traitement des plaques fermacell fibres-gypse.","robots":{"index":"index","follow":"follow","max-snippet":"max-snippet:-1","max-image-preview":"max-image-preview:large","max-video-preview":"max-video-preview:-1"},"canonical":"https:\/\/maisonecodistribution.com\/eboutique\/produit\/bande-papier-renforcee-fermacell\/","og_locale":"fr_FR","og_type":"article","og_title":"BANDE PAPIER RENFORC\u00c9E FERMACELL | Construction \u00e9cologique | Maison \u00c9co Distribution","og_description":"Bande papier renforc\u00e9e fermacell pour le traitement des plaques fermacell fibres-gypse.","og_url":"https:\/\/maisonecodistribution.com\/eboutique\/produit\/bande-papier-renforcee-fermacell\/","og_site_name":"Maison \u00c9co Distribution","article_publisher":"https:\/\/www.facebook.com\/maisonecodistribution","article_modified_time":"2026-01-26T15:29:49+00:00","og_image":[{"width":500,"height":500,"url":"https:\/\/maisonecodistribution.com\/eboutique\/wp-content\/uploads\/2020\/06\/bandepapierrenforceefermacell-maisoneco.jpg","type":"image\/jpeg"}],"twitter_card":"summary_large_image","twitter_misc":{"Prix":"10,22&nbsp;&euro; TTC","Disponibilit\u00e9":"En stock"},"schema":{"@context":"https:\/\/schema.org","@graph":[{"@type":["WebPage","ItemPage"],"@id":"https:\/\/maisonecodistribution.com\/eboutique\/produit\/bande-papier-renforcee-fermacell\/","url":"https:\/\/maisonecodistribution.com\/eboutique\/produit\/bande-papier-renforcee-fermacell\/","name":"BANDE PAPIER RENFORC\u00c9E FERMACELL | Construction \u00e9cologique | Maison \u00c9co Distribution","isPartOf":{"@id":"https:\/\/maisonecodistribution.com\/eboutique\/#website"},"primaryImageOfPage":{"@id":"https:\/\/maisonecodistribution.com\/eboutique\/produit\/bande-papier-renforcee-fermacell\/#primaryimage"},"image":{"@id":"https:\/\/maisonecodistribution.com\/eboutique\/produit\/bande-papier-renforcee-fermacell\/#primaryimage"},"thumbnailUrl":"https:\/\/maisonecodistribution.com\/eboutique\/wp-content\/uploads\/2020\/06\/bandepapierrenforceefermacell-maisoneco.jpg","datePublished":"2020-06-17T15:25:17+00:00","dateModified":"2026-01-26T15:29:49+00:00","description":"Bande papier renforc\u00e9e fermacell pour le traitement des plaques fermacell fibres-gypse.","breadcrumb":{"@id":"https:\/\/maisonecodistribution.com\/eboutique\/produit\/bande-papier-renforcee-fermacell\/#breadcrumb"},"inLanguage":"fr-FR","potentialAction":[{"@type":"ReadAction","target":["https:\/\/maisonecodistribution.com\/eboutique\/produit\/bande-papier-renforcee-fermacell\/"]}]},{"@type":"ImageObject","inLanguage":"fr-FR","@id":"https:\/\/maisonecodistribution.com\/eboutique\/produit\/bande-papier-renforcee-fermacell\/#primaryimage","url":"https:\/\/maisonecodistribution.com\/eboutique\/wp-content\/uploads\/2020\/06\/bandepapierrenforceefermacell-maisoneco.jpg","contentUrl":"https:\/\/maisonecodistribution.com\/eboutique\/wp-content\/uploads\/2020\/06\/bandepapierrenforceefermacell-maisoneco.jpg","width":500,"height":500,"caption":"bande papier renforc\u00e9e Fermacell"},{"@type":"BreadcrumbList","@id":"https:\/\/maisonecodistribution.com\/eboutique\/produit\/bande-papier-renforcee-fermacell\/#breadcrumb","itemListElement":[{"@type":"ListItem","position":1,"name":"Home","item":"https:\/\/maisonecodistribution.com\/eboutique\/"},{"@type":"ListItem","position":2,"name":"CATALOGUE","item":"https:\/\/maisonecodistribution.com\/eboutique\/catalogue\/"},{"@type":"ListItem","position":3,"name":"BANDE PAPIER RENFORC\u00c9E FERMACELL"}]},{"@type":"WebSite","@id":"https:\/\/maisonecodistribution.com\/eboutique\/#website","url":"https:\/\/maisonecodistribution.com\/eboutique\/","name":"Maison \u00c9co Distribution","description":"Tout pour un habitat sain","publisher":{"@id":"https:\/\/maisonecodistribution.com\/eboutique\/#organization"},"potentialAction":[{"@type":"SearchAction","target":{"@type":"EntryPoint","urlTemplate":"https:\/\/maisonecodistribution.com\/eboutique\/?s={search_term_string}"},"query-input":{"@type":"PropertyValueSpecification","valueRequired":true,"valueName":"search_term_string"}}],"inLanguage":"fr-FR"},{"@type":"Organization","@id":"https:\/\/maisonecodistribution.com\/eboutique\/#organization","name":"Maison \u00c9co Distribution","url":"https:\/\/maisonecodistribution.com\/eboutique\/","logo":{"@type":"ImageObject","inLanguage":"fr-FR","@id":"https:\/\/maisonecodistribution.com\/eboutique\/#\/schema\/logo\/image\/","url":"https:\/\/maisonecodistribution.com\/eboutique\/wp-content\/uploads\/2024\/07\/logo-maison-eco-1.png","contentUrl":"https:\/\/maisonecodistribution.com\/eboutique\/wp-content\/uploads\/2024\/07\/logo-maison-eco-1.png","width":300,"height":321,"caption":"Maison \u00c9co Distribution"},"image":{"@id":"https:\/\/maisonecodistribution.com\/eboutique\/#\/schema\/logo\/image\/"},"sameAs":["https:\/\/www.facebook.com\/maisonecodistribution"]}]},"product_price_amount":"10.22","product_price_currency":"EUR","og_availability":"instock","product_availability":"instock","product_condition":"new"},"_links":{"self":[{"href":"https:\/\/maisonecodistribution.com\/eboutique\/wp-json\/wp\/v2\/product\/1964","targetHints":{"allow":["GET"]}}],"collection":[{"href":"https:\/\/maisonecodistribution.com\/eboutique\/wp-json\/wp\/v2\/product"}],"about":[{"href":"https:\/\/maisonecodistribution.com\/eboutique\/wp-json\/wp\/v2\/types\/product"}],"wp:featuredmedia":[{"embeddable":true,"href":"https:\/\/maisonecodistribution.com\/eboutique\/wp-json\/wp\/v2\/media\/1966"}],"wp:attachment":[{"href":"https:\/\/maisonecodistribution.com\/eboutique\/wp-json\/wp\/v2\/media?parent=1964"}],"wp:term":[{"taxonomy":"product_brand","embeddable":true,"href":"https:\/\/maisonecodistribution.com\/eboutique\/wp-json\/wp\/v2\/product_brand?post=1964"},{"taxonomy":"product_cat","embeddable":true,"href":"https:\/\/maisonecodistribution.com\/eboutique\/wp-json\/wp\/v2\/product_cat?post=1964"},{"taxonomy":"product_tag","embeddable":true,"href":"https:\/\/maisonecodistribution.com\/eboutique\/wp-json\/wp\/v2\/product_tag?post=1964"}],"curies":[{"name":"wp","href":"https:\/\/api.w.org\/{rel}","templated":true}]}}