{"id":1952,"date":"2020-06-17T16:26:36","date_gmt":"2020-06-17T14:26:36","guid":{"rendered":"https:\/\/maisonecodistribution.fr\/?post_type=product&#038;p=1952"},"modified":"2026-01-26T16:33:20","modified_gmt":"2026-01-26T15:33:20","slug":"colle-a-joint-fermacell-greenline","status":"publish","type":"product","link":"https:\/\/maisonecodistribution.com\/eboutique\/produit\/colle-a-joint-fermacell-greenline\/","title":{"rendered":"COLLE \u00c0 JOINT FERMACELL GREENLINE"},"content":{"rendered":"<div class=\"page\" title=\"Page 1\">\n<div class=\"section\">\n<div class=\"layoutArea\">\n<div class=\"column\">\n<p>Pour le traitement des joints entre plaques fibres- gypse FERMACELL mises en \u0153uvre en <strong>cloison, doublage (contre-cloison) et plafond<\/strong>. Cette colle ne convient pas a\u0300 la re\u0301alisation de cloisons et de plafonds en pre\u0301fabrication en atelier, ainsi qu\u2019a\u0300 une application en remplissage des joints entre plaques de\u0301ja\u0300 mises en \u0153uvre.<\/p>\n<\/div>\n<\/div>\n<\/div>\n<\/div>\n<p><strong>Les + du produit :<\/strong><\/p>\n<ul>\n<li>test\u00e9e et valid\u00e9e par l&rsquo;Eco Institut de Cologne<\/li>\n<li>embout applicateur sp\u00e9cifique<\/li>\n<li>haute r\u00e9sistance m\u00e9canique du joint<\/li>\n<li>facilit\u00e9 de nettoyage des outils et du mat\u00e9riel employ\u00e9<\/li>\n<\/ul>\n<div class=\"page\" title=\"Page 1\">\n<div class=\"section\">\n<div class=\"layoutArea\">\n<div class=\"column\">\n<p>Consommation : 1 cartouche = 15 m\u00b2<\/p>\n<p>Conditionnement :\u00a0 Cartouche de 310 mL<\/p>\n<\/div>\n<\/div>\n<\/div>\n<\/div>\n<div  class='tabcontainer av-w1a2s-421fcc50b6ad35202a86b6fd3e7b11b1 top_tab  avia-builder-el-0  avia-builder-el-no-sibling '>\n<section class='av_tab_section av_tab_section av-raeuc-3ca0ff038ff76ed26b9240b8bb3516e9'  itemscope=\"itemscope\" itemtype=\"https:\/\/schema.org\/CreativeWork\" ><div id='tab-id-1-tab' class='tab active_tab' role='tab' aria-selected=\"true\" tabindex=\"0\" data-fake-id='#tab-id-1' aria-controls='tab-id-1-content'  itemprop=\"headline\" ><span class='tab_icon avia-iconfont avia-font-entypo-fontello' data-av_icon='\ue84b' data-av_iconfont='entypo-fontello' ><\/span>Fiches Techniques<\/div><div id='tab-id-1-content' class='tab_content active_tab_content' role='tabpanel' aria-labelledby='tab-id-1-tab' aria-hidden=\"false\"><div class='tab_inner_content invers-color'  itemprop=\"text\" ><div  class='avia-button-wrap av-igylo-ccf73170a8792bf0287629850a13df65-wrap avia-button-left  avia-builder-el-1  avia-builder-el-no-sibling '><a href='https:\/\/maisonecodistribution.com\/eboutique\/wp-content\/uploads\/2020\/06\/Fichetechniquecollepourjointgreenlineaout20091.pdf'  class='avia-button av-igylo-ccf73170a8792bf0287629850a13df65 av-link-btn avia-icon_select-yes-left-icon avia-size-small avia-position-left av-icon-on-hover avia-color-theme-color'  target=\"_blank\"  rel=\"noopener noreferrer\"  aria-label=\"T\u00e9l\u00e9charger la fiche technique (PDF)\"><span class='avia_button_icon avia_button_icon_left avia-iconfont avia-font-entypo-fontello' data-av_icon='\ue82d' data-av_iconfont='entypo-fontello' ><\/span><span class='avia_iconbox_title' >T\u00e9l\u00e9charger la fiche technique (PDF)<\/span><\/a><\/div>\n<\/div><\/div><\/section>\n<section class='av_tab_section av_tab_section av-f3tho-673245044c8cd2155e38098f98d96955'  itemscope=\"itemscope\" itemtype=\"https:\/\/schema.org\/CreativeWork\" ><div id='tab-id-2-tab' class='tab' role='tab' aria-selected=\"false\" tabindex=\"0\" data-fake-id='#tab-id-2' aria-controls='tab-id-2-content'  itemprop=\"headline\" ><span class='tab_icon avia-iconfont avia-font-entypo-fontello' data-av_icon='\ue81f' data-av_iconfont='entypo-fontello' ><\/span>\u00c0 propos de la marque<\/div><div id='tab-id-2-content' class='tab_content' role='tabpanel' aria-labelledby='tab-id-2-tab' aria-hidden=\"true\"><div class='tab_inner_content invers-color'  itemprop=\"text\" ><p><img loading=\"lazy\" decoding=\"async\" class=\"alignleft wp-image-1924\" src=\"https:\/\/maisonecodistribution.fr\/wp-content\/uploads\/2020\/06\/logo-fermacell-700x700-square.jpg\" alt=\"\" width=\"86\" height=\"86\" srcset=\"https:\/\/maisonecodistribution.com\/eboutique\/wp-content\/uploads\/2020\/06\/logo-fermacell-700x700-square.jpg 700w, https:\/\/maisonecodistribution.com\/eboutique\/wp-content\/uploads\/2020\/06\/logo-fermacell-700x700-square-300x300.jpg 300w, https:\/\/maisonecodistribution.com\/eboutique\/wp-content\/uploads\/2020\/06\/logo-fermacell-700x700-square-80x80.jpg 80w, https:\/\/maisonecodistribution.com\/eboutique\/wp-content\/uploads\/2020\/06\/logo-fermacell-700x700-square-36x36.jpg 36w, https:\/\/maisonecodistribution.com\/eboutique\/wp-content\/uploads\/2020\/06\/logo-fermacell-700x700-square-180x180.jpg 180w, https:\/\/maisonecodistribution.com\/eboutique\/wp-content\/uploads\/2020\/06\/logo-fermacell-700x700-square-100x100.jpg 100w, https:\/\/maisonecodistribution.com\/eboutique\/wp-content\/uploads\/2020\/06\/logo-fermacell-700x700-square-600x600.jpg 600w\" sizes=\"auto, (max-width: 86px) 100vw, 86px\" \/>Le premier panneau de fibres-gypse est sorti de la cha\u00eene de production de l&rsquo;usine <a href=\"https:\/\/www.fermacell.fr\/fr\" target=\"_blank\" rel=\"noopener noreferrer\">fermacell<\/a><sup>\u00ae<\/sup> \u00e0 M\u00fcnchehof pr\u00e8s de Goslar au d\u00e9but des ann\u00e9es 70. C\u2019est le d\u00e9but du succ\u00e8s de la marque fermacell<sup>\u00ae<\/sup>. Les innovations pionni\u00e8res ont fait de fermacell<sup>\u00ae<\/sup> l&rsquo;une des marques de mat\u00e9riaux de construction les plus connues de l&rsquo;industrie et le leader du march\u00e9 europ\u00e9en des panneaux de fibres-gypse et de ciment de haute qualit\u00e9.<\/p>\n<\/div><\/div><\/section>\n<section class='av_tab_section av_tab_section av-a4nn8-51255d398f2397d9e0b34ca3e4c5aa18'  itemscope=\"itemscope\" itemtype=\"https:\/\/schema.org\/CreativeWork\" ><div id='tab-id-3-tab' class='tab' role='tab' aria-selected=\"false\" tabindex=\"0\" data-fake-id='#tab-id-3' aria-controls='tab-id-3-content'  itemprop=\"headline\" ><span class='tab_icon avia-iconfont avia-font-entypo-fontello' data-av_icon='\ue817' data-av_iconfont='entypo-fontello' ><\/span>Plus d\u2019informations <\/div><div id='tab-id-3-content' class='tab_content' role='tabpanel' aria-labelledby='tab-id-3-tab' aria-hidden=\"true\"><div class='tab_inner_content invers-color'  itemprop=\"text\" ><table>\n<tbody>\n<tr>\n<td width=\"255\"><strong>PRODUIT<\/strong><\/td>\n<td style=\"text-align: center;\" width=\"181\"><strong>Contenance<\/strong><\/td>\n<td style=\"text-align: center;\" width=\"181\"><strong>Prix HT\/unit\u00e9<\/strong><\/td>\n<td style=\"text-align: center;\" width=\"181\"><strong>Prix TTC\/unit\u00e9<\/strong><\/td>\n<\/tr>\n<tr>\n<td width=\"255\">COLLE \u00c0 JOINTS FERMACELL GREENLINE<\/td>\n<td style=\"text-align: center;\" width=\"181\">310ml<\/td>\n<td style=\"text-align: center;\" width=\"181\">26,48 \u20ac<\/td>\n<td style=\"text-align: center;\" width=\"181\">31,78 \u20ac<\/td>\n<\/tr>\n<\/tbody>\n<\/table>\n<\/div><\/div><\/section>\n<\/div>\n","protected":false},"excerpt":{"rendered":"<div class=\"page\" title=\"Page 1\">\n<div class=\"section\">\n<div class=\"layoutArea\">\n<div class=\"column\">\n<div class=\"page\" title=\"Page 1\">\n<div class=\"section\">\n<div class=\"layoutArea\">\n<div class=\"column\">\n<div class=\"page\" title=\"Page 1\">\n<div class=\"section\">\n<div class=\"layoutArea\">\n<div class=\"column\">\n<p><strong>Colle \u00e0 joint FERMACELL greenline<\/strong> ne pr\u00e9sentant <strong>aucune nocivit\u00e9<\/strong>. Elle est utilis\u00e9e pour le traitement des joints entre <a href=\"https:\/\/maisonecodistribution.fr\/produit\/plaque-fermacell-125-mm-bords-droits\/\" target=\"_blank\" rel=\"noopener noreferrer\">plaques fibres-gypse fermacell \u00e0 bords droits<\/a> et <a href=\"https:\/\/maisonecodistribution.fr\/produit\/plaque-fermacell-h2o-125-mm\/\" target=\"_blank\" rel=\"noopener noreferrer\">plaques Powerpanel H2O \u00e0 bords droits<\/a>. Cette colle ne convient pas \u00e0 la r\u00e9alisation de cloisons et de plafonds en pr\u00e9fabrication en atelier.<\/p>\n<p>Cartouche de 310ml.<\/p>\n<\/div>\n<\/div>\n<\/div>\n<\/div>\n<p>&nbsp;<\/p>\n<\/div>\n<\/div>\n<\/div>\n<\/div>\n<\/div>\n<\/div>\n<\/div>\n<\/div>\n<p>&nbsp;<\/p>\n","protected":false},"featured_media":1954,"template":"","meta":[],"product_brand":[],"product_cat":[2580,1654,33],"product_tag":[],"class_list":{"0":"post-1952","1":"product","2":"type-product","3":"status-publish","4":"has-post-thumbnail","6":"product_cat-fermacell","7":"product_cat-grosoeuvre-bois","8":"product_cat-contreventement-chapes-cloisons","10":"first","11":"instock","12":"taxable","13":"shipping-taxable","14":"purchasable","15":"product-type-simple"},"yoast_head":"<!-- This site is optimized with the Yoast SEO plugin v25.1 - https:\/\/yoast.com\/wordpress\/plugins\/seo\/ -->\n<title>COLLE \u00c0 JOINT FERMACELL GREENLINE | Construction \u00e9cologique | Maison \u00c9co Distribution<\/title>\n<meta name=\"description\" content=\"Colle \u00e0 joint FERMACELL greenline ne pr\u00e9sentant aucune nocivit\u00e9 pour le traitement des joints entre plaques fermacell \u00e0 bords droits et Powerpanel H2O.\" \/>\n<meta name=\"robots\" content=\"index, follow, max-snippet:-1, max-image-preview:large, max-video-preview:-1\" \/>\n<link rel=\"canonical\" href=\"https:\/\/maisonecodistribution.com\/eboutique\/produit\/colle-a-joint-fermacell-greenline\/\" \/>\n<meta property=\"og:locale\" content=\"fr_FR\" \/>\n<meta property=\"og:type\" content=\"article\" \/>\n<meta property=\"og:title\" content=\"COLLE \u00c0 JOINT FERMACELL GREENLINE | Construction \u00e9cologique | Maison \u00c9co Distribution\" \/>\n<meta property=\"og:description\" content=\"Colle \u00e0 joint FERMACELL greenline ne pr\u00e9sentant aucune nocivit\u00e9 pour le traitement des joints entre plaques fermacell \u00e0 bords droits et Powerpanel H2O.\" \/>\n<meta property=\"og:url\" content=\"https:\/\/maisonecodistribution.com\/eboutique\/produit\/colle-a-joint-fermacell-greenline\/\" \/>\n<meta property=\"og:site_name\" content=\"Maison \u00c9co Distribution\" \/>\n<meta property=\"article:publisher\" content=\"https:\/\/www.facebook.com\/maisonecodistribution\" \/>\n<meta property=\"article:modified_time\" content=\"2026-01-26T15:33:20+00:00\" \/>\n<meta property=\"og:image\" content=\"https:\/\/maisonecodistribution.com\/eboutique\/wp-content\/uploads\/2020\/06\/colleajointgreenlinefermacell-maisoneco.jpg\" \/>\n\t<meta property=\"og:image:width\" content=\"500\" \/>\n\t<meta property=\"og:image:height\" content=\"500\" \/>\n\t<meta property=\"og:image:type\" content=\"image\/jpeg\" \/>\n<meta name=\"twitter:card\" content=\"summary_large_image\" \/>\n<meta name=\"twitter:label1\" content=\"Prix\" \/>\n\t<meta name=\"twitter:data1\" content=\"31,78&nbsp;&euro; TTC\" \/>\n\t<meta name=\"twitter:label2\" content=\"Disponibilit\u00e9\" \/>\n\t<meta name=\"twitter:data2\" content=\"En stock\" \/>\n<script type=\"application\/ld+json\" class=\"yoast-schema-graph\">{\"@context\":\"https:\/\/schema.org\",\"@graph\":[{\"@type\":[\"WebPage\",\"ItemPage\"],\"@id\":\"https:\/\/maisonecodistribution.com\/eboutique\/produit\/colle-a-joint-fermacell-greenline\/\",\"url\":\"https:\/\/maisonecodistribution.com\/eboutique\/produit\/colle-a-joint-fermacell-greenline\/\",\"name\":\"COLLE \u00c0 JOINT FERMACELL GREENLINE | Construction \u00e9cologique | Maison \u00c9co Distribution\",\"isPartOf\":{\"@id\":\"https:\/\/maisonecodistribution.com\/eboutique\/#website\"},\"primaryImageOfPage\":{\"@id\":\"https:\/\/maisonecodistribution.com\/eboutique\/produit\/colle-a-joint-fermacell-greenline\/#primaryimage\"},\"image\":{\"@id\":\"https:\/\/maisonecodistribution.com\/eboutique\/produit\/colle-a-joint-fermacell-greenline\/#primaryimage\"},\"thumbnailUrl\":\"https:\/\/maisonecodistribution.com\/eboutique\/wp-content\/uploads\/2020\/06\/colleajointgreenlinefermacell-maisoneco.jpg\",\"datePublished\":\"2020-06-17T14:26:36+00:00\",\"dateModified\":\"2026-01-26T15:33:20+00:00\",\"description\":\"Colle \u00e0 joint FERMACELL greenline ne pr\u00e9sentant aucune nocivit\u00e9 pour le traitement des joints entre plaques fermacell \u00e0 bords droits et Powerpanel H2O.\",\"breadcrumb\":{\"@id\":\"https:\/\/maisonecodistribution.com\/eboutique\/produit\/colle-a-joint-fermacell-greenline\/#breadcrumb\"},\"inLanguage\":\"fr-FR\",\"potentialAction\":[{\"@type\":\"ReadAction\",\"target\":[\"https:\/\/maisonecodistribution.com\/eboutique\/produit\/colle-a-joint-fermacell-greenline\/\"]}]},{\"@type\":\"ImageObject\",\"inLanguage\":\"fr-FR\",\"@id\":\"https:\/\/maisonecodistribution.com\/eboutique\/produit\/colle-a-joint-fermacell-greenline\/#primaryimage\",\"url\":\"https:\/\/maisonecodistribution.com\/eboutique\/wp-content\/uploads\/2020\/06\/colleajointgreenlinefermacell-maisoneco.jpg\",\"contentUrl\":\"https:\/\/maisonecodistribution.com\/eboutique\/wp-content\/uploads\/2020\/06\/colleajointgreenlinefermacell-maisoneco.jpg\",\"width\":500,\"height\":500,\"caption\":\"colle joints fermacell greenline cartouche 310ml\"},{\"@type\":\"BreadcrumbList\",\"@id\":\"https:\/\/maisonecodistribution.com\/eboutique\/produit\/colle-a-joint-fermacell-greenline\/#breadcrumb\",\"itemListElement\":[{\"@type\":\"ListItem\",\"position\":1,\"name\":\"Home\",\"item\":\"https:\/\/maisonecodistribution.com\/eboutique\/\"},{\"@type\":\"ListItem\",\"position\":2,\"name\":\"CATALOGUE\",\"item\":\"https:\/\/maisonecodistribution.com\/eboutique\/catalogue\/\"},{\"@type\":\"ListItem\",\"position\":3,\"name\":\"COLLE \u00c0 JOINT FERMACELL GREENLINE\"}]},{\"@type\":\"WebSite\",\"@id\":\"https:\/\/maisonecodistribution.com\/eboutique\/#website\",\"url\":\"https:\/\/maisonecodistribution.com\/eboutique\/\",\"name\":\"Maison \u00c9co Distribution\",\"description\":\"Tout pour un habitat sain\",\"publisher\":{\"@id\":\"https:\/\/maisonecodistribution.com\/eboutique\/#organization\"},\"potentialAction\":[{\"@type\":\"SearchAction\",\"target\":{\"@type\":\"EntryPoint\",\"urlTemplate\":\"https:\/\/maisonecodistribution.com\/eboutique\/?s={search_term_string}\"},\"query-input\":{\"@type\":\"PropertyValueSpecification\",\"valueRequired\":true,\"valueName\":\"search_term_string\"}}],\"inLanguage\":\"fr-FR\"},{\"@type\":\"Organization\",\"@id\":\"https:\/\/maisonecodistribution.com\/eboutique\/#organization\",\"name\":\"Maison \u00c9co Distribution\",\"url\":\"https:\/\/maisonecodistribution.com\/eboutique\/\",\"logo\":{\"@type\":\"ImageObject\",\"inLanguage\":\"fr-FR\",\"@id\":\"https:\/\/maisonecodistribution.com\/eboutique\/#\/schema\/logo\/image\/\",\"url\":\"https:\/\/maisonecodistribution.com\/eboutique\/wp-content\/uploads\/2024\/07\/logo-maison-eco-1.png\",\"contentUrl\":\"https:\/\/maisonecodistribution.com\/eboutique\/wp-content\/uploads\/2024\/07\/logo-maison-eco-1.png\",\"width\":300,\"height\":321,\"caption\":\"Maison \u00c9co Distribution\"},\"image\":{\"@id\":\"https:\/\/maisonecodistribution.com\/eboutique\/#\/schema\/logo\/image\/\"},\"sameAs\":[\"https:\/\/www.facebook.com\/maisonecodistribution\"]}]}<\/script>\n<meta property=\"product:price:amount\" content=\"31.78\" \/>\n<meta property=\"product:price:currency\" content=\"EUR\" \/>\n<meta property=\"og:availability\" content=\"instock\" \/>\n<meta property=\"product:availability\" content=\"instock\" \/>\n<meta property=\"product:condition\" content=\"new\" \/>\n<!-- \/ Yoast SEO plugin. -->","yoast_head_json":{"title":"COLLE \u00c0 JOINT FERMACELL GREENLINE | Construction \u00e9cologique | Maison \u00c9co Distribution","description":"Colle \u00e0 joint FERMACELL greenline ne pr\u00e9sentant aucune nocivit\u00e9 pour le traitement des joints entre plaques fermacell \u00e0 bords droits et Powerpanel H2O.","robots":{"index":"index","follow":"follow","max-snippet":"max-snippet:-1","max-image-preview":"max-image-preview:large","max-video-preview":"max-video-preview:-1"},"canonical":"https:\/\/maisonecodistribution.com\/eboutique\/produit\/colle-a-joint-fermacell-greenline\/","og_locale":"fr_FR","og_type":"article","og_title":"COLLE \u00c0 JOINT FERMACELL GREENLINE | Construction \u00e9cologique | Maison \u00c9co Distribution","og_description":"Colle \u00e0 joint FERMACELL greenline ne pr\u00e9sentant aucune nocivit\u00e9 pour le traitement des joints entre plaques fermacell \u00e0 bords droits et Powerpanel H2O.","og_url":"https:\/\/maisonecodistribution.com\/eboutique\/produit\/colle-a-joint-fermacell-greenline\/","og_site_name":"Maison \u00c9co Distribution","article_publisher":"https:\/\/www.facebook.com\/maisonecodistribution","article_modified_time":"2026-01-26T15:33:20+00:00","og_image":[{"width":500,"height":500,"url":"https:\/\/maisonecodistribution.com\/eboutique\/wp-content\/uploads\/2020\/06\/colleajointgreenlinefermacell-maisoneco.jpg","type":"image\/jpeg"}],"twitter_card":"summary_large_image","twitter_misc":{"Prix":"31,78&nbsp;&euro; TTC","Disponibilit\u00e9":"En stock"},"schema":{"@context":"https:\/\/schema.org","@graph":[{"@type":["WebPage","ItemPage"],"@id":"https:\/\/maisonecodistribution.com\/eboutique\/produit\/colle-a-joint-fermacell-greenline\/","url":"https:\/\/maisonecodistribution.com\/eboutique\/produit\/colle-a-joint-fermacell-greenline\/","name":"COLLE \u00c0 JOINT FERMACELL GREENLINE | Construction \u00e9cologique | Maison \u00c9co Distribution","isPartOf":{"@id":"https:\/\/maisonecodistribution.com\/eboutique\/#website"},"primaryImageOfPage":{"@id":"https:\/\/maisonecodistribution.com\/eboutique\/produit\/colle-a-joint-fermacell-greenline\/#primaryimage"},"image":{"@id":"https:\/\/maisonecodistribution.com\/eboutique\/produit\/colle-a-joint-fermacell-greenline\/#primaryimage"},"thumbnailUrl":"https:\/\/maisonecodistribution.com\/eboutique\/wp-content\/uploads\/2020\/06\/colleajointgreenlinefermacell-maisoneco.jpg","datePublished":"2020-06-17T14:26:36+00:00","dateModified":"2026-01-26T15:33:20+00:00","description":"Colle \u00e0 joint FERMACELL greenline ne pr\u00e9sentant aucune nocivit\u00e9 pour le traitement des joints entre plaques fermacell \u00e0 bords droits et Powerpanel H2O.","breadcrumb":{"@id":"https:\/\/maisonecodistribution.com\/eboutique\/produit\/colle-a-joint-fermacell-greenline\/#breadcrumb"},"inLanguage":"fr-FR","potentialAction":[{"@type":"ReadAction","target":["https:\/\/maisonecodistribution.com\/eboutique\/produit\/colle-a-joint-fermacell-greenline\/"]}]},{"@type":"ImageObject","inLanguage":"fr-FR","@id":"https:\/\/maisonecodistribution.com\/eboutique\/produit\/colle-a-joint-fermacell-greenline\/#primaryimage","url":"https:\/\/maisonecodistribution.com\/eboutique\/wp-content\/uploads\/2020\/06\/colleajointgreenlinefermacell-maisoneco.jpg","contentUrl":"https:\/\/maisonecodistribution.com\/eboutique\/wp-content\/uploads\/2020\/06\/colleajointgreenlinefermacell-maisoneco.jpg","width":500,"height":500,"caption":"colle joints fermacell greenline cartouche 310ml"},{"@type":"BreadcrumbList","@id":"https:\/\/maisonecodistribution.com\/eboutique\/produit\/colle-a-joint-fermacell-greenline\/#breadcrumb","itemListElement":[{"@type":"ListItem","position":1,"name":"Home","item":"https:\/\/maisonecodistribution.com\/eboutique\/"},{"@type":"ListItem","position":2,"name":"CATALOGUE","item":"https:\/\/maisonecodistribution.com\/eboutique\/catalogue\/"},{"@type":"ListItem","position":3,"name":"COLLE \u00c0 JOINT FERMACELL GREENLINE"}]},{"@type":"WebSite","@id":"https:\/\/maisonecodistribution.com\/eboutique\/#website","url":"https:\/\/maisonecodistribution.com\/eboutique\/","name":"Maison \u00c9co Distribution","description":"Tout pour un habitat sain","publisher":{"@id":"https:\/\/maisonecodistribution.com\/eboutique\/#organization"},"potentialAction":[{"@type":"SearchAction","target":{"@type":"EntryPoint","urlTemplate":"https:\/\/maisonecodistribution.com\/eboutique\/?s={search_term_string}"},"query-input":{"@type":"PropertyValueSpecification","valueRequired":true,"valueName":"search_term_string"}}],"inLanguage":"fr-FR"},{"@type":"Organization","@id":"https:\/\/maisonecodistribution.com\/eboutique\/#organization","name":"Maison \u00c9co Distribution","url":"https:\/\/maisonecodistribution.com\/eboutique\/","logo":{"@type":"ImageObject","inLanguage":"fr-FR","@id":"https:\/\/maisonecodistribution.com\/eboutique\/#\/schema\/logo\/image\/","url":"https:\/\/maisonecodistribution.com\/eboutique\/wp-content\/uploads\/2024\/07\/logo-maison-eco-1.png","contentUrl":"https:\/\/maisonecodistribution.com\/eboutique\/wp-content\/uploads\/2024\/07\/logo-maison-eco-1.png","width":300,"height":321,"caption":"Maison \u00c9co Distribution"},"image":{"@id":"https:\/\/maisonecodistribution.com\/eboutique\/#\/schema\/logo\/image\/"},"sameAs":["https:\/\/www.facebook.com\/maisonecodistribution"]}]},"product_price_amount":"31.78","product_price_currency":"EUR","og_availability":"instock","product_availability":"instock","product_condition":"new"},"_links":{"self":[{"href":"https:\/\/maisonecodistribution.com\/eboutique\/wp-json\/wp\/v2\/product\/1952","targetHints":{"allow":["GET"]}}],"collection":[{"href":"https:\/\/maisonecodistribution.com\/eboutique\/wp-json\/wp\/v2\/product"}],"about":[{"href":"https:\/\/maisonecodistribution.com\/eboutique\/wp-json\/wp\/v2\/types\/product"}],"wp:featuredmedia":[{"embeddable":true,"href":"https:\/\/maisonecodistribution.com\/eboutique\/wp-json\/wp\/v2\/media\/1954"}],"wp:attachment":[{"href":"https:\/\/maisonecodistribution.com\/eboutique\/wp-json\/wp\/v2\/media?parent=1952"}],"wp:term":[{"taxonomy":"product_brand","embeddable":true,"href":"https:\/\/maisonecodistribution.com\/eboutique\/wp-json\/wp\/v2\/product_brand?post=1952"},{"taxonomy":"product_cat","embeddable":true,"href":"https:\/\/maisonecodistribution.com\/eboutique\/wp-json\/wp\/v2\/product_cat?post=1952"},{"taxonomy":"product_tag","embeddable":true,"href":"https:\/\/maisonecodistribution.com\/eboutique\/wp-json\/wp\/v2\/product_tag?post=1952"}],"curies":[{"name":"wp","href":"https:\/\/api.w.org\/{rel}","templated":true}]}}