{"id":1437,"date":"2020-06-08T15:11:52","date_gmt":"2020-06-08T13:11:52","guid":{"rendered":"https:\/\/maisonecodistribution.fr\/?post_type=product&#038;p=1437"},"modified":"2025-02-21T15:44:02","modified_gmt":"2025-02-21T14:44:02","slug":"tierrafino-i-paint","status":"publish","type":"product","link":"https:\/\/maisonecodistribution.com\/eboutique\/produit\/tierrafino-i-paint\/","title":{"rendered":"TIERRAFINO I PAINT"},"content":{"rendered":"<div class=\"page\" title=\"Page 1\">\n<div class=\"layoutArea\">\n<div class=\"column\">\n<div class=\"page\" title=\"Page 1\">\n<div class=\"layoutArea\">\n<div class=\"column\">\n<p>Tierrafino\u00ae I Paint est une <strong>peinture d\u2019inte\u0301rieur a\u0300 l\u2019argile <\/strong>pour murs et plafonds.<\/p>\n<div class=\"page\" title=\"Page 1\">\n<div class=\"layoutArea\">\n<div class=\"column\">\n<p>Elle est <strong>perm\u00e9able \u00e0 la vapeur<\/strong> et ne contient <strong>aucuns solvants<\/strong>. Ces propri\u00e9t\u00e9s contribuent \u00e0 cr\u00e9er une <strong>atmosph\u00e8re confortable et saine<\/strong> dans votre maison ou lieu de travail. Elle est <strong>antistatique<\/strong>, et se travaille quasiment sans gouttes ni projections. Par sa consistance, la peinture a un <strong>tre\u0300s bon pouvoir couvrant<\/strong>.<\/p>\n<\/div>\n<\/div>\n<\/div>\n<\/div>\n<\/div>\n<\/div>\n<\/div>\n<\/div>\n<\/div>\n<p>Elle s&rsquo;applique au rouleau a\u0300 peinture, \u00e0 la brosse, ou avec une machine a\u0300 projeter la peinture. Tierrafino\u00ae I Paint peut aussi s\u2019appliquer au pochoir sur des enduits en terre.<\/p>\n<p><strong>Les + du produit :<\/strong><\/p>\n<ul>\n<li>re\u0301gule l\u2019hygrome\u0301trie de l\u2019air et perme\u0301able a\u0300 la vapeur d\u2019eau : \u00abelle respire\u00bb<\/li>\n<li>contribue a\u0300 un climat inte\u0301rieur agre\u0301able et sain<\/li>\n<li>peut se diluer avec de l\u2019eau<\/li>\n<li>sans solvant<\/li>\n<li>produit naturel et \u00e9cologique<\/li>\n<\/ul>\n<p>Disponible en <strong>8 teintes<\/strong> : Blanc de Douvres, Blanc de Delphes, Ocre Romain, Rouge Djenn\u00e9, Orange Nassau, Rouge Ayers Rock, Vert Iquitos et Gris Gomera (voir photos ci-contre).<\/p>\n<p>Ces couleurs standards peuvent \u00eatre m\u00e9lang\u00e9es entre elles ou combin\u00e9es \u00e0 d&rsquo;autres pigments naturels Tierrafino ouvrant ainsi sur une palette de teintes quasi illimit\u00e9e.<\/p>\n<p>Conditionnement : seaux de 0,75L, 5L ou 10L<\/p>\n<p>Consommation : un seau de 5L a un pouvoir couvrant de 20 a\u0300 30 m2 selon le support, et un seau de 10L a un pouvoir couvrant de 40 a\u0300 60 m2<\/p>\n<div  class='tabcontainer av-w1a2s-421fcc50b6ad35202a86b6fd3e7b11b1 top_tab  avia-builder-el-0  avia-builder-el-no-sibling '>\n<section class='av_tab_section av_tab_section av-raeuc-3ca0ff038ff76ed26b9240b8bb3516e9'  itemscope=\"itemscope\" itemtype=\"https:\/\/schema.org\/CreativeWork\" ><div id='tab-id-1-tab' class='tab active_tab' role='tab' aria-selected=\"true\" tabindex=\"0\" data-fake-id='#tab-id-1' aria-controls='tab-id-1-content'  itemprop=\"headline\" ><span class='tab_icon avia-iconfont avia-font-entypo-fontello' data-av_icon='\ue84b' data-av_iconfont='entypo-fontello' ><\/span>Fiches Techniques<\/div><div id='tab-id-1-content' class='tab_content active_tab_content' role='tabpanel' aria-labelledby='tab-id-1-tab' aria-hidden=\"false\"><div class='tab_inner_content invers-color'  itemprop=\"text\" ><div  class='avia-button-wrap av-igylo-8f08ee6467451545314a87c60c79b3bb-wrap avia-button-left  avia-builder-el-1  avia-builder-el-no-sibling '><a href='https:\/\/maisonecodistribution.com\/eboutique\/wp-content\/uploads\/2020\/06\/Fiche-produit-Tierrafino-I-Paint.pdf'  class='avia-button av-igylo-8f08ee6467451545314a87c60c79b3bb av-link-btn avia-icon_select-yes-left-icon avia-size-small avia-position-left av-icon-on-hover avia-color-theme-color'  target=\"_blank\"  rel=\"noopener noreferrer\"  aria-label=\"T\u00e9l\u00e9charger la fiche technique (PDF)\"><span class='avia_button_icon avia_button_icon_left avia-iconfont avia-font-entypo-fontello' data-av_icon='\ue82d' data-av_iconfont='entypo-fontello' ><\/span><span class='avia_iconbox_title' >T\u00e9l\u00e9charger la fiche technique (PDF)<\/span><\/a><\/div>\n<\/div><\/div><\/section>\n<section class='av_tab_section av_tab_section av-f3tho-673245044c8cd2155e38098f98d96955'  itemscope=\"itemscope\" itemtype=\"https:\/\/schema.org\/CreativeWork\" ><div id='tab-id-2-tab' class='tab' role='tab' aria-selected=\"false\" tabindex=\"0\" data-fake-id='#tab-id-2' aria-controls='tab-id-2-content'  itemprop=\"headline\" ><span class='tab_icon avia-iconfont avia-font-entypo-fontello' data-av_icon='\ue81f' data-av_iconfont='entypo-fontello' ><\/span>\u00c0 propos de la marque<\/div><div id='tab-id-2-content' class='tab_content' role='tabpanel' aria-labelledby='tab-id-2-tab' aria-hidden=\"true\"><div class='tab_inner_content invers-color'  itemprop=\"text\" ><p><img loading=\"lazy\" decoding=\"async\" class=\"alignleft wp-image-1380\" src=\"https:\/\/maisonecodistribution.fr\/wp-content\/uploads\/2020\/06\/logo-1.png\" alt=\"\" width=\"170\" height=\"84\" \/>Andreas Krewet cr\u00e9e l&rsquo;entreprise <a href=\"https:\/\/www.akterre.com\/accueil.html\" target=\"_blank\" rel=\"noopener noreferrer\"><span class=\"coloris-1\">AKTERRE <\/span><\/a>en 1998, afin de contribuer au d\u00e9veloppement du mat\u00e9riau terre en France. AKTERRE a pour vocation de mettre<span class=\"coloris-1\"> \u00e0 disposition une gamme de produits<\/span> pour la d\u00e9coration et une gamme de mat\u00e9riaux pour la construction saines et \u00e9cologiques en terre crue fiables et pr\u00eats \u00e0 l&#8217;emploi pour les architectes, les artisans et les particuliers. Akterre produit actuellement en Rh\u00f4ne-Alpes plus de 85% des mat\u00e9riaux qu&rsquo;elle propose sur le march\u00e9.<\/p>\n<\/div><\/div><\/section>\n<section class='av_tab_section av_tab_section av-a4nn8-51255d398f2397d9e0b34ca3e4c5aa18'  itemscope=\"itemscope\" itemtype=\"https:\/\/schema.org\/CreativeWork\" ><div id='tab-id-3-tab' class='tab' role='tab' aria-selected=\"false\" tabindex=\"0\" data-fake-id='#tab-id-3' aria-controls='tab-id-3-content'  itemprop=\"headline\" ><span class='tab_icon avia-iconfont avia-font-entypo-fontello' data-av_icon='\ue817' data-av_iconfont='entypo-fontello' ><\/span>Plus d\u2019informations <\/div><div id='tab-id-3-content' class='tab_content' role='tabpanel' aria-labelledby='tab-id-3-tab' aria-hidden=\"true\"><div class='tab_inner_content invers-color'  itemprop=\"text\" ><table>\n<tbody>\n<tr>\n<td width=\"255\"><strong>PRODUIT<\/strong><\/td>\n<td style=\"text-align: center;\" width=\"181\"><strong>Prix HT\/unit\u00e9<\/strong><\/td>\n<td style=\"text-align: center;\" width=\"181\"><strong>Prix TTC\/unit\u00e9<\/strong><\/td>\n<\/tr>\n<tr>\n<td width=\"255\">TIERRAFINO I-PAINT &#8211; 0,75L<\/td>\n<td style=\"text-align: center;\" width=\"181\">32,25 \u20ac<\/td>\n<td style=\"text-align: center;\" width=\"181\">38,70 \u20ac<\/td>\n<\/tr>\n<tr>\n<td width=\"255\">TIERRAFINO I-PAINT &#8211; 5L<\/td>\n<td style=\"text-align: center;\" width=\"181\">96,73 \u20ac<\/td>\n<td style=\"text-align: center;\" width=\"181\">116,08 \u20ac<\/td>\n<\/tr>\n<tr>\n<td width=\"255\">TIERRAFINO I-PAINT &#8211; 10L<\/td>\n<td style=\"text-align: center;\" width=\"181\">170,38 \u20ac<\/td>\n<td style=\"text-align: center;\" width=\"181\">204,46 \u20ac<\/td>\n<\/tr>\n<\/tbody>\n<\/table>\n<\/div><\/div><\/section>\n<\/div>\n","protected":false},"excerpt":{"rendered":"<div class=\"page\" title=\"Page 1\">\n<div class=\"layoutArea\">\n<div class=\"column\">\n<p>Tierrafino I-Paint est une <strong>peinture d&rsquo;argile pour murs et plafonds int\u00e9rieurs<\/strong>. Cette peinture est principalement <strong>constitu\u00e9e d&rsquo;argile et de sable<\/strong>, provenant de diff\u00e9rentes carri\u00e8res min\u00e9rales d&rsquo;Europe. C&rsquo;est une peinture avec une <strong>texture fine et douce<\/strong>.<\/p>\n<p>Existe en <strong>8 teintes<\/strong> diff\u00e9rentes.<\/p>\n<\/div>\n<\/div>\n<\/div>\n<p>&nbsp;<\/p>\n","protected":false},"featured_media":1454,"template":"","meta":[],"product_brand":[],"product_cat":[2609,18,41],"product_tag":[],"class_list":{"0":"post-1437","1":"product","2":"type-product","3":"status-publish","4":"has-post-thumbnail","6":"product_cat-tierrafino","7":"product_cat-decoration-finition","8":"product_cat-enduits-et-peintures-argile","10":"first","11":"outofstock","12":"taxable","13":"shipping-taxable","14":"purchasable","15":"product-type-variable"},"yoast_head":"<!-- This site is optimized with the Yoast SEO plugin v25.1 - https:\/\/yoast.com\/wordpress\/plugins\/seo\/ -->\n<title>TIERRAFINO I PAINT | Enduits argile | Maison \u00c9co Distribution<\/title>\n<meta name=\"description\" content=\"Tierrafino I-Paint est une peinture d&#039;argile pour murs et plafonds int\u00e9rieurs. C&#039;est une peinture \u00e9cologique et naturelle avec une texture fine et douce.\" \/>\n<meta name=\"robots\" content=\"index, follow, max-snippet:-1, max-image-preview:large, max-video-preview:-1\" \/>\n<link rel=\"canonical\" href=\"https:\/\/maisonecodistribution.com\/eboutique\/produit\/tierrafino-i-paint\/\" \/>\n<meta property=\"og:locale\" content=\"fr_FR\" \/>\n<meta property=\"og:type\" content=\"article\" \/>\n<meta property=\"og:title\" content=\"TIERRAFINO I PAINT | Enduits argile | Maison \u00c9co Distribution\" \/>\n<meta property=\"og:description\" content=\"Tierrafino I-Paint est une peinture d&#039;argile pour murs et plafonds int\u00e9rieurs. C&#039;est une peinture \u00e9cologique et naturelle avec une texture fine et douce.\" \/>\n<meta property=\"og:url\" content=\"https:\/\/maisonecodistribution.com\/eboutique\/produit\/tierrafino-i-paint\/\" \/>\n<meta property=\"og:site_name\" content=\"Maison \u00c9co Distribution\" \/>\n<meta property=\"article:publisher\" content=\"https:\/\/www.facebook.com\/maisonecodistribution\" \/>\n<meta property=\"article:modified_time\" content=\"2025-02-21T14:44:02+00:00\" \/>\n<meta property=\"og:image\" content=\"https:\/\/maisonecodistribution.com\/eboutique\/wp-content\/uploads\/2020\/06\/tierrafinoipaint10-maisoneco.jpg\" \/>\n\t<meta property=\"og:image:width\" content=\"500\" \/>\n\t<meta property=\"og:image:height\" content=\"500\" \/>\n\t<meta property=\"og:image:type\" content=\"image\/jpeg\" \/>\n<meta name=\"twitter:card\" content=\"summary_large_image\" \/>\n<meta name=\"twitter:label1\" content=\"Disponibilit\u00e9\" \/>\n\t<meta name=\"twitter:data1\" content=\"Rupture de stock\" \/>\n<script type=\"application\/ld+json\" class=\"yoast-schema-graph\">{\"@context\":\"https:\/\/schema.org\",\"@graph\":[{\"@type\":[\"WebPage\",\"ItemPage\"],\"@id\":\"https:\/\/maisonecodistribution.com\/eboutique\/produit\/tierrafino-i-paint\/\",\"url\":\"https:\/\/maisonecodistribution.com\/eboutique\/produit\/tierrafino-i-paint\/\",\"name\":\"TIERRAFINO I PAINT | Enduits argile | Maison \u00c9co Distribution\",\"isPartOf\":{\"@id\":\"https:\/\/maisonecodistribution.com\/eboutique\/#website\"},\"primaryImageOfPage\":{\"@id\":\"https:\/\/maisonecodistribution.com\/eboutique\/produit\/tierrafino-i-paint\/#primaryimage\"},\"image\":{\"@id\":\"https:\/\/maisonecodistribution.com\/eboutique\/produit\/tierrafino-i-paint\/#primaryimage\"},\"thumbnailUrl\":\"https:\/\/maisonecodistribution.com\/eboutique\/wp-content\/uploads\/2020\/06\/tierrafinoipaint10-maisoneco.jpg\",\"datePublished\":\"2020-06-08T13:11:52+00:00\",\"dateModified\":\"2025-02-21T14:44:02+00:00\",\"description\":\"Tierrafino I-Paint est une peinture d'argile pour murs et plafonds int\u00e9rieurs. C'est une peinture \u00e9cologique et naturelle avec une texture fine et douce.\",\"breadcrumb\":{\"@id\":\"https:\/\/maisonecodistribution.com\/eboutique\/produit\/tierrafino-i-paint\/#breadcrumb\"},\"inLanguage\":\"fr-FR\",\"potentialAction\":[{\"@type\":\"ReadAction\",\"target\":[\"https:\/\/maisonecodistribution.com\/eboutique\/produit\/tierrafino-i-paint\/\"]}]},{\"@type\":\"ImageObject\",\"inLanguage\":\"fr-FR\",\"@id\":\"https:\/\/maisonecodistribution.com\/eboutique\/produit\/tierrafino-i-paint\/#primaryimage\",\"url\":\"https:\/\/maisonecodistribution.com\/eboutique\/wp-content\/uploads\/2020\/06\/tierrafinoipaint10-maisoneco.jpg\",\"contentUrl\":\"https:\/\/maisonecodistribution.com\/eboutique\/wp-content\/uploads\/2020\/06\/tierrafinoipaint10-maisoneco.jpg\",\"width\":500,\"height\":500,\"caption\":\"peinture argile\"},{\"@type\":\"BreadcrumbList\",\"@id\":\"https:\/\/maisonecodistribution.com\/eboutique\/produit\/tierrafino-i-paint\/#breadcrumb\",\"itemListElement\":[{\"@type\":\"ListItem\",\"position\":1,\"name\":\"Home\",\"item\":\"https:\/\/maisonecodistribution.com\/eboutique\/\"},{\"@type\":\"ListItem\",\"position\":2,\"name\":\"CATALOGUE\",\"item\":\"https:\/\/maisonecodistribution.com\/eboutique\/catalogue\/\"},{\"@type\":\"ListItem\",\"position\":3,\"name\":\"TIERRAFINO I PAINT\"}]},{\"@type\":\"WebSite\",\"@id\":\"https:\/\/maisonecodistribution.com\/eboutique\/#website\",\"url\":\"https:\/\/maisonecodistribution.com\/eboutique\/\",\"name\":\"Maison \u00c9co Distribution\",\"description\":\"Tout pour un habitat sain\",\"publisher\":{\"@id\":\"https:\/\/maisonecodistribution.com\/eboutique\/#organization\"},\"potentialAction\":[{\"@type\":\"SearchAction\",\"target\":{\"@type\":\"EntryPoint\",\"urlTemplate\":\"https:\/\/maisonecodistribution.com\/eboutique\/?s={search_term_string}\"},\"query-input\":{\"@type\":\"PropertyValueSpecification\",\"valueRequired\":true,\"valueName\":\"search_term_string\"}}],\"inLanguage\":\"fr-FR\"},{\"@type\":\"Organization\",\"@id\":\"https:\/\/maisonecodistribution.com\/eboutique\/#organization\",\"name\":\"Maison \u00c9co Distribution\",\"url\":\"https:\/\/maisonecodistribution.com\/eboutique\/\",\"logo\":{\"@type\":\"ImageObject\",\"inLanguage\":\"fr-FR\",\"@id\":\"https:\/\/maisonecodistribution.com\/eboutique\/#\/schema\/logo\/image\/\",\"url\":\"https:\/\/maisonecodistribution.com\/eboutique\/wp-content\/uploads\/2024\/07\/logo-maison-eco-1.png\",\"contentUrl\":\"https:\/\/maisonecodistribution.com\/eboutique\/wp-content\/uploads\/2024\/07\/logo-maison-eco-1.png\",\"width\":300,\"height\":321,\"caption\":\"Maison \u00c9co Distribution\"},\"image\":{\"@id\":\"https:\/\/maisonecodistribution.com\/eboutique\/#\/schema\/logo\/image\/\"},\"sameAs\":[\"https:\/\/www.facebook.com\/maisonecodistribution\"]}]}<\/script>\n<meta property=\"og:availability\" content=\"out of stock\" \/>\n<meta property=\"product:availability\" content=\"out of stock\" \/>\n<meta property=\"product:condition\" content=\"new\" \/>\n<!-- \/ Yoast SEO plugin. -->","yoast_head_json":{"title":"TIERRAFINO I PAINT | Enduits argile | Maison \u00c9co Distribution","description":"Tierrafino I-Paint est une peinture d'argile pour murs et plafonds int\u00e9rieurs. C'est une peinture \u00e9cologique et naturelle avec une texture fine et douce.","robots":{"index":"index","follow":"follow","max-snippet":"max-snippet:-1","max-image-preview":"max-image-preview:large","max-video-preview":"max-video-preview:-1"},"canonical":"https:\/\/maisonecodistribution.com\/eboutique\/produit\/tierrafino-i-paint\/","og_locale":"fr_FR","og_type":"article","og_title":"TIERRAFINO I PAINT | Enduits argile | Maison \u00c9co Distribution","og_description":"Tierrafino I-Paint est une peinture d'argile pour murs et plafonds int\u00e9rieurs. C'est une peinture \u00e9cologique et naturelle avec une texture fine et douce.","og_url":"https:\/\/maisonecodistribution.com\/eboutique\/produit\/tierrafino-i-paint\/","og_site_name":"Maison \u00c9co Distribution","article_publisher":"https:\/\/www.facebook.com\/maisonecodistribution","article_modified_time":"2025-02-21T14:44:02+00:00","og_image":[{"width":500,"height":500,"url":"https:\/\/maisonecodistribution.com\/eboutique\/wp-content\/uploads\/2020\/06\/tierrafinoipaint10-maisoneco.jpg","type":"image\/jpeg"}],"twitter_card":"summary_large_image","twitter_misc":{"Disponibilit\u00e9":"Rupture de stock"},"schema":{"@context":"https:\/\/schema.org","@graph":[{"@type":["WebPage","ItemPage"],"@id":"https:\/\/maisonecodistribution.com\/eboutique\/produit\/tierrafino-i-paint\/","url":"https:\/\/maisonecodistribution.com\/eboutique\/produit\/tierrafino-i-paint\/","name":"TIERRAFINO I PAINT | Enduits argile | Maison \u00c9co Distribution","isPartOf":{"@id":"https:\/\/maisonecodistribution.com\/eboutique\/#website"},"primaryImageOfPage":{"@id":"https:\/\/maisonecodistribution.com\/eboutique\/produit\/tierrafino-i-paint\/#primaryimage"},"image":{"@id":"https:\/\/maisonecodistribution.com\/eboutique\/produit\/tierrafino-i-paint\/#primaryimage"},"thumbnailUrl":"https:\/\/maisonecodistribution.com\/eboutique\/wp-content\/uploads\/2020\/06\/tierrafinoipaint10-maisoneco.jpg","datePublished":"2020-06-08T13:11:52+00:00","dateModified":"2025-02-21T14:44:02+00:00","description":"Tierrafino I-Paint est une peinture d'argile pour murs et plafonds int\u00e9rieurs. C'est une peinture \u00e9cologique et naturelle avec une texture fine et douce.","breadcrumb":{"@id":"https:\/\/maisonecodistribution.com\/eboutique\/produit\/tierrafino-i-paint\/#breadcrumb"},"inLanguage":"fr-FR","potentialAction":[{"@type":"ReadAction","target":["https:\/\/maisonecodistribution.com\/eboutique\/produit\/tierrafino-i-paint\/"]}]},{"@type":"ImageObject","inLanguage":"fr-FR","@id":"https:\/\/maisonecodistribution.com\/eboutique\/produit\/tierrafino-i-paint\/#primaryimage","url":"https:\/\/maisonecodistribution.com\/eboutique\/wp-content\/uploads\/2020\/06\/tierrafinoipaint10-maisoneco.jpg","contentUrl":"https:\/\/maisonecodistribution.com\/eboutique\/wp-content\/uploads\/2020\/06\/tierrafinoipaint10-maisoneco.jpg","width":500,"height":500,"caption":"peinture argile"},{"@type":"BreadcrumbList","@id":"https:\/\/maisonecodistribution.com\/eboutique\/produit\/tierrafino-i-paint\/#breadcrumb","itemListElement":[{"@type":"ListItem","position":1,"name":"Home","item":"https:\/\/maisonecodistribution.com\/eboutique\/"},{"@type":"ListItem","position":2,"name":"CATALOGUE","item":"https:\/\/maisonecodistribution.com\/eboutique\/catalogue\/"},{"@type":"ListItem","position":3,"name":"TIERRAFINO I PAINT"}]},{"@type":"WebSite","@id":"https:\/\/maisonecodistribution.com\/eboutique\/#website","url":"https:\/\/maisonecodistribution.com\/eboutique\/","name":"Maison \u00c9co Distribution","description":"Tout pour un habitat sain","publisher":{"@id":"https:\/\/maisonecodistribution.com\/eboutique\/#organization"},"potentialAction":[{"@type":"SearchAction","target":{"@type":"EntryPoint","urlTemplate":"https:\/\/maisonecodistribution.com\/eboutique\/?s={search_term_string}"},"query-input":{"@type":"PropertyValueSpecification","valueRequired":true,"valueName":"search_term_string"}}],"inLanguage":"fr-FR"},{"@type":"Organization","@id":"https:\/\/maisonecodistribution.com\/eboutique\/#organization","name":"Maison \u00c9co Distribution","url":"https:\/\/maisonecodistribution.com\/eboutique\/","logo":{"@type":"ImageObject","inLanguage":"fr-FR","@id":"https:\/\/maisonecodistribution.com\/eboutique\/#\/schema\/logo\/image\/","url":"https:\/\/maisonecodistribution.com\/eboutique\/wp-content\/uploads\/2024\/07\/logo-maison-eco-1.png","contentUrl":"https:\/\/maisonecodistribution.com\/eboutique\/wp-content\/uploads\/2024\/07\/logo-maison-eco-1.png","width":300,"height":321,"caption":"Maison \u00c9co Distribution"},"image":{"@id":"https:\/\/maisonecodistribution.com\/eboutique\/#\/schema\/logo\/image\/"},"sameAs":["https:\/\/www.facebook.com\/maisonecodistribution"]}]},"og_availability":"out of stock","product_availability":"out of stock","product_condition":"new"},"_links":{"self":[{"href":"https:\/\/maisonecodistribution.com\/eboutique\/wp-json\/wp\/v2\/product\/1437","targetHints":{"allow":["GET"]}}],"collection":[{"href":"https:\/\/maisonecodistribution.com\/eboutique\/wp-json\/wp\/v2\/product"}],"about":[{"href":"https:\/\/maisonecodistribution.com\/eboutique\/wp-json\/wp\/v2\/types\/product"}],"wp:featuredmedia":[{"embeddable":true,"href":"https:\/\/maisonecodistribution.com\/eboutique\/wp-json\/wp\/v2\/media\/1454"}],"wp:attachment":[{"href":"https:\/\/maisonecodistribution.com\/eboutique\/wp-json\/wp\/v2\/media?parent=1437"}],"wp:term":[{"taxonomy":"product_brand","embeddable":true,"href":"https:\/\/maisonecodistribution.com\/eboutique\/wp-json\/wp\/v2\/product_brand?post=1437"},{"taxonomy":"product_cat","embeddable":true,"href":"https:\/\/maisonecodistribution.com\/eboutique\/wp-json\/wp\/v2\/product_cat?post=1437"},{"taxonomy":"product_tag","embeddable":true,"href":"https:\/\/maisonecodistribution.com\/eboutique\/wp-json\/wp\/v2\/product_tag?post=1437"}],"curies":[{"name":"wp","href":"https:\/\/api.w.org\/{rel}","templated":true}]}}