{"id":1339,"date":"2020-06-05T12:12:02","date_gmt":"2020-06-05T10:12:02","guid":{"rendered":"https:\/\/maisonecodistribution.fr\/?post_type=product&#038;p=1339"},"modified":"2025-04-01T09:53:51","modified_gmt":"2025-04-01T07:53:51","slug":"toilettes-seches-villa","status":"publish","type":"product","link":"https:\/\/maisonecodistribution.com\/eboutique\/produit\/toilettes-seches-villa\/","title":{"rendered":"TOILETTES S\u00c8CHES VILLA"},"content":{"rendered":"<p>Les toilettes s\u00e8ches Separett Villa\u00ae sont des<strong> toilettes \u00e0 s\u00e9paration d&rsquo;urine<\/strong>. Simples d&#8217;emploi et <strong>sans limite d&rsquo;utilisateurs<\/strong>, elle offrent une solution id\u00e9ale pour tous types de maisons, chalets et tiny houses.<\/p>\n<p>Elles peuvent \u00eatre plac\u00e9es dans des environnements chauds comme froids et elles se pr\u00eatent aussi bien \u00e0 une <strong>utilisation quotidienne que ponctuelle<\/strong>.\u00a0 Elles s&rsquo;adaptent donc \u00e0 tous les modes de vie.<\/p>\n<p>La s\u00e9paration de l&rsquo;urine des d\u00e9chets solides contribue \u00e0 <strong>r\u00e9duire les odeurs et les volumes \u00e0 \u00e9vacuer<\/strong>, ce qui fait de ces toilettes un produit hygi\u00e9nique et <strong>facile d&rsquo;entretien<\/strong>.<\/p>\n<p>Le mat\u00e9riau, semblable \u00e0 la c\u00e9ramique, <strong>facilite le nettoyage<\/strong>. Que ce soit en termes d&rsquo;apparence, de confort ou de qualit\u00e9, les toilettes s\u00e8ches Separett Villa\u00ae offrent des prestations \u00e9quivalentes \u00e0 celles de toilettes normales.<\/p>\n<p><strong>Les + du produit : <\/strong><\/p>\n<ul>\n<li>nombre d&rsquo;utilisateurs illimit\u00e9<\/li>\n<li>garantie 5 ans<\/li>\n<li>fonctionne quelle que soit la temp\u00e9rature<\/li>\n<li>s\u00e9paration de l&rsquo;urine des d\u00e9chets solides<\/li>\n<li>produit hygi\u00e9nique<\/li>\n<li>peu d&rsquo;odeurs<\/li>\n<li>facile d&rsquo;entretien<\/li>\n<li>tr\u00e8s adaptable<\/li>\n<li>nettoyage facile<\/li>\n<\/ul>\n<p><strong>Disponible en \u00a0230 V.<\/strong><\/p>\n<div  class='tabcontainer av-w1a2s-421fcc50b6ad35202a86b6fd3e7b11b1 top_tab  avia-builder-el-0  avia-builder-el-no-sibling '>\n<section class='av_tab_section av_tab_section av-raeuc-3ca0ff038ff76ed26b9240b8bb3516e9'  itemscope=\"itemscope\" itemtype=\"https:\/\/schema.org\/CreativeWork\" ><div id='tab-id-1-tab' class='tab active_tab' role='tab' aria-selected=\"true\" tabindex=\"0\" data-fake-id='#tab-id-1' aria-controls='tab-id-1-content'  itemprop=\"headline\" ><span class='tab_icon avia-iconfont avia-font-entypo-fontello' data-av_icon='\ue84b' data-av_iconfont='entypo-fontello' ><\/span>Fiches Techniques<\/div><div id='tab-id-1-content' class='tab_content active_tab_content' role='tabpanel' aria-labelledby='tab-id-1-tab' aria-hidden=\"false\"><div class='tab_inner_content invers-color'  itemprop=\"text\" ><div  class='avia-button-wrap av-igylo-f2c96cb79b8d186f648213f2ebe0cc61-wrap avia-button-left  avia-builder-el-1  avia-builder-el-no-sibling '><a href='https:\/\/maisonecodistribution.com\/eboutique\/wp-content\/uploads\/2020\/06\/10301-12_Bruksamvisning_Villa.pdf'  class='avia-button av-igylo-f2c96cb79b8d186f648213f2ebe0cc61 av-link-btn avia-icon_select-yes-left-icon avia-size-small avia-position-left av-icon-on-hover avia-color-theme-color'  target=\"_blank\"  rel=\"noopener noreferrer\"  aria-label=\"T\u00e9l\u00e9charger la fiche technique (PDF)\"><span class='avia_button_icon avia_button_icon_left avia-iconfont avia-font-entypo-fontello' data-av_icon='\ue82d' data-av_iconfont='entypo-fontello' ><\/span><span class='avia_iconbox_title' >T\u00e9l\u00e9charger la fiche technique (PDF)<\/span><\/a><\/div>\n<\/div><\/div><\/section>\n<section class='av_tab_section av_tab_section av-f3tho-673245044c8cd2155e38098f98d96955'  itemscope=\"itemscope\" itemtype=\"https:\/\/schema.org\/CreativeWork\" ><div id='tab-id-2-tab' class='tab' role='tab' aria-selected=\"false\" tabindex=\"0\" data-fake-id='#tab-id-2' aria-controls='tab-id-2-content'  itemprop=\"headline\" ><span class='tab_icon avia-iconfont avia-font-entypo-fontello' data-av_icon='\ue81f' data-av_iconfont='entypo-fontello' ><\/span>\u00c0 propos de la marque<\/div><div id='tab-id-2-content' class='tab_content' role='tabpanel' aria-labelledby='tab-id-2-tab' aria-hidden=\"true\"><div class='tab_inner_content invers-color'  itemprop=\"text\" ><p><img loading=\"lazy\" decoding=\"async\" class=\"alignleft wp-image-1341\" src=\"https:\/\/maisonecodistribution.fr\/wp-content\/uploads\/2020\/06\/logo.png\" alt=\"\" width=\"148\" height=\"37\" srcset=\"https:\/\/maisonecodistribution.com\/eboutique\/wp-content\/uploads\/2020\/06\/logo.png 320w, https:\/\/maisonecodistribution.com\/eboutique\/wp-content\/uploads\/2020\/06\/logo-300x75.png 300w\" sizes=\"auto, (max-width: 148px) 100vw, 148px\" \/><a href=\"https:\/\/www.separett.com\/en-gb\/\" target=\"_blank\" rel=\"noopener noreferrer\">Separett<\/a> est une entreprise familiale su\u00e9doise qui propose depuis 1976 des solutions innovantes de toilettes s\u00e8ches dans le monde entier. Separett souhaite apporter confort et qualit\u00e9 \u00e0 ceux qui n&rsquo;ont pas acc\u00e8s aux syst\u00e8mes d&rsquo;assainissement, et contribuer ainsi \u00e0 pr\u00e9server l&rsquo;environnement pour les g\u00e9n\u00e9rations futures.<\/p>\n<\/div><\/div><\/section>\n<section class='av_tab_section av_tab_section av-a4nn8-51255d398f2397d9e0b34ca3e4c5aa18'  itemscope=\"itemscope\" itemtype=\"https:\/\/schema.org\/CreativeWork\" ><div id='tab-id-3-tab' class='tab' role='tab' aria-selected=\"false\" tabindex=\"0\" data-fake-id='#tab-id-3' aria-controls='tab-id-3-content'  itemprop=\"headline\" ><span class='tab_icon avia-iconfont avia-font-entypo-fontello' data-av_icon='\ue817' data-av_iconfont='entypo-fontello' ><\/span>Plus d\u2019informations <\/div><div id='tab-id-3-content' class='tab_content' role='tabpanel' aria-labelledby='tab-id-3-tab' aria-hidden=\"true\"><div class='tab_inner_content invers-color'  itemprop=\"text\" ><table width=\"567\">\n<tbody>\n<tr>\n<td style=\"text-align: center;\" width=\"283\"><strong>PRODUIT<\/strong><\/td>\n<td style=\"text-align: center;\" width=\"142\"><strong>Prix HT \/ unit\u00e9<\/strong><\/td>\n<td style=\"text-align: center;\" width=\"142\"><strong>Prix TTC \/ unit\u00e9<\/strong><\/td>\n<\/tr>\n<tr>\n<td width=\"283\">SEPARETT VILLA 9000 &#8211; 230 V<\/td>\n<td style=\"text-align: center;\" width=\"142\">857,00 \u20ac<\/td>\n<td style=\"text-align: center;\" width=\"142\">1 028,40 \u20ac<\/td>\n<\/tr>\n<\/tbody>\n<\/table>\n<\/div><\/div><\/section>\n<\/div>\n<p>&nbsp;<\/p>\n","protected":false},"excerpt":{"rendered":"<p>Les toilettes s\u00e8ches Separett Villa\u00ae sont des toilettes \u00e0 <strong>s\u00e9paration d&rsquo;urine<\/strong>. <strong>Simples d&#8217;emploi et sans limite d&rsquo;utilisateurs<\/strong>, elle offrent une solution id\u00e9ale pour tous types de maisons, chalets et tiny houses.<\/p>\n<p><strong>Disponible en 12 V. et 230 V.<\/strong><\/p>\n","protected":false},"featured_media":1342,"template":"","meta":[],"product_brand":[],"product_cat":[2606,22,46],"product_tag":[2696,2695,2692,2694,2697,2691,2693],"class_list":{"0":"post-1339","1":"product","2":"type-product","3":"status-publish","4":"has-post-thumbnail","6":"product_cat-separett","7":"product_cat-equipement-energie","8":"product_cat-toilettes-seches","9":"product_tag-eau-et-assainissement","10":"product_tag-economie-de-leau","11":"product_tag-equipements-de-la-maison","12":"product_tag-toilettes","13":"product_tag-toilettes-sans-sciure","14":"product_tag-toilettes-seches","15":"product_tag-wc-sec","17":"first","18":"instock","19":"taxable","20":"shipping-taxable","21":"purchasable","22":"product-type-simple"},"yoast_head":"<!-- This site is optimized with the Yoast SEO plugin v25.1 - https:\/\/yoast.com\/wordpress\/plugins\/seo\/ -->\n<title>TOILETTES S\u00c8CHES VILLA | \u00c9quipements | Maison \u00c9co Distribution<\/title>\n<meta name=\"description\" content=\"Les toilettes s\u00e8ches Separett Villa\u00ae sont des toilettes \u00e0 s\u00e9paration d&#039;urine. WC simples d&#039;emploi et sans limite d&#039;utilisateurs.\" \/>\n<meta name=\"robots\" content=\"index, follow, max-snippet:-1, max-image-preview:large, max-video-preview:-1\" \/>\n<link rel=\"canonical\" href=\"https:\/\/maisonecodistribution.com\/eboutique\/produit\/toilettes-seches-villa\/\" \/>\n<meta property=\"og:locale\" content=\"fr_FR\" \/>\n<meta property=\"og:type\" content=\"article\" \/>\n<meta property=\"og:title\" content=\"TOILETTES S\u00c8CHES VILLA | \u00c9quipements | Maison \u00c9co Distribution\" \/>\n<meta property=\"og:description\" content=\"Les toilettes s\u00e8ches Separett Villa\u00ae sont des toilettes \u00e0 s\u00e9paration d&#039;urine. WC simples d&#039;emploi et sans limite d&#039;utilisateurs.\" \/>\n<meta property=\"og:url\" content=\"https:\/\/maisonecodistribution.com\/eboutique\/produit\/toilettes-seches-villa\/\" \/>\n<meta property=\"og:site_name\" content=\"Maison \u00c9co Distribution\" \/>\n<meta property=\"article:publisher\" content=\"https:\/\/www.facebook.com\/maisonecodistribution\" \/>\n<meta property=\"article:modified_time\" content=\"2025-04-01T07:53:51+00:00\" \/>\n<meta property=\"og:image\" content=\"https:\/\/maisonecodistribution.com\/eboutique\/wp-content\/uploads\/2020\/06\/villa9000-maisoneco.jpg\" \/>\n\t<meta property=\"og:image:width\" content=\"500\" \/>\n\t<meta property=\"og:image:height\" content=\"500\" \/>\n\t<meta property=\"og:image:type\" content=\"image\/jpeg\" \/>\n<meta name=\"twitter:card\" content=\"summary_large_image\" \/>\n<meta name=\"twitter:label1\" content=\"Prix\" \/>\n\t<meta name=\"twitter:data1\" content=\"1028,40&nbsp;&euro; TTC\" \/>\n\t<meta name=\"twitter:label2\" content=\"Disponibilit\u00e9\" \/>\n\t<meta name=\"twitter:data2\" content=\"En stock\" \/>\n<script type=\"application\/ld+json\" class=\"yoast-schema-graph\">{\"@context\":\"https:\/\/schema.org\",\"@graph\":[{\"@type\":[\"WebPage\",\"ItemPage\"],\"@id\":\"https:\/\/maisonecodistribution.com\/eboutique\/produit\/toilettes-seches-villa\/\",\"url\":\"https:\/\/maisonecodistribution.com\/eboutique\/produit\/toilettes-seches-villa\/\",\"name\":\"TOILETTES S\u00c8CHES VILLA | \u00c9quipements | Maison \u00c9co Distribution\",\"isPartOf\":{\"@id\":\"https:\/\/maisonecodistribution.com\/eboutique\/#website\"},\"primaryImageOfPage\":{\"@id\":\"https:\/\/maisonecodistribution.com\/eboutique\/produit\/toilettes-seches-villa\/#primaryimage\"},\"image\":{\"@id\":\"https:\/\/maisonecodistribution.com\/eboutique\/produit\/toilettes-seches-villa\/#primaryimage\"},\"thumbnailUrl\":\"https:\/\/maisonecodistribution.com\/eboutique\/wp-content\/uploads\/2020\/06\/villa9000-maisoneco.jpg\",\"datePublished\":\"2020-06-05T10:12:02+00:00\",\"dateModified\":\"2025-04-01T07:53:51+00:00\",\"description\":\"Les toilettes s\u00e8ches Separett Villa\u00ae sont des toilettes \u00e0 s\u00e9paration d'urine. WC simples d'emploi et sans limite d'utilisateurs.\",\"breadcrumb\":{\"@id\":\"https:\/\/maisonecodistribution.com\/eboutique\/produit\/toilettes-seches-villa\/#breadcrumb\"},\"inLanguage\":\"fr-FR\",\"potentialAction\":[{\"@type\":\"ReadAction\",\"target\":[\"https:\/\/maisonecodistribution.com\/eboutique\/produit\/toilettes-seches-villa\/\"]}]},{\"@type\":\"ImageObject\",\"inLanguage\":\"fr-FR\",\"@id\":\"https:\/\/maisonecodistribution.com\/eboutique\/produit\/toilettes-seches-villa\/#primaryimage\",\"url\":\"https:\/\/maisonecodistribution.com\/eboutique\/wp-content\/uploads\/2020\/06\/villa9000-maisoneco.jpg\",\"contentUrl\":\"https:\/\/maisonecodistribution.com\/eboutique\/wp-content\/uploads\/2020\/06\/villa9000-maisoneco.jpg\",\"width\":500,\"height\":500},{\"@type\":\"BreadcrumbList\",\"@id\":\"https:\/\/maisonecodistribution.com\/eboutique\/produit\/toilettes-seches-villa\/#breadcrumb\",\"itemListElement\":[{\"@type\":\"ListItem\",\"position\":1,\"name\":\"Home\",\"item\":\"https:\/\/maisonecodistribution.com\/eboutique\/\"},{\"@type\":\"ListItem\",\"position\":2,\"name\":\"CATALOGUE\",\"item\":\"https:\/\/maisonecodistribution.com\/eboutique\/catalogue\/\"},{\"@type\":\"ListItem\",\"position\":3,\"name\":\"TOILETTES S\u00c8CHES VILLA\"}]},{\"@type\":\"WebSite\",\"@id\":\"https:\/\/maisonecodistribution.com\/eboutique\/#website\",\"url\":\"https:\/\/maisonecodistribution.com\/eboutique\/\",\"name\":\"Maison \u00c9co Distribution\",\"description\":\"Tout pour un habitat sain\",\"publisher\":{\"@id\":\"https:\/\/maisonecodistribution.com\/eboutique\/#organization\"},\"potentialAction\":[{\"@type\":\"SearchAction\",\"target\":{\"@type\":\"EntryPoint\",\"urlTemplate\":\"https:\/\/maisonecodistribution.com\/eboutique\/?s={search_term_string}\"},\"query-input\":{\"@type\":\"PropertyValueSpecification\",\"valueRequired\":true,\"valueName\":\"search_term_string\"}}],\"inLanguage\":\"fr-FR\"},{\"@type\":\"Organization\",\"@id\":\"https:\/\/maisonecodistribution.com\/eboutique\/#organization\",\"name\":\"Maison \u00c9co Distribution\",\"url\":\"https:\/\/maisonecodistribution.com\/eboutique\/\",\"logo\":{\"@type\":\"ImageObject\",\"inLanguage\":\"fr-FR\",\"@id\":\"https:\/\/maisonecodistribution.com\/eboutique\/#\/schema\/logo\/image\/\",\"url\":\"https:\/\/maisonecodistribution.com\/eboutique\/wp-content\/uploads\/2024\/07\/logo-maison-eco-1.png\",\"contentUrl\":\"https:\/\/maisonecodistribution.com\/eboutique\/wp-content\/uploads\/2024\/07\/logo-maison-eco-1.png\",\"width\":300,\"height\":321,\"caption\":\"Maison \u00c9co Distribution\"},\"image\":{\"@id\":\"https:\/\/maisonecodistribution.com\/eboutique\/#\/schema\/logo\/image\/\"},\"sameAs\":[\"https:\/\/www.facebook.com\/maisonecodistribution\"]}]}<\/script>\n<meta property=\"product:price:amount\" content=\"1028.40\" \/>\n<meta property=\"product:price:currency\" content=\"EUR\" \/>\n<meta property=\"og:availability\" content=\"instock\" \/>\n<meta property=\"product:availability\" content=\"instock\" \/>\n<meta property=\"product:condition\" content=\"new\" \/>\n<!-- \/ Yoast SEO plugin. -->","yoast_head_json":{"title":"TOILETTES S\u00c8CHES VILLA | \u00c9quipements | Maison \u00c9co Distribution","description":"Les toilettes s\u00e8ches Separett Villa\u00ae sont des toilettes \u00e0 s\u00e9paration d'urine. WC simples d'emploi et sans limite d'utilisateurs.","robots":{"index":"index","follow":"follow","max-snippet":"max-snippet:-1","max-image-preview":"max-image-preview:large","max-video-preview":"max-video-preview:-1"},"canonical":"https:\/\/maisonecodistribution.com\/eboutique\/produit\/toilettes-seches-villa\/","og_locale":"fr_FR","og_type":"article","og_title":"TOILETTES S\u00c8CHES VILLA | \u00c9quipements | Maison \u00c9co Distribution","og_description":"Les toilettes s\u00e8ches Separett Villa\u00ae sont des toilettes \u00e0 s\u00e9paration d'urine. WC simples d'emploi et sans limite d'utilisateurs.","og_url":"https:\/\/maisonecodistribution.com\/eboutique\/produit\/toilettes-seches-villa\/","og_site_name":"Maison \u00c9co Distribution","article_publisher":"https:\/\/www.facebook.com\/maisonecodistribution","article_modified_time":"2025-04-01T07:53:51+00:00","og_image":[{"width":500,"height":500,"url":"https:\/\/maisonecodistribution.com\/eboutique\/wp-content\/uploads\/2020\/06\/villa9000-maisoneco.jpg","type":"image\/jpeg"}],"twitter_card":"summary_large_image","twitter_misc":{"Prix":"1028,40&nbsp;&euro; TTC","Disponibilit\u00e9":"En stock"},"schema":{"@context":"https:\/\/schema.org","@graph":[{"@type":["WebPage","ItemPage"],"@id":"https:\/\/maisonecodistribution.com\/eboutique\/produit\/toilettes-seches-villa\/","url":"https:\/\/maisonecodistribution.com\/eboutique\/produit\/toilettes-seches-villa\/","name":"TOILETTES S\u00c8CHES VILLA | \u00c9quipements | Maison \u00c9co Distribution","isPartOf":{"@id":"https:\/\/maisonecodistribution.com\/eboutique\/#website"},"primaryImageOfPage":{"@id":"https:\/\/maisonecodistribution.com\/eboutique\/produit\/toilettes-seches-villa\/#primaryimage"},"image":{"@id":"https:\/\/maisonecodistribution.com\/eboutique\/produit\/toilettes-seches-villa\/#primaryimage"},"thumbnailUrl":"https:\/\/maisonecodistribution.com\/eboutique\/wp-content\/uploads\/2020\/06\/villa9000-maisoneco.jpg","datePublished":"2020-06-05T10:12:02+00:00","dateModified":"2025-04-01T07:53:51+00:00","description":"Les toilettes s\u00e8ches Separett Villa\u00ae sont des toilettes \u00e0 s\u00e9paration d'urine. WC simples d'emploi et sans limite d'utilisateurs.","breadcrumb":{"@id":"https:\/\/maisonecodistribution.com\/eboutique\/produit\/toilettes-seches-villa\/#breadcrumb"},"inLanguage":"fr-FR","potentialAction":[{"@type":"ReadAction","target":["https:\/\/maisonecodistribution.com\/eboutique\/produit\/toilettes-seches-villa\/"]}]},{"@type":"ImageObject","inLanguage":"fr-FR","@id":"https:\/\/maisonecodistribution.com\/eboutique\/produit\/toilettes-seches-villa\/#primaryimage","url":"https:\/\/maisonecodistribution.com\/eboutique\/wp-content\/uploads\/2020\/06\/villa9000-maisoneco.jpg","contentUrl":"https:\/\/maisonecodistribution.com\/eboutique\/wp-content\/uploads\/2020\/06\/villa9000-maisoneco.jpg","width":500,"height":500},{"@type":"BreadcrumbList","@id":"https:\/\/maisonecodistribution.com\/eboutique\/produit\/toilettes-seches-villa\/#breadcrumb","itemListElement":[{"@type":"ListItem","position":1,"name":"Home","item":"https:\/\/maisonecodistribution.com\/eboutique\/"},{"@type":"ListItem","position":2,"name":"CATALOGUE","item":"https:\/\/maisonecodistribution.com\/eboutique\/catalogue\/"},{"@type":"ListItem","position":3,"name":"TOILETTES S\u00c8CHES VILLA"}]},{"@type":"WebSite","@id":"https:\/\/maisonecodistribution.com\/eboutique\/#website","url":"https:\/\/maisonecodistribution.com\/eboutique\/","name":"Maison \u00c9co Distribution","description":"Tout pour un habitat sain","publisher":{"@id":"https:\/\/maisonecodistribution.com\/eboutique\/#organization"},"potentialAction":[{"@type":"SearchAction","target":{"@type":"EntryPoint","urlTemplate":"https:\/\/maisonecodistribution.com\/eboutique\/?s={search_term_string}"},"query-input":{"@type":"PropertyValueSpecification","valueRequired":true,"valueName":"search_term_string"}}],"inLanguage":"fr-FR"},{"@type":"Organization","@id":"https:\/\/maisonecodistribution.com\/eboutique\/#organization","name":"Maison \u00c9co Distribution","url":"https:\/\/maisonecodistribution.com\/eboutique\/","logo":{"@type":"ImageObject","inLanguage":"fr-FR","@id":"https:\/\/maisonecodistribution.com\/eboutique\/#\/schema\/logo\/image\/","url":"https:\/\/maisonecodistribution.com\/eboutique\/wp-content\/uploads\/2024\/07\/logo-maison-eco-1.png","contentUrl":"https:\/\/maisonecodistribution.com\/eboutique\/wp-content\/uploads\/2024\/07\/logo-maison-eco-1.png","width":300,"height":321,"caption":"Maison \u00c9co Distribution"},"image":{"@id":"https:\/\/maisonecodistribution.com\/eboutique\/#\/schema\/logo\/image\/"},"sameAs":["https:\/\/www.facebook.com\/maisonecodistribution"]}]},"product_price_amount":"1028.40","product_price_currency":"EUR","og_availability":"instock","product_availability":"instock","product_condition":"new"},"_links":{"self":[{"href":"https:\/\/maisonecodistribution.com\/eboutique\/wp-json\/wp\/v2\/product\/1339","targetHints":{"allow":["GET"]}}],"collection":[{"href":"https:\/\/maisonecodistribution.com\/eboutique\/wp-json\/wp\/v2\/product"}],"about":[{"href":"https:\/\/maisonecodistribution.com\/eboutique\/wp-json\/wp\/v2\/types\/product"}],"wp:featuredmedia":[{"embeddable":true,"href":"https:\/\/maisonecodistribution.com\/eboutique\/wp-json\/wp\/v2\/media\/1342"}],"wp:attachment":[{"href":"https:\/\/maisonecodistribution.com\/eboutique\/wp-json\/wp\/v2\/media?parent=1339"}],"wp:term":[{"taxonomy":"product_brand","embeddable":true,"href":"https:\/\/maisonecodistribution.com\/eboutique\/wp-json\/wp\/v2\/product_brand?post=1339"},{"taxonomy":"product_cat","embeddable":true,"href":"https:\/\/maisonecodistribution.com\/eboutique\/wp-json\/wp\/v2\/product_cat?post=1339"},{"taxonomy":"product_tag","embeddable":true,"href":"https:\/\/maisonecodistribution.com\/eboutique\/wp-json\/wp\/v2\/product_tag?post=1339"}],"curies":[{"name":"wp","href":"https:\/\/api.w.org\/{rel}","templated":true}]}}