{"id":1295,"date":"2020-06-04T14:40:13","date_gmt":"2020-06-04T12:40:13","guid":{"rendered":"https:\/\/maisonecodistribution.fr\/?post_type=product&#038;p=1295"},"modified":"2024-06-21T17:34:40","modified_gmt":"2024-06-21T15:34:40","slug":"mycal-top","status":"publish","type":"product","link":"https:\/\/maisonecodistribution.com\/eboutique\/produit\/mycal-top\/","title":{"rendered":"MYCAL TOP"},"content":{"rendered":"<p>KEIM Mycal Top <strong>r\u00e9gule et \u00e9vacue l\u2019humidit\u00e9<\/strong> permettant de garder les murs secs et limitant fortement la formation de moisissures. La haute alcalinit\u00e9 de KEIM Mycal-Top <strong>pr\u00e9vient l\u2019apparition de nouvelles moisissures<\/strong>. Sa composition min\u00e9rale ne constitue pas un milieu de culture favorable aux moisissures. L\u2019ajout d&rsquo;un composant min\u00e9ral aux propri\u00e9t\u00e9s naturelles anti-microbiennes apporte une protection suppl\u00e9mentaire contre les moisissures et les polluants de l&rsquo;air.<\/p>\n<p>Disponible en <strong>blanc<\/strong> et dans certaines<strong> teintes du nuancier KEIM Exclusiv <\/strong>(<u>teinte sur commande : <a href=\"https:\/\/maisonecodistribution.fr\/contact\/\" target=\"_blank\" rel=\"noopener noreferrer\">nous consulter<\/a><\/u>).<\/p>\n<p>L&rsquo;application peut se faire \u00e0 la brosse, au rouleau, ou par projection Airless.<\/p>\n<p><strong>Les + du produit :<\/strong><\/p>\n<ul>\n<li>Perm\u00e9abilit\u00e9 \u00e0 la vapeur d\u2019eau exceptionnelle, r\u00e9gulation naturelle de l\u2019humidit\u00e9<\/li>\n<li>Pouvoir d\u00e9sinfectant li\u00e9 \u00e0 la pr\u00e9sence d\u2019un agent min\u00e9ral antimicrobien<\/li>\n<li>R\u00e9sistant aux moisissures (PV d\u2019essais disponible)<\/li>\n<li>Sans ajout de fongicide<\/li>\n<li>Produit \u00e0 effet photocatalytique : d\u00e9truit les composants organiques qui favorisent le d\u00e9veloppement des moisissures<\/li>\n<li>Tr\u00e8s bonne r\u00e9sistance \u00e0 l&rsquo;abrasion humide<\/li>\n<li>R\u00e9sistant aux d\u00e9tergents<\/li>\n<li>Sans solvant, sans plastifiant, sans additif antifogging<\/li>\n<li>Contribue \u00e0 la bonne qualit\u00e9 de l\u2019air ambiant, parfaitement adapt\u00e9 aux personnes souffrant d\u2019allergies (certificat disponible)<\/li>\n<li>Homologation alimentaire (certificat disponible)<\/li>\n<li>Tr\u00e8s grande facilit\u00e9 d\u2019application<\/li>\n<li>Excellent pouvoir couvrant<\/li>\n<li>Ininflammable (classement A\u2082s\u2081d\u2080selon la norme NF EN 13501-1; certificat disponible)<\/li>\n<\/ul>\n<div class=\"page\" title=\"Page 1\">\n<div class=\"section\">\n<div class=\"layoutArea\">\n<div class=\"column\">\n<p>Consommation : environ 0,25 L\/m2 pour 2 couches<\/p>\n<p>Conditionnement : Seau plastique de 5 L<\/p>\n<div  class='tabcontainer av-w1a2s-421fcc50b6ad35202a86b6fd3e7b11b1 top_tab  avia-builder-el-0  avia-builder-el-no-sibling '>\n<section class='av_tab_section av_tab_section av-raeuc-3ca0ff038ff76ed26b9240b8bb3516e9'  itemscope=\"itemscope\" itemtype=\"https:\/\/schema.org\/CreativeWork\" ><div id='tab-id-1-tab' class='tab active_tab' role='tab' aria-selected=\"true\" tabindex=\"0\" data-fake-id='#tab-id-1' aria-controls='tab-id-1-content'  itemprop=\"headline\" ><span class='tab_icon avia-iconfont avia-font-entypo-fontello' data-av_icon='\ue84b' data-av_iconfont='entypo-fontello' ><\/span>Fiches Techniques<\/div><div id='tab-id-1-content' class='tab_content active_tab_content' role='tabpanel' aria-labelledby='tab-id-1-tab' aria-hidden=\"false\"><div class='tab_inner_content invers-color'  itemprop=\"text\" ><div  class='avia-button-wrap av-igylo-6a3cfd4d2e4ba23047c0805ea85ea8ed-wrap avia-button-left  avia-builder-el-1  avia-builder-el-no-sibling '><a href='https:\/\/maisonecodistribution.com\/eboutique\/wp-content\/uploads\/2020\/06\/Fiche_Technique_KEIM_Mycal-Top.pdf'  class='avia-button av-igylo-6a3cfd4d2e4ba23047c0805ea85ea8ed av-link-btn avia-icon_select-yes-left-icon avia-size-small avia-position-left av-icon-on-hover avia-color-theme-color'  target=\"_blank\"  rel=\"noopener noreferrer\"  aria-label=\"T\u00e9l\u00e9charger la fiche technique (PDF)\"><span class='avia_button_icon avia_button_icon_left avia-iconfont avia-font-entypo-fontello' data-av_icon='\ue82d' data-av_iconfont='entypo-fontello' ><\/span><span class='avia_iconbox_title' >T\u00e9l\u00e9charger la fiche technique (PDF)<\/span><\/a><\/div>\n<\/div><\/div><\/section>\n<section class='av_tab_section av_tab_section av-f3tho-673245044c8cd2155e38098f98d96955'  itemscope=\"itemscope\" itemtype=\"https:\/\/schema.org\/CreativeWork\" ><div id='tab-id-2-tab' class='tab' role='tab' aria-selected=\"false\" tabindex=\"0\" data-fake-id='#tab-id-2' aria-controls='tab-id-2-content'  itemprop=\"headline\" ><span class='tab_icon avia-iconfont avia-font-entypo-fontello' data-av_icon='\ue81f' data-av_iconfont='entypo-fontello' ><\/span>\u00c0 propos de la marque<\/div><div id='tab-id-2-content' class='tab_content' role='tabpanel' aria-labelledby='tab-id-2-tab' aria-hidden=\"true\"><div class='tab_inner_content invers-color'  itemprop=\"text\" ><p><img loading=\"lazy\" decoding=\"async\" class=\"alignleft wp-image-1278 \" src=\"https:\/\/maisonecodistribution.fr\/wp-content\/uploads\/2020\/06\/keimfarben-logo-600x257-1-180x180.png\" alt=\"\" width=\"115\" height=\"115\" srcset=\"https:\/\/maisonecodistribution.com\/eboutique\/wp-content\/uploads\/2020\/06\/keimfarben-logo-600x257-1-180x180.png 180w, https:\/\/maisonecodistribution.com\/eboutique\/wp-content\/uploads\/2020\/06\/keimfarben-logo-600x257-1-80x80.png 80w, https:\/\/maisonecodistribution.com\/eboutique\/wp-content\/uploads\/2020\/06\/keimfarben-logo-600x257-1-36x36.png 36w, https:\/\/maisonecodistribution.com\/eboutique\/wp-content\/uploads\/2020\/06\/keimfarben-logo-600x257-1-100x100.png 100w\" sizes=\"auto, (max-width: 115px) 100vw, 115px\" \/>L&rsquo;<a href=\"https:\/\/www.keim.com\/fr-fr\/\" target=\"_blank\" rel=\"noopener noreferrer\">Entreprise KEIM<\/a> fa\u00e7onne depuis 1878 des peintures min\u00e9rales au silicate de potassium. C&rsquo;est aujourd&rsquo;hui un leader mondial dans le domaine des rev\u00eatements min\u00e9raux en proposant des solutions \u00e9prouv\u00e9es pour la protection des fa\u00e7ades et la d\u00e9coration int\u00e9rieure. Le secret des peintures min\u00e9rales KEIM r\u00e9side dans le principe de la silicification et l&rsquo;utilisation de pigments min\u00e9raux de qualit\u00e9. Les mati\u00e8res premi\u00e8res sont minutieusement s\u00e9lectionn\u00e9es, pour des peintures et des lasures extr\u00eamement durables, \u00e9cologiques et esth\u00e9tiques.<\/p>\n<\/div><\/div><\/section>\n<section class='av_tab_section av_tab_section av-a4nn8-51255d398f2397d9e0b34ca3e4c5aa18'  itemscope=\"itemscope\" itemtype=\"https:\/\/schema.org\/CreativeWork\" ><div id='tab-id-3-tab' class='tab' role='tab' aria-selected=\"false\" tabindex=\"0\" data-fake-id='#tab-id-3' aria-controls='tab-id-3-content'  itemprop=\"headline\" ><span class='tab_icon avia-iconfont avia-font-entypo-fontello' data-av_icon='\ue817' data-av_iconfont='entypo-fontello' ><\/span>Plus d\u2019informations <\/div><div id='tab-id-3-content' class='tab_content' role='tabpanel' aria-labelledby='tab-id-3-tab' aria-hidden=\"true\"><div class='tab_inner_content invers-color'  itemprop=\"text\" ><table width=\"567\">\n<tbody>\n<tr>\n<td width=\"283\"><strong>PRODUIT<\/strong><\/td>\n<td style=\"text-align: center;\" width=\"142\"><strong>Prix HT \/ unit\u00e9<\/strong><\/td>\n<td style=\"text-align: center;\" width=\"142\"><strong>Prix TTC \/ unit\u00e9<\/strong><\/td>\n<td style=\"text-align: center;\" width=\"142\"><strong>Consommation<\/strong><\/td>\n<\/tr>\n<tr>\n<td width=\"283\">MYCAL TOP 5L<\/td>\n<td style=\"text-align: center;\" width=\"142\"><span class=\"ng-scope\"><span id=\"\" class=\"lmbNumberConverted\">87,65<\/span><\/span> \u20ac<\/p>\n<div class=\"ng-isolate-scope\">\n<div class=\"ng-scope\"><\/div>\n<\/div>\n<\/td>\n<td style=\"text-align: center;\" width=\"142\"><span class=\"ng-scope\"><span id=\"\" class=\"lmbNumberConverted\">105,18<\/span><\/span> \u20ac<\/td>\n<td style=\"text-align: center;\" width=\"142\">0,125L\/m2<\/td>\n<\/tr>\n<\/tbody>\n<\/table>\n<\/div><\/div><\/section>\n<\/div>\n<\/div>\n<\/div>\n<\/div>\n<\/div>\n","protected":false},"excerpt":{"rendered":"<p><strong>Peinture min\u00e9rale d\u2019int\u00e9rieur<\/strong> au silicate de potassium \u00e0 destination des <strong>locaux contamin\u00e9s ou expos\u00e9s aux moisissures<\/strong>.<\/p>\n","protected":false},"featured_media":1298,"template":"","meta":[],"product_brand":[],"product_cat":[2589,18,39],"product_tag":[],"class_list":{"0":"post-1295","1":"product","2":"type-product","3":"status-publish","4":"has-post-thumbnail","6":"product_cat-keim","7":"product_cat-decoration-finition","8":"product_cat-peintures-et-pigments","10":"first","11":"outofstock","12":"taxable","13":"shipping-taxable","14":"purchasable","15":"product-type-simple"},"yoast_head":"<!-- This site is optimized with the Yoast SEO plugin v25.1 - https:\/\/yoast.com\/wordpress\/plugins\/seo\/ -->\n<title>MYCAL TOP | Peinture \u00e9cologique | Maison \u00c9co Distribution<\/title>\n<meta name=\"description\" content=\"Peinture min\u00e9rale d\u2019int\u00e9rieur au silicate de potassium \u00e0 destination des locaux contamin\u00e9s ou expos\u00e9s \u00e0 l&#039;humidit\u00e9 et aux moisissures.\" \/>\n<meta name=\"robots\" content=\"index, follow, max-snippet:-1, max-image-preview:large, max-video-preview:-1\" \/>\n<link rel=\"canonical\" href=\"https:\/\/maisonecodistribution.com\/eboutique\/produit\/mycal-top\/\" \/>\n<meta property=\"og:locale\" content=\"fr_FR\" \/>\n<meta property=\"og:type\" content=\"article\" \/>\n<meta property=\"og:title\" content=\"MYCAL TOP | Peinture \u00e9cologique | Maison \u00c9co Distribution\" \/>\n<meta property=\"og:description\" content=\"Peinture min\u00e9rale d\u2019int\u00e9rieur au silicate de potassium \u00e0 destination des locaux contamin\u00e9s ou expos\u00e9s \u00e0 l&#039;humidit\u00e9 et aux moisissures.\" \/>\n<meta property=\"og:url\" content=\"https:\/\/maisonecodistribution.com\/eboutique\/produit\/mycal-top\/\" \/>\n<meta property=\"og:site_name\" content=\"Maison \u00c9co Distribution\" \/>\n<meta property=\"article:publisher\" content=\"https:\/\/www.facebook.com\/maisonecodistribution\" \/>\n<meta property=\"article:modified_time\" content=\"2024-06-21T15:34:40+00:00\" \/>\n<meta property=\"og:image\" content=\"https:\/\/maisonecodistribution.com\/eboutique\/wp-content\/uploads\/2020\/06\/mycaltop-maisoneco.jpg\" \/>\n\t<meta property=\"og:image:width\" content=\"500\" \/>\n\t<meta property=\"og:image:height\" content=\"500\" \/>\n\t<meta property=\"og:image:type\" content=\"image\/jpeg\" \/>\n<meta name=\"twitter:card\" content=\"summary_large_image\" \/>\n<meta name=\"twitter:label1\" content=\"Prix\" \/>\n\t<meta name=\"twitter:data1\" content=\"105,18&nbsp;&euro; TTC\" \/>\n\t<meta name=\"twitter:label2\" content=\"Disponibilit\u00e9\" \/>\n\t<meta name=\"twitter:data2\" content=\"Rupture de stock\" \/>\n<script type=\"application\/ld+json\" class=\"yoast-schema-graph\">{\"@context\":\"https:\/\/schema.org\",\"@graph\":[{\"@type\":[\"WebPage\",\"ItemPage\"],\"@id\":\"https:\/\/maisonecodistribution.com\/eboutique\/produit\/mycal-top\/\",\"url\":\"https:\/\/maisonecodistribution.com\/eboutique\/produit\/mycal-top\/\",\"name\":\"MYCAL TOP | Peinture \u00e9cologique | Maison \u00c9co Distribution\",\"isPartOf\":{\"@id\":\"https:\/\/maisonecodistribution.com\/eboutique\/#website\"},\"primaryImageOfPage\":{\"@id\":\"https:\/\/maisonecodistribution.com\/eboutique\/produit\/mycal-top\/#primaryimage\"},\"image\":{\"@id\":\"https:\/\/maisonecodistribution.com\/eboutique\/produit\/mycal-top\/#primaryimage\"},\"thumbnailUrl\":\"https:\/\/maisonecodistribution.com\/eboutique\/wp-content\/uploads\/2020\/06\/mycaltop-maisoneco.jpg\",\"datePublished\":\"2020-06-04T12:40:13+00:00\",\"dateModified\":\"2024-06-21T15:34:40+00:00\",\"description\":\"Peinture min\u00e9rale d\u2019int\u00e9rieur au silicate de potassium \u00e0 destination des locaux contamin\u00e9s ou expos\u00e9s \u00e0 l'humidit\u00e9 et aux moisissures.\",\"breadcrumb\":{\"@id\":\"https:\/\/maisonecodistribution.com\/eboutique\/produit\/mycal-top\/#breadcrumb\"},\"inLanguage\":\"fr-FR\",\"potentialAction\":[{\"@type\":\"ReadAction\",\"target\":[\"https:\/\/maisonecodistribution.com\/eboutique\/produit\/mycal-top\/\"]}]},{\"@type\":\"ImageObject\",\"inLanguage\":\"fr-FR\",\"@id\":\"https:\/\/maisonecodistribution.com\/eboutique\/produit\/mycal-top\/#primaryimage\",\"url\":\"https:\/\/maisonecodistribution.com\/eboutique\/wp-content\/uploads\/2020\/06\/mycaltop-maisoneco.jpg\",\"contentUrl\":\"https:\/\/maisonecodistribution.com\/eboutique\/wp-content\/uploads\/2020\/06\/mycaltop-maisoneco.jpg\",\"width\":500,\"height\":500,\"caption\":\"peinture anti moisissure\"},{\"@type\":\"BreadcrumbList\",\"@id\":\"https:\/\/maisonecodistribution.com\/eboutique\/produit\/mycal-top\/#breadcrumb\",\"itemListElement\":[{\"@type\":\"ListItem\",\"position\":1,\"name\":\"Home\",\"item\":\"https:\/\/maisonecodistribution.com\/eboutique\/\"},{\"@type\":\"ListItem\",\"position\":2,\"name\":\"CATALOGUE\",\"item\":\"https:\/\/maisonecodistribution.com\/eboutique\/catalogue\/\"},{\"@type\":\"ListItem\",\"position\":3,\"name\":\"MYCAL TOP\"}]},{\"@type\":\"WebSite\",\"@id\":\"https:\/\/maisonecodistribution.com\/eboutique\/#website\",\"url\":\"https:\/\/maisonecodistribution.com\/eboutique\/\",\"name\":\"Maison \u00c9co Distribution\",\"description\":\"Tout pour un habitat sain\",\"publisher\":{\"@id\":\"https:\/\/maisonecodistribution.com\/eboutique\/#organization\"},\"potentialAction\":[{\"@type\":\"SearchAction\",\"target\":{\"@type\":\"EntryPoint\",\"urlTemplate\":\"https:\/\/maisonecodistribution.com\/eboutique\/?s={search_term_string}\"},\"query-input\":{\"@type\":\"PropertyValueSpecification\",\"valueRequired\":true,\"valueName\":\"search_term_string\"}}],\"inLanguage\":\"fr-FR\"},{\"@type\":\"Organization\",\"@id\":\"https:\/\/maisonecodistribution.com\/eboutique\/#organization\",\"name\":\"Maison \u00c9co Distribution\",\"url\":\"https:\/\/maisonecodistribution.com\/eboutique\/\",\"logo\":{\"@type\":\"ImageObject\",\"inLanguage\":\"fr-FR\",\"@id\":\"https:\/\/maisonecodistribution.com\/eboutique\/#\/schema\/logo\/image\/\",\"url\":\"https:\/\/maisonecodistribution.com\/eboutique\/wp-content\/uploads\/2024\/07\/logo-maison-eco-1.png\",\"contentUrl\":\"https:\/\/maisonecodistribution.com\/eboutique\/wp-content\/uploads\/2024\/07\/logo-maison-eco-1.png\",\"width\":300,\"height\":321,\"caption\":\"Maison \u00c9co Distribution\"},\"image\":{\"@id\":\"https:\/\/maisonecodistribution.com\/eboutique\/#\/schema\/logo\/image\/\"},\"sameAs\":[\"https:\/\/www.facebook.com\/maisonecodistribution\"]}]}<\/script>\n<meta property=\"product:price:amount\" content=\"105.18\" \/>\n<meta property=\"product:price:currency\" content=\"EUR\" \/>\n<meta property=\"og:availability\" content=\"out of stock\" \/>\n<meta property=\"product:availability\" content=\"out of stock\" \/>\n<meta property=\"product:condition\" content=\"new\" \/>\n<!-- \/ Yoast SEO plugin. -->","yoast_head_json":{"title":"MYCAL TOP | Peinture \u00e9cologique | Maison \u00c9co Distribution","description":"Peinture min\u00e9rale d\u2019int\u00e9rieur au silicate de potassium \u00e0 destination des locaux contamin\u00e9s ou expos\u00e9s \u00e0 l'humidit\u00e9 et aux moisissures.","robots":{"index":"index","follow":"follow","max-snippet":"max-snippet:-1","max-image-preview":"max-image-preview:large","max-video-preview":"max-video-preview:-1"},"canonical":"https:\/\/maisonecodistribution.com\/eboutique\/produit\/mycal-top\/","og_locale":"fr_FR","og_type":"article","og_title":"MYCAL TOP | Peinture \u00e9cologique | Maison \u00c9co Distribution","og_description":"Peinture min\u00e9rale d\u2019int\u00e9rieur au silicate de potassium \u00e0 destination des locaux contamin\u00e9s ou expos\u00e9s \u00e0 l'humidit\u00e9 et aux moisissures.","og_url":"https:\/\/maisonecodistribution.com\/eboutique\/produit\/mycal-top\/","og_site_name":"Maison \u00c9co Distribution","article_publisher":"https:\/\/www.facebook.com\/maisonecodistribution","article_modified_time":"2024-06-21T15:34:40+00:00","og_image":[{"width":500,"height":500,"url":"https:\/\/maisonecodistribution.com\/eboutique\/wp-content\/uploads\/2020\/06\/mycaltop-maisoneco.jpg","type":"image\/jpeg"}],"twitter_card":"summary_large_image","twitter_misc":{"Prix":"105,18&nbsp;&euro; TTC","Disponibilit\u00e9":"Rupture de stock"},"schema":{"@context":"https:\/\/schema.org","@graph":[{"@type":["WebPage","ItemPage"],"@id":"https:\/\/maisonecodistribution.com\/eboutique\/produit\/mycal-top\/","url":"https:\/\/maisonecodistribution.com\/eboutique\/produit\/mycal-top\/","name":"MYCAL TOP | Peinture \u00e9cologique | Maison \u00c9co Distribution","isPartOf":{"@id":"https:\/\/maisonecodistribution.com\/eboutique\/#website"},"primaryImageOfPage":{"@id":"https:\/\/maisonecodistribution.com\/eboutique\/produit\/mycal-top\/#primaryimage"},"image":{"@id":"https:\/\/maisonecodistribution.com\/eboutique\/produit\/mycal-top\/#primaryimage"},"thumbnailUrl":"https:\/\/maisonecodistribution.com\/eboutique\/wp-content\/uploads\/2020\/06\/mycaltop-maisoneco.jpg","datePublished":"2020-06-04T12:40:13+00:00","dateModified":"2024-06-21T15:34:40+00:00","description":"Peinture min\u00e9rale d\u2019int\u00e9rieur au silicate de potassium \u00e0 destination des locaux contamin\u00e9s ou expos\u00e9s \u00e0 l'humidit\u00e9 et aux moisissures.","breadcrumb":{"@id":"https:\/\/maisonecodistribution.com\/eboutique\/produit\/mycal-top\/#breadcrumb"},"inLanguage":"fr-FR","potentialAction":[{"@type":"ReadAction","target":["https:\/\/maisonecodistribution.com\/eboutique\/produit\/mycal-top\/"]}]},{"@type":"ImageObject","inLanguage":"fr-FR","@id":"https:\/\/maisonecodistribution.com\/eboutique\/produit\/mycal-top\/#primaryimage","url":"https:\/\/maisonecodistribution.com\/eboutique\/wp-content\/uploads\/2020\/06\/mycaltop-maisoneco.jpg","contentUrl":"https:\/\/maisonecodistribution.com\/eboutique\/wp-content\/uploads\/2020\/06\/mycaltop-maisoneco.jpg","width":500,"height":500,"caption":"peinture anti moisissure"},{"@type":"BreadcrumbList","@id":"https:\/\/maisonecodistribution.com\/eboutique\/produit\/mycal-top\/#breadcrumb","itemListElement":[{"@type":"ListItem","position":1,"name":"Home","item":"https:\/\/maisonecodistribution.com\/eboutique\/"},{"@type":"ListItem","position":2,"name":"CATALOGUE","item":"https:\/\/maisonecodistribution.com\/eboutique\/catalogue\/"},{"@type":"ListItem","position":3,"name":"MYCAL TOP"}]},{"@type":"WebSite","@id":"https:\/\/maisonecodistribution.com\/eboutique\/#website","url":"https:\/\/maisonecodistribution.com\/eboutique\/","name":"Maison \u00c9co Distribution","description":"Tout pour un habitat sain","publisher":{"@id":"https:\/\/maisonecodistribution.com\/eboutique\/#organization"},"potentialAction":[{"@type":"SearchAction","target":{"@type":"EntryPoint","urlTemplate":"https:\/\/maisonecodistribution.com\/eboutique\/?s={search_term_string}"},"query-input":{"@type":"PropertyValueSpecification","valueRequired":true,"valueName":"search_term_string"}}],"inLanguage":"fr-FR"},{"@type":"Organization","@id":"https:\/\/maisonecodistribution.com\/eboutique\/#organization","name":"Maison \u00c9co Distribution","url":"https:\/\/maisonecodistribution.com\/eboutique\/","logo":{"@type":"ImageObject","inLanguage":"fr-FR","@id":"https:\/\/maisonecodistribution.com\/eboutique\/#\/schema\/logo\/image\/","url":"https:\/\/maisonecodistribution.com\/eboutique\/wp-content\/uploads\/2024\/07\/logo-maison-eco-1.png","contentUrl":"https:\/\/maisonecodistribution.com\/eboutique\/wp-content\/uploads\/2024\/07\/logo-maison-eco-1.png","width":300,"height":321,"caption":"Maison \u00c9co Distribution"},"image":{"@id":"https:\/\/maisonecodistribution.com\/eboutique\/#\/schema\/logo\/image\/"},"sameAs":["https:\/\/www.facebook.com\/maisonecodistribution"]}]},"product_price_amount":"105.18","product_price_currency":"EUR","og_availability":"out of stock","product_availability":"out of stock","product_condition":"new"},"_links":{"self":[{"href":"https:\/\/maisonecodistribution.com\/eboutique\/wp-json\/wp\/v2\/product\/1295","targetHints":{"allow":["GET"]}}],"collection":[{"href":"https:\/\/maisonecodistribution.com\/eboutique\/wp-json\/wp\/v2\/product"}],"about":[{"href":"https:\/\/maisonecodistribution.com\/eboutique\/wp-json\/wp\/v2\/types\/product"}],"wp:featuredmedia":[{"embeddable":true,"href":"https:\/\/maisonecodistribution.com\/eboutique\/wp-json\/wp\/v2\/media\/1298"}],"wp:attachment":[{"href":"https:\/\/maisonecodistribution.com\/eboutique\/wp-json\/wp\/v2\/media?parent=1295"}],"wp:term":[{"taxonomy":"product_brand","embeddable":true,"href":"https:\/\/maisonecodistribution.com\/eboutique\/wp-json\/wp\/v2\/product_brand?post=1295"},{"taxonomy":"product_cat","embeddable":true,"href":"https:\/\/maisonecodistribution.com\/eboutique\/wp-json\/wp\/v2\/product_cat?post=1295"},{"taxonomy":"product_tag","embeddable":true,"href":"https:\/\/maisonecodistribution.com\/eboutique\/wp-json\/wp\/v2\/product_tag?post=1295"}],"curies":[{"name":"wp","href":"https:\/\/api.w.org\/{rel}","templated":true}]}}