{"id":1142,"date":"2020-05-29T18:51:05","date_gmt":"2020-05-29T16:51:05","guid":{"rendered":"https:\/\/maisonecodistribution.fr\/?post_type=product&#038;p=1142"},"modified":"2026-02-03T20:55:59","modified_gmt":"2026-02-03T19:55:59","slug":"sous-couche-dimpression","status":"publish","type":"product","link":"https:\/\/maisonecodistribution.com\/eboutique\/produit\/sous-couche-dimpression\/","title":{"rendered":"SOUS-COUCHE D&rsquo;IMPRESSION"},"content":{"rendered":"<div class=\"page\" title=\"Page 1\">\n<div class=\"section\">\n<div class=\"layoutArea\">\n<div class=\"column\">\n<p>La sous-couche d&rsquo;impression se pr\u00e9sente comme une pa\u0302te onctueuse, blanche donnant apre\u0300s se\u0301chage un film e\u0301pais, mat, microporeux, de grande re\u0301sistance.<\/p>\n<\/div>\n<\/div>\n<\/div>\n<\/div>\n<p>Ce produit, de couleur blanche, peut \u00eatre teint\u00e9 avec le syst\u00e8me \u00ab\u00a0Dose Couleur\u00a0\u00bb.<\/p>\n<p><u>Application<\/u> :<\/p>\n<p>&#8211; Pour les <strong>peintures mine\u0301rales a\u0300 la chaux<\/strong> (badigeons, etc..) la sous-couche sera applique\u0301e pure, sans dilution.<\/p>\n<div class=\"page\" title=\"Page 1\">\n<div class=\"section\">\n<div class=\"layoutArea\">\n<div class=\"column\">\n<p>&#8211; Pour les <strong>enduits de finitions et les stucs<\/strong> ne\u0301cessitant une accroche me\u0301canique, il conviendra d\u2019incorporer une dose de 0,5 litre de sable de quartz 100\/300\u03bc dans 5 litres de sous-couche (2 doses pour 10 litres).<\/p>\n<\/div>\n<\/div>\n<\/div>\n<\/div>\n<p><u>Consommation approximative<\/u>\u00a0 : 1 litre = + ou &#8211; 8m2 selon la porosite\u0301 des supports.<\/p>\n<p>Elle est conditionne\u0301e en seaux me\u0301talliques, entie\u0300rement recyclables, de 1L et \u00a05L e\u0301quipe\u0301s d\u2019un couvercle a\u0300 collier amovible.<\/p>\n<p><strong>Les + du produit :<\/strong><\/p>\n<div class=\"page\" title=\"Page 1\">\n<div class=\"section\">\n<div class=\"layoutArea\">\n<div class=\"column\">\n<ul>\n<li>re\u0301gulateur-saturateur des supports<\/li>\n<li>excellente re\u0301sistance<\/li>\n<li>microporeux<\/li>\n<li>sans odeur incommodante<\/li>\n<li>\u00a0application facile<\/li>\n<li>sans plomb<\/li>\n<\/ul>\n<p><a href=\"https:\/\/maisonecodistribution.com\/eboutique\/wp-content\/uploads\/2020\/05\/Nuancier-Pozzo-Nuovo-2022.pdf\" target=\"_blank\" rel=\"noopener\">T\u00e9l\u00e9chargez le nuancier<\/a><\/p>\n<p>N\u2019h\u00e9sitez pas \u00e0 venir au magasin pour d\u00e9couvrir de vos propres yeux nos diff\u00e9rentes couleurs.<\/p>\n<p>&nbsp;<\/p>\n<\/div>\n<\/div>\n<\/div>\n<\/div>\n<div  class='tabcontainer av-w1a2s-421fcc50b6ad35202a86b6fd3e7b11b1 top_tab  avia-builder-el-0  avia-builder-el-no-sibling '>\n<section class='av_tab_section av_tab_section av-raeuc-3ca0ff038ff76ed26b9240b8bb3516e9'  itemscope=\"itemscope\" itemtype=\"https:\/\/schema.org\/CreativeWork\" ><div id='tab-id-1-tab' class='tab active_tab' role='tab' aria-selected=\"true\" tabindex=\"0\" data-fake-id='#tab-id-1' aria-controls='tab-id-1-content'  itemprop=\"headline\" ><span class='tab_icon avia-iconfont avia-font-entypo-fontello' data-av_icon='\ue84b' data-av_iconfont='entypo-fontello' ><\/span>Fiches Techniques<\/div><div id='tab-id-1-content' class='tab_content active_tab_content' role='tabpanel' aria-labelledby='tab-id-1-tab' aria-hidden=\"false\"><div class='tab_inner_content invers-color'  itemprop=\"text\" ><div  class='avia-button-wrap av-igylo-3a5f50abcb1599be086c2560bbbe4456-wrap avia-button-left  avia-builder-el-1  avia-builder-el-no-sibling '><a href='https:\/\/maisonecodistribution.com\/eboutique\/wp-content\/uploads\/2020\/05\/FT_n_29_SC_v2.pdf'  class='avia-button av-igylo-3a5f50abcb1599be086c2560bbbe4456 av-link-btn avia-icon_select-yes-left-icon avia-size-small avia-position-left av-icon-on-hover avia-color-theme-color'  target=\"_blank\"  rel=\"noopener noreferrer\"  aria-label=\"T\u00e9l\u00e9charger la fiche technique (PDF)\"><span class='avia_button_icon avia_button_icon_left avia-iconfont avia-font-entypo-fontello' data-av_icon='\ue82d' data-av_iconfont='entypo-fontello' ><\/span><span class='avia_iconbox_title' >T\u00e9l\u00e9charger la fiche technique (PDF)<\/span><\/a><\/div>\n<\/div><\/div><\/section>\n<section class='av_tab_section av_tab_section av-f3tho-673245044c8cd2155e38098f98d96955'  itemscope=\"itemscope\" itemtype=\"https:\/\/schema.org\/CreativeWork\" ><div id='tab-id-2-tab' class='tab' role='tab' aria-selected=\"false\" tabindex=\"0\" data-fake-id='#tab-id-2' aria-controls='tab-id-2-content'  itemprop=\"headline\" ><span class='tab_icon avia-iconfont avia-font-entypo-fontello' data-av_icon='\ue81f' data-av_iconfont='entypo-fontello' ><\/span>\u00c0 propos de la marque<\/div><div id='tab-id-2-content' class='tab_content' role='tabpanel' aria-labelledby='tab-id-2-tab' aria-hidden=\"true\"><div class='tab_inner_content invers-color'  itemprop=\"text\" ><p><img loading=\"lazy\" decoding=\"async\" class=\"wp-image-1037 alignleft\" src=\"https:\/\/maisonecodistribution.fr\/wp-content\/uploads\/2020\/05\/unnamed-1-300x300.jpg\" alt=\"pozzo nuovo\" width=\"124\" height=\"124\" srcset=\"https:\/\/maisonecodistribution.com\/eboutique\/wp-content\/uploads\/2020\/05\/unnamed-1-300x300.jpg 300w, https:\/\/maisonecodistribution.com\/eboutique\/wp-content\/uploads\/2020\/05\/unnamed-1-80x80.jpg 80w, https:\/\/maisonecodistribution.com\/eboutique\/wp-content\/uploads\/2020\/05\/unnamed-1-768x768.jpg 768w, https:\/\/maisonecodistribution.com\/eboutique\/wp-content\/uploads\/2020\/05\/unnamed-1-36x36.jpg 36w, https:\/\/maisonecodistribution.com\/eboutique\/wp-content\/uploads\/2020\/05\/unnamed-1-180x180.jpg 180w, https:\/\/maisonecodistribution.com\/eboutique\/wp-content\/uploads\/2020\/05\/unnamed-1-705x705.jpg 705w, https:\/\/maisonecodistribution.com\/eboutique\/wp-content\/uploads\/2020\/05\/unnamed-1-100x100.jpg 100w, https:\/\/maisonecodistribution.com\/eboutique\/wp-content\/uploads\/2020\/05\/unnamed-1-600x600.jpg 600w, https:\/\/maisonecodistribution.com\/eboutique\/wp-content\/uploads\/2020\/05\/unnamed-1.jpg 900w\" sizes=\"auto, (max-width: 124px) 100vw, 124px\" \/><a href=\"http:\/\/www.pozzonuovo.fr\/\" target=\"_blank\" rel=\"noopener noreferrer\">POZZO NUOVO<\/a> est un des rares fabricants fran\u00e7ais de chaux en p\u00e2te CL90-S. L\u2019atelier de production est install\u00e9 \u00e0 Mont\u00e9limar dans la Dr\u00f4me (Rh\u00f4ne-Alpes). Elle est enti\u00e8rement fabriqu\u00e9e et conditionn\u00e9e r\u00e9gionalement dans le quart sud-est de la France, de l\u2019extraction du calcaire jusqu\u2019au conditionnement.<\/p>\n<p>Pour ses qualit\u00e9s, la chaux POZZO NUOVO est utilis\u00e9e par des professionnels du b\u00e2timent, par des artistes pour la r\u00e9alisation et la restauration de d\u00e9cors, par des centres de formation agr\u00e9\u00e9s et reconnus.<\/p>\n<p>Sa fabrication et son conditionnement s\u2019inscrivent dans une volont\u00e9 d\u2019offrir un produit \u00e9cologique de grande qualit\u00e9. Le mode de conditionnement, r\u00e9-employable et recyclable, respecte au mieux l\u2019environnement. La chaux est pure et naturelle, sans adjuvant. La r\u00e9duction du transport pendant son \u00e9laboration est une des priorit\u00e9s de la marque.<\/p>\n<\/div><\/div><\/section>\n<section class='av_tab_section av_tab_section av-a4nn8-51255d398f2397d9e0b34ca3e4c5aa18'  itemscope=\"itemscope\" itemtype=\"https:\/\/schema.org\/CreativeWork\" ><div id='tab-id-3-tab' class='tab' role='tab' aria-selected=\"false\" tabindex=\"0\" data-fake-id='#tab-id-3' aria-controls='tab-id-3-content'  itemprop=\"headline\" ><span class='tab_icon avia-iconfont avia-font-entypo-fontello' data-av_icon='\ue817' data-av_iconfont='entypo-fontello' ><\/span>Plus d\u2019informations <\/div><div id='tab-id-3-content' class='tab_content' role='tabpanel' aria-labelledby='tab-id-3-tab' aria-hidden=\"true\"><div class='tab_inner_content invers-color'  itemprop=\"text\" ><table width=\"567\">\n<tbody>\n<tr>\n<td width=\"283\"><strong>PRODUIT<\/strong><\/td>\n<td width=\"142\">\n<p style=\"text-align: center;\"><strong>Prix HT \/ unit\u00e9<\/strong><\/p>\n<\/td>\n<td width=\"142\">\n<p style=\"text-align: center;\"><strong>Prix TTC \/ unit\u00e9<\/strong><\/p>\n<\/td>\n<\/tr>\n<tr>\n<td width=\"283\">SOUS-COUCHE D&rsquo;IMPRESSION 1 L<\/td>\n<td width=\"142\">\n<p style=\"text-align: center;\">11,57 \u20ac<\/p>\n<\/td>\n<td width=\"142\">\n<p style=\"text-align: center;\">13,88\u20ac<\/p>\n<\/td>\n<\/tr>\n<tr>\n<td width=\"283\">SOUS-COUCHE D&rsquo;IMPRESSION\u00a0 5 L<\/td>\n<td width=\"142\">\n<p style=\"text-align: center;\">35,62 \u20ac<\/p>\n<\/td>\n<td width=\"142\">\n<p style=\"text-align: center;\">42,74 \u20ac<\/p>\n<\/td>\n<\/tr>\n<\/tbody>\n<\/table>\n<\/div><\/div><\/section>\n<\/div>\n","protected":false},"excerpt":{"rendered":"<div class=\"page\" title=\"Page 1\">\n<div class=\"section\">\n<div class=\"layoutArea\">\n<div class=\"column\">\n<p><strong>Sous-couche d\u2019impression<\/strong> destine\u0301e a\u0300 recevoir l\u2019<strong>application d\u2019enduits et de badigeons a\u0300 la chaux<\/strong> et d\u2019en faciliter l\u2019adhe\u0301rence et la re\u0301gularite\u0301 d\u2019application notamment sur les supports lisses et poreux.<\/p>\n<\/div>\n<\/div>\n<\/div>\n<\/div>\n","protected":false},"featured_media":3503,"template":"","meta":[],"product_brand":[],"product_cat":[2600,18,40],"product_tag":[],"class_list":{"0":"post-1142","1":"product","2":"type-product","3":"status-publish","4":"has-post-thumbnail","6":"product_cat-pozzo-nuovo","7":"product_cat-decoration-finition","8":"product_cat-badigeons-et-enduits-chaux","10":"first","11":"outofstock","12":"taxable","13":"shipping-taxable","14":"purchasable","15":"product-type-variable"},"yoast_head":"<!-- This site is optimized with the Yoast SEO plugin v25.1 - https:\/\/yoast.com\/wordpress\/plugins\/seo\/ -->\n<title>SOUS COUCHE D&#039;IMPRESSION | Maison \u00c9co Distribution<\/title>\n<meta name=\"description\" content=\"Sous-couche d\u2019impression destine\u0301e a\u0300 recevoir l\u2019application d\u2019enduits et de badigeons a\u0300 la chaux et d\u2019en faciliter l\u2019adhe\u0301rence et la re\u0301gularite\u0301.\" \/>\n<meta name=\"robots\" content=\"index, follow, max-snippet:-1, max-image-preview:large, max-video-preview:-1\" \/>\n<link rel=\"canonical\" href=\"https:\/\/maisonecodistribution.com\/eboutique\/produit\/sous-couche-dimpression\/\" \/>\n<meta property=\"og:locale\" content=\"fr_FR\" \/>\n<meta property=\"og:type\" content=\"article\" \/>\n<meta property=\"og:title\" content=\"SOUS COUCHE D&#039;IMPRESSION | Maison \u00c9co Distribution\" \/>\n<meta property=\"og:description\" content=\"Sous-couche d\u2019impression destine\u0301e a\u0300 recevoir l\u2019application d\u2019enduits et de badigeons a\u0300 la chaux et d\u2019en faciliter l\u2019adhe\u0301rence et la re\u0301gularite\u0301.\" \/>\n<meta property=\"og:url\" content=\"https:\/\/maisonecodistribution.com\/eboutique\/produit\/sous-couche-dimpression\/\" \/>\n<meta property=\"og:site_name\" content=\"Maison \u00c9co Distribution\" \/>\n<meta property=\"article:publisher\" content=\"https:\/\/www.facebook.com\/maisonecodistribution\" \/>\n<meta property=\"article:modified_time\" content=\"2026-02-03T19:55:59+00:00\" \/>\n<meta property=\"og:image\" content=\"https:\/\/maisonecodistribution.com\/eboutique\/wp-content\/uploads\/2020\/05\/PN_GSC.jpg\" \/>\n\t<meta property=\"og:image:width\" content=\"955\" \/>\n\t<meta property=\"og:image:height\" content=\"848\" \/>\n\t<meta property=\"og:image:type\" content=\"image\/jpeg\" \/>\n<meta name=\"twitter:card\" content=\"summary_large_image\" \/>\n<meta name=\"twitter:label1\" content=\"Disponibilit\u00e9\" \/>\n\t<meta name=\"twitter:data1\" content=\"Rupture de stock\" \/>\n<script type=\"application\/ld+json\" class=\"yoast-schema-graph\">{\"@context\":\"https:\/\/schema.org\",\"@graph\":[{\"@type\":[\"WebPage\",\"ItemPage\"],\"@id\":\"https:\/\/maisonecodistribution.com\/eboutique\/produit\/sous-couche-dimpression\/\",\"url\":\"https:\/\/maisonecodistribution.com\/eboutique\/produit\/sous-couche-dimpression\/\",\"name\":\"SOUS COUCHE D'IMPRESSION | Maison \u00c9co Distribution\",\"isPartOf\":{\"@id\":\"https:\/\/maisonecodistribution.com\/eboutique\/#website\"},\"primaryImageOfPage\":{\"@id\":\"https:\/\/maisonecodistribution.com\/eboutique\/produit\/sous-couche-dimpression\/#primaryimage\"},\"image\":{\"@id\":\"https:\/\/maisonecodistribution.com\/eboutique\/produit\/sous-couche-dimpression\/#primaryimage\"},\"thumbnailUrl\":\"https:\/\/maisonecodistribution.com\/eboutique\/wp-content\/uploads\/2020\/05\/PN_GSC.jpg\",\"datePublished\":\"2020-05-29T16:51:05+00:00\",\"dateModified\":\"2026-02-03T19:55:59+00:00\",\"description\":\"Sous-couche d\u2019impression destine\u0301e a\u0300 recevoir l\u2019application d\u2019enduits et de badigeons a\u0300 la chaux et d\u2019en faciliter l\u2019adhe\u0301rence et la re\u0301gularite\u0301.\",\"breadcrumb\":{\"@id\":\"https:\/\/maisonecodistribution.com\/eboutique\/produit\/sous-couche-dimpression\/#breadcrumb\"},\"inLanguage\":\"fr-FR\",\"potentialAction\":[{\"@type\":\"ReadAction\",\"target\":[\"https:\/\/maisonecodistribution.com\/eboutique\/produit\/sous-couche-dimpression\/\"]}]},{\"@type\":\"ImageObject\",\"inLanguage\":\"fr-FR\",\"@id\":\"https:\/\/maisonecodistribution.com\/eboutique\/produit\/sous-couche-dimpression\/#primaryimage\",\"url\":\"https:\/\/maisonecodistribution.com\/eboutique\/wp-content\/uploads\/2020\/05\/PN_GSC.jpg\",\"contentUrl\":\"https:\/\/maisonecodistribution.com\/eboutique\/wp-content\/uploads\/2020\/05\/PN_GSC.jpg\",\"width\":955,\"height\":848},{\"@type\":\"BreadcrumbList\",\"@id\":\"https:\/\/maisonecodistribution.com\/eboutique\/produit\/sous-couche-dimpression\/#breadcrumb\",\"itemListElement\":[{\"@type\":\"ListItem\",\"position\":1,\"name\":\"Home\",\"item\":\"https:\/\/maisonecodistribution.com\/eboutique\/\"},{\"@type\":\"ListItem\",\"position\":2,\"name\":\"CATALOGUE\",\"item\":\"https:\/\/maisonecodistribution.com\/eboutique\/catalogue\/\"},{\"@type\":\"ListItem\",\"position\":3,\"name\":\"SOUS-COUCHE D&rsquo;IMPRESSION\"}]},{\"@type\":\"WebSite\",\"@id\":\"https:\/\/maisonecodistribution.com\/eboutique\/#website\",\"url\":\"https:\/\/maisonecodistribution.com\/eboutique\/\",\"name\":\"Maison \u00c9co Distribution\",\"description\":\"Tout pour un habitat sain\",\"publisher\":{\"@id\":\"https:\/\/maisonecodistribution.com\/eboutique\/#organization\"},\"potentialAction\":[{\"@type\":\"SearchAction\",\"target\":{\"@type\":\"EntryPoint\",\"urlTemplate\":\"https:\/\/maisonecodistribution.com\/eboutique\/?s={search_term_string}\"},\"query-input\":{\"@type\":\"PropertyValueSpecification\",\"valueRequired\":true,\"valueName\":\"search_term_string\"}}],\"inLanguage\":\"fr-FR\"},{\"@type\":\"Organization\",\"@id\":\"https:\/\/maisonecodistribution.com\/eboutique\/#organization\",\"name\":\"Maison \u00c9co Distribution\",\"url\":\"https:\/\/maisonecodistribution.com\/eboutique\/\",\"logo\":{\"@type\":\"ImageObject\",\"inLanguage\":\"fr-FR\",\"@id\":\"https:\/\/maisonecodistribution.com\/eboutique\/#\/schema\/logo\/image\/\",\"url\":\"https:\/\/maisonecodistribution.com\/eboutique\/wp-content\/uploads\/2024\/07\/logo-maison-eco-1.png\",\"contentUrl\":\"https:\/\/maisonecodistribution.com\/eboutique\/wp-content\/uploads\/2024\/07\/logo-maison-eco-1.png\",\"width\":300,\"height\":321,\"caption\":\"Maison \u00c9co Distribution\"},\"image\":{\"@id\":\"https:\/\/maisonecodistribution.com\/eboutique\/#\/schema\/logo\/image\/\"},\"sameAs\":[\"https:\/\/www.facebook.com\/maisonecodistribution\"]}]}<\/script>\n<meta property=\"og:availability\" content=\"out of stock\" \/>\n<meta property=\"product:availability\" content=\"out of stock\" \/>\n<meta property=\"product:condition\" content=\"new\" \/>\n<!-- \/ Yoast SEO plugin. -->","yoast_head_json":{"title":"SOUS COUCHE D'IMPRESSION | Maison \u00c9co Distribution","description":"Sous-couche d\u2019impression destine\u0301e a\u0300 recevoir l\u2019application d\u2019enduits et de badigeons a\u0300 la chaux et d\u2019en faciliter l\u2019adhe\u0301rence et la re\u0301gularite\u0301.","robots":{"index":"index","follow":"follow","max-snippet":"max-snippet:-1","max-image-preview":"max-image-preview:large","max-video-preview":"max-video-preview:-1"},"canonical":"https:\/\/maisonecodistribution.com\/eboutique\/produit\/sous-couche-dimpression\/","og_locale":"fr_FR","og_type":"article","og_title":"SOUS COUCHE D'IMPRESSION | Maison \u00c9co Distribution","og_description":"Sous-couche d\u2019impression destine\u0301e a\u0300 recevoir l\u2019application d\u2019enduits et de badigeons a\u0300 la chaux et d\u2019en faciliter l\u2019adhe\u0301rence et la re\u0301gularite\u0301.","og_url":"https:\/\/maisonecodistribution.com\/eboutique\/produit\/sous-couche-dimpression\/","og_site_name":"Maison \u00c9co Distribution","article_publisher":"https:\/\/www.facebook.com\/maisonecodistribution","article_modified_time":"2026-02-03T19:55:59+00:00","og_image":[{"width":955,"height":848,"url":"https:\/\/maisonecodistribution.com\/eboutique\/wp-content\/uploads\/2020\/05\/PN_GSC.jpg","type":"image\/jpeg"}],"twitter_card":"summary_large_image","twitter_misc":{"Disponibilit\u00e9":"Rupture de stock"},"schema":{"@context":"https:\/\/schema.org","@graph":[{"@type":["WebPage","ItemPage"],"@id":"https:\/\/maisonecodistribution.com\/eboutique\/produit\/sous-couche-dimpression\/","url":"https:\/\/maisonecodistribution.com\/eboutique\/produit\/sous-couche-dimpression\/","name":"SOUS COUCHE D'IMPRESSION | Maison \u00c9co Distribution","isPartOf":{"@id":"https:\/\/maisonecodistribution.com\/eboutique\/#website"},"primaryImageOfPage":{"@id":"https:\/\/maisonecodistribution.com\/eboutique\/produit\/sous-couche-dimpression\/#primaryimage"},"image":{"@id":"https:\/\/maisonecodistribution.com\/eboutique\/produit\/sous-couche-dimpression\/#primaryimage"},"thumbnailUrl":"https:\/\/maisonecodistribution.com\/eboutique\/wp-content\/uploads\/2020\/05\/PN_GSC.jpg","datePublished":"2020-05-29T16:51:05+00:00","dateModified":"2026-02-03T19:55:59+00:00","description":"Sous-couche d\u2019impression destine\u0301e a\u0300 recevoir l\u2019application d\u2019enduits et de badigeons a\u0300 la chaux et d\u2019en faciliter l\u2019adhe\u0301rence et la re\u0301gularite\u0301.","breadcrumb":{"@id":"https:\/\/maisonecodistribution.com\/eboutique\/produit\/sous-couche-dimpression\/#breadcrumb"},"inLanguage":"fr-FR","potentialAction":[{"@type":"ReadAction","target":["https:\/\/maisonecodistribution.com\/eboutique\/produit\/sous-couche-dimpression\/"]}]},{"@type":"ImageObject","inLanguage":"fr-FR","@id":"https:\/\/maisonecodistribution.com\/eboutique\/produit\/sous-couche-dimpression\/#primaryimage","url":"https:\/\/maisonecodistribution.com\/eboutique\/wp-content\/uploads\/2020\/05\/PN_GSC.jpg","contentUrl":"https:\/\/maisonecodistribution.com\/eboutique\/wp-content\/uploads\/2020\/05\/PN_GSC.jpg","width":955,"height":848},{"@type":"BreadcrumbList","@id":"https:\/\/maisonecodistribution.com\/eboutique\/produit\/sous-couche-dimpression\/#breadcrumb","itemListElement":[{"@type":"ListItem","position":1,"name":"Home","item":"https:\/\/maisonecodistribution.com\/eboutique\/"},{"@type":"ListItem","position":2,"name":"CATALOGUE","item":"https:\/\/maisonecodistribution.com\/eboutique\/catalogue\/"},{"@type":"ListItem","position":3,"name":"SOUS-COUCHE D&rsquo;IMPRESSION"}]},{"@type":"WebSite","@id":"https:\/\/maisonecodistribution.com\/eboutique\/#website","url":"https:\/\/maisonecodistribution.com\/eboutique\/","name":"Maison \u00c9co Distribution","description":"Tout pour un habitat sain","publisher":{"@id":"https:\/\/maisonecodistribution.com\/eboutique\/#organization"},"potentialAction":[{"@type":"SearchAction","target":{"@type":"EntryPoint","urlTemplate":"https:\/\/maisonecodistribution.com\/eboutique\/?s={search_term_string}"},"query-input":{"@type":"PropertyValueSpecification","valueRequired":true,"valueName":"search_term_string"}}],"inLanguage":"fr-FR"},{"@type":"Organization","@id":"https:\/\/maisonecodistribution.com\/eboutique\/#organization","name":"Maison \u00c9co Distribution","url":"https:\/\/maisonecodistribution.com\/eboutique\/","logo":{"@type":"ImageObject","inLanguage":"fr-FR","@id":"https:\/\/maisonecodistribution.com\/eboutique\/#\/schema\/logo\/image\/","url":"https:\/\/maisonecodistribution.com\/eboutique\/wp-content\/uploads\/2024\/07\/logo-maison-eco-1.png","contentUrl":"https:\/\/maisonecodistribution.com\/eboutique\/wp-content\/uploads\/2024\/07\/logo-maison-eco-1.png","width":300,"height":321,"caption":"Maison \u00c9co Distribution"},"image":{"@id":"https:\/\/maisonecodistribution.com\/eboutique\/#\/schema\/logo\/image\/"},"sameAs":["https:\/\/www.facebook.com\/maisonecodistribution"]}]},"og_availability":"out of stock","product_availability":"out of stock","product_condition":"new"},"_links":{"self":[{"href":"https:\/\/maisonecodistribution.com\/eboutique\/wp-json\/wp\/v2\/product\/1142","targetHints":{"allow":["GET"]}}],"collection":[{"href":"https:\/\/maisonecodistribution.com\/eboutique\/wp-json\/wp\/v2\/product"}],"about":[{"href":"https:\/\/maisonecodistribution.com\/eboutique\/wp-json\/wp\/v2\/types\/product"}],"wp:featuredmedia":[{"embeddable":true,"href":"https:\/\/maisonecodistribution.com\/eboutique\/wp-json\/wp\/v2\/media\/3503"}],"wp:attachment":[{"href":"https:\/\/maisonecodistribution.com\/eboutique\/wp-json\/wp\/v2\/media?parent=1142"}],"wp:term":[{"taxonomy":"product_brand","embeddable":true,"href":"https:\/\/maisonecodistribution.com\/eboutique\/wp-json\/wp\/v2\/product_brand?post=1142"},{"taxonomy":"product_cat","embeddable":true,"href":"https:\/\/maisonecodistribution.com\/eboutique\/wp-json\/wp\/v2\/product_cat?post=1142"},{"taxonomy":"product_tag","embeddable":true,"href":"https:\/\/maisonecodistribution.com\/eboutique\/wp-json\/wp\/v2\/product_tag?post=1142"}],"curies":[{"name":"wp","href":"https:\/\/api.w.org\/{rel}","templated":true}]}}