{"id":1118,"date":"2020-05-29T17:11:45","date_gmt":"2020-05-29T15:11:45","guid":{"rendered":"https:\/\/maisonecodistribution.fr\/?post_type=product&#038;p=1118"},"modified":"2025-04-18T16:10:20","modified_gmt":"2025-04-18T14:10:20","slug":"enduit-de-finition-traditionnel-veloute","status":"publish","type":"product","link":"https:\/\/maisonecodistribution.com\/eboutique\/produit\/enduit-de-finition-traditionnel-veloute\/","title":{"rendered":"ENDUIT DE FINITION TRADITIONNEL &#8211; Velout\u00e9"},"content":{"rendered":"<p>La qualit\u00e9 de cet enduit est <b>renforc\u00e9e<\/b> par l&rsquo;utilisation d&rsquo;<a title=\"Eau de Chaux\" href=\"https:\/\/maisonecodistribution.fr\/produit\/eaux-de-chaux\/\" target=\"_blank\" rel=\"noopener noreferrer\">eau de chaux<\/a> et d&rsquo;huile de lin pendant son \u00e9laboration. La <b>granulom\u00e9trie<\/b> de l&rsquo;enduit velout\u00e9 est de <b>0-100\u00b5<\/b>, la charge min\u00e9rale est uniquement du carbonate de calcium.<br \/>\nIl est sp\u00e9cialement adapt\u00e9 pour une application, en <b>ext\u00e9rieur<\/b>, sur un <strong>support pr\u00e9alablement pr\u00e9par\u00e9 avec une sous-couche granuleuse<\/strong>. Id\u00e9alement, l&rsquo;application est conseill\u00e9e sur un support min\u00e9ral (type enduit \u00e0 chaux) qu&rsquo;il conviendra d&rsquo;humidifier avant la mise en \u0153uvre.<\/p>\n<p><u>Application<\/u> : Cet enduit doit e\u0302tre applique\u0301 sur une e\u0301paisseur conseille\u0301e de 1 a\u0300 3 mm a\u0300 l&rsquo;aide de truelles, taloches, platoirs, lisseuses, etc . Application conseille\u0301e en 1 passe ou 2 passes minimum \u00ab frais sur frais \u00bb.<\/p>\n<p><u>Composition <\/u> : <a href=\"https:\/\/maisonecodistribution.fr\/produit\/chaux-en-pate-2\/\" target=\"_blank\" rel=\"noopener noreferrer\">chaux naturelle en p\u00e2te<\/a>, carbonate de calcium,\u00a0 <a href=\"https:\/\/maisonecodistribution.fr\/produit\/eaux-de-chaux\/\" target=\"_blank\" rel=\"noopener noreferrer\">eau de chaux<\/a>, huile de lin, cellulose, <a href=\"https:\/\/maisonecodistribution.fr\/produit\/savon-noir\/\" target=\"_blank\" rel=\"noopener noreferrer\">savon noir<\/a>.<\/p>\n<p><u>Consommation approximative<\/u>\u00a0 : Environ 1,2 kg d\u2019enduit par mm d\u2019e\u0301paisseur et par m2.<\/p>\n<p>Il est conditionne\u0301 dans des seaux me\u0301talliques de 27 kg.<\/p>\n<p>Il peut se conserver plusieurs anne\u0301es dans de bonnes conditions de stockage : enduit recouvert de quelques mm d\u2019eau pour e\u0301viter la carbonatation, seau ferme\u0301 a\u0300 l\u2019abri du gel.<\/p>\n<p><strong>Les + du produit\u00a0:\u00a0<\/strong><\/p>\n<ul>\n<li>convient pour une utilisation en exte\u0301rieur<\/li>\n<li>pre\u0302t a\u0300 l&#8217;emploi<\/li>\n<li>100% naturel<\/li>\n<li>conservation illimit\u00e9e<\/li>\n<\/ul>\n<p><a href=\"https:\/\/maisonecodistribution.com\/eboutique\/wp-content\/uploads\/2020\/05\/Nuancier-Pozzo-Nuovo-2022.pdf\" target=\"_blank\" rel=\"noopener\">T\u00e9l\u00e9chargez le nuancier<\/a><\/p>\n<p>N\u2019h\u00e9sitez pas \u00e0 venir au magasin pour d\u00e9couvrir de vos propres yeux nos diff\u00e9rentes couleurs.<\/p>\n<p>&nbsp;<\/p>\n<div  class='tabcontainer av-w1a2s-421fcc50b6ad35202a86b6fd3e7b11b1 top_tab  avia-builder-el-0  avia-builder-el-no-sibling '>\n<section class='av_tab_section av_tab_section av-raeuc-3ca0ff038ff76ed26b9240b8bb3516e9'  itemscope=\"itemscope\" itemtype=\"https:\/\/schema.org\/CreativeWork\" ><div id='tab-id-1-tab' class='tab active_tab' role='tab' aria-selected=\"true\" tabindex=\"0\" data-fake-id='#tab-id-1' aria-controls='tab-id-1-content'  itemprop=\"headline\" ><span class='tab_icon avia-iconfont avia-font-entypo-fontello' data-av_icon='\ue84b' data-av_iconfont='entypo-fontello' ><\/span>Fiches Techniques<\/div><div id='tab-id-1-content' class='tab_content active_tab_content' role='tabpanel' aria-labelledby='tab-id-1-tab' aria-hidden=\"false\"><div class='tab_inner_content invers-color'  itemprop=\"text\" ><div  class='avia-button-wrap av-igylo-ce7ab42496370578ee26e8b39fc2feef-wrap avia-button-left  avia-builder-el-1  avia-builder-el-no-sibling '><a href='https:\/\/maisonecodistribution.com\/eboutique\/wp-content\/uploads\/2020\/05\/FT_n_12_EV_v10.pdf'  class='avia-button av-igylo-ce7ab42496370578ee26e8b39fc2feef av-link-btn avia-icon_select-yes-left-icon avia-size-small avia-position-left av-icon-on-hover avia-color-theme-color'  target=\"_blank\"  rel=\"noopener noreferrer\"  aria-label=\"T\u00e9l\u00e9charger la fiche technique (PDF)\"><span class='avia_button_icon avia_button_icon_left avia-iconfont avia-font-entypo-fontello' data-av_icon='\ue82d' data-av_iconfont='entypo-fontello' ><\/span><span class='avia_iconbox_title' >T\u00e9l\u00e9charger la fiche technique (PDF)<\/span><\/a><\/div>\n<\/div><\/div><\/section>\n<section class='av_tab_section av_tab_section av-f3tho-673245044c8cd2155e38098f98d96955'  itemscope=\"itemscope\" itemtype=\"https:\/\/schema.org\/CreativeWork\" ><div id='tab-id-2-tab' class='tab' role='tab' aria-selected=\"false\" tabindex=\"0\" data-fake-id='#tab-id-2' aria-controls='tab-id-2-content'  itemprop=\"headline\" ><span class='tab_icon avia-iconfont avia-font-entypo-fontello' data-av_icon='\ue81f' data-av_iconfont='entypo-fontello' ><\/span>\u00c0 propos de la marque<\/div><div id='tab-id-2-content' class='tab_content' role='tabpanel' aria-labelledby='tab-id-2-tab' aria-hidden=\"true\"><div class='tab_inner_content invers-color'  itemprop=\"text\" ><p><img loading=\"lazy\" decoding=\"async\" class=\"wp-image-1037 alignleft\" src=\"https:\/\/maisonecodistribution.fr\/wp-content\/uploads\/2020\/05\/unnamed-1-300x300.jpg\" alt=\"pozzo nuovo\" width=\"124\" height=\"124\" srcset=\"https:\/\/maisonecodistribution.com\/eboutique\/wp-content\/uploads\/2020\/05\/unnamed-1-300x300.jpg 300w, https:\/\/maisonecodistribution.com\/eboutique\/wp-content\/uploads\/2020\/05\/unnamed-1-80x80.jpg 80w, https:\/\/maisonecodistribution.com\/eboutique\/wp-content\/uploads\/2020\/05\/unnamed-1-768x768.jpg 768w, https:\/\/maisonecodistribution.com\/eboutique\/wp-content\/uploads\/2020\/05\/unnamed-1-36x36.jpg 36w, https:\/\/maisonecodistribution.com\/eboutique\/wp-content\/uploads\/2020\/05\/unnamed-1-180x180.jpg 180w, https:\/\/maisonecodistribution.com\/eboutique\/wp-content\/uploads\/2020\/05\/unnamed-1-705x705.jpg 705w, https:\/\/maisonecodistribution.com\/eboutique\/wp-content\/uploads\/2020\/05\/unnamed-1-100x100.jpg 100w, https:\/\/maisonecodistribution.com\/eboutique\/wp-content\/uploads\/2020\/05\/unnamed-1-600x600.jpg 600w, https:\/\/maisonecodistribution.com\/eboutique\/wp-content\/uploads\/2020\/05\/unnamed-1.jpg 900w\" sizes=\"auto, (max-width: 124px) 100vw, 124px\" \/><a href=\"http:\/\/www.pozzonuovo.fr\/\">POZZO NUOVO<\/a> est un des rares fabricants fran\u00e7ais de chaux en p\u00e2te CL90-S. L\u2019atelier de production est install\u00e9 \u00e0 Mont\u00e9limar dans la Dr\u00f4me (Rh\u00f4ne-Alpes). Elle est enti\u00e8rement fabriqu\u00e9e et conditionn\u00e9e r\u00e9gionalement dans le quart sud-est de la France, de l\u2019extraction du calcaire jusqu\u2019au conditionnement.<\/p>\n<p>Pour ses qualit\u00e9s, la chaux POZZO NUOVO est utilis\u00e9e par des professionnels du b\u00e2timent, par des artistes pour la r\u00e9alisation et la restauration de d\u00e9cors, par des centres de formation agr\u00e9\u00e9s et reconnus.<\/p>\n<p>Sa fabrication et son conditionnement s\u2019inscrivent dans une volont\u00e9 d\u2019offrir un produit \u00e9cologique de grande qualit\u00e9. Le mode de conditionnement, r\u00e9-employable et recyclable, respecte au mieux l\u2019environnement. La chaux est pure et naturelle, sans adjuvant. La r\u00e9duction du transport pendant son \u00e9laboration est une des priorit\u00e9s de la marque.<\/p>\n<\/div><\/div><\/section>\n<section class='av_tab_section av_tab_section av-a4nn8-51255d398f2397d9e0b34ca3e4c5aa18'  itemscope=\"itemscope\" itemtype=\"https:\/\/schema.org\/CreativeWork\" ><div id='tab-id-3-tab' class='tab' role='tab' aria-selected=\"false\" tabindex=\"0\" data-fake-id='#tab-id-3' aria-controls='tab-id-3-content'  itemprop=\"headline\" ><span class='tab_icon avia-iconfont avia-font-entypo-fontello' data-av_icon='\ue817' data-av_iconfont='entypo-fontello' ><\/span>Plus d\u2019informations <\/div><div id='tab-id-3-content' class='tab_content' role='tabpanel' aria-labelledby='tab-id-3-tab' aria-hidden=\"true\"><div class='tab_inner_content invers-color'  itemprop=\"text\" ><table width=\"567\">\n<tbody>\n<tr>\n<td width=\"283\"><strong>PRODUIT<\/strong><\/td>\n<td width=\"142\">\n<p style=\"text-align: center;\"><strong>Prix HT \/ unit\u00e9<\/strong><\/p>\n<\/td>\n<td width=\"142\">\n<p style=\"text-align: center;\"><strong>Prix TTC \/ unit\u00e9<\/strong><\/p>\n<\/td>\n<\/tr>\n<tr>\n<td width=\"283\">ENDUIT DE FINITION TRADITIONNEL &#8211; VELOUT\u00c9 &#8211; 27 KG<\/td>\n<td width=\"142\">\n<p style=\"text-align: center;\">78,63 \u20ac<\/p>\n<\/td>\n<td width=\"142\">\n<p style=\"text-align: center;\">94,36 \u20ac<\/p>\n<\/td>\n<\/tr>\n<\/tbody>\n<\/table>\n<\/div><\/div><\/section>\n<\/div>\n","protected":false},"excerpt":{"rendered":"<p>L&rsquo;enduit de finition traditionnel est un v\u00e9ritable enduit \u00e0 la chaux, <b>pr\u00eat \u00e0 l&#8217;emploi<\/b>, <b>100% naturel<\/b> \u00e9labor\u00e9 \u00e0 base de <a title=\"Chaux en p\u00e2te\" href=\"https:\/\/maisonecodistribution.fr\/produit\/chaux-en-pate-2\/\" target=\"_blank\" rel=\"noopener noreferrer\">chaux naturelle en p\u00e2te<\/a>.<\/p>\n","protected":false},"featured_media":3510,"template":"","meta":[],"product_brand":[],"product_cat":[2600,18,40],"product_tag":[],"class_list":{"0":"post-1118","1":"product","2":"type-product","3":"status-publish","4":"has-post-thumbnail","6":"product_cat-pozzo-nuovo","7":"product_cat-decoration-finition","8":"product_cat-badigeons-et-enduits-chaux","10":"first","11":"instock","12":"taxable","13":"shipping-taxable","14":"purchasable","15":"product-type-simple"},"yoast_head":"<!-- This site is optimized with the Yoast SEO plugin v25.1 - https:\/\/yoast.com\/wordpress\/plugins\/seo\/ -->\n<title>ENDUIT DE FINITION TRADITIONNEL | Maison \u00c9co Distribution<\/title>\n<meta name=\"description\" content=\"L&#039;enduit de finition traditionnel est un v\u00e9ritable enduit \u00e0 la chaux, pr\u00eat \u00e0 l&#039;emploi, 100% naturel \u00e9labor\u00e9 \u00e0 base de chaux naturelle en p\u00e2te.\" \/>\n<meta name=\"robots\" content=\"index, follow, max-snippet:-1, max-image-preview:large, max-video-preview:-1\" \/>\n<link rel=\"canonical\" href=\"https:\/\/maisonecodistribution.com\/eboutique\/produit\/enduit-de-finition-traditionnel-veloute\/\" \/>\n<meta property=\"og:locale\" content=\"fr_FR\" \/>\n<meta property=\"og:type\" content=\"article\" \/>\n<meta property=\"og:title\" content=\"ENDUIT DE FINITION TRADITIONNEL | Maison \u00c9co Distribution\" \/>\n<meta property=\"og:description\" content=\"L&#039;enduit de finition traditionnel est un v\u00e9ritable enduit \u00e0 la chaux, pr\u00eat \u00e0 l&#039;emploi, 100% naturel \u00e9labor\u00e9 \u00e0 base de chaux naturelle en p\u00e2te.\" \/>\n<meta property=\"og:url\" content=\"https:\/\/maisonecodistribution.com\/eboutique\/produit\/enduit-de-finition-traditionnel-veloute\/\" \/>\n<meta property=\"og:site_name\" content=\"Maison \u00c9co Distribution\" \/>\n<meta property=\"article:publisher\" content=\"https:\/\/www.facebook.com\/maisonecodistribution\" \/>\n<meta property=\"article:modified_time\" content=\"2025-04-18T14:10:20+00:00\" \/>\n<meta property=\"og:image\" content=\"https:\/\/maisonecodistribution.com\/eboutique\/wp-content\/uploads\/2020\/05\/PN_EV27.jpg\" \/>\n\t<meta property=\"og:image:width\" content=\"759\" \/>\n\t<meta property=\"og:image:height\" content=\"850\" \/>\n\t<meta property=\"og:image:type\" content=\"image\/jpeg\" \/>\n<meta name=\"twitter:card\" content=\"summary_large_image\" \/>\n<meta name=\"twitter:label1\" content=\"Prix\" \/>\n\t<meta name=\"twitter:data1\" content=\"94,36&nbsp;&euro; TTC\" \/>\n\t<meta name=\"twitter:label2\" content=\"Disponibilit\u00e9\" \/>\n\t<meta name=\"twitter:data2\" content=\"En stock\" \/>\n<script type=\"application\/ld+json\" class=\"yoast-schema-graph\">{\"@context\":\"https:\/\/schema.org\",\"@graph\":[{\"@type\":[\"WebPage\",\"ItemPage\"],\"@id\":\"https:\/\/maisonecodistribution.com\/eboutique\/produit\/enduit-de-finition-traditionnel-veloute\/\",\"url\":\"https:\/\/maisonecodistribution.com\/eboutique\/produit\/enduit-de-finition-traditionnel-veloute\/\",\"name\":\"ENDUIT DE FINITION TRADITIONNEL | Maison \u00c9co Distribution\",\"isPartOf\":{\"@id\":\"https:\/\/maisonecodistribution.com\/eboutique\/#website\"},\"primaryImageOfPage\":{\"@id\":\"https:\/\/maisonecodistribution.com\/eboutique\/produit\/enduit-de-finition-traditionnel-veloute\/#primaryimage\"},\"image\":{\"@id\":\"https:\/\/maisonecodistribution.com\/eboutique\/produit\/enduit-de-finition-traditionnel-veloute\/#primaryimage\"},\"thumbnailUrl\":\"https:\/\/maisonecodistribution.com\/eboutique\/wp-content\/uploads\/2020\/05\/PN_EV27.jpg\",\"datePublished\":\"2020-05-29T15:11:45+00:00\",\"dateModified\":\"2025-04-18T14:10:20+00:00\",\"description\":\"L'enduit de finition traditionnel est un v\u00e9ritable enduit \u00e0 la chaux, pr\u00eat \u00e0 l'emploi, 100% naturel \u00e9labor\u00e9 \u00e0 base de chaux naturelle en p\u00e2te.\",\"breadcrumb\":{\"@id\":\"https:\/\/maisonecodistribution.com\/eboutique\/produit\/enduit-de-finition-traditionnel-veloute\/#breadcrumb\"},\"inLanguage\":\"fr-FR\",\"potentialAction\":[{\"@type\":\"ReadAction\",\"target\":[\"https:\/\/maisonecodistribution.com\/eboutique\/produit\/enduit-de-finition-traditionnel-veloute\/\"]}]},{\"@type\":\"ImageObject\",\"inLanguage\":\"fr-FR\",\"@id\":\"https:\/\/maisonecodistribution.com\/eboutique\/produit\/enduit-de-finition-traditionnel-veloute\/#primaryimage\",\"url\":\"https:\/\/maisonecodistribution.com\/eboutique\/wp-content\/uploads\/2020\/05\/PN_EV27.jpg\",\"contentUrl\":\"https:\/\/maisonecodistribution.com\/eboutique\/wp-content\/uploads\/2020\/05\/PN_EV27.jpg\",\"width\":759,\"height\":850},{\"@type\":\"BreadcrumbList\",\"@id\":\"https:\/\/maisonecodistribution.com\/eboutique\/produit\/enduit-de-finition-traditionnel-veloute\/#breadcrumb\",\"itemListElement\":[{\"@type\":\"ListItem\",\"position\":1,\"name\":\"Home\",\"item\":\"https:\/\/maisonecodistribution.com\/eboutique\/\"},{\"@type\":\"ListItem\",\"position\":2,\"name\":\"CATALOGUE\",\"item\":\"https:\/\/maisonecodistribution.com\/eboutique\/catalogue\/\"},{\"@type\":\"ListItem\",\"position\":3,\"name\":\"ENDUIT DE FINITION TRADITIONNEL &#8211; Velout\u00e9\"}]},{\"@type\":\"WebSite\",\"@id\":\"https:\/\/maisonecodistribution.com\/eboutique\/#website\",\"url\":\"https:\/\/maisonecodistribution.com\/eboutique\/\",\"name\":\"Maison \u00c9co Distribution\",\"description\":\"Tout pour un habitat sain\",\"publisher\":{\"@id\":\"https:\/\/maisonecodistribution.com\/eboutique\/#organization\"},\"potentialAction\":[{\"@type\":\"SearchAction\",\"target\":{\"@type\":\"EntryPoint\",\"urlTemplate\":\"https:\/\/maisonecodistribution.com\/eboutique\/?s={search_term_string}\"},\"query-input\":{\"@type\":\"PropertyValueSpecification\",\"valueRequired\":true,\"valueName\":\"search_term_string\"}}],\"inLanguage\":\"fr-FR\"},{\"@type\":\"Organization\",\"@id\":\"https:\/\/maisonecodistribution.com\/eboutique\/#organization\",\"name\":\"Maison \u00c9co Distribution\",\"url\":\"https:\/\/maisonecodistribution.com\/eboutique\/\",\"logo\":{\"@type\":\"ImageObject\",\"inLanguage\":\"fr-FR\",\"@id\":\"https:\/\/maisonecodistribution.com\/eboutique\/#\/schema\/logo\/image\/\",\"url\":\"https:\/\/maisonecodistribution.com\/eboutique\/wp-content\/uploads\/2024\/07\/logo-maison-eco-1.png\",\"contentUrl\":\"https:\/\/maisonecodistribution.com\/eboutique\/wp-content\/uploads\/2024\/07\/logo-maison-eco-1.png\",\"width\":300,\"height\":321,\"caption\":\"Maison \u00c9co Distribution\"},\"image\":{\"@id\":\"https:\/\/maisonecodistribution.com\/eboutique\/#\/schema\/logo\/image\/\"},\"sameAs\":[\"https:\/\/www.facebook.com\/maisonecodistribution\"]}]}<\/script>\n<meta property=\"product:price:amount\" content=\"94.36\" \/>\n<meta property=\"product:price:currency\" content=\"EUR\" \/>\n<meta property=\"og:availability\" content=\"instock\" \/>\n<meta property=\"product:availability\" content=\"instock\" \/>\n<meta property=\"product:condition\" content=\"new\" \/>\n<!-- \/ Yoast SEO plugin. -->","yoast_head_json":{"title":"ENDUIT DE FINITION TRADITIONNEL | Maison \u00c9co Distribution","description":"L'enduit de finition traditionnel est un v\u00e9ritable enduit \u00e0 la chaux, pr\u00eat \u00e0 l'emploi, 100% naturel \u00e9labor\u00e9 \u00e0 base de chaux naturelle en p\u00e2te.","robots":{"index":"index","follow":"follow","max-snippet":"max-snippet:-1","max-image-preview":"max-image-preview:large","max-video-preview":"max-video-preview:-1"},"canonical":"https:\/\/maisonecodistribution.com\/eboutique\/produit\/enduit-de-finition-traditionnel-veloute\/","og_locale":"fr_FR","og_type":"article","og_title":"ENDUIT DE FINITION TRADITIONNEL | Maison \u00c9co Distribution","og_description":"L'enduit de finition traditionnel est un v\u00e9ritable enduit \u00e0 la chaux, pr\u00eat \u00e0 l'emploi, 100% naturel \u00e9labor\u00e9 \u00e0 base de chaux naturelle en p\u00e2te.","og_url":"https:\/\/maisonecodistribution.com\/eboutique\/produit\/enduit-de-finition-traditionnel-veloute\/","og_site_name":"Maison \u00c9co Distribution","article_publisher":"https:\/\/www.facebook.com\/maisonecodistribution","article_modified_time":"2025-04-18T14:10:20+00:00","og_image":[{"width":759,"height":850,"url":"https:\/\/maisonecodistribution.com\/eboutique\/wp-content\/uploads\/2020\/05\/PN_EV27.jpg","type":"image\/jpeg"}],"twitter_card":"summary_large_image","twitter_misc":{"Prix":"94,36&nbsp;&euro; TTC","Disponibilit\u00e9":"En stock"},"schema":{"@context":"https:\/\/schema.org","@graph":[{"@type":["WebPage","ItemPage"],"@id":"https:\/\/maisonecodistribution.com\/eboutique\/produit\/enduit-de-finition-traditionnel-veloute\/","url":"https:\/\/maisonecodistribution.com\/eboutique\/produit\/enduit-de-finition-traditionnel-veloute\/","name":"ENDUIT DE FINITION TRADITIONNEL | Maison \u00c9co Distribution","isPartOf":{"@id":"https:\/\/maisonecodistribution.com\/eboutique\/#website"},"primaryImageOfPage":{"@id":"https:\/\/maisonecodistribution.com\/eboutique\/produit\/enduit-de-finition-traditionnel-veloute\/#primaryimage"},"image":{"@id":"https:\/\/maisonecodistribution.com\/eboutique\/produit\/enduit-de-finition-traditionnel-veloute\/#primaryimage"},"thumbnailUrl":"https:\/\/maisonecodistribution.com\/eboutique\/wp-content\/uploads\/2020\/05\/PN_EV27.jpg","datePublished":"2020-05-29T15:11:45+00:00","dateModified":"2025-04-18T14:10:20+00:00","description":"L'enduit de finition traditionnel est un v\u00e9ritable enduit \u00e0 la chaux, pr\u00eat \u00e0 l'emploi, 100% naturel \u00e9labor\u00e9 \u00e0 base de chaux naturelle en p\u00e2te.","breadcrumb":{"@id":"https:\/\/maisonecodistribution.com\/eboutique\/produit\/enduit-de-finition-traditionnel-veloute\/#breadcrumb"},"inLanguage":"fr-FR","potentialAction":[{"@type":"ReadAction","target":["https:\/\/maisonecodistribution.com\/eboutique\/produit\/enduit-de-finition-traditionnel-veloute\/"]}]},{"@type":"ImageObject","inLanguage":"fr-FR","@id":"https:\/\/maisonecodistribution.com\/eboutique\/produit\/enduit-de-finition-traditionnel-veloute\/#primaryimage","url":"https:\/\/maisonecodistribution.com\/eboutique\/wp-content\/uploads\/2020\/05\/PN_EV27.jpg","contentUrl":"https:\/\/maisonecodistribution.com\/eboutique\/wp-content\/uploads\/2020\/05\/PN_EV27.jpg","width":759,"height":850},{"@type":"BreadcrumbList","@id":"https:\/\/maisonecodistribution.com\/eboutique\/produit\/enduit-de-finition-traditionnel-veloute\/#breadcrumb","itemListElement":[{"@type":"ListItem","position":1,"name":"Home","item":"https:\/\/maisonecodistribution.com\/eboutique\/"},{"@type":"ListItem","position":2,"name":"CATALOGUE","item":"https:\/\/maisonecodistribution.com\/eboutique\/catalogue\/"},{"@type":"ListItem","position":3,"name":"ENDUIT DE FINITION TRADITIONNEL &#8211; Velout\u00e9"}]},{"@type":"WebSite","@id":"https:\/\/maisonecodistribution.com\/eboutique\/#website","url":"https:\/\/maisonecodistribution.com\/eboutique\/","name":"Maison \u00c9co Distribution","description":"Tout pour un habitat sain","publisher":{"@id":"https:\/\/maisonecodistribution.com\/eboutique\/#organization"},"potentialAction":[{"@type":"SearchAction","target":{"@type":"EntryPoint","urlTemplate":"https:\/\/maisonecodistribution.com\/eboutique\/?s={search_term_string}"},"query-input":{"@type":"PropertyValueSpecification","valueRequired":true,"valueName":"search_term_string"}}],"inLanguage":"fr-FR"},{"@type":"Organization","@id":"https:\/\/maisonecodistribution.com\/eboutique\/#organization","name":"Maison \u00c9co Distribution","url":"https:\/\/maisonecodistribution.com\/eboutique\/","logo":{"@type":"ImageObject","inLanguage":"fr-FR","@id":"https:\/\/maisonecodistribution.com\/eboutique\/#\/schema\/logo\/image\/","url":"https:\/\/maisonecodistribution.com\/eboutique\/wp-content\/uploads\/2024\/07\/logo-maison-eco-1.png","contentUrl":"https:\/\/maisonecodistribution.com\/eboutique\/wp-content\/uploads\/2024\/07\/logo-maison-eco-1.png","width":300,"height":321,"caption":"Maison \u00c9co Distribution"},"image":{"@id":"https:\/\/maisonecodistribution.com\/eboutique\/#\/schema\/logo\/image\/"},"sameAs":["https:\/\/www.facebook.com\/maisonecodistribution"]}]},"product_price_amount":"94.36","product_price_currency":"EUR","og_availability":"instock","product_availability":"instock","product_condition":"new"},"_links":{"self":[{"href":"https:\/\/maisonecodistribution.com\/eboutique\/wp-json\/wp\/v2\/product\/1118","targetHints":{"allow":["GET"]}}],"collection":[{"href":"https:\/\/maisonecodistribution.com\/eboutique\/wp-json\/wp\/v2\/product"}],"about":[{"href":"https:\/\/maisonecodistribution.com\/eboutique\/wp-json\/wp\/v2\/types\/product"}],"wp:featuredmedia":[{"embeddable":true,"href":"https:\/\/maisonecodistribution.com\/eboutique\/wp-json\/wp\/v2\/media\/3510"}],"wp:attachment":[{"href":"https:\/\/maisonecodistribution.com\/eboutique\/wp-json\/wp\/v2\/media?parent=1118"}],"wp:term":[{"taxonomy":"product_brand","embeddable":true,"href":"https:\/\/maisonecodistribution.com\/eboutique\/wp-json\/wp\/v2\/product_brand?post=1118"},{"taxonomy":"product_cat","embeddable":true,"href":"https:\/\/maisonecodistribution.com\/eboutique\/wp-json\/wp\/v2\/product_cat?post=1118"},{"taxonomy":"product_tag","embeddable":true,"href":"https:\/\/maisonecodistribution.com\/eboutique\/wp-json\/wp\/v2\/product_tag?post=1118"}],"curies":[{"name":"wp","href":"https:\/\/api.w.org\/{rel}","templated":true}]}}