{"id":1080,"date":"2020-05-29T11:38:50","date_gmt":"2020-05-29T09:38:50","guid":{"rendered":"https:\/\/maisonecodistribution.fr\/?post_type=product&#038;p=1080"},"modified":"2026-04-20T10:57:21","modified_gmt":"2026-04-20T08:57:21","slug":"caseine","status":"publish","type":"product","link":"https:\/\/maisonecodistribution.com\/eboutique\/produit\/caseine\/","title":{"rendered":"CAS\u00c9INE"},"content":{"rendered":"<div class=\"page\" title=\"Page 1\">\n<div class=\"layoutArea\">\n<div class=\"column\">\n<p>Principale substance prote\u0301ique (prote\u0301ine) du lait, utilise\u0301e pour son important <strong>pouvoir collant<\/strong>. Elle s\u2019utilise comme liant dans la composition de peintures, badigeon a\u0300 la chaux, &#8230;<\/p>\n<p>Elle est conditionn\u00e9e en boites de 750 grammes.<\/p>\n<p><strong>Les + du produit\u00a0:<\/strong><\/p>\n<ul>\n<li>naturelle, elle ne contient pas de solvants ni de conservateurs<\/li>\n<li>micro-poreuse, elle laisse respirer les supports<\/li>\n<li>elle r\u00e9gularise l\u2019humidit\u00e9 ambiante<\/li>\n<\/ul>\n<\/div>\n<\/div>\n<\/div>\n<div  class='tabcontainer av-w1a2s-421fcc50b6ad35202a86b6fd3e7b11b1 top_tab  avia-builder-el-0  avia-builder-el-no-sibling '>\n<section class='av_tab_section av_tab_section av-raeuc-3ca0ff038ff76ed26b9240b8bb3516e9'  itemscope=\"itemscope\" itemtype=\"https:\/\/schema.org\/CreativeWork\" ><div id='tab-id-1-tab' class='tab active_tab' role='tab' aria-selected=\"true\" tabindex=\"0\" data-fake-id='#tab-id-1' aria-controls='tab-id-1-content'  itemprop=\"headline\" ><span class='tab_icon avia-iconfont avia-font-entypo-fontello' data-av_icon='\ue84b' data-av_iconfont='entypo-fontello' ><\/span>Fiches Techniques<\/div><div id='tab-id-1-content' class='tab_content active_tab_content' role='tabpanel' aria-labelledby='tab-id-1-tab' aria-hidden=\"false\"><div class='tab_inner_content invers-color'  itemprop=\"text\" ><div  class='avia-button-wrap av-igylo-3d52469519de7efd526f7b9e13d6d415-wrap avia-button-left  avia-builder-el-1  avia-builder-el-no-sibling '><a href='https:\/\/maisonecodistribution.com\/eboutique\/wp-content\/uploads\/2020\/05\/FP_n_17_CAS_v3.pdf'  class='avia-button av-igylo-3d52469519de7efd526f7b9e13d6d415 av-link-btn avia-icon_select-yes-left-icon avia-size-small avia-position-left av-icon-on-hover avia-color-theme-color'  target=\"_blank\"  rel=\"noopener noreferrer\"  aria-label=\"T\u00e9l\u00e9charger la fiche technique (PDF)\"><span class='avia_button_icon avia_button_icon_left avia-iconfont avia-font-entypo-fontello' data-av_icon='\ue82d' data-av_iconfont='entypo-fontello' ><\/span><span class='avia_iconbox_title' >T\u00e9l\u00e9charger la fiche technique (PDF)<\/span><\/a><\/div>\n<\/div><\/div><\/section>\n<section class='av_tab_section av_tab_section av-f3tho-673245044c8cd2155e38098f98d96955'  itemscope=\"itemscope\" itemtype=\"https:\/\/schema.org\/CreativeWork\" ><div id='tab-id-2-tab' class='tab' role='tab' aria-selected=\"false\" tabindex=\"0\" data-fake-id='#tab-id-2' aria-controls='tab-id-2-content'  itemprop=\"headline\" ><span class='tab_icon avia-iconfont avia-font-entypo-fontello' data-av_icon='\ue81f' data-av_iconfont='entypo-fontello' ><\/span>\u00c0 propos de la marque<\/div><div id='tab-id-2-content' class='tab_content' role='tabpanel' aria-labelledby='tab-id-2-tab' aria-hidden=\"true\"><div class='tab_inner_content invers-color'  itemprop=\"text\" ><p><img loading=\"lazy\" decoding=\"async\" class=\"wp-image-1037 alignleft\" src=\"https:\/\/maisonecodistribution.fr\/wp-content\/uploads\/2020\/05\/unnamed-1-300x300.jpg\" alt=\"pozzo nuovo\" width=\"124\" height=\"124\" srcset=\"https:\/\/maisonecodistribution.com\/eboutique\/wp-content\/uploads\/2020\/05\/unnamed-1-300x300.jpg 300w, https:\/\/maisonecodistribution.com\/eboutique\/wp-content\/uploads\/2020\/05\/unnamed-1-80x80.jpg 80w, https:\/\/maisonecodistribution.com\/eboutique\/wp-content\/uploads\/2020\/05\/unnamed-1-768x768.jpg 768w, https:\/\/maisonecodistribution.com\/eboutique\/wp-content\/uploads\/2020\/05\/unnamed-1-36x36.jpg 36w, https:\/\/maisonecodistribution.com\/eboutique\/wp-content\/uploads\/2020\/05\/unnamed-1-180x180.jpg 180w, https:\/\/maisonecodistribution.com\/eboutique\/wp-content\/uploads\/2020\/05\/unnamed-1-705x705.jpg 705w, https:\/\/maisonecodistribution.com\/eboutique\/wp-content\/uploads\/2020\/05\/unnamed-1-100x100.jpg 100w, https:\/\/maisonecodistribution.com\/eboutique\/wp-content\/uploads\/2020\/05\/unnamed-1-600x600.jpg 600w, https:\/\/maisonecodistribution.com\/eboutique\/wp-content\/uploads\/2020\/05\/unnamed-1.jpg 900w\" sizes=\"auto, (max-width: 124px) 100vw, 124px\" \/><a href=\"http:\/\/www.pozzonuovo.fr\/\">POZZO NUOVO<\/a> est un des rares fabricants fran\u00e7ais de chaux en p\u00e2te CL90-S. L\u2019atelier de production est install\u00e9 \u00e0 Mont\u00e9limar dans la Dr\u00f4me (Rh\u00f4ne-Alpes). Elle est enti\u00e8rement fabriqu\u00e9e et conditionn\u00e9e r\u00e9gionalement dans le quart sud-est de la France, de l\u2019extraction du calcaire jusqu\u2019au conditionnement.<\/p>\n<p>Pour ses qualit\u00e9s, la chaux POZZO NUOVO est utilis\u00e9e par des professionnels du b\u00e2timent, par des artistes pour la r\u00e9alisation et la restauration de d\u00e9cors, par des centres de formation agr\u00e9\u00e9s et reconnus.<\/p>\n<p>Sa fabrication et son conditionnement s\u2019inscrivent dans une volont\u00e9 d\u2019offrir un produit \u00e9cologique de grande qualit\u00e9. Le mode de conditionnement, r\u00e9-employable et recyclable, respecte au mieux l\u2019environnement. La chaux est pure et naturelle, sans adjuvant. La r\u00e9duction du transport pendant son \u00e9laboration est une des priorit\u00e9s de la marque.<\/p>\n<\/div><\/div><\/section>\n<section class='av_tab_section av_tab_section av-a4nn8-51255d398f2397d9e0b34ca3e4c5aa18'  itemscope=\"itemscope\" itemtype=\"https:\/\/schema.org\/CreativeWork\" ><div id='tab-id-3-tab' class='tab' role='tab' aria-selected=\"false\" tabindex=\"0\" data-fake-id='#tab-id-3' aria-controls='tab-id-3-content'  itemprop=\"headline\" ><span class='tab_icon avia-iconfont avia-font-entypo-fontello' data-av_icon='\ue817' data-av_iconfont='entypo-fontello' ><\/span>Plus d\u2019informations <\/div><div id='tab-id-3-content' class='tab_content' role='tabpanel' aria-labelledby='tab-id-3-tab' aria-hidden=\"true\"><div class='tab_inner_content invers-color'  itemprop=\"text\" ><table width=\"567\">\n<tbody>\n<tr>\n<td width=\"283\"><strong>PRODUIT<\/strong><\/td>\n<td width=\"142\">\n<p style=\"text-align: center;\"><strong>Prix HT \/ unit\u00e9<\/strong><\/p>\n<\/td>\n<td width=\"142\">\n<p style=\"text-align: center;\"><strong>Prix TTC \/ unit\u00e9<\/strong><\/p>\n<\/td>\n<\/tr>\n<tr>\n<td width=\"283\">CAS\u00c9INE 750 GR<\/td>\n<td width=\"142\">\n<p style=\"text-align: center;\"><span class=\"ng-scope\"> <span id=\"\" class=\"ng-binding lmbNumberConverted\">40,38 <\/span><span class=\"ng-binding\">\u20ac<\/span> <\/span><\/p>\n<\/td>\n<td width=\"142\">\n<p style=\"text-align: center;\"><span class=\"ng-scope\"> <span id=\"\" class=\"ng-binding lmbNumberConverted\">48,46 <\/span><span class=\"ng-binding\">\u20ac<\/span> <\/span><\/p>\n<\/td>\n<\/tr>\n<\/tbody>\n<\/table>\n<\/div><\/div><\/section>\n<\/div>\n","protected":false},"excerpt":{"rendered":"<p>La cas\u00e9ine est une prot\u00e9ine du lait provenant d&rsquo;une laiterie fran\u00e7aise. Elle est utilis\u00e9e comme <strong>liant naturel<\/strong> avec son fort pouvoir collant dans la composition de <strong>peintures et badigeons \u00e0 la chaux<\/strong>, c&rsquo;est aussi <strong>excellent fixateur<\/strong>.<\/p>\n","protected":false},"featured_media":3521,"template":"","meta":[],"product_brand":[],"product_cat":[2600,18,40],"product_tag":[],"class_list":{"0":"post-1080","1":"product","2":"type-product","3":"status-publish","4":"has-post-thumbnail","6":"product_cat-pozzo-nuovo","7":"product_cat-decoration-finition","8":"product_cat-badigeons-et-enduits-chaux","10":"first","11":"outofstock","12":"taxable","13":"shipping-taxable","14":"purchasable","15":"product-type-simple"},"yoast_head":"<!-- This site is optimized with the Yoast SEO plugin v25.1 - https:\/\/yoast.com\/wordpress\/plugins\/seo\/ -->\n<title>CAS\u00c9INE | Peinture &amp; enduit \u00e9cologiques| Maison \u00c9co Distribution<\/title>\n<meta name=\"description\" content=\"La caseine est utilis\u00e9e comme liant naturel avec son fort pouvoir collant pour les peintures et badigeons \u00e0 la chaux, c&#039;est aussi excellent fixateur.\" \/>\n<meta name=\"robots\" content=\"index, follow, max-snippet:-1, max-image-preview:large, max-video-preview:-1\" \/>\n<link rel=\"canonical\" href=\"https:\/\/maisonecodistribution.com\/eboutique\/produit\/caseine\/\" \/>\n<meta property=\"og:locale\" content=\"fr_FR\" \/>\n<meta property=\"og:type\" content=\"article\" \/>\n<meta property=\"og:title\" content=\"CAS\u00c9INE | Peinture &amp; enduit \u00e9cologiques| Maison \u00c9co Distribution\" \/>\n<meta property=\"og:description\" content=\"La caseine est utilis\u00e9e comme liant naturel avec son fort pouvoir collant pour les peintures et badigeons \u00e0 la chaux, c&#039;est aussi excellent fixateur.\" \/>\n<meta property=\"og:url\" content=\"https:\/\/maisonecodistribution.com\/eboutique\/produit\/caseine\/\" \/>\n<meta property=\"og:site_name\" content=\"Maison \u00c9co Distribution\" \/>\n<meta property=\"article:publisher\" content=\"https:\/\/www.facebook.com\/maisonecodistribution\" \/>\n<meta property=\"article:modified_time\" content=\"2026-04-20T08:57:21+00:00\" \/>\n<meta property=\"og:image\" content=\"https:\/\/maisonecodistribution.com\/eboutique\/wp-content\/uploads\/2020\/05\/PN_CAS.750.jpg\" \/>\n\t<meta property=\"og:image:width\" content=\"695\" \/>\n\t<meta property=\"og:image:height\" content=\"846\" \/>\n\t<meta property=\"og:image:type\" content=\"image\/jpeg\" \/>\n<meta name=\"twitter:card\" content=\"summary_large_image\" \/>\n<meta name=\"twitter:label1\" content=\"Prix\" \/>\n\t<meta name=\"twitter:data1\" content=\"48,46&nbsp;&euro; TTC\" \/>\n\t<meta name=\"twitter:label2\" content=\"Disponibilit\u00e9\" \/>\n\t<meta name=\"twitter:data2\" content=\"Rupture de stock\" \/>\n<script type=\"application\/ld+json\" class=\"yoast-schema-graph\">{\"@context\":\"https:\/\/schema.org\",\"@graph\":[{\"@type\":[\"WebPage\",\"ItemPage\"],\"@id\":\"https:\/\/maisonecodistribution.com\/eboutique\/produit\/caseine\/\",\"url\":\"https:\/\/maisonecodistribution.com\/eboutique\/produit\/caseine\/\",\"name\":\"CAS\u00c9INE | Peinture & enduit \u00e9cologiques| Maison \u00c9co Distribution\",\"isPartOf\":{\"@id\":\"https:\/\/maisonecodistribution.com\/eboutique\/#website\"},\"primaryImageOfPage\":{\"@id\":\"https:\/\/maisonecodistribution.com\/eboutique\/produit\/caseine\/#primaryimage\"},\"image\":{\"@id\":\"https:\/\/maisonecodistribution.com\/eboutique\/produit\/caseine\/#primaryimage\"},\"thumbnailUrl\":\"https:\/\/maisonecodistribution.com\/eboutique\/wp-content\/uploads\/2020\/05\/PN_CAS.750.jpg\",\"datePublished\":\"2020-05-29T09:38:50+00:00\",\"dateModified\":\"2026-04-20T08:57:21+00:00\",\"description\":\"La caseine est utilis\u00e9e comme liant naturel avec son fort pouvoir collant pour les peintures et badigeons \u00e0 la chaux, c'est aussi excellent fixateur.\",\"breadcrumb\":{\"@id\":\"https:\/\/maisonecodistribution.com\/eboutique\/produit\/caseine\/#breadcrumb\"},\"inLanguage\":\"fr-FR\",\"potentialAction\":[{\"@type\":\"ReadAction\",\"target\":[\"https:\/\/maisonecodistribution.com\/eboutique\/produit\/caseine\/\"]}]},{\"@type\":\"ImageObject\",\"inLanguage\":\"fr-FR\",\"@id\":\"https:\/\/maisonecodistribution.com\/eboutique\/produit\/caseine\/#primaryimage\",\"url\":\"https:\/\/maisonecodistribution.com\/eboutique\/wp-content\/uploads\/2020\/05\/PN_CAS.750.jpg\",\"contentUrl\":\"https:\/\/maisonecodistribution.com\/eboutique\/wp-content\/uploads\/2020\/05\/PN_CAS.750.jpg\",\"width\":695,\"height\":846},{\"@type\":\"BreadcrumbList\",\"@id\":\"https:\/\/maisonecodistribution.com\/eboutique\/produit\/caseine\/#breadcrumb\",\"itemListElement\":[{\"@type\":\"ListItem\",\"position\":1,\"name\":\"Home\",\"item\":\"https:\/\/maisonecodistribution.com\/eboutique\/\"},{\"@type\":\"ListItem\",\"position\":2,\"name\":\"CATALOGUE\",\"item\":\"https:\/\/maisonecodistribution.com\/eboutique\/catalogue\/\"},{\"@type\":\"ListItem\",\"position\":3,\"name\":\"CAS\u00c9INE\"}]},{\"@type\":\"WebSite\",\"@id\":\"https:\/\/maisonecodistribution.com\/eboutique\/#website\",\"url\":\"https:\/\/maisonecodistribution.com\/eboutique\/\",\"name\":\"Maison \u00c9co Distribution\",\"description\":\"Tout pour un habitat sain\",\"publisher\":{\"@id\":\"https:\/\/maisonecodistribution.com\/eboutique\/#organization\"},\"potentialAction\":[{\"@type\":\"SearchAction\",\"target\":{\"@type\":\"EntryPoint\",\"urlTemplate\":\"https:\/\/maisonecodistribution.com\/eboutique\/?s={search_term_string}\"},\"query-input\":{\"@type\":\"PropertyValueSpecification\",\"valueRequired\":true,\"valueName\":\"search_term_string\"}}],\"inLanguage\":\"fr-FR\"},{\"@type\":\"Organization\",\"@id\":\"https:\/\/maisonecodistribution.com\/eboutique\/#organization\",\"name\":\"Maison \u00c9co Distribution\",\"url\":\"https:\/\/maisonecodistribution.com\/eboutique\/\",\"logo\":{\"@type\":\"ImageObject\",\"inLanguage\":\"fr-FR\",\"@id\":\"https:\/\/maisonecodistribution.com\/eboutique\/#\/schema\/logo\/image\/\",\"url\":\"https:\/\/maisonecodistribution.com\/eboutique\/wp-content\/uploads\/2024\/07\/logo-maison-eco-1.png\",\"contentUrl\":\"https:\/\/maisonecodistribution.com\/eboutique\/wp-content\/uploads\/2024\/07\/logo-maison-eco-1.png\",\"width\":300,\"height\":321,\"caption\":\"Maison \u00c9co Distribution\"},\"image\":{\"@id\":\"https:\/\/maisonecodistribution.com\/eboutique\/#\/schema\/logo\/image\/\"},\"sameAs\":[\"https:\/\/www.facebook.com\/maisonecodistribution\"]}]}<\/script>\n<meta property=\"product:price:amount\" content=\"48.46\" \/>\n<meta property=\"product:price:currency\" content=\"EUR\" \/>\n<meta property=\"og:availability\" content=\"out of stock\" \/>\n<meta property=\"product:availability\" content=\"out of stock\" \/>\n<meta property=\"product:condition\" content=\"new\" \/>\n<!-- \/ Yoast SEO plugin. -->","yoast_head_json":{"title":"CAS\u00c9INE | Peinture & enduit \u00e9cologiques| Maison \u00c9co Distribution","description":"La caseine est utilis\u00e9e comme liant naturel avec son fort pouvoir collant pour les peintures et badigeons \u00e0 la chaux, c'est aussi excellent fixateur.","robots":{"index":"index","follow":"follow","max-snippet":"max-snippet:-1","max-image-preview":"max-image-preview:large","max-video-preview":"max-video-preview:-1"},"canonical":"https:\/\/maisonecodistribution.com\/eboutique\/produit\/caseine\/","og_locale":"fr_FR","og_type":"article","og_title":"CAS\u00c9INE | Peinture & enduit \u00e9cologiques| Maison \u00c9co Distribution","og_description":"La caseine est utilis\u00e9e comme liant naturel avec son fort pouvoir collant pour les peintures et badigeons \u00e0 la chaux, c'est aussi excellent fixateur.","og_url":"https:\/\/maisonecodistribution.com\/eboutique\/produit\/caseine\/","og_site_name":"Maison \u00c9co Distribution","article_publisher":"https:\/\/www.facebook.com\/maisonecodistribution","article_modified_time":"2026-04-20T08:57:21+00:00","og_image":[{"width":695,"height":846,"url":"https:\/\/maisonecodistribution.com\/eboutique\/wp-content\/uploads\/2020\/05\/PN_CAS.750.jpg","type":"image\/jpeg"}],"twitter_card":"summary_large_image","twitter_misc":{"Prix":"48,46&nbsp;&euro; TTC","Disponibilit\u00e9":"Rupture de stock"},"schema":{"@context":"https:\/\/schema.org","@graph":[{"@type":["WebPage","ItemPage"],"@id":"https:\/\/maisonecodistribution.com\/eboutique\/produit\/caseine\/","url":"https:\/\/maisonecodistribution.com\/eboutique\/produit\/caseine\/","name":"CAS\u00c9INE | Peinture & enduit \u00e9cologiques| Maison \u00c9co Distribution","isPartOf":{"@id":"https:\/\/maisonecodistribution.com\/eboutique\/#website"},"primaryImageOfPage":{"@id":"https:\/\/maisonecodistribution.com\/eboutique\/produit\/caseine\/#primaryimage"},"image":{"@id":"https:\/\/maisonecodistribution.com\/eboutique\/produit\/caseine\/#primaryimage"},"thumbnailUrl":"https:\/\/maisonecodistribution.com\/eboutique\/wp-content\/uploads\/2020\/05\/PN_CAS.750.jpg","datePublished":"2020-05-29T09:38:50+00:00","dateModified":"2026-04-20T08:57:21+00:00","description":"La caseine est utilis\u00e9e comme liant naturel avec son fort pouvoir collant pour les peintures et badigeons \u00e0 la chaux, c'est aussi excellent fixateur.","breadcrumb":{"@id":"https:\/\/maisonecodistribution.com\/eboutique\/produit\/caseine\/#breadcrumb"},"inLanguage":"fr-FR","potentialAction":[{"@type":"ReadAction","target":["https:\/\/maisonecodistribution.com\/eboutique\/produit\/caseine\/"]}]},{"@type":"ImageObject","inLanguage":"fr-FR","@id":"https:\/\/maisonecodistribution.com\/eboutique\/produit\/caseine\/#primaryimage","url":"https:\/\/maisonecodistribution.com\/eboutique\/wp-content\/uploads\/2020\/05\/PN_CAS.750.jpg","contentUrl":"https:\/\/maisonecodistribution.com\/eboutique\/wp-content\/uploads\/2020\/05\/PN_CAS.750.jpg","width":695,"height":846},{"@type":"BreadcrumbList","@id":"https:\/\/maisonecodistribution.com\/eboutique\/produit\/caseine\/#breadcrumb","itemListElement":[{"@type":"ListItem","position":1,"name":"Home","item":"https:\/\/maisonecodistribution.com\/eboutique\/"},{"@type":"ListItem","position":2,"name":"CATALOGUE","item":"https:\/\/maisonecodistribution.com\/eboutique\/catalogue\/"},{"@type":"ListItem","position":3,"name":"CAS\u00c9INE"}]},{"@type":"WebSite","@id":"https:\/\/maisonecodistribution.com\/eboutique\/#website","url":"https:\/\/maisonecodistribution.com\/eboutique\/","name":"Maison \u00c9co Distribution","description":"Tout pour un habitat sain","publisher":{"@id":"https:\/\/maisonecodistribution.com\/eboutique\/#organization"},"potentialAction":[{"@type":"SearchAction","target":{"@type":"EntryPoint","urlTemplate":"https:\/\/maisonecodistribution.com\/eboutique\/?s={search_term_string}"},"query-input":{"@type":"PropertyValueSpecification","valueRequired":true,"valueName":"search_term_string"}}],"inLanguage":"fr-FR"},{"@type":"Organization","@id":"https:\/\/maisonecodistribution.com\/eboutique\/#organization","name":"Maison \u00c9co Distribution","url":"https:\/\/maisonecodistribution.com\/eboutique\/","logo":{"@type":"ImageObject","inLanguage":"fr-FR","@id":"https:\/\/maisonecodistribution.com\/eboutique\/#\/schema\/logo\/image\/","url":"https:\/\/maisonecodistribution.com\/eboutique\/wp-content\/uploads\/2024\/07\/logo-maison-eco-1.png","contentUrl":"https:\/\/maisonecodistribution.com\/eboutique\/wp-content\/uploads\/2024\/07\/logo-maison-eco-1.png","width":300,"height":321,"caption":"Maison \u00c9co Distribution"},"image":{"@id":"https:\/\/maisonecodistribution.com\/eboutique\/#\/schema\/logo\/image\/"},"sameAs":["https:\/\/www.facebook.com\/maisonecodistribution"]}]},"product_price_amount":"48.46","product_price_currency":"EUR","og_availability":"out of stock","product_availability":"out of stock","product_condition":"new"},"_links":{"self":[{"href":"https:\/\/maisonecodistribution.com\/eboutique\/wp-json\/wp\/v2\/product\/1080","targetHints":{"allow":["GET"]}}],"collection":[{"href":"https:\/\/maisonecodistribution.com\/eboutique\/wp-json\/wp\/v2\/product"}],"about":[{"href":"https:\/\/maisonecodistribution.com\/eboutique\/wp-json\/wp\/v2\/types\/product"}],"wp:featuredmedia":[{"embeddable":true,"href":"https:\/\/maisonecodistribution.com\/eboutique\/wp-json\/wp\/v2\/media\/3521"}],"wp:attachment":[{"href":"https:\/\/maisonecodistribution.com\/eboutique\/wp-json\/wp\/v2\/media?parent=1080"}],"wp:term":[{"taxonomy":"product_brand","embeddable":true,"href":"https:\/\/maisonecodistribution.com\/eboutique\/wp-json\/wp\/v2\/product_brand?post=1080"},{"taxonomy":"product_cat","embeddable":true,"href":"https:\/\/maisonecodistribution.com\/eboutique\/wp-json\/wp\/v2\/product_cat?post=1080"},{"taxonomy":"product_tag","embeddable":true,"href":"https:\/\/maisonecodistribution.com\/eboutique\/wp-json\/wp\/v2\/product_tag?post=1080"}],"curies":[{"name":"wp","href":"https:\/\/api.w.org\/{rel}","templated":true}]}}