{"id":1076,"date":"2020-05-29T11:13:43","date_gmt":"2020-05-29T09:13:43","guid":{"rendered":"https:\/\/maisonecodistribution.fr\/?post_type=product&#038;p=1076"},"modified":"2025-06-23T20:30:51","modified_gmt":"2025-06-23T18:30:51","slug":"methylcellulose","status":"publish","type":"product","link":"https:\/\/maisonecodistribution.com\/eboutique\/produit\/methylcellulose\/","title":{"rendered":"M\u00c9THYLCELLULOSE"},"content":{"rendered":"<div class=\"page\" title=\"Page 1\">\n<div class=\"layoutArea\">\n<div class=\"column\">Conditionn\u00e9 en pot de 375gr et en seaux de 1,5 kg.<\/div>\n<div><\/div>\n<div class=\"column\">\n<p><strong>Les + du produit\u00a0:\u00a0<\/strong><\/p>\n<ul>\n<li>augmente la dur\u00e9e de s\u00e9chage en ralentissant l&rsquo;\u00e9vaporation de l&rsquo;eau<\/li>\n<li>prolonge le temps de travail lorsque le support est poreux et\/ou par temps chaud et sec<\/li>\n<li>augmente la souplesse de l&rsquo;enduit ou du badigeon<\/li>\n<li>diminue le risque de farinage<\/li>\n<\/ul>\n<\/div>\n<\/div>\n<\/div>\n<div  class='tabcontainer av-w1a2s-421fcc50b6ad35202a86b6fd3e7b11b1 top_tab  avia-builder-el-0  avia-builder-el-no-sibling '>\n<section class='av_tab_section av_tab_section av-f3tho-673245044c8cd2155e38098f98d96955'  itemscope=\"itemscope\" itemtype=\"https:\/\/schema.org\/CreativeWork\" ><div id='tab-id-1-tab' class='tab active_tab' role='tab' aria-selected=\"true\" tabindex=\"0\" data-fake-id='#tab-id-1' aria-controls='tab-id-1-content'  itemprop=\"headline\" ><span class='tab_icon avia-iconfont avia-font-entypo-fontello' data-av_icon='\ue81f' data-av_iconfont='entypo-fontello' ><\/span>\u00c0 propos de la marque<\/div><div id='tab-id-1-content' class='tab_content active_tab_content' role='tabpanel' aria-labelledby='tab-id-1-tab' aria-hidden=\"false\"><div class='tab_inner_content invers-color'  itemprop=\"text\" ><p><img loading=\"lazy\" decoding=\"async\" class=\"wp-image-1037 alignleft\" src=\"https:\/\/maisonecodistribution.fr\/wp-content\/uploads\/2020\/05\/unnamed-1-300x300.jpg\" alt=\"pozzo nuovo\" width=\"124\" height=\"124\" srcset=\"https:\/\/maisonecodistribution.com\/eboutique\/wp-content\/uploads\/2020\/05\/unnamed-1-300x300.jpg 300w, https:\/\/maisonecodistribution.com\/eboutique\/wp-content\/uploads\/2020\/05\/unnamed-1-80x80.jpg 80w, https:\/\/maisonecodistribution.com\/eboutique\/wp-content\/uploads\/2020\/05\/unnamed-1-768x768.jpg 768w, https:\/\/maisonecodistribution.com\/eboutique\/wp-content\/uploads\/2020\/05\/unnamed-1-36x36.jpg 36w, https:\/\/maisonecodistribution.com\/eboutique\/wp-content\/uploads\/2020\/05\/unnamed-1-180x180.jpg 180w, https:\/\/maisonecodistribution.com\/eboutique\/wp-content\/uploads\/2020\/05\/unnamed-1-705x705.jpg 705w, https:\/\/maisonecodistribution.com\/eboutique\/wp-content\/uploads\/2020\/05\/unnamed-1-100x100.jpg 100w, https:\/\/maisonecodistribution.com\/eboutique\/wp-content\/uploads\/2020\/05\/unnamed-1-600x600.jpg 600w, https:\/\/maisonecodistribution.com\/eboutique\/wp-content\/uploads\/2020\/05\/unnamed-1.jpg 900w\" sizes=\"auto, (max-width: 124px) 100vw, 124px\" \/><a href=\"http:\/\/www.pozzonuovo.fr\/\" target=\"_blank\" rel=\"noopener noreferrer\">POZZO NUOVO<\/a> est un des rares fabricants fran\u00e7ais de chaux en p\u00e2te CL90-S. L\u2019atelier de production est install\u00e9 \u00e0 Mont\u00e9limar dans la Dr\u00f4me (Rh\u00f4ne-Alpes). Elle est enti\u00e8rement fabriqu\u00e9e et conditionn\u00e9e r\u00e9gionalement dans le quart sud-est de la France, de l\u2019extraction du calcaire jusqu\u2019au conditionnement.<\/p>\n<p>Pour ses qualit\u00e9s, la chaux POZZO NUOVO est utilis\u00e9e par des professionnels du b\u00e2timent, par des artistes pour la r\u00e9alisation et la restauration de d\u00e9cors, par des centres de formation agr\u00e9\u00e9s et reconnus.<\/p>\n<p>Sa fabrication et son conditionnement s\u2019inscrivent dans une volont\u00e9 d\u2019offrir un produit \u00e9cologique de grande qualit\u00e9. Le mode de conditionnement, r\u00e9-employable et recyclable, respecte au mieux l\u2019environnement. La chaux est pure et naturelle, sans adjuvant. La r\u00e9duction du transport pendant son \u00e9laboration est une des priorit\u00e9s de la marque.<\/p>\n<\/div><\/div><\/section>\n<section class='av_tab_section av_tab_section av-a4nn8-51255d398f2397d9e0b34ca3e4c5aa18'  itemscope=\"itemscope\" itemtype=\"https:\/\/schema.org\/CreativeWork\" ><div id='tab-id-2-tab' class='tab' role='tab' aria-selected=\"false\" tabindex=\"0\" data-fake-id='#tab-id-2' aria-controls='tab-id-2-content'  itemprop=\"headline\" ><span class='tab_icon avia-iconfont avia-font-entypo-fontello' data-av_icon='\ue817' data-av_iconfont='entypo-fontello' ><\/span>Plus d\u2019informations <\/div><div id='tab-id-2-content' class='tab_content' role='tabpanel' aria-labelledby='tab-id-2-tab' aria-hidden=\"true\"><div class='tab_inner_content invers-color'  itemprop=\"text\" ><table width=\"567\">\n<tbody>\n<tr>\n<td width=\"283\"><strong>PRODUIT<\/strong><\/td>\n<td width=\"142\">\n<p style=\"text-align: center;\"><strong>Prix HT \/ unit\u00e9<\/strong><\/p>\n<\/td>\n<td width=\"142\">\n<p style=\"text-align: center;\"><strong>Prix TTC \/ unit\u00e9<\/strong><\/p>\n<\/td>\n<\/tr>\n<tr>\n<td width=\"283\">M\u00c9THYLCELLULOSE 375 Gr<\/td>\n<td width=\"142\">\n<p style=\"text-align: center;\"><span class=\"ng-scope\"> <span id=\"\" class=\"ng-binding lmbNumberConverted\">22,3<\/span><span class=\"ng-binding\">\u20ac<\/span> <\/span><\/p>\n<\/td>\n<td width=\"142\">\n<p style=\"text-align: center;\"><span class=\"ng-scope\"> <span id=\"\" class=\"ng-binding lmbNumberConverted\">26,76\u00a0 <\/span><span class=\"ng-binding\">\u20ac<\/span> <\/span><\/p>\n<\/td>\n<\/tr>\n<tr>\n<td width=\"283\">M\u00c9THYLCELLULOSE 1,5 KG<\/td>\n<td width=\"142\">\n<p style=\"text-align: center;\"><span class=\"ng-scope\"> <span id=\"\" class=\"ng-binding lmbNumberConverted\">51,43<\/span><span class=\"ng-binding\">\u20ac<\/span> <\/span><\/p>\n<\/td>\n<td width=\"142\">\n<p style=\"text-align: center;\"><span class=\"ng-scope\"> <span id=\"\" class=\"ng-binding lmbNumberConverted\">61,72 <\/span><span class=\"ng-binding\">\u20ac<\/span> <\/span><\/p>\n<\/td>\n<\/tr>\n<\/tbody>\n<\/table>\n<\/div><\/div><\/section>\n<\/div>\n","protected":false},"excerpt":{"rendered":"<p>Le M\u00e9thylcellulose est un adjuvant et un <strong>r\u00e9tenteur d&rsquo;eau<\/strong> tr\u00e8s utilis\u00e9 dans la <strong>pr\u00e9paration des badigeons, stucs et enduits \u00e0 la chaux<\/strong>. Il est fabriqu\u00e9 \u00e0 partir de la cellulose du bois et se comporte comme des fibres solubles<\/p>\n","protected":false},"featured_media":3524,"template":"","meta":[],"product_brand":[],"product_cat":[2600,18,40],"product_tag":[],"class_list":{"0":"post-1076","1":"product","2":"type-product","3":"status-publish","4":"has-post-thumbnail","6":"product_cat-pozzo-nuovo","7":"product_cat-decoration-finition","8":"product_cat-badigeons-et-enduits-chaux","10":"first","11":"instock","12":"taxable","13":"shipping-taxable","14":"purchasable","15":"product-type-variable","16":"has-default-attributes"},"yoast_head":"<!-- This site is optimized with the Yoast SEO plugin v25.1 - https:\/\/yoast.com\/wordpress\/plugins\/seo\/ -->\n<title>M\u00c9THYLCELLULOSE | Peinture &amp; enduit \u00e9cologiques| Maison \u00c9co Distribution<\/title>\n<meta name=\"description\" content=\"Le M\u00e9thyl de cellulose est un adjuvant et un r\u00e9tenteur d&#039;eau tr\u00e8s utilis\u00e9 dans la pr\u00e9paration des badigeons, stucs et enduits \u00e0 la chaux.\" \/>\n<meta name=\"robots\" content=\"index, follow, max-snippet:-1, max-image-preview:large, max-video-preview:-1\" \/>\n<link rel=\"canonical\" href=\"https:\/\/maisonecodistribution.com\/eboutique\/produit\/methylcellulose\/\" \/>\n<meta property=\"og:locale\" content=\"fr_FR\" \/>\n<meta property=\"og:type\" content=\"article\" \/>\n<meta property=\"og:title\" content=\"M\u00c9THYLCELLULOSE | Peinture &amp; enduit \u00e9cologiques| Maison \u00c9co Distribution\" \/>\n<meta property=\"og:description\" content=\"Le M\u00e9thyl de cellulose est un adjuvant et un r\u00e9tenteur d&#039;eau tr\u00e8s utilis\u00e9 dans la pr\u00e9paration des badigeons, stucs et enduits \u00e0 la chaux.\" \/>\n<meta property=\"og:url\" content=\"https:\/\/maisonecodistribution.com\/eboutique\/produit\/methylcellulose\/\" \/>\n<meta property=\"og:site_name\" content=\"Maison \u00c9co Distribution\" \/>\n<meta property=\"article:publisher\" content=\"https:\/\/www.facebook.com\/maisonecodistribution\" \/>\n<meta property=\"article:modified_time\" content=\"2025-06-23T18:30:51+00:00\" \/>\n<meta property=\"og:image\" content=\"https:\/\/maisonecodistribution.com\/eboutique\/wp-content\/uploads\/2020\/05\/PN_MC.350.jpg\" \/>\n\t<meta property=\"og:image:width\" content=\"640\" \/>\n\t<meta property=\"og:image:height\" content=\"737\" \/>\n\t<meta property=\"og:image:type\" content=\"image\/jpeg\" \/>\n<meta name=\"twitter:card\" content=\"summary_large_image\" \/>\n<meta name=\"twitter:label1\" content=\"Disponibilit\u00e9\" \/>\n\t<meta name=\"twitter:data1\" content=\"En stock\" \/>\n<script type=\"application\/ld+json\" class=\"yoast-schema-graph\">{\"@context\":\"https:\/\/schema.org\",\"@graph\":[{\"@type\":[\"WebPage\",\"ItemPage\"],\"@id\":\"https:\/\/maisonecodistribution.com\/eboutique\/produit\/methylcellulose\/\",\"url\":\"https:\/\/maisonecodistribution.com\/eboutique\/produit\/methylcellulose\/\",\"name\":\"M\u00c9THYLCELLULOSE | Peinture & enduit \u00e9cologiques| Maison \u00c9co Distribution\",\"isPartOf\":{\"@id\":\"https:\/\/maisonecodistribution.com\/eboutique\/#website\"},\"primaryImageOfPage\":{\"@id\":\"https:\/\/maisonecodistribution.com\/eboutique\/produit\/methylcellulose\/#primaryimage\"},\"image\":{\"@id\":\"https:\/\/maisonecodistribution.com\/eboutique\/produit\/methylcellulose\/#primaryimage\"},\"thumbnailUrl\":\"https:\/\/maisonecodistribution.com\/eboutique\/wp-content\/uploads\/2020\/05\/PN_MC.350.jpg\",\"datePublished\":\"2020-05-29T09:13:43+00:00\",\"dateModified\":\"2025-06-23T18:30:51+00:00\",\"description\":\"Le M\u00e9thyl de cellulose est un adjuvant et un r\u00e9tenteur d'eau tr\u00e8s utilis\u00e9 dans la pr\u00e9paration des badigeons, stucs et enduits \u00e0 la chaux.\",\"breadcrumb\":{\"@id\":\"https:\/\/maisonecodistribution.com\/eboutique\/produit\/methylcellulose\/#breadcrumb\"},\"inLanguage\":\"fr-FR\",\"potentialAction\":[{\"@type\":\"ReadAction\",\"target\":[\"https:\/\/maisonecodistribution.com\/eboutique\/produit\/methylcellulose\/\"]}]},{\"@type\":\"ImageObject\",\"inLanguage\":\"fr-FR\",\"@id\":\"https:\/\/maisonecodistribution.com\/eboutique\/produit\/methylcellulose\/#primaryimage\",\"url\":\"https:\/\/maisonecodistribution.com\/eboutique\/wp-content\/uploads\/2020\/05\/PN_MC.350.jpg\",\"contentUrl\":\"https:\/\/maisonecodistribution.com\/eboutique\/wp-content\/uploads\/2020\/05\/PN_MC.350.jpg\",\"width\":640,\"height\":737},{\"@type\":\"BreadcrumbList\",\"@id\":\"https:\/\/maisonecodistribution.com\/eboutique\/produit\/methylcellulose\/#breadcrumb\",\"itemListElement\":[{\"@type\":\"ListItem\",\"position\":1,\"name\":\"Home\",\"item\":\"https:\/\/maisonecodistribution.com\/eboutique\/\"},{\"@type\":\"ListItem\",\"position\":2,\"name\":\"CATALOGUE\",\"item\":\"https:\/\/maisonecodistribution.com\/eboutique\/catalogue\/\"},{\"@type\":\"ListItem\",\"position\":3,\"name\":\"M\u00c9THYLCELLULOSE\"}]},{\"@type\":\"WebSite\",\"@id\":\"https:\/\/maisonecodistribution.com\/eboutique\/#website\",\"url\":\"https:\/\/maisonecodistribution.com\/eboutique\/\",\"name\":\"Maison \u00c9co Distribution\",\"description\":\"Tout pour un habitat sain\",\"publisher\":{\"@id\":\"https:\/\/maisonecodistribution.com\/eboutique\/#organization\"},\"potentialAction\":[{\"@type\":\"SearchAction\",\"target\":{\"@type\":\"EntryPoint\",\"urlTemplate\":\"https:\/\/maisonecodistribution.com\/eboutique\/?s={search_term_string}\"},\"query-input\":{\"@type\":\"PropertyValueSpecification\",\"valueRequired\":true,\"valueName\":\"search_term_string\"}}],\"inLanguage\":\"fr-FR\"},{\"@type\":\"Organization\",\"@id\":\"https:\/\/maisonecodistribution.com\/eboutique\/#organization\",\"name\":\"Maison \u00c9co Distribution\",\"url\":\"https:\/\/maisonecodistribution.com\/eboutique\/\",\"logo\":{\"@type\":\"ImageObject\",\"inLanguage\":\"fr-FR\",\"@id\":\"https:\/\/maisonecodistribution.com\/eboutique\/#\/schema\/logo\/image\/\",\"url\":\"https:\/\/maisonecodistribution.com\/eboutique\/wp-content\/uploads\/2024\/07\/logo-maison-eco-1.png\",\"contentUrl\":\"https:\/\/maisonecodistribution.com\/eboutique\/wp-content\/uploads\/2024\/07\/logo-maison-eco-1.png\",\"width\":300,\"height\":321,\"caption\":\"Maison \u00c9co Distribution\"},\"image\":{\"@id\":\"https:\/\/maisonecodistribution.com\/eboutique\/#\/schema\/logo\/image\/\"},\"sameAs\":[\"https:\/\/www.facebook.com\/maisonecodistribution\"]}]}<\/script>\n<meta property=\"og:availability\" content=\"instock\" \/>\n<meta property=\"product:availability\" content=\"instock\" \/>\n<meta property=\"product:condition\" content=\"new\" \/>\n<!-- \/ Yoast SEO plugin. -->","yoast_head_json":{"title":"M\u00c9THYLCELLULOSE | Peinture & enduit \u00e9cologiques| Maison \u00c9co Distribution","description":"Le M\u00e9thyl de cellulose est un adjuvant et un r\u00e9tenteur d'eau tr\u00e8s utilis\u00e9 dans la pr\u00e9paration des badigeons, stucs et enduits \u00e0 la chaux.","robots":{"index":"index","follow":"follow","max-snippet":"max-snippet:-1","max-image-preview":"max-image-preview:large","max-video-preview":"max-video-preview:-1"},"canonical":"https:\/\/maisonecodistribution.com\/eboutique\/produit\/methylcellulose\/","og_locale":"fr_FR","og_type":"article","og_title":"M\u00c9THYLCELLULOSE | Peinture & enduit \u00e9cologiques| Maison \u00c9co Distribution","og_description":"Le M\u00e9thyl de cellulose est un adjuvant et un r\u00e9tenteur d'eau tr\u00e8s utilis\u00e9 dans la pr\u00e9paration des badigeons, stucs et enduits \u00e0 la chaux.","og_url":"https:\/\/maisonecodistribution.com\/eboutique\/produit\/methylcellulose\/","og_site_name":"Maison \u00c9co Distribution","article_publisher":"https:\/\/www.facebook.com\/maisonecodistribution","article_modified_time":"2025-06-23T18:30:51+00:00","og_image":[{"width":640,"height":737,"url":"https:\/\/maisonecodistribution.com\/eboutique\/wp-content\/uploads\/2020\/05\/PN_MC.350.jpg","type":"image\/jpeg"}],"twitter_card":"summary_large_image","twitter_misc":{"Disponibilit\u00e9":"En stock"},"schema":{"@context":"https:\/\/schema.org","@graph":[{"@type":["WebPage","ItemPage"],"@id":"https:\/\/maisonecodistribution.com\/eboutique\/produit\/methylcellulose\/","url":"https:\/\/maisonecodistribution.com\/eboutique\/produit\/methylcellulose\/","name":"M\u00c9THYLCELLULOSE | Peinture & enduit \u00e9cologiques| Maison \u00c9co Distribution","isPartOf":{"@id":"https:\/\/maisonecodistribution.com\/eboutique\/#website"},"primaryImageOfPage":{"@id":"https:\/\/maisonecodistribution.com\/eboutique\/produit\/methylcellulose\/#primaryimage"},"image":{"@id":"https:\/\/maisonecodistribution.com\/eboutique\/produit\/methylcellulose\/#primaryimage"},"thumbnailUrl":"https:\/\/maisonecodistribution.com\/eboutique\/wp-content\/uploads\/2020\/05\/PN_MC.350.jpg","datePublished":"2020-05-29T09:13:43+00:00","dateModified":"2025-06-23T18:30:51+00:00","description":"Le M\u00e9thyl de cellulose est un adjuvant et un r\u00e9tenteur d'eau tr\u00e8s utilis\u00e9 dans la pr\u00e9paration des badigeons, stucs et enduits \u00e0 la chaux.","breadcrumb":{"@id":"https:\/\/maisonecodistribution.com\/eboutique\/produit\/methylcellulose\/#breadcrumb"},"inLanguage":"fr-FR","potentialAction":[{"@type":"ReadAction","target":["https:\/\/maisonecodistribution.com\/eboutique\/produit\/methylcellulose\/"]}]},{"@type":"ImageObject","inLanguage":"fr-FR","@id":"https:\/\/maisonecodistribution.com\/eboutique\/produit\/methylcellulose\/#primaryimage","url":"https:\/\/maisonecodistribution.com\/eboutique\/wp-content\/uploads\/2020\/05\/PN_MC.350.jpg","contentUrl":"https:\/\/maisonecodistribution.com\/eboutique\/wp-content\/uploads\/2020\/05\/PN_MC.350.jpg","width":640,"height":737},{"@type":"BreadcrumbList","@id":"https:\/\/maisonecodistribution.com\/eboutique\/produit\/methylcellulose\/#breadcrumb","itemListElement":[{"@type":"ListItem","position":1,"name":"Home","item":"https:\/\/maisonecodistribution.com\/eboutique\/"},{"@type":"ListItem","position":2,"name":"CATALOGUE","item":"https:\/\/maisonecodistribution.com\/eboutique\/catalogue\/"},{"@type":"ListItem","position":3,"name":"M\u00c9THYLCELLULOSE"}]},{"@type":"WebSite","@id":"https:\/\/maisonecodistribution.com\/eboutique\/#website","url":"https:\/\/maisonecodistribution.com\/eboutique\/","name":"Maison \u00c9co Distribution","description":"Tout pour un habitat sain","publisher":{"@id":"https:\/\/maisonecodistribution.com\/eboutique\/#organization"},"potentialAction":[{"@type":"SearchAction","target":{"@type":"EntryPoint","urlTemplate":"https:\/\/maisonecodistribution.com\/eboutique\/?s={search_term_string}"},"query-input":{"@type":"PropertyValueSpecification","valueRequired":true,"valueName":"search_term_string"}}],"inLanguage":"fr-FR"},{"@type":"Organization","@id":"https:\/\/maisonecodistribution.com\/eboutique\/#organization","name":"Maison \u00c9co Distribution","url":"https:\/\/maisonecodistribution.com\/eboutique\/","logo":{"@type":"ImageObject","inLanguage":"fr-FR","@id":"https:\/\/maisonecodistribution.com\/eboutique\/#\/schema\/logo\/image\/","url":"https:\/\/maisonecodistribution.com\/eboutique\/wp-content\/uploads\/2024\/07\/logo-maison-eco-1.png","contentUrl":"https:\/\/maisonecodistribution.com\/eboutique\/wp-content\/uploads\/2024\/07\/logo-maison-eco-1.png","width":300,"height":321,"caption":"Maison \u00c9co Distribution"},"image":{"@id":"https:\/\/maisonecodistribution.com\/eboutique\/#\/schema\/logo\/image\/"},"sameAs":["https:\/\/www.facebook.com\/maisonecodistribution"]}]},"og_availability":"instock","product_availability":"instock","product_condition":"new"},"_links":{"self":[{"href":"https:\/\/maisonecodistribution.com\/eboutique\/wp-json\/wp\/v2\/product\/1076","targetHints":{"allow":["GET"]}}],"collection":[{"href":"https:\/\/maisonecodistribution.com\/eboutique\/wp-json\/wp\/v2\/product"}],"about":[{"href":"https:\/\/maisonecodistribution.com\/eboutique\/wp-json\/wp\/v2\/types\/product"}],"wp:featuredmedia":[{"embeddable":true,"href":"https:\/\/maisonecodistribution.com\/eboutique\/wp-json\/wp\/v2\/media\/3524"}],"wp:attachment":[{"href":"https:\/\/maisonecodistribution.com\/eboutique\/wp-json\/wp\/v2\/media?parent=1076"}],"wp:term":[{"taxonomy":"product_brand","embeddable":true,"href":"https:\/\/maisonecodistribution.com\/eboutique\/wp-json\/wp\/v2\/product_brand?post=1076"},{"taxonomy":"product_cat","embeddable":true,"href":"https:\/\/maisonecodistribution.com\/eboutique\/wp-json\/wp\/v2\/product_cat?post=1076"},{"taxonomy":"product_tag","embeddable":true,"href":"https:\/\/maisonecodistribution.com\/eboutique\/wp-json\/wp\/v2\/product_tag?post=1076"}],"curies":[{"name":"wp","href":"https:\/\/api.w.org\/{rel}","templated":true}]}}