{"id":1042,"date":"2020-05-28T17:04:04","date_gmt":"2020-05-28T15:04:04","guid":{"rendered":"https:\/\/maisonecodistribution.fr\/?post_type=product&#038;p=1042"},"modified":"2025-11-12T09:52:26","modified_gmt":"2025-11-12T08:52:26","slug":"badigeon-a-lhuile-de-lin","status":"publish","type":"product","link":"https:\/\/maisonecodistribution.com\/eboutique\/produit\/badigeon-a-lhuile-de-lin\/","title":{"rendered":"BADIGEON \u00c0 L&rsquo;HUILE DE LIN"},"content":{"rendered":"<p>La qualit\u00e9 de ce badigeon est renforc\u00e9e par l&rsquo;utilisation d&rsquo;eau de chaux et d&rsquo;huile de lin pendant son \u00e9laboration. Il est sp\u00e9cialement adapt\u00e9 pour une application, en <strong>ext\u00e9rieur<\/strong>, sur tous types de supports <strong>pr\u00e9alablement pr\u00e9par\u00e9s<\/strong>. Ce produit, de couleur blanche, peut \u00eatre teint\u00e9 avec le syst\u00e8me \u00ab\u00a0Dose Couleur\u00a0\u00bb.<\/p>\n<p><u>Application<\/u> : mise en oeuvre en <strong>deux couches minimum<\/strong> \u00e0 l\u2019aide d\u2019une brosse \u00e0 badigeon ou d\u2019un spalter. Il est conseill\u00e9 d&rsquo;utiliser un malaxeur \u00e9lectrique pour le rendre homog\u00e8ne dans le seau avant emploi.<\/p>\n<p>Apr\u00e8s s\u00e9chage (24 \u00e0 48h), il est possible d\u2019apporter, avec un gel fixateur, une protection compl\u00e9mentaire \u00e0 votre badigeon afin de le rendre plus r\u00e9sistant au frottement, au lavage et, en ext\u00e9rieur, aux eaux de ruissellement.<\/p>\n<p><u>Composition <\/u> : <a href=\"https:\/\/maisonecodistribution.fr\/produit\/chaux-en-pate-2\/\" target=\"_blank\" rel=\"noopener noreferrer\">chaux naturelle en p\u00e2te<\/a>, <a href=\"https:\/\/maisonecodistribution.fr\/produit\/eaux-de-chaux\/\" target=\"_blank\" rel=\"noopener noreferrer\">eau de chaux<\/a>, huile de lin, cellulose, <a href=\"https:\/\/maisonecodistribution.fr\/produit\/savon-noir\/\" target=\"_blank\" rel=\"noopener noreferrer\">savon noir<\/a>.<\/p>\n<p><u>Consommation approximative<\/u>\u00a0 :<br \/>\n&#8211; 6m<sup>2<\/sup> par litre et par couche sur support absorbant.<br \/>\n&#8211; 8m<sup>2<\/sup> par litre et par couche sur support non absorbant.<\/p>\n<p>Il est conditionne\u0301 dans des seaux me\u0301talliques de 5, 10 et 20 litres.<\/p>\n<p>Il peut se conserver plusieurs anne\u0301es dans de bonnes conditions de stockage : seau ferme\u0301 a\u0300 l\u2019abri du gel.<\/p>\n<p><strong>Les + du produit\u00a0:\u00a0<\/strong><\/p>\n<ul>\n<li>convient pour une utilisation en exte\u0301rieur<\/li>\n<li>pre\u0302t a\u0300 l&#8217;emploi<\/li>\n<li>100% naturel<\/li>\n<li>conservation illimit\u00e9e<\/li>\n<\/ul>\n<p><a href=\"https:\/\/maisonecodistribution.com\/eboutique\/wp-content\/uploads\/2020\/05\/Nuancier-Pozzo-Nuovo-2022.pdf\" target=\"_blank\" rel=\"noopener\">T\u00e9l\u00e9chargez le nuancier<\/a><\/p>\n<p>N\u2019h\u00e9sitez pas \u00e0 venir au magasin pour d\u00e9couvrir de vos propres yeux nos diff\u00e9rentes couleurs.<\/p>\n<p>&nbsp;<\/p>\n<div  class='tabcontainer av-w1a2s-421fcc50b6ad35202a86b6fd3e7b11b1 top_tab  avia-builder-el-0  avia-builder-el-no-sibling '>\n<section class='av_tab_section av_tab_section av-raeuc-3ca0ff038ff76ed26b9240b8bb3516e9'  itemscope=\"itemscope\" itemtype=\"https:\/\/schema.org\/CreativeWork\" ><div id='tab-id-1-tab' class='tab active_tab' role='tab' aria-selected=\"true\" tabindex=\"0\" data-fake-id='#tab-id-1' aria-controls='tab-id-1-content'  itemprop=\"headline\" ><span class='tab_icon avia-iconfont avia-font-entypo-fontello' data-av_icon='\ue84b' data-av_iconfont='entypo-fontello' ><\/span>Fiches Techniques<\/div><div id='tab-id-1-content' class='tab_content active_tab_content' role='tabpanel' aria-labelledby='tab-id-1-tab' aria-hidden=\"false\"><div class='tab_inner_content invers-color'  itemprop=\"text\" ><div  class='avia-button-wrap av-igylo-9b7424c6969440c1793a1aa19a395be1-wrap avia-button-left  avia-builder-el-1  avia-builder-el-no-sibling '><a href='https:\/\/maisonecodistribution.com\/eboutique\/wp-content\/uploads\/2020\/05\/FT_n_21_B2C_v4.pdf'  class='avia-button av-igylo-9b7424c6969440c1793a1aa19a395be1 av-link-btn avia-icon_select-yes-left-icon avia-size-small avia-position-left av-icon-on-hover avia-color-theme-color'  target=\"_blank\"  rel=\"noopener noreferrer\"  aria-label=\"T\u00e9l\u00e9charger la fiche technique (PDF)\"><span class='avia_button_icon avia_button_icon_left avia-iconfont avia-font-entypo-fontello' data-av_icon='\ue82d' data-av_iconfont='entypo-fontello' ><\/span><span class='avia_iconbox_title' >T\u00e9l\u00e9charger la fiche technique (PDF)<\/span><\/a><\/div>\n<\/div><\/div><\/section>\n<section class='av_tab_section av_tab_section av-f3tho-673245044c8cd2155e38098f98d96955'  itemscope=\"itemscope\" itemtype=\"https:\/\/schema.org\/CreativeWork\" ><div id='tab-id-2-tab' class='tab' role='tab' aria-selected=\"false\" tabindex=\"0\" data-fake-id='#tab-id-2' aria-controls='tab-id-2-content'  itemprop=\"headline\" ><span class='tab_icon avia-iconfont avia-font-entypo-fontello' data-av_icon='\ue81f' data-av_iconfont='entypo-fontello' ><\/span>\u00c0 propos de la marque<\/div><div id='tab-id-2-content' class='tab_content' role='tabpanel' aria-labelledby='tab-id-2-tab' aria-hidden=\"true\"><div class='tab_inner_content invers-color'  itemprop=\"text\" ><p><img loading=\"lazy\" decoding=\"async\" class=\"wp-image-1037 alignleft\" src=\"https:\/\/maisonecodistribution.fr\/wp-content\/uploads\/2020\/05\/unnamed-1-300x300.jpg\" alt=\"pozzo nuovo\" width=\"124\" height=\"124\" srcset=\"https:\/\/maisonecodistribution.com\/eboutique\/wp-content\/uploads\/2020\/05\/unnamed-1-300x300.jpg 300w, https:\/\/maisonecodistribution.com\/eboutique\/wp-content\/uploads\/2020\/05\/unnamed-1-80x80.jpg 80w, https:\/\/maisonecodistribution.com\/eboutique\/wp-content\/uploads\/2020\/05\/unnamed-1-768x768.jpg 768w, https:\/\/maisonecodistribution.com\/eboutique\/wp-content\/uploads\/2020\/05\/unnamed-1-36x36.jpg 36w, https:\/\/maisonecodistribution.com\/eboutique\/wp-content\/uploads\/2020\/05\/unnamed-1-180x180.jpg 180w, https:\/\/maisonecodistribution.com\/eboutique\/wp-content\/uploads\/2020\/05\/unnamed-1-705x705.jpg 705w, https:\/\/maisonecodistribution.com\/eboutique\/wp-content\/uploads\/2020\/05\/unnamed-1-100x100.jpg 100w, https:\/\/maisonecodistribution.com\/eboutique\/wp-content\/uploads\/2020\/05\/unnamed-1-600x600.jpg 600w, https:\/\/maisonecodistribution.com\/eboutique\/wp-content\/uploads\/2020\/05\/unnamed-1.jpg 900w\" sizes=\"auto, (max-width: 124px) 100vw, 124px\" \/><a href=\"http:\/\/www.pozzonuovo.fr\/\" target=\"_blank\" rel=\"noopener noreferrer\">POZZO NUOVO<\/a> est un des rares fabricants fran\u00e7ais de chaux en p\u00e2te CL90-S. L\u2019atelier de production est install\u00e9 \u00e0 Mont\u00e9limar dans la Dr\u00f4me (Rh\u00f4ne-Alpes). Elle est enti\u00e8rement fabriqu\u00e9e et conditionn\u00e9e r\u00e9gionalement dans le quart sud-est de la France, de l\u2019extraction du calcaire jusqu\u2019au conditionnement.<\/p>\n<p>Pour ses qualit\u00e9s, la chaux POZZO NUOVO est utilis\u00e9e par des professionnels du b\u00e2timent, par des artistes pour la r\u00e9alisation et la restauration de d\u00e9cors, par des centres de formation agr\u00e9\u00e9s et reconnus.<\/p>\n<p>Sa fabrication et son conditionnement s\u2019inscrivent dans une volont\u00e9 d\u2019offrir un produit \u00e9cologique de grande qualit\u00e9. Le mode de conditionnement, r\u00e9-employable et recyclable, respecte au mieux l\u2019environnement. La chaux est pure et naturelle, sans adjuvant. La r\u00e9duction du transport pendant son \u00e9laboration est une des priorit\u00e9s de la marque.<\/p>\n<\/div><\/div><\/section>\n<section class='av_tab_section av_tab_section av-a4nn8-51255d398f2397d9e0b34ca3e4c5aa18'  itemscope=\"itemscope\" itemtype=\"https:\/\/schema.org\/CreativeWork\" ><div id='tab-id-3-tab' class='tab' role='tab' aria-selected=\"false\" tabindex=\"0\" data-fake-id='#tab-id-3' aria-controls='tab-id-3-content'  itemprop=\"headline\" ><span class='tab_icon avia-iconfont avia-font-entypo-fontello' data-av_icon='\ue817' data-av_iconfont='entypo-fontello' ><\/span>Plus d\u2019informations <\/div><div id='tab-id-3-content' class='tab_content' role='tabpanel' aria-labelledby='tab-id-3-tab' aria-hidden=\"true\"><div class='tab_inner_content invers-color'  itemprop=\"text\" ><table width=\"567\">\n<tbody>\n<tr>\n<td width=\"283\"><strong>PRODUIT<\/strong><\/td>\n<td width=\"142\">\n<p style=\"text-align: center;\"><strong>Prix HT \/ unit\u00e9<\/strong><\/p>\n<\/td>\n<td width=\"142\">\n<p style=\"text-align: center;\"><strong>Prix TTC \/ unit\u00e9<\/strong><\/p>\n<\/td>\n<\/tr>\n<tr>\n<td width=\"283\">BADIGEON \u00c0 L&rsquo;HUILE DE LIN 5 L<\/td>\n<td width=\"142\">\n<p style=\"text-align: center;\">38,98\u20ac<\/p>\n<\/td>\n<td width=\"142\">\n<p style=\"text-align: center;\">46,78 \u20ac<\/p>\n<\/td>\n<\/tr>\n<tr>\n<td width=\"283\">BADIGEON \u00c0 L&rsquo;HUILE DE LIN 10 L<\/td>\n<td width=\"142\">\n<p style=\"text-align: center;\">61,46 \u20ac<\/p>\n<\/td>\n<td width=\"142\">\n<p style=\"text-align: center;\">73,75 \u20ac<\/p>\n<\/td>\n<\/tr>\n<tr>\n<td width=\"283\">BADIGEON \u00c0 L&rsquo;HUILE DE LIN 20 L<\/td>\n<td width=\"142\">\n<p style=\"text-align: center;\">103,18\u20ac<\/p>\n<\/td>\n<td width=\"142\">\n<p style=\"text-align: center;\">123,82 \u20ac<\/p>\n<\/td>\n<\/tr>\n<\/tbody>\n<\/table>\n<\/div><\/div><\/section>\n<\/div>\n","protected":false},"excerpt":{"rendered":"<p>Ce produit est un v\u00e9ritable badigeon \u00e0 la chaux et \u00e0 l&rsquo;huile de lin, <strong>pr\u00eat \u00e0 l&#8217;emploi<\/strong>, <strong>100% naturel<\/strong> \u00e9labor\u00e9 \u00e0 base de chaux naturelle en p\u00e2te.<\/p>\n","protected":false},"featured_media":3534,"template":"","meta":[],"product_brand":[],"product_cat":[2600,18,40],"product_tag":[],"class_list":{"0":"post-1042","1":"product","2":"type-product","3":"status-publish","4":"has-post-thumbnail","6":"product_cat-pozzo-nuovo","7":"product_cat-decoration-finition","8":"product_cat-badigeons-et-enduits-chaux","10":"first","11":"instock","12":"taxable","13":"shipping-taxable","14":"purchasable","15":"product-type-variable"},"yoast_head":"<!-- This site is optimized with the Yoast SEO plugin v25.1 - https:\/\/yoast.com\/wordpress\/plugins\/seo\/ -->\n<title>BADIGEON HUILE DE LIN | Peinture \u00e9cologique | Maison \u00c9co Distribution<\/title>\n<meta name=\"description\" content=\"Ce produit est un v\u00e9ritable badigeon \u00e0 la chaux et \u00e0 l&#039;huile de lin, pr\u00eat \u00e0 l&#039;emploi, 100% naturel \u00e9labor\u00e9 \u00e0 base de chaux naturelle en p\u00e2te.\" \/>\n<meta name=\"robots\" content=\"index, follow, max-snippet:-1, max-image-preview:large, max-video-preview:-1\" \/>\n<link rel=\"canonical\" href=\"https:\/\/maisonecodistribution.com\/eboutique\/produit\/badigeon-a-lhuile-de-lin\/\" \/>\n<meta property=\"og:locale\" content=\"fr_FR\" \/>\n<meta property=\"og:type\" content=\"article\" \/>\n<meta property=\"og:title\" content=\"BADIGEON HUILE DE LIN | Peinture \u00e9cologique | Maison \u00c9co Distribution\" \/>\n<meta property=\"og:description\" content=\"Ce produit est un v\u00e9ritable badigeon \u00e0 la chaux et \u00e0 l&#039;huile de lin, pr\u00eat \u00e0 l&#039;emploi, 100% naturel \u00e9labor\u00e9 \u00e0 base de chaux naturelle en p\u00e2te.\" \/>\n<meta property=\"og:url\" content=\"https:\/\/maisonecodistribution.com\/eboutique\/produit\/badigeon-a-lhuile-de-lin\/\" \/>\n<meta property=\"og:site_name\" content=\"Maison \u00c9co Distribution\" \/>\n<meta property=\"article:publisher\" content=\"https:\/\/www.facebook.com\/maisonecodistribution\" \/>\n<meta property=\"article:modified_time\" content=\"2025-11-12T08:52:26+00:00\" \/>\n<meta property=\"og:image\" content=\"https:\/\/maisonecodistribution.com\/eboutique\/wp-content\/uploads\/2020\/05\/PN_B2C5.jpg\" \/>\n\t<meta property=\"og:image:width\" content=\"662\" \/>\n\t<meta property=\"og:image:height\" content=\"850\" \/>\n\t<meta property=\"og:image:type\" content=\"image\/jpeg\" \/>\n<meta name=\"twitter:card\" content=\"summary_large_image\" \/>\n<meta name=\"twitter:label1\" content=\"Disponibilit\u00e9\" \/>\n\t<meta name=\"twitter:data1\" content=\"En stock\" \/>\n<script type=\"application\/ld+json\" class=\"yoast-schema-graph\">{\"@context\":\"https:\/\/schema.org\",\"@graph\":[{\"@type\":[\"WebPage\",\"ItemPage\"],\"@id\":\"https:\/\/maisonecodistribution.com\/eboutique\/produit\/badigeon-a-lhuile-de-lin\/\",\"url\":\"https:\/\/maisonecodistribution.com\/eboutique\/produit\/badigeon-a-lhuile-de-lin\/\",\"name\":\"BADIGEON HUILE DE LIN | Peinture \u00e9cologique | Maison \u00c9co Distribution\",\"isPartOf\":{\"@id\":\"https:\/\/maisonecodistribution.com\/eboutique\/#website\"},\"primaryImageOfPage\":{\"@id\":\"https:\/\/maisonecodistribution.com\/eboutique\/produit\/badigeon-a-lhuile-de-lin\/#primaryimage\"},\"image\":{\"@id\":\"https:\/\/maisonecodistribution.com\/eboutique\/produit\/badigeon-a-lhuile-de-lin\/#primaryimage\"},\"thumbnailUrl\":\"https:\/\/maisonecodistribution.com\/eboutique\/wp-content\/uploads\/2020\/05\/PN_B2C5.jpg\",\"datePublished\":\"2020-05-28T15:04:04+00:00\",\"dateModified\":\"2025-11-12T08:52:26+00:00\",\"description\":\"Ce produit est un v\u00e9ritable badigeon \u00e0 la chaux et \u00e0 l'huile de lin, pr\u00eat \u00e0 l'emploi, 100% naturel \u00e9labor\u00e9 \u00e0 base de chaux naturelle en p\u00e2te.\",\"breadcrumb\":{\"@id\":\"https:\/\/maisonecodistribution.com\/eboutique\/produit\/badigeon-a-lhuile-de-lin\/#breadcrumb\"},\"inLanguage\":\"fr-FR\",\"potentialAction\":[{\"@type\":\"ReadAction\",\"target\":[\"https:\/\/maisonecodistribution.com\/eboutique\/produit\/badigeon-a-lhuile-de-lin\/\"]}]},{\"@type\":\"ImageObject\",\"inLanguage\":\"fr-FR\",\"@id\":\"https:\/\/maisonecodistribution.com\/eboutique\/produit\/badigeon-a-lhuile-de-lin\/#primaryimage\",\"url\":\"https:\/\/maisonecodistribution.com\/eboutique\/wp-content\/uploads\/2020\/05\/PN_B2C5.jpg\",\"contentUrl\":\"https:\/\/maisonecodistribution.com\/eboutique\/wp-content\/uploads\/2020\/05\/PN_B2C5.jpg\",\"width\":662,\"height\":850},{\"@type\":\"BreadcrumbList\",\"@id\":\"https:\/\/maisonecodistribution.com\/eboutique\/produit\/badigeon-a-lhuile-de-lin\/#breadcrumb\",\"itemListElement\":[{\"@type\":\"ListItem\",\"position\":1,\"name\":\"Home\",\"item\":\"https:\/\/maisonecodistribution.com\/eboutique\/\"},{\"@type\":\"ListItem\",\"position\":2,\"name\":\"CATALOGUE\",\"item\":\"https:\/\/maisonecodistribution.com\/eboutique\/catalogue\/\"},{\"@type\":\"ListItem\",\"position\":3,\"name\":\"BADIGEON \u00c0 L&rsquo;HUILE DE LIN\"}]},{\"@type\":\"WebSite\",\"@id\":\"https:\/\/maisonecodistribution.com\/eboutique\/#website\",\"url\":\"https:\/\/maisonecodistribution.com\/eboutique\/\",\"name\":\"Maison \u00c9co Distribution\",\"description\":\"Tout pour un habitat sain\",\"publisher\":{\"@id\":\"https:\/\/maisonecodistribution.com\/eboutique\/#organization\"},\"potentialAction\":[{\"@type\":\"SearchAction\",\"target\":{\"@type\":\"EntryPoint\",\"urlTemplate\":\"https:\/\/maisonecodistribution.com\/eboutique\/?s={search_term_string}\"},\"query-input\":{\"@type\":\"PropertyValueSpecification\",\"valueRequired\":true,\"valueName\":\"search_term_string\"}}],\"inLanguage\":\"fr-FR\"},{\"@type\":\"Organization\",\"@id\":\"https:\/\/maisonecodistribution.com\/eboutique\/#organization\",\"name\":\"Maison \u00c9co Distribution\",\"url\":\"https:\/\/maisonecodistribution.com\/eboutique\/\",\"logo\":{\"@type\":\"ImageObject\",\"inLanguage\":\"fr-FR\",\"@id\":\"https:\/\/maisonecodistribution.com\/eboutique\/#\/schema\/logo\/image\/\",\"url\":\"https:\/\/maisonecodistribution.com\/eboutique\/wp-content\/uploads\/2024\/07\/logo-maison-eco-1.png\",\"contentUrl\":\"https:\/\/maisonecodistribution.com\/eboutique\/wp-content\/uploads\/2024\/07\/logo-maison-eco-1.png\",\"width\":300,\"height\":321,\"caption\":\"Maison \u00c9co Distribution\"},\"image\":{\"@id\":\"https:\/\/maisonecodistribution.com\/eboutique\/#\/schema\/logo\/image\/\"},\"sameAs\":[\"https:\/\/www.facebook.com\/maisonecodistribution\"]}]}<\/script>\n<meta property=\"og:availability\" content=\"instock\" \/>\n<meta property=\"product:availability\" content=\"instock\" \/>\n<meta property=\"product:condition\" content=\"new\" \/>\n<!-- \/ Yoast SEO plugin. -->","yoast_head_json":{"title":"BADIGEON HUILE DE LIN | Peinture \u00e9cologique | Maison \u00c9co Distribution","description":"Ce produit est un v\u00e9ritable badigeon \u00e0 la chaux et \u00e0 l'huile de lin, pr\u00eat \u00e0 l'emploi, 100% naturel \u00e9labor\u00e9 \u00e0 base de chaux naturelle en p\u00e2te.","robots":{"index":"index","follow":"follow","max-snippet":"max-snippet:-1","max-image-preview":"max-image-preview:large","max-video-preview":"max-video-preview:-1"},"canonical":"https:\/\/maisonecodistribution.com\/eboutique\/produit\/badigeon-a-lhuile-de-lin\/","og_locale":"fr_FR","og_type":"article","og_title":"BADIGEON HUILE DE LIN | Peinture \u00e9cologique | Maison \u00c9co Distribution","og_description":"Ce produit est un v\u00e9ritable badigeon \u00e0 la chaux et \u00e0 l'huile de lin, pr\u00eat \u00e0 l'emploi, 100% naturel \u00e9labor\u00e9 \u00e0 base de chaux naturelle en p\u00e2te.","og_url":"https:\/\/maisonecodistribution.com\/eboutique\/produit\/badigeon-a-lhuile-de-lin\/","og_site_name":"Maison \u00c9co Distribution","article_publisher":"https:\/\/www.facebook.com\/maisonecodistribution","article_modified_time":"2025-11-12T08:52:26+00:00","og_image":[{"width":662,"height":850,"url":"https:\/\/maisonecodistribution.com\/eboutique\/wp-content\/uploads\/2020\/05\/PN_B2C5.jpg","type":"image\/jpeg"}],"twitter_card":"summary_large_image","twitter_misc":{"Disponibilit\u00e9":"En stock"},"schema":{"@context":"https:\/\/schema.org","@graph":[{"@type":["WebPage","ItemPage"],"@id":"https:\/\/maisonecodistribution.com\/eboutique\/produit\/badigeon-a-lhuile-de-lin\/","url":"https:\/\/maisonecodistribution.com\/eboutique\/produit\/badigeon-a-lhuile-de-lin\/","name":"BADIGEON HUILE DE LIN | Peinture \u00e9cologique | Maison \u00c9co Distribution","isPartOf":{"@id":"https:\/\/maisonecodistribution.com\/eboutique\/#website"},"primaryImageOfPage":{"@id":"https:\/\/maisonecodistribution.com\/eboutique\/produit\/badigeon-a-lhuile-de-lin\/#primaryimage"},"image":{"@id":"https:\/\/maisonecodistribution.com\/eboutique\/produit\/badigeon-a-lhuile-de-lin\/#primaryimage"},"thumbnailUrl":"https:\/\/maisonecodistribution.com\/eboutique\/wp-content\/uploads\/2020\/05\/PN_B2C5.jpg","datePublished":"2020-05-28T15:04:04+00:00","dateModified":"2025-11-12T08:52:26+00:00","description":"Ce produit est un v\u00e9ritable badigeon \u00e0 la chaux et \u00e0 l'huile de lin, pr\u00eat \u00e0 l'emploi, 100% naturel \u00e9labor\u00e9 \u00e0 base de chaux naturelle en p\u00e2te.","breadcrumb":{"@id":"https:\/\/maisonecodistribution.com\/eboutique\/produit\/badigeon-a-lhuile-de-lin\/#breadcrumb"},"inLanguage":"fr-FR","potentialAction":[{"@type":"ReadAction","target":["https:\/\/maisonecodistribution.com\/eboutique\/produit\/badigeon-a-lhuile-de-lin\/"]}]},{"@type":"ImageObject","inLanguage":"fr-FR","@id":"https:\/\/maisonecodistribution.com\/eboutique\/produit\/badigeon-a-lhuile-de-lin\/#primaryimage","url":"https:\/\/maisonecodistribution.com\/eboutique\/wp-content\/uploads\/2020\/05\/PN_B2C5.jpg","contentUrl":"https:\/\/maisonecodistribution.com\/eboutique\/wp-content\/uploads\/2020\/05\/PN_B2C5.jpg","width":662,"height":850},{"@type":"BreadcrumbList","@id":"https:\/\/maisonecodistribution.com\/eboutique\/produit\/badigeon-a-lhuile-de-lin\/#breadcrumb","itemListElement":[{"@type":"ListItem","position":1,"name":"Home","item":"https:\/\/maisonecodistribution.com\/eboutique\/"},{"@type":"ListItem","position":2,"name":"CATALOGUE","item":"https:\/\/maisonecodistribution.com\/eboutique\/catalogue\/"},{"@type":"ListItem","position":3,"name":"BADIGEON \u00c0 L&rsquo;HUILE DE LIN"}]},{"@type":"WebSite","@id":"https:\/\/maisonecodistribution.com\/eboutique\/#website","url":"https:\/\/maisonecodistribution.com\/eboutique\/","name":"Maison \u00c9co Distribution","description":"Tout pour un habitat sain","publisher":{"@id":"https:\/\/maisonecodistribution.com\/eboutique\/#organization"},"potentialAction":[{"@type":"SearchAction","target":{"@type":"EntryPoint","urlTemplate":"https:\/\/maisonecodistribution.com\/eboutique\/?s={search_term_string}"},"query-input":{"@type":"PropertyValueSpecification","valueRequired":true,"valueName":"search_term_string"}}],"inLanguage":"fr-FR"},{"@type":"Organization","@id":"https:\/\/maisonecodistribution.com\/eboutique\/#organization","name":"Maison \u00c9co Distribution","url":"https:\/\/maisonecodistribution.com\/eboutique\/","logo":{"@type":"ImageObject","inLanguage":"fr-FR","@id":"https:\/\/maisonecodistribution.com\/eboutique\/#\/schema\/logo\/image\/","url":"https:\/\/maisonecodistribution.com\/eboutique\/wp-content\/uploads\/2024\/07\/logo-maison-eco-1.png","contentUrl":"https:\/\/maisonecodistribution.com\/eboutique\/wp-content\/uploads\/2024\/07\/logo-maison-eco-1.png","width":300,"height":321,"caption":"Maison \u00c9co Distribution"},"image":{"@id":"https:\/\/maisonecodistribution.com\/eboutique\/#\/schema\/logo\/image\/"},"sameAs":["https:\/\/www.facebook.com\/maisonecodistribution"]}]},"og_availability":"instock","product_availability":"instock","product_condition":"new"},"_links":{"self":[{"href":"https:\/\/maisonecodistribution.com\/eboutique\/wp-json\/wp\/v2\/product\/1042","targetHints":{"allow":["GET"]}}],"collection":[{"href":"https:\/\/maisonecodistribution.com\/eboutique\/wp-json\/wp\/v2\/product"}],"about":[{"href":"https:\/\/maisonecodistribution.com\/eboutique\/wp-json\/wp\/v2\/types\/product"}],"wp:featuredmedia":[{"embeddable":true,"href":"https:\/\/maisonecodistribution.com\/eboutique\/wp-json\/wp\/v2\/media\/3534"}],"wp:attachment":[{"href":"https:\/\/maisonecodistribution.com\/eboutique\/wp-json\/wp\/v2\/media?parent=1042"}],"wp:term":[{"taxonomy":"product_brand","embeddable":true,"href":"https:\/\/maisonecodistribution.com\/eboutique\/wp-json\/wp\/v2\/product_brand?post=1042"},{"taxonomy":"product_cat","embeddable":true,"href":"https:\/\/maisonecodistribution.com\/eboutique\/wp-json\/wp\/v2\/product_cat?post=1042"},{"taxonomy":"product_tag","embeddable":true,"href":"https:\/\/maisonecodistribution.com\/eboutique\/wp-json\/wp\/v2\/product_tag?post=1042"}],"curies":[{"name":"wp","href":"https:\/\/api.w.org\/{rel}","templated":true}]}}