{"id":397,"date":"2020-04-07T19:38:37","date_gmt":"2020-04-07T17:38:37","guid":{"rendered":"https:\/\/maisonecodistribution.fr\/?page_id=397"},"modified":"2022-11-17T15:19:39","modified_gmt":"2022-11-17T14:19:39","slug":"livraison","status":"publish","type":"page","link":"https:\/\/maisonecodistribution.com\/eboutique\/livraison\/","title":{"rendered":"Livraison"},"content":{"rendered":"\n<style type=\"text\/css\" data-created_by=\"avia_inline_auto\" id=\"style-css-av-k9shtqty-9c0d346d9db901e29cc39ac010d59766\">\n.avia-section.av-k9shtqty-9c0d346d9db901e29cc39ac010d59766{\nbackground-repeat:no-repeat;\nbackground-image:url(https:\/\/maisonecodistribution.com\/eboutique\/wp-content\/uploads\/2022\/11\/PHOTO-2022-08-09-10-57-16-300x138.jpg);\nbackground-position:50% 50%;\nbackground-attachment:scroll;\n}\n<\/style>\n<div id='av_section_1'  class='avia-section av-k9shtqty-9c0d346d9db901e29cc39ac010d59766 main_color avia-section-default avia-no-border-styling  avia-builder-el-0  el_before_av_one_half  avia-builder-el-first  avia-full-stretch avia-bg-style-scroll av-minimum-height av-minimum-height-50 av-height-50  container_wrap sidebar_right'  data-section-bg-repeat='stretch' data-av_minimum_height_pc='50' data-av_min_height_opt='50'><div class='container av-section-cont-open' ><main  role=\"main\" itemprop=\"mainContentOfPage\"  class='template-page content  av-content-small alpha units'><div class='post-entry post-entry-type-page post-entry-397'><div class='entry-content-wrapper clearfix'>\n\n<style type=\"text\/css\" data-created_by=\"avia_inline_auto\" id=\"style-css-av-10u5tl-4ca04964cb9bb0adfefad3bd170c1fd7\">\n.flex_column.av-10u5tl-4ca04964cb9bb0adfefad3bd170c1fd7{\nborder-radius:0px 0px 0px 0px;\npadding:0px 0px 0px 0px;\n}\n<\/style>\n<div  class='flex_column av-10u5tl-4ca04964cb9bb0adfefad3bd170c1fd7 av_one_half  avia-builder-el-1  el_before_av_one_half  avia-builder-el-first  first flex_column_div av-zero-column-padding  '     ><style type=\"text\/css\" data-created_by=\"avia_inline_auto\" id=\"style-css-av-ka2ao4xl-c3c11de40c1ebff43e321b7375b94ef6\">\n#top .av-special-heading.av-ka2ao4xl-c3c11de40c1ebff43e321b7375b94ef6{\npadding-bottom:10px;\ncolor:#ffffff;\n}\nbody .av-special-heading.av-ka2ao4xl-c3c11de40c1ebff43e321b7375b94ef6 .av-special-heading-tag .heading-char{\nfont-size:25px;\n}\n.av-special-heading.av-ka2ao4xl-c3c11de40c1ebff43e321b7375b94ef6 .special-heading-inner-border{\nborder-color:#ffffff;\n}\n.av-special-heading.av-ka2ao4xl-c3c11de40c1ebff43e321b7375b94ef6 .av-subheading{\nfont-size:15px;\n}\n<\/style>\n<div  class='av-special-heading av-ka2ao4xl-c3c11de40c1ebff43e321b7375b94ef6 av-special-heading-h1 custom-color-heading blockquote modern-quote  avia-builder-el-2  avia-builder-el-no-sibling '><h1 class='av-special-heading-tag '  itemprop=\"headline\"  >LIVRAISON<\/h1><div class=\"special-heading-border\"><div class=\"special-heading-inner-border\"><\/div><\/div><\/div><\/div>\n<style type=\"text\/css\" data-created_by=\"avia_inline_auto\" id=\"style-css-av-w5fqx-3bbda9a91c879ac20b9860af576e36ec\">\n.flex_column.av-w5fqx-3bbda9a91c879ac20b9860af576e36ec{\nborder-radius:0px 0px 0px 0px;\npadding:0px 0px 0px 0px;\n}\n<\/style>\n<div  class='flex_column av-w5fqx-3bbda9a91c879ac20b9860af576e36ec av_one_half  avia-builder-el-3  el_after_av_one_half  avia-builder-el-last  flex_column_div av-zero-column-padding  '     ><\/div><\/div><\/div><\/main><!-- close content main element --><\/div><\/div><div id='after_section_1'  class='main_color av_default_container_wrap container_wrap sidebar_right'  ><div class='container av-section-cont-open' ><div class='template-page content  av-content-small alpha units'><div class='post-entry post-entry-type-page post-entry-397'><div class='entry-content-wrapper clearfix'>\n<style type=\"text\/css\" data-created_by=\"avia_inline_auto\" id=\"style-css-av-s77dl-ce97d159ec0b520bdf8a94a92807352f\">\n.flex_column.av-s77dl-ce97d159ec0b520bdf8a94a92807352f{\nborder-radius:0px 0px 0px 0px;\npadding:0px 0px 0px 0px;\n}\n<\/style>\n<div  class='flex_column av-s77dl-ce97d159ec0b520bdf8a94a92807352f av_one_half  avia-builder-el-4  el_after_av_section  el_before_av_one_half  avia-builder-el-first  first flex_column_div av-zero-column-padding  '     ><style type=\"text\/css\" data-created_by=\"avia_inline_auto\" id=\"style-css-av-k9shpswi-4e62429a4321b5d693623ba03d2adf80\">\n.avia-image-container.av-k9shpswi-4e62429a4321b5d693623ba03d2adf80 img.avia_image{\nbox-shadow:none;\n}\n.avia-image-container.av-k9shpswi-4e62429a4321b5d693623ba03d2adf80 .av-image-caption-overlay-center{\ncolor:#ffffff;\n}\n<\/style>\n<div  class='avia-image-container av-k9shpswi-4e62429a4321b5d693623ba03d2adf80 av-styling- avia-align-center  avia-builder-el-5  avia-builder-el-no-sibling '   itemprop=\"image\" itemscope=\"itemscope\" itemtype=\"https:\/\/schema.org\/ImageObject\" ><div class=\"avia-image-container-inner\"><div class=\"avia-image-overlay-wrap\"><img decoding=\"async\" fetchpriority=\"high\" class='wp-image-2233 avia-img-lazy-loading-not-2233 avia_image ' src=\"https:\/\/maisonecodistribution.com\/eboutique\/wp-content\/uploads\/2020\/06\/livraison-maisoneco3.jpg\" alt='' title='livraison-maisoneco3'  height=\"1000\" width=\"1000\"  itemprop=\"thumbnailUrl\" srcset=\"https:\/\/maisonecodistribution.com\/eboutique\/wp-content\/uploads\/2020\/06\/livraison-maisoneco3.jpg 1000w, https:\/\/maisonecodistribution.com\/eboutique\/wp-content\/uploads\/2020\/06\/livraison-maisoneco3-300x300.jpg 300w, https:\/\/maisonecodistribution.com\/eboutique\/wp-content\/uploads\/2020\/06\/livraison-maisoneco3-80x80.jpg 80w, https:\/\/maisonecodistribution.com\/eboutique\/wp-content\/uploads\/2020\/06\/livraison-maisoneco3-768x768.jpg 768w, https:\/\/maisonecodistribution.com\/eboutique\/wp-content\/uploads\/2020\/06\/livraison-maisoneco3-36x36.jpg 36w, https:\/\/maisonecodistribution.com\/eboutique\/wp-content\/uploads\/2020\/06\/livraison-maisoneco3-180x180.jpg 180w, https:\/\/maisonecodistribution.com\/eboutique\/wp-content\/uploads\/2020\/06\/livraison-maisoneco3-705x705.jpg 705w, https:\/\/maisonecodistribution.com\/eboutique\/wp-content\/uploads\/2020\/06\/livraison-maisoneco3-100x100.jpg 100w, https:\/\/maisonecodistribution.com\/eboutique\/wp-content\/uploads\/2020\/06\/livraison-maisoneco3-600x600.jpg 600w\" sizes=\"(max-width: 1000px) 100vw, 1000px\" \/><\/div><\/div><\/div><\/div><\/p>\n\n<style type=\"text\/css\" data-created_by=\"avia_inline_auto\" id=\"style-css-av-lo23l-e4119bd1926249fedea4c47f4e3e51f9\">\n.flex_column.av-lo23l-e4119bd1926249fedea4c47f4e3e51f9{\nborder-radius:0px 0px 0px 0px;\npadding:0px 0px 0px 0px;\n}\n<\/style>\n<div  class='flex_column av-lo23l-e4119bd1926249fedea4c47f4e3e51f9 av_one_half  avia-builder-el-6  el_after_av_one_half  el_before_av_hr  flex_column_div av-zero-column-padding  '     ><p>\n<style type=\"text\/css\" data-created_by=\"avia_inline_auto\" id=\"style-css-av-kbrq6iad-7e9cacd57b2d43c7868bf5493ef149af\">\n#top .av-special-heading.av-kbrq6iad-7e9cacd57b2d43c7868bf5493ef149af{\npadding-bottom:10px;\ncolor:#4fa463;\nfont-size:40px;\n}\nbody .av-special-heading.av-kbrq6iad-7e9cacd57b2d43c7868bf5493ef149af .av-special-heading-tag .heading-char{\nfont-size:25px;\n}\n#top #wrap_all .av-special-heading.av-kbrq6iad-7e9cacd57b2d43c7868bf5493ef149af .av-special-heading-tag{\nfont-size:40px;\n}\n.av-special-heading.av-kbrq6iad-7e9cacd57b2d43c7868bf5493ef149af .special-heading-inner-border{\nborder-color:#4fa463;\n}\n.av-special-heading.av-kbrq6iad-7e9cacd57b2d43c7868bf5493ef149af .av-subheading{\nfont-size:15px;\n}\n\n@media only screen and (min-width: 480px) and (max-width: 767px){ \n#top #wrap_all .av-special-heading.av-kbrq6iad-7e9cacd57b2d43c7868bf5493ef149af .av-special-heading-tag{\nfont-size:0.8em;\n}\n}\n\n@media only screen and (max-width: 479px){ \n#top #wrap_all .av-special-heading.av-kbrq6iad-7e9cacd57b2d43c7868bf5493ef149af .av-special-heading-tag{\nfont-size:0.8em;\n}\n}\n<\/style>\n<div  class='av-special-heading av-kbrq6iad-7e9cacd57b2d43c7868bf5493ef149af av-special-heading-h2 custom-color-heading blockquote modern-quote  avia-builder-el-7  el_before_av_textblock  avia-builder-el-first  av-inherit-size'><h2 class='av-special-heading-tag '  itemprop=\"headline\"  >Nous vous livrons sur chantier et \u00e0 domicile<\/h2><div class='av_custom_color av-subheading av-subheading_below'><p>dans tout le d\u00e9partement du Gard et d\u00e9partements limitrophes<\/p>\n<\/div><div class=\"special-heading-border\"><div class=\"special-heading-inner-border\"><\/div><\/div><\/div><br \/>\n<section  class='av_textblock_section av-k9shqpnx-e7ef0492d89daa10fe180394fbe259c4 '   itemscope=\"itemscope\" itemtype=\"https:\/\/schema.org\/CreativeWork\" ><div class='avia_textblock'  itemprop=\"text\" ><p>Que vous soyez un professionnel ou un particulier, Maison Eco Distribution effectue, sur demande, des livraisons \u00e0 domicile et sur chantier. Nous travaillons \u00e9galement avec des transporteurs pour des livraisons plus \u00e9loign\u00e9es.<\/p>\n<p><b>4 v\u00e9hicules utilitaires adapt\u00e9s \u00e0 toutes les livraisons<\/b><\/p>\n<p>Le magasin, situ\u00e9 \u00e0 Saint-Hippolyte-du Fort, dans le Gard, dispose de plusieurs v\u00e9hicules, pour r\u00e9pondre \u00e0 la diversit\u00e9 des besoins de livraison de nos clients.<\/p>\n<p><strong>La zone de livraison couvre tout le d\u00e9partement et les d\u00e9partements limitrophes (H\u00e9rault, Loz\u00e8re, Ard\u00e8che).<\/strong><\/p>\n<p>Pour conna\u00eetre les tarifs de livraison pour votre zone g\u00e9ographique, <a href=\"https:\/\/maisonecodistribution.fr\/contact\/\" target=\"_blank\" rel=\"noopener\">consultez-nous<\/a> : 04.66.77.68.81<\/p>\n<p style=\"text-align: justify;\">\n<\/div><\/section><br \/>\n<div  class='avia-button-wrap av-k9si7v8v-f20a79b14dac457bb71017359fb74f59-wrap avia-button-left  avia-builder-el-9  el_after_av_textblock  avia-builder-el-last '><a href='https:\/\/maisonecodistribution.com\/eboutique\/contact\/'  class='avia-button av-k9si7v8v-f20a79b14dac457bb71017359fb74f59 av-link-btn avia-icon_select-yes-left-icon avia-size-large avia-position-left av-icon-on-hover avia-color-theme-color-highlight'   aria-label=\"Contact\"><span class='avia_button_icon avia_button_icon_left avia-iconfont avia-font-entypo-fontello' data-av_icon='\ue805' data-av_iconfont='entypo-fontello' ><\/span><span class='avia_iconbox_title' >Contact<\/span><\/a><\/div><\/p><\/div>\n\n<style type=\"text\/css\" data-created_by=\"avia_inline_auto\" id=\"style-css-av-k9sig3e5-3967f89f395a94b4e7da049a3717d0f5\">\n#top .hr.hr-invisible.av-k9sig3e5-3967f89f395a94b4e7da049a3717d0f5{\nheight:150px;\n}\n<\/style>\n<div  class='hr av-k9sig3e5-3967f89f395a94b4e7da049a3717d0f5 hr-invisible  avia-builder-el-10  el_after_av_one_half  avia-builder-el-last '><span class='hr-inner '><span class=\"hr-inner-style\"><\/span><\/span><\/div>","protected":false},"excerpt":{"rendered":"","protected":false},"author":5,"featured_media":0,"parent":0,"menu_order":0,"comment_status":"closed","ping_status":"closed","template":"","meta":{"footnotes":""},"class_list":["post-397","page","type-page","status-publish","hentry"],"yoast_head":"<!-- This site is optimized with the Yoast SEO plugin v25.1 - https:\/\/yoast.com\/wordpress\/plugins\/seo\/ -->\n<title>Livraison | Maison \u00c9co Distribution<\/title>\n<meta name=\"description\" content=\"Maison Eco Distribution vous livre o\u00f9 que vous soyez dans les r\u00e9gions du Gard et de l\u2019H\u00e9rault, quelque soit le temps ou la saison !\" \/>\n<meta name=\"robots\" content=\"index, follow, max-snippet:-1, max-image-preview:large, max-video-preview:-1\" \/>\n<link rel=\"canonical\" href=\"https:\/\/maisonecodistribution.com\/eboutique\/livraison\/\" \/>\n<meta property=\"og:locale\" content=\"fr_FR\" \/>\n<meta property=\"og:type\" content=\"article\" \/>\n<meta property=\"og:title\" content=\"Livraison | Maison \u00c9co Distribution\" \/>\n<meta property=\"og:description\" content=\"Maison Eco Distribution vous livre o\u00f9 que vous soyez dans les r\u00e9gions du Gard et de l\u2019H\u00e9rault, quelque soit le temps ou la saison !\" \/>\n<meta property=\"og:url\" content=\"https:\/\/maisonecodistribution.com\/eboutique\/livraison\/\" \/>\n<meta property=\"og:site_name\" content=\"Maison \u00c9co Distribution\" \/>\n<meta property=\"article:publisher\" content=\"https:\/\/www.facebook.com\/maisonecodistribution\" \/>\n<meta property=\"article:modified_time\" content=\"2022-11-17T14:19:39+00:00\" \/>\n<meta name=\"twitter:card\" content=\"summary_large_image\" \/>\n<meta name=\"twitter:label1\" content=\"Dur\u00e9e de lecture estim\u00e9e\" \/>\n\t<meta name=\"twitter:data1\" content=\"3 minutes\" \/>\n<script type=\"application\/ld+json\" class=\"yoast-schema-graph\">{\"@context\":\"https:\/\/schema.org\",\"@graph\":[{\"@type\":\"WebPage\",\"@id\":\"https:\/\/maisonecodistribution.com\/eboutique\/livraison\/\",\"url\":\"https:\/\/maisonecodistribution.com\/eboutique\/livraison\/\",\"name\":\"Livraison | Maison \u00c9co Distribution\",\"isPartOf\":{\"@id\":\"https:\/\/maisonecodistribution.com\/eboutique\/#website\"},\"datePublished\":\"2020-04-07T17:38:37+00:00\",\"dateModified\":\"2022-11-17T14:19:39+00:00\",\"description\":\"Maison Eco Distribution vous livre o\u00f9 que vous soyez dans les r\u00e9gions du Gard et de l\u2019H\u00e9rault, quelque soit le temps ou la saison !\",\"breadcrumb\":{\"@id\":\"https:\/\/maisonecodistribution.com\/eboutique\/livraison\/#breadcrumb\"},\"inLanguage\":\"fr-FR\",\"potentialAction\":[{\"@type\":\"ReadAction\",\"target\":[\"https:\/\/maisonecodistribution.com\/eboutique\/livraison\/\"]}]},{\"@type\":\"BreadcrumbList\",\"@id\":\"https:\/\/maisonecodistribution.com\/eboutique\/livraison\/#breadcrumb\",\"itemListElement\":[{\"@type\":\"ListItem\",\"position\":1,\"name\":\"Home\",\"item\":\"https:\/\/maisonecodistribution.com\/eboutique\/\"},{\"@type\":\"ListItem\",\"position\":2,\"name\":\"Livraison\"}]},{\"@type\":\"WebSite\",\"@id\":\"https:\/\/maisonecodistribution.com\/eboutique\/#website\",\"url\":\"https:\/\/maisonecodistribution.com\/eboutique\/\",\"name\":\"Maison \u00c9co Distribution\",\"description\":\"Tout pour un habitat sain\",\"publisher\":{\"@id\":\"https:\/\/maisonecodistribution.com\/eboutique\/#organization\"},\"potentialAction\":[{\"@type\":\"SearchAction\",\"target\":{\"@type\":\"EntryPoint\",\"urlTemplate\":\"https:\/\/maisonecodistribution.com\/eboutique\/?s={search_term_string}\"},\"query-input\":{\"@type\":\"PropertyValueSpecification\",\"valueRequired\":true,\"valueName\":\"search_term_string\"}}],\"inLanguage\":\"fr-FR\"},{\"@type\":\"Organization\",\"@id\":\"https:\/\/maisonecodistribution.com\/eboutique\/#organization\",\"name\":\"Maison \u00c9co Distribution\",\"url\":\"https:\/\/maisonecodistribution.com\/eboutique\/\",\"logo\":{\"@type\":\"ImageObject\",\"inLanguage\":\"fr-FR\",\"@id\":\"https:\/\/maisonecodistribution.com\/eboutique\/#\/schema\/logo\/image\/\",\"url\":\"https:\/\/maisonecodistribution.com\/eboutique\/wp-content\/uploads\/2024\/07\/logo-maison-eco-1.png\",\"contentUrl\":\"https:\/\/maisonecodistribution.com\/eboutique\/wp-content\/uploads\/2024\/07\/logo-maison-eco-1.png\",\"width\":300,\"height\":321,\"caption\":\"Maison \u00c9co Distribution\"},\"image\":{\"@id\":\"https:\/\/maisonecodistribution.com\/eboutique\/#\/schema\/logo\/image\/\"},\"sameAs\":[\"https:\/\/www.facebook.com\/maisonecodistribution\"]}]}<\/script>\n<!-- \/ Yoast SEO plugin. -->","yoast_head_json":{"title":"Livraison | Maison \u00c9co Distribution","description":"Maison Eco Distribution vous livre o\u00f9 que vous soyez dans les r\u00e9gions du Gard et de l\u2019H\u00e9rault, quelque soit le temps ou la saison !","robots":{"index":"index","follow":"follow","max-snippet":"max-snippet:-1","max-image-preview":"max-image-preview:large","max-video-preview":"max-video-preview:-1"},"canonical":"https:\/\/maisonecodistribution.com\/eboutique\/livraison\/","og_locale":"fr_FR","og_type":"article","og_title":"Livraison | Maison \u00c9co Distribution","og_description":"Maison Eco Distribution vous livre o\u00f9 que vous soyez dans les r\u00e9gions du Gard et de l\u2019H\u00e9rault, quelque soit le temps ou la saison !","og_url":"https:\/\/maisonecodistribution.com\/eboutique\/livraison\/","og_site_name":"Maison \u00c9co Distribution","article_publisher":"https:\/\/www.facebook.com\/maisonecodistribution","article_modified_time":"2022-11-17T14:19:39+00:00","twitter_card":"summary_large_image","twitter_misc":{"Dur\u00e9e de lecture estim\u00e9e":"3 minutes"},"schema":{"@context":"https:\/\/schema.org","@graph":[{"@type":"WebPage","@id":"https:\/\/maisonecodistribution.com\/eboutique\/livraison\/","url":"https:\/\/maisonecodistribution.com\/eboutique\/livraison\/","name":"Livraison | Maison \u00c9co Distribution","isPartOf":{"@id":"https:\/\/maisonecodistribution.com\/eboutique\/#website"},"datePublished":"2020-04-07T17:38:37+00:00","dateModified":"2022-11-17T14:19:39+00:00","description":"Maison Eco Distribution vous livre o\u00f9 que vous soyez dans les r\u00e9gions du Gard et de l\u2019H\u00e9rault, quelque soit le temps ou la saison !","breadcrumb":{"@id":"https:\/\/maisonecodistribution.com\/eboutique\/livraison\/#breadcrumb"},"inLanguage":"fr-FR","potentialAction":[{"@type":"ReadAction","target":["https:\/\/maisonecodistribution.com\/eboutique\/livraison\/"]}]},{"@type":"BreadcrumbList","@id":"https:\/\/maisonecodistribution.com\/eboutique\/livraison\/#breadcrumb","itemListElement":[{"@type":"ListItem","position":1,"name":"Home","item":"https:\/\/maisonecodistribution.com\/eboutique\/"},{"@type":"ListItem","position":2,"name":"Livraison"}]},{"@type":"WebSite","@id":"https:\/\/maisonecodistribution.com\/eboutique\/#website","url":"https:\/\/maisonecodistribution.com\/eboutique\/","name":"Maison \u00c9co Distribution","description":"Tout pour un habitat sain","publisher":{"@id":"https:\/\/maisonecodistribution.com\/eboutique\/#organization"},"potentialAction":[{"@type":"SearchAction","target":{"@type":"EntryPoint","urlTemplate":"https:\/\/maisonecodistribution.com\/eboutique\/?s={search_term_string}"},"query-input":{"@type":"PropertyValueSpecification","valueRequired":true,"valueName":"search_term_string"}}],"inLanguage":"fr-FR"},{"@type":"Organization","@id":"https:\/\/maisonecodistribution.com\/eboutique\/#organization","name":"Maison \u00c9co Distribution","url":"https:\/\/maisonecodistribution.com\/eboutique\/","logo":{"@type":"ImageObject","inLanguage":"fr-FR","@id":"https:\/\/maisonecodistribution.com\/eboutique\/#\/schema\/logo\/image\/","url":"https:\/\/maisonecodistribution.com\/eboutique\/wp-content\/uploads\/2024\/07\/logo-maison-eco-1.png","contentUrl":"https:\/\/maisonecodistribution.com\/eboutique\/wp-content\/uploads\/2024\/07\/logo-maison-eco-1.png","width":300,"height":321,"caption":"Maison \u00c9co Distribution"},"image":{"@id":"https:\/\/maisonecodistribution.com\/eboutique\/#\/schema\/logo\/image\/"},"sameAs":["https:\/\/www.facebook.com\/maisonecodistribution"]}]}},"_links":{"self":[{"href":"https:\/\/maisonecodistribution.com\/eboutique\/wp-json\/wp\/v2\/pages\/397","targetHints":{"allow":["GET"]}}],"collection":[{"href":"https:\/\/maisonecodistribution.com\/eboutique\/wp-json\/wp\/v2\/pages"}],"about":[{"href":"https:\/\/maisonecodistribution.com\/eboutique\/wp-json\/wp\/v2\/types\/page"}],"author":[{"embeddable":true,"href":"https:\/\/maisonecodistribution.com\/eboutique\/wp-json\/wp\/v2\/users\/5"}],"replies":[{"embeddable":true,"href":"https:\/\/maisonecodistribution.com\/eboutique\/wp-json\/wp\/v2\/comments?post=397"}],"version-history":[{"count":13,"href":"https:\/\/maisonecodistribution.com\/eboutique\/wp-json\/wp\/v2\/pages\/397\/revisions"}],"predecessor-version":[{"id":3571,"href":"https:\/\/maisonecodistribution.com\/eboutique\/wp-json\/wp\/v2\/pages\/397\/revisions\/3571"}],"wp:attachment":[{"href":"https:\/\/maisonecodistribution.com\/eboutique\/wp-json\/wp\/v2\/media?parent=397"}],"curies":[{"name":"wp","href":"https:\/\/api.w.org\/{rel}","templated":true}]}}