{"id":395,"date":"2020-04-07T19:38:18","date_gmt":"2020-04-07T17:38:18","guid":{"rendered":"https:\/\/maisonecodistribution.fr\/?page_id=395"},"modified":"2022-07-21T17:25:57","modified_gmt":"2022-07-21T15:25:57","slug":"location","status":"publish","type":"page","link":"https:\/\/maisonecodistribution.com\/eboutique\/location\/","title":{"rendered":"Location"},"content":{"rendered":"\n<style type=\"text\/css\" data-created_by=\"avia_inline_auto\" id=\"style-css-av-k9shtqty-88460c61ccb43ef47fdd251ed449bcb9\">\n.avia-section.av-k9shtqty-88460c61ccb43ef47fdd251ed449bcb9{\nbackground-repeat:no-repeat;\nbackground-image:url(https:\/\/maisonecodistribution.com\/eboutique\/wp-content\/uploads\/2020\/06\/Location-de-mate\u0301riel.jpg);\nbackground-position:50% 50%;\nbackground-attachment:scroll;\n}\n<\/style>\n<div id='av_section_1'  class='avia-section av-k9shtqty-88460c61ccb43ef47fdd251ed449bcb9 main_color avia-section-default avia-no-border-styling  avia-builder-el-0  el_before_av_one_half  avia-builder-el-first  avia-full-stretch avia-bg-style-scroll av-minimum-height av-minimum-height-50 av-height-50  container_wrap sidebar_right'  data-section-bg-repeat='stretch' data-av_minimum_height_pc='50' data-av_min_height_opt='50'><div class='container av-section-cont-open' ><main  role=\"main\" itemprop=\"mainContentOfPage\"  class='template-page content  av-content-small alpha units'><div class='post-entry post-entry-type-page post-entry-395'><div class='entry-content-wrapper clearfix'>\n\n<style type=\"text\/css\" data-created_by=\"avia_inline_auto\" id=\"style-css-av-10u5tl-4ca04964cb9bb0adfefad3bd170c1fd7\">\n.flex_column.av-10u5tl-4ca04964cb9bb0adfefad3bd170c1fd7{\nborder-radius:0px 0px 0px 0px;\npadding:0px 0px 0px 0px;\n}\n<\/style>\n<div  class='flex_column av-10u5tl-4ca04964cb9bb0adfefad3bd170c1fd7 av_one_half  avia-builder-el-1  el_before_av_one_half  avia-builder-el-first  first flex_column_div av-zero-column-padding  '     ><style type=\"text\/css\" data-created_by=\"avia_inline_auto\" id=\"style-css-av-kbi8hkkb-280174352b4ac244b1de39c048bbf796\">\n#top .av-special-heading.av-kbi8hkkb-280174352b4ac244b1de39c048bbf796{\npadding-bottom:10px;\ncolor:#ffffff;\n}\nbody .av-special-heading.av-kbi8hkkb-280174352b4ac244b1de39c048bbf796 .av-special-heading-tag .heading-char{\nfont-size:25px;\n}\n.av-special-heading.av-kbi8hkkb-280174352b4ac244b1de39c048bbf796 .special-heading-inner-border{\nborder-color:#ffffff;\n}\n.av-special-heading.av-kbi8hkkb-280174352b4ac244b1de39c048bbf796 .av-subheading{\nfont-size:15px;\n}\n<\/style>\n<div  class='av-special-heading av-kbi8hkkb-280174352b4ac244b1de39c048bbf796 av-special-heading-h1 custom-color-heading blockquote modern-quote  avia-builder-el-2  avia-builder-el-no-sibling '><h1 class='av-special-heading-tag '  itemprop=\"headline\"  >LOCATION DE MAT\u00c9RIEL<\/h1><div class='av_custom_color av-subheading av-subheading_below'><p>Du mat\u00e9riel pro pour tous.<\/p>\n<\/div><div class=\"special-heading-border\"><div class=\"special-heading-inner-border\"><\/div><\/div><\/div><\/div>\n<style type=\"text\/css\" data-created_by=\"avia_inline_auto\" id=\"style-css-av-w5fqx-3bbda9a91c879ac20b9860af576e36ec\">\n.flex_column.av-w5fqx-3bbda9a91c879ac20b9860af576e36ec{\nborder-radius:0px 0px 0px 0px;\npadding:0px 0px 0px 0px;\n}\n<\/style>\n<div  class='flex_column av-w5fqx-3bbda9a91c879ac20b9860af576e36ec av_one_half  avia-builder-el-3  el_after_av_one_half  avia-builder-el-last  flex_column_div av-zero-column-padding  '     ><\/div>\n<\/div><\/div><\/main><!-- close content main element --><\/div><\/div><div id='after_section_1'  class='main_color av_default_container_wrap container_wrap sidebar_right'  ><div class='container av-section-cont-open' ><div class='template-page content  av-content-small alpha units'><div class='post-entry post-entry-type-page post-entry-395'><div class='entry-content-wrapper clearfix'>\n\n<style type=\"text\/css\" data-created_by=\"avia_inline_auto\" id=\"style-css-av-s77dl-ce97d159ec0b520bdf8a94a92807352f\">\n.flex_column.av-s77dl-ce97d159ec0b520bdf8a94a92807352f{\nborder-radius:0px 0px 0px 0px;\npadding:0px 0px 0px 0px;\n}\n<\/style>\n<div  class='flex_column av-s77dl-ce97d159ec0b520bdf8a94a92807352f av_one_half  avia-builder-el-4  el_after_av_section  el_before_av_one_half  avia-builder-el-first  first flex_column_div av-zero-column-padding  '     ><style type=\"text\/css\" data-created_by=\"avia_inline_auto\" id=\"style-css-av-k9shpswi-4e1bdf723c48f585a1d9e7c427646a10\">\n.avia-image-container.av-k9shpswi-4e1bdf723c48f585a1d9e7c427646a10 img.avia_image{\nbox-shadow:none;\n}\n.avia-image-container.av-k9shpswi-4e1bdf723c48f585a1d9e7c427646a10 .av-image-caption-overlay-center{\ncolor:#ffffff;\n}\n<\/style>\n<div  class='avia-image-container av-k9shpswi-4e1bdf723c48f585a1d9e7c427646a10 av-styling- avia-align-center  avia-builder-el-5  avia-builder-el-no-sibling '   itemprop=\"image\" itemscope=\"itemscope\" itemtype=\"https:\/\/schema.org\/ImageObject\" ><div class=\"avia-image-container-inner\"><div class=\"avia-image-overlay-wrap\"><img decoding=\"async\" fetchpriority=\"high\" class='wp-image-1912 avia-img-lazy-loading-not-1912 avia_image ' src=\"https:\/\/maisonecodistribution.com\/eboutique\/wp-content\/uploads\/2020\/06\/Location-de-mate\u0301riel.png\" alt='' title='Location de mate\u0301riel'  height=\"1000\" width=\"1000\"  itemprop=\"thumbnailUrl\" srcset=\"https:\/\/maisonecodistribution.com\/eboutique\/wp-content\/uploads\/2020\/06\/Location-de-mate\u0301riel.png 1000w, https:\/\/maisonecodistribution.com\/eboutique\/wp-content\/uploads\/2020\/06\/Location-de-mate\u0301riel-300x300.png 300w, https:\/\/maisonecodistribution.com\/eboutique\/wp-content\/uploads\/2020\/06\/Location-de-mate\u0301riel-80x80.png 80w, https:\/\/maisonecodistribution.com\/eboutique\/wp-content\/uploads\/2020\/06\/Location-de-mate\u0301riel-768x768.png 768w, https:\/\/maisonecodistribution.com\/eboutique\/wp-content\/uploads\/2020\/06\/Location-de-mate\u0301riel-36x36.png 36w, https:\/\/maisonecodistribution.com\/eboutique\/wp-content\/uploads\/2020\/06\/Location-de-mate\u0301riel-180x180.png 180w, https:\/\/maisonecodistribution.com\/eboutique\/wp-content\/uploads\/2020\/06\/Location-de-mate\u0301riel-705x705.png 705w, https:\/\/maisonecodistribution.com\/eboutique\/wp-content\/uploads\/2020\/06\/Location-de-mate\u0301riel-100x100.png 100w, https:\/\/maisonecodistribution.com\/eboutique\/wp-content\/uploads\/2020\/06\/Location-de-mate\u0301riel-600x600.png 600w\" sizes=\"(max-width: 1000px) 100vw, 1000px\" \/><\/div><\/div><\/div><\/div>\n\n<style type=\"text\/css\" data-created_by=\"avia_inline_auto\" id=\"style-css-av-lo23l-e4119bd1926249fedea4c47f4e3e51f9\">\n.flex_column.av-lo23l-e4119bd1926249fedea4c47f4e3e51f9{\nborder-radius:0px 0px 0px 0px;\npadding:0px 0px 0px 0px;\n}\n<\/style>\n<div  class='flex_column av-lo23l-e4119bd1926249fedea4c47f4e3e51f9 av_one_half  avia-builder-el-6  el_after_av_one_half  el_before_av_hr  flex_column_div av-zero-column-padding  '     ><p>\n<style type=\"text\/css\" data-created_by=\"avia_inline_auto\" id=\"style-css-av-kbi8oodz-c6a11f5107b2270ced61b8d7ebcc02dd\">\n#top .hr.hr-invisible.av-kbi8oodz-c6a11f5107b2270ced61b8d7ebcc02dd{\nheight:30px;\n}\n<\/style>\n<div  class='hr av-kbi8oodz-c6a11f5107b2270ced61b8d7ebcc02dd hr-invisible  avia-builder-el-7  el_before_av_heading  avia-builder-el-first '><span class='hr-inner '><span class=\"hr-inner-style\"><\/span><\/span><\/div><br \/>\n\n<style type=\"text\/css\" data-created_by=\"avia_inline_auto\" id=\"style-css-av-9a8pn-cd9bedcb955981d92d1b3453280f65c3\">\n#top .av-special-heading.av-9a8pn-cd9bedcb955981d92d1b3453280f65c3{\npadding-bottom:10px;\ncolor:#4fa463;\nfont-size:40px;\n}\nbody .av-special-heading.av-9a8pn-cd9bedcb955981d92d1b3453280f65c3 .av-special-heading-tag .heading-char{\nfont-size:25px;\n}\n#top #wrap_all .av-special-heading.av-9a8pn-cd9bedcb955981d92d1b3453280f65c3 .av-special-heading-tag{\nfont-size:40px;\n}\n.av-special-heading.av-9a8pn-cd9bedcb955981d92d1b3453280f65c3 .special-heading-inner-border{\nborder-color:#4fa463;\n}\n.av-special-heading.av-9a8pn-cd9bedcb955981d92d1b3453280f65c3 .av-subheading{\nfont-size:15px;\n}\n\n@media only screen and (min-width: 480px) and (max-width: 767px){ \n#top #wrap_all .av-special-heading.av-9a8pn-cd9bedcb955981d92d1b3453280f65c3 .av-special-heading-tag{\nfont-size:0.8em;\n}\n}\n\n@media only screen and (max-width: 479px){ \n#top #wrap_all .av-special-heading.av-9a8pn-cd9bedcb955981d92d1b3453280f65c3 .av-special-heading-tag{\nfont-size:0.8em;\n}\n}\n<\/style>\n<div  class='av-special-heading av-9a8pn-cd9bedcb955981d92d1b3453280f65c3 av-special-heading-h2 custom-color-heading blockquote modern-quote  avia-builder-el-8  el_after_av_hr  el_before_av_textblock  av-inherit-size'><h2 class='av-special-heading-tag '  itemprop=\"headline\"  >Location<\/h2><div class='av_custom_color av-subheading av-subheading_below'><p>Pour tous vos travaux, nous vous proposons un service de location de mat\u00e9riel<\/p>\n<\/div><div class=\"special-heading-border\"><div class=\"special-heading-inner-border\"><\/div><\/div><\/div><br \/>\n<section  class='av_textblock_section av-k9shqpnx-e7ef0492d89daa10fe180394fbe259c4 '   itemscope=\"itemscope\" itemtype=\"https:\/\/schema.org\/CreativeWork\" ><div class='avia_textblock'  itemprop=\"text\" ><p style=\"text-align: justify;\">\n<ul>\n<li style=\"text-align: justify;\">Electroportatif<\/li>\n<li style=\"text-align: justify;\">Cloueurs<\/li>\n<li style=\"text-align: justify;\">L\u00e8ve-plaque<\/li>\n<li style=\"text-align: justify;\">B\u00e9tonni\u00e8re<\/li>\n<li style=\"text-align: justify;\">Mat\u00e9riel de soufflage<\/li>\n<\/ul>\n<p>N\u2019h\u00e9sitez pas \u00e0 <a href=\"https:\/\/maisonecodistribution.com\/eboutique\/contact\/\">nous contacter<\/a> pour connaitre les disponibilit\u00e9s du mat\u00e9riel ou pour r\u00e9server.<\/p>\n<p style=\"text-align: justify;\">\n<\/div><\/section><br \/>\n\n<style type=\"text\/css\" data-created_by=\"avia_inline_auto\" id=\"style-css-av-kbi8oodz-c6a11f5107b2270ced61b8d7ebcc02dd\">\n#top .hr.hr-invisible.av-kbi8oodz-c6a11f5107b2270ced61b8d7ebcc02dd{\nheight:30px;\n}\n<\/style>\n<div  class='hr av-kbi8oodz-c6a11f5107b2270ced61b8d7ebcc02dd hr-invisible  avia-builder-el-10  el_after_av_textblock  avia-builder-el-last '><span class='hr-inner '><span class=\"hr-inner-style\"><\/span><\/span><\/div><\/p><\/div>\n<style type=\"text\/css\" data-created_by=\"avia_inline_auto\" id=\"style-css-av-k9sig3e5-3967f89f395a94b4e7da049a3717d0f5\">\n#top .hr.hr-invisible.av-k9sig3e5-3967f89f395a94b4e7da049a3717d0f5{\nheight:150px;\n}\n<\/style>\n<div  class='hr av-k9sig3e5-3967f89f395a94b4e7da049a3717d0f5 hr-invisible  avia-builder-el-11  el_after_av_one_half  avia-builder-el-last '><span class='hr-inner '><span class=\"hr-inner-style\"><\/span><\/span><\/div><\/p>","protected":false},"excerpt":{"rendered":"","protected":false},"author":5,"featured_media":0,"parent":0,"menu_order":0,"comment_status":"closed","ping_status":"closed","template":"","meta":{"footnotes":""},"class_list":["post-395","page","type-page","status-publish","hentry"],"yoast_head":"<!-- This site is optimized with the Yoast SEO plugin v25.1 - https:\/\/yoast.com\/wordpress\/plugins\/seo\/ -->\n<title>Location | Mat\u00e9riels \u00e9cologiques | Maison \u00c9co Distribution<\/title>\n<meta name=\"robots\" content=\"index, follow, max-snippet:-1, max-image-preview:large, max-video-preview:-1\" \/>\n<link rel=\"canonical\" href=\"https:\/\/maisonecodistribution.com\/eboutique\/location\/\" \/>\n<meta property=\"og:locale\" content=\"fr_FR\" \/>\n<meta property=\"og:type\" content=\"article\" \/>\n<meta property=\"og:title\" content=\"Location | Mat\u00e9riels \u00e9cologiques | Maison \u00c9co Distribution\" \/>\n<meta property=\"og:url\" content=\"https:\/\/maisonecodistribution.com\/eboutique\/location\/\" \/>\n<meta property=\"og:site_name\" content=\"Maison \u00c9co Distribution\" \/>\n<meta property=\"article:publisher\" content=\"https:\/\/www.facebook.com\/maisonecodistribution\" \/>\n<meta property=\"article:modified_time\" content=\"2022-07-21T15:25:57+00:00\" \/>\n<meta name=\"twitter:card\" content=\"summary_large_image\" \/>\n<meta name=\"twitter:label1\" content=\"Dur\u00e9e de lecture estim\u00e9e\" \/>\n\t<meta name=\"twitter:data1\" content=\"2 minutes\" \/>\n<script type=\"application\/ld+json\" class=\"yoast-schema-graph\">{\"@context\":\"https:\/\/schema.org\",\"@graph\":[{\"@type\":\"WebPage\",\"@id\":\"https:\/\/maisonecodistribution.com\/eboutique\/location\/\",\"url\":\"https:\/\/maisonecodistribution.com\/eboutique\/location\/\",\"name\":\"Location | Mat\u00e9riels \u00e9cologiques | Maison \u00c9co Distribution\",\"isPartOf\":{\"@id\":\"https:\/\/maisonecodistribution.com\/eboutique\/#website\"},\"datePublished\":\"2020-04-07T17:38:18+00:00\",\"dateModified\":\"2022-07-21T15:25:57+00:00\",\"breadcrumb\":{\"@id\":\"https:\/\/maisonecodistribution.com\/eboutique\/location\/#breadcrumb\"},\"inLanguage\":\"fr-FR\",\"potentialAction\":[{\"@type\":\"ReadAction\",\"target\":[\"https:\/\/maisonecodistribution.com\/eboutique\/location\/\"]}]},{\"@type\":\"BreadcrumbList\",\"@id\":\"https:\/\/maisonecodistribution.com\/eboutique\/location\/#breadcrumb\",\"itemListElement\":[{\"@type\":\"ListItem\",\"position\":1,\"name\":\"Home\",\"item\":\"https:\/\/maisonecodistribution.com\/eboutique\/\"},{\"@type\":\"ListItem\",\"position\":2,\"name\":\"Location\"}]},{\"@type\":\"WebSite\",\"@id\":\"https:\/\/maisonecodistribution.com\/eboutique\/#website\",\"url\":\"https:\/\/maisonecodistribution.com\/eboutique\/\",\"name\":\"Maison \u00c9co Distribution\",\"description\":\"Tout pour un habitat sain\",\"publisher\":{\"@id\":\"https:\/\/maisonecodistribution.com\/eboutique\/#organization\"},\"potentialAction\":[{\"@type\":\"SearchAction\",\"target\":{\"@type\":\"EntryPoint\",\"urlTemplate\":\"https:\/\/maisonecodistribution.com\/eboutique\/?s={search_term_string}\"},\"query-input\":{\"@type\":\"PropertyValueSpecification\",\"valueRequired\":true,\"valueName\":\"search_term_string\"}}],\"inLanguage\":\"fr-FR\"},{\"@type\":\"Organization\",\"@id\":\"https:\/\/maisonecodistribution.com\/eboutique\/#organization\",\"name\":\"Maison \u00c9co Distribution\",\"url\":\"https:\/\/maisonecodistribution.com\/eboutique\/\",\"logo\":{\"@type\":\"ImageObject\",\"inLanguage\":\"fr-FR\",\"@id\":\"https:\/\/maisonecodistribution.com\/eboutique\/#\/schema\/logo\/image\/\",\"url\":\"https:\/\/maisonecodistribution.com\/eboutique\/wp-content\/uploads\/2024\/07\/logo-maison-eco-1.png\",\"contentUrl\":\"https:\/\/maisonecodistribution.com\/eboutique\/wp-content\/uploads\/2024\/07\/logo-maison-eco-1.png\",\"width\":300,\"height\":321,\"caption\":\"Maison \u00c9co Distribution\"},\"image\":{\"@id\":\"https:\/\/maisonecodistribution.com\/eboutique\/#\/schema\/logo\/image\/\"},\"sameAs\":[\"https:\/\/www.facebook.com\/maisonecodistribution\"]}]}<\/script>\n<!-- \/ Yoast SEO plugin. -->","yoast_head_json":{"title":"Location | Mat\u00e9riels \u00e9cologiques | Maison \u00c9co Distribution","robots":{"index":"index","follow":"follow","max-snippet":"max-snippet:-1","max-image-preview":"max-image-preview:large","max-video-preview":"max-video-preview:-1"},"canonical":"https:\/\/maisonecodistribution.com\/eboutique\/location\/","og_locale":"fr_FR","og_type":"article","og_title":"Location | Mat\u00e9riels \u00e9cologiques | Maison \u00c9co Distribution","og_url":"https:\/\/maisonecodistribution.com\/eboutique\/location\/","og_site_name":"Maison \u00c9co Distribution","article_publisher":"https:\/\/www.facebook.com\/maisonecodistribution","article_modified_time":"2022-07-21T15:25:57+00:00","twitter_card":"summary_large_image","twitter_misc":{"Dur\u00e9e de lecture estim\u00e9e":"2 minutes"},"schema":{"@context":"https:\/\/schema.org","@graph":[{"@type":"WebPage","@id":"https:\/\/maisonecodistribution.com\/eboutique\/location\/","url":"https:\/\/maisonecodistribution.com\/eboutique\/location\/","name":"Location | Mat\u00e9riels \u00e9cologiques | Maison \u00c9co Distribution","isPartOf":{"@id":"https:\/\/maisonecodistribution.com\/eboutique\/#website"},"datePublished":"2020-04-07T17:38:18+00:00","dateModified":"2022-07-21T15:25:57+00:00","breadcrumb":{"@id":"https:\/\/maisonecodistribution.com\/eboutique\/location\/#breadcrumb"},"inLanguage":"fr-FR","potentialAction":[{"@type":"ReadAction","target":["https:\/\/maisonecodistribution.com\/eboutique\/location\/"]}]},{"@type":"BreadcrumbList","@id":"https:\/\/maisonecodistribution.com\/eboutique\/location\/#breadcrumb","itemListElement":[{"@type":"ListItem","position":1,"name":"Home","item":"https:\/\/maisonecodistribution.com\/eboutique\/"},{"@type":"ListItem","position":2,"name":"Location"}]},{"@type":"WebSite","@id":"https:\/\/maisonecodistribution.com\/eboutique\/#website","url":"https:\/\/maisonecodistribution.com\/eboutique\/","name":"Maison \u00c9co Distribution","description":"Tout pour un habitat sain","publisher":{"@id":"https:\/\/maisonecodistribution.com\/eboutique\/#organization"},"potentialAction":[{"@type":"SearchAction","target":{"@type":"EntryPoint","urlTemplate":"https:\/\/maisonecodistribution.com\/eboutique\/?s={search_term_string}"},"query-input":{"@type":"PropertyValueSpecification","valueRequired":true,"valueName":"search_term_string"}}],"inLanguage":"fr-FR"},{"@type":"Organization","@id":"https:\/\/maisonecodistribution.com\/eboutique\/#organization","name":"Maison \u00c9co Distribution","url":"https:\/\/maisonecodistribution.com\/eboutique\/","logo":{"@type":"ImageObject","inLanguage":"fr-FR","@id":"https:\/\/maisonecodistribution.com\/eboutique\/#\/schema\/logo\/image\/","url":"https:\/\/maisonecodistribution.com\/eboutique\/wp-content\/uploads\/2024\/07\/logo-maison-eco-1.png","contentUrl":"https:\/\/maisonecodistribution.com\/eboutique\/wp-content\/uploads\/2024\/07\/logo-maison-eco-1.png","width":300,"height":321,"caption":"Maison \u00c9co Distribution"},"image":{"@id":"https:\/\/maisonecodistribution.com\/eboutique\/#\/schema\/logo\/image\/"},"sameAs":["https:\/\/www.facebook.com\/maisonecodistribution"]}]}},"_links":{"self":[{"href":"https:\/\/maisonecodistribution.com\/eboutique\/wp-json\/wp\/v2\/pages\/395","targetHints":{"allow":["GET"]}}],"collection":[{"href":"https:\/\/maisonecodistribution.com\/eboutique\/wp-json\/wp\/v2\/pages"}],"about":[{"href":"https:\/\/maisonecodistribution.com\/eboutique\/wp-json\/wp\/v2\/types\/page"}],"author":[{"embeddable":true,"href":"https:\/\/maisonecodistribution.com\/eboutique\/wp-json\/wp\/v2\/users\/5"}],"replies":[{"embeddable":true,"href":"https:\/\/maisonecodistribution.com\/eboutique\/wp-json\/wp\/v2\/comments?post=395"}],"version-history":[{"count":19,"href":"https:\/\/maisonecodistribution.com\/eboutique\/wp-json\/wp\/v2\/pages\/395\/revisions"}],"predecessor-version":[{"id":3449,"href":"https:\/\/maisonecodistribution.com\/eboutique\/wp-json\/wp\/v2\/pages\/395\/revisions\/3449"}],"wp:attachment":[{"href":"https:\/\/maisonecodistribution.com\/eboutique\/wp-json\/wp\/v2\/media?parent=395"}],"curies":[{"name":"wp","href":"https:\/\/api.w.org\/{rel}","templated":true}]}}