{"id":3,"date":"2020-03-13T19:15:17","date_gmt":"2020-03-13T18:15:17","guid":{"rendered":"http:\/\/maisonecodistribution.fr\/?page_id=3"},"modified":"2020-06-08T17:30:25","modified_gmt":"2020-06-08T15:30:25","slug":"politique-de-confidentialite","status":"publish","type":"page","link":"https:\/\/maisonecodistribution.com\/eboutique\/politique-de-confidentialite\/","title":{"rendered":"Politique de confidentialit\u00e9"},"content":{"rendered":"<section  class='av_textblock_section av-kb6njf1g-6130330627daa5c3ea3d127c5021a2e4 '   itemscope=\"itemscope\" itemtype=\"https:\/\/schema.org\/CreativeWork\" ><div class='avia_textblock'  itemprop=\"text\" ><p>La pr\u00e9sente Charte vous informe sur la nature des informations personnelles collect\u00e9es \u00e0 votre sujet, sur la mani\u00e8re et la finalit\u00e9 de leur utilisation, ainsi que sur les destinataires de ces informations.<\/p>\n<p>Cette Charte s\u2019applique aux informations personnelles concernant nos clients et futurs clients (int\u00e9ress\u00e9s par un service\/produits)<\/p>\n<p>Cette Charte peut \u00eatre modifi\u00e9e, compl\u00e9t\u00e9e ou mise \u00e0 jour afin notamment de se conformer \u00e0 toute \u00e9volution l\u00e9gale, r\u00e9glementaire, jurisprudentielle et technique. Cependant, vos donn\u00e9es personnelles seront toujours trait\u00e9es conform\u00e9ment \u00e0 la politique en vigueur au moment de leur collecte, sauf si une prescription l\u00e9gale imp\u00e9rative venait \u00e0 en disposer autrement et serait d\u2019application r\u00e9troactive.<\/p>\n<p><strong>LE RESPONSABLE DE TRAITEMENT<\/strong><\/p>\n<p>Le responsable de tout traitement \u00e9voqu\u00e9 au sein de la pr\u00e9sente Charte est MAISON ECO DISTRIBUTION, PAE des batailles, avenue du Bl\u00e9riot XI &#8211; 30170, SAINT HIPPOLYTE DU FORT<\/p>\n<p><strong>LA COLLECTE DES DONN\u00c9ES<\/strong><\/p>\n<p>Les donn\u00e9es vous concernant sont collect\u00e9es directement aupr\u00e8s de vous ou aupr\u00e8s de nos partenaires, apr\u00e8s recueil de votre consentement lorsque cela est n\u00e9cessaire, dans les hypoth\u00e8ses suivantes\u00a0:<\/p>\n<ul>\n<li>Lorsque vous consultez le site internet de l\u2019\u00e9tablissement\u00a0:<\/li>\n<li>\n<ul>\n<li>Si vous acceptez les cookies<\/li>\n<li>Si vous prenez un rendez-vous<\/li>\n<li>Si vous demandez \u00e0 recevoir la newsletter<\/li>\n<li>Si vous r\u00e9alisez une commande (service\/produit) en ligne<\/li>\n<li>Si vous d\u00e9posez un avis sur une prestation<\/li>\n<\/ul>\n<\/li>\n<\/ul>\n<p><strong>LA NATURE DES DONN\u00c9ES COLLECT\u00c9ES<\/strong><\/p>\n<p>Les donn\u00e9es personnelles collect\u00e9es peuvent \u00eatre les suivantes\u00a0:<\/p>\n<ul>\n<li><strong>Coordonn\u00e9es et \u00e9tat civil\u00a0<\/strong>(exemples : nom, pr\u00e9nom, civilit\u00e9, adresse postale, num\u00e9ro de t\u00e9l\u00e9phone fixe et\/ou portable, adresse \u00e9lectronique, date de naissance).<\/li>\n<li><strong>Informations relatives \u00e0 la commande d\u2019une prestation\u00a0<\/strong>(exemples\u00a0: modalit\u00e9s de r\u00e9ception d\u2019un produit, date et heure de rendez-vous pour une prestation, informations li\u00e9es \u00e0 un compte fid\u00e9lit\u00e9 \u00e9ventuel, etc)<\/li>\n<li><strong>Informations relatives au paiement<\/strong>(exemples\u00a0: moyen de paiement utilis\u00e9, modalit\u00e9s de financement, etc)<\/li>\n<li><strong>Informations li\u00e9es au suivi de la relation client<\/strong>(exemples\u00a0: enqu\u00eate de satisfaction, conservation des r\u00e9clamations, etc).<\/li>\n<li><strong>Informations li\u00e9es \u00e0 la communication commerciale<\/strong>(ex\u00a0: choix de recevoir des offres commerciales)<\/li>\n<\/ul>\n<p><strong>FINALIT\u00c9S ET FONDEMENTS DES TRAITEMENTS.<\/strong><\/p>\n<p>L\u2019\u00e9tablissement ne recueillera vos donn\u00e9es personnelles qu\u2019en fonction d\u2019une finalit\u00e9 pr\u00e9cise, et selon un fondement sp\u00e9cifique (ex\u00e9cution d\u2019un contrat, votre consentement ou int\u00e9r\u00eat l\u00e9gitime de l\u2019\u00e9tablissement).<\/p>\n<p>En fonction de la prestation, les finalit\u00e9s et fondements sont les suivants\u00a0:<\/p>\n<p><strong>Fourniture de produits et services<\/strong><\/p>\n<p>Donn\u00e9es collect\u00e9es\u00a0: identit\u00e9, coordonn\u00e9es.<\/p>\n<p>Finalit\u00e9s\u00a0: prise en charge du client, prise de rendez-vous, r\u00e9alisation de la prestation, facturation et paiement.<\/p>\n<p>Fondement\u00a0: ex\u00e9cution contractuelle.<\/p>\n<p><strong>Service client et relation commerciale.<\/strong><\/p>\n<p>Donn\u00e9es collect\u00e9es\u00a0: identit\u00e9, coordonn\u00e9es, avis et r\u00e9clamations.<\/p>\n<p>Finalit\u00e9s\u00a0: r\u00e9ponses aux demandes de renseignements et aux r\u00e9clamations.<\/p>\n<p>Fondements\u00a0: int\u00e9r\u00eat l\u00e9gitime de l\u2019\u00e9tablissement et obligation l\u00e9gale (obligations li\u00e9es au droit de r\u00e9tractation du consommateur).<\/p>\n<p><strong>Promotions et communications.<\/strong><\/p>\n<p>Donn\u00e9es collect\u00e9es\u00a0: pr\u00e9f\u00e9rences relatives aux produits et services propos\u00e9s, pr\u00e9f\u00e9rences concernant le m\u00e9dia utilis\u00e9 pour recevoir la communication, des informations sur vos habitudes de vie.<\/p>\n<p>Finalit\u00e9s\u00a0: information du client quant aux actualit\u00e9s, nouveaux produits, offres commerciales.<\/p>\n<p>Fondement\u00a0: int\u00e9r\u00eat l\u00e9gitime de l\u2019\u00e9tablissement.<\/p>\n<p><strong>\u00c9tudes statistiques<\/strong><\/p>\n<p>Donn\u00e9es collect\u00e9es\u00a0: identit\u00e9, donn\u00e9es relatives \u00e0 la relation commerciale et notamment l\u2019utilisation des produits et services, informations sur vos habitudes de vie.<\/p>\n<p>Finalit\u00e9s\u00a0: \u00e9laboration de statistiques, communication d\u2019offres personnalis\u00e9es.<\/p>\n<p>Fondement\u00a0: int\u00e9r\u00eat l\u00e9gitime de l\u2019\u00e9tablissement.<\/p>\n<p><strong>Respect des obligations l\u00e9gales et r\u00e9glementaires<\/strong><\/p>\n<p>Donn\u00e9es\u00a0: donn\u00e9es de vos transactions, de vos paiements, votre historique de commandes et les informations li\u00e9es \u00e0 la commande<\/p>\n<p>Finalit\u00e9s\u00a0: lutte contre la fraude aux moyens de paiement.<\/p>\n<p>Fondement\u00a0: obligations l\u00e9gales de coop\u00e9rer avec les organismes de lutte contre diff\u00e9rents types de fraude.<\/p>\n<p><strong>DESTINATAIRES DES DONN\u00c9ES<\/strong><\/p>\n<p>L\u2019\u00e9tablissement est susceptible de partager vos donn\u00e9es avec des organismes autoris\u00e9.<\/p>\n<p>Ainsi, l\u2019\u00e9tablissement peut avoir recours \u00e0 des sous-traitants (toute soci\u00e9t\u00e9 amen\u00e9e \u00e0 traiter des donn\u00e9es personnelles suivant les instructions de l\u2019\u00e9tablissement) pour le traitement de vos donn\u00e9es personnelles dans la limite n\u00e9cessaire \u00e0 l\u2019accomplissement de leurs prestations (exemple\u00a0: h\u00e9berger un site, g\u00e9rer l\u2019envoi d\u2019offres promotionnelles).<\/p>\n<p>L\u2019\u00e9tablissement veille, par contrat avec le sous-traitant, au respect par celui-ci de la confidentialit\u00e9 et de la s\u00e9curit\u00e9 des donn\u00e9es personnelles qu\u2019ils re\u00e7oivent.<\/p>\n<p>Sauf dans les cas \u00e9nonc\u00e9s ci-dessus, l\u2019\u00e9tablissement s\u2019engage \u00e0 ne pas vendre, louer ou c\u00e9der vos donn\u00e9es personnelles \u00e0 des tiers sans votre consentement.<\/p>\n<p><strong>DUR\u00c9E DE CONSERVATION DES DONN\u00c9ES<\/strong><\/p>\n<p>Vos donn\u00e9es seront conserv\u00e9es en s\u00e9curit\u00e9 par l\u2019\u00e9tablissement pendant la dur\u00e9e strictement n\u00e9cessaire \u00e0 la r\u00e9alisation des finalit\u00e9s qui ont \u00e9t\u00e9 indiqu\u00e9es ci-dessus, ou pendant la dur\u00e9e de conservation minimale pr\u00e9vue par la l\u00e9gislation applicable<\/p>\n<p>Par exemple, les donn\u00e9es li\u00e9es \u00e0 la r\u00e9alisation de la prestation seront conserv\u00e9es pendant toute la dur\u00e9e du contrat, et pendant une dur\u00e9e de 5 ans \u00e0 compter de la fin de la prestation, sauf disposition l\u00e9gale plus contraignante.<\/p>\n<p>Autre exemple\u00a0: les donn\u00e9es li\u00e9es \u00e0 l\u2019envoi d\u2019offres promotionnelles seront conserv\u00e9es 3 ans apr\u00e8s la derni\u00e8re prise de contact, sauf exercice de votre droit d\u2019opposition.<\/p>\n<p><strong>EXERCICE DE VOS DROITS<\/strong><\/p>\n<p>Vous pouvez exercer aupr\u00e8s de l\u2019\u00e9tablissement vos droits d\u2019acc\u00e8s, de rectification, d\u2019effacement, de limitation, portabilit\u00e9 de vos donn\u00e9es, d\u2019opposition aux traitements pour des motifs l\u00e9gitimes, et un droit de d\u00e9finir le sort de vos donn\u00e9es post-mortem.<\/p>\n<p>Vous pouvez exercer ces droits en vous adressant \u00e0 MAISON ECO DISTRIBUTION, PAE des batailles, avenue du Bl\u00e9riot XI &#8211; 30170, SAINT HIPPOLYTE DU FORT<\/p>\n<p>Vous pouvez \u00e9galement introduire une r\u00e9clamation directement aupr\u00e8s de la Commission Nationale de l\u2019Informatique et des Libert\u00e9s (CNIL) sur\u00a0<u><a href=\"https:\/\/www.cnil.fr\/\">https:\/\/www.cnil.fr<\/a><\/u>. Pour toute information sur la protection des donn\u00e9es personnelles, vous pouvez \u00e9galement consulter la CNIL.<\/p>\n<\/div><\/section>","protected":false},"excerpt":{"rendered":"","protected":false},"author":5,"featured_media":0,"parent":0,"menu_order":0,"comment_status":"closed","ping_status":"open","template":"","meta":{"footnotes":""},"class_list":["post-3","page","type-page","status-publish","hentry"],"yoast_head":"<!-- This site is optimized with the Yoast SEO plugin v25.1 - https:\/\/yoast.com\/wordpress\/plugins\/seo\/ -->\n<title>Politique de confidentialit\u00e9 | Maison \u00c9co Distribution<\/title>\n<meta name=\"robots\" content=\"index, follow, max-snippet:-1, max-image-preview:large, max-video-preview:-1\" \/>\n<link rel=\"canonical\" href=\"https:\/\/maisonecodistribution.com\/eboutique\/politique-de-confidentialite\/\" \/>\n<meta property=\"og:locale\" content=\"fr_FR\" \/>\n<meta property=\"og:type\" content=\"article\" \/>\n<meta property=\"og:title\" content=\"Politique de confidentialit\u00e9 | Maison \u00c9co Distribution\" \/>\n<meta property=\"og:url\" content=\"https:\/\/maisonecodistribution.com\/eboutique\/politique-de-confidentialite\/\" \/>\n<meta property=\"og:site_name\" content=\"Maison \u00c9co Distribution\" \/>\n<meta property=\"article:publisher\" content=\"https:\/\/www.facebook.com\/maisonecodistribution\" \/>\n<meta property=\"article:modified_time\" content=\"2020-06-08T15:30:25+00:00\" \/>\n<meta name=\"twitter:card\" content=\"summary_large_image\" \/>\n<meta name=\"twitter:label1\" content=\"Dur\u00e9e de lecture estim\u00e9e\" \/>\n\t<meta name=\"twitter:data1\" content=\"5 minutes\" \/>\n<script type=\"application\/ld+json\" class=\"yoast-schema-graph\">{\"@context\":\"https:\/\/schema.org\",\"@graph\":[{\"@type\":\"WebPage\",\"@id\":\"https:\/\/maisonecodistribution.com\/eboutique\/politique-de-confidentialite\/\",\"url\":\"https:\/\/maisonecodistribution.com\/eboutique\/politique-de-confidentialite\/\",\"name\":\"Politique de confidentialit\u00e9 | Maison \u00c9co Distribution\",\"isPartOf\":{\"@id\":\"https:\/\/maisonecodistribution.com\/eboutique\/#website\"},\"datePublished\":\"2020-03-13T18:15:17+00:00\",\"dateModified\":\"2020-06-08T15:30:25+00:00\",\"breadcrumb\":{\"@id\":\"https:\/\/maisonecodistribution.com\/eboutique\/politique-de-confidentialite\/#breadcrumb\"},\"inLanguage\":\"fr-FR\",\"potentialAction\":[{\"@type\":\"ReadAction\",\"target\":[\"https:\/\/maisonecodistribution.com\/eboutique\/politique-de-confidentialite\/\"]}]},{\"@type\":\"BreadcrumbList\",\"@id\":\"https:\/\/maisonecodistribution.com\/eboutique\/politique-de-confidentialite\/#breadcrumb\",\"itemListElement\":[{\"@type\":\"ListItem\",\"position\":1,\"name\":\"Home\",\"item\":\"https:\/\/maisonecodistribution.com\/eboutique\/\"},{\"@type\":\"ListItem\",\"position\":2,\"name\":\"Politique de confidentialit\u00e9\"}]},{\"@type\":\"WebSite\",\"@id\":\"https:\/\/maisonecodistribution.com\/eboutique\/#website\",\"url\":\"https:\/\/maisonecodistribution.com\/eboutique\/\",\"name\":\"Maison \u00c9co Distribution\",\"description\":\"Tout pour un habitat sain\",\"publisher\":{\"@id\":\"https:\/\/maisonecodistribution.com\/eboutique\/#organization\"},\"potentialAction\":[{\"@type\":\"SearchAction\",\"target\":{\"@type\":\"EntryPoint\",\"urlTemplate\":\"https:\/\/maisonecodistribution.com\/eboutique\/?s={search_term_string}\"},\"query-input\":{\"@type\":\"PropertyValueSpecification\",\"valueRequired\":true,\"valueName\":\"search_term_string\"}}],\"inLanguage\":\"fr-FR\"},{\"@type\":\"Organization\",\"@id\":\"https:\/\/maisonecodistribution.com\/eboutique\/#organization\",\"name\":\"Maison \u00c9co Distribution\",\"url\":\"https:\/\/maisonecodistribution.com\/eboutique\/\",\"logo\":{\"@type\":\"ImageObject\",\"inLanguage\":\"fr-FR\",\"@id\":\"https:\/\/maisonecodistribution.com\/eboutique\/#\/schema\/logo\/image\/\",\"url\":\"https:\/\/maisonecodistribution.com\/eboutique\/wp-content\/uploads\/2024\/07\/logo-maison-eco-1.png\",\"contentUrl\":\"https:\/\/maisonecodistribution.com\/eboutique\/wp-content\/uploads\/2024\/07\/logo-maison-eco-1.png\",\"width\":300,\"height\":321,\"caption\":\"Maison \u00c9co Distribution\"},\"image\":{\"@id\":\"https:\/\/maisonecodistribution.com\/eboutique\/#\/schema\/logo\/image\/\"},\"sameAs\":[\"https:\/\/www.facebook.com\/maisonecodistribution\"]}]}<\/script>\n<!-- \/ Yoast SEO plugin. -->","yoast_head_json":{"title":"Politique de confidentialit\u00e9 | Maison \u00c9co Distribution","robots":{"index":"index","follow":"follow","max-snippet":"max-snippet:-1","max-image-preview":"max-image-preview:large","max-video-preview":"max-video-preview:-1"},"canonical":"https:\/\/maisonecodistribution.com\/eboutique\/politique-de-confidentialite\/","og_locale":"fr_FR","og_type":"article","og_title":"Politique de confidentialit\u00e9 | Maison \u00c9co Distribution","og_url":"https:\/\/maisonecodistribution.com\/eboutique\/politique-de-confidentialite\/","og_site_name":"Maison \u00c9co Distribution","article_publisher":"https:\/\/www.facebook.com\/maisonecodistribution","article_modified_time":"2020-06-08T15:30:25+00:00","twitter_card":"summary_large_image","twitter_misc":{"Dur\u00e9e de lecture estim\u00e9e":"5 minutes"},"schema":{"@context":"https:\/\/schema.org","@graph":[{"@type":"WebPage","@id":"https:\/\/maisonecodistribution.com\/eboutique\/politique-de-confidentialite\/","url":"https:\/\/maisonecodistribution.com\/eboutique\/politique-de-confidentialite\/","name":"Politique de confidentialit\u00e9 | Maison \u00c9co Distribution","isPartOf":{"@id":"https:\/\/maisonecodistribution.com\/eboutique\/#website"},"datePublished":"2020-03-13T18:15:17+00:00","dateModified":"2020-06-08T15:30:25+00:00","breadcrumb":{"@id":"https:\/\/maisonecodistribution.com\/eboutique\/politique-de-confidentialite\/#breadcrumb"},"inLanguage":"fr-FR","potentialAction":[{"@type":"ReadAction","target":["https:\/\/maisonecodistribution.com\/eboutique\/politique-de-confidentialite\/"]}]},{"@type":"BreadcrumbList","@id":"https:\/\/maisonecodistribution.com\/eboutique\/politique-de-confidentialite\/#breadcrumb","itemListElement":[{"@type":"ListItem","position":1,"name":"Home","item":"https:\/\/maisonecodistribution.com\/eboutique\/"},{"@type":"ListItem","position":2,"name":"Politique de confidentialit\u00e9"}]},{"@type":"WebSite","@id":"https:\/\/maisonecodistribution.com\/eboutique\/#website","url":"https:\/\/maisonecodistribution.com\/eboutique\/","name":"Maison \u00c9co Distribution","description":"Tout pour un habitat sain","publisher":{"@id":"https:\/\/maisonecodistribution.com\/eboutique\/#organization"},"potentialAction":[{"@type":"SearchAction","target":{"@type":"EntryPoint","urlTemplate":"https:\/\/maisonecodistribution.com\/eboutique\/?s={search_term_string}"},"query-input":{"@type":"PropertyValueSpecification","valueRequired":true,"valueName":"search_term_string"}}],"inLanguage":"fr-FR"},{"@type":"Organization","@id":"https:\/\/maisonecodistribution.com\/eboutique\/#organization","name":"Maison \u00c9co Distribution","url":"https:\/\/maisonecodistribution.com\/eboutique\/","logo":{"@type":"ImageObject","inLanguage":"fr-FR","@id":"https:\/\/maisonecodistribution.com\/eboutique\/#\/schema\/logo\/image\/","url":"https:\/\/maisonecodistribution.com\/eboutique\/wp-content\/uploads\/2024\/07\/logo-maison-eco-1.png","contentUrl":"https:\/\/maisonecodistribution.com\/eboutique\/wp-content\/uploads\/2024\/07\/logo-maison-eco-1.png","width":300,"height":321,"caption":"Maison \u00c9co Distribution"},"image":{"@id":"https:\/\/maisonecodistribution.com\/eboutique\/#\/schema\/logo\/image\/"},"sameAs":["https:\/\/www.facebook.com\/maisonecodistribution"]}]}},"_links":{"self":[{"href":"https:\/\/maisonecodistribution.com\/eboutique\/wp-json\/wp\/v2\/pages\/3","targetHints":{"allow":["GET"]}}],"collection":[{"href":"https:\/\/maisonecodistribution.com\/eboutique\/wp-json\/wp\/v2\/pages"}],"about":[{"href":"https:\/\/maisonecodistribution.com\/eboutique\/wp-json\/wp\/v2\/types\/page"}],"author":[{"embeddable":true,"href":"https:\/\/maisonecodistribution.com\/eboutique\/wp-json\/wp\/v2\/users\/5"}],"replies":[{"embeddable":true,"href":"https:\/\/maisonecodistribution.com\/eboutique\/wp-json\/wp\/v2\/comments?post=3"}],"version-history":[{"count":2,"href":"https:\/\/maisonecodistribution.com\/eboutique\/wp-json\/wp\/v2\/pages\/3\/revisions"}],"predecessor-version":[{"id":1489,"href":"https:\/\/maisonecodistribution.com\/eboutique\/wp-json\/wp\/v2\/pages\/3\/revisions\/1489"}],"wp:attachment":[{"href":"https:\/\/maisonecodistribution.com\/eboutique\/wp-json\/wp\/v2\/media?parent=3"}],"curies":[{"name":"wp","href":"https:\/\/api.w.org\/{rel}","templated":true}]}}